{"id":29283,"date":"2026-01-09T14:14:33","date_gmt":"2026-01-09T12:14:33","guid":{"rendered":"https:\/\/crochetts.com\/tienda\/doudou-ourson-bleu\/"},"modified":"2026-01-15T14:54:44","modified_gmt":"2026-01-15T12:54:44","slug":"doudou-ourson-bleu","status":"publish","type":"product","link":"https:\/\/crochetts.com\/fr\/tienda\/doudou-ourson-bleu\/","title":{"rendered":"DOUDOU OURSON BLEU"},"content":{"rendered":"<p style=\"text-align: justify;\">Tous nos <strong>doudous et peluches pour b\u00e9b\u00e9s <\/strong>sont con\u00e7us pour les <strong>plus jeunes<\/strong> membres de la famille.<\/p>\n<p style=\"text-align: justify;\">Ils constituent un \u00e9l\u00e9ment <strong>essentiel<\/strong> pour encourager l&rsquo;<strong>interaction de b\u00e9b\u00e9<\/strong> tout en explorant diff\u00e9rentes <strong>textures<\/strong>, favorisant ainsi le <strong>d\u00e9veloppement des sens<\/strong> et de la <strong>motricit\u00e9<\/strong>. Ils sont \u00e9galement un alli\u00e9 de taille dans les moments de <strong>d\u00e9tente<\/strong>, apportant <strong>calme et s\u00e9curit\u00e9<\/strong>. <\/p>\n<p style=\"text-align: justify;\">Nos <strong>produits pour b\u00e9b\u00e9s<\/strong> sont con\u00e7us avec amour, fabriqu\u00e9s dans des <strong>mat\u00e9riaux de haute qualit\u00e9<\/strong>, <strong>incroyablement doux<\/strong> et d&rsquo;une <strong>texture agr\u00e9able<\/strong> qui respecte la <strong>peau d\u00e9licate de b\u00e9b\u00e9<\/strong>- le <strong>compagnon id\u00e9al<\/strong> de votre <strong>b\u00e9b\u00e9<\/strong>! <\/p>\n","protected":false},"excerpt":{"rendered":"<p style=\"text-align: justify;\">Ce <strong>charmant doudou<\/strong> est fabriqu\u00e9 \u00e0 partir d&rsquo;une combinaison de <strong>tissu de coton doux<\/strong> \u00e0 l <strong>&lsquo;imprim\u00e9 vichy<\/strong> et d&rsquo;un support <strong>en polaire<\/strong>, <strong>chaud et moelleux<\/strong>. Tous les <strong>mat\u00e9riaux<\/strong> sont <strong>doux, durables<\/strong> et <strong>adapt\u00e9s \u00e0 un usage quotidien<\/strong>. <\/p>\n<p style=\"text-align: justify;\">Cet <strong>ours en peluche<\/strong> aux <strong>lignes simples<\/strong> et <strong>expressives<\/strong> se distingue par son <strong>style minimaliste<\/strong> et <strong>d\u00e9licat<\/strong>. Sa <strong>couleur bleue <\/strong>apporte de la <strong>s\u00e9r\u00e9nit\u00e9<\/strong> et s&rsquo;associe parfaitement \u00e0 la <strong>texture duveteuse<\/strong> du verso. Le m\u00e9lange de <strong>tissu et de peau de mouton<\/strong> cr\u00e9e un <strong>design attrayant et sensoriel<\/strong> qui invite au <strong>toucher<\/strong>, id\u00e9al pour les <strong>b\u00e9b\u00e9s et les enfants<\/strong> en qu\u00eate de <strong>douceur et de chaleur<\/strong>.  <\/p>\n<p style=\"text-align: justify;\">Il est parfait comme <strong>jouet d&rsquo;attachement<\/strong> et accompagnera <strong>b\u00e9b\u00e9<\/strong> dans ses habitudes : <strong>sommeil, d\u00e9tente, jeu ou voyage<\/strong>. Son <strong>format l\u00e9ger et plat<\/strong> permet \u00e0 l&rsquo;enfant de <strong>le prendre dans ses bras, de le manipuler et de le transporter<\/strong> confortablement. <\/p>\n<p style=\"text-align: justify;\">C&rsquo;est un <strong>compagnon r\u00e9confortant<\/strong> qui apporte une <strong>s\u00e9curit\u00e9 \u00e9motionnelle<\/strong> et devient <strong>indispensable<\/strong> au cours des <strong>premiers mois et des premi\u00e8res ann\u00e9es de la vie<\/strong>.<\/p>\n<p>Disponible dans d&rsquo;autres couleurs.<\/p>\n","protected":false},"featured_media":29193,"template":"","meta":{"_acf_changed":false,"_joinchat":[]},"product_brand":[],"product_cat":[5950,5932],"product_tag":[5935,4794,5934,5936,5933,7849,4793,7844,7866,7865,5937,7873,7851],"class_list":{"0":"post-29283","1":"product","2":"type-product","3":"status-publish","4":"has-post-thumbnail","6":"product_cat-bebe-2","7":"product_cat-bebe","8":"product_tag-100-coton-naturel","9":"product_tag-bebe-ours-en-peluche","10":"product_tag-coton-hypoallergenique-doudou","11":"product_tag-developpement-du-bebe","12":"product_tag-doudou","13":"product_tag-jouet-dattachement","14":"product_tag-ours-en-peluche","15":"product_tag-ours-en-peluche-3","16":"product_tag-ours-en-peluche-classique-3","17":"product_tag-ours-en-peluche-pour-bebe","18":"product_tag-ourson-en-coton-pour-bebe","19":"product_tag-premier-doudou-2","20":"product_tag-teddy-bandito","21":"entry","23":"first","24":"onbackorder","25":"purchasable","26":"product-type-simple"},"acf":[],"yoast_head":"<!-- This site is optimized with the Yoast SEO Premium plugin v26.1 (Yoast SEO v27.3) - https:\/\/yoast.com\/product\/yoast-seo-premium-wordpress\/ -->\n<title>DOUDOU OURSON BLEU - Crochetts<\/title>\n<meta name=\"description\" content=\"D\u00e9couvrez le doudou au crochet, hypoallerg\u00e9nique et tr\u00e8s doux au toucher. Le premier doudou de votre enfant. Id\u00e9al pour offrir ou d\u00e9corer.\" \/>\n<meta name=\"robots\" content=\"index, follow, max-snippet:-1, max-image-preview:large, max-video-preview:-1\" \/>\n<link rel=\"canonical\" href=\"https:\/\/crochetts.com\/fr\/tienda\/doudou-ourson-bleu\/\" \/>\n<meta property=\"og:locale\" content=\"fr_FR\" \/>\n<meta property=\"og:type\" content=\"article\" \/>\n<meta property=\"og:title\" content=\"DOUDOU OURSON BLEU\" \/>\n<meta property=\"og:description\" content=\"Ce charmant doudou est fabriqu\u00e9 \u00e0 partir d&#039;une combinaison de tissu de coton doux \u00e0 l &#039;imprim\u00e9 vichy et d&#039;un support en polaire, chaud et moelleux. Tous les mat\u00e9riaux sont doux, durables et adapt\u00e9s \u00e0 un usage quotidien. Cet ours en peluche aux lignes simples et expressives se distingue par son style minimaliste et d\u00e9licat. Sa couleur bleue apporte de la s\u00e9r\u00e9nit\u00e9 et s&#039;associe parfaitement \u00e0 la texture duveteuse du verso. Le m\u00e9lange de tissu et de peau de mouton cr\u00e9e un design attrayant et sensoriel qui invite au toucher, id\u00e9al pour les b\u00e9b\u00e9s et les enfants en qu\u00eate de douceur et de chaleur.  Il est parfait comme jouet d&#039;attachement et accompagnera b\u00e9b\u00e9 dans ses habitudes : sommeil, d\u00e9tente, jeu ou voyage. Son format l\u00e9ger et plat permet \u00e0 l&#039;enfant de le prendre dans ses bras, de le manipuler et de le transporter confortablement. C&#039;est un compagnon r\u00e9confortant qui apporte une s\u00e9curit\u00e9 \u00e9motionnelle et devient indispensable au cours des premiers mois et des premi\u00e8res ann\u00e9es de la vie. Disponible dans d&#039;autres couleurs.\" \/>\n<meta property=\"og:url\" content=\"https:\/\/crochetts.com\/fr\/tienda\/doudou-ourson-bleu\/\" \/>\n<meta property=\"og:site_name\" content=\"Crochetts\" \/>\n<meta property=\"article:publisher\" content=\"https:\/\/www.facebook.com\/Crochetts-101964178013493\" \/>\n<meta property=\"article:modified_time\" content=\"2026-01-15T12:54:44+00:00\" \/>\n<meta property=\"og:image\" content=\"https:\/\/crochetts.com\/wp-content\/uploads\/2026\/01\/4033_D-1.jpg\" \/>\n\t<meta property=\"og:image:width\" content=\"800\" \/>\n\t<meta property=\"og:image:height\" content=\"1202\" \/>\n\t<meta property=\"og:image:type\" content=\"image\/jpeg\" \/>\n<meta name=\"twitter:card\" content=\"summary_large_image\" \/>\n<meta name=\"twitter:label1\" content=\"Prix\" \/>\n\t<meta name=\"twitter:data1\" content=\"45,00&nbsp;&euro;\" \/>\n\t<meta name=\"twitter:label2\" content=\"Disponibilit\u00e9\" \/>\n\t<meta name=\"twitter:data2\" content=\"En r\u00e9assort\" \/>\n<script type=\"application\/ld+json\" class=\"yoast-schema-graph\">{\"@context\":\"https:\\\/\\\/schema.org\",\"@graph\":[{\"@type\":\"WebPage\",\"@id\":\"https:\\\/\\\/crochetts.com\\\/fr\\\/tienda\\\/doudou-ourson-bleu\\\/\",\"url\":\"https:\\\/\\\/crochetts.com\\\/fr\\\/tienda\\\/doudou-ourson-bleu\\\/\",\"name\":\"DOUDOU OURSON BLEU - Crochetts\",\"isPartOf\":{\"@id\":\"https:\\\/\\\/crochetts.com\\\/fr\\\/#website\"},\"primaryImageOfPage\":{\"@id\":\"https:\\\/\\\/crochetts.com\\\/fr\\\/tienda\\\/doudou-ourson-bleu\\\/#primaryimage\"},\"image\":{\"@id\":\"https:\\\/\\\/crochetts.com\\\/fr\\\/tienda\\\/doudou-ourson-bleu\\\/#primaryimage\"},\"thumbnailUrl\":\"https:\\\/\\\/crochetts.com\\\/wp-content\\\/uploads\\\/2026\\\/01\\\/4033_D-1.jpg\",\"datePublished\":\"2026-01-09T12:14:33+00:00\",\"dateModified\":\"2026-01-15T12:54:44+00:00\",\"description\":\"D\u00e9couvrez le doudou au crochet, hypoallerg\u00e9nique et tr\u00e8s doux au toucher. Le premier doudou de votre enfant. Id\u00e9al pour offrir ou d\u00e9corer.\",\"breadcrumb\":{\"@id\":\"https:\\\/\\\/crochetts.com\\\/fr\\\/tienda\\\/doudou-ourson-bleu\\\/#breadcrumb\"},\"inLanguage\":\"fr-FR\",\"potentialAction\":[{\"@type\":\"ReadAction\",\"target\":[\"https:\\\/\\\/crochetts.com\\\/fr\\\/tienda\\\/doudou-ourson-bleu\\\/\"]}]},{\"@type\":\"ImageObject\",\"inLanguage\":\"fr-FR\",\"@id\":\"https:\\\/\\\/crochetts.com\\\/fr\\\/tienda\\\/doudou-ourson-bleu\\\/#primaryimage\",\"url\":\"https:\\\/\\\/crochetts.com\\\/wp-content\\\/uploads\\\/2026\\\/01\\\/4033_D-1.jpg\",\"contentUrl\":\"https:\\\/\\\/crochetts.com\\\/wp-content\\\/uploads\\\/2026\\\/01\\\/4033_D-1.jpg\",\"width\":800,\"height\":1202,\"caption\":\"ours en peluche doudou\"},{\"@type\":\"BreadcrumbList\",\"@id\":\"https:\\\/\\\/crochetts.com\\\/fr\\\/tienda\\\/doudou-ourson-bleu\\\/#breadcrumb\",\"itemListElement\":[{\"@type\":\"ListItem\",\"position\":1,\"name\":\"Portada\",\"item\":\"https:\\\/\\\/crochetts.com\\\/fr\\\/accueil\\\/\"},{\"@type\":\"ListItem\",\"position\":2,\"name\":\"Boutique\",\"item\":\"https:\\\/\\\/crochetts.fr\\\/boutique\\\/\"},{\"@type\":\"ListItem\",\"position\":3,\"name\":\"DOUDOU OURSON BLEU\"}]},{\"@type\":\"WebSite\",\"@id\":\"https:\\\/\\\/crochetts.com\\\/fr\\\/#website\",\"url\":\"https:\\\/\\\/crochetts.com\\\/fr\\\/\",\"name\":\"Crochetts\",\"description\":\"ANIMALES DE CROCHET PARA JUGAR,DECORAR Y SO\u00d1AR\",\"publisher\":{\"@id\":\"https:\\\/\\\/crochetts.com\\\/fr\\\/#organization\"},\"potentialAction\":[{\"@type\":\"SearchAction\",\"target\":{\"@type\":\"EntryPoint\",\"urlTemplate\":\"https:\\\/\\\/crochetts.com\\\/fr\\\/?s={search_term_string}\"},\"query-input\":{\"@type\":\"PropertyValueSpecification\",\"valueRequired\":true,\"valueName\":\"search_term_string\"}}],\"inLanguage\":\"fr-FR\"},{\"@type\":\"Organization\",\"@id\":\"https:\\\/\\\/crochetts.com\\\/fr\\\/#organization\",\"name\":\"Crochets\",\"url\":\"https:\\\/\\\/crochetts.com\\\/fr\\\/\",\"logo\":{\"@type\":\"ImageObject\",\"inLanguage\":\"fr-FR\",\"@id\":\"https:\\\/\\\/crochetts.com\\\/fr\\\/#\\\/schema\\\/logo\\\/image\\\/\",\"url\":\"https:\\\/\\\/i2.wp.com\\\/crochetts.com\\\/wp-content\\\/uploads\\\/2021\\\/01\\\/Logo-Crochetts.jpg?fit=300%2C137&ssl=1\",\"contentUrl\":\"https:\\\/\\\/i2.wp.com\\\/crochetts.com\\\/wp-content\\\/uploads\\\/2021\\\/01\\\/Logo-Crochetts.jpg?fit=300%2C137&ssl=1\",\"width\":300,\"height\":137,\"caption\":\"Crochets\"},\"image\":{\"@id\":\"https:\\\/\\\/crochetts.com\\\/fr\\\/#\\\/schema\\\/logo\\\/image\\\/\"},\"sameAs\":[\"https:\\\/\\\/www.facebook.com\\\/Crochetts-101964178013493\",\"https:\\\/\\\/www.instagram.com\\\/crochetts_\\\/\"]}]}<\/script>\n<meta property=\"product:price:amount\" content=\"45.00\" \/>\n<meta property=\"product:price:currency\" content=\"EUR\" \/>\n<meta property=\"og:availability\" content=\"backorder\" \/>\n<meta property=\"product:availability\" content=\"available for order\" \/>\n<meta property=\"product:retailer_item_id\" content=\"4033_D\" \/>\n<meta property=\"product:condition\" content=\"new\" \/>\n<!-- \/ Yoast SEO Premium plugin. -->","yoast_head_json":{"title":"DOUDOU OURSON BLEU - Crochetts","description":"D\u00e9couvrez le doudou au crochet, hypoallerg\u00e9nique et tr\u00e8s doux au toucher. Le premier doudou de votre enfant. Id\u00e9al pour offrir ou d\u00e9corer.","robots":{"index":"index","follow":"follow","max-snippet":"max-snippet:-1","max-image-preview":"max-image-preview:large","max-video-preview":"max-video-preview:-1"},"canonical":"https:\/\/crochetts.com\/fr\/tienda\/doudou-ourson-bleu\/","og_locale":"fr_FR","og_type":"article","og_title":"DOUDOU OURSON BLEU","og_description":"Ce charmant doudou est fabriqu\u00e9 \u00e0 partir d'une combinaison de tissu de coton doux \u00e0 l 'imprim\u00e9 vichy et d'un support en polaire, chaud et moelleux. Tous les mat\u00e9riaux sont doux, durables et adapt\u00e9s \u00e0 un usage quotidien. Cet ours en peluche aux lignes simples et expressives se distingue par son style minimaliste et d\u00e9licat. Sa couleur bleue apporte de la s\u00e9r\u00e9nit\u00e9 et s'associe parfaitement \u00e0 la texture duveteuse du verso. Le m\u00e9lange de tissu et de peau de mouton cr\u00e9e un design attrayant et sensoriel qui invite au toucher, id\u00e9al pour les b\u00e9b\u00e9s et les enfants en qu\u00eate de douceur et de chaleur.  Il est parfait comme jouet d'attachement et accompagnera b\u00e9b\u00e9 dans ses habitudes : sommeil, d\u00e9tente, jeu ou voyage. Son format l\u00e9ger et plat permet \u00e0 l'enfant de le prendre dans ses bras, de le manipuler et de le transporter confortablement. C'est un compagnon r\u00e9confortant qui apporte une s\u00e9curit\u00e9 \u00e9motionnelle et devient indispensable au cours des premiers mois et des premi\u00e8res ann\u00e9es de la vie. Disponible dans d'autres couleurs.","og_url":"https:\/\/crochetts.com\/fr\/tienda\/doudou-ourson-bleu\/","og_site_name":"Crochetts","article_publisher":"https:\/\/www.facebook.com\/Crochetts-101964178013493","article_modified_time":"2026-01-15T12:54:44+00:00","og_image":[{"width":800,"height":1202,"url":"https:\/\/crochetts.com\/wp-content\/uploads\/2026\/01\/4033_D-1.jpg","type":"image\/jpeg"}],"twitter_card":"summary_large_image","twitter_misc":{"Prix":"45,00&nbsp;&euro;","Disponibilit\u00e9":"En r\u00e9assort"},"schema":{"@context":"https:\/\/schema.org","@graph":[{"@type":"WebPage","@id":"https:\/\/crochetts.com\/fr\/tienda\/doudou-ourson-bleu\/","url":"https:\/\/crochetts.com\/fr\/tienda\/doudou-ourson-bleu\/","name":"DOUDOU OURSON BLEU - Crochetts","isPartOf":{"@id":"https:\/\/crochetts.com\/fr\/#website"},"primaryImageOfPage":{"@id":"https:\/\/crochetts.com\/fr\/tienda\/doudou-ourson-bleu\/#primaryimage"},"image":{"@id":"https:\/\/crochetts.com\/fr\/tienda\/doudou-ourson-bleu\/#primaryimage"},"thumbnailUrl":"https:\/\/crochetts.com\/wp-content\/uploads\/2026\/01\/4033_D-1.jpg","datePublished":"2026-01-09T12:14:33+00:00","dateModified":"2026-01-15T12:54:44+00:00","description":"D\u00e9couvrez le doudou au crochet, hypoallerg\u00e9nique et tr\u00e8s doux au toucher. Le premier doudou de votre enfant. Id\u00e9al pour offrir ou d\u00e9corer.","breadcrumb":{"@id":"https:\/\/crochetts.com\/fr\/tienda\/doudou-ourson-bleu\/#breadcrumb"},"inLanguage":"fr-FR","potentialAction":[{"@type":"ReadAction","target":["https:\/\/crochetts.com\/fr\/tienda\/doudou-ourson-bleu\/"]}]},{"@type":"ImageObject","inLanguage":"fr-FR","@id":"https:\/\/crochetts.com\/fr\/tienda\/doudou-ourson-bleu\/#primaryimage","url":"https:\/\/crochetts.com\/wp-content\/uploads\/2026\/01\/4033_D-1.jpg","contentUrl":"https:\/\/crochetts.com\/wp-content\/uploads\/2026\/01\/4033_D-1.jpg","width":800,"height":1202,"caption":"ours en peluche doudou"},{"@type":"BreadcrumbList","@id":"https:\/\/crochetts.com\/fr\/tienda\/doudou-ourson-bleu\/#breadcrumb","itemListElement":[{"@type":"ListItem","position":1,"name":"Portada","item":"https:\/\/crochetts.com\/fr\/accueil\/"},{"@type":"ListItem","position":2,"name":"Boutique","item":"https:\/\/crochetts.fr\/boutique\/"},{"@type":"ListItem","position":3,"name":"DOUDOU OURSON BLEU"}]},{"@type":"WebSite","@id":"https:\/\/crochetts.com\/fr\/#website","url":"https:\/\/crochetts.com\/fr\/","name":"Crochetts","description":"ANIMALES DE CROCHET PARA JUGAR,DECORAR Y SO\u00d1AR","publisher":{"@id":"https:\/\/crochetts.com\/fr\/#organization"},"potentialAction":[{"@type":"SearchAction","target":{"@type":"EntryPoint","urlTemplate":"https:\/\/crochetts.com\/fr\/?s={search_term_string}"},"query-input":{"@type":"PropertyValueSpecification","valueRequired":true,"valueName":"search_term_string"}}],"inLanguage":"fr-FR"},{"@type":"Organization","@id":"https:\/\/crochetts.com\/fr\/#organization","name":"Crochets","url":"https:\/\/crochetts.com\/fr\/","logo":{"@type":"ImageObject","inLanguage":"fr-FR","@id":"https:\/\/crochetts.com\/fr\/#\/schema\/logo\/image\/","url":"https:\/\/i2.wp.com\/crochetts.com\/wp-content\/uploads\/2021\/01\/Logo-Crochetts.jpg?fit=300%2C137&ssl=1","contentUrl":"https:\/\/i2.wp.com\/crochetts.com\/wp-content\/uploads\/2021\/01\/Logo-Crochetts.jpg?fit=300%2C137&ssl=1","width":300,"height":137,"caption":"Crochets"},"image":{"@id":"https:\/\/crochetts.com\/fr\/#\/schema\/logo\/image\/"},"sameAs":["https:\/\/www.facebook.com\/Crochetts-101964178013493","https:\/\/www.instagram.com\/crochetts_\/"]}]},"product_price_amount":"45.00","product_price_currency":"EUR","og_availability":"backorder","product_availability":"available for order","product_retailer_item_id":"4033_D","product_condition":"new"},"_links":{"self":[{"href":"https:\/\/crochetts.com\/fr\/wp-json\/wp\/v2\/product\/29283","targetHints":{"allow":["GET"]}}],"collection":[{"href":"https:\/\/crochetts.com\/fr\/wp-json\/wp\/v2\/product"}],"about":[{"href":"https:\/\/crochetts.com\/fr\/wp-json\/wp\/v2\/types\/product"}],"wp:featuredmedia":[{"embeddable":true,"href":"https:\/\/crochetts.com\/fr\/wp-json\/wp\/v2\/media\/29193"}],"wp:attachment":[{"href":"https:\/\/crochetts.com\/fr\/wp-json\/wp\/v2\/media?parent=29283"}],"wp:term":[{"taxonomy":"product_brand","embeddable":true,"href":"https:\/\/crochetts.com\/fr\/wp-json\/wp\/v2\/product_brand?post=29283"},{"taxonomy":"product_cat","embeddable":true,"href":"https:\/\/crochetts.com\/fr\/wp-json\/wp\/v2\/product_cat?post=29283"},{"taxonomy":"product_tag","embeddable":true,"href":"https:\/\/crochetts.com\/fr\/wp-json\/wp\/v2\/product_tag?post=29283"}],"curies":[{"name":"wp","href":"https:\/\/api.w.org\/{rel}","templated":true}]}}