{"id":24482,"date":"2021-10-20T11:38:58","date_gmt":"2021-10-20T09:38:58","guid":{"rendered":"https:\/\/crochetts.com\/tienda\/couronne-danniversaire-renard\/"},"modified":"2025-11-21T14:29:45","modified_gmt":"2025-11-21T13:29:45","slug":"couronne-danniversaire-renard","status":"publish","type":"product","link":"https:\/\/crochetts.com\/fr\/tienda\/couronne-danniversaire-renard\/","title":{"rendered":"COURONNE D&rsquo;ANNIVERSAIRE RENARD"},"content":{"rendered":"<p><span style=\"text-align: justify;\">Notre <strong>couronne d&rsquo;anniversaire<\/strong> faite \u00e0 la main est fabriqu\u00e9e avec amour pour votre petit. Couronne d&rsquo;anniversaire <strong>en tissu<\/strong> pour c\u00e9l\u00e9brer le jour le plus sp\u00e9cial pour les enfants. <\/span><\/p>\n<p><strong><span style=\"text-align: justify;\">O<\/span><\/strong><span style=\"text-align: justify;\">riginale<strong>, amusante et joyeuse<\/strong> couronne<strong> en tissu 100 % coton,<\/strong> r\u00e9versible, rembourr\u00e9e pour plus de confort et <strong>ajustable<\/strong> par velcro. Deux couronnes en une !<\/span><\/p>\n<p>&nbsp;<\/p>\n","protected":false},"excerpt":{"rendered":"<p>Notre<strong> couronne d&rsquo;anniversaire renard<\/strong> avec <strong>pompons<\/strong> au crochet est fabriqu\u00e9e avec les meilleurs mat\u00e9riaux, des tissus <strong>100% coton<\/strong>, hypoallerg\u00e9niques et tr\u00e8s doux au toucher, elle est<strong> r\u00e9versible<\/strong> avec deux <strong>imprim\u00e9s diff\u00e9rents<\/strong>, renards et h\u00e9rissons dans des tons pastels sur fond blanc d&rsquo;un c\u00f4t\u00e9 et points blancs sur fond rose p\u00e2le de l&rsquo;autre c\u00f4t\u00e9. Il peut \u00eatre ajust\u00e9 \u00e0 la taille de la t\u00eate de l&rsquo;enfant \u00e0 l&rsquo;aide d&rsquo;une bande velcro, le<strong> num\u00e9ro en feutre<\/strong> est fix\u00e9 \u00e0 l&rsquo;aide d&rsquo;une bande velcro. La couleur des pompons peut varier en fonction de la disponibilit\u00e9.   <\/p>\n<p>&nbsp;<\/p>\n<p>&nbsp;<\/p>\n","protected":false},"featured_media":24489,"template":"","meta":{"_acf_changed":false,"_joinchat":[]},"product_brand":[],"product_cat":[5040],"product_tag":[5977,5979,5976,5978,5980,5982,5981,5975,5974],"class_list":{"0":"post-24482","1":"product","2":"type-product","3":"status-publish","4":"has-post-thumbnail","6":"product_cat-sans-categorie","7":"product_tag-serviette-a-capuche","8":"product_tag-serviette-absorbante","9":"product_tag-serviette-amusante","10":"product_tag-serviette-dinosaure","11":"product_tag-serviette-douce","12":"product_tag-serviette-elephant","13":"product_tag-serviette-lion","14":"product_tag-serviette-pour-enfant","15":"product_tag-serviettes-pour-bebes","16":"entry","18":"first","19":"outofstock","20":"taxable","21":"shipping-taxable","22":"purchasable","23":"product-type-simple"},"acf":[],"yoast_head":"<!-- This site is optimized with the Yoast SEO Premium plugin v26.1 (Yoast SEO v27.3) - https:\/\/yoast.com\/product\/yoast-seo-premium-wordpress\/ -->\n<title>COURONNE D&#039;ANNIVERSAIRE RENARD - Crochetts<\/title>\n<meta name=\"description\" content=\"Notre couronne d&#039;anniversaire faite \u00e0 la main est fabriqu\u00e9e avec amour pour votre petit. Couronne d&#039;anniversaire en tissu pour c\u00e9l\u00e9brer le jour le plus sp\u00e9cial pour les enfants.\" \/>\n<meta name=\"robots\" content=\"index, follow, max-snippet:-1, max-image-preview:large, max-video-preview:-1\" \/>\n<link rel=\"canonical\" href=\"https:\/\/crochetts.com\/fr\/tienda\/couronne-danniversaire-renard\/\" \/>\n<meta property=\"og:locale\" content=\"fr_FR\" \/>\n<meta property=\"og:type\" content=\"article\" \/>\n<meta property=\"og:title\" content=\"COURONNE D&#039;ANNIVERSAIRE RENARD\" \/>\n<meta property=\"og:description\" content=\"Notre couronne d&#039;anniversaire renard avec pompons au crochet est fabriqu\u00e9e avec les meilleurs mat\u00e9riaux, des tissus 100% coton, hypoallerg\u00e9niques et tr\u00e8s doux au toucher, elle est r\u00e9versible avec deux imprim\u00e9s diff\u00e9rents, renards et h\u00e9rissons dans des tons pastels sur fond blanc d&#039;un c\u00f4t\u00e9 et points blancs sur fond rose p\u00e2le de l&#039;autre c\u00f4t\u00e9. Il peut \u00eatre ajust\u00e9 \u00e0 la taille de la t\u00eate de l&#039;enfant \u00e0 l&#039;aide d&#039;une bande velcro, le num\u00e9ro en feutre est fix\u00e9 \u00e0 l&#039;aide d&#039;une bande velcro. La couleur des pompons peut varier en fonction de la disponibilit\u00e9.   &nbsp; &nbsp;\" \/>\n<meta property=\"og:url\" content=\"https:\/\/crochetts.com\/fr\/tienda\/couronne-danniversaire-renard\/\" \/>\n<meta property=\"og:site_name\" content=\"Crochetts\" \/>\n<meta property=\"article:publisher\" content=\"https:\/\/www.facebook.com\/Crochetts-101964178013493\" \/>\n<meta property=\"article:modified_time\" content=\"2025-11-21T13:29:45+00:00\" \/>\n<meta property=\"og:image\" content=\"https:\/\/crochetts.com\/wp-content\/uploads\/2021\/10\/COR-ZORRO-3.jpg\" \/>\n\t<meta property=\"og:image:width\" content=\"800\" \/>\n\t<meta property=\"og:image:height\" content=\"1198\" \/>\n\t<meta property=\"og:image:type\" content=\"image\/jpeg\" \/>\n<meta name=\"twitter:card\" content=\"summary_large_image\" \/>\n<meta name=\"twitter:label1\" content=\"Prix\" \/>\n\t<meta name=\"twitter:data1\" content=\"28,50&nbsp;&euro;\" \/>\n\t<meta name=\"twitter:label2\" content=\"Disponibilit\u00e9\" \/>\n\t<meta name=\"twitter:data2\" content=\"Rupture de stock\" \/>\n<script type=\"application\/ld+json\" class=\"yoast-schema-graph\">{\"@context\":\"https:\\\/\\\/schema.org\",\"@graph\":[{\"@type\":\"WebPage\",\"@id\":\"https:\\\/\\\/crochetts.com\\\/fr\\\/tienda\\\/couronne-danniversaire-renard\\\/\",\"url\":\"https:\\\/\\\/crochetts.com\\\/fr\\\/tienda\\\/couronne-danniversaire-renard\\\/\",\"name\":\"COURONNE D'ANNIVERSAIRE RENARD - Crochetts\",\"isPartOf\":{\"@id\":\"https:\\\/\\\/crochetts.com\\\/fr\\\/#website\"},\"primaryImageOfPage\":{\"@id\":\"https:\\\/\\\/crochetts.com\\\/fr\\\/tienda\\\/couronne-danniversaire-renard\\\/#primaryimage\"},\"image\":{\"@id\":\"https:\\\/\\\/crochetts.com\\\/fr\\\/tienda\\\/couronne-danniversaire-renard\\\/#primaryimage\"},\"thumbnailUrl\":\"https:\\\/\\\/crochetts.com\\\/wp-content\\\/uploads\\\/2021\\\/10\\\/COR-ZORRO-3.jpg\",\"datePublished\":\"2021-10-20T09:38:58+00:00\",\"dateModified\":\"2025-11-21T13:29:45+00:00\",\"description\":\"Notre couronne d'anniversaire faite \u00e0 la main est fabriqu\u00e9e avec amour pour votre petit. Couronne d'anniversaire en tissu pour c\u00e9l\u00e9brer le jour le plus sp\u00e9cial pour les enfants.\",\"breadcrumb\":{\"@id\":\"https:\\\/\\\/crochetts.com\\\/fr\\\/tienda\\\/couronne-danniversaire-renard\\\/#breadcrumb\"},\"inLanguage\":\"fr-FR\",\"potentialAction\":[{\"@type\":\"ReadAction\",\"target\":[\"https:\\\/\\\/crochetts.com\\\/fr\\\/tienda\\\/couronne-danniversaire-renard\\\/\"]}]},{\"@type\":\"ImageObject\",\"inLanguage\":\"fr-FR\",\"@id\":\"https:\\\/\\\/crochetts.com\\\/fr\\\/tienda\\\/couronne-danniversaire-renard\\\/#primaryimage\",\"url\":\"https:\\\/\\\/crochetts.com\\\/wp-content\\\/uploads\\\/2021\\\/10\\\/COR-ZORRO-3.jpg\",\"contentUrl\":\"https:\\\/\\\/crochetts.com\\\/wp-content\\\/uploads\\\/2021\\\/10\\\/COR-ZORRO-3.jpg\",\"width\":800,\"height\":1198,\"caption\":\"couronne au crochet\"},{\"@type\":\"BreadcrumbList\",\"@id\":\"https:\\\/\\\/crochetts.com\\\/fr\\\/tienda\\\/couronne-danniversaire-renard\\\/#breadcrumb\",\"itemListElement\":[{\"@type\":\"ListItem\",\"position\":1,\"name\":\"Portada\",\"item\":\"https:\\\/\\\/crochetts.com\\\/fr\\\/accueil\\\/\"},{\"@type\":\"ListItem\",\"position\":2,\"name\":\"Boutique\",\"item\":\"https:\\\/\\\/crochetts.fr\\\/boutique\\\/\"},{\"@type\":\"ListItem\",\"position\":3,\"name\":\"COURONNE D&#8217;ANNIVERSAIRE RENARD\"}]},{\"@type\":\"WebSite\",\"@id\":\"https:\\\/\\\/crochetts.com\\\/fr\\\/#website\",\"url\":\"https:\\\/\\\/crochetts.com\\\/fr\\\/\",\"name\":\"Crochetts\",\"description\":\"ANIMALES DE CROCHET PARA JUGAR,DECORAR Y SO\u00d1AR\",\"publisher\":{\"@id\":\"https:\\\/\\\/crochetts.com\\\/fr\\\/#organization\"},\"potentialAction\":[{\"@type\":\"SearchAction\",\"target\":{\"@type\":\"EntryPoint\",\"urlTemplate\":\"https:\\\/\\\/crochetts.com\\\/fr\\\/?s={search_term_string}\"},\"query-input\":{\"@type\":\"PropertyValueSpecification\",\"valueRequired\":true,\"valueName\":\"search_term_string\"}}],\"inLanguage\":\"fr-FR\"},{\"@type\":\"Organization\",\"@id\":\"https:\\\/\\\/crochetts.com\\\/fr\\\/#organization\",\"name\":\"Crochets\",\"url\":\"https:\\\/\\\/crochetts.com\\\/fr\\\/\",\"logo\":{\"@type\":\"ImageObject\",\"inLanguage\":\"fr-FR\",\"@id\":\"https:\\\/\\\/crochetts.com\\\/fr\\\/#\\\/schema\\\/logo\\\/image\\\/\",\"url\":\"https:\\\/\\\/i2.wp.com\\\/crochetts.com\\\/wp-content\\\/uploads\\\/2021\\\/01\\\/Logo-Crochetts.jpg?fit=300%2C137&ssl=1\",\"contentUrl\":\"https:\\\/\\\/i2.wp.com\\\/crochetts.com\\\/wp-content\\\/uploads\\\/2021\\\/01\\\/Logo-Crochetts.jpg?fit=300%2C137&ssl=1\",\"width\":300,\"height\":137,\"caption\":\"Crochets\"},\"image\":{\"@id\":\"https:\\\/\\\/crochetts.com\\\/fr\\\/#\\\/schema\\\/logo\\\/image\\\/\"},\"sameAs\":[\"https:\\\/\\\/www.facebook.com\\\/Crochetts-101964178013493\",\"https:\\\/\\\/www.instagram.com\\\/crochetts_\\\/\"]}]}<\/script>\n<meta property=\"product:price:amount\" content=\"28.50\" \/>\n<meta property=\"product:price:currency\" content=\"EUR\" \/>\n<meta property=\"og:availability\" content=\"out of stock\" \/>\n<meta property=\"product:availability\" content=\"out of stock\" \/>\n<meta property=\"product:retailer_item_id\" content=\"COR-ZORRO\" \/>\n<meta property=\"product:condition\" content=\"new\" \/>\n<!-- \/ Yoast SEO Premium plugin. -->","yoast_head_json":{"title":"COURONNE D'ANNIVERSAIRE RENARD - Crochetts","description":"Notre couronne d'anniversaire faite \u00e0 la main est fabriqu\u00e9e avec amour pour votre petit. Couronne d'anniversaire en tissu pour c\u00e9l\u00e9brer le jour le plus sp\u00e9cial pour les enfants.","robots":{"index":"index","follow":"follow","max-snippet":"max-snippet:-1","max-image-preview":"max-image-preview:large","max-video-preview":"max-video-preview:-1"},"canonical":"https:\/\/crochetts.com\/fr\/tienda\/couronne-danniversaire-renard\/","og_locale":"fr_FR","og_type":"article","og_title":"COURONNE D'ANNIVERSAIRE RENARD","og_description":"Notre couronne d'anniversaire renard avec pompons au crochet est fabriqu\u00e9e avec les meilleurs mat\u00e9riaux, des tissus 100% coton, hypoallerg\u00e9niques et tr\u00e8s doux au toucher, elle est r\u00e9versible avec deux imprim\u00e9s diff\u00e9rents, renards et h\u00e9rissons dans des tons pastels sur fond blanc d'un c\u00f4t\u00e9 et points blancs sur fond rose p\u00e2le de l'autre c\u00f4t\u00e9. Il peut \u00eatre ajust\u00e9 \u00e0 la taille de la t\u00eate de l'enfant \u00e0 l'aide d'une bande velcro, le num\u00e9ro en feutre est fix\u00e9 \u00e0 l'aide d'une bande velcro. La couleur des pompons peut varier en fonction de la disponibilit\u00e9.   &nbsp; &nbsp;","og_url":"https:\/\/crochetts.com\/fr\/tienda\/couronne-danniversaire-renard\/","og_site_name":"Crochetts","article_publisher":"https:\/\/www.facebook.com\/Crochetts-101964178013493","article_modified_time":"2025-11-21T13:29:45+00:00","og_image":[{"width":800,"height":1198,"url":"https:\/\/crochetts.com\/wp-content\/uploads\/2021\/10\/COR-ZORRO-3.jpg","type":"image\/jpeg"}],"twitter_card":"summary_large_image","twitter_misc":{"Prix":"28,50&nbsp;&euro;","Disponibilit\u00e9":"Rupture de stock"},"schema":{"@context":"https:\/\/schema.org","@graph":[{"@type":"WebPage","@id":"https:\/\/crochetts.com\/fr\/tienda\/couronne-danniversaire-renard\/","url":"https:\/\/crochetts.com\/fr\/tienda\/couronne-danniversaire-renard\/","name":"COURONNE D'ANNIVERSAIRE RENARD - Crochetts","isPartOf":{"@id":"https:\/\/crochetts.com\/fr\/#website"},"primaryImageOfPage":{"@id":"https:\/\/crochetts.com\/fr\/tienda\/couronne-danniversaire-renard\/#primaryimage"},"image":{"@id":"https:\/\/crochetts.com\/fr\/tienda\/couronne-danniversaire-renard\/#primaryimage"},"thumbnailUrl":"https:\/\/crochetts.com\/wp-content\/uploads\/2021\/10\/COR-ZORRO-3.jpg","datePublished":"2021-10-20T09:38:58+00:00","dateModified":"2025-11-21T13:29:45+00:00","description":"Notre couronne d'anniversaire faite \u00e0 la main est fabriqu\u00e9e avec amour pour votre petit. Couronne d'anniversaire en tissu pour c\u00e9l\u00e9brer le jour le plus sp\u00e9cial pour les enfants.","breadcrumb":{"@id":"https:\/\/crochetts.com\/fr\/tienda\/couronne-danniversaire-renard\/#breadcrumb"},"inLanguage":"fr-FR","potentialAction":[{"@type":"ReadAction","target":["https:\/\/crochetts.com\/fr\/tienda\/couronne-danniversaire-renard\/"]}]},{"@type":"ImageObject","inLanguage":"fr-FR","@id":"https:\/\/crochetts.com\/fr\/tienda\/couronne-danniversaire-renard\/#primaryimage","url":"https:\/\/crochetts.com\/wp-content\/uploads\/2021\/10\/COR-ZORRO-3.jpg","contentUrl":"https:\/\/crochetts.com\/wp-content\/uploads\/2021\/10\/COR-ZORRO-3.jpg","width":800,"height":1198,"caption":"couronne au crochet"},{"@type":"BreadcrumbList","@id":"https:\/\/crochetts.com\/fr\/tienda\/couronne-danniversaire-renard\/#breadcrumb","itemListElement":[{"@type":"ListItem","position":1,"name":"Portada","item":"https:\/\/crochetts.com\/fr\/accueil\/"},{"@type":"ListItem","position":2,"name":"Boutique","item":"https:\/\/crochetts.fr\/boutique\/"},{"@type":"ListItem","position":3,"name":"COURONNE D&#8217;ANNIVERSAIRE RENARD"}]},{"@type":"WebSite","@id":"https:\/\/crochetts.com\/fr\/#website","url":"https:\/\/crochetts.com\/fr\/","name":"Crochetts","description":"ANIMALES DE CROCHET PARA JUGAR,DECORAR Y SO\u00d1AR","publisher":{"@id":"https:\/\/crochetts.com\/fr\/#organization"},"potentialAction":[{"@type":"SearchAction","target":{"@type":"EntryPoint","urlTemplate":"https:\/\/crochetts.com\/fr\/?s={search_term_string}"},"query-input":{"@type":"PropertyValueSpecification","valueRequired":true,"valueName":"search_term_string"}}],"inLanguage":"fr-FR"},{"@type":"Organization","@id":"https:\/\/crochetts.com\/fr\/#organization","name":"Crochets","url":"https:\/\/crochetts.com\/fr\/","logo":{"@type":"ImageObject","inLanguage":"fr-FR","@id":"https:\/\/crochetts.com\/fr\/#\/schema\/logo\/image\/","url":"https:\/\/i2.wp.com\/crochetts.com\/wp-content\/uploads\/2021\/01\/Logo-Crochetts.jpg?fit=300%2C137&ssl=1","contentUrl":"https:\/\/i2.wp.com\/crochetts.com\/wp-content\/uploads\/2021\/01\/Logo-Crochetts.jpg?fit=300%2C137&ssl=1","width":300,"height":137,"caption":"Crochets"},"image":{"@id":"https:\/\/crochetts.com\/fr\/#\/schema\/logo\/image\/"},"sameAs":["https:\/\/www.facebook.com\/Crochetts-101964178013493","https:\/\/www.instagram.com\/crochetts_\/"]}]},"product_price_amount":"28.50","product_price_currency":"EUR","og_availability":"out of stock","product_availability":"out of stock","product_retailer_item_id":"COR-ZORRO","product_condition":"new"},"_links":{"self":[{"href":"https:\/\/crochetts.com\/fr\/wp-json\/wp\/v2\/product\/24482","targetHints":{"allow":["GET"]}}],"collection":[{"href":"https:\/\/crochetts.com\/fr\/wp-json\/wp\/v2\/product"}],"about":[{"href":"https:\/\/crochetts.com\/fr\/wp-json\/wp\/v2\/types\/product"}],"wp:featuredmedia":[{"embeddable":true,"href":"https:\/\/crochetts.com\/fr\/wp-json\/wp\/v2\/media\/24489"}],"wp:attachment":[{"href":"https:\/\/crochetts.com\/fr\/wp-json\/wp\/v2\/media?parent=24482"}],"wp:term":[{"taxonomy":"product_brand","embeddable":true,"href":"https:\/\/crochetts.com\/fr\/wp-json\/wp\/v2\/product_brand?post=24482"},{"taxonomy":"product_cat","embeddable":true,"href":"https:\/\/crochetts.com\/fr\/wp-json\/wp\/v2\/product_cat?post=24482"},{"taxonomy":"product_tag","embeddable":true,"href":"https:\/\/crochetts.com\/fr\/wp-json\/wp\/v2\/product_tag?post=24482"}],"curies":[{"name":"wp","href":"https:\/\/api.w.org\/{rel}","templated":true}]}}