{"id":24466,"date":"2022-10-19T10:50:12","date_gmt":"2022-10-19T09:50:12","guid":{"rendered":"https:\/\/crochetts.com\/tienda\/couverture-sirene-turquoise-60140cm\/"},"modified":"2025-11-21T14:25:22","modified_gmt":"2025-11-21T13:25:22","slug":"couverture-sirene-turquoise-60140cm","status":"publish","type":"product","link":"https:\/\/crochetts.com\/fr\/tienda\/couverture-sirene-turquoise-60140cm\/","title":{"rendered":"COUVERTURE SIR\u00c8NE TURQUOISE - 60*140CM"},"content":{"rendered":"<div style=\"text-align: justify;\">\n<p>Notre collection de <strong>couvertures<\/strong> pr\u00e9sente un design de r\u00eave, des couvertures <strong>en forme de queue de<\/strong> <strong>sir\u00e8ne<\/strong> avec des <strong>\u00e9cailles<\/strong> dans <strong>diff\u00e9rentes couleurs<\/strong> au choix.<\/p>\n<\/div>\n<p>La couverture de sir\u00e8ne est le seul moyen d&rsquo;\u00eatre \u00e0 l&rsquo;aise \u00e0 la <strong>maison<\/strong> tout en restant \u00e9l\u00e9gant,   <strong>choisissez la couleur qui vous convient le mieux !<\/strong><\/p>\n<p>Devenez une sir\u00e8ne dans vos <strong>r\u00eaves<\/strong> <strong>les plus doux<\/strong> avec cette couverture de sieste chaude et confortable, qui satisfait le sommeil de toutes les petites filles.<\/p>\n<p>C&rsquo;est le choix <strong>id\u00e9al pour un cadeau d&rsquo;<\/strong> <strong>anniversaire <\/strong>ou pour organiser une <strong>soir\u00e9e<\/strong> <strong>pyjama<\/strong> entre amis.<\/p>\n<p>&nbsp;<\/p>\n<p>&nbsp;<\/p>\n","protected":false},"excerpt":{"rendered":"<p>Transformez chaque instant en un moment magique avec la <strong>couverture<\/strong> queue de <strong>sir\u00e8ne turquoise<\/strong> de <strong>Crochetts<\/strong>, un mod\u00e8le d&rsquo;inspiration marine qui allie <strong>douceur<\/strong>, l\u00e9g\u00e8ret\u00e9 et <strong>fantaisie<\/strong>.<\/p>\n<p>Fabriqu\u00e9e en <strong>tricot<\/strong> tr\u00e8s doux, cette couverture enveloppante est id\u00e9ale pour garder les pieds et les jambes au <strong>chaud<\/strong> et bien au chaud lorsque vous <strong>lisez<\/strong>, <strong>jouez<\/strong> ou vous d\u00e9tendez \u00e0 la maison.<\/p>\n<p>La magnifique <strong>teinte turquoise<\/strong> de cette couverture cr\u00e9era une atmosph\u00e8re magique o\u00f9 votre fille se transformera en v\u00e9ritable petite sir\u00e8ne.<\/p>\n<p>Il est parfait pour un usage quotidien \u00e0 la maison ou en voyage.<\/p>\n<p>Son <strong>design<\/strong> original <strong>en \u00e9cailles turquoise<\/strong> ajoute une touche d\u00e9corative unique et charmante \u00e0 une chambre d&rsquo;enfant, tandis que son tissu respirant et chaud offre une sensation de confort parfaite pour un usage quotidien.<\/p>\n<p>Il comprend une <strong>ouverture arri\u00e8re pour faciliter l&rsquo;entr\u00e9e et la sortie<\/strong>, ce qui est id\u00e9al pour se blottir confortablement sur le canap\u00e9.<\/p>\n<p>Mesurant <strong>70 \u00d7 140 cm<\/strong>, il <strong>s&rsquo;adapte<\/strong> confortablement <strong>au corps sans entraver les mouvements.<\/strong><\/p>\n<p>En outre, il est <strong>facile \u00e0 laver<\/strong>, \u00e0 la main ou <strong>en machine<\/strong>, et conserve sa couleur et sa texture douce lavage apr\u00e8s lavage.<\/p>\n<p>Une <strong>couverture unique<\/strong> et <strong>charmante<\/strong>, un <strong>cadeau parfait pour les<\/strong> enfants qui aiment la mer, et r\u00e9aliser leur r\u00eave d&rsquo;<strong>\u00eatre une sir\u00e8ne !<\/strong><\/p>\n","protected":false},"featured_media":24481,"template":"","meta":{"_acf_changed":false,"_joinchat":[]},"product_brand":[],"product_cat":[5639],"product_tag":[6017,5960,6016,5962,5961],"class_list":{"0":"post-24466","1":"product","2":"type-product","3":"status-publish","4":"has-post-thumbnail","6":"product_cat-couvertures-et-serviettes","7":"product_tag-couverture-a-queue-sirana","8":"product_tag-couverture-de-canape","9":"product_tag-couverture-de-sirene","10":"product_tag-couverture-pour-enfants","11":"product_tag-couverture-pour-filles","12":"entry","14":"first","15":"instock","16":"taxable","17":"shipping-taxable","18":"purchasable","19":"product-type-simple"},"acf":[],"yoast_head":"<!-- This site is optimized with the Yoast SEO Premium plugin v26.1 (Yoast SEO v27.3) - https:\/\/yoast.com\/product\/yoast-seo-premium-wordpress\/ -->\n<title>COUVERTURE SIR\u00c8NE TURQUOISE - 60*140CM - Crochetts<\/title>\n<meta name=\"description\" content=\"D\u00e9couvrez la collection de couvertures de sir\u00e8nes en forme de queue de sir\u00e8ne avec des \u00e9cailles de diff\u00e9rentes couleurs au choix. Id\u00e9al comme cadeau pour r\u00e9aliser le r\u00eave d&#039;\u00eatre une sir\u00e8ne !\" \/>\n<meta name=\"robots\" content=\"index, follow, max-snippet:-1, max-image-preview:large, max-video-preview:-1\" \/>\n<link rel=\"canonical\" href=\"https:\/\/crochetts.com\/fr\/tienda\/couverture-sirene-turquoise-60140cm\/\" \/>\n<meta property=\"og:locale\" content=\"fr_FR\" \/>\n<meta property=\"og:type\" content=\"article\" \/>\n<meta property=\"og:title\" content=\"COUVERTURE SIR\u00c8NE TURQUOISE - 60*140CM\" \/>\n<meta property=\"og:description\" content=\"Transformez chaque instant en un moment magique avec la couverture queue de sir\u00e8ne turquoise de Crochetts, un mod\u00e8le d&#039;inspiration marine qui allie douceur, l\u00e9g\u00e8ret\u00e9 et fantaisie. Fabriqu\u00e9e en tricot tr\u00e8s doux, cette couverture enveloppante est id\u00e9ale pour garder les pieds et les jambes au chaud et bien au chaud lorsque vous lisez, jouez ou vous d\u00e9tendez \u00e0 la maison. La magnifique teinte turquoise de cette couverture cr\u00e9era une atmosph\u00e8re magique o\u00f9 votre fille se transformera en v\u00e9ritable petite sir\u00e8ne. Il est parfait pour un usage quotidien \u00e0 la maison ou en voyage. Son design original en \u00e9cailles turquoise ajoute une touche d\u00e9corative unique et charmante \u00e0 une chambre d&#039;enfant, tandis que son tissu respirant et chaud offre une sensation de confort parfaite pour un usage quotidien. Il comprend une ouverture arri\u00e8re pour faciliter l&#039;entr\u00e9e et la sortie, ce qui est id\u00e9al pour se blottir confortablement sur le canap\u00e9. Mesurant 70 \u00d7 140 cm, il s&#039;adapte confortablement au corps sans entraver les mouvements. En outre, il est facile \u00e0 laver, \u00e0 la main ou en machine, et conserve sa couleur et sa texture douce lavage apr\u00e8s lavage. Une couverture unique et charmante, un cadeau parfait pour les enfants qui aiment la mer, et r\u00e9aliser leur r\u00eave d&#039;\u00eatre une sir\u00e8ne !\" \/>\n<meta property=\"og:url\" content=\"https:\/\/crochetts.com\/fr\/tienda\/couverture-sirene-turquoise-60140cm\/\" \/>\n<meta property=\"og:site_name\" content=\"Crochetts\" \/>\n<meta property=\"article:publisher\" content=\"https:\/\/www.facebook.com\/Crochetts-101964178013493\" \/>\n<meta property=\"article:modified_time\" content=\"2025-11-21T13:25:22+00:00\" \/>\n<meta property=\"og:image\" content=\"https:\/\/crochetts.com\/wp-content\/uploads\/2022\/10\/BK2106-TM-9.jpg\" \/>\n\t<meta property=\"og:image:width\" content=\"534\" \/>\n\t<meta property=\"og:image:height\" content=\"800\" \/>\n\t<meta property=\"og:image:type\" content=\"image\/jpeg\" \/>\n<meta name=\"twitter:card\" content=\"summary_large_image\" \/>\n<meta name=\"twitter:label1\" content=\"Prix\" \/>\n\t<meta name=\"twitter:data1\" content=\"50,00&nbsp;&euro;\" \/>\n\t<meta name=\"twitter:label2\" content=\"Disponibilit\u00e9\" \/>\n\t<meta name=\"twitter:data2\" content=\"En stock\" \/>\n<script type=\"application\/ld+json\" class=\"yoast-schema-graph\">{\"@context\":\"https:\\\/\\\/schema.org\",\"@graph\":[{\"@type\":\"WebPage\",\"@id\":\"https:\\\/\\\/crochetts.com\\\/fr\\\/tienda\\\/couverture-sirene-turquoise-60140cm\\\/\",\"url\":\"https:\\\/\\\/crochetts.com\\\/fr\\\/tienda\\\/couverture-sirene-turquoise-60140cm\\\/\",\"name\":\"COUVERTURE SIR\u00c8NE TURQUOISE - 60*140CM - Crochetts\",\"isPartOf\":{\"@id\":\"https:\\\/\\\/crochetts.com\\\/fr\\\/#website\"},\"primaryImageOfPage\":{\"@id\":\"https:\\\/\\\/crochetts.com\\\/fr\\\/tienda\\\/couverture-sirene-turquoise-60140cm\\\/#primaryimage\"},\"image\":{\"@id\":\"https:\\\/\\\/crochetts.com\\\/fr\\\/tienda\\\/couverture-sirene-turquoise-60140cm\\\/#primaryimage\"},\"thumbnailUrl\":\"https:\\\/\\\/crochetts.com\\\/wp-content\\\/uploads\\\/2022\\\/10\\\/BK2106-TM-9.jpg\",\"datePublished\":\"2022-10-19T09:50:12+00:00\",\"dateModified\":\"2025-11-21T13:25:22+00:00\",\"description\":\"D\u00e9couvrez la collection de couvertures de sir\u00e8nes en forme de queue de sir\u00e8ne avec des \u00e9cailles de diff\u00e9rentes couleurs au choix. Id\u00e9al comme cadeau pour r\u00e9aliser le r\u00eave d'\u00eatre une sir\u00e8ne !\",\"breadcrumb\":{\"@id\":\"https:\\\/\\\/crochetts.com\\\/fr\\\/tienda\\\/couverture-sirene-turquoise-60140cm\\\/#breadcrumb\"},\"inLanguage\":\"fr-FR\",\"potentialAction\":[{\"@type\":\"ReadAction\",\"target\":[\"https:\\\/\\\/crochetts.com\\\/fr\\\/tienda\\\/couverture-sirene-turquoise-60140cm\\\/\"]}]},{\"@type\":\"ImageObject\",\"inLanguage\":\"fr-FR\",\"@id\":\"https:\\\/\\\/crochetts.com\\\/fr\\\/tienda\\\/couverture-sirene-turquoise-60140cm\\\/#primaryimage\",\"url\":\"https:\\\/\\\/crochetts.com\\\/wp-content\\\/uploads\\\/2022\\\/10\\\/BK2106-TM-9.jpg\",\"contentUrl\":\"https:\\\/\\\/crochetts.com\\\/wp-content\\\/uploads\\\/2022\\\/10\\\/BK2106-TM-9.jpg\",\"width\":534,\"height\":800,\"caption\":\"couverture de sir\u00e8ne\"},{\"@type\":\"BreadcrumbList\",\"@id\":\"https:\\\/\\\/crochetts.com\\\/fr\\\/tienda\\\/couverture-sirene-turquoise-60140cm\\\/#breadcrumb\",\"itemListElement\":[{\"@type\":\"ListItem\",\"position\":1,\"name\":\"Portada\",\"item\":\"https:\\\/\\\/crochetts.com\\\/fr\\\/accueil\\\/\"},{\"@type\":\"ListItem\",\"position\":2,\"name\":\"Boutique\",\"item\":\"https:\\\/\\\/crochetts.fr\\\/boutique\\\/\"},{\"@type\":\"ListItem\",\"position\":3,\"name\":\"COUVERTURE SIR\u00c8NE TURQUOISE &#8211; 60*140CM\"}]},{\"@type\":\"WebSite\",\"@id\":\"https:\\\/\\\/crochetts.com\\\/fr\\\/#website\",\"url\":\"https:\\\/\\\/crochetts.com\\\/fr\\\/\",\"name\":\"Crochetts\",\"description\":\"ANIMALES DE CROCHET PARA JUGAR,DECORAR Y SO\u00d1AR\",\"publisher\":{\"@id\":\"https:\\\/\\\/crochetts.com\\\/fr\\\/#organization\"},\"potentialAction\":[{\"@type\":\"SearchAction\",\"target\":{\"@type\":\"EntryPoint\",\"urlTemplate\":\"https:\\\/\\\/crochetts.com\\\/fr\\\/?s={search_term_string}\"},\"query-input\":{\"@type\":\"PropertyValueSpecification\",\"valueRequired\":true,\"valueName\":\"search_term_string\"}}],\"inLanguage\":\"fr-FR\"},{\"@type\":\"Organization\",\"@id\":\"https:\\\/\\\/crochetts.com\\\/fr\\\/#organization\",\"name\":\"Crochets\",\"url\":\"https:\\\/\\\/crochetts.com\\\/fr\\\/\",\"logo\":{\"@type\":\"ImageObject\",\"inLanguage\":\"fr-FR\",\"@id\":\"https:\\\/\\\/crochetts.com\\\/fr\\\/#\\\/schema\\\/logo\\\/image\\\/\",\"url\":\"https:\\\/\\\/i2.wp.com\\\/crochetts.com\\\/wp-content\\\/uploads\\\/2021\\\/01\\\/Logo-Crochetts.jpg?fit=300%2C137&ssl=1\",\"contentUrl\":\"https:\\\/\\\/i2.wp.com\\\/crochetts.com\\\/wp-content\\\/uploads\\\/2021\\\/01\\\/Logo-Crochetts.jpg?fit=300%2C137&ssl=1\",\"width\":300,\"height\":137,\"caption\":\"Crochets\"},\"image\":{\"@id\":\"https:\\\/\\\/crochetts.com\\\/fr\\\/#\\\/schema\\\/logo\\\/image\\\/\"},\"sameAs\":[\"https:\\\/\\\/www.facebook.com\\\/Crochetts-101964178013493\",\"https:\\\/\\\/www.instagram.com\\\/crochetts_\\\/\"]}]}<\/script>\n<meta property=\"product:price:amount\" content=\"50.00\" \/>\n<meta property=\"product:price:currency\" content=\"EUR\" \/>\n<meta property=\"og:availability\" content=\"instock\" \/>\n<meta property=\"product:availability\" content=\"instock\" \/>\n<meta property=\"product:retailer_item_id\" content=\"BK2106-T\" \/>\n<meta property=\"product:condition\" content=\"new\" \/>\n<!-- \/ Yoast SEO Premium plugin. -->","yoast_head_json":{"title":"COUVERTURE SIR\u00c8NE TURQUOISE - 60*140CM - Crochetts","description":"D\u00e9couvrez la collection de couvertures de sir\u00e8nes en forme de queue de sir\u00e8ne avec des \u00e9cailles de diff\u00e9rentes couleurs au choix. Id\u00e9al comme cadeau pour r\u00e9aliser le r\u00eave d'\u00eatre une sir\u00e8ne !","robots":{"index":"index","follow":"follow","max-snippet":"max-snippet:-1","max-image-preview":"max-image-preview:large","max-video-preview":"max-video-preview:-1"},"canonical":"https:\/\/crochetts.com\/fr\/tienda\/couverture-sirene-turquoise-60140cm\/","og_locale":"fr_FR","og_type":"article","og_title":"COUVERTURE SIR\u00c8NE TURQUOISE - 60*140CM","og_description":"Transformez chaque instant en un moment magique avec la couverture queue de sir\u00e8ne turquoise de Crochetts, un mod\u00e8le d'inspiration marine qui allie douceur, l\u00e9g\u00e8ret\u00e9 et fantaisie. Fabriqu\u00e9e en tricot tr\u00e8s doux, cette couverture enveloppante est id\u00e9ale pour garder les pieds et les jambes au chaud et bien au chaud lorsque vous lisez, jouez ou vous d\u00e9tendez \u00e0 la maison. La magnifique teinte turquoise de cette couverture cr\u00e9era une atmosph\u00e8re magique o\u00f9 votre fille se transformera en v\u00e9ritable petite sir\u00e8ne. Il est parfait pour un usage quotidien \u00e0 la maison ou en voyage. Son design original en \u00e9cailles turquoise ajoute une touche d\u00e9corative unique et charmante \u00e0 une chambre d'enfant, tandis que son tissu respirant et chaud offre une sensation de confort parfaite pour un usage quotidien. Il comprend une ouverture arri\u00e8re pour faciliter l'entr\u00e9e et la sortie, ce qui est id\u00e9al pour se blottir confortablement sur le canap\u00e9. Mesurant 70 \u00d7 140 cm, il s'adapte confortablement au corps sans entraver les mouvements. En outre, il est facile \u00e0 laver, \u00e0 la main ou en machine, et conserve sa couleur et sa texture douce lavage apr\u00e8s lavage. Une couverture unique et charmante, un cadeau parfait pour les enfants qui aiment la mer, et r\u00e9aliser leur r\u00eave d'\u00eatre une sir\u00e8ne !","og_url":"https:\/\/crochetts.com\/fr\/tienda\/couverture-sirene-turquoise-60140cm\/","og_site_name":"Crochetts","article_publisher":"https:\/\/www.facebook.com\/Crochetts-101964178013493","article_modified_time":"2025-11-21T13:25:22+00:00","og_image":[{"width":534,"height":800,"url":"https:\/\/crochetts.com\/wp-content\/uploads\/2022\/10\/BK2106-TM-9.jpg","type":"image\/jpeg"}],"twitter_card":"summary_large_image","twitter_misc":{"Prix":"50,00&nbsp;&euro;","Disponibilit\u00e9":"En stock"},"schema":{"@context":"https:\/\/schema.org","@graph":[{"@type":"WebPage","@id":"https:\/\/crochetts.com\/fr\/tienda\/couverture-sirene-turquoise-60140cm\/","url":"https:\/\/crochetts.com\/fr\/tienda\/couverture-sirene-turquoise-60140cm\/","name":"COUVERTURE SIR\u00c8NE TURQUOISE - 60*140CM - Crochetts","isPartOf":{"@id":"https:\/\/crochetts.com\/fr\/#website"},"primaryImageOfPage":{"@id":"https:\/\/crochetts.com\/fr\/tienda\/couverture-sirene-turquoise-60140cm\/#primaryimage"},"image":{"@id":"https:\/\/crochetts.com\/fr\/tienda\/couverture-sirene-turquoise-60140cm\/#primaryimage"},"thumbnailUrl":"https:\/\/crochetts.com\/wp-content\/uploads\/2022\/10\/BK2106-TM-9.jpg","datePublished":"2022-10-19T09:50:12+00:00","dateModified":"2025-11-21T13:25:22+00:00","description":"D\u00e9couvrez la collection de couvertures de sir\u00e8nes en forme de queue de sir\u00e8ne avec des \u00e9cailles de diff\u00e9rentes couleurs au choix. Id\u00e9al comme cadeau pour r\u00e9aliser le r\u00eave d'\u00eatre une sir\u00e8ne !","breadcrumb":{"@id":"https:\/\/crochetts.com\/fr\/tienda\/couverture-sirene-turquoise-60140cm\/#breadcrumb"},"inLanguage":"fr-FR","potentialAction":[{"@type":"ReadAction","target":["https:\/\/crochetts.com\/fr\/tienda\/couverture-sirene-turquoise-60140cm\/"]}]},{"@type":"ImageObject","inLanguage":"fr-FR","@id":"https:\/\/crochetts.com\/fr\/tienda\/couverture-sirene-turquoise-60140cm\/#primaryimage","url":"https:\/\/crochetts.com\/wp-content\/uploads\/2022\/10\/BK2106-TM-9.jpg","contentUrl":"https:\/\/crochetts.com\/wp-content\/uploads\/2022\/10\/BK2106-TM-9.jpg","width":534,"height":800,"caption":"couverture de sir\u00e8ne"},{"@type":"BreadcrumbList","@id":"https:\/\/crochetts.com\/fr\/tienda\/couverture-sirene-turquoise-60140cm\/#breadcrumb","itemListElement":[{"@type":"ListItem","position":1,"name":"Portada","item":"https:\/\/crochetts.com\/fr\/accueil\/"},{"@type":"ListItem","position":2,"name":"Boutique","item":"https:\/\/crochetts.fr\/boutique\/"},{"@type":"ListItem","position":3,"name":"COUVERTURE SIR\u00c8NE TURQUOISE &#8211; 60*140CM"}]},{"@type":"WebSite","@id":"https:\/\/crochetts.com\/fr\/#website","url":"https:\/\/crochetts.com\/fr\/","name":"Crochetts","description":"ANIMALES DE CROCHET PARA JUGAR,DECORAR Y SO\u00d1AR","publisher":{"@id":"https:\/\/crochetts.com\/fr\/#organization"},"potentialAction":[{"@type":"SearchAction","target":{"@type":"EntryPoint","urlTemplate":"https:\/\/crochetts.com\/fr\/?s={search_term_string}"},"query-input":{"@type":"PropertyValueSpecification","valueRequired":true,"valueName":"search_term_string"}}],"inLanguage":"fr-FR"},{"@type":"Organization","@id":"https:\/\/crochetts.com\/fr\/#organization","name":"Crochets","url":"https:\/\/crochetts.com\/fr\/","logo":{"@type":"ImageObject","inLanguage":"fr-FR","@id":"https:\/\/crochetts.com\/fr\/#\/schema\/logo\/image\/","url":"https:\/\/i2.wp.com\/crochetts.com\/wp-content\/uploads\/2021\/01\/Logo-Crochetts.jpg?fit=300%2C137&ssl=1","contentUrl":"https:\/\/i2.wp.com\/crochetts.com\/wp-content\/uploads\/2021\/01\/Logo-Crochetts.jpg?fit=300%2C137&ssl=1","width":300,"height":137,"caption":"Crochets"},"image":{"@id":"https:\/\/crochetts.com\/fr\/#\/schema\/logo\/image\/"},"sameAs":["https:\/\/www.facebook.com\/Crochetts-101964178013493","https:\/\/www.instagram.com\/crochetts_\/"]}]},"product_price_amount":"50.00","product_price_currency":"EUR","og_availability":"instock","product_availability":"instock","product_retailer_item_id":"BK2106-T","product_condition":"new"},"_links":{"self":[{"href":"https:\/\/crochetts.com\/fr\/wp-json\/wp\/v2\/product\/24466","targetHints":{"allow":["GET"]}}],"collection":[{"href":"https:\/\/crochetts.com\/fr\/wp-json\/wp\/v2\/product"}],"about":[{"href":"https:\/\/crochetts.com\/fr\/wp-json\/wp\/v2\/types\/product"}],"wp:featuredmedia":[{"embeddable":true,"href":"https:\/\/crochetts.com\/fr\/wp-json\/wp\/v2\/media\/24481"}],"wp:attachment":[{"href":"https:\/\/crochetts.com\/fr\/wp-json\/wp\/v2\/media?parent=24466"}],"wp:term":[{"taxonomy":"product_brand","embeddable":true,"href":"https:\/\/crochetts.com\/fr\/wp-json\/wp\/v2\/product_brand?post=24466"},{"taxonomy":"product_cat","embeddable":true,"href":"https:\/\/crochetts.com\/fr\/wp-json\/wp\/v2\/product_cat?post=24466"},{"taxonomy":"product_tag","embeddable":true,"href":"https:\/\/crochetts.com\/fr\/wp-json\/wp\/v2\/product_tag?post=24466"}],"curies":[{"name":"wp","href":"https:\/\/api.w.org\/{rel}","templated":true}]}}