{"id":24440,"date":"2022-09-30T12:42:19","date_gmt":"2022-09-30T10:42:19","guid":{"rendered":"https:\/\/crochetts.com\/tienda\/coussin-pinky\/"},"modified":"2025-11-21T14:27:01","modified_gmt":"2025-11-21T13:27:01","slug":"coussin-pinky","status":"publish","type":"product","link":"https:\/\/crochetts.com\/fr\/tienda\/coussin-pinky\/","title":{"rendered":"COUSSIN PINKY"},"content":{"rendered":"<p>Notre <strong>collection<\/strong> de <strong>coussins<\/strong> en forme d&rsquo;animaux pour <strong>enfants n<\/strong> &lsquo;est pas seulement <strong>douce<\/strong> et <strong>chaude<\/strong>, elle est aussi douce au toucher. Votre enfant adorera les animaux d\u00e8s son plus jeune \u00e2ge et deviendra son nouveau compagnon de jeu et de sommeil. Nos coussins sont toujours gais et sympathiques et incitent \u00e0 jouer et \u00e0 s&rsquo;amuser en m\u00eame temps qu&rsquo;ils sont un objet de <strong>d\u00e9coration<\/strong>.  <\/p>\n<p>L&rsquo;utilisation de coussins pour enfants est une mani\u00e8re <strong>int\u00e9ressante<\/strong> d&rsquo;ajouter une touche de fra\u00eecheur et de <strong>couleur<\/strong> \u00e0 la <strong>chambre de<\/strong> votre <strong>enfant<\/strong> et de l&rsquo;encourager \u00e0 r\u00eaver et \u00e0 jouer.<\/p>\n<p>Une collection de coussins parmi lesquels vous pouvez choisir entre <strong>diff\u00e9rents<\/strong> <strong>mod\u00e8les.<\/strong><\/p>\n","protected":false},"excerpt":{"rendered":"<p>Laissez libre cours \u00e0 l&rsquo;imagination de votre enfant avec notre <strong>peluche<\/strong> <strong>Pinky<\/strong>, en coton 100 % <strong>hypoallerg\u00e9nique<\/strong>. Ce doudou color\u00e9 <g id=\"gid_3\">en forme de girafe <\/g>est doux et <g id=\"gid_4\">agr\u00e9able<\/g> au toucher. Il apportera de la couleur et de la joie partout o\u00f9 vous l&rsquo;appr\u00e9cierez, cr\u00e9ant une atmosph\u00e8re chaleureuse et douillette. <g id=\"gid_5\">Pinky <\/g>deviendra le <g id=\"gid_6\">meilleur<\/g> <g id=\"gid_7\">compagnon de jeu de<\/g> votre enfant et pourra m\u00eame l&rsquo;accompagner jusqu&rsquo;\u00e0 <g id=\"gid_8\">l&rsquo;heure du coucher<\/g>. Id\u00e9al pour les chambres d&rsquo;enfants ou les aires de jeux.   <\/p>\n","protected":false},"featured_media":24447,"template":"","meta":{"_acf_changed":false,"_joinchat":[]},"product_brand":[],"product_cat":[5040],"product_tag":[6027,6031,6030,6028,6026,6029,5130],"class_list":{"0":"post-24440","1":"product","2":"type-product","3":"status-publish","4":"has-post-thumbnail","6":"product_cat-sans-categorie","7":"product_tag-animal-coussin","8":"product_tag-coussin-lapin","9":"product_tag-coussin-original-2","10":"product_tag-coussin-pour-chambre-denfant-2","11":"product_tag-coussin-pour-enfants-3","12":"product_tag-decoration-chambre-denfant","13":"product_tag-decoration-pour-enfants-3","14":"entry","16":"first","17":"instock","18":"taxable","19":"shipping-taxable","20":"purchasable","21":"product-type-simple"},"acf":[],"yoast_head":"<!-- This site is optimized with the Yoast SEO Premium plugin v26.1 (Yoast SEO v27.3) - https:\/\/yoast.com\/product\/yoast-seo-premium-wordpress\/ -->\n<title>COUSSIN - COUSSIN PINKY - Crochetts%%.<\/title>\n<meta name=\"description\" content=\"Notre collection de coussins en forme d&#039;animaux pour enfants n&#039;est pas seulement douce et chaude, elle est aussi douce au toucher. Votre enfant adorera les animaux d\u00e8s son plus jeune \u00e2ge et deviendra son nouveau compagnon de jeu et de sommeil. Nos coussins sont toujours gais et amicaux et incitent \u00e0 jouer et \u00e0 \u00eatre aim\u00e9 tout en \u00e9tant un objet d\u00e9coratif.\" \/>\n<meta name=\"robots\" content=\"index, follow, max-snippet:-1, max-image-preview:large, max-video-preview:-1\" \/>\n<link rel=\"canonical\" href=\"https:\/\/crochetts.com\/fr\/tienda\/coussin-pinky\/\" \/>\n<meta property=\"og:locale\" content=\"fr_FR\" \/>\n<meta property=\"og:type\" content=\"article\" \/>\n<meta property=\"og:title\" content=\"COUSSIN PINKY\" \/>\n<meta property=\"og:description\" content=\"Laissez libre cours \u00e0 l&#039;imagination de votre enfant avec notre peluche Pinky, en coton 100 % hypoallerg\u00e9nique. Ce doudou color\u00e9 en forme de girafe est doux et agr\u00e9able au toucher. Il apportera de la couleur et de la joie partout o\u00f9 vous l&#039;appr\u00e9cierez, cr\u00e9ant une atmosph\u00e8re chaleureuse et douillette. Pinky deviendra le meilleur compagnon de jeu de votre enfant et pourra m\u00eame l&#039;accompagner jusqu&#039;\u00e0 l&#039;heure du coucher. Id\u00e9al pour les chambres d&#039;enfants ou les aires de jeux.\" \/>\n<meta property=\"og:url\" content=\"https:\/\/crochetts.com\/fr\/tienda\/coussin-pinky\/\" \/>\n<meta property=\"og:site_name\" content=\"Crochetts\" \/>\n<meta property=\"article:publisher\" content=\"https:\/\/www.facebook.com\/Crochetts-101964178013493\" \/>\n<meta property=\"article:modified_time\" content=\"2025-11-21T13:27:01+00:00\" \/>\n<meta property=\"og:image\" content=\"https:\/\/crochetts.com\/wp-content\/uploads\/2022\/09\/LT-1730C-18.jpg\" \/>\n\t<meta property=\"og:image:width\" content=\"801\" \/>\n\t<meta property=\"og:image:height\" content=\"1200\" \/>\n\t<meta property=\"og:image:type\" content=\"image\/jpeg\" \/>\n<meta name=\"twitter:card\" content=\"summary_large_image\" \/>\n<meta name=\"twitter:label1\" content=\"Prix\" \/>\n\t<meta name=\"twitter:data1\" content=\"50,00&nbsp;&euro;\" \/>\n\t<meta name=\"twitter:label2\" content=\"Disponibilit\u00e9\" \/>\n\t<meta name=\"twitter:data2\" content=\"En stock\" \/>\n<script type=\"application\/ld+json\" class=\"yoast-schema-graph\">{\"@context\":\"https:\\\/\\\/schema.org\",\"@graph\":[{\"@type\":\"WebPage\",\"@id\":\"https:\\\/\\\/crochetts.com\\\/fr\\\/tienda\\\/coussin-pinky\\\/\",\"url\":\"https:\\\/\\\/crochetts.com\\\/fr\\\/tienda\\\/coussin-pinky\\\/\",\"name\":\"COUSSIN - COUSSIN PINKY - Crochetts%%.\",\"isPartOf\":{\"@id\":\"https:\\\/\\\/crochetts.com\\\/fr\\\/#website\"},\"primaryImageOfPage\":{\"@id\":\"https:\\\/\\\/crochetts.com\\\/fr\\\/tienda\\\/coussin-pinky\\\/#primaryimage\"},\"image\":{\"@id\":\"https:\\\/\\\/crochetts.com\\\/fr\\\/tienda\\\/coussin-pinky\\\/#primaryimage\"},\"thumbnailUrl\":\"https:\\\/\\\/crochetts.com\\\/wp-content\\\/uploads\\\/2022\\\/09\\\/LT-1730C-18.jpg\",\"datePublished\":\"2022-09-30T10:42:19+00:00\",\"dateModified\":\"2025-11-21T13:27:01+00:00\",\"description\":\"Notre collection de coussins en forme d'animaux pour enfants n'est pas seulement douce et chaude, elle est aussi douce au toucher. Votre enfant adorera les animaux d\u00e8s son plus jeune \u00e2ge et deviendra son nouveau compagnon de jeu et de sommeil. Nos coussins sont toujours gais et amicaux et incitent \u00e0 jouer et \u00e0 \u00eatre aim\u00e9 tout en \u00e9tant un objet d\u00e9coratif.\",\"breadcrumb\":{\"@id\":\"https:\\\/\\\/crochetts.com\\\/fr\\\/tienda\\\/coussin-pinky\\\/#breadcrumb\"},\"inLanguage\":\"fr-FR\",\"potentialAction\":[{\"@type\":\"ReadAction\",\"target\":[\"https:\\\/\\\/crochetts.com\\\/fr\\\/tienda\\\/coussin-pinky\\\/\"]}]},{\"@type\":\"ImageObject\",\"inLanguage\":\"fr-FR\",\"@id\":\"https:\\\/\\\/crochetts.com\\\/fr\\\/tienda\\\/coussin-pinky\\\/#primaryimage\",\"url\":\"https:\\\/\\\/crochetts.com\\\/wp-content\\\/uploads\\\/2022\\\/09\\\/LT-1730C-18.jpg\",\"contentUrl\":\"https:\\\/\\\/crochetts.com\\\/wp-content\\\/uploads\\\/2022\\\/09\\\/LT-1730C-18.jpg\",\"width\":801,\"height\":1200,\"caption\":\"coussin au crochet\"},{\"@type\":\"BreadcrumbList\",\"@id\":\"https:\\\/\\\/crochetts.com\\\/fr\\\/tienda\\\/coussin-pinky\\\/#breadcrumb\",\"itemListElement\":[{\"@type\":\"ListItem\",\"position\":1,\"name\":\"Portada\",\"item\":\"https:\\\/\\\/crochetts.com\\\/fr\\\/accueil\\\/\"},{\"@type\":\"ListItem\",\"position\":2,\"name\":\"Boutique\",\"item\":\"https:\\\/\\\/crochetts.fr\\\/boutique\\\/\"},{\"@type\":\"ListItem\",\"position\":3,\"name\":\"COUSSIN PINKY\"}]},{\"@type\":\"WebSite\",\"@id\":\"https:\\\/\\\/crochetts.com\\\/fr\\\/#website\",\"url\":\"https:\\\/\\\/crochetts.com\\\/fr\\\/\",\"name\":\"Crochetts\",\"description\":\"ANIMALES DE CROCHET PARA JUGAR,DECORAR Y SO\u00d1AR\",\"publisher\":{\"@id\":\"https:\\\/\\\/crochetts.com\\\/fr\\\/#organization\"},\"potentialAction\":[{\"@type\":\"SearchAction\",\"target\":{\"@type\":\"EntryPoint\",\"urlTemplate\":\"https:\\\/\\\/crochetts.com\\\/fr\\\/?s={search_term_string}\"},\"query-input\":{\"@type\":\"PropertyValueSpecification\",\"valueRequired\":true,\"valueName\":\"search_term_string\"}}],\"inLanguage\":\"fr-FR\"},{\"@type\":\"Organization\",\"@id\":\"https:\\\/\\\/crochetts.com\\\/fr\\\/#organization\",\"name\":\"Crochets\",\"url\":\"https:\\\/\\\/crochetts.com\\\/fr\\\/\",\"logo\":{\"@type\":\"ImageObject\",\"inLanguage\":\"fr-FR\",\"@id\":\"https:\\\/\\\/crochetts.com\\\/fr\\\/#\\\/schema\\\/logo\\\/image\\\/\",\"url\":\"https:\\\/\\\/i2.wp.com\\\/crochetts.com\\\/wp-content\\\/uploads\\\/2021\\\/01\\\/Logo-Crochetts.jpg?fit=300%2C137&ssl=1\",\"contentUrl\":\"https:\\\/\\\/i2.wp.com\\\/crochetts.com\\\/wp-content\\\/uploads\\\/2021\\\/01\\\/Logo-Crochetts.jpg?fit=300%2C137&ssl=1\",\"width\":300,\"height\":137,\"caption\":\"Crochets\"},\"image\":{\"@id\":\"https:\\\/\\\/crochetts.com\\\/fr\\\/#\\\/schema\\\/logo\\\/image\\\/\"},\"sameAs\":[\"https:\\\/\\\/www.facebook.com\\\/Crochetts-101964178013493\",\"https:\\\/\\\/www.instagram.com\\\/crochetts_\\\/\"]}]}<\/script>\n<meta property=\"product:price:amount\" content=\"50.00\" \/>\n<meta property=\"product:price:currency\" content=\"EUR\" \/>\n<meta property=\"og:availability\" content=\"instock\" \/>\n<meta property=\"product:availability\" content=\"instock\" \/>\n<meta property=\"product:retailer_item_id\" content=\"LT-1730C\" \/>\n<meta property=\"product:condition\" content=\"new\" \/>\n<!-- \/ Yoast SEO Premium plugin. -->","yoast_head_json":{"title":"COUSSIN - COUSSIN PINKY - Crochetts%%.","description":"Notre collection de coussins en forme d'animaux pour enfants n'est pas seulement douce et chaude, elle est aussi douce au toucher. Votre enfant adorera les animaux d\u00e8s son plus jeune \u00e2ge et deviendra son nouveau compagnon de jeu et de sommeil. Nos coussins sont toujours gais et amicaux et incitent \u00e0 jouer et \u00e0 \u00eatre aim\u00e9 tout en \u00e9tant un objet d\u00e9coratif.","robots":{"index":"index","follow":"follow","max-snippet":"max-snippet:-1","max-image-preview":"max-image-preview:large","max-video-preview":"max-video-preview:-1"},"canonical":"https:\/\/crochetts.com\/fr\/tienda\/coussin-pinky\/","og_locale":"fr_FR","og_type":"article","og_title":"COUSSIN PINKY","og_description":"Laissez libre cours \u00e0 l'imagination de votre enfant avec notre peluche Pinky, en coton 100 % hypoallerg\u00e9nique. Ce doudou color\u00e9 en forme de girafe est doux et agr\u00e9able au toucher. Il apportera de la couleur et de la joie partout o\u00f9 vous l'appr\u00e9cierez, cr\u00e9ant une atmosph\u00e8re chaleureuse et douillette. Pinky deviendra le meilleur compagnon de jeu de votre enfant et pourra m\u00eame l'accompagner jusqu'\u00e0 l'heure du coucher. Id\u00e9al pour les chambres d'enfants ou les aires de jeux.","og_url":"https:\/\/crochetts.com\/fr\/tienda\/coussin-pinky\/","og_site_name":"Crochetts","article_publisher":"https:\/\/www.facebook.com\/Crochetts-101964178013493","article_modified_time":"2025-11-21T13:27:01+00:00","og_image":[{"width":801,"height":1200,"url":"https:\/\/crochetts.com\/wp-content\/uploads\/2022\/09\/LT-1730C-18.jpg","type":"image\/jpeg"}],"twitter_card":"summary_large_image","twitter_misc":{"Prix":"50,00&nbsp;&euro;","Disponibilit\u00e9":"En stock"},"schema":{"@context":"https:\/\/schema.org","@graph":[{"@type":"WebPage","@id":"https:\/\/crochetts.com\/fr\/tienda\/coussin-pinky\/","url":"https:\/\/crochetts.com\/fr\/tienda\/coussin-pinky\/","name":"COUSSIN - COUSSIN PINKY - Crochetts%%.","isPartOf":{"@id":"https:\/\/crochetts.com\/fr\/#website"},"primaryImageOfPage":{"@id":"https:\/\/crochetts.com\/fr\/tienda\/coussin-pinky\/#primaryimage"},"image":{"@id":"https:\/\/crochetts.com\/fr\/tienda\/coussin-pinky\/#primaryimage"},"thumbnailUrl":"https:\/\/crochetts.com\/wp-content\/uploads\/2022\/09\/LT-1730C-18.jpg","datePublished":"2022-09-30T10:42:19+00:00","dateModified":"2025-11-21T13:27:01+00:00","description":"Notre collection de coussins en forme d'animaux pour enfants n'est pas seulement douce et chaude, elle est aussi douce au toucher. Votre enfant adorera les animaux d\u00e8s son plus jeune \u00e2ge et deviendra son nouveau compagnon de jeu et de sommeil. Nos coussins sont toujours gais et amicaux et incitent \u00e0 jouer et \u00e0 \u00eatre aim\u00e9 tout en \u00e9tant un objet d\u00e9coratif.","breadcrumb":{"@id":"https:\/\/crochetts.com\/fr\/tienda\/coussin-pinky\/#breadcrumb"},"inLanguage":"fr-FR","potentialAction":[{"@type":"ReadAction","target":["https:\/\/crochetts.com\/fr\/tienda\/coussin-pinky\/"]}]},{"@type":"ImageObject","inLanguage":"fr-FR","@id":"https:\/\/crochetts.com\/fr\/tienda\/coussin-pinky\/#primaryimage","url":"https:\/\/crochetts.com\/wp-content\/uploads\/2022\/09\/LT-1730C-18.jpg","contentUrl":"https:\/\/crochetts.com\/wp-content\/uploads\/2022\/09\/LT-1730C-18.jpg","width":801,"height":1200,"caption":"coussin au crochet"},{"@type":"BreadcrumbList","@id":"https:\/\/crochetts.com\/fr\/tienda\/coussin-pinky\/#breadcrumb","itemListElement":[{"@type":"ListItem","position":1,"name":"Portada","item":"https:\/\/crochetts.com\/fr\/accueil\/"},{"@type":"ListItem","position":2,"name":"Boutique","item":"https:\/\/crochetts.fr\/boutique\/"},{"@type":"ListItem","position":3,"name":"COUSSIN PINKY"}]},{"@type":"WebSite","@id":"https:\/\/crochetts.com\/fr\/#website","url":"https:\/\/crochetts.com\/fr\/","name":"Crochetts","description":"ANIMALES DE CROCHET PARA JUGAR,DECORAR Y SO\u00d1AR","publisher":{"@id":"https:\/\/crochetts.com\/fr\/#organization"},"potentialAction":[{"@type":"SearchAction","target":{"@type":"EntryPoint","urlTemplate":"https:\/\/crochetts.com\/fr\/?s={search_term_string}"},"query-input":{"@type":"PropertyValueSpecification","valueRequired":true,"valueName":"search_term_string"}}],"inLanguage":"fr-FR"},{"@type":"Organization","@id":"https:\/\/crochetts.com\/fr\/#organization","name":"Crochets","url":"https:\/\/crochetts.com\/fr\/","logo":{"@type":"ImageObject","inLanguage":"fr-FR","@id":"https:\/\/crochetts.com\/fr\/#\/schema\/logo\/image\/","url":"https:\/\/i2.wp.com\/crochetts.com\/wp-content\/uploads\/2021\/01\/Logo-Crochetts.jpg?fit=300%2C137&ssl=1","contentUrl":"https:\/\/i2.wp.com\/crochetts.com\/wp-content\/uploads\/2021\/01\/Logo-Crochetts.jpg?fit=300%2C137&ssl=1","width":300,"height":137,"caption":"Crochets"},"image":{"@id":"https:\/\/crochetts.com\/fr\/#\/schema\/logo\/image\/"},"sameAs":["https:\/\/www.facebook.com\/Crochetts-101964178013493","https:\/\/www.instagram.com\/crochetts_\/"]}]},"product_price_amount":"50.00","product_price_currency":"EUR","og_availability":"instock","product_availability":"instock","product_retailer_item_id":"LT-1730C","product_condition":"new"},"_links":{"self":[{"href":"https:\/\/crochetts.com\/fr\/wp-json\/wp\/v2\/product\/24440","targetHints":{"allow":["GET"]}}],"collection":[{"href":"https:\/\/crochetts.com\/fr\/wp-json\/wp\/v2\/product"}],"about":[{"href":"https:\/\/crochetts.com\/fr\/wp-json\/wp\/v2\/types\/product"}],"wp:featuredmedia":[{"embeddable":true,"href":"https:\/\/crochetts.com\/fr\/wp-json\/wp\/v2\/media\/24447"}],"wp:attachment":[{"href":"https:\/\/crochetts.com\/fr\/wp-json\/wp\/v2\/media?parent=24440"}],"wp:term":[{"taxonomy":"product_brand","embeddable":true,"href":"https:\/\/crochetts.com\/fr\/wp-json\/wp\/v2\/product_brand?post=24440"},{"taxonomy":"product_cat","embeddable":true,"href":"https:\/\/crochetts.com\/fr\/wp-json\/wp\/v2\/product_cat?post=24440"},{"taxonomy":"product_tag","embeddable":true,"href":"https:\/\/crochetts.com\/fr\/wp-json\/wp\/v2\/product_tag?post=24440"}],"curies":[{"name":"wp","href":"https:\/\/api.w.org\/{rel}","templated":true}]}}