{"id":24431,"date":"2022-11-24T11:58:39","date_gmt":"2022-11-24T09:58:39","guid":{"rendered":"https:\/\/crochetts.com\/tienda\/survetement-matelasse-etoile\/"},"modified":"2025-11-21T14:25:16","modified_gmt":"2025-11-21T13:25:16","slug":"survetement-matelasse-etoile","status":"publish","type":"product","link":"https:\/\/crochetts.com\/fr\/tienda\/survetement-matelasse-etoile\/","title":{"rendered":"SURV\u00caTEMENT MATELASS\u00c9 \u00c9TOIL\u00c9"},"content":{"rendered":"<div style=\"text-align: justify;\"><\/div>\n<p>Notre <strong>collection textile<\/strong> est con\u00e7ue et <strong>fabriqu\u00e9e \u00e0 la main<\/strong> en <strong>Espagne<\/strong> avec les meilleurs mat\u00e9riaux, en se concentrant sur les petits d\u00e9tails avec un <strong>style<\/strong> <strong>classique<\/strong>, confortable et intemporel. De magnifiques<strong> surv\u00eatements<\/strong> compos\u00e9s de deux pi\u00e8ces, un sweat et un pantalon, avec un <strong>tissu<\/strong> <strong>matelass\u00e9<\/strong> qui ajoute une touche sp\u00e9ciale, faisant de ce v\u00eatement un basique tr\u00e8s polyvalent pour la <strong>saison hivernale<\/strong>. <\/p>\n<p>&nbsp;<\/p>\n<p>&nbsp;<\/p>\n<p>&nbsp;<\/p>\n<p>&nbsp;<\/p>\n<p>&nbsp;<\/p>\n","protected":false},"excerpt":{"rendered":"<p><strong>Notre surv\u00eatement Estrella <\/strong>est fabriqu\u00e9 en <strong>coton de<\/strong> haute qualit\u00e9. Il se compose d&rsquo;un sweat-shirt et d&rsquo;un pantalon, de <b>couleur rose <\/b>avec une<strong> texture en losange<\/strong>. Le sweat-shirt a des<strong> fermetures auto-agrippantes sur l&rsquo;\u00e9paule<\/strong> pour faciliter l&rsquo;enfilage. Le pantalon a un \u00e9lastique \u00e0 la taille. Les manches et les jambes sont munies de <strong>poignets<\/strong>. Un ensemble confortable, chaud et pratique, que vous pouvez combiner avec le mod\u00e8le fille pour que vous puissiez aller ensemble avec votre fr\u00e8re et votre s\u0153ur !     <\/p>\n<p><b>Disponible en plusieurs tailles.  <\/b><\/p>\n<p>&nbsp;<\/p>\n","protected":false},"featured_media":24441,"template":"","meta":{"_acf_changed":false,"_joinchat":[]},"product_brand":[],"product_cat":[5950],"product_tag":[6022,6021,6024,6025,6023],"class_list":{"0":"post-24431","1":"product","2":"type-product","3":"status-publish","4":"has-post-thumbnail","6":"product_cat-bebe-2","7":"product_tag-chandal-nino","8":"product_tag-survetement","9":"product_tag-survetement-en-coton","10":"product_tag-sweat-shirt","11":"product_tag-vetements-pour-enfants","12":"entry","14":"first","15":"instock","16":"taxable","17":"shipping-taxable","18":"purchasable","19":"product-type-variable"},"acf":[],"yoast_head":"<!-- This site is optimized with the Yoast SEO Premium plugin v26.1 (Yoast SEO v27.3) - https:\/\/yoast.com\/product\/yoast-seo-premium-wordpress\/ -->\n<title>GIRL - SURV\u00caTEMENT MATELASS\u00c9 \u00c9TOIL\u00c9 -% Crochetts%% Crochetts%%.<\/title>\n<meta name=\"description\" content=\"Notre collection textile est con\u00e7ue et fabriqu\u00e9e \u00e0 la main en Espagne avec les meilleurs mat\u00e9riaux, en se concentrant sur les petits d\u00e9tails avec un style classique, confortable et intemporel. De magnifiques surv\u00eatements compos\u00e9s de deux pi\u00e8ces, un sweat et un pantalon, avec un tissu matelass\u00e9 qui ajoute une touche sp\u00e9ciale, faisant de ce v\u00eatement un basique tr\u00e8s polyvalent pour la saison hivernale.\" \/>\n<meta name=\"robots\" content=\"index, follow, max-snippet:-1, max-image-preview:large, max-video-preview:-1\" \/>\n<link rel=\"canonical\" href=\"https:\/\/crochetts.com\/fr\/tienda\/survetement-matelasse-etoile\/\" \/>\n<meta property=\"og:locale\" content=\"fr_FR\" \/>\n<meta property=\"og:type\" content=\"article\" \/>\n<meta property=\"og:title\" content=\"SURV\u00caTEMENT MATELASS\u00c9 \u00c9TOIL\u00c9\" \/>\n<meta property=\"og:description\" content=\"Notre surv\u00eatement Estrella est fabriqu\u00e9 en coton de haute qualit\u00e9. Il se compose d&#039;un sweat-shirt et d&#039;un pantalon, de couleur rose avec une texture en losange. Le sweat-shirt a des fermetures auto-agrippantes sur l&#039;\u00e9paule pour faciliter l&#039;enfilage. Le pantalon a un \u00e9lastique \u00e0 la taille. Les manches et les jambes sont munies de poignets. Un ensemble confortable, chaud et pratique, que vous pouvez combiner avec le mod\u00e8le fille pour que vous puissiez aller ensemble avec votre fr\u00e8re et votre s\u0153ur !    Disponible en plusieurs tailles.  &nbsp;\" \/>\n<meta property=\"og:url\" content=\"https:\/\/crochetts.com\/fr\/tienda\/survetement-matelasse-etoile\/\" \/>\n<meta property=\"og:site_name\" content=\"Crochetts\" \/>\n<meta property=\"article:publisher\" content=\"https:\/\/www.facebook.com\/Crochetts-101964178013493\" \/>\n<meta property=\"article:modified_time\" content=\"2025-11-21T13:25:16+00:00\" \/>\n<meta property=\"og:image\" content=\"https:\/\/crochetts.com\/wp-content\/uploads\/2022\/11\/MG_9988-scaled.jpg\" \/>\n\t<meta property=\"og:image:width\" content=\"1707\" \/>\n\t<meta property=\"og:image:height\" content=\"2560\" \/>\n\t<meta property=\"og:image:type\" content=\"image\/jpeg\" \/>\n<meta name=\"twitter:card\" content=\"summary_large_image\" \/>\n<meta name=\"twitter:label1\" content=\"Disponibilit\u00e9\" \/>\n\t<meta name=\"twitter:data1\" content=\"En stock\" \/>\n<script type=\"application\/ld+json\" class=\"yoast-schema-graph\">{\"@context\":\"https:\\\/\\\/schema.org\",\"@graph\":[{\"@type\":\"WebPage\",\"@id\":\"https:\\\/\\\/crochetts.com\\\/fr\\\/tienda\\\/survetement-matelasse-etoile\\\/\",\"url\":\"https:\\\/\\\/crochetts.com\\\/fr\\\/tienda\\\/survetement-matelasse-etoile\\\/\",\"name\":\"GIRL - SURV\u00caTEMENT MATELASS\u00c9 \u00c9TOIL\u00c9 -% Crochetts%% Crochetts%%.\",\"isPartOf\":{\"@id\":\"https:\\\/\\\/crochetts.com\\\/fr\\\/#website\"},\"primaryImageOfPage\":{\"@id\":\"https:\\\/\\\/crochetts.com\\\/fr\\\/tienda\\\/survetement-matelasse-etoile\\\/#primaryimage\"},\"image\":{\"@id\":\"https:\\\/\\\/crochetts.com\\\/fr\\\/tienda\\\/survetement-matelasse-etoile\\\/#primaryimage\"},\"thumbnailUrl\":\"https:\\\/\\\/crochetts.com\\\/wp-content\\\/uploads\\\/2022\\\/11\\\/MG_9988-scaled.jpg\",\"datePublished\":\"2022-11-24T09:58:39+00:00\",\"dateModified\":\"2025-11-21T13:25:16+00:00\",\"description\":\"Notre collection textile est con\u00e7ue et fabriqu\u00e9e \u00e0 la main en Espagne avec les meilleurs mat\u00e9riaux, en se concentrant sur les petits d\u00e9tails avec un style classique, confortable et intemporel. De magnifiques surv\u00eatements compos\u00e9s de deux pi\u00e8ces, un sweat et un pantalon, avec un tissu matelass\u00e9 qui ajoute une touche sp\u00e9ciale, faisant de ce v\u00eatement un basique tr\u00e8s polyvalent pour la saison hivernale.\",\"breadcrumb\":{\"@id\":\"https:\\\/\\\/crochetts.com\\\/fr\\\/tienda\\\/survetement-matelasse-etoile\\\/#breadcrumb\"},\"inLanguage\":\"fr-FR\",\"potentialAction\":[{\"@type\":\"ReadAction\",\"target\":[\"https:\\\/\\\/crochetts.com\\\/fr\\\/tienda\\\/survetement-matelasse-etoile\\\/\"]}]},{\"@type\":\"ImageObject\",\"inLanguage\":\"fr-FR\",\"@id\":\"https:\\\/\\\/crochetts.com\\\/fr\\\/tienda\\\/survetement-matelasse-etoile\\\/#primaryimage\",\"url\":\"https:\\\/\\\/crochetts.com\\\/wp-content\\\/uploads\\\/2022\\\/11\\\/MG_9988-scaled.jpg\",\"contentUrl\":\"https:\\\/\\\/crochetts.com\\\/wp-content\\\/uploads\\\/2022\\\/11\\\/MG_9988-scaled.jpg\",\"width\":1707,\"height\":2560,\"caption\":\"surv\u00eatement\"},{\"@type\":\"BreadcrumbList\",\"@id\":\"https:\\\/\\\/crochetts.com\\\/fr\\\/tienda\\\/survetement-matelasse-etoile\\\/#breadcrumb\",\"itemListElement\":[{\"@type\":\"ListItem\",\"position\":1,\"name\":\"Portada\",\"item\":\"https:\\\/\\\/crochetts.com\\\/fr\\\/accueil\\\/\"},{\"@type\":\"ListItem\",\"position\":2,\"name\":\"Boutique\",\"item\":\"https:\\\/\\\/crochetts.fr\\\/boutique\\\/\"},{\"@type\":\"ListItem\",\"position\":3,\"name\":\"SURV\u00caTEMENT MATELASS\u00c9 \u00c9TOIL\u00c9\"}]},{\"@type\":\"WebSite\",\"@id\":\"https:\\\/\\\/crochetts.com\\\/fr\\\/#website\",\"url\":\"https:\\\/\\\/crochetts.com\\\/fr\\\/\",\"name\":\"Crochetts\",\"description\":\"ANIMALES DE CROCHET PARA JUGAR,DECORAR Y SO\u00d1AR\",\"publisher\":{\"@id\":\"https:\\\/\\\/crochetts.com\\\/fr\\\/#organization\"},\"potentialAction\":[{\"@type\":\"SearchAction\",\"target\":{\"@type\":\"EntryPoint\",\"urlTemplate\":\"https:\\\/\\\/crochetts.com\\\/fr\\\/?s={search_term_string}\"},\"query-input\":{\"@type\":\"PropertyValueSpecification\",\"valueRequired\":true,\"valueName\":\"search_term_string\"}}],\"inLanguage\":\"fr-FR\"},{\"@type\":\"Organization\",\"@id\":\"https:\\\/\\\/crochetts.com\\\/fr\\\/#organization\",\"name\":\"Crochets\",\"url\":\"https:\\\/\\\/crochetts.com\\\/fr\\\/\",\"logo\":{\"@type\":\"ImageObject\",\"inLanguage\":\"fr-FR\",\"@id\":\"https:\\\/\\\/crochetts.com\\\/fr\\\/#\\\/schema\\\/logo\\\/image\\\/\",\"url\":\"https:\\\/\\\/i2.wp.com\\\/crochetts.com\\\/wp-content\\\/uploads\\\/2021\\\/01\\\/Logo-Crochetts.jpg?fit=300%2C137&ssl=1\",\"contentUrl\":\"https:\\\/\\\/i2.wp.com\\\/crochetts.com\\\/wp-content\\\/uploads\\\/2021\\\/01\\\/Logo-Crochetts.jpg?fit=300%2C137&ssl=1\",\"width\":300,\"height\":137,\"caption\":\"Crochets\"},\"image\":{\"@id\":\"https:\\\/\\\/crochetts.com\\\/fr\\\/#\\\/schema\\\/logo\\\/image\\\/\"},\"sameAs\":[\"https:\\\/\\\/www.facebook.com\\\/Crochetts-101964178013493\",\"https:\\\/\\\/www.instagram.com\\\/crochetts_\\\/\"]}]}<\/script>\n<meta property=\"og:availability\" content=\"instock\" \/>\n<meta property=\"product:availability\" content=\"instock\" \/>\n<meta property=\"product:retailer_item_id\" content=\"C36051-N\" \/>\n<meta property=\"product:condition\" content=\"new\" \/>\n<!-- \/ Yoast SEO Premium plugin. -->","yoast_head_json":{"title":"GIRL - SURV\u00caTEMENT MATELASS\u00c9 \u00c9TOIL\u00c9 -% Crochetts%% Crochetts%%.","description":"Notre collection textile est con\u00e7ue et fabriqu\u00e9e \u00e0 la main en Espagne avec les meilleurs mat\u00e9riaux, en se concentrant sur les petits d\u00e9tails avec un style classique, confortable et intemporel. De magnifiques surv\u00eatements compos\u00e9s de deux pi\u00e8ces, un sweat et un pantalon, avec un tissu matelass\u00e9 qui ajoute une touche sp\u00e9ciale, faisant de ce v\u00eatement un basique tr\u00e8s polyvalent pour la saison hivernale.","robots":{"index":"index","follow":"follow","max-snippet":"max-snippet:-1","max-image-preview":"max-image-preview:large","max-video-preview":"max-video-preview:-1"},"canonical":"https:\/\/crochetts.com\/fr\/tienda\/survetement-matelasse-etoile\/","og_locale":"fr_FR","og_type":"article","og_title":"SURV\u00caTEMENT MATELASS\u00c9 \u00c9TOIL\u00c9","og_description":"Notre surv\u00eatement Estrella est fabriqu\u00e9 en coton de haute qualit\u00e9. Il se compose d'un sweat-shirt et d'un pantalon, de couleur rose avec une texture en losange. Le sweat-shirt a des fermetures auto-agrippantes sur l'\u00e9paule pour faciliter l'enfilage. Le pantalon a un \u00e9lastique \u00e0 la taille. Les manches et les jambes sont munies de poignets. Un ensemble confortable, chaud et pratique, que vous pouvez combiner avec le mod\u00e8le fille pour que vous puissiez aller ensemble avec votre fr\u00e8re et votre s\u0153ur !    Disponible en plusieurs tailles.  &nbsp;","og_url":"https:\/\/crochetts.com\/fr\/tienda\/survetement-matelasse-etoile\/","og_site_name":"Crochetts","article_publisher":"https:\/\/www.facebook.com\/Crochetts-101964178013493","article_modified_time":"2025-11-21T13:25:16+00:00","og_image":[{"width":1707,"height":2560,"url":"https:\/\/crochetts.com\/wp-content\/uploads\/2022\/11\/MG_9988-scaled.jpg","type":"image\/jpeg"}],"twitter_card":"summary_large_image","twitter_misc":{"Disponibilit\u00e9":"En stock"},"schema":{"@context":"https:\/\/schema.org","@graph":[{"@type":"WebPage","@id":"https:\/\/crochetts.com\/fr\/tienda\/survetement-matelasse-etoile\/","url":"https:\/\/crochetts.com\/fr\/tienda\/survetement-matelasse-etoile\/","name":"GIRL - SURV\u00caTEMENT MATELASS\u00c9 \u00c9TOIL\u00c9 -% Crochetts%% Crochetts%%.","isPartOf":{"@id":"https:\/\/crochetts.com\/fr\/#website"},"primaryImageOfPage":{"@id":"https:\/\/crochetts.com\/fr\/tienda\/survetement-matelasse-etoile\/#primaryimage"},"image":{"@id":"https:\/\/crochetts.com\/fr\/tienda\/survetement-matelasse-etoile\/#primaryimage"},"thumbnailUrl":"https:\/\/crochetts.com\/wp-content\/uploads\/2022\/11\/MG_9988-scaled.jpg","datePublished":"2022-11-24T09:58:39+00:00","dateModified":"2025-11-21T13:25:16+00:00","description":"Notre collection textile est con\u00e7ue et fabriqu\u00e9e \u00e0 la main en Espagne avec les meilleurs mat\u00e9riaux, en se concentrant sur les petits d\u00e9tails avec un style classique, confortable et intemporel. De magnifiques surv\u00eatements compos\u00e9s de deux pi\u00e8ces, un sweat et un pantalon, avec un tissu matelass\u00e9 qui ajoute une touche sp\u00e9ciale, faisant de ce v\u00eatement un basique tr\u00e8s polyvalent pour la saison hivernale.","breadcrumb":{"@id":"https:\/\/crochetts.com\/fr\/tienda\/survetement-matelasse-etoile\/#breadcrumb"},"inLanguage":"fr-FR","potentialAction":[{"@type":"ReadAction","target":["https:\/\/crochetts.com\/fr\/tienda\/survetement-matelasse-etoile\/"]}]},{"@type":"ImageObject","inLanguage":"fr-FR","@id":"https:\/\/crochetts.com\/fr\/tienda\/survetement-matelasse-etoile\/#primaryimage","url":"https:\/\/crochetts.com\/wp-content\/uploads\/2022\/11\/MG_9988-scaled.jpg","contentUrl":"https:\/\/crochetts.com\/wp-content\/uploads\/2022\/11\/MG_9988-scaled.jpg","width":1707,"height":2560,"caption":"surv\u00eatement"},{"@type":"BreadcrumbList","@id":"https:\/\/crochetts.com\/fr\/tienda\/survetement-matelasse-etoile\/#breadcrumb","itemListElement":[{"@type":"ListItem","position":1,"name":"Portada","item":"https:\/\/crochetts.com\/fr\/accueil\/"},{"@type":"ListItem","position":2,"name":"Boutique","item":"https:\/\/crochetts.fr\/boutique\/"},{"@type":"ListItem","position":3,"name":"SURV\u00caTEMENT MATELASS\u00c9 \u00c9TOIL\u00c9"}]},{"@type":"WebSite","@id":"https:\/\/crochetts.com\/fr\/#website","url":"https:\/\/crochetts.com\/fr\/","name":"Crochetts","description":"ANIMALES DE CROCHET PARA JUGAR,DECORAR Y SO\u00d1AR","publisher":{"@id":"https:\/\/crochetts.com\/fr\/#organization"},"potentialAction":[{"@type":"SearchAction","target":{"@type":"EntryPoint","urlTemplate":"https:\/\/crochetts.com\/fr\/?s={search_term_string}"},"query-input":{"@type":"PropertyValueSpecification","valueRequired":true,"valueName":"search_term_string"}}],"inLanguage":"fr-FR"},{"@type":"Organization","@id":"https:\/\/crochetts.com\/fr\/#organization","name":"Crochets","url":"https:\/\/crochetts.com\/fr\/","logo":{"@type":"ImageObject","inLanguage":"fr-FR","@id":"https:\/\/crochetts.com\/fr\/#\/schema\/logo\/image\/","url":"https:\/\/i2.wp.com\/crochetts.com\/wp-content\/uploads\/2021\/01\/Logo-Crochetts.jpg?fit=300%2C137&ssl=1","contentUrl":"https:\/\/i2.wp.com\/crochetts.com\/wp-content\/uploads\/2021\/01\/Logo-Crochetts.jpg?fit=300%2C137&ssl=1","width":300,"height":137,"caption":"Crochets"},"image":{"@id":"https:\/\/crochetts.com\/fr\/#\/schema\/logo\/image\/"},"sameAs":["https:\/\/www.facebook.com\/Crochetts-101964178013493","https:\/\/www.instagram.com\/crochetts_\/"]}]},"og_availability":"instock","product_availability":"instock","product_retailer_item_id":"C36051-N","product_condition":"new"},"_links":{"self":[{"href":"https:\/\/crochetts.com\/fr\/wp-json\/wp\/v2\/product\/24431","targetHints":{"allow":["GET"]}}],"collection":[{"href":"https:\/\/crochetts.com\/fr\/wp-json\/wp\/v2\/product"}],"about":[{"href":"https:\/\/crochetts.com\/fr\/wp-json\/wp\/v2\/types\/product"}],"wp:featuredmedia":[{"embeddable":true,"href":"https:\/\/crochetts.com\/fr\/wp-json\/wp\/v2\/media\/24441"}],"wp:attachment":[{"href":"https:\/\/crochetts.com\/fr\/wp-json\/wp\/v2\/media?parent=24431"}],"wp:term":[{"taxonomy":"product_brand","embeddable":true,"href":"https:\/\/crochetts.com\/fr\/wp-json\/wp\/v2\/product_brand?post=24431"},{"taxonomy":"product_cat","embeddable":true,"href":"https:\/\/crochetts.com\/fr\/wp-json\/wp\/v2\/product_cat?post=24431"},{"taxonomy":"product_tag","embeddable":true,"href":"https:\/\/crochetts.com\/fr\/wp-json\/wp\/v2\/product_tag?post=24431"}],"curies":[{"name":"wp","href":"https:\/\/api.w.org\/{rel}","templated":true}]}}