{"id":24417,"date":"2022-10-19T10:26:48","date_gmt":"2022-10-19T09:26:48","guid":{"rendered":"https:\/\/crochetts.com\/tienda\/couverture-sirene-violette-60140cm\/"},"modified":"2025-11-21T14:25:23","modified_gmt":"2025-11-21T13:25:23","slug":"couverture-sirene-violette-60140cm","status":"publish","type":"product","link":"https:\/\/crochetts.com\/fr\/tienda\/couverture-sirene-violette-60140cm\/","title":{"rendered":"COUVERTURE SIR\u00c8NE VIOLETTE - 60*140CM"},"content":{"rendered":"<div style=\"text-align: justify;\">\n<p>Notre collection de <strong>couvertures<\/strong> a un design de r\u00eave, des couvertures <strong>\u00e0 queue de<\/strong> <strong>sir\u00e8ne<\/strong> avec des <strong>\u00e9cailles<\/strong>, que vous pouvez choisir parmi une <strong>vari\u00e9t\u00e9 de mod\u00e8les <\/strong>et de<strong> tailles.<\/strong><\/p>\n<\/div>\n<p>La couverture de sir\u00e8ne est le seul moyen d&rsquo;\u00eatre \u00e0 l&rsquo;aise \u00e0 la <strong>maison<\/strong> tout en restant \u00e9l\u00e9gant,   <strong>choisissez la couleur qui vous convient le mieux !<\/strong><\/p>\n<p>Devenez une sir\u00e8ne dans vos <strong>r\u00eaves<\/strong> <strong>les plus doux<\/strong> avec cette couverture de sieste chaude et confortable, qui satisfait le sommeil de toutes les petites filles.<\/p>\n<p>C&rsquo;est le choix <strong>id\u00e9al pour un cadeau d&rsquo;<\/strong> <strong>anniversaire <\/strong>ou pour organiser une <strong>soir\u00e9e<\/strong> <strong>pyjama<\/strong> entre amis.<\/p>\n<p>&nbsp;<\/p>\n<p>&nbsp;<\/p>\n","protected":false},"excerpt":{"rendered":"<p>Laissez libre cours \u00e0 votre imagination avec notre <strong>couverture de<\/strong> <strong>sir\u00e8ne<\/strong> con\u00e7ue au <strong>point d&rsquo;<\/strong> <strong>\u00e9chelle<\/strong> sp\u00e9cialement pour les <strong>filles<\/strong> qui aiment les sir\u00e8nes.<strong> <\/strong>en <strong>violet<\/strong>. Notre couverture de sir\u00e8ne est fabriqu\u00e9e en tissu acrylique, tr\u00e8s chaud et <g id=\"gid_1\">doux<\/g> au <g id=\"gid_2\">toucher<\/g>. Elle est dot\u00e9e d&rsquo;une <g id=\"gid_3\">ouverture<\/g> au <g id=\"gid_4\">dos<\/g> pour faciliter l&rsquo;entr\u00e9e et la sortie. C&rsquo;est une couverture tr\u00e8s <g id=\"gid_5\">pratique<\/g> pour <g id=\"gid_6\">se d\u00e9tendre<\/g> sur le canap\u00e9, faire une sieste ou l&#8217;emporter en voyage. Elle est \u00e9galement id\u00e9ale comme <strong>cadeau pour<\/strong> r\u00e9aliser le <strong>r\u00eave<\/strong> d&rsquo;\u00eatre une <strong>sir\u00e8ne<\/strong>!    <\/p>\n<ul>\n<li><strong>TAILLE M <\/strong>(de 5 \u00e0 12 ans).<\/li>\n<\/ul>\n","protected":false},"featured_media":24418,"template":"","meta":{"_acf_changed":false,"_joinchat":[]},"product_brand":[],"product_cat":[5639],"product_tag":[6017,5960,6016,5962,5961],"class_list":{"0":"post-24417","1":"product","2":"type-product","3":"status-publish","4":"has-post-thumbnail","6":"product_cat-couvertures-et-serviettes","7":"product_tag-couverture-a-queue-sirana","8":"product_tag-couverture-de-canape","9":"product_tag-couverture-de-sirene","10":"product_tag-couverture-pour-enfants","11":"product_tag-couverture-pour-filles","12":"entry","14":"first","15":"instock","16":"taxable","17":"shipping-taxable","18":"purchasable","19":"product-type-simple"},"acf":[],"yoast_head":"<!-- This site is optimized with the Yoast SEO Premium plugin v26.1 (Yoast SEO v27.3) - https:\/\/yoast.com\/product\/yoast-seo-premium-wordpress\/ -->\n<title>MANTAS%- COUVERTURE SIR\u00c8NE VIOLETTE - 60*140CM -% Crochetts% Crochetts%%.<\/title>\n<meta name=\"description\" content=\"Notre collection de couvertures a un design de r\u00eave, des couvertures en forme de queue de sir\u00e8ne avec des \u00e9cailles dans diff\u00e9rentes couleurs et tailles au choix. Le choix id\u00e9al pour un cadeau d&#039;anniversaire parfait.\" \/>\n<meta name=\"robots\" content=\"index, follow, max-snippet:-1, max-image-preview:large, max-video-preview:-1\" \/>\n<link rel=\"canonical\" href=\"https:\/\/crochetts.com\/fr\/tienda\/couverture-sirene-violette-60140cm\/\" \/>\n<meta property=\"og:locale\" content=\"fr_FR\" \/>\n<meta property=\"og:type\" content=\"article\" \/>\n<meta property=\"og:title\" content=\"COUVERTURE SIR\u00c8NE VIOLETTE - 60*140CM\" \/>\n<meta property=\"og:description\" content=\"Laissez libre cours \u00e0 votre imagination avec notre couverture de sir\u00e8ne con\u00e7ue au point d&#039; \u00e9chelle sp\u00e9cialement pour les filles qui aiment les sir\u00e8nes. en violet. Notre couverture de sir\u00e8ne est fabriqu\u00e9e en tissu acrylique, tr\u00e8s chaud et doux au toucher. Elle est dot\u00e9e d&#039;une ouverture au dos pour faciliter l&#039;entr\u00e9e et la sortie. C&#039;est une couverture tr\u00e8s pratique pour se d\u00e9tendre sur le canap\u00e9, faire une sieste ou l&#039;emporter en voyage. Elle est \u00e9galement id\u00e9ale comme cadeau pour r\u00e9aliser le r\u00eave d&#039;\u00eatre une sir\u00e8ne!    TAILLE M (de 5 \u00e0 12 ans).\" \/>\n<meta property=\"og:url\" content=\"https:\/\/crochetts.com\/fr\/tienda\/couverture-sirene-violette-60140cm\/\" \/>\n<meta property=\"og:site_name\" content=\"Crochetts\" \/>\n<meta property=\"article:publisher\" content=\"https:\/\/www.facebook.com\/Crochetts-101964178013493\" \/>\n<meta property=\"article:modified_time\" content=\"2025-11-21T13:25:23+00:00\" \/>\n<meta property=\"og:image\" content=\"https:\/\/crochetts.com\/wp-content\/uploads\/2022\/10\/BK2106-MM-1.jpg\" \/>\n\t<meta property=\"og:image:width\" content=\"534\" \/>\n\t<meta property=\"og:image:height\" content=\"800\" \/>\n\t<meta property=\"og:image:type\" content=\"image\/jpeg\" \/>\n<meta name=\"twitter:card\" content=\"summary_large_image\" \/>\n<meta name=\"twitter:label1\" content=\"Prix\" \/>\n\t<meta name=\"twitter:data1\" content=\"50,00&nbsp;&euro;\" \/>\n\t<meta name=\"twitter:label2\" content=\"Disponibilit\u00e9\" \/>\n\t<meta name=\"twitter:data2\" content=\"En stock\" \/>\n<script type=\"application\/ld+json\" class=\"yoast-schema-graph\">{\"@context\":\"https:\\\/\\\/schema.org\",\"@graph\":[{\"@type\":\"WebPage\",\"@id\":\"https:\\\/\\\/crochetts.com\\\/fr\\\/tienda\\\/couverture-sirene-violette-60140cm\\\/\",\"url\":\"https:\\\/\\\/crochetts.com\\\/fr\\\/tienda\\\/couverture-sirene-violette-60140cm\\\/\",\"name\":\"MANTAS%- COUVERTURE SIR\u00c8NE VIOLETTE - 60*140CM -% Crochetts% Crochetts%%.\",\"isPartOf\":{\"@id\":\"https:\\\/\\\/crochetts.com\\\/fr\\\/#website\"},\"primaryImageOfPage\":{\"@id\":\"https:\\\/\\\/crochetts.com\\\/fr\\\/tienda\\\/couverture-sirene-violette-60140cm\\\/#primaryimage\"},\"image\":{\"@id\":\"https:\\\/\\\/crochetts.com\\\/fr\\\/tienda\\\/couverture-sirene-violette-60140cm\\\/#primaryimage\"},\"thumbnailUrl\":\"https:\\\/\\\/crochetts.com\\\/wp-content\\\/uploads\\\/2022\\\/10\\\/BK2106-MM-1.jpg\",\"datePublished\":\"2022-10-19T09:26:48+00:00\",\"dateModified\":\"2025-11-21T13:25:23+00:00\",\"description\":\"Notre collection de couvertures a un design de r\u00eave, des couvertures en forme de queue de sir\u00e8ne avec des \u00e9cailles dans diff\u00e9rentes couleurs et tailles au choix. Le choix id\u00e9al pour un cadeau d'anniversaire parfait.\",\"breadcrumb\":{\"@id\":\"https:\\\/\\\/crochetts.com\\\/fr\\\/tienda\\\/couverture-sirene-violette-60140cm\\\/#breadcrumb\"},\"inLanguage\":\"fr-FR\",\"potentialAction\":[{\"@type\":\"ReadAction\",\"target\":[\"https:\\\/\\\/crochetts.com\\\/fr\\\/tienda\\\/couverture-sirene-violette-60140cm\\\/\"]}]},{\"@type\":\"ImageObject\",\"inLanguage\":\"fr-FR\",\"@id\":\"https:\\\/\\\/crochetts.com\\\/fr\\\/tienda\\\/couverture-sirene-violette-60140cm\\\/#primaryimage\",\"url\":\"https:\\\/\\\/crochetts.com\\\/wp-content\\\/uploads\\\/2022\\\/10\\\/BK2106-MM-1.jpg\",\"contentUrl\":\"https:\\\/\\\/crochetts.com\\\/wp-content\\\/uploads\\\/2022\\\/10\\\/BK2106-MM-1.jpg\",\"width\":534,\"height\":800},{\"@type\":\"BreadcrumbList\",\"@id\":\"https:\\\/\\\/crochetts.com\\\/fr\\\/tienda\\\/couverture-sirene-violette-60140cm\\\/#breadcrumb\",\"itemListElement\":[{\"@type\":\"ListItem\",\"position\":1,\"name\":\"Portada\",\"item\":\"https:\\\/\\\/crochetts.com\\\/fr\\\/accueil\\\/\"},{\"@type\":\"ListItem\",\"position\":2,\"name\":\"Boutique\",\"item\":\"https:\\\/\\\/crochetts.fr\\\/boutique\\\/\"},{\"@type\":\"ListItem\",\"position\":3,\"name\":\"COUVERTURE SIR\u00c8NE VIOLETTE &#8211; 60*140CM\"}]},{\"@type\":\"WebSite\",\"@id\":\"https:\\\/\\\/crochetts.com\\\/fr\\\/#website\",\"url\":\"https:\\\/\\\/crochetts.com\\\/fr\\\/\",\"name\":\"Crochetts\",\"description\":\"ANIMALES DE CROCHET PARA JUGAR,DECORAR Y SO\u00d1AR\",\"publisher\":{\"@id\":\"https:\\\/\\\/crochetts.com\\\/fr\\\/#organization\"},\"potentialAction\":[{\"@type\":\"SearchAction\",\"target\":{\"@type\":\"EntryPoint\",\"urlTemplate\":\"https:\\\/\\\/crochetts.com\\\/fr\\\/?s={search_term_string}\"},\"query-input\":{\"@type\":\"PropertyValueSpecification\",\"valueRequired\":true,\"valueName\":\"search_term_string\"}}],\"inLanguage\":\"fr-FR\"},{\"@type\":\"Organization\",\"@id\":\"https:\\\/\\\/crochetts.com\\\/fr\\\/#organization\",\"name\":\"Crochets\",\"url\":\"https:\\\/\\\/crochetts.com\\\/fr\\\/\",\"logo\":{\"@type\":\"ImageObject\",\"inLanguage\":\"fr-FR\",\"@id\":\"https:\\\/\\\/crochetts.com\\\/fr\\\/#\\\/schema\\\/logo\\\/image\\\/\",\"url\":\"https:\\\/\\\/i2.wp.com\\\/crochetts.com\\\/wp-content\\\/uploads\\\/2021\\\/01\\\/Logo-Crochetts.jpg?fit=300%2C137&ssl=1\",\"contentUrl\":\"https:\\\/\\\/i2.wp.com\\\/crochetts.com\\\/wp-content\\\/uploads\\\/2021\\\/01\\\/Logo-Crochetts.jpg?fit=300%2C137&ssl=1\",\"width\":300,\"height\":137,\"caption\":\"Crochets\"},\"image\":{\"@id\":\"https:\\\/\\\/crochetts.com\\\/fr\\\/#\\\/schema\\\/logo\\\/image\\\/\"},\"sameAs\":[\"https:\\\/\\\/www.facebook.com\\\/Crochetts-101964178013493\",\"https:\\\/\\\/www.instagram.com\\\/crochetts_\\\/\"]}]}<\/script>\n<meta property=\"product:price:amount\" content=\"50.00\" \/>\n<meta property=\"product:price:currency\" content=\"EUR\" \/>\n<meta property=\"og:availability\" content=\"instock\" \/>\n<meta property=\"product:availability\" content=\"instock\" \/>\n<meta property=\"product:retailer_item_id\" content=\"BK2106-M\" \/>\n<meta property=\"product:condition\" content=\"new\" \/>\n<!-- \/ Yoast SEO Premium plugin. -->","yoast_head_json":{"title":"MANTAS%- COUVERTURE SIR\u00c8NE VIOLETTE - 60*140CM -% Crochetts% Crochetts%%.","description":"Notre collection de couvertures a un design de r\u00eave, des couvertures en forme de queue de sir\u00e8ne avec des \u00e9cailles dans diff\u00e9rentes couleurs et tailles au choix. Le choix id\u00e9al pour un cadeau d'anniversaire parfait.","robots":{"index":"index","follow":"follow","max-snippet":"max-snippet:-1","max-image-preview":"max-image-preview:large","max-video-preview":"max-video-preview:-1"},"canonical":"https:\/\/crochetts.com\/fr\/tienda\/couverture-sirene-violette-60140cm\/","og_locale":"fr_FR","og_type":"article","og_title":"COUVERTURE SIR\u00c8NE VIOLETTE - 60*140CM","og_description":"Laissez libre cours \u00e0 votre imagination avec notre couverture de sir\u00e8ne con\u00e7ue au point d' \u00e9chelle sp\u00e9cialement pour les filles qui aiment les sir\u00e8nes. en violet. Notre couverture de sir\u00e8ne est fabriqu\u00e9e en tissu acrylique, tr\u00e8s chaud et doux au toucher. Elle est dot\u00e9e d'une ouverture au dos pour faciliter l'entr\u00e9e et la sortie. C'est une couverture tr\u00e8s pratique pour se d\u00e9tendre sur le canap\u00e9, faire une sieste ou l'emporter en voyage. Elle est \u00e9galement id\u00e9ale comme cadeau pour r\u00e9aliser le r\u00eave d'\u00eatre une sir\u00e8ne!    TAILLE M (de 5 \u00e0 12 ans).","og_url":"https:\/\/crochetts.com\/fr\/tienda\/couverture-sirene-violette-60140cm\/","og_site_name":"Crochetts","article_publisher":"https:\/\/www.facebook.com\/Crochetts-101964178013493","article_modified_time":"2025-11-21T13:25:23+00:00","og_image":[{"width":534,"height":800,"url":"https:\/\/crochetts.com\/wp-content\/uploads\/2022\/10\/BK2106-MM-1.jpg","type":"image\/jpeg"}],"twitter_card":"summary_large_image","twitter_misc":{"Prix":"50,00&nbsp;&euro;","Disponibilit\u00e9":"En stock"},"schema":{"@context":"https:\/\/schema.org","@graph":[{"@type":"WebPage","@id":"https:\/\/crochetts.com\/fr\/tienda\/couverture-sirene-violette-60140cm\/","url":"https:\/\/crochetts.com\/fr\/tienda\/couverture-sirene-violette-60140cm\/","name":"MANTAS%- COUVERTURE SIR\u00c8NE VIOLETTE - 60*140CM -% Crochetts% Crochetts%%.","isPartOf":{"@id":"https:\/\/crochetts.com\/fr\/#website"},"primaryImageOfPage":{"@id":"https:\/\/crochetts.com\/fr\/tienda\/couverture-sirene-violette-60140cm\/#primaryimage"},"image":{"@id":"https:\/\/crochetts.com\/fr\/tienda\/couverture-sirene-violette-60140cm\/#primaryimage"},"thumbnailUrl":"https:\/\/crochetts.com\/wp-content\/uploads\/2022\/10\/BK2106-MM-1.jpg","datePublished":"2022-10-19T09:26:48+00:00","dateModified":"2025-11-21T13:25:23+00:00","description":"Notre collection de couvertures a un design de r\u00eave, des couvertures en forme de queue de sir\u00e8ne avec des \u00e9cailles dans diff\u00e9rentes couleurs et tailles au choix. Le choix id\u00e9al pour un cadeau d'anniversaire parfait.","breadcrumb":{"@id":"https:\/\/crochetts.com\/fr\/tienda\/couverture-sirene-violette-60140cm\/#breadcrumb"},"inLanguage":"fr-FR","potentialAction":[{"@type":"ReadAction","target":["https:\/\/crochetts.com\/fr\/tienda\/couverture-sirene-violette-60140cm\/"]}]},{"@type":"ImageObject","inLanguage":"fr-FR","@id":"https:\/\/crochetts.com\/fr\/tienda\/couverture-sirene-violette-60140cm\/#primaryimage","url":"https:\/\/crochetts.com\/wp-content\/uploads\/2022\/10\/BK2106-MM-1.jpg","contentUrl":"https:\/\/crochetts.com\/wp-content\/uploads\/2022\/10\/BK2106-MM-1.jpg","width":534,"height":800},{"@type":"BreadcrumbList","@id":"https:\/\/crochetts.com\/fr\/tienda\/couverture-sirene-violette-60140cm\/#breadcrumb","itemListElement":[{"@type":"ListItem","position":1,"name":"Portada","item":"https:\/\/crochetts.com\/fr\/accueil\/"},{"@type":"ListItem","position":2,"name":"Boutique","item":"https:\/\/crochetts.fr\/boutique\/"},{"@type":"ListItem","position":3,"name":"COUVERTURE SIR\u00c8NE VIOLETTE &#8211; 60*140CM"}]},{"@type":"WebSite","@id":"https:\/\/crochetts.com\/fr\/#website","url":"https:\/\/crochetts.com\/fr\/","name":"Crochetts","description":"ANIMALES DE CROCHET PARA JUGAR,DECORAR Y SO\u00d1AR","publisher":{"@id":"https:\/\/crochetts.com\/fr\/#organization"},"potentialAction":[{"@type":"SearchAction","target":{"@type":"EntryPoint","urlTemplate":"https:\/\/crochetts.com\/fr\/?s={search_term_string}"},"query-input":{"@type":"PropertyValueSpecification","valueRequired":true,"valueName":"search_term_string"}}],"inLanguage":"fr-FR"},{"@type":"Organization","@id":"https:\/\/crochetts.com\/fr\/#organization","name":"Crochets","url":"https:\/\/crochetts.com\/fr\/","logo":{"@type":"ImageObject","inLanguage":"fr-FR","@id":"https:\/\/crochetts.com\/fr\/#\/schema\/logo\/image\/","url":"https:\/\/i2.wp.com\/crochetts.com\/wp-content\/uploads\/2021\/01\/Logo-Crochetts.jpg?fit=300%2C137&ssl=1","contentUrl":"https:\/\/i2.wp.com\/crochetts.com\/wp-content\/uploads\/2021\/01\/Logo-Crochetts.jpg?fit=300%2C137&ssl=1","width":300,"height":137,"caption":"Crochets"},"image":{"@id":"https:\/\/crochetts.com\/fr\/#\/schema\/logo\/image\/"},"sameAs":["https:\/\/www.facebook.com\/Crochetts-101964178013493","https:\/\/www.instagram.com\/crochetts_\/"]}]},"product_price_amount":"50.00","product_price_currency":"EUR","og_availability":"instock","product_availability":"instock","product_retailer_item_id":"BK2106-M","product_condition":"new"},"_links":{"self":[{"href":"https:\/\/crochetts.com\/fr\/wp-json\/wp\/v2\/product\/24417","targetHints":{"allow":["GET"]}}],"collection":[{"href":"https:\/\/crochetts.com\/fr\/wp-json\/wp\/v2\/product"}],"about":[{"href":"https:\/\/crochetts.com\/fr\/wp-json\/wp\/v2\/types\/product"}],"wp:featuredmedia":[{"embeddable":true,"href":"https:\/\/crochetts.com\/fr\/wp-json\/wp\/v2\/media\/24418"}],"wp:attachment":[{"href":"https:\/\/crochetts.com\/fr\/wp-json\/wp\/v2\/media?parent=24417"}],"wp:term":[{"taxonomy":"product_brand","embeddable":true,"href":"https:\/\/crochetts.com\/fr\/wp-json\/wp\/v2\/product_brand?post=24417"},{"taxonomy":"product_cat","embeddable":true,"href":"https:\/\/crochetts.com\/fr\/wp-json\/wp\/v2\/product_cat?post=24417"},{"taxonomy":"product_tag","embeddable":true,"href":"https:\/\/crochetts.com\/fr\/wp-json\/wp\/v2\/product_tag?post=24417"}],"curies":[{"name":"wp","href":"https:\/\/api.w.org\/{rel}","templated":true}]}}