{"id":24416,"date":"2022-12-15T15:01:04","date_gmt":"2022-12-15T15:01:04","guid":{"rendered":"https:\/\/crochetts.com\/tienda\/couverture-gris-requin-s-m\/"},"modified":"2025-11-21T14:25:22","modified_gmt":"2025-11-21T13:25:22","slug":"couverture-gris-requin-s-m","status":"publish","type":"product","link":"https:\/\/crochetts.com\/fr\/tienda\/couverture-gris-requin-s-m\/","title":{"rendered":"COUVERTURE GRIS REQUIN (S\/M)"},"content":{"rendered":"<div style=\"text-align: justify;\">\n<p>Notre collection de <strong>couvertures<\/strong> a un design de r\u00eave, des couvertures en forme de <strong>queue de<\/strong> <b>requin <\/b>parmi lesquelles vous pouvez choisir parmi <strong>diff\u00e9rents mod\u00e8les <\/strong>et<strong> tailles<\/strong>.<\/p>\n<\/div>\n<p>\u00catre \u00e0 l&rsquo;aise \u00e0 <strong>la maison<\/strong> sans perdre un brin de style, c&rsquo;est possible gr\u00e2ce \u00e0 la couverture requin,   <strong>choisissez la couleur qui vous convient le mieux !<\/strong><\/p>\n<p>Devenez un requin dans vos <strong>r\u00eaves<\/strong> <strong>les plus doux<\/strong> avec cette couverture de sieste chaude et confortable, qui satisfait le sommeil de tous les enfants.<\/p>\n<p>C&rsquo;est le choix <strong>id\u00e9al pour un cadeau d&rsquo;<\/strong> <strong>anniversaire <\/strong>ou pour organiser une <strong>pyjama<\/strong> <strong>party<\/strong> entre amis.<\/p>\n<p>&nbsp;<\/p>\n<p>&nbsp;<\/p>\n","protected":false},"excerpt":{"rendered":"<p>Laissez libre cours \u00e0 votre imagination avec notre <strong>couverture<\/strong> <strong>tricot\u00e9e en forme de<\/strong> <b>requin <\/b>, con\u00e7ue sp\u00e9cialement pour les enfants qui aiment les animaux.<strong> <\/strong>en <strong>gris<\/strong>. Notre couverture requin est fabriqu\u00e9e en tissu acrylique, tr\u00e8s chaud et <strong>doux<\/strong> au <strong>toucher<\/strong>. Elle est dot\u00e9e d&rsquo;une <strong>ouverture \u00e0<\/strong> l&rsquo;<strong>arri\u00e8re<\/strong> pour faciliter l&rsquo;entr\u00e9e et la sortie. C&rsquo;est une couverture tr\u00e8s <g id=\"gid_5\">pratique<\/g> pour <g id=\"gid_6\">se d\u00e9tendre<\/g> sur le canap\u00e9, faire une sieste ou l&#8217;emporter en voyage. Elle est \u00e9galement id\u00e9ale comme <strong>cadeau pour<\/strong> r\u00e9aliser le <strong>r\u00eave d<\/strong> &lsquo;\u00eatre un <strong>requin<\/strong>!    <\/p>\n<p><strong>Tailles<\/strong> disponibles :<\/p>\n<ul>\n<li><strong>TAILLE S <\/strong>(1 \u00e0 4 ans).<\/li>\n<li><strong>TAILLE M<\/strong> (de 6 \u00e0 12 ans).<\/li>\n<\/ul>\n","protected":false},"featured_media":24429,"template":"","meta":{"_acf_changed":false,"_joinchat":[]},"product_brand":[],"product_cat":[5639],"product_tag":[6017,5960,6016,6020,5962,5961,6019,6018],"class_list":{"0":"post-24416","1":"product","2":"type-product","3":"status-publish","4":"has-post-thumbnail","6":"product_cat-couvertures-et-serviettes","7":"product_tag-couverture-a-queue-sirana","8":"product_tag-couverture-de-canape","9":"product_tag-couverture-de-sirene","10":"product_tag-couverture-enfant-requin","11":"product_tag-couverture-pour-enfants","12":"product_tag-couverture-pour-filles","13":"product_tag-requin","14":"product_tag-requin-manta","15":"entry","17":"first","18":"instock","19":"taxable","20":"shipping-taxable","21":"purchasable","22":"product-type-variable"},"acf":[],"yoast_head":"<!-- This site is optimized with the Yoast SEO Premium plugin v26.1 (Yoast SEO v27.3) - https:\/\/yoast.com\/product\/yoast-seo-premium-wordpress\/ -->\n<title>MANTAS%- COUVERTURE GRIS REQUIN (S\/M) -% Crochetts% Crochetts%%.<\/title>\n<meta name=\"description\" content=\"Notre collection de couvertures a un design de r\u00eave, des couvertures en forme de queue de requin dans diff\u00e9rentes couleurs et tailles \u00e0 choisir. Le choix id\u00e9al pour un cadeau d&#039;anniversaire parfait.\" \/>\n<meta name=\"robots\" content=\"index, follow, max-snippet:-1, max-image-preview:large, max-video-preview:-1\" \/>\n<link rel=\"canonical\" href=\"https:\/\/crochetts.com\/fr\/tienda\/couverture-gris-requin-s-m\/\" \/>\n<meta property=\"og:locale\" content=\"fr_FR\" \/>\n<meta property=\"og:type\" content=\"article\" \/>\n<meta property=\"og:title\" content=\"COUVERTURE GRIS REQUIN (S\/M)\" \/>\n<meta property=\"og:description\" content=\"Laissez libre cours \u00e0 votre imagination avec notre couverture tricot\u00e9e en forme de requin , con\u00e7ue sp\u00e9cialement pour les enfants qui aiment les animaux. en gris. Notre couverture requin est fabriqu\u00e9e en tissu acrylique, tr\u00e8s chaud et doux au toucher. Elle est dot\u00e9e d&#039;une ouverture \u00e0 l&#039;arri\u00e8re pour faciliter l&#039;entr\u00e9e et la sortie. C&#039;est une couverture tr\u00e8s pratique pour se d\u00e9tendre sur le canap\u00e9, faire une sieste ou l&#039;emporter en voyage. Elle est \u00e9galement id\u00e9ale comme cadeau pour r\u00e9aliser le r\u00eave d &#039;\u00eatre un requin!   Tailles disponibles :  TAILLE S (1 \u00e0 4 ans).  TAILLE M (de 6 \u00e0 12 ans).\" \/>\n<meta property=\"og:url\" content=\"https:\/\/crochetts.com\/fr\/tienda\/couverture-gris-requin-s-m\/\" \/>\n<meta property=\"og:site_name\" content=\"Crochetts\" \/>\n<meta property=\"article:publisher\" content=\"https:\/\/www.facebook.com\/Crochetts-101964178013493\" \/>\n<meta property=\"article:modified_time\" content=\"2025-11-21T13:25:22+00:00\" \/>\n<meta property=\"og:image\" content=\"https:\/\/crochetts.com\/wp-content\/uploads\/2022\/12\/BK21107-GM-5.jpg\" \/>\n\t<meta property=\"og:image:width\" content=\"534\" \/>\n\t<meta property=\"og:image:height\" content=\"800\" \/>\n\t<meta property=\"og:image:type\" content=\"image\/jpeg\" \/>\n<meta name=\"twitter:card\" content=\"summary_large_image\" \/>\n<meta name=\"twitter:label1\" content=\"Disponibilit\u00e9\" \/>\n\t<meta name=\"twitter:data1\" content=\"En stock\" \/>\n<script type=\"application\/ld+json\" class=\"yoast-schema-graph\">{\"@context\":\"https:\\\/\\\/schema.org\",\"@graph\":[{\"@type\":\"WebPage\",\"@id\":\"https:\\\/\\\/crochetts.com\\\/fr\\\/tienda\\\/couverture-gris-requin-s-m\\\/\",\"url\":\"https:\\\/\\\/crochetts.com\\\/fr\\\/tienda\\\/couverture-gris-requin-s-m\\\/\",\"name\":\"MANTAS%- COUVERTURE GRIS REQUIN (S\\\/M) -% Crochetts% Crochetts%%.\",\"isPartOf\":{\"@id\":\"https:\\\/\\\/crochetts.com\\\/fr\\\/#website\"},\"primaryImageOfPage\":{\"@id\":\"https:\\\/\\\/crochetts.com\\\/fr\\\/tienda\\\/couverture-gris-requin-s-m\\\/#primaryimage\"},\"image\":{\"@id\":\"https:\\\/\\\/crochetts.com\\\/fr\\\/tienda\\\/couverture-gris-requin-s-m\\\/#primaryimage\"},\"thumbnailUrl\":\"https:\\\/\\\/crochetts.com\\\/wp-content\\\/uploads\\\/2022\\\/12\\\/BK21107-GM-5.jpg\",\"datePublished\":\"2022-12-15T15:01:04+00:00\",\"dateModified\":\"2025-11-21T13:25:22+00:00\",\"description\":\"Notre collection de couvertures a un design de r\u00eave, des couvertures en forme de queue de requin dans diff\u00e9rentes couleurs et tailles \u00e0 choisir. Le choix id\u00e9al pour un cadeau d'anniversaire parfait.\",\"breadcrumb\":{\"@id\":\"https:\\\/\\\/crochetts.com\\\/fr\\\/tienda\\\/couverture-gris-requin-s-m\\\/#breadcrumb\"},\"inLanguage\":\"fr-FR\",\"potentialAction\":[{\"@type\":\"ReadAction\",\"target\":[\"https:\\\/\\\/crochetts.com\\\/fr\\\/tienda\\\/couverture-gris-requin-s-m\\\/\"]}]},{\"@type\":\"ImageObject\",\"inLanguage\":\"fr-FR\",\"@id\":\"https:\\\/\\\/crochetts.com\\\/fr\\\/tienda\\\/couverture-gris-requin-s-m\\\/#primaryimage\",\"url\":\"https:\\\/\\\/crochetts.com\\\/wp-content\\\/uploads\\\/2022\\\/12\\\/BK21107-GM-5.jpg\",\"contentUrl\":\"https:\\\/\\\/crochetts.com\\\/wp-content\\\/uploads\\\/2022\\\/12\\\/BK21107-GM-5.jpg\",\"width\":534,\"height\":800,\"caption\":\"requin manta\"},{\"@type\":\"BreadcrumbList\",\"@id\":\"https:\\\/\\\/crochetts.com\\\/fr\\\/tienda\\\/couverture-gris-requin-s-m\\\/#breadcrumb\",\"itemListElement\":[{\"@type\":\"ListItem\",\"position\":1,\"name\":\"Portada\",\"item\":\"https:\\\/\\\/crochetts.com\\\/fr\\\/accueil\\\/\"},{\"@type\":\"ListItem\",\"position\":2,\"name\":\"Boutique\",\"item\":\"https:\\\/\\\/crochetts.fr\\\/boutique\\\/\"},{\"@type\":\"ListItem\",\"position\":3,\"name\":\"COUVERTURE GRIS REQUIN (S\\\/M)\"}]},{\"@type\":\"WebSite\",\"@id\":\"https:\\\/\\\/crochetts.com\\\/fr\\\/#website\",\"url\":\"https:\\\/\\\/crochetts.com\\\/fr\\\/\",\"name\":\"Crochetts\",\"description\":\"ANIMALES DE CROCHET PARA JUGAR,DECORAR Y SO\u00d1AR\",\"publisher\":{\"@id\":\"https:\\\/\\\/crochetts.com\\\/fr\\\/#organization\"},\"potentialAction\":[{\"@type\":\"SearchAction\",\"target\":{\"@type\":\"EntryPoint\",\"urlTemplate\":\"https:\\\/\\\/crochetts.com\\\/fr\\\/?s={search_term_string}\"},\"query-input\":{\"@type\":\"PropertyValueSpecification\",\"valueRequired\":true,\"valueName\":\"search_term_string\"}}],\"inLanguage\":\"fr-FR\"},{\"@type\":\"Organization\",\"@id\":\"https:\\\/\\\/crochetts.com\\\/fr\\\/#organization\",\"name\":\"Crochets\",\"url\":\"https:\\\/\\\/crochetts.com\\\/fr\\\/\",\"logo\":{\"@type\":\"ImageObject\",\"inLanguage\":\"fr-FR\",\"@id\":\"https:\\\/\\\/crochetts.com\\\/fr\\\/#\\\/schema\\\/logo\\\/image\\\/\",\"url\":\"https:\\\/\\\/i2.wp.com\\\/crochetts.com\\\/wp-content\\\/uploads\\\/2021\\\/01\\\/Logo-Crochetts.jpg?fit=300%2C137&ssl=1\",\"contentUrl\":\"https:\\\/\\\/i2.wp.com\\\/crochetts.com\\\/wp-content\\\/uploads\\\/2021\\\/01\\\/Logo-Crochetts.jpg?fit=300%2C137&ssl=1\",\"width\":300,\"height\":137,\"caption\":\"Crochets\"},\"image\":{\"@id\":\"https:\\\/\\\/crochetts.com\\\/fr\\\/#\\\/schema\\\/logo\\\/image\\\/\"},\"sameAs\":[\"https:\\\/\\\/www.facebook.com\\\/Crochetts-101964178013493\",\"https:\\\/\\\/www.instagram.com\\\/crochetts_\\\/\"]}]}<\/script>\n<meta property=\"og:availability\" content=\"instock\" \/>\n<meta property=\"product:availability\" content=\"instock\" \/>\n<meta property=\"product:retailer_item_id\" content=\"BK21107-G\" \/>\n<meta property=\"product:condition\" content=\"new\" \/>\n<!-- \/ Yoast SEO Premium plugin. -->","yoast_head_json":{"title":"MANTAS%- COUVERTURE GRIS REQUIN (S\/M) -% Crochetts% Crochetts%%.","description":"Notre collection de couvertures a un design de r\u00eave, des couvertures en forme de queue de requin dans diff\u00e9rentes couleurs et tailles \u00e0 choisir. Le choix id\u00e9al pour un cadeau d'anniversaire parfait.","robots":{"index":"index","follow":"follow","max-snippet":"max-snippet:-1","max-image-preview":"max-image-preview:large","max-video-preview":"max-video-preview:-1"},"canonical":"https:\/\/crochetts.com\/fr\/tienda\/couverture-gris-requin-s-m\/","og_locale":"fr_FR","og_type":"article","og_title":"COUVERTURE GRIS REQUIN (S\/M)","og_description":"Laissez libre cours \u00e0 votre imagination avec notre couverture tricot\u00e9e en forme de requin , con\u00e7ue sp\u00e9cialement pour les enfants qui aiment les animaux. en gris. Notre couverture requin est fabriqu\u00e9e en tissu acrylique, tr\u00e8s chaud et doux au toucher. Elle est dot\u00e9e d'une ouverture \u00e0 l'arri\u00e8re pour faciliter l'entr\u00e9e et la sortie. C'est une couverture tr\u00e8s pratique pour se d\u00e9tendre sur le canap\u00e9, faire une sieste ou l'emporter en voyage. Elle est \u00e9galement id\u00e9ale comme cadeau pour r\u00e9aliser le r\u00eave d '\u00eatre un requin!   Tailles disponibles :  TAILLE S (1 \u00e0 4 ans).  TAILLE M (de 6 \u00e0 12 ans).","og_url":"https:\/\/crochetts.com\/fr\/tienda\/couverture-gris-requin-s-m\/","og_site_name":"Crochetts","article_publisher":"https:\/\/www.facebook.com\/Crochetts-101964178013493","article_modified_time":"2025-11-21T13:25:22+00:00","og_image":[{"width":534,"height":800,"url":"https:\/\/crochetts.com\/wp-content\/uploads\/2022\/12\/BK21107-GM-5.jpg","type":"image\/jpeg"}],"twitter_card":"summary_large_image","twitter_misc":{"Disponibilit\u00e9":"En stock"},"schema":{"@context":"https:\/\/schema.org","@graph":[{"@type":"WebPage","@id":"https:\/\/crochetts.com\/fr\/tienda\/couverture-gris-requin-s-m\/","url":"https:\/\/crochetts.com\/fr\/tienda\/couverture-gris-requin-s-m\/","name":"MANTAS%- COUVERTURE GRIS REQUIN (S\/M) -% Crochetts% Crochetts%%.","isPartOf":{"@id":"https:\/\/crochetts.com\/fr\/#website"},"primaryImageOfPage":{"@id":"https:\/\/crochetts.com\/fr\/tienda\/couverture-gris-requin-s-m\/#primaryimage"},"image":{"@id":"https:\/\/crochetts.com\/fr\/tienda\/couverture-gris-requin-s-m\/#primaryimage"},"thumbnailUrl":"https:\/\/crochetts.com\/wp-content\/uploads\/2022\/12\/BK21107-GM-5.jpg","datePublished":"2022-12-15T15:01:04+00:00","dateModified":"2025-11-21T13:25:22+00:00","description":"Notre collection de couvertures a un design de r\u00eave, des couvertures en forme de queue de requin dans diff\u00e9rentes couleurs et tailles \u00e0 choisir. Le choix id\u00e9al pour un cadeau d'anniversaire parfait.","breadcrumb":{"@id":"https:\/\/crochetts.com\/fr\/tienda\/couverture-gris-requin-s-m\/#breadcrumb"},"inLanguage":"fr-FR","potentialAction":[{"@type":"ReadAction","target":["https:\/\/crochetts.com\/fr\/tienda\/couverture-gris-requin-s-m\/"]}]},{"@type":"ImageObject","inLanguage":"fr-FR","@id":"https:\/\/crochetts.com\/fr\/tienda\/couverture-gris-requin-s-m\/#primaryimage","url":"https:\/\/crochetts.com\/wp-content\/uploads\/2022\/12\/BK21107-GM-5.jpg","contentUrl":"https:\/\/crochetts.com\/wp-content\/uploads\/2022\/12\/BK21107-GM-5.jpg","width":534,"height":800,"caption":"requin manta"},{"@type":"BreadcrumbList","@id":"https:\/\/crochetts.com\/fr\/tienda\/couverture-gris-requin-s-m\/#breadcrumb","itemListElement":[{"@type":"ListItem","position":1,"name":"Portada","item":"https:\/\/crochetts.com\/fr\/accueil\/"},{"@type":"ListItem","position":2,"name":"Boutique","item":"https:\/\/crochetts.fr\/boutique\/"},{"@type":"ListItem","position":3,"name":"COUVERTURE GRIS REQUIN (S\/M)"}]},{"@type":"WebSite","@id":"https:\/\/crochetts.com\/fr\/#website","url":"https:\/\/crochetts.com\/fr\/","name":"Crochetts","description":"ANIMALES DE CROCHET PARA JUGAR,DECORAR Y SO\u00d1AR","publisher":{"@id":"https:\/\/crochetts.com\/fr\/#organization"},"potentialAction":[{"@type":"SearchAction","target":{"@type":"EntryPoint","urlTemplate":"https:\/\/crochetts.com\/fr\/?s={search_term_string}"},"query-input":{"@type":"PropertyValueSpecification","valueRequired":true,"valueName":"search_term_string"}}],"inLanguage":"fr-FR"},{"@type":"Organization","@id":"https:\/\/crochetts.com\/fr\/#organization","name":"Crochets","url":"https:\/\/crochetts.com\/fr\/","logo":{"@type":"ImageObject","inLanguage":"fr-FR","@id":"https:\/\/crochetts.com\/fr\/#\/schema\/logo\/image\/","url":"https:\/\/i2.wp.com\/crochetts.com\/wp-content\/uploads\/2021\/01\/Logo-Crochetts.jpg?fit=300%2C137&ssl=1","contentUrl":"https:\/\/i2.wp.com\/crochetts.com\/wp-content\/uploads\/2021\/01\/Logo-Crochetts.jpg?fit=300%2C137&ssl=1","width":300,"height":137,"caption":"Crochets"},"image":{"@id":"https:\/\/crochetts.com\/fr\/#\/schema\/logo\/image\/"},"sameAs":["https:\/\/www.facebook.com\/Crochetts-101964178013493","https:\/\/www.instagram.com\/crochetts_\/"]}]},"og_availability":"instock","product_availability":"instock","product_retailer_item_id":"BK21107-G","product_condition":"new"},"_links":{"self":[{"href":"https:\/\/crochetts.com\/fr\/wp-json\/wp\/v2\/product\/24416","targetHints":{"allow":["GET"]}}],"collection":[{"href":"https:\/\/crochetts.com\/fr\/wp-json\/wp\/v2\/product"}],"about":[{"href":"https:\/\/crochetts.com\/fr\/wp-json\/wp\/v2\/types\/product"}],"wp:featuredmedia":[{"embeddable":true,"href":"https:\/\/crochetts.com\/fr\/wp-json\/wp\/v2\/media\/24429"}],"wp:attachment":[{"href":"https:\/\/crochetts.com\/fr\/wp-json\/wp\/v2\/media?parent=24416"}],"wp:term":[{"taxonomy":"product_brand","embeddable":true,"href":"https:\/\/crochetts.com\/fr\/wp-json\/wp\/v2\/product_brand?post=24416"},{"taxonomy":"product_cat","embeddable":true,"href":"https:\/\/crochetts.com\/fr\/wp-json\/wp\/v2\/product_cat?post=24416"},{"taxonomy":"product_tag","embeddable":true,"href":"https:\/\/crochetts.com\/fr\/wp-json\/wp\/v2\/product_tag?post=24416"}],"curies":[{"name":"wp","href":"https:\/\/api.w.org\/{rel}","templated":true}]}}