{"id":24291,"date":"2022-09-28T12:30:05","date_gmt":"2022-09-28T11:30:05","guid":{"rendered":"https:\/\/crochetts.com\/tienda\/serviette-pour-chien-elephant\/"},"modified":"2025-11-21T14:26:59","modified_gmt":"2025-11-21T13:26:59","slug":"serviette-pour-chien-elephant","status":"publish","type":"product","link":"https:\/\/crochetts.com\/fr\/tienda\/serviette-pour-chien-elephant\/","title":{"rendered":"SERVIETTE POUR CHIEN \u00c9L\u00c9PHANT"},"content":{"rendered":"<div style=\"text-align: justify;\">\n<p style=\"text-align: justify;\">Toutes nos serviettes sont con\u00e7ues <strong>pour les petits<\/strong>. Elles sont con\u00e7ues pour que les petits s&rsquo;amusent pendant le bain. C&rsquo;est un produit polyvalent, vous pouvez l&rsquo;utiliser comme une serviette de tous les jours pour le <strong>bain<\/strong> ou pour la <strong>plage et la piscine<\/strong> ou comme une simple<strong> couverture pour b\u00e9b\u00e9<\/strong>.<strong><br \/>\n<\/strong> <\/p>\n<p>Fabriqu\u00e9 avec les meilleurs mat\u00e9riaux,<strong>  100% polyester de haute qualit\u00e9<\/strong>  et incroyablement  <strong>doux, confortable<\/strong>  et tr\u00e8s<strong>  absorbant,<\/strong>  respectueux de la peau d\u00e9licate des petits.<\/p>\n<\/div>\n","protected":false},"excerpt":{"rendered":"<p><strong>Notre serviette de toilette pour chien<\/strong> <strong>\u00e0 capuche<\/strong> bleue et blanche est <strong>fabriqu\u00e9e<\/strong> \u00e0 partir des<strong> mat\u00e9riaux<\/strong> les plus fins, un polyester de <strong>haute<\/strong> qualit\u00e9, et est incroyablement <strong>douce, confortable<\/strong> et tr\u00e8s<strong> absorbante<\/strong>. Un design amusant et mignon<strong> en forme de chien<\/strong>, pens\u00e9 dans les moindres d\u00e9tails, comme les longues oreilles caract\u00e9ristiques d&rsquo;un chien qui lui donnent une touche sp\u00e9ciale. <\/p>\n<p>&nbsp;<\/p>\n","protected":false},"featured_media":24298,"template":"","meta":{"_acf_changed":false,"_joinchat":[]},"product_brand":[],"product_cat":[5639],"product_tag":[5977,5979,5976,5978,5980,5982,5981,5975,5974],"class_list":{"0":"post-24291","1":"product","2":"type-product","3":"status-publish","4":"has-post-thumbnail","6":"product_cat-couvertures-et-serviettes","7":"product_tag-serviette-a-capuche","8":"product_tag-serviette-absorbante","9":"product_tag-serviette-amusante","10":"product_tag-serviette-dinosaure","11":"product_tag-serviette-douce","12":"product_tag-serviette-elephant","13":"product_tag-serviette-lion","14":"product_tag-serviette-pour-enfant","15":"product_tag-serviettes-pour-bebes","16":"entry","18":"first","19":"outofstock","20":"taxable","21":"shipping-taxable","22":"purchasable","23":"product-type-simple"},"acf":[],"yoast_head":"<!-- This site is optimized with the Yoast SEO Premium plugin v26.1 (Yoast SEO v27.3) - https:\/\/yoast.com\/product\/yoast-seo-premium-wordpress\/ -->\n<title>TOALLA - SERVIETTE POUR CHIEN \u00c9L\u00c9PHANT -% Crochetts%% Crochetts%.<\/title>\n<meta name=\"description\" content=\"Toutes nos serviettes sont con\u00e7ues pour les petits. C&#039;est un produit polyvalent, vous pouvez l&#039;utiliser comme une serviette de tous les jours pour le bain ou pour la plage et la piscine, ou encore comme une simple couverture pour b\u00e9b\u00e9.\" \/>\n<meta name=\"robots\" content=\"index, follow, max-snippet:-1, max-image-preview:large, max-video-preview:-1\" \/>\n<link rel=\"canonical\" href=\"https:\/\/crochetts.com\/fr\/tienda\/serviette-pour-chien-elephant\/\" \/>\n<meta property=\"og:locale\" content=\"fr_FR\" \/>\n<meta property=\"og:type\" content=\"article\" \/>\n<meta property=\"og:title\" content=\"SERVIETTE POUR CHIEN \u00c9L\u00c9PHANT\" \/>\n<meta property=\"og:description\" content=\"Notre serviette de toilette pour chien \u00e0 capuche bleue et blanche est fabriqu\u00e9e \u00e0 partir des mat\u00e9riaux les plus fins, un polyester de haute qualit\u00e9, et est incroyablement douce, confortable et tr\u00e8s absorbante. Un design amusant et mignon en forme de chien, pens\u00e9 dans les moindres d\u00e9tails, comme les longues oreilles caract\u00e9ristiques d&#039;un chien qui lui donnent une touche sp\u00e9ciale.  &nbsp;\" \/>\n<meta property=\"og:url\" content=\"https:\/\/crochetts.com\/fr\/tienda\/serviette-pour-chien-elephant\/\" \/>\n<meta property=\"og:site_name\" content=\"Crochetts\" \/>\n<meta property=\"article:publisher\" content=\"https:\/\/www.facebook.com\/Crochetts-101964178013493\" \/>\n<meta property=\"article:modified_time\" content=\"2025-11-21T13:26:59+00:00\" \/>\n<meta property=\"og:image\" content=\"https:\/\/crochetts.com\/wp-content\/uploads\/2022\/09\/2011-35.jpg\" \/>\n\t<meta property=\"og:image:width\" content=\"800\" \/>\n\t<meta property=\"og:image:height\" content=\"1198\" \/>\n\t<meta property=\"og:image:type\" content=\"image\/jpeg\" \/>\n<meta name=\"twitter:card\" content=\"summary_large_image\" \/>\n<meta name=\"twitter:label1\" content=\"Prix\" \/>\n\t<meta name=\"twitter:data1\" content=\"59,99&nbsp;&euro;\" \/>\n\t<meta name=\"twitter:label2\" content=\"Disponibilit\u00e9\" \/>\n\t<meta name=\"twitter:data2\" content=\"Rupture de stock\" \/>\n<script type=\"application\/ld+json\" class=\"yoast-schema-graph\">{\"@context\":\"https:\\\/\\\/schema.org\",\"@graph\":[{\"@type\":\"WebPage\",\"@id\":\"https:\\\/\\\/crochetts.com\\\/fr\\\/tienda\\\/serviette-pour-chien-elephant\\\/\",\"url\":\"https:\\\/\\\/crochetts.com\\\/fr\\\/tienda\\\/serviette-pour-chien-elephant\\\/\",\"name\":\"TOALLA - SERVIETTE POUR CHIEN \u00c9L\u00c9PHANT -% Crochetts%% Crochetts%.\",\"isPartOf\":{\"@id\":\"https:\\\/\\\/crochetts.com\\\/fr\\\/#website\"},\"primaryImageOfPage\":{\"@id\":\"https:\\\/\\\/crochetts.com\\\/fr\\\/tienda\\\/serviette-pour-chien-elephant\\\/#primaryimage\"},\"image\":{\"@id\":\"https:\\\/\\\/crochetts.com\\\/fr\\\/tienda\\\/serviette-pour-chien-elephant\\\/#primaryimage\"},\"thumbnailUrl\":\"https:\\\/\\\/crochetts.com\\\/wp-content\\\/uploads\\\/2022\\\/09\\\/2011-35.jpg\",\"datePublished\":\"2022-09-28T11:30:05+00:00\",\"dateModified\":\"2025-11-21T13:26:59+00:00\",\"description\":\"Toutes nos serviettes sont con\u00e7ues pour les petits. C'est un produit polyvalent, vous pouvez l'utiliser comme une serviette de tous les jours pour le bain ou pour la plage et la piscine, ou encore comme une simple couverture pour b\u00e9b\u00e9.\",\"breadcrumb\":{\"@id\":\"https:\\\/\\\/crochetts.com\\\/fr\\\/tienda\\\/serviette-pour-chien-elephant\\\/#breadcrumb\"},\"inLanguage\":\"fr-FR\",\"potentialAction\":[{\"@type\":\"ReadAction\",\"target\":[\"https:\\\/\\\/crochetts.com\\\/fr\\\/tienda\\\/serviette-pour-chien-elephant\\\/\"]}]},{\"@type\":\"ImageObject\",\"inLanguage\":\"fr-FR\",\"@id\":\"https:\\\/\\\/crochetts.com\\\/fr\\\/tienda\\\/serviette-pour-chien-elephant\\\/#primaryimage\",\"url\":\"https:\\\/\\\/crochetts.com\\\/wp-content\\\/uploads\\\/2022\\\/09\\\/2011-35.jpg\",\"contentUrl\":\"https:\\\/\\\/crochetts.com\\\/wp-content\\\/uploads\\\/2022\\\/09\\\/2011-35.jpg\",\"width\":800,\"height\":1198,\"caption\":\"serviette de bain\"},{\"@type\":\"BreadcrumbList\",\"@id\":\"https:\\\/\\\/crochetts.com\\\/fr\\\/tienda\\\/serviette-pour-chien-elephant\\\/#breadcrumb\",\"itemListElement\":[{\"@type\":\"ListItem\",\"position\":1,\"name\":\"Portada\",\"item\":\"https:\\\/\\\/crochetts.com\\\/fr\\\/accueil\\\/\"},{\"@type\":\"ListItem\",\"position\":2,\"name\":\"Boutique\",\"item\":\"https:\\\/\\\/crochetts.fr\\\/boutique\\\/\"},{\"@type\":\"ListItem\",\"position\":3,\"name\":\"SERVIETTE POUR CHIEN \u00c9L\u00c9PHANT\"}]},{\"@type\":\"WebSite\",\"@id\":\"https:\\\/\\\/crochetts.com\\\/fr\\\/#website\",\"url\":\"https:\\\/\\\/crochetts.com\\\/fr\\\/\",\"name\":\"Crochetts\",\"description\":\"ANIMALES DE CROCHET PARA JUGAR,DECORAR Y SO\u00d1AR\",\"publisher\":{\"@id\":\"https:\\\/\\\/crochetts.com\\\/fr\\\/#organization\"},\"potentialAction\":[{\"@type\":\"SearchAction\",\"target\":{\"@type\":\"EntryPoint\",\"urlTemplate\":\"https:\\\/\\\/crochetts.com\\\/fr\\\/?s={search_term_string}\"},\"query-input\":{\"@type\":\"PropertyValueSpecification\",\"valueRequired\":true,\"valueName\":\"search_term_string\"}}],\"inLanguage\":\"fr-FR\"},{\"@type\":\"Organization\",\"@id\":\"https:\\\/\\\/crochetts.com\\\/fr\\\/#organization\",\"name\":\"Crochets\",\"url\":\"https:\\\/\\\/crochetts.com\\\/fr\\\/\",\"logo\":{\"@type\":\"ImageObject\",\"inLanguage\":\"fr-FR\",\"@id\":\"https:\\\/\\\/crochetts.com\\\/fr\\\/#\\\/schema\\\/logo\\\/image\\\/\",\"url\":\"https:\\\/\\\/i2.wp.com\\\/crochetts.com\\\/wp-content\\\/uploads\\\/2021\\\/01\\\/Logo-Crochetts.jpg?fit=300%2C137&ssl=1\",\"contentUrl\":\"https:\\\/\\\/i2.wp.com\\\/crochetts.com\\\/wp-content\\\/uploads\\\/2021\\\/01\\\/Logo-Crochetts.jpg?fit=300%2C137&ssl=1\",\"width\":300,\"height\":137,\"caption\":\"Crochets\"},\"image\":{\"@id\":\"https:\\\/\\\/crochetts.com\\\/fr\\\/#\\\/schema\\\/logo\\\/image\\\/\"},\"sameAs\":[\"https:\\\/\\\/www.facebook.com\\\/Crochetts-101964178013493\",\"https:\\\/\\\/www.instagram.com\\\/crochetts_\\\/\"]}]}<\/script>\n<meta property=\"product:price:amount\" content=\"59.99\" \/>\n<meta property=\"product:price:currency\" content=\"EUR\" \/>\n<meta property=\"og:availability\" content=\"out of stock\" \/>\n<meta property=\"product:availability\" content=\"out of stock\" \/>\n<meta property=\"product:retailer_item_id\" content=\"2011-3\" \/>\n<meta property=\"product:condition\" content=\"new\" \/>\n<!-- \/ Yoast SEO Premium plugin. -->","yoast_head_json":{"title":"TOALLA - SERVIETTE POUR CHIEN \u00c9L\u00c9PHANT -% Crochetts%% Crochetts%.","description":"Toutes nos serviettes sont con\u00e7ues pour les petits. C'est un produit polyvalent, vous pouvez l'utiliser comme une serviette de tous les jours pour le bain ou pour la plage et la piscine, ou encore comme une simple couverture pour b\u00e9b\u00e9.","robots":{"index":"index","follow":"follow","max-snippet":"max-snippet:-1","max-image-preview":"max-image-preview:large","max-video-preview":"max-video-preview:-1"},"canonical":"https:\/\/crochetts.com\/fr\/tienda\/serviette-pour-chien-elephant\/","og_locale":"fr_FR","og_type":"article","og_title":"SERVIETTE POUR CHIEN \u00c9L\u00c9PHANT","og_description":"Notre serviette de toilette pour chien \u00e0 capuche bleue et blanche est fabriqu\u00e9e \u00e0 partir des mat\u00e9riaux les plus fins, un polyester de haute qualit\u00e9, et est incroyablement douce, confortable et tr\u00e8s absorbante. Un design amusant et mignon en forme de chien, pens\u00e9 dans les moindres d\u00e9tails, comme les longues oreilles caract\u00e9ristiques d'un chien qui lui donnent une touche sp\u00e9ciale.  &nbsp;","og_url":"https:\/\/crochetts.com\/fr\/tienda\/serviette-pour-chien-elephant\/","og_site_name":"Crochetts","article_publisher":"https:\/\/www.facebook.com\/Crochetts-101964178013493","article_modified_time":"2025-11-21T13:26:59+00:00","og_image":[{"width":800,"height":1198,"url":"https:\/\/crochetts.com\/wp-content\/uploads\/2022\/09\/2011-35.jpg","type":"image\/jpeg"}],"twitter_card":"summary_large_image","twitter_misc":{"Prix":"59,99&nbsp;&euro;","Disponibilit\u00e9":"Rupture de stock"},"schema":{"@context":"https:\/\/schema.org","@graph":[{"@type":"WebPage","@id":"https:\/\/crochetts.com\/fr\/tienda\/serviette-pour-chien-elephant\/","url":"https:\/\/crochetts.com\/fr\/tienda\/serviette-pour-chien-elephant\/","name":"TOALLA - SERVIETTE POUR CHIEN \u00c9L\u00c9PHANT -% Crochetts%% Crochetts%.","isPartOf":{"@id":"https:\/\/crochetts.com\/fr\/#website"},"primaryImageOfPage":{"@id":"https:\/\/crochetts.com\/fr\/tienda\/serviette-pour-chien-elephant\/#primaryimage"},"image":{"@id":"https:\/\/crochetts.com\/fr\/tienda\/serviette-pour-chien-elephant\/#primaryimage"},"thumbnailUrl":"https:\/\/crochetts.com\/wp-content\/uploads\/2022\/09\/2011-35.jpg","datePublished":"2022-09-28T11:30:05+00:00","dateModified":"2025-11-21T13:26:59+00:00","description":"Toutes nos serviettes sont con\u00e7ues pour les petits. C'est un produit polyvalent, vous pouvez l'utiliser comme une serviette de tous les jours pour le bain ou pour la plage et la piscine, ou encore comme une simple couverture pour b\u00e9b\u00e9.","breadcrumb":{"@id":"https:\/\/crochetts.com\/fr\/tienda\/serviette-pour-chien-elephant\/#breadcrumb"},"inLanguage":"fr-FR","potentialAction":[{"@type":"ReadAction","target":["https:\/\/crochetts.com\/fr\/tienda\/serviette-pour-chien-elephant\/"]}]},{"@type":"ImageObject","inLanguage":"fr-FR","@id":"https:\/\/crochetts.com\/fr\/tienda\/serviette-pour-chien-elephant\/#primaryimage","url":"https:\/\/crochetts.com\/wp-content\/uploads\/2022\/09\/2011-35.jpg","contentUrl":"https:\/\/crochetts.com\/wp-content\/uploads\/2022\/09\/2011-35.jpg","width":800,"height":1198,"caption":"serviette de bain"},{"@type":"BreadcrumbList","@id":"https:\/\/crochetts.com\/fr\/tienda\/serviette-pour-chien-elephant\/#breadcrumb","itemListElement":[{"@type":"ListItem","position":1,"name":"Portada","item":"https:\/\/crochetts.com\/fr\/accueil\/"},{"@type":"ListItem","position":2,"name":"Boutique","item":"https:\/\/crochetts.fr\/boutique\/"},{"@type":"ListItem","position":3,"name":"SERVIETTE POUR CHIEN \u00c9L\u00c9PHANT"}]},{"@type":"WebSite","@id":"https:\/\/crochetts.com\/fr\/#website","url":"https:\/\/crochetts.com\/fr\/","name":"Crochetts","description":"ANIMALES DE CROCHET PARA JUGAR,DECORAR Y SO\u00d1AR","publisher":{"@id":"https:\/\/crochetts.com\/fr\/#organization"},"potentialAction":[{"@type":"SearchAction","target":{"@type":"EntryPoint","urlTemplate":"https:\/\/crochetts.com\/fr\/?s={search_term_string}"},"query-input":{"@type":"PropertyValueSpecification","valueRequired":true,"valueName":"search_term_string"}}],"inLanguage":"fr-FR"},{"@type":"Organization","@id":"https:\/\/crochetts.com\/fr\/#organization","name":"Crochets","url":"https:\/\/crochetts.com\/fr\/","logo":{"@type":"ImageObject","inLanguage":"fr-FR","@id":"https:\/\/crochetts.com\/fr\/#\/schema\/logo\/image\/","url":"https:\/\/i2.wp.com\/crochetts.com\/wp-content\/uploads\/2021\/01\/Logo-Crochetts.jpg?fit=300%2C137&ssl=1","contentUrl":"https:\/\/i2.wp.com\/crochetts.com\/wp-content\/uploads\/2021\/01\/Logo-Crochetts.jpg?fit=300%2C137&ssl=1","width":300,"height":137,"caption":"Crochets"},"image":{"@id":"https:\/\/crochetts.com\/fr\/#\/schema\/logo\/image\/"},"sameAs":["https:\/\/www.facebook.com\/Crochetts-101964178013493","https:\/\/www.instagram.com\/crochetts_\/"]}]},"product_price_amount":"59.99","product_price_currency":"EUR","og_availability":"out of stock","product_availability":"out of stock","product_retailer_item_id":"2011-3","product_condition":"new"},"_links":{"self":[{"href":"https:\/\/crochetts.com\/fr\/wp-json\/wp\/v2\/product\/24291","targetHints":{"allow":["GET"]}}],"collection":[{"href":"https:\/\/crochetts.com\/fr\/wp-json\/wp\/v2\/product"}],"about":[{"href":"https:\/\/crochetts.com\/fr\/wp-json\/wp\/v2\/types\/product"}],"wp:featuredmedia":[{"embeddable":true,"href":"https:\/\/crochetts.com\/fr\/wp-json\/wp\/v2\/media\/24298"}],"wp:attachment":[{"href":"https:\/\/crochetts.com\/fr\/wp-json\/wp\/v2\/media?parent=24291"}],"wp:term":[{"taxonomy":"product_brand","embeddable":true,"href":"https:\/\/crochetts.com\/fr\/wp-json\/wp\/v2\/product_brand?post=24291"},{"taxonomy":"product_cat","embeddable":true,"href":"https:\/\/crochetts.com\/fr\/wp-json\/wp\/v2\/product_cat?post=24291"},{"taxonomy":"product_tag","embeddable":true,"href":"https:\/\/crochetts.com\/fr\/wp-json\/wp\/v2\/product_tag?post=24291"}],"curies":[{"name":"wp","href":"https:\/\/api.w.org\/{rel}","templated":true}]}}