{"id":24261,"date":"2022-09-30T10:16:45","date_gmt":"2022-09-30T10:16:45","guid":{"rendered":"https:\/\/crochetts.com\/tienda\/coussin-simba\/"},"modified":"2025-11-21T14:27:08","modified_gmt":"2025-11-21T13:27:08","slug":"coussin-simba","status":"publish","type":"product","link":"https:\/\/crochetts.com\/fr\/tienda\/coussin-simba\/","title":{"rendered":"COUSSIN SIMBA"},"content":{"rendered":"<div style=\"text-align: justify;\">\n<p>Notre <strong>collection de coussins pour enfants<\/strong> en forme d&rsquo;<strong> animaux<\/strong> qui sont non seulement <strong>doux<\/strong> et <strong>c\u00e2lins<\/strong> mais aussi <strong>chauds<\/strong> au toucher, votre petit aimera les animaux d\u00e8s son plus jeune \u00e2ge et deviendra son nouveau <strong>compagnon de<\/strong> <strong>jeu et de sommeil<\/strong>. Nos coussins sont toujours <strong>gais<\/strong> et amusants et inspirent \u00e0 jouer et \u00e0 s&rsquo;amuser tout en \u00e9tant un objet de <strong>d\u00e9coration<\/strong>. <\/p>\n<p>L&rsquo;utilisation de coussins pour enfants est une fa\u00e7on <strong>int\u00e9ressante<\/strong> d&rsquo;<strong>ajouter<\/strong> une touche de tendresse et de <strong>couleur<\/strong> \u00e0 la <strong>chambre d&rsquo;<\/strong> enfant et d&rsquo;inciter votre enfant \u00e0 r\u00eaver et \u00e0 jouer.<\/p>\n<\/div>\n<p>Une collection de coussins parmi lesquels vous pouvez choisir <strong>diff\u00e9rents mod\u00e8les<\/strong>.<\/p>\n","protected":false},"excerpt":{"rendered":"<p>Laissez libre cours \u00e0 l&rsquo;imagination de vos enfants avec notre <strong>coussin Simba<\/strong> en coton 100 % <strong>hypoallerg\u00e9nique<\/strong>. Ce coussin amusant et color\u00e9 <strong>en forme de lion<\/strong> est doux et <strong>agr\u00e9able au toucher<\/strong>. Il apportera de la couleur et de la joie partout o\u00f9 vous le placerez, cr\u00e9ant une <strong>atmosph\u00e8re tendre et chaleureuse<\/strong>. Simba deviendra le meilleur <strong>compagnon de jeu de<\/strong> votre enfant et pourra m\u00eame l&rsquo;accompagner \u00e0 l <strong>&lsquo;heure du coucher<\/strong>. Id\u00e9al pour les chambres d&rsquo;enfants ou les aires de jeux.   <\/p>\n","protected":false},"featured_media":24273,"template":"","meta":{"_acf_changed":false,"_joinchat":[]},"product_brand":[],"product_cat":[5953],"product_tag":[5955,5970,5954,5968,5967,5969,4796],"class_list":{"0":"post-24261","1":"product","2":"type-product","3":"status-publish","4":"has-post-thumbnail","6":"product_cat-cushions","7":"product_tag-coussin-animalier","8":"product_tag-coussin-lion","9":"product_tag-coussin-original","10":"product_tag-coussin-pour-chambre-denfant","11":"product_tag-coussin-pour-enfants-2","12":"product_tag-decoration-de-chambres-denfants","13":"product_tag-decoration-pour-enfants","14":"entry","16":"first","17":"instock","18":"taxable","19":"shipping-taxable","20":"purchasable","21":"product-type-simple"},"acf":[],"yoast_head":"<!-- This site is optimized with the Yoast SEO Premium plugin v26.1 (Yoast SEO v27.3) - https:\/\/yoast.com\/product\/yoast-seo-premium-wordpress\/ -->\n<title>BABY - COUSSIN SIMBA - Crochetts%%.<\/title>\n<meta name=\"description\" content=\"Notre collection de coussins pour enfants en forme d&#039;animaux qui sont non seulement doux et c\u00e2lins mais aussi chauds au toucher, votre petit aimera les animaux d\u00e8s son plus jeune \u00e2ge et deviendra son nouveau compagnon de jeu et de sommeil. Nos coussins sont toujours gais et amusants et inspirent \u00e0 jouer et \u00e0 s&#039;amuser tout en \u00e9tant un objet de d\u00e9coration.\" \/>\n<meta name=\"robots\" content=\"index, follow, max-snippet:-1, max-image-preview:large, max-video-preview:-1\" \/>\n<link rel=\"canonical\" href=\"https:\/\/crochetts.com\/fr\/tienda\/coussin-simba\/\" \/>\n<meta property=\"og:locale\" content=\"fr_FR\" \/>\n<meta property=\"og:type\" content=\"article\" \/>\n<meta property=\"og:title\" content=\"COUSSIN SIMBA\" \/>\n<meta property=\"og:description\" content=\"Laissez libre cours \u00e0 l&#039;imagination de vos enfants avec notre coussin Simba en coton 100 % hypoallerg\u00e9nique. Ce coussin amusant et color\u00e9 en forme de lion est doux et agr\u00e9able au toucher. Il apportera de la couleur et de la joie partout o\u00f9 vous le placerez, cr\u00e9ant une atmosph\u00e8re tendre et chaleureuse. Simba deviendra le meilleur compagnon de jeu de votre enfant et pourra m\u00eame l&#039;accompagner \u00e0 l &#039;heure du coucher. Id\u00e9al pour les chambres d&#039;enfants ou les aires de jeux.\" \/>\n<meta property=\"og:url\" content=\"https:\/\/crochetts.com\/fr\/tienda\/coussin-simba\/\" \/>\n<meta property=\"og:site_name\" content=\"Crochetts\" \/>\n<meta property=\"article:publisher\" content=\"https:\/\/www.facebook.com\/Crochetts-101964178013493\" \/>\n<meta property=\"article:modified_time\" content=\"2025-11-21T13:27:08+00:00\" \/>\n<meta property=\"og:image\" content=\"https:\/\/crochetts.com\/wp-content\/uploads\/2022\/09\/LT-1927C-32.jpg\" \/>\n\t<meta property=\"og:image:width\" content=\"801\" \/>\n\t<meta property=\"og:image:height\" content=\"1200\" \/>\n\t<meta property=\"og:image:type\" content=\"image\/jpeg\" \/>\n<meta name=\"twitter:card\" content=\"summary_large_image\" \/>\n<meta name=\"twitter:label1\" content=\"Prix\" \/>\n\t<meta name=\"twitter:data1\" content=\"50,00&nbsp;&euro;\" \/>\n\t<meta name=\"twitter:label2\" content=\"Disponibilit\u00e9\" \/>\n\t<meta name=\"twitter:data2\" content=\"En stock\" \/>\n<script type=\"application\/ld+json\" class=\"yoast-schema-graph\">{\"@context\":\"https:\\\/\\\/schema.org\",\"@graph\":[{\"@type\":\"WebPage\",\"@id\":\"https:\\\/\\\/crochetts.com\\\/fr\\\/tienda\\\/coussin-simba\\\/\",\"url\":\"https:\\\/\\\/crochetts.com\\\/fr\\\/tienda\\\/coussin-simba\\\/\",\"name\":\"BABY - COUSSIN SIMBA - Crochetts%%.\",\"isPartOf\":{\"@id\":\"https:\\\/\\\/crochetts.com\\\/fr\\\/#website\"},\"primaryImageOfPage\":{\"@id\":\"https:\\\/\\\/crochetts.com\\\/fr\\\/tienda\\\/coussin-simba\\\/#primaryimage\"},\"image\":{\"@id\":\"https:\\\/\\\/crochetts.com\\\/fr\\\/tienda\\\/coussin-simba\\\/#primaryimage\"},\"thumbnailUrl\":\"https:\\\/\\\/crochetts.com\\\/wp-content\\\/uploads\\\/2022\\\/09\\\/LT-1927C-32.jpg\",\"datePublished\":\"2022-09-30T10:16:45+00:00\",\"dateModified\":\"2025-11-21T13:27:08+00:00\",\"description\":\"Notre collection de coussins pour enfants en forme d'animaux qui sont non seulement doux et c\u00e2lins mais aussi chauds au toucher, votre petit aimera les animaux d\u00e8s son plus jeune \u00e2ge et deviendra son nouveau compagnon de jeu et de sommeil. Nos coussins sont toujours gais et amusants et inspirent \u00e0 jouer et \u00e0 s'amuser tout en \u00e9tant un objet de d\u00e9coration.\",\"breadcrumb\":{\"@id\":\"https:\\\/\\\/crochetts.com\\\/fr\\\/tienda\\\/coussin-simba\\\/#breadcrumb\"},\"inLanguage\":\"fr-FR\",\"potentialAction\":[{\"@type\":\"ReadAction\",\"target\":[\"https:\\\/\\\/crochetts.com\\\/fr\\\/tienda\\\/coussin-simba\\\/\"]}]},{\"@type\":\"ImageObject\",\"inLanguage\":\"fr-FR\",\"@id\":\"https:\\\/\\\/crochetts.com\\\/fr\\\/tienda\\\/coussin-simba\\\/#primaryimage\",\"url\":\"https:\\\/\\\/crochetts.com\\\/wp-content\\\/uploads\\\/2022\\\/09\\\/LT-1927C-32.jpg\",\"contentUrl\":\"https:\\\/\\\/crochetts.com\\\/wp-content\\\/uploads\\\/2022\\\/09\\\/LT-1927C-32.jpg\",\"width\":801,\"height\":1200,\"caption\":\"coussin au crochet\"},{\"@type\":\"BreadcrumbList\",\"@id\":\"https:\\\/\\\/crochetts.com\\\/fr\\\/tienda\\\/coussin-simba\\\/#breadcrumb\",\"itemListElement\":[{\"@type\":\"ListItem\",\"position\":1,\"name\":\"Portada\",\"item\":\"https:\\\/\\\/crochetts.com\\\/fr\\\/accueil\\\/\"},{\"@type\":\"ListItem\",\"position\":2,\"name\":\"Boutique\",\"item\":\"https:\\\/\\\/crochetts.fr\\\/boutique\\\/\"},{\"@type\":\"ListItem\",\"position\":3,\"name\":\"COUSSIN SIMBA\"}]},{\"@type\":\"WebSite\",\"@id\":\"https:\\\/\\\/crochetts.com\\\/fr\\\/#website\",\"url\":\"https:\\\/\\\/crochetts.com\\\/fr\\\/\",\"name\":\"Crochetts\",\"description\":\"ANIMALES DE CROCHET PARA JUGAR,DECORAR Y SO\u00d1AR\",\"publisher\":{\"@id\":\"https:\\\/\\\/crochetts.com\\\/fr\\\/#organization\"},\"potentialAction\":[{\"@type\":\"SearchAction\",\"target\":{\"@type\":\"EntryPoint\",\"urlTemplate\":\"https:\\\/\\\/crochetts.com\\\/fr\\\/?s={search_term_string}\"},\"query-input\":{\"@type\":\"PropertyValueSpecification\",\"valueRequired\":true,\"valueName\":\"search_term_string\"}}],\"inLanguage\":\"fr-FR\"},{\"@type\":\"Organization\",\"@id\":\"https:\\\/\\\/crochetts.com\\\/fr\\\/#organization\",\"name\":\"Crochets\",\"url\":\"https:\\\/\\\/crochetts.com\\\/fr\\\/\",\"logo\":{\"@type\":\"ImageObject\",\"inLanguage\":\"fr-FR\",\"@id\":\"https:\\\/\\\/crochetts.com\\\/fr\\\/#\\\/schema\\\/logo\\\/image\\\/\",\"url\":\"https:\\\/\\\/i2.wp.com\\\/crochetts.com\\\/wp-content\\\/uploads\\\/2021\\\/01\\\/Logo-Crochetts.jpg?fit=300%2C137&ssl=1\",\"contentUrl\":\"https:\\\/\\\/i2.wp.com\\\/crochetts.com\\\/wp-content\\\/uploads\\\/2021\\\/01\\\/Logo-Crochetts.jpg?fit=300%2C137&ssl=1\",\"width\":300,\"height\":137,\"caption\":\"Crochets\"},\"image\":{\"@id\":\"https:\\\/\\\/crochetts.com\\\/fr\\\/#\\\/schema\\\/logo\\\/image\\\/\"},\"sameAs\":[\"https:\\\/\\\/www.facebook.com\\\/Crochetts-101964178013493\",\"https:\\\/\\\/www.instagram.com\\\/crochetts_\\\/\"]}]}<\/script>\n<meta property=\"product:price:amount\" content=\"50.00\" \/>\n<meta property=\"product:price:currency\" content=\"EUR\" \/>\n<meta property=\"og:availability\" content=\"instock\" \/>\n<meta property=\"product:availability\" content=\"instock\" \/>\n<meta property=\"product:retailer_item_id\" content=\"LT-1927C\" \/>\n<meta property=\"product:condition\" content=\"new\" \/>\n<!-- \/ Yoast SEO Premium plugin. -->","yoast_head_json":{"title":"BABY - COUSSIN SIMBA - Crochetts%%.","description":"Notre collection de coussins pour enfants en forme d'animaux qui sont non seulement doux et c\u00e2lins mais aussi chauds au toucher, votre petit aimera les animaux d\u00e8s son plus jeune \u00e2ge et deviendra son nouveau compagnon de jeu et de sommeil. Nos coussins sont toujours gais et amusants et inspirent \u00e0 jouer et \u00e0 s'amuser tout en \u00e9tant un objet de d\u00e9coration.","robots":{"index":"index","follow":"follow","max-snippet":"max-snippet:-1","max-image-preview":"max-image-preview:large","max-video-preview":"max-video-preview:-1"},"canonical":"https:\/\/crochetts.com\/fr\/tienda\/coussin-simba\/","og_locale":"fr_FR","og_type":"article","og_title":"COUSSIN SIMBA","og_description":"Laissez libre cours \u00e0 l'imagination de vos enfants avec notre coussin Simba en coton 100 % hypoallerg\u00e9nique. Ce coussin amusant et color\u00e9 en forme de lion est doux et agr\u00e9able au toucher. Il apportera de la couleur et de la joie partout o\u00f9 vous le placerez, cr\u00e9ant une atmosph\u00e8re tendre et chaleureuse. Simba deviendra le meilleur compagnon de jeu de votre enfant et pourra m\u00eame l'accompagner \u00e0 l 'heure du coucher. Id\u00e9al pour les chambres d'enfants ou les aires de jeux.","og_url":"https:\/\/crochetts.com\/fr\/tienda\/coussin-simba\/","og_site_name":"Crochetts","article_publisher":"https:\/\/www.facebook.com\/Crochetts-101964178013493","article_modified_time":"2025-11-21T13:27:08+00:00","og_image":[{"width":801,"height":1200,"url":"https:\/\/crochetts.com\/wp-content\/uploads\/2022\/09\/LT-1927C-32.jpg","type":"image\/jpeg"}],"twitter_card":"summary_large_image","twitter_misc":{"Prix":"50,00&nbsp;&euro;","Disponibilit\u00e9":"En stock"},"schema":{"@context":"https:\/\/schema.org","@graph":[{"@type":"WebPage","@id":"https:\/\/crochetts.com\/fr\/tienda\/coussin-simba\/","url":"https:\/\/crochetts.com\/fr\/tienda\/coussin-simba\/","name":"BABY - COUSSIN SIMBA - Crochetts%%.","isPartOf":{"@id":"https:\/\/crochetts.com\/fr\/#website"},"primaryImageOfPage":{"@id":"https:\/\/crochetts.com\/fr\/tienda\/coussin-simba\/#primaryimage"},"image":{"@id":"https:\/\/crochetts.com\/fr\/tienda\/coussin-simba\/#primaryimage"},"thumbnailUrl":"https:\/\/crochetts.com\/wp-content\/uploads\/2022\/09\/LT-1927C-32.jpg","datePublished":"2022-09-30T10:16:45+00:00","dateModified":"2025-11-21T13:27:08+00:00","description":"Notre collection de coussins pour enfants en forme d'animaux qui sont non seulement doux et c\u00e2lins mais aussi chauds au toucher, votre petit aimera les animaux d\u00e8s son plus jeune \u00e2ge et deviendra son nouveau compagnon de jeu et de sommeil. Nos coussins sont toujours gais et amusants et inspirent \u00e0 jouer et \u00e0 s'amuser tout en \u00e9tant un objet de d\u00e9coration.","breadcrumb":{"@id":"https:\/\/crochetts.com\/fr\/tienda\/coussin-simba\/#breadcrumb"},"inLanguage":"fr-FR","potentialAction":[{"@type":"ReadAction","target":["https:\/\/crochetts.com\/fr\/tienda\/coussin-simba\/"]}]},{"@type":"ImageObject","inLanguage":"fr-FR","@id":"https:\/\/crochetts.com\/fr\/tienda\/coussin-simba\/#primaryimage","url":"https:\/\/crochetts.com\/wp-content\/uploads\/2022\/09\/LT-1927C-32.jpg","contentUrl":"https:\/\/crochetts.com\/wp-content\/uploads\/2022\/09\/LT-1927C-32.jpg","width":801,"height":1200,"caption":"coussin au crochet"},{"@type":"BreadcrumbList","@id":"https:\/\/crochetts.com\/fr\/tienda\/coussin-simba\/#breadcrumb","itemListElement":[{"@type":"ListItem","position":1,"name":"Portada","item":"https:\/\/crochetts.com\/fr\/accueil\/"},{"@type":"ListItem","position":2,"name":"Boutique","item":"https:\/\/crochetts.fr\/boutique\/"},{"@type":"ListItem","position":3,"name":"COUSSIN SIMBA"}]},{"@type":"WebSite","@id":"https:\/\/crochetts.com\/fr\/#website","url":"https:\/\/crochetts.com\/fr\/","name":"Crochetts","description":"ANIMALES DE CROCHET PARA JUGAR,DECORAR Y SO\u00d1AR","publisher":{"@id":"https:\/\/crochetts.com\/fr\/#organization"},"potentialAction":[{"@type":"SearchAction","target":{"@type":"EntryPoint","urlTemplate":"https:\/\/crochetts.com\/fr\/?s={search_term_string}"},"query-input":{"@type":"PropertyValueSpecification","valueRequired":true,"valueName":"search_term_string"}}],"inLanguage":"fr-FR"},{"@type":"Organization","@id":"https:\/\/crochetts.com\/fr\/#organization","name":"Crochets","url":"https:\/\/crochetts.com\/fr\/","logo":{"@type":"ImageObject","inLanguage":"fr-FR","@id":"https:\/\/crochetts.com\/fr\/#\/schema\/logo\/image\/","url":"https:\/\/i2.wp.com\/crochetts.com\/wp-content\/uploads\/2021\/01\/Logo-Crochetts.jpg?fit=300%2C137&ssl=1","contentUrl":"https:\/\/i2.wp.com\/crochetts.com\/wp-content\/uploads\/2021\/01\/Logo-Crochetts.jpg?fit=300%2C137&ssl=1","width":300,"height":137,"caption":"Crochets"},"image":{"@id":"https:\/\/crochetts.com\/fr\/#\/schema\/logo\/image\/"},"sameAs":["https:\/\/www.facebook.com\/Crochetts-101964178013493","https:\/\/www.instagram.com\/crochetts_\/"]}]},"product_price_amount":"50.00","product_price_currency":"EUR","og_availability":"instock","product_availability":"instock","product_retailer_item_id":"LT-1927C","product_condition":"new"},"_links":{"self":[{"href":"https:\/\/crochetts.com\/fr\/wp-json\/wp\/v2\/product\/24261","targetHints":{"allow":["GET"]}}],"collection":[{"href":"https:\/\/crochetts.com\/fr\/wp-json\/wp\/v2\/product"}],"about":[{"href":"https:\/\/crochetts.com\/fr\/wp-json\/wp\/v2\/types\/product"}],"wp:featuredmedia":[{"embeddable":true,"href":"https:\/\/crochetts.com\/fr\/wp-json\/wp\/v2\/media\/24273"}],"wp:attachment":[{"href":"https:\/\/crochetts.com\/fr\/wp-json\/wp\/v2\/media?parent=24261"}],"wp:term":[{"taxonomy":"product_brand","embeddable":true,"href":"https:\/\/crochetts.com\/fr\/wp-json\/wp\/v2\/product_brand?post=24261"},{"taxonomy":"product_cat","embeddable":true,"href":"https:\/\/crochetts.com\/fr\/wp-json\/wp\/v2\/product_cat?post=24261"},{"taxonomy":"product_tag","embeddable":true,"href":"https:\/\/crochetts.com\/fr\/wp-json\/wp\/v2\/product_tag?post=24261"}],"curies":[{"name":"wp","href":"https:\/\/api.w.org\/{rel}","templated":true}]}}