{"id":24195,"date":"2021-05-13T15:27:47","date_gmt":"2021-05-13T14:27:47","guid":{"rendered":"https:\/\/crochetts.com\/tienda\/sac-a-dos-pingui\/"},"modified":"2025-11-21T14:07:21","modified_gmt":"2025-11-21T13:07:21","slug":"sac-a-dos-pingui","status":"publish","type":"product","link":"https:\/\/crochetts.com\/fr\/tienda\/sac-a-dos-pingui\/","title":{"rendered":"SAC \u00c0 DOS PINGUI"},"content":{"rendered":"<div style=\"text-align: justify;\">\n<p style=\"text-align: justify;\">Tous nos sacs \u00e0 dos sont <strong>con\u00e7us pour les petits. <\/strong>Le <strong>sac \u00e0 dos pingouin<\/strong> dispose d&rsquo;un grand espace de rangement, d&rsquo;une fermeture \u00e0 glissi\u00e8re et de poign\u00e9es r\u00e9glables.<\/p>\n<p>Id\u00e9al \u00e0 partir de 2 ans. Pour l&rsquo;\u00e9cole, le parc, les sorties ou tout simplement pour que les enfants, ou les mamans et les papas, puissent emporter tout ce dont un enfant a besoin <strong>o\u00f9 qu&rsquo;<\/strong>il aille. <\/p>\n<p>Un bon moyen d&rsquo;<strong>encourager l&rsquo;amour des animaux<\/strong> et de la nature. Plus qu&rsquo;un sac \u00e0 dos pour transporter des objets, <strong>un compagnon de voyage<\/strong> pour nos enfants. <\/p>\n<\/div>\n","protected":false},"excerpt":{"rendered":"<p style=\"text-align: justify;\">Notre <b>sac \u00e0 dos pingouin<\/b> <strong>au crochet<\/strong> est fait de <strong>coton 100% naturel,<\/strong> hypoallerg\u00e9nique, tr\u00e8s doux au toucher, en <strong>bleu fonc\u00e9 et blanc<\/strong>. Un design amusant et mignon en forme de petit animal. Nous avons pens\u00e9 \u00e0 tous les d\u00e9tails, comme les yeux et le nez. Un excellent compagnon de voyage pour les enfants. Le sac \u00e0 dos pingouin dispose d&rsquo;un grand espace de rangement, d&rsquo;une fermeture \u00e0 glissi\u00e8re, de poign\u00e9es et d&rsquo;une ceinture r\u00e9glables pour un transport confortable.    <\/p>\n","protected":false},"featured_media":24218,"template":"","meta":{"_acf_changed":false,"_joinchat":[]},"product_brand":[],"product_cat":[4671,4842,5360,5361],"product_tag":[],"class_list":{"0":"post-24195","1":"product","2":"type-product","3":"status-publish","4":"has-post-thumbnail","6":"product_cat-accueil","7":"product_cat-produits","8":"product_cat-sacs-a-dos","10":"entry","12":"first","13":"instock","14":"taxable","15":"shipping-taxable","16":"purchasable","17":"product-type-simple"},"acf":[],"yoast_head":"<!-- This site is optimized with the Yoast SEO Premium plugin v26.1 (Yoast SEO v27.3) - https:\/\/yoast.com\/product\/yoast-seo-premium-wordpress\/ -->\n<title>Children&#039;s backpack - SAC \u00c0 DOS PINGUI - Crochetts% Crochetts Crochetts%<\/title>\n<meta name=\"description\" content=\"Tous nos sacs \u00e0 dos sont con\u00e7us pour les petits. Id\u00e9al pour l&#039;\u00e9cole, le parc, les sorties ou tout simplement pour que les enfants, ou les mamans et les papas, puissent emporter tout ce dont un enfant a besoin o\u00f9 qu&#039;il aille.\" \/>\n<meta name=\"robots\" content=\"index, follow, max-snippet:-1, max-image-preview:large, max-video-preview:-1\" \/>\n<link rel=\"canonical\" href=\"https:\/\/crochetts.com\/fr\/tienda\/sac-a-dos-pingui\/\" \/>\n<meta property=\"og:locale\" content=\"fr_FR\" \/>\n<meta property=\"og:type\" content=\"article\" \/>\n<meta property=\"og:title\" content=\"SAC \u00c0 DOS PINGUI\" \/>\n<meta property=\"og:description\" content=\"Notre sac \u00e0 dos pingouin au crochet est fait de coton 100% naturel, hypoallerg\u00e9nique, tr\u00e8s doux au toucher, en bleu fonc\u00e9 et blanc. Un design amusant et mignon en forme de petit animal. Nous avons pens\u00e9 \u00e0 tous les d\u00e9tails, comme les yeux et le nez. Un excellent compagnon de voyage pour les enfants. Le sac \u00e0 dos pingouin dispose d&#039;un grand espace de rangement, d&#039;une fermeture \u00e0 glissi\u00e8re, de poign\u00e9es et d&#039;une ceinture r\u00e9glables pour un transport confortable.\" \/>\n<meta property=\"og:url\" content=\"https:\/\/crochetts.com\/fr\/tienda\/sac-a-dos-pingui\/\" \/>\n<meta property=\"og:site_name\" content=\"Crochetts\" \/>\n<meta property=\"article:publisher\" content=\"https:\/\/www.facebook.com\/Crochetts-101964178013493\" \/>\n<meta property=\"article:modified_time\" content=\"2025-11-21T13:07:21+00:00\" \/>\n<meta property=\"og:image\" content=\"https:\/\/crochetts.com\/wp-content\/uploads\/2021\/05\/LT-1748-2..jpg\" \/>\n\t<meta property=\"og:image:width\" content=\"801\" \/>\n\t<meta property=\"og:image:height\" content=\"1200\" \/>\n\t<meta property=\"og:image:type\" content=\"image\/jpeg\" \/>\n<meta name=\"twitter:card\" content=\"summary_large_image\" \/>\n<meta name=\"twitter:label1\" content=\"Prix\" \/>\n\t<meta name=\"twitter:data1\" content=\"54,99&nbsp;&euro;\" \/>\n\t<meta name=\"twitter:label2\" content=\"Disponibilit\u00e9\" \/>\n\t<meta name=\"twitter:data2\" content=\"En stock\" \/>\n<script type=\"application\/ld+json\" class=\"yoast-schema-graph\">{\"@context\":\"https:\\\/\\\/schema.org\",\"@graph\":[{\"@type\":\"WebPage\",\"@id\":\"https:\\\/\\\/crochetts.com\\\/fr\\\/tienda\\\/sac-a-dos-pingui\\\/\",\"url\":\"https:\\\/\\\/crochetts.com\\\/fr\\\/tienda\\\/sac-a-dos-pingui\\\/\",\"name\":\"Children's backpack - SAC \u00c0 DOS PINGUI - Crochetts% Crochetts Crochetts%\",\"isPartOf\":{\"@id\":\"https:\\\/\\\/crochetts.com\\\/fr\\\/#website\"},\"primaryImageOfPage\":{\"@id\":\"https:\\\/\\\/crochetts.com\\\/fr\\\/tienda\\\/sac-a-dos-pingui\\\/#primaryimage\"},\"image\":{\"@id\":\"https:\\\/\\\/crochetts.com\\\/fr\\\/tienda\\\/sac-a-dos-pingui\\\/#primaryimage\"},\"thumbnailUrl\":\"https:\\\/\\\/crochetts.com\\\/wp-content\\\/uploads\\\/2021\\\/05\\\/LT-1748-2..jpg\",\"datePublished\":\"2021-05-13T14:27:47+00:00\",\"dateModified\":\"2025-11-21T13:07:21+00:00\",\"description\":\"Tous nos sacs \u00e0 dos sont con\u00e7us pour les petits. Id\u00e9al pour l'\u00e9cole, le parc, les sorties ou tout simplement pour que les enfants, ou les mamans et les papas, puissent emporter tout ce dont un enfant a besoin o\u00f9 qu'il aille.\",\"breadcrumb\":{\"@id\":\"https:\\\/\\\/crochetts.com\\\/fr\\\/tienda\\\/sac-a-dos-pingui\\\/#breadcrumb\"},\"inLanguage\":\"fr-FR\",\"potentialAction\":[{\"@type\":\"ReadAction\",\"target\":[\"https:\\\/\\\/crochetts.com\\\/fr\\\/tienda\\\/sac-a-dos-pingui\\\/\"]}]},{\"@type\":\"ImageObject\",\"inLanguage\":\"fr-FR\",\"@id\":\"https:\\\/\\\/crochetts.com\\\/fr\\\/tienda\\\/sac-a-dos-pingui\\\/#primaryimage\",\"url\":\"https:\\\/\\\/crochetts.com\\\/wp-content\\\/uploads\\\/2021\\\/05\\\/LT-1748-2..jpg\",\"contentUrl\":\"https:\\\/\\\/crochetts.com\\\/wp-content\\\/uploads\\\/2021\\\/05\\\/LT-1748-2..jpg\",\"width\":801,\"height\":1200,\"caption\":\"sac \u00e0 dos au crochet pour enfants\"},{\"@type\":\"BreadcrumbList\",\"@id\":\"https:\\\/\\\/crochetts.com\\\/fr\\\/tienda\\\/sac-a-dos-pingui\\\/#breadcrumb\",\"itemListElement\":[{\"@type\":\"ListItem\",\"position\":1,\"name\":\"Portada\",\"item\":\"https:\\\/\\\/crochetts.com\\\/fr\\\/accueil\\\/\"},{\"@type\":\"ListItem\",\"position\":2,\"name\":\"Boutique\",\"item\":\"https:\\\/\\\/crochetts.fr\\\/boutique\\\/\"},{\"@type\":\"ListItem\",\"position\":3,\"name\":\"SAC \u00c0 DOS PINGUI\"}]},{\"@type\":\"WebSite\",\"@id\":\"https:\\\/\\\/crochetts.com\\\/fr\\\/#website\",\"url\":\"https:\\\/\\\/crochetts.com\\\/fr\\\/\",\"name\":\"Crochetts\",\"description\":\"ANIMALES DE CROCHET PARA JUGAR,DECORAR Y SO\u00d1AR\",\"publisher\":{\"@id\":\"https:\\\/\\\/crochetts.com\\\/fr\\\/#organization\"},\"potentialAction\":[{\"@type\":\"SearchAction\",\"target\":{\"@type\":\"EntryPoint\",\"urlTemplate\":\"https:\\\/\\\/crochetts.com\\\/fr\\\/?s={search_term_string}\"},\"query-input\":{\"@type\":\"PropertyValueSpecification\",\"valueRequired\":true,\"valueName\":\"search_term_string\"}}],\"inLanguage\":\"fr-FR\"},{\"@type\":\"Organization\",\"@id\":\"https:\\\/\\\/crochetts.com\\\/fr\\\/#organization\",\"name\":\"Crochets\",\"url\":\"https:\\\/\\\/crochetts.com\\\/fr\\\/\",\"logo\":{\"@type\":\"ImageObject\",\"inLanguage\":\"fr-FR\",\"@id\":\"https:\\\/\\\/crochetts.com\\\/fr\\\/#\\\/schema\\\/logo\\\/image\\\/\",\"url\":\"https:\\\/\\\/i2.wp.com\\\/crochetts.com\\\/wp-content\\\/uploads\\\/2021\\\/01\\\/Logo-Crochetts.jpg?fit=300%2C137&ssl=1\",\"contentUrl\":\"https:\\\/\\\/i2.wp.com\\\/crochetts.com\\\/wp-content\\\/uploads\\\/2021\\\/01\\\/Logo-Crochetts.jpg?fit=300%2C137&ssl=1\",\"width\":300,\"height\":137,\"caption\":\"Crochets\"},\"image\":{\"@id\":\"https:\\\/\\\/crochetts.com\\\/fr\\\/#\\\/schema\\\/logo\\\/image\\\/\"},\"sameAs\":[\"https:\\\/\\\/www.facebook.com\\\/Crochetts-101964178013493\",\"https:\\\/\\\/www.instagram.com\\\/crochetts_\\\/\"]}]}<\/script>\n<meta property=\"product:price:amount\" content=\"54.99\" \/>\n<meta property=\"product:price:currency\" content=\"EUR\" \/>\n<meta property=\"og:availability\" content=\"instock\" \/>\n<meta property=\"product:availability\" content=\"instock\" \/>\n<meta property=\"product:retailer_item_id\" content=\"LT-1748\" \/>\n<meta property=\"product:condition\" content=\"new\" \/>\n<!-- \/ Yoast SEO Premium plugin. -->","yoast_head_json":{"title":"Children's backpack - SAC \u00c0 DOS PINGUI - Crochetts% Crochetts Crochetts%","description":"Tous nos sacs \u00e0 dos sont con\u00e7us pour les petits. Id\u00e9al pour l'\u00e9cole, le parc, les sorties ou tout simplement pour que les enfants, ou les mamans et les papas, puissent emporter tout ce dont un enfant a besoin o\u00f9 qu'il aille.","robots":{"index":"index","follow":"follow","max-snippet":"max-snippet:-1","max-image-preview":"max-image-preview:large","max-video-preview":"max-video-preview:-1"},"canonical":"https:\/\/crochetts.com\/fr\/tienda\/sac-a-dos-pingui\/","og_locale":"fr_FR","og_type":"article","og_title":"SAC \u00c0 DOS PINGUI","og_description":"Notre sac \u00e0 dos pingouin au crochet est fait de coton 100% naturel, hypoallerg\u00e9nique, tr\u00e8s doux au toucher, en bleu fonc\u00e9 et blanc. Un design amusant et mignon en forme de petit animal. Nous avons pens\u00e9 \u00e0 tous les d\u00e9tails, comme les yeux et le nez. Un excellent compagnon de voyage pour les enfants. Le sac \u00e0 dos pingouin dispose d'un grand espace de rangement, d'une fermeture \u00e0 glissi\u00e8re, de poign\u00e9es et d'une ceinture r\u00e9glables pour un transport confortable.","og_url":"https:\/\/crochetts.com\/fr\/tienda\/sac-a-dos-pingui\/","og_site_name":"Crochetts","article_publisher":"https:\/\/www.facebook.com\/Crochetts-101964178013493","article_modified_time":"2025-11-21T13:07:21+00:00","og_image":[{"width":801,"height":1200,"url":"https:\/\/crochetts.com\/wp-content\/uploads\/2021\/05\/LT-1748-2..jpg","type":"image\/jpeg"}],"twitter_card":"summary_large_image","twitter_misc":{"Prix":"54,99&nbsp;&euro;","Disponibilit\u00e9":"En stock"},"schema":{"@context":"https:\/\/schema.org","@graph":[{"@type":"WebPage","@id":"https:\/\/crochetts.com\/fr\/tienda\/sac-a-dos-pingui\/","url":"https:\/\/crochetts.com\/fr\/tienda\/sac-a-dos-pingui\/","name":"Children's backpack - SAC \u00c0 DOS PINGUI - Crochetts% Crochetts Crochetts%","isPartOf":{"@id":"https:\/\/crochetts.com\/fr\/#website"},"primaryImageOfPage":{"@id":"https:\/\/crochetts.com\/fr\/tienda\/sac-a-dos-pingui\/#primaryimage"},"image":{"@id":"https:\/\/crochetts.com\/fr\/tienda\/sac-a-dos-pingui\/#primaryimage"},"thumbnailUrl":"https:\/\/crochetts.com\/wp-content\/uploads\/2021\/05\/LT-1748-2..jpg","datePublished":"2021-05-13T14:27:47+00:00","dateModified":"2025-11-21T13:07:21+00:00","description":"Tous nos sacs \u00e0 dos sont con\u00e7us pour les petits. Id\u00e9al pour l'\u00e9cole, le parc, les sorties ou tout simplement pour que les enfants, ou les mamans et les papas, puissent emporter tout ce dont un enfant a besoin o\u00f9 qu'il aille.","breadcrumb":{"@id":"https:\/\/crochetts.com\/fr\/tienda\/sac-a-dos-pingui\/#breadcrumb"},"inLanguage":"fr-FR","potentialAction":[{"@type":"ReadAction","target":["https:\/\/crochetts.com\/fr\/tienda\/sac-a-dos-pingui\/"]}]},{"@type":"ImageObject","inLanguage":"fr-FR","@id":"https:\/\/crochetts.com\/fr\/tienda\/sac-a-dos-pingui\/#primaryimage","url":"https:\/\/crochetts.com\/wp-content\/uploads\/2021\/05\/LT-1748-2..jpg","contentUrl":"https:\/\/crochetts.com\/wp-content\/uploads\/2021\/05\/LT-1748-2..jpg","width":801,"height":1200,"caption":"sac \u00e0 dos au crochet pour enfants"},{"@type":"BreadcrumbList","@id":"https:\/\/crochetts.com\/fr\/tienda\/sac-a-dos-pingui\/#breadcrumb","itemListElement":[{"@type":"ListItem","position":1,"name":"Portada","item":"https:\/\/crochetts.com\/fr\/accueil\/"},{"@type":"ListItem","position":2,"name":"Boutique","item":"https:\/\/crochetts.fr\/boutique\/"},{"@type":"ListItem","position":3,"name":"SAC \u00c0 DOS PINGUI"}]},{"@type":"WebSite","@id":"https:\/\/crochetts.com\/fr\/#website","url":"https:\/\/crochetts.com\/fr\/","name":"Crochetts","description":"ANIMALES DE CROCHET PARA JUGAR,DECORAR Y SO\u00d1AR","publisher":{"@id":"https:\/\/crochetts.com\/fr\/#organization"},"potentialAction":[{"@type":"SearchAction","target":{"@type":"EntryPoint","urlTemplate":"https:\/\/crochetts.com\/fr\/?s={search_term_string}"},"query-input":{"@type":"PropertyValueSpecification","valueRequired":true,"valueName":"search_term_string"}}],"inLanguage":"fr-FR"},{"@type":"Organization","@id":"https:\/\/crochetts.com\/fr\/#organization","name":"Crochets","url":"https:\/\/crochetts.com\/fr\/","logo":{"@type":"ImageObject","inLanguage":"fr-FR","@id":"https:\/\/crochetts.com\/fr\/#\/schema\/logo\/image\/","url":"https:\/\/i2.wp.com\/crochetts.com\/wp-content\/uploads\/2021\/01\/Logo-Crochetts.jpg?fit=300%2C137&ssl=1","contentUrl":"https:\/\/i2.wp.com\/crochetts.com\/wp-content\/uploads\/2021\/01\/Logo-Crochetts.jpg?fit=300%2C137&ssl=1","width":300,"height":137,"caption":"Crochets"},"image":{"@id":"https:\/\/crochetts.com\/fr\/#\/schema\/logo\/image\/"},"sameAs":["https:\/\/www.facebook.com\/Crochetts-101964178013493","https:\/\/www.instagram.com\/crochetts_\/"]}]},"product_price_amount":"54.99","product_price_currency":"EUR","og_availability":"instock","product_availability":"instock","product_retailer_item_id":"LT-1748","product_condition":"new"},"_links":{"self":[{"href":"https:\/\/crochetts.com\/fr\/wp-json\/wp\/v2\/product\/24195","targetHints":{"allow":["GET"]}}],"collection":[{"href":"https:\/\/crochetts.com\/fr\/wp-json\/wp\/v2\/product"}],"about":[{"href":"https:\/\/crochetts.com\/fr\/wp-json\/wp\/v2\/types\/product"}],"wp:featuredmedia":[{"embeddable":true,"href":"https:\/\/crochetts.com\/fr\/wp-json\/wp\/v2\/media\/24218"}],"wp:attachment":[{"href":"https:\/\/crochetts.com\/fr\/wp-json\/wp\/v2\/media?parent=24195"}],"wp:term":[{"taxonomy":"product_brand","embeddable":true,"href":"https:\/\/crochetts.com\/fr\/wp-json\/wp\/v2\/product_brand?post=24195"},{"taxonomy":"product_cat","embeddable":true,"href":"https:\/\/crochetts.com\/fr\/wp-json\/wp\/v2\/product_cat?post=24195"},{"taxonomy":"product_tag","embeddable":true,"href":"https:\/\/crochetts.com\/fr\/wp-json\/wp\/v2\/product_tag?post=24195"}],"curies":[{"name":"wp","href":"https:\/\/api.w.org\/{rel}","templated":true}]}}