{"id":24189,"date":"2021-05-13T14:27:30","date_gmt":"2021-05-13T14:27:30","guid":{"rendered":"https:\/\/crochetts.com\/tienda\/sac-cuki\/"},"modified":"2025-11-21T14:06:44","modified_gmt":"2025-11-21T13:06:44","slug":"sac-cuki","status":"publish","type":"product","link":"https:\/\/crochetts.com\/fr\/tienda\/sac-cuki\/","title":{"rendered":"SAC CUKI"},"content":{"rendered":"<div style=\"text-align: justify;\">\n<p style=\"text-align: justify;\">Tous nos sacs \u00e0 dos sont <strong>con\u00e7us pour les petits. Le sac \u00e0 bandouli\u00e8re Cuki<\/strong> dispose d&rsquo;un espace de rangement, d&rsquo;une fermeture \u00e0 glissi\u00e8re et d&rsquo;une bandouli\u00e8re r\u00e9glable.<\/p>\n<p>Id\u00e9al \u00e0 partir de 2 ans. Pour l&rsquo;\u00e9cole, le parc, les sorties ou tout simplement pour que les enfants, ou les mamans et les papas, puissent emporter tout ce dont un enfant a besoin <strong>o\u00f9 qu&rsquo;<\/strong>il aille. <\/p>\n<p>Un bon moyen d&rsquo;<strong>encourager l&rsquo;amour des animaux<\/strong> et de la nature. Plus qu&rsquo;un sac \u00e0 dos pour transporter des objets, <strong>un compagnon de voyage<\/strong> pour nos enfants. <\/p>\n<\/div>\n","protected":false},"excerpt":{"rendered":"<p style=\"text-align: justify;\">Notre <b>sac \u00e0 bandouli\u00e8re cuki<\/b> <strong>en crochet<\/strong> est fabriqu\u00e9 en <strong>coton 100 % naturel,<\/strong> hypoallerg\u00e9nique et tr\u00e8s doux au toucher. Il est disponible en <strong>noir et en blanc<\/strong>. Un motif amusant et mignon en forme de petit animal. Nous avons pens\u00e9 aux moindres d\u00e9tails, comme ses petits yeux et ses pattes. Un excellent compagnon de voyage pour les enfants.   <\/p>\n","protected":false},"featured_media":24205,"template":"","meta":{"_acf_changed":false,"_joinchat":[]},"product_brand":[],"product_cat":[4671,4842,5589,5360],"product_tag":[5592,5599,5597,5596,5594,5601],"class_list":{"0":"post-24189","1":"product","2":"type-product","3":"status-publish","4":"has-post-thumbnail","6":"product_cat-accueil","7":"product_cat-produits","8":"product_cat-sacs","9":"product_cat-sacs-a-dos","10":"product_tag-sac-a-dos","11":"product_tag-sac-a-dos-animal","12":"product_tag-sac-a-dos-en-coton","13":"product_tag-sac-a-dos-en-crochet","14":"product_tag-sac-a-dos-pour-enfants","15":"product_tag-sac-decole","16":"entry","18":"first","19":"instock","20":"taxable","21":"shipping-taxable","22":"purchasable","23":"product-type-simple"},"acf":[],"yoast_head":"<!-- This site is optimized with the Yoast SEO Premium plugin v26.1 (Yoast SEO v27.3) - https:\/\/yoast.com\/product\/yoast-seo-premium-wordpress\/ -->\n<title>Children&#039;s backpack - SAC CUKI - Crochetts% Crochetts Crochetts%<\/title>\n<meta name=\"description\" content=\"Tous nos sacs \u00e0 dos sont con\u00e7us pour les petits. Id\u00e9al pour l&#039;\u00e9cole, le parc, les sorties ou tout simplement pour que les enfants, ou les mamans et les papas, puissent emporter tout ce dont un enfant a besoin o\u00f9 qu&#039;il aille.\" \/>\n<meta name=\"robots\" content=\"index, follow, max-snippet:-1, max-image-preview:large, max-video-preview:-1\" \/>\n<link rel=\"canonical\" href=\"https:\/\/crochetts.com\/fr\/tienda\/sac-cuki\/\" \/>\n<meta property=\"og:locale\" content=\"fr_FR\" \/>\n<meta property=\"og:type\" content=\"article\" \/>\n<meta property=\"og:title\" content=\"SAC CUKI\" \/>\n<meta property=\"og:description\" content=\"Notre sac \u00e0 bandouli\u00e8re cuki en crochet est fabriqu\u00e9 en coton 100 % naturel, hypoallerg\u00e9nique et tr\u00e8s doux au toucher. Il est disponible en noir et en blanc. Un motif amusant et mignon en forme de petit animal. Nous avons pens\u00e9 aux moindres d\u00e9tails, comme ses petits yeux et ses pattes. Un excellent compagnon de voyage pour les enfants.\" \/>\n<meta property=\"og:url\" content=\"https:\/\/crochetts.com\/fr\/tienda\/sac-cuki\/\" \/>\n<meta property=\"og:site_name\" content=\"Crochetts\" \/>\n<meta property=\"article:publisher\" content=\"https:\/\/www.facebook.com\/Crochetts-101964178013493\" \/>\n<meta property=\"article:modified_time\" content=\"2025-11-21T13:06:44+00:00\" \/>\n<meta property=\"og:image\" content=\"https:\/\/crochetts.com\/wp-content\/uploads\/2021\/05\/LT-1725-2.jpg\" \/>\n\t<meta property=\"og:image:width\" content=\"801\" \/>\n\t<meta property=\"og:image:height\" content=\"1200\" \/>\n\t<meta property=\"og:image:type\" content=\"image\/jpeg\" \/>\n<meta name=\"twitter:card\" content=\"summary_large_image\" \/>\n<meta name=\"twitter:label1\" content=\"Prix\" \/>\n\t<meta name=\"twitter:data1\" content=\"45,00&nbsp;&euro;\" \/>\n\t<meta name=\"twitter:label2\" content=\"Disponibilit\u00e9\" \/>\n\t<meta name=\"twitter:data2\" content=\"En stock\" \/>\n<script type=\"application\/ld+json\" class=\"yoast-schema-graph\">{\"@context\":\"https:\\\/\\\/schema.org\",\"@graph\":[{\"@type\":\"WebPage\",\"@id\":\"https:\\\/\\\/crochetts.com\\\/fr\\\/tienda\\\/sac-cuki\\\/\",\"url\":\"https:\\\/\\\/crochetts.com\\\/fr\\\/tienda\\\/sac-cuki\\\/\",\"name\":\"Children's backpack - SAC CUKI - Crochetts% Crochetts Crochetts%\",\"isPartOf\":{\"@id\":\"https:\\\/\\\/crochetts.com\\\/fr\\\/#website\"},\"primaryImageOfPage\":{\"@id\":\"https:\\\/\\\/crochetts.com\\\/fr\\\/tienda\\\/sac-cuki\\\/#primaryimage\"},\"image\":{\"@id\":\"https:\\\/\\\/crochetts.com\\\/fr\\\/tienda\\\/sac-cuki\\\/#primaryimage\"},\"thumbnailUrl\":\"https:\\\/\\\/crochetts.com\\\/wp-content\\\/uploads\\\/2021\\\/05\\\/LT-1725-2.jpg\",\"datePublished\":\"2021-05-13T14:27:30+00:00\",\"dateModified\":\"2025-11-21T13:06:44+00:00\",\"description\":\"Tous nos sacs \u00e0 dos sont con\u00e7us pour les petits. Id\u00e9al pour l'\u00e9cole, le parc, les sorties ou tout simplement pour que les enfants, ou les mamans et les papas, puissent emporter tout ce dont un enfant a besoin o\u00f9 qu'il aille.\",\"breadcrumb\":{\"@id\":\"https:\\\/\\\/crochetts.com\\\/fr\\\/tienda\\\/sac-cuki\\\/#breadcrumb\"},\"inLanguage\":\"fr-FR\",\"potentialAction\":[{\"@type\":\"ReadAction\",\"target\":[\"https:\\\/\\\/crochetts.com\\\/fr\\\/tienda\\\/sac-cuki\\\/\"]}]},{\"@type\":\"ImageObject\",\"inLanguage\":\"fr-FR\",\"@id\":\"https:\\\/\\\/crochetts.com\\\/fr\\\/tienda\\\/sac-cuki\\\/#primaryimage\",\"url\":\"https:\\\/\\\/crochetts.com\\\/wp-content\\\/uploads\\\/2021\\\/05\\\/LT-1725-2.jpg\",\"contentUrl\":\"https:\\\/\\\/crochetts.com\\\/wp-content\\\/uploads\\\/2021\\\/05\\\/LT-1725-2.jpg\",\"width\":801,\"height\":1200,\"caption\":\"sac \u00e0 dos au crochet pour enfants\"},{\"@type\":\"BreadcrumbList\",\"@id\":\"https:\\\/\\\/crochetts.com\\\/fr\\\/tienda\\\/sac-cuki\\\/#breadcrumb\",\"itemListElement\":[{\"@type\":\"ListItem\",\"position\":1,\"name\":\"Portada\",\"item\":\"https:\\\/\\\/crochetts.com\\\/fr\\\/accueil\\\/\"},{\"@type\":\"ListItem\",\"position\":2,\"name\":\"Boutique\",\"item\":\"https:\\\/\\\/crochetts.fr\\\/boutique\\\/\"},{\"@type\":\"ListItem\",\"position\":3,\"name\":\"SAC CUKI\"}]},{\"@type\":\"WebSite\",\"@id\":\"https:\\\/\\\/crochetts.com\\\/fr\\\/#website\",\"url\":\"https:\\\/\\\/crochetts.com\\\/fr\\\/\",\"name\":\"Crochetts\",\"description\":\"ANIMALES DE CROCHET PARA JUGAR,DECORAR Y SO\u00d1AR\",\"publisher\":{\"@id\":\"https:\\\/\\\/crochetts.com\\\/fr\\\/#organization\"},\"potentialAction\":[{\"@type\":\"SearchAction\",\"target\":{\"@type\":\"EntryPoint\",\"urlTemplate\":\"https:\\\/\\\/crochetts.com\\\/fr\\\/?s={search_term_string}\"},\"query-input\":{\"@type\":\"PropertyValueSpecification\",\"valueRequired\":true,\"valueName\":\"search_term_string\"}}],\"inLanguage\":\"fr-FR\"},{\"@type\":\"Organization\",\"@id\":\"https:\\\/\\\/crochetts.com\\\/fr\\\/#organization\",\"name\":\"Crochets\",\"url\":\"https:\\\/\\\/crochetts.com\\\/fr\\\/\",\"logo\":{\"@type\":\"ImageObject\",\"inLanguage\":\"fr-FR\",\"@id\":\"https:\\\/\\\/crochetts.com\\\/fr\\\/#\\\/schema\\\/logo\\\/image\\\/\",\"url\":\"https:\\\/\\\/i2.wp.com\\\/crochetts.com\\\/wp-content\\\/uploads\\\/2021\\\/01\\\/Logo-Crochetts.jpg?fit=300%2C137&ssl=1\",\"contentUrl\":\"https:\\\/\\\/i2.wp.com\\\/crochetts.com\\\/wp-content\\\/uploads\\\/2021\\\/01\\\/Logo-Crochetts.jpg?fit=300%2C137&ssl=1\",\"width\":300,\"height\":137,\"caption\":\"Crochets\"},\"image\":{\"@id\":\"https:\\\/\\\/crochetts.com\\\/fr\\\/#\\\/schema\\\/logo\\\/image\\\/\"},\"sameAs\":[\"https:\\\/\\\/www.facebook.com\\\/Crochetts-101964178013493\",\"https:\\\/\\\/www.instagram.com\\\/crochetts_\\\/\"]}]}<\/script>\n<meta property=\"product:price:amount\" content=\"45.00\" \/>\n<meta property=\"product:price:currency\" content=\"EUR\" \/>\n<meta property=\"og:availability\" content=\"instock\" \/>\n<meta property=\"product:availability\" content=\"instock\" \/>\n<meta property=\"product:retailer_item_id\" content=\"LT-1725\" \/>\n<meta property=\"product:condition\" content=\"new\" \/>\n<!-- \/ Yoast SEO Premium plugin. -->","yoast_head_json":{"title":"Children's backpack - SAC CUKI - Crochetts% Crochetts Crochetts%","description":"Tous nos sacs \u00e0 dos sont con\u00e7us pour les petits. Id\u00e9al pour l'\u00e9cole, le parc, les sorties ou tout simplement pour que les enfants, ou les mamans et les papas, puissent emporter tout ce dont un enfant a besoin o\u00f9 qu'il aille.","robots":{"index":"index","follow":"follow","max-snippet":"max-snippet:-1","max-image-preview":"max-image-preview:large","max-video-preview":"max-video-preview:-1"},"canonical":"https:\/\/crochetts.com\/fr\/tienda\/sac-cuki\/","og_locale":"fr_FR","og_type":"article","og_title":"SAC CUKI","og_description":"Notre sac \u00e0 bandouli\u00e8re cuki en crochet est fabriqu\u00e9 en coton 100 % naturel, hypoallerg\u00e9nique et tr\u00e8s doux au toucher. Il est disponible en noir et en blanc. Un motif amusant et mignon en forme de petit animal. Nous avons pens\u00e9 aux moindres d\u00e9tails, comme ses petits yeux et ses pattes. Un excellent compagnon de voyage pour les enfants.","og_url":"https:\/\/crochetts.com\/fr\/tienda\/sac-cuki\/","og_site_name":"Crochetts","article_publisher":"https:\/\/www.facebook.com\/Crochetts-101964178013493","article_modified_time":"2025-11-21T13:06:44+00:00","og_image":[{"width":801,"height":1200,"url":"https:\/\/crochetts.com\/wp-content\/uploads\/2021\/05\/LT-1725-2.jpg","type":"image\/jpeg"}],"twitter_card":"summary_large_image","twitter_misc":{"Prix":"45,00&nbsp;&euro;","Disponibilit\u00e9":"En stock"},"schema":{"@context":"https:\/\/schema.org","@graph":[{"@type":"WebPage","@id":"https:\/\/crochetts.com\/fr\/tienda\/sac-cuki\/","url":"https:\/\/crochetts.com\/fr\/tienda\/sac-cuki\/","name":"Children's backpack - SAC CUKI - Crochetts% Crochetts Crochetts%","isPartOf":{"@id":"https:\/\/crochetts.com\/fr\/#website"},"primaryImageOfPage":{"@id":"https:\/\/crochetts.com\/fr\/tienda\/sac-cuki\/#primaryimage"},"image":{"@id":"https:\/\/crochetts.com\/fr\/tienda\/sac-cuki\/#primaryimage"},"thumbnailUrl":"https:\/\/crochetts.com\/wp-content\/uploads\/2021\/05\/LT-1725-2.jpg","datePublished":"2021-05-13T14:27:30+00:00","dateModified":"2025-11-21T13:06:44+00:00","description":"Tous nos sacs \u00e0 dos sont con\u00e7us pour les petits. Id\u00e9al pour l'\u00e9cole, le parc, les sorties ou tout simplement pour que les enfants, ou les mamans et les papas, puissent emporter tout ce dont un enfant a besoin o\u00f9 qu'il aille.","breadcrumb":{"@id":"https:\/\/crochetts.com\/fr\/tienda\/sac-cuki\/#breadcrumb"},"inLanguage":"fr-FR","potentialAction":[{"@type":"ReadAction","target":["https:\/\/crochetts.com\/fr\/tienda\/sac-cuki\/"]}]},{"@type":"ImageObject","inLanguage":"fr-FR","@id":"https:\/\/crochetts.com\/fr\/tienda\/sac-cuki\/#primaryimage","url":"https:\/\/crochetts.com\/wp-content\/uploads\/2021\/05\/LT-1725-2.jpg","contentUrl":"https:\/\/crochetts.com\/wp-content\/uploads\/2021\/05\/LT-1725-2.jpg","width":801,"height":1200,"caption":"sac \u00e0 dos au crochet pour enfants"},{"@type":"BreadcrumbList","@id":"https:\/\/crochetts.com\/fr\/tienda\/sac-cuki\/#breadcrumb","itemListElement":[{"@type":"ListItem","position":1,"name":"Portada","item":"https:\/\/crochetts.com\/fr\/accueil\/"},{"@type":"ListItem","position":2,"name":"Boutique","item":"https:\/\/crochetts.fr\/boutique\/"},{"@type":"ListItem","position":3,"name":"SAC CUKI"}]},{"@type":"WebSite","@id":"https:\/\/crochetts.com\/fr\/#website","url":"https:\/\/crochetts.com\/fr\/","name":"Crochetts","description":"ANIMALES DE CROCHET PARA JUGAR,DECORAR Y SO\u00d1AR","publisher":{"@id":"https:\/\/crochetts.com\/fr\/#organization"},"potentialAction":[{"@type":"SearchAction","target":{"@type":"EntryPoint","urlTemplate":"https:\/\/crochetts.com\/fr\/?s={search_term_string}"},"query-input":{"@type":"PropertyValueSpecification","valueRequired":true,"valueName":"search_term_string"}}],"inLanguage":"fr-FR"},{"@type":"Organization","@id":"https:\/\/crochetts.com\/fr\/#organization","name":"Crochets","url":"https:\/\/crochetts.com\/fr\/","logo":{"@type":"ImageObject","inLanguage":"fr-FR","@id":"https:\/\/crochetts.com\/fr\/#\/schema\/logo\/image\/","url":"https:\/\/i2.wp.com\/crochetts.com\/wp-content\/uploads\/2021\/01\/Logo-Crochetts.jpg?fit=300%2C137&ssl=1","contentUrl":"https:\/\/i2.wp.com\/crochetts.com\/wp-content\/uploads\/2021\/01\/Logo-Crochetts.jpg?fit=300%2C137&ssl=1","width":300,"height":137,"caption":"Crochets"},"image":{"@id":"https:\/\/crochetts.com\/fr\/#\/schema\/logo\/image\/"},"sameAs":["https:\/\/www.facebook.com\/Crochetts-101964178013493","https:\/\/www.instagram.com\/crochetts_\/"]}]},"product_price_amount":"45.00","product_price_currency":"EUR","og_availability":"instock","product_availability":"instock","product_retailer_item_id":"LT-1725","product_condition":"new"},"_links":{"self":[{"href":"https:\/\/crochetts.com\/fr\/wp-json\/wp\/v2\/product\/24189","targetHints":{"allow":["GET"]}}],"collection":[{"href":"https:\/\/crochetts.com\/fr\/wp-json\/wp\/v2\/product"}],"about":[{"href":"https:\/\/crochetts.com\/fr\/wp-json\/wp\/v2\/types\/product"}],"wp:featuredmedia":[{"embeddable":true,"href":"https:\/\/crochetts.com\/fr\/wp-json\/wp\/v2\/media\/24205"}],"wp:attachment":[{"href":"https:\/\/crochetts.com\/fr\/wp-json\/wp\/v2\/media?parent=24189"}],"wp:term":[{"taxonomy":"product_brand","embeddable":true,"href":"https:\/\/crochetts.com\/fr\/wp-json\/wp\/v2\/product_brand?post=24189"},{"taxonomy":"product_cat","embeddable":true,"href":"https:\/\/crochetts.com\/fr\/wp-json\/wp\/v2\/product_cat?post=24189"},{"taxonomy":"product_tag","embeddable":true,"href":"https:\/\/crochetts.com\/fr\/wp-json\/wp\/v2\/product_tag?post=24189"}],"curies":[{"name":"wp","href":"https:\/\/api.w.org\/{rel}","templated":true}]}}