{"id":24088,"date":"2021-09-15T09:37:01","date_gmt":"2021-09-15T07:37:01","guid":{"rendered":"https:\/\/crochetts.com\/tienda\/siege-doudou-cocker-friski\/"},"modified":"2026-03-12T16:12:48","modified_gmt":"2026-03-12T14:12:48","slug":"siege-doudou-cocker-friski","status":"publish","type":"product","link":"https:\/\/crochetts.com\/fr\/tienda\/siege-doudou-cocker-friski\/","title":{"rendered":"SI\u00c8GE DOUDOU COCKER FRISKI"},"content":{"rendered":"<div style=\"text-align: justify;\">Toutes nos <strong>poup\u00e9es <\/strong><em><strong>amigurumis<\/strong> <\/em><span style=\"background-color: transparent;\">sont d&rsquo;excellents compagnons <strong>pour les enfants<\/strong> de tous \u00e2ges. Elles <strong>constituent des \u00e9l\u00e9ments de d\u00e9coration<\/strong> parfaits pour les <strong>chambres d&rsquo;enfants<\/strong> ou sont id\u00e9ales pour les <strong>vitrines de magasins<\/strong>.<\/span><\/div>\n<div style=\"text-align: justify;\">Ils sont con\u00e7us et fabriqu\u00e9s selon les <strong>normes de qualit\u00e9 les plus \u00e9lev\u00e9es, en <\/strong>utilisant toujours des mat\u00e9riaux naturels tels que le bois et le coton 100 % naturel. Disponibles en <strong>deux tailles, <\/strong>seules les grandes <strong>sont dot\u00e9es d&rsquo;une structure int\u00e9rieure en bois pouvant supporter jusqu&rsquo;\u00e0 70 kg.<\/strong> <\/div>\n<div>\n<p data-start=\"1411\" data-end=\"1779\">La <strong data-start=\"1414\" data-end=\"1441\">peluche g\u00e9ante Maxi Cocker Dog<\/strong> n&rsquo;est pas un simple jouet : c&rsquo;est une pi\u00e8ce de design artisanale qui transforme toute chambre d&rsquo;enfant en un espace plein de chaleur et de personnalit\u00e9. Ses <strong data-start=\"1596\" data-end=\"1624\">d\u00e9tails brod\u00e9s \u00e0 la main<\/strong> et ses finitions soign\u00e9es refl\u00e8tent l&rsquo;esprit durable et l&rsquo;authenticit\u00e9 de Crochetts\u00ae, o\u00f9 chaque produit <strong>est cr\u00e9\u00e9 avec amour, respect et souci du d\u00e9tail<\/strong>. <\/p>\n<p data-start=\"1781\" data-end=\"2013\">Il comprend une <strong data-start=\"1801\" data-end=\"1838\">lettre de bienvenue personnalis\u00e9e<\/strong> dans laquelle le doudou se pr\u00e9sente \u00e0 l&rsquo;enfant, cr\u00e9ant ainsi un lien privil\u00e9gi\u00e9 d\u00e8s les premiers instants. Un d\u00e9tail qui fait de cette peluche un cadeau original et \u00e9motionnellement unique. <\/p>\n<p data-start=\"2015\" data-end=\"2167\">Id\u00e9al pour les <strong data-start=\"2026\" data-end=\"2085\">cadeaux d&rsquo;anniversaire, les anniversaires ou les d\u00e9corations pour enfants !<\/strong><\/p>\n<\/div>\n","protected":false},"excerpt":{"rendered":"<p data-start=\"257\" data-end=\"646\">D\u00e9couvrez la tendresse dans sa plus grande version du <strong data-start=\"328\" data-end=\"370\">jouet Maxi Cocker Dog de Crochetts<\/strong>, une pi\u00e8ce unique <strong data-start=\"398\" data-end=\"445\">fabriqu\u00e9e \u00e0 la main avec du coton 100% naturel<\/strong> et un tissu doux <strong data-start=\"457\" data-end=\"489\">tricot\u00e9 \u00e0 la main<\/strong>. Son design XXL allie <strong data-start=\"513\" data-end=\"546\">confort, esth\u00e9tique et chaleur<\/strong>, ce qui en fait le compagnon id\u00e9al pour <strong data-start=\"590\" data-end=\"643\">d\u00e9corer, c\u00e2liner ou jouer<\/strong>. <\/p>\n<p data-start=\"648\" data-end=\"988\">Gr\u00e2ce \u00e0 son <strong data-start=\"661\" data-end=\"709\">int\u00e9rieur en bois de pin massif<\/strong>, cet adorable cocker peut <strong data-start=\"738\" data-end=\"770\">supporter un poids allant jusqu&rsquo;\u00e0 70 kg<\/strong>, offrant ainsi la possibilit\u00e9 de l&rsquo;utiliser comme <strong data-start=\"817\" data-end=\"852\">si\u00e8ge d&rsquo;appoint ferme et s\u00fbr<\/strong>. De plus, ses <strong data-start=\"866\" data-end=\"899\">pieds antid\u00e9rapants<\/strong> garantissent <strong data-start=\"913\" data-end=\"934\">une meilleure stabilit\u00e9<\/strong> et prot\u00e8gent les surfaces lors des jeux quotidiens. <\/p>\n<p data-start=\"990\" data-end=\"1191\">Il comprend une <strong data-start=\"1016\" data-end=\"1054\">lettre de bienvenue personnalis\u00e9e<\/strong>, dans laquelle le doudou se pr\u00e9sente \u00e0 l&rsquo;enfant, cr\u00e9ant ainsi une <strong data-start=\"1113\" data-end=\"1163\">exp\u00e9rience tendre, \u00e9motionnelle et magique<\/strong> d\u00e8s le premier instant. Id\u00e9al pour les <strong data-start=\"2026\" data-end=\"2085\">cadeaux d&rsquo;anniversaire, les anniversaires ou les d\u00e9corations pour enfants !<\/strong> <\/p>\n<p>&nbsp;<\/p>\n","protected":false},"featured_media":24122,"template":"","meta":{"_acf_changed":false,"_joinchat":[]},"product_brand":[],"product_cat":[4671,4787,4816,4826,4844,4840],"product_tag":[4794,6003,4832,5993,5038,4799,4793,4813,4791,4790,4792,4798,4795,4797],"class_list":{"0":"post-24088","1":"product","2":"type-product","3":"status-publish","4":"has-post-thumbnail","6":"product_cat-accueil","7":"product_cat-amigurumis","8":"product_cat-amigurumis-maxi","9":"product_cat-la-ferme","10":"product_cat-sortie-2","11":"product_cat-sortie","12":"product_tag-bebe-ours-en-peluche","13":"product_tag-chien-cocker-ours-en-peluche","14":"product_tag-chien-en-peluche","15":"product_tag-cocker-teddy","16":"product_tag-grand-ours-en-peluche","17":"product_tag-nounours-decorer","18":"product_tag-ours-en-peluche","19":"product_tag-ours-en-peluche-maxi","20":"product_tag-ourson-au-crochet","21":"product_tag-ourson-en-coton","22":"product_tag-ourson-en-coton-hypoallergenique","23":"product_tag-ourson-xxl","24":"product_tag-peluche-geante","25":"product_tag-siege-en-peluche","26":"entry","28":"first","29":"instock","30":"sale","31":"featured","32":"taxable","33":"shipping-taxable","34":"purchasable","35":"product-type-simple"},"acf":[],"yoast_head":"<!-- This site is optimized with the Yoast SEO Premium plugin v26.1 (Yoast SEO v27.3) - https:\/\/yoast.com\/product\/yoast-seo-premium-wordpress\/ -->\n<title>Si\u00e8ge en peluche en coton hypoallerg\u00e9nique pour chien de cocker - %Crochetts%.<\/title>\n<meta name=\"description\" content=\"D\u00e9couvrez la peluche g\u00e9ante cocker si\u00e8ge maxi de crochetts : 100% coton naturel, hypoallerg\u00e9nique et tr\u00e8s doux au toucher. Id\u00e9al pour offrir ou d\u00e9corer.\" \/>\n<meta name=\"robots\" content=\"index, follow, max-snippet:-1, max-image-preview:large, max-video-preview:-1\" \/>\n<link rel=\"canonical\" href=\"https:\/\/crochetts.com\/fr\/tienda\/siege-doudou-cocker-friski\/\" \/>\n<meta property=\"og:locale\" content=\"fr_FR\" \/>\n<meta property=\"og:type\" content=\"article\" \/>\n<meta property=\"og:title\" content=\"SI\u00c8GE DOUDOU COCKER FRISKI\" \/>\n<meta property=\"og:description\" content=\"D\u00e9couvrez la tendresse dans sa plus grande version du jouet Maxi Cocker Dog de Crochetts, une pi\u00e8ce unique fabriqu\u00e9e \u00e0 la main avec du coton 100% naturel et un tissu doux tricot\u00e9 \u00e0 la main. Son design XXL allie confort, esth\u00e9tique et chaleur, ce qui en fait le compagnon id\u00e9al pour d\u00e9corer, c\u00e2liner ou jouer. Gr\u00e2ce \u00e0 son int\u00e9rieur en bois de pin massif, cet adorable cocker peut supporter un poids allant jusqu&#039;\u00e0 70 kg, offrant ainsi la possibilit\u00e9 de l&#039;utiliser comme si\u00e8ge d&#039;appoint ferme et s\u00fbr. De plus, ses pieds antid\u00e9rapants garantissent une meilleure stabilit\u00e9 et prot\u00e8gent les surfaces lors des jeux quotidiens. Il comprend une lettre de bienvenue personnalis\u00e9e, dans laquelle le doudou se pr\u00e9sente \u00e0 l&#039;enfant, cr\u00e9ant ainsi une exp\u00e9rience tendre, \u00e9motionnelle et magique d\u00e8s le premier instant. Id\u00e9al pour les cadeaux d&#039;anniversaire, les anniversaires ou les d\u00e9corations pour enfants ! &nbsp;\" \/>\n<meta property=\"og:url\" content=\"https:\/\/crochetts.com\/fr\/tienda\/siege-doudou-cocker-friski\/\" \/>\n<meta property=\"og:site_name\" content=\"Crochetts\" \/>\n<meta property=\"article:publisher\" content=\"https:\/\/www.facebook.com\/Crochetts-101964178013493\" \/>\n<meta property=\"article:modified_time\" content=\"2026-03-12T14:12:48+00:00\" \/>\n<meta property=\"og:image\" content=\"https:\/\/crochetts.com\/wp-content\/uploads\/2021\/09\/LT-DR01-2-4.jpg\" \/>\n\t<meta property=\"og:image:width\" content=\"801\" \/>\n\t<meta property=\"og:image:height\" content=\"1200\" \/>\n\t<meta property=\"og:image:type\" content=\"image\/jpeg\" \/>\n<meta name=\"twitter:card\" content=\"summary_large_image\" \/>\n<meta name=\"twitter:label1\" content=\"Prix\" \/>\n\t<meta name=\"twitter:data1\" content=\"159,72&nbsp;&euro;\" \/>\n\t<meta name=\"twitter:label2\" content=\"Disponibilit\u00e9\" \/>\n\t<meta name=\"twitter:data2\" content=\"En stock\" \/>\n<script type=\"application\/ld+json\" class=\"yoast-schema-graph\">{\"@context\":\"https:\\\/\\\/schema.org\",\"@graph\":[{\"@type\":\"WebPage\",\"@id\":\"https:\\\/\\\/crochetts.com\\\/fr\\\/tienda\\\/siege-doudou-cocker-friski\\\/\",\"url\":\"https:\\\/\\\/crochetts.com\\\/fr\\\/tienda\\\/siege-doudou-cocker-friski\\\/\",\"name\":\"Si\u00e8ge en peluche en coton hypoallerg\u00e9nique pour chien de cocker - %Crochetts%.\",\"isPartOf\":{\"@id\":\"https:\\\/\\\/crochetts.com\\\/fr\\\/#website\"},\"primaryImageOfPage\":{\"@id\":\"https:\\\/\\\/crochetts.com\\\/fr\\\/tienda\\\/siege-doudou-cocker-friski\\\/#primaryimage\"},\"image\":{\"@id\":\"https:\\\/\\\/crochetts.com\\\/fr\\\/tienda\\\/siege-doudou-cocker-friski\\\/#primaryimage\"},\"thumbnailUrl\":\"https:\\\/\\\/crochetts.com\\\/wp-content\\\/uploads\\\/2021\\\/09\\\/LT-DR01-2-4.jpg\",\"datePublished\":\"2021-09-15T07:37:01+00:00\",\"dateModified\":\"2026-03-12T14:12:48+00:00\",\"description\":\"D\u00e9couvrez la peluche g\u00e9ante cocker si\u00e8ge maxi de crochetts : 100% coton naturel, hypoallerg\u00e9nique et tr\u00e8s doux au toucher. Id\u00e9al pour offrir ou d\u00e9corer.\",\"breadcrumb\":{\"@id\":\"https:\\\/\\\/crochetts.com\\\/fr\\\/tienda\\\/siege-doudou-cocker-friski\\\/#breadcrumb\"},\"inLanguage\":\"fr-FR\",\"potentialAction\":[{\"@type\":\"ReadAction\",\"target\":[\"https:\\\/\\\/crochetts.com\\\/fr\\\/tienda\\\/siege-doudou-cocker-friski\\\/\"]}]},{\"@type\":\"ImageObject\",\"inLanguage\":\"fr-FR\",\"@id\":\"https:\\\/\\\/crochetts.com\\\/fr\\\/tienda\\\/siege-doudou-cocker-friski\\\/#primaryimage\",\"url\":\"https:\\\/\\\/crochetts.com\\\/wp-content\\\/uploads\\\/2021\\\/09\\\/LT-DR01-2-4.jpg\",\"contentUrl\":\"https:\\\/\\\/crochetts.com\\\/wp-content\\\/uploads\\\/2021\\\/09\\\/LT-DR01-2-4.jpg\",\"width\":801,\"height\":1200,\"caption\":\"chien g\u00e9ant en peluche\"},{\"@type\":\"BreadcrumbList\",\"@id\":\"https:\\\/\\\/crochetts.com\\\/fr\\\/tienda\\\/siege-doudou-cocker-friski\\\/#breadcrumb\",\"itemListElement\":[{\"@type\":\"ListItem\",\"position\":1,\"name\":\"Portada\",\"item\":\"https:\\\/\\\/crochetts.com\\\/fr\\\/accueil\\\/\"},{\"@type\":\"ListItem\",\"position\":2,\"name\":\"Boutique\",\"item\":\"https:\\\/\\\/crochetts.fr\\\/boutique\\\/\"},{\"@type\":\"ListItem\",\"position\":3,\"name\":\"SI\u00c8GE DOUDOU COCKER FRISKI\"}]},{\"@type\":\"WebSite\",\"@id\":\"https:\\\/\\\/crochetts.com\\\/fr\\\/#website\",\"url\":\"https:\\\/\\\/crochetts.com\\\/fr\\\/\",\"name\":\"Crochetts\",\"description\":\"ANIMALES DE CROCHET PARA JUGAR,DECORAR Y SO\u00d1AR\",\"publisher\":{\"@id\":\"https:\\\/\\\/crochetts.com\\\/fr\\\/#organization\"},\"potentialAction\":[{\"@type\":\"SearchAction\",\"target\":{\"@type\":\"EntryPoint\",\"urlTemplate\":\"https:\\\/\\\/crochetts.com\\\/fr\\\/?s={search_term_string}\"},\"query-input\":{\"@type\":\"PropertyValueSpecification\",\"valueRequired\":true,\"valueName\":\"search_term_string\"}}],\"inLanguage\":\"fr-FR\"},{\"@type\":\"Organization\",\"@id\":\"https:\\\/\\\/crochetts.com\\\/fr\\\/#organization\",\"name\":\"Crochets\",\"url\":\"https:\\\/\\\/crochetts.com\\\/fr\\\/\",\"logo\":{\"@type\":\"ImageObject\",\"inLanguage\":\"fr-FR\",\"@id\":\"https:\\\/\\\/crochetts.com\\\/fr\\\/#\\\/schema\\\/logo\\\/image\\\/\",\"url\":\"https:\\\/\\\/i2.wp.com\\\/crochetts.com\\\/wp-content\\\/uploads\\\/2021\\\/01\\\/Logo-Crochetts.jpg?fit=300%2C137&ssl=1\",\"contentUrl\":\"https:\\\/\\\/i2.wp.com\\\/crochetts.com\\\/wp-content\\\/uploads\\\/2021\\\/01\\\/Logo-Crochetts.jpg?fit=300%2C137&ssl=1\",\"width\":300,\"height\":137,\"caption\":\"Crochets\"},\"image\":{\"@id\":\"https:\\\/\\\/crochetts.com\\\/fr\\\/#\\\/schema\\\/logo\\\/image\\\/\"},\"sameAs\":[\"https:\\\/\\\/www.facebook.com\\\/Crochetts-101964178013493\",\"https:\\\/\\\/www.instagram.com\\\/crochetts_\\\/\"]}]}<\/script>\n<meta property=\"product:price:amount\" content=\"159.72\" \/>\n<meta property=\"product:price:currency\" content=\"EUR\" \/>\n<meta property=\"og:availability\" content=\"instock\" \/>\n<meta property=\"product:availability\" content=\"instock\" \/>\n<meta property=\"product:retailer_item_id\" content=\"LT-DR01-01\" \/>\n<meta property=\"product:condition\" content=\"new\" \/>\n<!-- \/ Yoast SEO Premium plugin. -->","yoast_head_json":{"title":"Si\u00e8ge en peluche en coton hypoallerg\u00e9nique pour chien de cocker - %Crochetts%.","description":"D\u00e9couvrez la peluche g\u00e9ante cocker si\u00e8ge maxi de crochetts : 100% coton naturel, hypoallerg\u00e9nique et tr\u00e8s doux au toucher. Id\u00e9al pour offrir ou d\u00e9corer.","robots":{"index":"index","follow":"follow","max-snippet":"max-snippet:-1","max-image-preview":"max-image-preview:large","max-video-preview":"max-video-preview:-1"},"canonical":"https:\/\/crochetts.com\/fr\/tienda\/siege-doudou-cocker-friski\/","og_locale":"fr_FR","og_type":"article","og_title":"SI\u00c8GE DOUDOU COCKER FRISKI","og_description":"D\u00e9couvrez la tendresse dans sa plus grande version du jouet Maxi Cocker Dog de Crochetts, une pi\u00e8ce unique fabriqu\u00e9e \u00e0 la main avec du coton 100% naturel et un tissu doux tricot\u00e9 \u00e0 la main. Son design XXL allie confort, esth\u00e9tique et chaleur, ce qui en fait le compagnon id\u00e9al pour d\u00e9corer, c\u00e2liner ou jouer. Gr\u00e2ce \u00e0 son int\u00e9rieur en bois de pin massif, cet adorable cocker peut supporter un poids allant jusqu'\u00e0 70 kg, offrant ainsi la possibilit\u00e9 de l'utiliser comme si\u00e8ge d'appoint ferme et s\u00fbr. De plus, ses pieds antid\u00e9rapants garantissent une meilleure stabilit\u00e9 et prot\u00e8gent les surfaces lors des jeux quotidiens. Il comprend une lettre de bienvenue personnalis\u00e9e, dans laquelle le doudou se pr\u00e9sente \u00e0 l'enfant, cr\u00e9ant ainsi une exp\u00e9rience tendre, \u00e9motionnelle et magique d\u00e8s le premier instant. Id\u00e9al pour les cadeaux d'anniversaire, les anniversaires ou les d\u00e9corations pour enfants ! &nbsp;","og_url":"https:\/\/crochetts.com\/fr\/tienda\/siege-doudou-cocker-friski\/","og_site_name":"Crochetts","article_publisher":"https:\/\/www.facebook.com\/Crochetts-101964178013493","article_modified_time":"2026-03-12T14:12:48+00:00","og_image":[{"width":801,"height":1200,"url":"https:\/\/crochetts.com\/wp-content\/uploads\/2021\/09\/LT-DR01-2-4.jpg","type":"image\/jpeg"}],"twitter_card":"summary_large_image","twitter_misc":{"Prix":"159,72&nbsp;&euro;","Disponibilit\u00e9":"En stock"},"schema":{"@context":"https:\/\/schema.org","@graph":[{"@type":"WebPage","@id":"https:\/\/crochetts.com\/fr\/tienda\/siege-doudou-cocker-friski\/","url":"https:\/\/crochetts.com\/fr\/tienda\/siege-doudou-cocker-friski\/","name":"Si\u00e8ge en peluche en coton hypoallerg\u00e9nique pour chien de cocker - %Crochetts%.","isPartOf":{"@id":"https:\/\/crochetts.com\/fr\/#website"},"primaryImageOfPage":{"@id":"https:\/\/crochetts.com\/fr\/tienda\/siege-doudou-cocker-friski\/#primaryimage"},"image":{"@id":"https:\/\/crochetts.com\/fr\/tienda\/siege-doudou-cocker-friski\/#primaryimage"},"thumbnailUrl":"https:\/\/crochetts.com\/wp-content\/uploads\/2021\/09\/LT-DR01-2-4.jpg","datePublished":"2021-09-15T07:37:01+00:00","dateModified":"2026-03-12T14:12:48+00:00","description":"D\u00e9couvrez la peluche g\u00e9ante cocker si\u00e8ge maxi de crochetts : 100% coton naturel, hypoallerg\u00e9nique et tr\u00e8s doux au toucher. Id\u00e9al pour offrir ou d\u00e9corer.","breadcrumb":{"@id":"https:\/\/crochetts.com\/fr\/tienda\/siege-doudou-cocker-friski\/#breadcrumb"},"inLanguage":"fr-FR","potentialAction":[{"@type":"ReadAction","target":["https:\/\/crochetts.com\/fr\/tienda\/siege-doudou-cocker-friski\/"]}]},{"@type":"ImageObject","inLanguage":"fr-FR","@id":"https:\/\/crochetts.com\/fr\/tienda\/siege-doudou-cocker-friski\/#primaryimage","url":"https:\/\/crochetts.com\/wp-content\/uploads\/2021\/09\/LT-DR01-2-4.jpg","contentUrl":"https:\/\/crochetts.com\/wp-content\/uploads\/2021\/09\/LT-DR01-2-4.jpg","width":801,"height":1200,"caption":"chien g\u00e9ant en peluche"},{"@type":"BreadcrumbList","@id":"https:\/\/crochetts.com\/fr\/tienda\/siege-doudou-cocker-friski\/#breadcrumb","itemListElement":[{"@type":"ListItem","position":1,"name":"Portada","item":"https:\/\/crochetts.com\/fr\/accueil\/"},{"@type":"ListItem","position":2,"name":"Boutique","item":"https:\/\/crochetts.fr\/boutique\/"},{"@type":"ListItem","position":3,"name":"SI\u00c8GE DOUDOU COCKER FRISKI"}]},{"@type":"WebSite","@id":"https:\/\/crochetts.com\/fr\/#website","url":"https:\/\/crochetts.com\/fr\/","name":"Crochetts","description":"ANIMALES DE CROCHET PARA JUGAR,DECORAR Y SO\u00d1AR","publisher":{"@id":"https:\/\/crochetts.com\/fr\/#organization"},"potentialAction":[{"@type":"SearchAction","target":{"@type":"EntryPoint","urlTemplate":"https:\/\/crochetts.com\/fr\/?s={search_term_string}"},"query-input":{"@type":"PropertyValueSpecification","valueRequired":true,"valueName":"search_term_string"}}],"inLanguage":"fr-FR"},{"@type":"Organization","@id":"https:\/\/crochetts.com\/fr\/#organization","name":"Crochets","url":"https:\/\/crochetts.com\/fr\/","logo":{"@type":"ImageObject","inLanguage":"fr-FR","@id":"https:\/\/crochetts.com\/fr\/#\/schema\/logo\/image\/","url":"https:\/\/i2.wp.com\/crochetts.com\/wp-content\/uploads\/2021\/01\/Logo-Crochetts.jpg?fit=300%2C137&ssl=1","contentUrl":"https:\/\/i2.wp.com\/crochetts.com\/wp-content\/uploads\/2021\/01\/Logo-Crochetts.jpg?fit=300%2C137&ssl=1","width":300,"height":137,"caption":"Crochets"},"image":{"@id":"https:\/\/crochetts.com\/fr\/#\/schema\/logo\/image\/"},"sameAs":["https:\/\/www.facebook.com\/Crochetts-101964178013493","https:\/\/www.instagram.com\/crochetts_\/"]}]},"product_price_amount":"159.72","product_price_currency":"EUR","og_availability":"instock","product_availability":"instock","product_retailer_item_id":"LT-DR01-01","product_condition":"new"},"_links":{"self":[{"href":"https:\/\/crochetts.com\/fr\/wp-json\/wp\/v2\/product\/24088","targetHints":{"allow":["GET"]}}],"collection":[{"href":"https:\/\/crochetts.com\/fr\/wp-json\/wp\/v2\/product"}],"about":[{"href":"https:\/\/crochetts.com\/fr\/wp-json\/wp\/v2\/types\/product"}],"wp:featuredmedia":[{"embeddable":true,"href":"https:\/\/crochetts.com\/fr\/wp-json\/wp\/v2\/media\/24122"}],"wp:attachment":[{"href":"https:\/\/crochetts.com\/fr\/wp-json\/wp\/v2\/media?parent=24088"}],"wp:term":[{"taxonomy":"product_brand","embeddable":true,"href":"https:\/\/crochetts.com\/fr\/wp-json\/wp\/v2\/product_brand?post=24088"},{"taxonomy":"product_cat","embeddable":true,"href":"https:\/\/crochetts.com\/fr\/wp-json\/wp\/v2\/product_cat?post=24088"},{"taxonomy":"product_tag","embeddable":true,"href":"https:\/\/crochetts.com\/fr\/wp-json\/wp\/v2\/product_tag?post=24088"}],"curies":[{"name":"wp","href":"https:\/\/api.w.org\/{rel}","templated":true}]}}