{"id":24028,"date":"2021-09-15T10:13:29","date_gmt":"2021-09-15T09:13:29","guid":{"rendered":"https:\/\/crochetts.com\/tienda\/siege-teddy-dinosaure-tina\/"},"modified":"2026-04-10T21:18:40","modified_gmt":"2026-04-10T19:18:40","slug":"siege-teddy-dinosaure-tina","status":"publish","type":"product","link":"https:\/\/crochetts.com\/fr\/tienda\/siege-teddy-dinosaure-tina\/","title":{"rendered":"SI\u00c8GE TEDDY DINOSAURE TINA"},"content":{"rendered":"<div style=\"text-align: justify;\">Toutes nos <strong>poup\u00e9es <\/strong><em><strong>amigurumis<\/strong> <\/em><span style=\"background-color: transparent;\">sont d&rsquo;excellents compagnons <strong>pour les enfants<\/strong> de tous \u00e2ges. Elles <strong>constituent des \u00e9l\u00e9ments de d\u00e9coration<\/strong> parfaits pour les <strong>chambres d&rsquo;enfants<\/strong> ou sont id\u00e9ales pour les <strong>vitrines de magasins<\/strong>.<\/span><\/div>\n<div style=\"text-align: justify;\">Ils sont con\u00e7us et fabriqu\u00e9s selon les <strong>normes de qualit\u00e9 les plus \u00e9lev\u00e9es, en <\/strong>utilisant toujours des mat\u00e9riaux naturels tels que le bois et le coton 100 % naturel. Disponibles en <strong>deux tailles, <\/strong>seules les grandes <strong>sont dot\u00e9es d&rsquo;une structure int\u00e9rieure en bois pouvant supporter jusqu&rsquo;\u00e0 70 kg.<\/strong> <\/div>\n<div>\n<p data-start=\"1411\" data-end=\"1779\">La <strong data-start=\"1414\" data-end=\"1441\">peluche g\u00e9ante Dinosauria Maxi<\/strong> n&rsquo;est pas seulement un jouet : c&rsquo;est une pi\u00e8ce de design artisanale qui transforme toute chambre d&rsquo;enfant en un espace plein de chaleur et de personnalit\u00e9. Ses <strong data-start=\"1596\" data-end=\"1624\">d\u00e9tails brod\u00e9s \u00e0 la main<\/strong> et ses finitions soign\u00e9es refl\u00e8tent l&rsquo;esprit durable et l&rsquo;authenticit\u00e9 de Crochetts\u00ae, o\u00f9 chaque produit <strong>est cr\u00e9\u00e9 avec amour, respect et souci du d\u00e9tail.<\/strong><\/p>\n<p data-start=\"1781\" data-end=\"2013\">Il comprend une <strong data-start=\"1801\" data-end=\"1838\">lettre de bienvenue personnalis\u00e9e<\/strong> dans laquelle Tina la peluche se pr\u00e9sente \u00e0 l&rsquo;enfant, cr\u00e9ant ainsi un lien sp\u00e9cial d\u00e8s les premiers instants. Un d\u00e9tail qui fait de cette peluche un cadeau original et \u00e9motionnellement unique.<\/p>\n<p data-start=\"2015\" data-end=\"2167\">Id\u00e9al pour les <strong data-start=\"2026\" data-end=\"2085\">cadeaux d&rsquo;anniversaire, les anniversaires ou les d\u00e9corations pour enfants !<\/strong><\/p>\n<\/div>\n","protected":false},"excerpt":{"rendered":"<p>D\u00e9couvrez la tendresse dans sa plus grande version de la <strong data-start=\"678\" data-end=\"721\">Peluche Dinosaure G\u00e9ant en Coton 100% naturel en taille maxi<\/strong>, une <strong>cr\u00e9ation unique<\/strong>, tendre et s\u00fbre <strong>faite \u00e0 la main<\/strong> par <strong data-start=\"755\" data-end=\"769\">Crochetts\u00ae<\/strong>, con\u00e7ue pour remplir les chambres d&rsquo;enfants de magie, de design et de naturel.<\/p>\n<p>Son <strong>cadre<\/strong> <strong>interne<\/strong> <strong>en bois de pin<\/strong> <strong>supporte jusqu&rsquo;\u00e0 70 kg de poids sur le dessus,<\/strong> et les <strong>semelles antid\u00e9rapantes<\/strong> sur les pieds assurent stabilit\u00e9 et s\u00e9curit\u00e9. Parfait comme <strong>peluche d\u00e9corative<\/strong> <strong>XXL<\/strong> ou comme <strong>si\u00e8ge d&rsquo;<\/strong> <strong>appoint<\/strong>, ce dinosaure vert de Crochetts apporte chaleur et charme \u00e0 l&rsquo;espace des enfants. <\/p>\n<p data-start=\"1781\" data-end=\"2013\">Il comprend une <strong data-start=\"1801\" data-end=\"1838\">lettre de bienvenue personnalis\u00e9e<\/strong> dans laquelle Tina la peluche se pr\u00e9sente \u00e0 l&rsquo;enfant, cr\u00e9ant ainsi un lien sp\u00e9cial d\u00e8s les premiers instants. Un d\u00e9tail qui fait de cette peluche un cadeau original et \u00e9motionnellement unique. Id\u00e9al pour les <strong data-start=\"2026\" data-end=\"2085\">cadeaux d&rsquo;anniversaire, les anniversaires ou les d\u00e9corations pour enfants !<\/strong><\/p>\n<p>&nbsp;<\/p>\n<p>&nbsp;<\/p>\n","protected":false},"featured_media":24053,"template":"","meta":{"_acf_changed":false,"_joinchat":[]},"product_brand":[],"product_cat":[4671,4787,4816,4826],"product_tag":[4794,4796,5038,4799,4793,4819,4813,4791,4790,4792,4795],"class_list":{"0":"post-24028","1":"product","2":"type-product","3":"status-publish","4":"has-post-thumbnail","6":"product_cat-accueil","7":"product_cat-amigurumis","8":"product_cat-amigurumis-maxi","9":"product_cat-la-ferme","10":"product_tag-bebe-ours-en-peluche","11":"product_tag-decoration-pour-enfants","12":"product_tag-grand-ours-en-peluche","13":"product_tag-nounours-decorer","14":"product_tag-ours-en-peluche","15":"product_tag-ours-en-peluche-dinosaure","16":"product_tag-ours-en-peluche-maxi","17":"product_tag-ourson-au-crochet","18":"product_tag-ourson-en-coton","19":"product_tag-ourson-en-coton-hypoallergenique","20":"product_tag-peluche-geante","21":"entry","23":"first","24":"instock","25":"taxable","26":"shipping-taxable","27":"purchasable","28":"product-type-simple"},"acf":[],"yoast_head":"<!-- This site is optimized with the Yoast SEO Premium plugin v26.1 (Yoast SEO v27.3) - https:\/\/yoast.com\/product\/yoast-seo-premium-wordpress\/ -->\n<title>Si\u00e8ge dinosaure en peluche en coton hypoallerg\u00e9nique - %%%Crochetts%%<\/title>\n<meta name=\"description\" content=\"D\u00e9couvrez le maxi si\u00e8ge dinosaure g\u00e9ant en peluche de crochetts : 100% coton naturel, hypoallerg\u00e9nique et tr\u00e8s doux au toucher. Id\u00e9al pour offrir ou d\u00e9corer.\" \/>\n<meta name=\"robots\" content=\"index, follow, max-snippet:-1, max-image-preview:large, max-video-preview:-1\" \/>\n<link rel=\"canonical\" href=\"https:\/\/crochetts.com\/fr\/tienda\/siege-teddy-dinosaure-tina\/\" \/>\n<meta property=\"og:locale\" content=\"fr_FR\" \/>\n<meta property=\"og:type\" content=\"article\" \/>\n<meta property=\"og:title\" content=\"SI\u00c8GE TEDDY DINOSAURE TINA\" \/>\n<meta property=\"og:description\" content=\"D\u00e9couvrez la tendresse dans sa plus grande version de la Peluche Dinosaure G\u00e9ant en Coton 100% naturel en taille maxi, une cr\u00e9ation unique, tendre et s\u00fbre faite \u00e0 la main par Crochetts\u00ae, con\u00e7ue pour remplir les chambres d&#039;enfants de magie, de design et de naturel. Son cadre interne en bois de pin supporte jusqu&#039;\u00e0 70 kg de poids sur le dessus, et les semelles antid\u00e9rapantes sur les pieds assurent stabilit\u00e9 et s\u00e9curit\u00e9. Parfait comme peluche d\u00e9corative XXL ou comme si\u00e8ge d&#039; appoint, ce dinosaure vert de Crochetts apporte chaleur et charme \u00e0 l&#039;espace des enfants. Il comprend une lettre de bienvenue personnalis\u00e9e dans laquelle Tina la peluche se pr\u00e9sente \u00e0 l&#039;enfant, cr\u00e9ant ainsi un lien sp\u00e9cial d\u00e8s les premiers instants. Un d\u00e9tail qui fait de cette peluche un cadeau original et \u00e9motionnellement unique. Id\u00e9al pour les cadeaux d&#039;anniversaire, les anniversaires ou les d\u00e9corations pour enfants ! &nbsp; &nbsp;\" \/>\n<meta property=\"og:url\" content=\"https:\/\/crochetts.com\/fr\/tienda\/siege-teddy-dinosaure-tina\/\" \/>\n<meta property=\"og:site_name\" content=\"Crochetts\" \/>\n<meta property=\"article:publisher\" content=\"https:\/\/www.facebook.com\/Crochetts-101964178013493\" \/>\n<meta property=\"article:modified_time\" content=\"2026-04-10T19:18:40+00:00\" \/>\n<meta property=\"og:image\" content=\"https:\/\/crochetts.com\/wp-content\/uploads\/2021\/09\/LT-R14-2-1.jpg\" \/>\n\t<meta property=\"og:image:width\" content=\"801\" \/>\n\t<meta property=\"og:image:height\" content=\"1200\" \/>\n\t<meta property=\"og:image:type\" content=\"image\/jpeg\" \/>\n<meta name=\"twitter:card\" content=\"summary_large_image\" \/>\n<meta name=\"twitter:label1\" content=\"Prix\" \/>\n\t<meta name=\"twitter:data1\" content=\"298,98&nbsp;&euro;\" \/>\n\t<meta name=\"twitter:label2\" content=\"Disponibilit\u00e9\" \/>\n\t<meta name=\"twitter:data2\" content=\"En stock\" \/>\n<script type=\"application\/ld+json\" class=\"yoast-schema-graph\">{\"@context\":\"https:\\\/\\\/schema.org\",\"@graph\":[{\"@type\":\"WebPage\",\"@id\":\"https:\\\/\\\/crochetts.com\\\/fr\\\/tienda\\\/siege-teddy-dinosaure-tina\\\/\",\"url\":\"https:\\\/\\\/crochetts.com\\\/fr\\\/tienda\\\/siege-teddy-dinosaure-tina\\\/\",\"name\":\"Si\u00e8ge dinosaure en peluche en coton hypoallerg\u00e9nique - %%%Crochetts%%\",\"isPartOf\":{\"@id\":\"https:\\\/\\\/crochetts.com\\\/fr\\\/#website\"},\"primaryImageOfPage\":{\"@id\":\"https:\\\/\\\/crochetts.com\\\/fr\\\/tienda\\\/siege-teddy-dinosaure-tina\\\/#primaryimage\"},\"image\":{\"@id\":\"https:\\\/\\\/crochetts.com\\\/fr\\\/tienda\\\/siege-teddy-dinosaure-tina\\\/#primaryimage\"},\"thumbnailUrl\":\"https:\\\/\\\/crochetts.com\\\/wp-content\\\/uploads\\\/2021\\\/09\\\/LT-R14-2-1.jpg\",\"datePublished\":\"2021-09-15T09:13:29+00:00\",\"dateModified\":\"2026-04-10T19:18:40+00:00\",\"description\":\"D\u00e9couvrez le maxi si\u00e8ge dinosaure g\u00e9ant en peluche de crochetts : 100% coton naturel, hypoallerg\u00e9nique et tr\u00e8s doux au toucher. Id\u00e9al pour offrir ou d\u00e9corer.\",\"breadcrumb\":{\"@id\":\"https:\\\/\\\/crochetts.com\\\/fr\\\/tienda\\\/siege-teddy-dinosaure-tina\\\/#breadcrumb\"},\"inLanguage\":\"fr-FR\",\"potentialAction\":[{\"@type\":\"ReadAction\",\"target\":[\"https:\\\/\\\/crochetts.com\\\/fr\\\/tienda\\\/siege-teddy-dinosaure-tina\\\/\"]}]},{\"@type\":\"ImageObject\",\"inLanguage\":\"fr-FR\",\"@id\":\"https:\\\/\\\/crochetts.com\\\/fr\\\/tienda\\\/siege-teddy-dinosaure-tina\\\/#primaryimage\",\"url\":\"https:\\\/\\\/crochetts.com\\\/wp-content\\\/uploads\\\/2021\\\/09\\\/LT-R14-2-1.jpg\",\"contentUrl\":\"https:\\\/\\\/crochetts.com\\\/wp-content\\\/uploads\\\/2021\\\/09\\\/LT-R14-2-1.jpg\",\"width\":801,\"height\":1200,\"caption\":\"ours en peluche dinosaure g\u00e9ant\"},{\"@type\":\"BreadcrumbList\",\"@id\":\"https:\\\/\\\/crochetts.com\\\/fr\\\/tienda\\\/siege-teddy-dinosaure-tina\\\/#breadcrumb\",\"itemListElement\":[{\"@type\":\"ListItem\",\"position\":1,\"name\":\"Portada\",\"item\":\"https:\\\/\\\/crochetts.com\\\/fr\\\/accueil\\\/\"},{\"@type\":\"ListItem\",\"position\":2,\"name\":\"Boutique\",\"item\":\"https:\\\/\\\/crochetts.fr\\\/boutique\\\/\"},{\"@type\":\"ListItem\",\"position\":3,\"name\":\"SI\u00c8GE TEDDY DINOSAURE TINA\"}]},{\"@type\":\"WebSite\",\"@id\":\"https:\\\/\\\/crochetts.com\\\/fr\\\/#website\",\"url\":\"https:\\\/\\\/crochetts.com\\\/fr\\\/\",\"name\":\"Crochetts\",\"description\":\"ANIMALES DE CROCHET PARA JUGAR,DECORAR Y SO\u00d1AR\",\"publisher\":{\"@id\":\"https:\\\/\\\/crochetts.com\\\/fr\\\/#organization\"},\"potentialAction\":[{\"@type\":\"SearchAction\",\"target\":{\"@type\":\"EntryPoint\",\"urlTemplate\":\"https:\\\/\\\/crochetts.com\\\/fr\\\/?s={search_term_string}\"},\"query-input\":{\"@type\":\"PropertyValueSpecification\",\"valueRequired\":true,\"valueName\":\"search_term_string\"}}],\"inLanguage\":\"fr-FR\"},{\"@type\":\"Organization\",\"@id\":\"https:\\\/\\\/crochetts.com\\\/fr\\\/#organization\",\"name\":\"Crochets\",\"url\":\"https:\\\/\\\/crochetts.com\\\/fr\\\/\",\"logo\":{\"@type\":\"ImageObject\",\"inLanguage\":\"fr-FR\",\"@id\":\"https:\\\/\\\/crochetts.com\\\/fr\\\/#\\\/schema\\\/logo\\\/image\\\/\",\"url\":\"https:\\\/\\\/i2.wp.com\\\/crochetts.com\\\/wp-content\\\/uploads\\\/2021\\\/01\\\/Logo-Crochetts.jpg?fit=300%2C137&ssl=1\",\"contentUrl\":\"https:\\\/\\\/i2.wp.com\\\/crochetts.com\\\/wp-content\\\/uploads\\\/2021\\\/01\\\/Logo-Crochetts.jpg?fit=300%2C137&ssl=1\",\"width\":300,\"height\":137,\"caption\":\"Crochets\"},\"image\":{\"@id\":\"https:\\\/\\\/crochetts.com\\\/fr\\\/#\\\/schema\\\/logo\\\/image\\\/\"},\"sameAs\":[\"https:\\\/\\\/www.facebook.com\\\/Crochetts-101964178013493\",\"https:\\\/\\\/www.instagram.com\\\/crochetts_\\\/\"]}]}<\/script>\n<meta property=\"product:price:amount\" content=\"298.98\" \/>\n<meta property=\"product:price:currency\" content=\"EUR\" \/>\n<meta property=\"og:availability\" content=\"instock\" \/>\n<meta property=\"product:availability\" content=\"instock\" \/>\n<meta property=\"product:retailer_item_id\" content=\"LT-R14-1\" \/>\n<meta property=\"product:condition\" content=\"new\" \/>\n<!-- \/ Yoast SEO Premium plugin. -->","yoast_head_json":{"title":"Si\u00e8ge dinosaure en peluche en coton hypoallerg\u00e9nique - %%%Crochetts%%","description":"D\u00e9couvrez le maxi si\u00e8ge dinosaure g\u00e9ant en peluche de crochetts : 100% coton naturel, hypoallerg\u00e9nique et tr\u00e8s doux au toucher. Id\u00e9al pour offrir ou d\u00e9corer.","robots":{"index":"index","follow":"follow","max-snippet":"max-snippet:-1","max-image-preview":"max-image-preview:large","max-video-preview":"max-video-preview:-1"},"canonical":"https:\/\/crochetts.com\/fr\/tienda\/siege-teddy-dinosaure-tina\/","og_locale":"fr_FR","og_type":"article","og_title":"SI\u00c8GE TEDDY DINOSAURE TINA","og_description":"D\u00e9couvrez la tendresse dans sa plus grande version de la Peluche Dinosaure G\u00e9ant en Coton 100% naturel en taille maxi, une cr\u00e9ation unique, tendre et s\u00fbre faite \u00e0 la main par Crochetts\u00ae, con\u00e7ue pour remplir les chambres d'enfants de magie, de design et de naturel. Son cadre interne en bois de pin supporte jusqu'\u00e0 70 kg de poids sur le dessus, et les semelles antid\u00e9rapantes sur les pieds assurent stabilit\u00e9 et s\u00e9curit\u00e9. Parfait comme peluche d\u00e9corative XXL ou comme si\u00e8ge d' appoint, ce dinosaure vert de Crochetts apporte chaleur et charme \u00e0 l'espace des enfants. Il comprend une lettre de bienvenue personnalis\u00e9e dans laquelle Tina la peluche se pr\u00e9sente \u00e0 l'enfant, cr\u00e9ant ainsi un lien sp\u00e9cial d\u00e8s les premiers instants. Un d\u00e9tail qui fait de cette peluche un cadeau original et \u00e9motionnellement unique. Id\u00e9al pour les cadeaux d'anniversaire, les anniversaires ou les d\u00e9corations pour enfants ! &nbsp; &nbsp;","og_url":"https:\/\/crochetts.com\/fr\/tienda\/siege-teddy-dinosaure-tina\/","og_site_name":"Crochetts","article_publisher":"https:\/\/www.facebook.com\/Crochetts-101964178013493","article_modified_time":"2026-04-10T19:18:40+00:00","og_image":[{"width":801,"height":1200,"url":"https:\/\/crochetts.com\/wp-content\/uploads\/2021\/09\/LT-R14-2-1.jpg","type":"image\/jpeg"}],"twitter_card":"summary_large_image","twitter_misc":{"Prix":"298,98&nbsp;&euro;","Disponibilit\u00e9":"En stock"},"schema":{"@context":"https:\/\/schema.org","@graph":[{"@type":"WebPage","@id":"https:\/\/crochetts.com\/fr\/tienda\/siege-teddy-dinosaure-tina\/","url":"https:\/\/crochetts.com\/fr\/tienda\/siege-teddy-dinosaure-tina\/","name":"Si\u00e8ge dinosaure en peluche en coton hypoallerg\u00e9nique - %%%Crochetts%%","isPartOf":{"@id":"https:\/\/crochetts.com\/fr\/#website"},"primaryImageOfPage":{"@id":"https:\/\/crochetts.com\/fr\/tienda\/siege-teddy-dinosaure-tina\/#primaryimage"},"image":{"@id":"https:\/\/crochetts.com\/fr\/tienda\/siege-teddy-dinosaure-tina\/#primaryimage"},"thumbnailUrl":"https:\/\/crochetts.com\/wp-content\/uploads\/2021\/09\/LT-R14-2-1.jpg","datePublished":"2021-09-15T09:13:29+00:00","dateModified":"2026-04-10T19:18:40+00:00","description":"D\u00e9couvrez le maxi si\u00e8ge dinosaure g\u00e9ant en peluche de crochetts : 100% coton naturel, hypoallerg\u00e9nique et tr\u00e8s doux au toucher. Id\u00e9al pour offrir ou d\u00e9corer.","breadcrumb":{"@id":"https:\/\/crochetts.com\/fr\/tienda\/siege-teddy-dinosaure-tina\/#breadcrumb"},"inLanguage":"fr-FR","potentialAction":[{"@type":"ReadAction","target":["https:\/\/crochetts.com\/fr\/tienda\/siege-teddy-dinosaure-tina\/"]}]},{"@type":"ImageObject","inLanguage":"fr-FR","@id":"https:\/\/crochetts.com\/fr\/tienda\/siege-teddy-dinosaure-tina\/#primaryimage","url":"https:\/\/crochetts.com\/wp-content\/uploads\/2021\/09\/LT-R14-2-1.jpg","contentUrl":"https:\/\/crochetts.com\/wp-content\/uploads\/2021\/09\/LT-R14-2-1.jpg","width":801,"height":1200,"caption":"ours en peluche dinosaure g\u00e9ant"},{"@type":"BreadcrumbList","@id":"https:\/\/crochetts.com\/fr\/tienda\/siege-teddy-dinosaure-tina\/#breadcrumb","itemListElement":[{"@type":"ListItem","position":1,"name":"Portada","item":"https:\/\/crochetts.com\/fr\/accueil\/"},{"@type":"ListItem","position":2,"name":"Boutique","item":"https:\/\/crochetts.fr\/boutique\/"},{"@type":"ListItem","position":3,"name":"SI\u00c8GE TEDDY DINOSAURE TINA"}]},{"@type":"WebSite","@id":"https:\/\/crochetts.com\/fr\/#website","url":"https:\/\/crochetts.com\/fr\/","name":"Crochetts","description":"ANIMALES DE CROCHET PARA JUGAR,DECORAR Y SO\u00d1AR","publisher":{"@id":"https:\/\/crochetts.com\/fr\/#organization"},"potentialAction":[{"@type":"SearchAction","target":{"@type":"EntryPoint","urlTemplate":"https:\/\/crochetts.com\/fr\/?s={search_term_string}"},"query-input":{"@type":"PropertyValueSpecification","valueRequired":true,"valueName":"search_term_string"}}],"inLanguage":"fr-FR"},{"@type":"Organization","@id":"https:\/\/crochetts.com\/fr\/#organization","name":"Crochets","url":"https:\/\/crochetts.com\/fr\/","logo":{"@type":"ImageObject","inLanguage":"fr-FR","@id":"https:\/\/crochetts.com\/fr\/#\/schema\/logo\/image\/","url":"https:\/\/i2.wp.com\/crochetts.com\/wp-content\/uploads\/2021\/01\/Logo-Crochetts.jpg?fit=300%2C137&ssl=1","contentUrl":"https:\/\/i2.wp.com\/crochetts.com\/wp-content\/uploads\/2021\/01\/Logo-Crochetts.jpg?fit=300%2C137&ssl=1","width":300,"height":137,"caption":"Crochets"},"image":{"@id":"https:\/\/crochetts.com\/fr\/#\/schema\/logo\/image\/"},"sameAs":["https:\/\/www.facebook.com\/Crochetts-101964178013493","https:\/\/www.instagram.com\/crochetts_\/"]}]},"product_price_amount":"298.98","product_price_currency":"EUR","og_availability":"instock","product_availability":"instock","product_retailer_item_id":"LT-R14-1","product_condition":"new"},"_links":{"self":[{"href":"https:\/\/crochetts.com\/fr\/wp-json\/wp\/v2\/product\/24028","targetHints":{"allow":["GET"]}}],"collection":[{"href":"https:\/\/crochetts.com\/fr\/wp-json\/wp\/v2\/product"}],"about":[{"href":"https:\/\/crochetts.com\/fr\/wp-json\/wp\/v2\/types\/product"}],"wp:featuredmedia":[{"embeddable":true,"href":"https:\/\/crochetts.com\/fr\/wp-json\/wp\/v2\/media\/24053"}],"wp:attachment":[{"href":"https:\/\/crochetts.com\/fr\/wp-json\/wp\/v2\/media?parent=24028"}],"wp:term":[{"taxonomy":"product_brand","embeddable":true,"href":"https:\/\/crochetts.com\/fr\/wp-json\/wp\/v2\/product_brand?post=24028"},{"taxonomy":"product_cat","embeddable":true,"href":"https:\/\/crochetts.com\/fr\/wp-json\/wp\/v2\/product_cat?post=24028"},{"taxonomy":"product_tag","embeddable":true,"href":"https:\/\/crochetts.com\/fr\/wp-json\/wp\/v2\/product_tag?post=24028"}],"curies":[{"name":"wp","href":"https:\/\/api.w.org\/{rel}","templated":true}]}}