{"id":24008,"date":"2021-05-17T14:24:17","date_gmt":"2021-05-17T14:24:17","guid":{"rendered":"https:\/\/crochetts.com\/tienda\/tabouret-enfant-yogi\/"},"modified":"2026-01-16T12:35:45","modified_gmt":"2026-01-16T10:35:45","slug":"tabouret-enfant-yogi","status":"publish","type":"product","link":"https:\/\/crochetts.com\/fr\/tienda\/tabouret-enfant-yogi\/","title":{"rendered":"TABOURET ENFANT YOGI"},"content":{"rendered":"<div style=\"text-align: justify;\">Tous nos <strong>tabourets<\/strong><b> pour enfants<\/b><em> <\/em><span style=\"background-color: transparent;\">sont \u00e9galement des jouets parfaits pour les enfants. Ils <strong>constituent des \u00e9l\u00e9ments d\u00e9coratifs<\/strong> parfaits pour les <strong>chambres d&rsquo;enfants <\/strong>ou pour les <strong>vitrines de magasins<\/strong>.<\/span><\/div>\n<div style=\"text-align: justify;\">Ils sont con\u00e7us et fabriqu\u00e9s selon les <strong>normes de qualit\u00e9 les plus strictes, en <\/strong>utilisant toujours des mat\u00e9riaux naturels tels que le bois et le coton 100 % naturel.<\/div>\n","protected":false},"excerpt":{"rendered":"<p style=\"text-align: justify;\">Notre <strong>tabouret yogi<\/strong> en crochet <strong>pour enfants<\/strong> est fabriqu\u00e9 avec les meilleurs mat\u00e9riaux. Sa structure en bois est recouverte d&rsquo;un coton 100% naturel, hypoallerg\u00e9nique et tr\u00e8s doux au toucher. Brod\u00e9 \u00e0 la main, avec soin dans chaque d\u00e9tail, comme son expression, et ses cheveux qui lui donnent une touche sp\u00e9ciale.  <\/p>\n","protected":false},"featured_media":24029,"template":"","meta":{"_acf_changed":false,"_joinchat":[]},"product_brand":[],"product_cat":[4671,4842],"product_tag":[5990,5986,5989,5987,5988],"class_list":{"0":"post-24008","1":"product","2":"type-product","3":"status-publish","4":"has-post-thumbnail","6":"product_cat-accueil","7":"product_cat-produits","8":"product_tag-siege-enfant","9":"product_tag-tabouret","10":"product_tag-tabouret-animal","11":"product_tag-tabouret-au-crochet","12":"product_tag-tabouret-pour-enfants","13":"entry","15":"first","16":"instock","17":"sale","18":"taxable","19":"shipping-taxable","20":"purchasable","21":"product-type-simple"},"acf":[],"yoast_head":"<!-- This site is optimized with the Yoast SEO Premium plugin v26.1 (Yoast SEO v27.3) - https:\/\/yoast.com\/product\/yoast-seo-premium-wordpress\/ -->\n<title>TABOURET ENFANT YOGI - Crochetts<\/title>\n<meta name=\"description\" content=\"Tabourets pour enfants en forme d&#039;animaux amusants. Con\u00e7us et fabriqu\u00e9s dans le respect des normes de qualit\u00e9 les plus strictes, ils utilisent toujours des mat\u00e9riaux naturels tels que le bois et le coton 100 % naturel. L&#039;accessoire de jeu id\u00e9al pour leur chambre.\" \/>\n<meta name=\"robots\" content=\"index, follow, max-snippet:-1, max-image-preview:large, max-video-preview:-1\" \/>\n<link rel=\"canonical\" href=\"https:\/\/crochetts.com\/fr\/tienda\/tabouret-enfant-yogi\/\" \/>\n<meta property=\"og:locale\" content=\"fr_FR\" \/>\n<meta property=\"og:type\" content=\"article\" \/>\n<meta property=\"og:title\" content=\"TABOURET ENFANT YOGI\" \/>\n<meta property=\"og:description\" content=\"Notre tabouret yogi en crochet pour enfants est fabriqu\u00e9 avec les meilleurs mat\u00e9riaux. Sa structure en bois est recouverte d&#039;un coton 100% naturel, hypoallerg\u00e9nique et tr\u00e8s doux au toucher. Brod\u00e9 \u00e0 la main, avec soin dans chaque d\u00e9tail, comme son expression, et ses cheveux qui lui donnent une touche sp\u00e9ciale.\" \/>\n<meta property=\"og:url\" content=\"https:\/\/crochetts.com\/fr\/tienda\/tabouret-enfant-yogi\/\" \/>\n<meta property=\"og:site_name\" content=\"Crochetts\" \/>\n<meta property=\"article:publisher\" content=\"https:\/\/www.facebook.com\/Crochetts-101964178013493\" \/>\n<meta property=\"article:modified_time\" content=\"2026-01-16T10:35:45+00:00\" \/>\n<meta property=\"og:image\" content=\"https:\/\/crochetts.com\/wp-content\/uploads\/2021\/05\/KS-001-11.jpg\" \/>\n\t<meta property=\"og:image:width\" content=\"800\" \/>\n\t<meta property=\"og:image:height\" content=\"1198\" \/>\n\t<meta property=\"og:image:type\" content=\"image\/jpeg\" \/>\n<meta name=\"twitter:card\" content=\"summary_large_image\" \/>\n<meta name=\"twitter:label1\" content=\"Prix\" \/>\n\t<meta name=\"twitter:data1\" content=\"95,59&nbsp;&euro;\" \/>\n\t<meta name=\"twitter:label2\" content=\"Disponibilit\u00e9\" \/>\n\t<meta name=\"twitter:data2\" content=\"En stock\" \/>\n<script type=\"application\/ld+json\" class=\"yoast-schema-graph\">{\"@context\":\"https:\\\/\\\/schema.org\",\"@graph\":[{\"@type\":\"WebPage\",\"@id\":\"https:\\\/\\\/crochetts.com\\\/fr\\\/tienda\\\/tabouret-enfant-yogi\\\/\",\"url\":\"https:\\\/\\\/crochetts.com\\\/fr\\\/tienda\\\/tabouret-enfant-yogi\\\/\",\"name\":\"TABOURET ENFANT YOGI - Crochetts\",\"isPartOf\":{\"@id\":\"https:\\\/\\\/crochetts.com\\\/fr\\\/#website\"},\"primaryImageOfPage\":{\"@id\":\"https:\\\/\\\/crochetts.com\\\/fr\\\/tienda\\\/tabouret-enfant-yogi\\\/#primaryimage\"},\"image\":{\"@id\":\"https:\\\/\\\/crochetts.com\\\/fr\\\/tienda\\\/tabouret-enfant-yogi\\\/#primaryimage\"},\"thumbnailUrl\":\"https:\\\/\\\/crochetts.com\\\/wp-content\\\/uploads\\\/2021\\\/05\\\/KS-001-11.jpg\",\"datePublished\":\"2021-05-17T14:24:17+00:00\",\"dateModified\":\"2026-01-16T10:35:45+00:00\",\"description\":\"Tabourets pour enfants en forme d'animaux amusants. Con\u00e7us et fabriqu\u00e9s dans le respect des normes de qualit\u00e9 les plus strictes, ils utilisent toujours des mat\u00e9riaux naturels tels que le bois et le coton 100 % naturel. L'accessoire de jeu id\u00e9al pour leur chambre.\",\"breadcrumb\":{\"@id\":\"https:\\\/\\\/crochetts.com\\\/fr\\\/tienda\\\/tabouret-enfant-yogi\\\/#breadcrumb\"},\"inLanguage\":\"fr-FR\",\"potentialAction\":[{\"@type\":\"ReadAction\",\"target\":[\"https:\\\/\\\/crochetts.com\\\/fr\\\/tienda\\\/tabouret-enfant-yogi\\\/\"]}]},{\"@type\":\"ImageObject\",\"inLanguage\":\"fr-FR\",\"@id\":\"https:\\\/\\\/crochetts.com\\\/fr\\\/tienda\\\/tabouret-enfant-yogi\\\/#primaryimage\",\"url\":\"https:\\\/\\\/crochetts.com\\\/wp-content\\\/uploads\\\/2021\\\/05\\\/KS-001-11.jpg\",\"contentUrl\":\"https:\\\/\\\/crochetts.com\\\/wp-content\\\/uploads\\\/2021\\\/05\\\/KS-001-11.jpg\",\"width\":800,\"height\":1198,\"caption\":\"tabouret pour enfant au crochet\"},{\"@type\":\"BreadcrumbList\",\"@id\":\"https:\\\/\\\/crochetts.com\\\/fr\\\/tienda\\\/tabouret-enfant-yogi\\\/#breadcrumb\",\"itemListElement\":[{\"@type\":\"ListItem\",\"position\":1,\"name\":\"Portada\",\"item\":\"https:\\\/\\\/crochetts.com\\\/fr\\\/accueil\\\/\"},{\"@type\":\"ListItem\",\"position\":2,\"name\":\"Boutique\",\"item\":\"https:\\\/\\\/crochetts.fr\\\/boutique\\\/\"},{\"@type\":\"ListItem\",\"position\":3,\"name\":\"TABOURET ENFANT YOGI\"}]},{\"@type\":\"WebSite\",\"@id\":\"https:\\\/\\\/crochetts.com\\\/fr\\\/#website\",\"url\":\"https:\\\/\\\/crochetts.com\\\/fr\\\/\",\"name\":\"Crochetts\",\"description\":\"ANIMALES DE CROCHET PARA JUGAR,DECORAR Y SO\u00d1AR\",\"publisher\":{\"@id\":\"https:\\\/\\\/crochetts.com\\\/fr\\\/#organization\"},\"potentialAction\":[{\"@type\":\"SearchAction\",\"target\":{\"@type\":\"EntryPoint\",\"urlTemplate\":\"https:\\\/\\\/crochetts.com\\\/fr\\\/?s={search_term_string}\"},\"query-input\":{\"@type\":\"PropertyValueSpecification\",\"valueRequired\":true,\"valueName\":\"search_term_string\"}}],\"inLanguage\":\"fr-FR\"},{\"@type\":\"Organization\",\"@id\":\"https:\\\/\\\/crochetts.com\\\/fr\\\/#organization\",\"name\":\"Crochets\",\"url\":\"https:\\\/\\\/crochetts.com\\\/fr\\\/\",\"logo\":{\"@type\":\"ImageObject\",\"inLanguage\":\"fr-FR\",\"@id\":\"https:\\\/\\\/crochetts.com\\\/fr\\\/#\\\/schema\\\/logo\\\/image\\\/\",\"url\":\"https:\\\/\\\/i2.wp.com\\\/crochetts.com\\\/wp-content\\\/uploads\\\/2021\\\/01\\\/Logo-Crochetts.jpg?fit=300%2C137&ssl=1\",\"contentUrl\":\"https:\\\/\\\/i2.wp.com\\\/crochetts.com\\\/wp-content\\\/uploads\\\/2021\\\/01\\\/Logo-Crochetts.jpg?fit=300%2C137&ssl=1\",\"width\":300,\"height\":137,\"caption\":\"Crochets\"},\"image\":{\"@id\":\"https:\\\/\\\/crochetts.com\\\/fr\\\/#\\\/schema\\\/logo\\\/image\\\/\"},\"sameAs\":[\"https:\\\/\\\/www.facebook.com\\\/Crochetts-101964178013493\",\"https:\\\/\\\/www.instagram.com\\\/crochetts_\\\/\"]}]}<\/script>\n<meta property=\"product:price:amount\" content=\"95.59\" \/>\n<meta property=\"product:price:currency\" content=\"EUR\" \/>\n<meta property=\"og:availability\" content=\"instock\" \/>\n<meta property=\"product:availability\" content=\"instock\" \/>\n<meta property=\"product:retailer_item_id\" content=\"KS-001\" \/>\n<meta property=\"product:condition\" content=\"new\" \/>\n<!-- \/ Yoast SEO Premium plugin. -->","yoast_head_json":{"title":"TABOURET ENFANT YOGI - Crochetts","description":"Tabourets pour enfants en forme d'animaux amusants. Con\u00e7us et fabriqu\u00e9s dans le respect des normes de qualit\u00e9 les plus strictes, ils utilisent toujours des mat\u00e9riaux naturels tels que le bois et le coton 100 % naturel. L'accessoire de jeu id\u00e9al pour leur chambre.","robots":{"index":"index","follow":"follow","max-snippet":"max-snippet:-1","max-image-preview":"max-image-preview:large","max-video-preview":"max-video-preview:-1"},"canonical":"https:\/\/crochetts.com\/fr\/tienda\/tabouret-enfant-yogi\/","og_locale":"fr_FR","og_type":"article","og_title":"TABOURET ENFANT YOGI","og_description":"Notre tabouret yogi en crochet pour enfants est fabriqu\u00e9 avec les meilleurs mat\u00e9riaux. Sa structure en bois est recouverte d'un coton 100% naturel, hypoallerg\u00e9nique et tr\u00e8s doux au toucher. Brod\u00e9 \u00e0 la main, avec soin dans chaque d\u00e9tail, comme son expression, et ses cheveux qui lui donnent une touche sp\u00e9ciale.","og_url":"https:\/\/crochetts.com\/fr\/tienda\/tabouret-enfant-yogi\/","og_site_name":"Crochetts","article_publisher":"https:\/\/www.facebook.com\/Crochetts-101964178013493","article_modified_time":"2026-01-16T10:35:45+00:00","og_image":[{"width":800,"height":1198,"url":"https:\/\/crochetts.com\/wp-content\/uploads\/2021\/05\/KS-001-11.jpg","type":"image\/jpeg"}],"twitter_card":"summary_large_image","twitter_misc":{"Prix":"95,59&nbsp;&euro;","Disponibilit\u00e9":"En stock"},"schema":{"@context":"https:\/\/schema.org","@graph":[{"@type":"WebPage","@id":"https:\/\/crochetts.com\/fr\/tienda\/tabouret-enfant-yogi\/","url":"https:\/\/crochetts.com\/fr\/tienda\/tabouret-enfant-yogi\/","name":"TABOURET ENFANT YOGI - Crochetts","isPartOf":{"@id":"https:\/\/crochetts.com\/fr\/#website"},"primaryImageOfPage":{"@id":"https:\/\/crochetts.com\/fr\/tienda\/tabouret-enfant-yogi\/#primaryimage"},"image":{"@id":"https:\/\/crochetts.com\/fr\/tienda\/tabouret-enfant-yogi\/#primaryimage"},"thumbnailUrl":"https:\/\/crochetts.com\/wp-content\/uploads\/2021\/05\/KS-001-11.jpg","datePublished":"2021-05-17T14:24:17+00:00","dateModified":"2026-01-16T10:35:45+00:00","description":"Tabourets pour enfants en forme d'animaux amusants. Con\u00e7us et fabriqu\u00e9s dans le respect des normes de qualit\u00e9 les plus strictes, ils utilisent toujours des mat\u00e9riaux naturels tels que le bois et le coton 100 % naturel. L'accessoire de jeu id\u00e9al pour leur chambre.","breadcrumb":{"@id":"https:\/\/crochetts.com\/fr\/tienda\/tabouret-enfant-yogi\/#breadcrumb"},"inLanguage":"fr-FR","potentialAction":[{"@type":"ReadAction","target":["https:\/\/crochetts.com\/fr\/tienda\/tabouret-enfant-yogi\/"]}]},{"@type":"ImageObject","inLanguage":"fr-FR","@id":"https:\/\/crochetts.com\/fr\/tienda\/tabouret-enfant-yogi\/#primaryimage","url":"https:\/\/crochetts.com\/wp-content\/uploads\/2021\/05\/KS-001-11.jpg","contentUrl":"https:\/\/crochetts.com\/wp-content\/uploads\/2021\/05\/KS-001-11.jpg","width":800,"height":1198,"caption":"tabouret pour enfant au crochet"},{"@type":"BreadcrumbList","@id":"https:\/\/crochetts.com\/fr\/tienda\/tabouret-enfant-yogi\/#breadcrumb","itemListElement":[{"@type":"ListItem","position":1,"name":"Portada","item":"https:\/\/crochetts.com\/fr\/accueil\/"},{"@type":"ListItem","position":2,"name":"Boutique","item":"https:\/\/crochetts.fr\/boutique\/"},{"@type":"ListItem","position":3,"name":"TABOURET ENFANT YOGI"}]},{"@type":"WebSite","@id":"https:\/\/crochetts.com\/fr\/#website","url":"https:\/\/crochetts.com\/fr\/","name":"Crochetts","description":"ANIMALES DE CROCHET PARA JUGAR,DECORAR Y SO\u00d1AR","publisher":{"@id":"https:\/\/crochetts.com\/fr\/#organization"},"potentialAction":[{"@type":"SearchAction","target":{"@type":"EntryPoint","urlTemplate":"https:\/\/crochetts.com\/fr\/?s={search_term_string}"},"query-input":{"@type":"PropertyValueSpecification","valueRequired":true,"valueName":"search_term_string"}}],"inLanguage":"fr-FR"},{"@type":"Organization","@id":"https:\/\/crochetts.com\/fr\/#organization","name":"Crochets","url":"https:\/\/crochetts.com\/fr\/","logo":{"@type":"ImageObject","inLanguage":"fr-FR","@id":"https:\/\/crochetts.com\/fr\/#\/schema\/logo\/image\/","url":"https:\/\/i2.wp.com\/crochetts.com\/wp-content\/uploads\/2021\/01\/Logo-Crochetts.jpg?fit=300%2C137&ssl=1","contentUrl":"https:\/\/i2.wp.com\/crochetts.com\/wp-content\/uploads\/2021\/01\/Logo-Crochetts.jpg?fit=300%2C137&ssl=1","width":300,"height":137,"caption":"Crochets"},"image":{"@id":"https:\/\/crochetts.com\/fr\/#\/schema\/logo\/image\/"},"sameAs":["https:\/\/www.facebook.com\/Crochetts-101964178013493","https:\/\/www.instagram.com\/crochetts_\/"]}]},"product_price_amount":"95.59","product_price_currency":"EUR","og_availability":"instock","product_availability":"instock","product_retailer_item_id":"KS-001","product_condition":"new"},"_links":{"self":[{"href":"https:\/\/crochetts.com\/fr\/wp-json\/wp\/v2\/product\/24008","targetHints":{"allow":["GET"]}}],"collection":[{"href":"https:\/\/crochetts.com\/fr\/wp-json\/wp\/v2\/product"}],"about":[{"href":"https:\/\/crochetts.com\/fr\/wp-json\/wp\/v2\/types\/product"}],"wp:featuredmedia":[{"embeddable":true,"href":"https:\/\/crochetts.com\/fr\/wp-json\/wp\/v2\/media\/24029"}],"wp:attachment":[{"href":"https:\/\/crochetts.com\/fr\/wp-json\/wp\/v2\/media?parent=24008"}],"wp:term":[{"taxonomy":"product_brand","embeddable":true,"href":"https:\/\/crochetts.com\/fr\/wp-json\/wp\/v2\/product_brand?post=24008"},{"taxonomy":"product_cat","embeddable":true,"href":"https:\/\/crochetts.com\/fr\/wp-json\/wp\/v2\/product_cat?post=24008"},{"taxonomy":"product_tag","embeddable":true,"href":"https:\/\/crochetts.com\/fr\/wp-json\/wp\/v2\/product_tag?post=24008"}],"curies":[{"name":"wp","href":"https:\/\/api.w.org\/{rel}","templated":true}]}}