{"id":23950,"date":"2023-06-06T16:00:05","date_gmt":"2023-06-06T15:00:05","guid":{"rendered":"https:\/\/crochetts.com\/tienda\/couverture-de-voyage-en-forme-de-coussin-de-souris-85cm-x-140cm\/"},"modified":"2026-01-16T12:36:45","modified_gmt":"2026-01-16T10:36:45","slug":"couverture-de-voyage-en-forme-de-coussin-de-souris-85cm-x-140cm","status":"publish","type":"product","link":"https:\/\/crochetts.com\/fr\/tienda\/couverture-de-voyage-en-forme-de-coussin-de-souris-85cm-x-140cm\/","title":{"rendered":"Couverture de voyage en forme de coussin de souris (85cm x 140cm)"},"content":{"rendered":"<div style=\"text-align: justify;\"><\/div>\n<div style=\"text-align: justify;\">\n<p>Notre collection de <strong>couvertures coussin de voyage <\/strong>a un design unique et fonctionnel, elles sont extra douces et se plient en un mignon petit coussin en forme d&rsquo;animal. Elles sont parfaites pour voyager et servir de couverture ou de coussin, car elles sont faciles \u00e0 transporter et peu encombrantes. <\/p>\n<\/div>\n<p>Choisissez l&rsquo;animal qui vous pla\u00eet le plus pour vous accompagner dans vos meilleurs moments.  <strong>des r\u00eaves et des voyages tout au long de l&rsquo;ann\u00e9e. Un cadeau unique et tr\u00e8s sp\u00e9cial qui surprendra petits et grands. <\/strong><\/p>\n<p>Le meilleur choix pour un <strong>cadeau parfait<\/strong><strong> <\/strong>pour vos escapades estivales.<\/p>\n","protected":false},"excerpt":{"rendered":"<p>Notre <strong>couverture pour coussin de souris<\/strong> est fabriqu\u00e9e en velours c\u00f4tel\u00e9 et en tissu \u00e0 poils courts, tr\u00e8s doux au toucher. Elle est orn\u00e9e d&rsquo;un<strong> appliqu\u00e9<\/strong> en tissu solide, parfait <strong>pour \u00eatre accroch\u00e9<\/strong> et pour <strong>voyager<\/strong>. Gr\u00e2ce \u00e0 sa fermeture \u00e9clair lat\u00e9rale, la couverture peut \u00eatre pli\u00e9e \u00e0 l&rsquo;int\u00e9rieur pour former un <strong>adorable<\/strong> <strong>coussin<\/strong> en forme de souris. Un <strong>design unique et fonctionnel<\/strong>, parfait pour accompagner les petits dans leurs plus beaux <strong>r\u00eaves et voyages<\/strong>.   <\/p>\n<p><strong>Dimensions :<\/strong> 85cm x 140cm.<\/p>\n<p>&nbsp;<\/p>\n","protected":false},"featured_media":23952,"template":"","meta":{"_acf_changed":false,"_joinchat":[]},"product_brand":[],"product_cat":[5639,5953],"product_tag":[5966,5960,5965,5963,5964,5962,5961],"class_list":{"0":"post-23950","1":"product","2":"type-product","3":"status-publish","4":"has-post-thumbnail","6":"product_cat-couvertures-et-serviettes","7":"product_cat-cushions","8":"product_tag-blanket-de-voyage","9":"product_tag-couverture-de-canape","10":"product_tag-couverture-de-coussin","11":"product_tag-couverture-de-voyage","12":"product_tag-couverture-pour-animaux","13":"product_tag-couverture-pour-enfants","14":"product_tag-couverture-pour-filles","15":"entry","17":"first","18":"instock","19":"featured","20":"taxable","21":"shipping-taxable","22":"purchasable","23":"product-type-simple"},"acf":[],"yoast_head":"<!-- This site is optimized with the Yoast SEO Premium plugin v26.1 (Yoast SEO v27.3) - https:\/\/yoast.com\/product\/yoast-seo-premium-wordpress\/ -->\n<title>- Couverture de voyage en forme de coussin de souris (85cm x 140cm) - Crochetts% Crochetts%%.<\/title>\n<meta name=\"description\" content=\"Notre collection de couvertures coussin de voyage a un design unique et fonctionnel, des couvertures coussin en forme de coussin parmi lesquelles vous pouvez choisir parmi diff\u00e9rents mod\u00e8les et tailles. \u00catre \u00e0 l&#039;aise en voyage tout en gardant son style, c&#039;est possible gr\u00e2ce \u00e0 la couverture de souris. Choisissez l&#039;animal qui vous pla\u00eet le plus pour accompagner les petits dans leurs plus beaux r\u00eaves et voyages. C&#039;est le meilleur choix pour un cadeau parfait ou pour organiser une escapade entre amis.\" \/>\n<meta name=\"robots\" content=\"index, follow, max-snippet:-1, max-image-preview:large, max-video-preview:-1\" \/>\n<link rel=\"canonical\" href=\"https:\/\/crochetts.com\/fr\/tienda\/couverture-de-voyage-en-forme-de-coussin-de-souris-85cm-x-140cm\/\" \/>\n<meta property=\"og:locale\" content=\"fr_FR\" \/>\n<meta property=\"og:type\" content=\"article\" \/>\n<meta property=\"og:title\" content=\"Couverture de voyage en forme de coussin de souris (85cm x 140cm)\" \/>\n<meta property=\"og:description\" content=\"Notre couverture pour coussin de souris est fabriqu\u00e9e en velours c\u00f4tel\u00e9 et en tissu \u00e0 poils courts, tr\u00e8s doux au toucher. Elle est orn\u00e9e d&#039;un appliqu\u00e9 en tissu solide, parfait pour \u00eatre accroch\u00e9 et pour voyager. Gr\u00e2ce \u00e0 sa fermeture \u00e9clair lat\u00e9rale, la couverture peut \u00eatre pli\u00e9e \u00e0 l&#039;int\u00e9rieur pour former un adorable coussin en forme de souris. Un design unique et fonctionnel, parfait pour accompagner les petits dans leurs plus beaux r\u00eaves et voyages.   Dimensions : 85cm x 140cm. &nbsp;\" \/>\n<meta property=\"og:url\" content=\"https:\/\/crochetts.com\/fr\/tienda\/couverture-de-voyage-en-forme-de-coussin-de-souris-85cm-x-140cm\/\" \/>\n<meta property=\"og:site_name\" content=\"Crochetts\" \/>\n<meta property=\"article:publisher\" content=\"https:\/\/www.facebook.com\/Crochetts-101964178013493\" \/>\n<meta property=\"article:modified_time\" content=\"2026-01-16T10:36:45+00:00\" \/>\n<meta property=\"og:image\" content=\"https:\/\/crochetts.com\/wp-content\/uploads\/2023\/06\/220302_1.jpg\" \/>\n\t<meta property=\"og:image:width\" content=\"601\" \/>\n\t<meta property=\"og:image:height\" content=\"900\" \/>\n\t<meta property=\"og:image:type\" content=\"image\/jpeg\" \/>\n<meta name=\"twitter:card\" content=\"summary_large_image\" \/>\n<meta name=\"twitter:label1\" content=\"Prix\" \/>\n\t<meta name=\"twitter:data1\" content=\"59,99&nbsp;&euro;\" \/>\n\t<meta name=\"twitter:label2\" content=\"Disponibilit\u00e9\" \/>\n\t<meta name=\"twitter:data2\" content=\"En stock\" \/>\n<script type=\"application\/ld+json\" class=\"yoast-schema-graph\">{\"@context\":\"https:\\\/\\\/schema.org\",\"@graph\":[{\"@type\":\"WebPage\",\"@id\":\"https:\\\/\\\/crochetts.com\\\/fr\\\/tienda\\\/couverture-de-voyage-en-forme-de-coussin-de-souris-85cm-x-140cm\\\/\",\"url\":\"https:\\\/\\\/crochetts.com\\\/fr\\\/tienda\\\/couverture-de-voyage-en-forme-de-coussin-de-souris-85cm-x-140cm\\\/\",\"name\":\"- Couverture de voyage en forme de coussin de souris (85cm x 140cm) - Crochetts% Crochetts%%.\",\"isPartOf\":{\"@id\":\"https:\\\/\\\/crochetts.com\\\/fr\\\/#website\"},\"primaryImageOfPage\":{\"@id\":\"https:\\\/\\\/crochetts.com\\\/fr\\\/tienda\\\/couverture-de-voyage-en-forme-de-coussin-de-souris-85cm-x-140cm\\\/#primaryimage\"},\"image\":{\"@id\":\"https:\\\/\\\/crochetts.com\\\/fr\\\/tienda\\\/couverture-de-voyage-en-forme-de-coussin-de-souris-85cm-x-140cm\\\/#primaryimage\"},\"thumbnailUrl\":\"https:\\\/\\\/crochetts.com\\\/wp-content\\\/uploads\\\/2023\\\/06\\\/220302_1.jpg\",\"datePublished\":\"2023-06-06T15:00:05+00:00\",\"dateModified\":\"2026-01-16T10:36:45+00:00\",\"description\":\"Notre collection de couvertures coussin de voyage a un design unique et fonctionnel, des couvertures coussin en forme de coussin parmi lesquelles vous pouvez choisir parmi diff\u00e9rents mod\u00e8les et tailles. \u00catre \u00e0 l'aise en voyage tout en gardant son style, c'est possible gr\u00e2ce \u00e0 la couverture de souris. Choisissez l'animal qui vous pla\u00eet le plus pour accompagner les petits dans leurs plus beaux r\u00eaves et voyages. C'est le meilleur choix pour un cadeau parfait ou pour organiser une escapade entre amis.\",\"breadcrumb\":{\"@id\":\"https:\\\/\\\/crochetts.com\\\/fr\\\/tienda\\\/couverture-de-voyage-en-forme-de-coussin-de-souris-85cm-x-140cm\\\/#breadcrumb\"},\"inLanguage\":\"fr-FR\",\"potentialAction\":[{\"@type\":\"ReadAction\",\"target\":[\"https:\\\/\\\/crochetts.com\\\/fr\\\/tienda\\\/couverture-de-voyage-en-forme-de-coussin-de-souris-85cm-x-140cm\\\/\"]}]},{\"@type\":\"ImageObject\",\"inLanguage\":\"fr-FR\",\"@id\":\"https:\\\/\\\/crochetts.com\\\/fr\\\/tienda\\\/couverture-de-voyage-en-forme-de-coussin-de-souris-85cm-x-140cm\\\/#primaryimage\",\"url\":\"https:\\\/\\\/crochetts.com\\\/wp-content\\\/uploads\\\/2023\\\/06\\\/220302_1.jpg\",\"contentUrl\":\"https:\\\/\\\/crochetts.com\\\/wp-content\\\/uploads\\\/2023\\\/06\\\/220302_1.jpg\",\"width\":601,\"height\":900},{\"@type\":\"BreadcrumbList\",\"@id\":\"https:\\\/\\\/crochetts.com\\\/fr\\\/tienda\\\/couverture-de-voyage-en-forme-de-coussin-de-souris-85cm-x-140cm\\\/#breadcrumb\",\"itemListElement\":[{\"@type\":\"ListItem\",\"position\":1,\"name\":\"Portada\",\"item\":\"https:\\\/\\\/crochetts.com\\\/fr\\\/accueil\\\/\"},{\"@type\":\"ListItem\",\"position\":2,\"name\":\"Boutique\",\"item\":\"https:\\\/\\\/crochetts.fr\\\/boutique\\\/\"},{\"@type\":\"ListItem\",\"position\":3,\"name\":\"Couverture de voyage en forme de coussin de souris (85cm x 140cm)\"}]},{\"@type\":\"WebSite\",\"@id\":\"https:\\\/\\\/crochetts.com\\\/fr\\\/#website\",\"url\":\"https:\\\/\\\/crochetts.com\\\/fr\\\/\",\"name\":\"Crochetts\",\"description\":\"ANIMALES DE CROCHET PARA JUGAR,DECORAR Y SO\u00d1AR\",\"publisher\":{\"@id\":\"https:\\\/\\\/crochetts.com\\\/fr\\\/#organization\"},\"potentialAction\":[{\"@type\":\"SearchAction\",\"target\":{\"@type\":\"EntryPoint\",\"urlTemplate\":\"https:\\\/\\\/crochetts.com\\\/fr\\\/?s={search_term_string}\"},\"query-input\":{\"@type\":\"PropertyValueSpecification\",\"valueRequired\":true,\"valueName\":\"search_term_string\"}}],\"inLanguage\":\"fr-FR\"},{\"@type\":\"Organization\",\"@id\":\"https:\\\/\\\/crochetts.com\\\/fr\\\/#organization\",\"name\":\"Crochets\",\"url\":\"https:\\\/\\\/crochetts.com\\\/fr\\\/\",\"logo\":{\"@type\":\"ImageObject\",\"inLanguage\":\"fr-FR\",\"@id\":\"https:\\\/\\\/crochetts.com\\\/fr\\\/#\\\/schema\\\/logo\\\/image\\\/\",\"url\":\"https:\\\/\\\/i2.wp.com\\\/crochetts.com\\\/wp-content\\\/uploads\\\/2021\\\/01\\\/Logo-Crochetts.jpg?fit=300%2C137&ssl=1\",\"contentUrl\":\"https:\\\/\\\/i2.wp.com\\\/crochetts.com\\\/wp-content\\\/uploads\\\/2021\\\/01\\\/Logo-Crochetts.jpg?fit=300%2C137&ssl=1\",\"width\":300,\"height\":137,\"caption\":\"Crochets\"},\"image\":{\"@id\":\"https:\\\/\\\/crochetts.com\\\/fr\\\/#\\\/schema\\\/logo\\\/image\\\/\"},\"sameAs\":[\"https:\\\/\\\/www.facebook.com\\\/Crochetts-101964178013493\",\"https:\\\/\\\/www.instagram.com\\\/crochetts_\\\/\"]}]}<\/script>\n<meta property=\"product:price:amount\" content=\"59.99\" \/>\n<meta property=\"product:price:currency\" content=\"EUR\" \/>\n<meta property=\"og:availability\" content=\"instock\" \/>\n<meta property=\"product:availability\" content=\"instock\" \/>\n<meta property=\"product:retailer_item_id\" content=\"220302\" \/>\n<meta property=\"product:condition\" content=\"new\" \/>\n<!-- \/ Yoast SEO Premium plugin. -->","yoast_head_json":{"title":"- Couverture de voyage en forme de coussin de souris (85cm x 140cm) - Crochetts% Crochetts%%.","description":"Notre collection de couvertures coussin de voyage a un design unique et fonctionnel, des couvertures coussin en forme de coussin parmi lesquelles vous pouvez choisir parmi diff\u00e9rents mod\u00e8les et tailles. \u00catre \u00e0 l'aise en voyage tout en gardant son style, c'est possible gr\u00e2ce \u00e0 la couverture de souris. Choisissez l'animal qui vous pla\u00eet le plus pour accompagner les petits dans leurs plus beaux r\u00eaves et voyages. C'est le meilleur choix pour un cadeau parfait ou pour organiser une escapade entre amis.","robots":{"index":"index","follow":"follow","max-snippet":"max-snippet:-1","max-image-preview":"max-image-preview:large","max-video-preview":"max-video-preview:-1"},"canonical":"https:\/\/crochetts.com\/fr\/tienda\/couverture-de-voyage-en-forme-de-coussin-de-souris-85cm-x-140cm\/","og_locale":"fr_FR","og_type":"article","og_title":"Couverture de voyage en forme de coussin de souris (85cm x 140cm)","og_description":"Notre couverture pour coussin de souris est fabriqu\u00e9e en velours c\u00f4tel\u00e9 et en tissu \u00e0 poils courts, tr\u00e8s doux au toucher. Elle est orn\u00e9e d'un appliqu\u00e9 en tissu solide, parfait pour \u00eatre accroch\u00e9 et pour voyager. Gr\u00e2ce \u00e0 sa fermeture \u00e9clair lat\u00e9rale, la couverture peut \u00eatre pli\u00e9e \u00e0 l'int\u00e9rieur pour former un adorable coussin en forme de souris. Un design unique et fonctionnel, parfait pour accompagner les petits dans leurs plus beaux r\u00eaves et voyages.   Dimensions : 85cm x 140cm. &nbsp;","og_url":"https:\/\/crochetts.com\/fr\/tienda\/couverture-de-voyage-en-forme-de-coussin-de-souris-85cm-x-140cm\/","og_site_name":"Crochetts","article_publisher":"https:\/\/www.facebook.com\/Crochetts-101964178013493","article_modified_time":"2026-01-16T10:36:45+00:00","og_image":[{"width":601,"height":900,"url":"https:\/\/crochetts.com\/wp-content\/uploads\/2023\/06\/220302_1.jpg","type":"image\/jpeg"}],"twitter_card":"summary_large_image","twitter_misc":{"Prix":"59,99&nbsp;&euro;","Disponibilit\u00e9":"En stock"},"schema":{"@context":"https:\/\/schema.org","@graph":[{"@type":"WebPage","@id":"https:\/\/crochetts.com\/fr\/tienda\/couverture-de-voyage-en-forme-de-coussin-de-souris-85cm-x-140cm\/","url":"https:\/\/crochetts.com\/fr\/tienda\/couverture-de-voyage-en-forme-de-coussin-de-souris-85cm-x-140cm\/","name":"- Couverture de voyage en forme de coussin de souris (85cm x 140cm) - Crochetts% Crochetts%%.","isPartOf":{"@id":"https:\/\/crochetts.com\/fr\/#website"},"primaryImageOfPage":{"@id":"https:\/\/crochetts.com\/fr\/tienda\/couverture-de-voyage-en-forme-de-coussin-de-souris-85cm-x-140cm\/#primaryimage"},"image":{"@id":"https:\/\/crochetts.com\/fr\/tienda\/couverture-de-voyage-en-forme-de-coussin-de-souris-85cm-x-140cm\/#primaryimage"},"thumbnailUrl":"https:\/\/crochetts.com\/wp-content\/uploads\/2023\/06\/220302_1.jpg","datePublished":"2023-06-06T15:00:05+00:00","dateModified":"2026-01-16T10:36:45+00:00","description":"Notre collection de couvertures coussin de voyage a un design unique et fonctionnel, des couvertures coussin en forme de coussin parmi lesquelles vous pouvez choisir parmi diff\u00e9rents mod\u00e8les et tailles. \u00catre \u00e0 l'aise en voyage tout en gardant son style, c'est possible gr\u00e2ce \u00e0 la couverture de souris. Choisissez l'animal qui vous pla\u00eet le plus pour accompagner les petits dans leurs plus beaux r\u00eaves et voyages. C'est le meilleur choix pour un cadeau parfait ou pour organiser une escapade entre amis.","breadcrumb":{"@id":"https:\/\/crochetts.com\/fr\/tienda\/couverture-de-voyage-en-forme-de-coussin-de-souris-85cm-x-140cm\/#breadcrumb"},"inLanguage":"fr-FR","potentialAction":[{"@type":"ReadAction","target":["https:\/\/crochetts.com\/fr\/tienda\/couverture-de-voyage-en-forme-de-coussin-de-souris-85cm-x-140cm\/"]}]},{"@type":"ImageObject","inLanguage":"fr-FR","@id":"https:\/\/crochetts.com\/fr\/tienda\/couverture-de-voyage-en-forme-de-coussin-de-souris-85cm-x-140cm\/#primaryimage","url":"https:\/\/crochetts.com\/wp-content\/uploads\/2023\/06\/220302_1.jpg","contentUrl":"https:\/\/crochetts.com\/wp-content\/uploads\/2023\/06\/220302_1.jpg","width":601,"height":900},{"@type":"BreadcrumbList","@id":"https:\/\/crochetts.com\/fr\/tienda\/couverture-de-voyage-en-forme-de-coussin-de-souris-85cm-x-140cm\/#breadcrumb","itemListElement":[{"@type":"ListItem","position":1,"name":"Portada","item":"https:\/\/crochetts.com\/fr\/accueil\/"},{"@type":"ListItem","position":2,"name":"Boutique","item":"https:\/\/crochetts.fr\/boutique\/"},{"@type":"ListItem","position":3,"name":"Couverture de voyage en forme de coussin de souris (85cm x 140cm)"}]},{"@type":"WebSite","@id":"https:\/\/crochetts.com\/fr\/#website","url":"https:\/\/crochetts.com\/fr\/","name":"Crochetts","description":"ANIMALES DE CROCHET PARA JUGAR,DECORAR Y SO\u00d1AR","publisher":{"@id":"https:\/\/crochetts.com\/fr\/#organization"},"potentialAction":[{"@type":"SearchAction","target":{"@type":"EntryPoint","urlTemplate":"https:\/\/crochetts.com\/fr\/?s={search_term_string}"},"query-input":{"@type":"PropertyValueSpecification","valueRequired":true,"valueName":"search_term_string"}}],"inLanguage":"fr-FR"},{"@type":"Organization","@id":"https:\/\/crochetts.com\/fr\/#organization","name":"Crochets","url":"https:\/\/crochetts.com\/fr\/","logo":{"@type":"ImageObject","inLanguage":"fr-FR","@id":"https:\/\/crochetts.com\/fr\/#\/schema\/logo\/image\/","url":"https:\/\/i2.wp.com\/crochetts.com\/wp-content\/uploads\/2021\/01\/Logo-Crochetts.jpg?fit=300%2C137&ssl=1","contentUrl":"https:\/\/i2.wp.com\/crochetts.com\/wp-content\/uploads\/2021\/01\/Logo-Crochetts.jpg?fit=300%2C137&ssl=1","width":300,"height":137,"caption":"Crochets"},"image":{"@id":"https:\/\/crochetts.com\/fr\/#\/schema\/logo\/image\/"},"sameAs":["https:\/\/www.facebook.com\/Crochetts-101964178013493","https:\/\/www.instagram.com\/crochetts_\/"]}]},"product_price_amount":"59.99","product_price_currency":"EUR","og_availability":"instock","product_availability":"instock","product_retailer_item_id":"220302","product_condition":"new"},"_links":{"self":[{"href":"https:\/\/crochetts.com\/fr\/wp-json\/wp\/v2\/product\/23950","targetHints":{"allow":["GET"]}}],"collection":[{"href":"https:\/\/crochetts.com\/fr\/wp-json\/wp\/v2\/product"}],"about":[{"href":"https:\/\/crochetts.com\/fr\/wp-json\/wp\/v2\/types\/product"}],"wp:featuredmedia":[{"embeddable":true,"href":"https:\/\/crochetts.com\/fr\/wp-json\/wp\/v2\/media\/23952"}],"wp:attachment":[{"href":"https:\/\/crochetts.com\/fr\/wp-json\/wp\/v2\/media?parent=23950"}],"wp:term":[{"taxonomy":"product_brand","embeddable":true,"href":"https:\/\/crochetts.com\/fr\/wp-json\/wp\/v2\/product_brand?post=23950"},{"taxonomy":"product_cat","embeddable":true,"href":"https:\/\/crochetts.com\/fr\/wp-json\/wp\/v2\/product_cat?post=23950"},{"taxonomy":"product_tag","embeddable":true,"href":"https:\/\/crochetts.com\/fr\/wp-json\/wp\/v2\/product_tag?post=23950"}],"curies":[{"name":"wp","href":"https:\/\/api.w.org\/{rel}","templated":true}]}}