{"id":23913,"date":"2023-06-13T16:28:03","date_gmt":"2023-06-13T15:28:03","guid":{"rendered":"https:\/\/crochetts.com\/tienda\/peluche-maxi-pieuvre-pol\/"},"modified":"2025-11-21T14:22:44","modified_gmt":"2025-11-21T13:22:44","slug":"peluche-maxi-pieuvre-pol","status":"publish","type":"product","link":"https:\/\/crochetts.com\/fr\/tienda\/peluche-maxi-pieuvre-pol\/","title":{"rendered":"PELUCHE MAXI PIEUVRE POL"},"content":{"rendered":"<div style=\"text-align: justify;\">\n<p>Notre <strong>collection oc\u00e9an<\/strong> a un <strong>design exclusif<\/strong>, ce sont des animaux au toucher tr\u00e8s doux qui ont \u00e9t\u00e9 con\u00e7us selon le concept<strong> DECO-PLAY,<\/strong>afin qu&rsquo;ils puissent \u00eatre utilis\u00e9s pour<strong> jouer et d\u00e9corer <\/strong><strong> les chambres<\/strong> des petits \u00e0 la maison. <strong>Ils sont munis d&rsquo;un crochet<\/strong> au dos, <strong>fabriqu\u00e9 dans le m\u00eame tissu<\/strong><strong>, qui permet de les accrocher au mur. <\/strong>Vous pouvez \u00e9galement les utiliser pour d\u00e9corer le lit.<\/p>\n<\/div>\n<p>Choisissez l&rsquo;animal qui vous pla\u00eet le plus pour l&rsquo;accompagner dans une ambiance calme et chaleureuse<strong>.<\/strong> Un cadeau unique et tr\u00e8s sp\u00e9cial qui surprendra petits et grands.<\/p>\n<p>&nbsp;<\/p>\n<p>&nbsp;<\/p>\n<p>&nbsp;<\/p>\n","protected":false},"excerpt":{"rendered":"<p>Notre <strong>pieuvre bleu pastel<\/strong> est fabriqu\u00e9e en <strong>tissu \u00e9ponge<\/strong> doux <strong>et en velours<\/strong> sur le bas des pattes. Elle poss\u00e8de <g id=\"gid_2\">un appliqu\u00e9 du m\u00eame tissu au dos afin de pouvoir \u00eatre suspendue pour d\u00e9corer les murs des chambres d&rsquo;enfants<\/g>. Il peut \u00e9galement \u00eatre utilis\u00e9 pour <strong>d\u00e9corer les lits ou comme peluche<\/strong>. Il a un design amusant, une grosse t\u00eate et de nombreuses pattes. Un \u00e9l\u00e9ment<strong> DECO WALL<\/strong> unique con\u00e7u pour donner une touche sp\u00e9ciale aux chambres d&rsquo;enfants.    <\/p>\n<p><strong>Dimensions :<\/strong> 29cm x 83cm.<\/p>\n<p>&nbsp;<\/p>\n","protected":false},"featured_media":23914,"template":"","meta":{"_acf_changed":false,"_joinchat":[]},"product_brand":[],"product_cat":[4816,5910],"product_tag":[4824,5422,5380,4823,5421,5959,5958],"class_list":{"0":"post-23913","1":"product","2":"type-product","3":"status-publish","4":"has-post-thumbnail","6":"product_cat-amigurumis-maxi","7":"product_cat-teddies-ocean","8":"product_tag-animal-en-peluche-geant","9":"product_tag-decokids","10":"product_tag-decoration","11":"product_tag-geante-teddy-bear","12":"product_tag-nounours","13":"product_tag-pieuvre-geante","14":"product_tag-poulpe-farci","15":"entry","17":"first","18":"instock","19":"featured","20":"taxable","21":"shipping-taxable","22":"purchasable","23":"product-type-simple"},"acf":[],"yoast_head":"<!-- This site is optimized with the Yoast SEO Premium plugin v26.1 (Yoast SEO v27.3) - https:\/\/yoast.com\/product\/yoast-seo-premium-wordpress\/ -->\n<title>- PELUCHE MAXI PIEUVRE POL - Crochetts% Crochetts%%.<\/title>\n<meta name=\"description\" content=\"Notre pieuvre bleu pastel est fabriqu\u00e9e en tissu \u00e9ponge doux et en velours sur le bas des pattes. Elle est dot\u00e9e d&#039;une applique du m\u00eame tissu au dos, ce qui permet de la suspendre pour d\u00e9corer les murs des chambres d&#039;enfants. Il peut \u00e9galement \u00eatre utilis\u00e9 pour d\u00e9corer les lits ou comme peluche. Il a un design amusant, une grosse t\u00eate et de nombreuses pattes. Un \u00e9l\u00e9ment DECO WALL unique con\u00e7u pour donner une touche sp\u00e9ciale aux chambres d&#039;enfants.\" \/>\n<meta name=\"robots\" content=\"index, follow, max-snippet:-1, max-image-preview:large, max-video-preview:-1\" \/>\n<link rel=\"canonical\" href=\"https:\/\/crochetts.com\/fr\/tienda\/peluche-maxi-pieuvre-pol\/\" \/>\n<meta property=\"og:locale\" content=\"fr_FR\" \/>\n<meta property=\"og:type\" content=\"article\" \/>\n<meta property=\"og:title\" content=\"PELUCHE MAXI PIEUVRE POL\" \/>\n<meta property=\"og:description\" content=\"Notre pieuvre bleu pastel est fabriqu\u00e9e en tissu \u00e9ponge doux et en velours sur le bas des pattes. Elle poss\u00e8de un appliqu\u00e9 du m\u00eame tissu au dos afin de pouvoir \u00eatre suspendue pour d\u00e9corer les murs des chambres d&#039;enfants. Il peut \u00e9galement \u00eatre utilis\u00e9 pour d\u00e9corer les lits ou comme peluche. Il a un design amusant, une grosse t\u00eate et de nombreuses pattes. Un \u00e9l\u00e9ment DECO WALL unique con\u00e7u pour donner une touche sp\u00e9ciale aux chambres d&#039;enfants.   Dimensions : 29cm x 83cm. &nbsp;\" \/>\n<meta property=\"og:url\" content=\"https:\/\/crochetts.com\/fr\/tienda\/peluche-maxi-pieuvre-pol\/\" \/>\n<meta property=\"og:site_name\" content=\"Crochetts\" \/>\n<meta property=\"article:publisher\" content=\"https:\/\/www.facebook.com\/Crochetts-101964178013493\" \/>\n<meta property=\"article:modified_time\" content=\"2025-11-21T13:22:44+00:00\" \/>\n<meta property=\"og:image\" content=\"https:\/\/crochetts.com\/wp-content\/uploads\/2023\/06\/4019_1.jpg\" \/>\n\t<meta property=\"og:image:width\" content=\"601\" \/>\n\t<meta property=\"og:image:height\" content=\"900\" \/>\n\t<meta property=\"og:image:type\" content=\"image\/jpeg\" \/>\n<meta name=\"twitter:card\" content=\"summary_large_image\" \/>\n<meta name=\"twitter:label1\" content=\"Prix\" \/>\n\t<meta name=\"twitter:data1\" content=\"82,99&nbsp;&euro;\" \/>\n\t<meta name=\"twitter:label2\" content=\"Disponibilit\u00e9\" \/>\n\t<meta name=\"twitter:data2\" content=\"En stock\" \/>\n<script type=\"application\/ld+json\" class=\"yoast-schema-graph\">{\"@context\":\"https:\\\/\\\/schema.org\",\"@graph\":[{\"@type\":\"WebPage\",\"@id\":\"https:\\\/\\\/crochetts.com\\\/fr\\\/tienda\\\/peluche-maxi-pieuvre-pol\\\/\",\"url\":\"https:\\\/\\\/crochetts.com\\\/fr\\\/tienda\\\/peluche-maxi-pieuvre-pol\\\/\",\"name\":\"- PELUCHE MAXI PIEUVRE POL - Crochetts% Crochetts%%.\",\"isPartOf\":{\"@id\":\"https:\\\/\\\/crochetts.com\\\/fr\\\/#website\"},\"primaryImageOfPage\":{\"@id\":\"https:\\\/\\\/crochetts.com\\\/fr\\\/tienda\\\/peluche-maxi-pieuvre-pol\\\/#primaryimage\"},\"image\":{\"@id\":\"https:\\\/\\\/crochetts.com\\\/fr\\\/tienda\\\/peluche-maxi-pieuvre-pol\\\/#primaryimage\"},\"thumbnailUrl\":\"https:\\\/\\\/crochetts.com\\\/wp-content\\\/uploads\\\/2023\\\/06\\\/4019_1.jpg\",\"datePublished\":\"2023-06-13T15:28:03+00:00\",\"dateModified\":\"2025-11-21T13:22:44+00:00\",\"description\":\"Notre pieuvre bleu pastel est fabriqu\u00e9e en tissu \u00e9ponge doux et en velours sur le bas des pattes. Elle est dot\u00e9e d'une applique du m\u00eame tissu au dos, ce qui permet de la suspendre pour d\u00e9corer les murs des chambres d'enfants. Il peut \u00e9galement \u00eatre utilis\u00e9 pour d\u00e9corer les lits ou comme peluche. Il a un design amusant, une grosse t\u00eate et de nombreuses pattes. Un \u00e9l\u00e9ment DECO WALL unique con\u00e7u pour donner une touche sp\u00e9ciale aux chambres d'enfants.\",\"breadcrumb\":{\"@id\":\"https:\\\/\\\/crochetts.com\\\/fr\\\/tienda\\\/peluche-maxi-pieuvre-pol\\\/#breadcrumb\"},\"inLanguage\":\"fr-FR\",\"potentialAction\":[{\"@type\":\"ReadAction\",\"target\":[\"https:\\\/\\\/crochetts.com\\\/fr\\\/tienda\\\/peluche-maxi-pieuvre-pol\\\/\"]}]},{\"@type\":\"ImageObject\",\"inLanguage\":\"fr-FR\",\"@id\":\"https:\\\/\\\/crochetts.com\\\/fr\\\/tienda\\\/peluche-maxi-pieuvre-pol\\\/#primaryimage\",\"url\":\"https:\\\/\\\/crochetts.com\\\/wp-content\\\/uploads\\\/2023\\\/06\\\/4019_1.jpg\",\"contentUrl\":\"https:\\\/\\\/crochetts.com\\\/wp-content\\\/uploads\\\/2023\\\/06\\\/4019_1.jpg\",\"width\":601,\"height\":900},{\"@type\":\"BreadcrumbList\",\"@id\":\"https:\\\/\\\/crochetts.com\\\/fr\\\/tienda\\\/peluche-maxi-pieuvre-pol\\\/#breadcrumb\",\"itemListElement\":[{\"@type\":\"ListItem\",\"position\":1,\"name\":\"Portada\",\"item\":\"https:\\\/\\\/crochetts.com\\\/fr\\\/accueil\\\/\"},{\"@type\":\"ListItem\",\"position\":2,\"name\":\"Boutique\",\"item\":\"https:\\\/\\\/crochetts.fr\\\/boutique\\\/\"},{\"@type\":\"ListItem\",\"position\":3,\"name\":\"PELUCHE MAXI PIEUVRE POL\"}]},{\"@type\":\"WebSite\",\"@id\":\"https:\\\/\\\/crochetts.com\\\/fr\\\/#website\",\"url\":\"https:\\\/\\\/crochetts.com\\\/fr\\\/\",\"name\":\"Crochetts\",\"description\":\"ANIMALES DE CROCHET PARA JUGAR,DECORAR Y SO\u00d1AR\",\"publisher\":{\"@id\":\"https:\\\/\\\/crochetts.com\\\/fr\\\/#organization\"},\"potentialAction\":[{\"@type\":\"SearchAction\",\"target\":{\"@type\":\"EntryPoint\",\"urlTemplate\":\"https:\\\/\\\/crochetts.com\\\/fr\\\/?s={search_term_string}\"},\"query-input\":{\"@type\":\"PropertyValueSpecification\",\"valueRequired\":true,\"valueName\":\"search_term_string\"}}],\"inLanguage\":\"fr-FR\"},{\"@type\":\"Organization\",\"@id\":\"https:\\\/\\\/crochetts.com\\\/fr\\\/#organization\",\"name\":\"Crochets\",\"url\":\"https:\\\/\\\/crochetts.com\\\/fr\\\/\",\"logo\":{\"@type\":\"ImageObject\",\"inLanguage\":\"fr-FR\",\"@id\":\"https:\\\/\\\/crochetts.com\\\/fr\\\/#\\\/schema\\\/logo\\\/image\\\/\",\"url\":\"https:\\\/\\\/i2.wp.com\\\/crochetts.com\\\/wp-content\\\/uploads\\\/2021\\\/01\\\/Logo-Crochetts.jpg?fit=300%2C137&ssl=1\",\"contentUrl\":\"https:\\\/\\\/i2.wp.com\\\/crochetts.com\\\/wp-content\\\/uploads\\\/2021\\\/01\\\/Logo-Crochetts.jpg?fit=300%2C137&ssl=1\",\"width\":300,\"height\":137,\"caption\":\"Crochets\"},\"image\":{\"@id\":\"https:\\\/\\\/crochetts.com\\\/fr\\\/#\\\/schema\\\/logo\\\/image\\\/\"},\"sameAs\":[\"https:\\\/\\\/www.facebook.com\\\/Crochetts-101964178013493\",\"https:\\\/\\\/www.instagram.com\\\/crochetts_\\\/\"]}]}<\/script>\n<meta property=\"product:price:amount\" content=\"82.99\" \/>\n<meta property=\"product:price:currency\" content=\"EUR\" \/>\n<meta property=\"og:availability\" content=\"instock\" \/>\n<meta property=\"product:availability\" content=\"instock\" \/>\n<meta property=\"product:retailer_item_id\" content=\"4019\" \/>\n<meta property=\"product:condition\" content=\"new\" \/>\n<!-- \/ Yoast SEO Premium plugin. -->","yoast_head_json":{"title":"- PELUCHE MAXI PIEUVRE POL - Crochetts% Crochetts%%.","description":"Notre pieuvre bleu pastel est fabriqu\u00e9e en tissu \u00e9ponge doux et en velours sur le bas des pattes. Elle est dot\u00e9e d'une applique du m\u00eame tissu au dos, ce qui permet de la suspendre pour d\u00e9corer les murs des chambres d'enfants. Il peut \u00e9galement \u00eatre utilis\u00e9 pour d\u00e9corer les lits ou comme peluche. Il a un design amusant, une grosse t\u00eate et de nombreuses pattes. Un \u00e9l\u00e9ment DECO WALL unique con\u00e7u pour donner une touche sp\u00e9ciale aux chambres d'enfants.","robots":{"index":"index","follow":"follow","max-snippet":"max-snippet:-1","max-image-preview":"max-image-preview:large","max-video-preview":"max-video-preview:-1"},"canonical":"https:\/\/crochetts.com\/fr\/tienda\/peluche-maxi-pieuvre-pol\/","og_locale":"fr_FR","og_type":"article","og_title":"PELUCHE MAXI PIEUVRE POL","og_description":"Notre pieuvre bleu pastel est fabriqu\u00e9e en tissu \u00e9ponge doux et en velours sur le bas des pattes. Elle poss\u00e8de un appliqu\u00e9 du m\u00eame tissu au dos afin de pouvoir \u00eatre suspendue pour d\u00e9corer les murs des chambres d'enfants. Il peut \u00e9galement \u00eatre utilis\u00e9 pour d\u00e9corer les lits ou comme peluche. Il a un design amusant, une grosse t\u00eate et de nombreuses pattes. Un \u00e9l\u00e9ment DECO WALL unique con\u00e7u pour donner une touche sp\u00e9ciale aux chambres d'enfants.   Dimensions : 29cm x 83cm. &nbsp;","og_url":"https:\/\/crochetts.com\/fr\/tienda\/peluche-maxi-pieuvre-pol\/","og_site_name":"Crochetts","article_publisher":"https:\/\/www.facebook.com\/Crochetts-101964178013493","article_modified_time":"2025-11-21T13:22:44+00:00","og_image":[{"width":601,"height":900,"url":"https:\/\/crochetts.com\/wp-content\/uploads\/2023\/06\/4019_1.jpg","type":"image\/jpeg"}],"twitter_card":"summary_large_image","twitter_misc":{"Prix":"82,99&nbsp;&euro;","Disponibilit\u00e9":"En stock"},"schema":{"@context":"https:\/\/schema.org","@graph":[{"@type":"WebPage","@id":"https:\/\/crochetts.com\/fr\/tienda\/peluche-maxi-pieuvre-pol\/","url":"https:\/\/crochetts.com\/fr\/tienda\/peluche-maxi-pieuvre-pol\/","name":"- PELUCHE MAXI PIEUVRE POL - Crochetts% Crochetts%%.","isPartOf":{"@id":"https:\/\/crochetts.com\/fr\/#website"},"primaryImageOfPage":{"@id":"https:\/\/crochetts.com\/fr\/tienda\/peluche-maxi-pieuvre-pol\/#primaryimage"},"image":{"@id":"https:\/\/crochetts.com\/fr\/tienda\/peluche-maxi-pieuvre-pol\/#primaryimage"},"thumbnailUrl":"https:\/\/crochetts.com\/wp-content\/uploads\/2023\/06\/4019_1.jpg","datePublished":"2023-06-13T15:28:03+00:00","dateModified":"2025-11-21T13:22:44+00:00","description":"Notre pieuvre bleu pastel est fabriqu\u00e9e en tissu \u00e9ponge doux et en velours sur le bas des pattes. Elle est dot\u00e9e d'une applique du m\u00eame tissu au dos, ce qui permet de la suspendre pour d\u00e9corer les murs des chambres d'enfants. Il peut \u00e9galement \u00eatre utilis\u00e9 pour d\u00e9corer les lits ou comme peluche. Il a un design amusant, une grosse t\u00eate et de nombreuses pattes. Un \u00e9l\u00e9ment DECO WALL unique con\u00e7u pour donner une touche sp\u00e9ciale aux chambres d'enfants.","breadcrumb":{"@id":"https:\/\/crochetts.com\/fr\/tienda\/peluche-maxi-pieuvre-pol\/#breadcrumb"},"inLanguage":"fr-FR","potentialAction":[{"@type":"ReadAction","target":["https:\/\/crochetts.com\/fr\/tienda\/peluche-maxi-pieuvre-pol\/"]}]},{"@type":"ImageObject","inLanguage":"fr-FR","@id":"https:\/\/crochetts.com\/fr\/tienda\/peluche-maxi-pieuvre-pol\/#primaryimage","url":"https:\/\/crochetts.com\/wp-content\/uploads\/2023\/06\/4019_1.jpg","contentUrl":"https:\/\/crochetts.com\/wp-content\/uploads\/2023\/06\/4019_1.jpg","width":601,"height":900},{"@type":"BreadcrumbList","@id":"https:\/\/crochetts.com\/fr\/tienda\/peluche-maxi-pieuvre-pol\/#breadcrumb","itemListElement":[{"@type":"ListItem","position":1,"name":"Portada","item":"https:\/\/crochetts.com\/fr\/accueil\/"},{"@type":"ListItem","position":2,"name":"Boutique","item":"https:\/\/crochetts.fr\/boutique\/"},{"@type":"ListItem","position":3,"name":"PELUCHE MAXI PIEUVRE POL"}]},{"@type":"WebSite","@id":"https:\/\/crochetts.com\/fr\/#website","url":"https:\/\/crochetts.com\/fr\/","name":"Crochetts","description":"ANIMALES DE CROCHET PARA JUGAR,DECORAR Y SO\u00d1AR","publisher":{"@id":"https:\/\/crochetts.com\/fr\/#organization"},"potentialAction":[{"@type":"SearchAction","target":{"@type":"EntryPoint","urlTemplate":"https:\/\/crochetts.com\/fr\/?s={search_term_string}"},"query-input":{"@type":"PropertyValueSpecification","valueRequired":true,"valueName":"search_term_string"}}],"inLanguage":"fr-FR"},{"@type":"Organization","@id":"https:\/\/crochetts.com\/fr\/#organization","name":"Crochets","url":"https:\/\/crochetts.com\/fr\/","logo":{"@type":"ImageObject","inLanguage":"fr-FR","@id":"https:\/\/crochetts.com\/fr\/#\/schema\/logo\/image\/","url":"https:\/\/i2.wp.com\/crochetts.com\/wp-content\/uploads\/2021\/01\/Logo-Crochetts.jpg?fit=300%2C137&ssl=1","contentUrl":"https:\/\/i2.wp.com\/crochetts.com\/wp-content\/uploads\/2021\/01\/Logo-Crochetts.jpg?fit=300%2C137&ssl=1","width":300,"height":137,"caption":"Crochets"},"image":{"@id":"https:\/\/crochetts.com\/fr\/#\/schema\/logo\/image\/"},"sameAs":["https:\/\/www.facebook.com\/Crochetts-101964178013493","https:\/\/www.instagram.com\/crochetts_\/"]}]},"product_price_amount":"82.99","product_price_currency":"EUR","og_availability":"instock","product_availability":"instock","product_retailer_item_id":"4019","product_condition":"new"},"_links":{"self":[{"href":"https:\/\/crochetts.com\/fr\/wp-json\/wp\/v2\/product\/23913","targetHints":{"allow":["GET"]}}],"collection":[{"href":"https:\/\/crochetts.com\/fr\/wp-json\/wp\/v2\/product"}],"about":[{"href":"https:\/\/crochetts.com\/fr\/wp-json\/wp\/v2\/types\/product"}],"wp:featuredmedia":[{"embeddable":true,"href":"https:\/\/crochetts.com\/fr\/wp-json\/wp\/v2\/media\/23914"}],"wp:attachment":[{"href":"https:\/\/crochetts.com\/fr\/wp-json\/wp\/v2\/media?parent=23913"}],"wp:term":[{"taxonomy":"product_brand","embeddable":true,"href":"https:\/\/crochetts.com\/fr\/wp-json\/wp\/v2\/product_brand?post=23913"},{"taxonomy":"product_cat","embeddable":true,"href":"https:\/\/crochetts.com\/fr\/wp-json\/wp\/v2\/product_cat?post=23913"},{"taxonomy":"product_tag","embeddable":true,"href":"https:\/\/crochetts.com\/fr\/wp-json\/wp\/v2\/product_tag?post=23913"}],"curies":[{"name":"wp","href":"https:\/\/api.w.org\/{rel}","templated":true}]}}