{"id":23899,"date":"2023-06-22T14:30:00","date_gmt":"2023-06-22T13:30:00","guid":{"rendered":"https:\/\/crochetts.com\/tienda\/doudou-coussin-poisson-beluga-beige\/"},"modified":"2025-11-21T14:20:40","modified_gmt":"2025-11-21T13:20:40","slug":"doudou-coussin-poisson-beluga-beige","status":"publish","type":"product","link":"https:\/\/crochetts.com\/fr\/tienda\/doudou-coussin-poisson-beluga-beige\/","title":{"rendered":"DOUDOU - COUSSIN POISSON BELUGA BEIGE"},"content":{"rendered":"<div style=\"text-align: justify;\">\n<div style=\"text-align: justify;\">\n<p>Notre <strong>collection oc\u00e9an<\/strong> a un <strong>design exclusif<\/strong>, il s&rsquo;agit d&rsquo;animaux aquatiques au toucher tr\u00e8s doux qui ont \u00e9t\u00e9 con\u00e7us selon le concept<strong> DECO-PLAY,<\/strong> ils <strong>peuvent <\/strong> donc <strong>\u00eatre utilis\u00e9s pour jouer et d\u00e9corer <\/strong><strong> les chambres<\/strong> des petits de la maison. <strong>Notre b\u00e9luga est muni de 2 crochets du m\u00eame tissu en<\/strong> haut <strong>pour l&rsquo;accrocher au mur. <\/strong>Vous pouvez \u00e9galement l&rsquo;utiliser pour d\u00e9corer le lit ou comme coussin confortable.<\/p>\n<\/div>\n<p>Choisissez l&rsquo;animal qui vous pla\u00eet le plus pour l&rsquo;accompagner dans une ambiance calme et chaleureuse <strong>.<\/strong> Un cadeau unique et tr\u00e8s sp\u00e9cial qui surprendra petits et grands.  <strong>ont une cloche \u00e0 l&rsquo;int\u00e9rieur qui sonne lorsque les petits la secouent et font un son.<\/strong><\/p>\n<\/div>\n<p>&nbsp;<\/p>\n<p>&nbsp;<\/p>\n<p>&nbsp;<\/p>\n","protected":false},"excerpt":{"rendered":"<p>Notre poisson <strong>b\u00e9luga beige<\/strong> est fabriqu\u00e9 en <strong>tissu \u00e9ponge<\/strong> doux et en velours sur le fond. Il est dot\u00e9 d&rsquo;un <strong>grelot<\/strong> \u00e0 l&rsquo;int\u00e9rieur du corps et de <strong>deux appliqu\u00e9s <\/strong>sur la partie sup\u00e9rieure du m\u00eame tissu, de sorte qu&rsquo;il peut \u00eatre <strong>suspendu <\/strong>pour d\u00e9corer les<strong> murs <\/strong>des chambres d&rsquo;enfants. Il<strong> peut<\/strong> \u00e9galement<strong> \u00eatre utilis\u00e9 comme coussin pour<\/strong><strong> d\u00e9corer les lits<\/strong> ou comme peluche.  <\/p>\n<p>Il a un <strong>design<\/strong> amusant <strong>en forme de poisson, avec de<\/strong> grandes nageoires et une queue.<\/p>\n<p>Un \u00e9l\u00e9ment <strong>mural d\u00e9co<\/strong> unique con\u00e7u pour donner une touche sp\u00e9ciale aux chambres d&rsquo;enfants.<\/p>\n<p><strong>Lavage<\/strong> \u00e0 la main ou en machine.<\/p>\n<p><strong>Dimensions :<\/strong><\/p>\n<p>28cm x 12cm x 75cm.<\/p>\n","protected":false},"featured_media":23906,"template":"","meta":{"_acf_changed":false,"_joinchat":[]},"product_brand":[],"product_cat":[5953,5910],"product_tag":[5912,5955,5954,5956,5422,5380,5911,5421],"class_list":{"0":"post-23899","1":"product","2":"type-product","3":"status-publish","4":"has-post-thumbnail","6":"product_cat-cushions","7":"product_cat-teddies-ocean","8":"product_tag-beluga-en-peluche","9":"product_tag-coussin-animalier","10":"product_tag-coussin-original","11":"product_tag-coussin-pour-enfants","12":"product_tag-decokids","13":"product_tag-decoration","14":"product_tag-mur","15":"product_tag-nounours","16":"entry","18":"first","19":"instock","20":"featured","21":"taxable","22":"shipping-taxable","23":"purchasable","24":"product-type-simple"},"acf":[],"yoast_head":"<!-- This site is optimized with the Yoast SEO Premium plugin v26.1 (Yoast SEO v27.3) - https:\/\/yoast.com\/product\/yoast-seo-premium-wordpress\/ -->\n<title>- DOUDOU - COUSSIN POISSON BELUGA BEIGE - Crochetts% Crochetts%%.<\/title>\n<meta name=\"description\" content=\"Notre b\u00e9luga beige est fabriqu\u00e9 en tissu \u00e9ponge doux et en velours sur le dessous. Il est dot\u00e9 d&#039;un grelot \u00e0 l&#039;int\u00e9rieur du corps et de deux appliqu\u00e9s sur la partie sup\u00e9rieure du m\u00eame tissu, de sorte qu&#039;il peut \u00eatre suspendu pour d\u00e9corer les murs des chambres d&#039;enfants. Il peut \u00e9galement \u00eatre utilis\u00e9 pour d\u00e9corer les lits, comme coussin d\u00e9coratif ou comme peluche. Il a un design amusant en forme de b\u00e9luga, avec deux nageoires et une queue aquatique amusante. Un \u00e9l\u00e9ment mural d\u00e9co unique con\u00e7u pour jouer et donner une touche sp\u00e9ciale aux chambres d&#039;enfants. Dimensions : 29cm x 84cm.\" \/>\n<meta name=\"robots\" content=\"index, follow, max-snippet:-1, max-image-preview:large, max-video-preview:-1\" \/>\n<link rel=\"canonical\" href=\"https:\/\/crochetts.com\/fr\/tienda\/doudou-coussin-poisson-beluga-beige\/\" \/>\n<meta property=\"og:locale\" content=\"fr_FR\" \/>\n<meta property=\"og:type\" content=\"article\" \/>\n<meta property=\"og:title\" content=\"DOUDOU - COUSSIN POISSON BELUGA BEIGE\" \/>\n<meta property=\"og:description\" content=\"Notre poisson b\u00e9luga beige est fabriqu\u00e9 en tissu \u00e9ponge doux et en velours sur le fond. Il est dot\u00e9 d&#039;un grelot \u00e0 l&#039;int\u00e9rieur du corps et de deux appliqu\u00e9s sur la partie sup\u00e9rieure du m\u00eame tissu, de sorte qu&#039;il peut \u00eatre suspendu pour d\u00e9corer les murs des chambres d&#039;enfants. Il peut \u00e9galement \u00eatre utilis\u00e9 comme coussin pour d\u00e9corer les lits ou comme peluche.  Il a un design amusant en forme de poisson, avec de grandes nageoires et une queue. Un \u00e9l\u00e9ment mural d\u00e9co unique con\u00e7u pour donner une touche sp\u00e9ciale aux chambres d&#039;enfants. Lavage \u00e0 la main ou en machine. Dimensions : 28cm x 12cm x 75cm.\" \/>\n<meta property=\"og:url\" content=\"https:\/\/crochetts.com\/fr\/tienda\/doudou-coussin-poisson-beluga-beige\/\" \/>\n<meta property=\"og:site_name\" content=\"Crochetts\" \/>\n<meta property=\"article:publisher\" content=\"https:\/\/www.facebook.com\/Crochetts-101964178013493\" \/>\n<meta property=\"article:modified_time\" content=\"2025-11-21T13:20:40+00:00\" \/>\n<meta property=\"og:image\" content=\"https:\/\/crochetts.com\/wp-content\/uploads\/2023\/06\/4006_1.jpg\" \/>\n\t<meta property=\"og:image:width\" content=\"601\" \/>\n\t<meta property=\"og:image:height\" content=\"900\" \/>\n\t<meta property=\"og:image:type\" content=\"image\/jpeg\" \/>\n<meta name=\"twitter:card\" content=\"summary_large_image\" \/>\n<meta name=\"twitter:label1\" content=\"Prix\" \/>\n\t<meta name=\"twitter:data1\" content=\"58,00&nbsp;&euro;\" \/>\n\t<meta name=\"twitter:label2\" content=\"Disponibilit\u00e9\" \/>\n\t<meta name=\"twitter:data2\" content=\"En stock\" \/>\n<script type=\"application\/ld+json\" class=\"yoast-schema-graph\">{\"@context\":\"https:\\\/\\\/schema.org\",\"@graph\":[{\"@type\":\"WebPage\",\"@id\":\"https:\\\/\\\/crochetts.com\\\/fr\\\/tienda\\\/doudou-coussin-poisson-beluga-beige\\\/\",\"url\":\"https:\\\/\\\/crochetts.com\\\/fr\\\/tienda\\\/doudou-coussin-poisson-beluga-beige\\\/\",\"name\":\"- DOUDOU - COUSSIN POISSON BELUGA BEIGE - Crochetts% Crochetts%%.\",\"isPartOf\":{\"@id\":\"https:\\\/\\\/crochetts.com\\\/fr\\\/#website\"},\"primaryImageOfPage\":{\"@id\":\"https:\\\/\\\/crochetts.com\\\/fr\\\/tienda\\\/doudou-coussin-poisson-beluga-beige\\\/#primaryimage\"},\"image\":{\"@id\":\"https:\\\/\\\/crochetts.com\\\/fr\\\/tienda\\\/doudou-coussin-poisson-beluga-beige\\\/#primaryimage\"},\"thumbnailUrl\":\"https:\\\/\\\/crochetts.com\\\/wp-content\\\/uploads\\\/2023\\\/06\\\/4006_1.jpg\",\"datePublished\":\"2023-06-22T13:30:00+00:00\",\"dateModified\":\"2025-11-21T13:20:40+00:00\",\"description\":\"Notre b\u00e9luga beige est fabriqu\u00e9 en tissu \u00e9ponge doux et en velours sur le dessous. Il est dot\u00e9 d'un grelot \u00e0 l'int\u00e9rieur du corps et de deux appliqu\u00e9s sur la partie sup\u00e9rieure du m\u00eame tissu, de sorte qu'il peut \u00eatre suspendu pour d\u00e9corer les murs des chambres d'enfants. Il peut \u00e9galement \u00eatre utilis\u00e9 pour d\u00e9corer les lits, comme coussin d\u00e9coratif ou comme peluche. Il a un design amusant en forme de b\u00e9luga, avec deux nageoires et une queue aquatique amusante. Un \u00e9l\u00e9ment mural d\u00e9co unique con\u00e7u pour jouer et donner une touche sp\u00e9ciale aux chambres d'enfants. Dimensions : 29cm x 84cm.\",\"breadcrumb\":{\"@id\":\"https:\\\/\\\/crochetts.com\\\/fr\\\/tienda\\\/doudou-coussin-poisson-beluga-beige\\\/#breadcrumb\"},\"inLanguage\":\"fr-FR\",\"potentialAction\":[{\"@type\":\"ReadAction\",\"target\":[\"https:\\\/\\\/crochetts.com\\\/fr\\\/tienda\\\/doudou-coussin-poisson-beluga-beige\\\/\"]}]},{\"@type\":\"ImageObject\",\"inLanguage\":\"fr-FR\",\"@id\":\"https:\\\/\\\/crochetts.com\\\/fr\\\/tienda\\\/doudou-coussin-poisson-beluga-beige\\\/#primaryimage\",\"url\":\"https:\\\/\\\/crochetts.com\\\/wp-content\\\/uploads\\\/2023\\\/06\\\/4006_1.jpg\",\"contentUrl\":\"https:\\\/\\\/crochetts.com\\\/wp-content\\\/uploads\\\/2023\\\/06\\\/4006_1.jpg\",\"width\":601,\"height\":900},{\"@type\":\"BreadcrumbList\",\"@id\":\"https:\\\/\\\/crochetts.com\\\/fr\\\/tienda\\\/doudou-coussin-poisson-beluga-beige\\\/#breadcrumb\",\"itemListElement\":[{\"@type\":\"ListItem\",\"position\":1,\"name\":\"Portada\",\"item\":\"https:\\\/\\\/crochetts.com\\\/fr\\\/accueil\\\/\"},{\"@type\":\"ListItem\",\"position\":2,\"name\":\"Boutique\",\"item\":\"https:\\\/\\\/crochetts.fr\\\/boutique\\\/\"},{\"@type\":\"ListItem\",\"position\":3,\"name\":\"DOUDOU &#8211; COUSSIN POISSON BELUGA BEIGE\"}]},{\"@type\":\"WebSite\",\"@id\":\"https:\\\/\\\/crochetts.com\\\/fr\\\/#website\",\"url\":\"https:\\\/\\\/crochetts.com\\\/fr\\\/\",\"name\":\"Crochetts\",\"description\":\"ANIMALES DE CROCHET PARA JUGAR,DECORAR Y SO\u00d1AR\",\"publisher\":{\"@id\":\"https:\\\/\\\/crochetts.com\\\/fr\\\/#organization\"},\"potentialAction\":[{\"@type\":\"SearchAction\",\"target\":{\"@type\":\"EntryPoint\",\"urlTemplate\":\"https:\\\/\\\/crochetts.com\\\/fr\\\/?s={search_term_string}\"},\"query-input\":{\"@type\":\"PropertyValueSpecification\",\"valueRequired\":true,\"valueName\":\"search_term_string\"}}],\"inLanguage\":\"fr-FR\"},{\"@type\":\"Organization\",\"@id\":\"https:\\\/\\\/crochetts.com\\\/fr\\\/#organization\",\"name\":\"Crochets\",\"url\":\"https:\\\/\\\/crochetts.com\\\/fr\\\/\",\"logo\":{\"@type\":\"ImageObject\",\"inLanguage\":\"fr-FR\",\"@id\":\"https:\\\/\\\/crochetts.com\\\/fr\\\/#\\\/schema\\\/logo\\\/image\\\/\",\"url\":\"https:\\\/\\\/i2.wp.com\\\/crochetts.com\\\/wp-content\\\/uploads\\\/2021\\\/01\\\/Logo-Crochetts.jpg?fit=300%2C137&ssl=1\",\"contentUrl\":\"https:\\\/\\\/i2.wp.com\\\/crochetts.com\\\/wp-content\\\/uploads\\\/2021\\\/01\\\/Logo-Crochetts.jpg?fit=300%2C137&ssl=1\",\"width\":300,\"height\":137,\"caption\":\"Crochets\"},\"image\":{\"@id\":\"https:\\\/\\\/crochetts.com\\\/fr\\\/#\\\/schema\\\/logo\\\/image\\\/\"},\"sameAs\":[\"https:\\\/\\\/www.facebook.com\\\/Crochetts-101964178013493\",\"https:\\\/\\\/www.instagram.com\\\/crochetts_\\\/\"]}]}<\/script>\n<meta property=\"product:price:amount\" content=\"58.00\" \/>\n<meta property=\"product:price:currency\" content=\"EUR\" \/>\n<meta property=\"og:availability\" content=\"instock\" \/>\n<meta property=\"product:availability\" content=\"instock\" \/>\n<meta property=\"product:retailer_item_id\" content=\"4006\" \/>\n<meta property=\"product:condition\" content=\"new\" \/>\n<!-- \/ Yoast SEO Premium plugin. -->","yoast_head_json":{"title":"- DOUDOU - COUSSIN POISSON BELUGA BEIGE - Crochetts% Crochetts%%.","description":"Notre b\u00e9luga beige est fabriqu\u00e9 en tissu \u00e9ponge doux et en velours sur le dessous. Il est dot\u00e9 d'un grelot \u00e0 l'int\u00e9rieur du corps et de deux appliqu\u00e9s sur la partie sup\u00e9rieure du m\u00eame tissu, de sorte qu'il peut \u00eatre suspendu pour d\u00e9corer les murs des chambres d'enfants. Il peut \u00e9galement \u00eatre utilis\u00e9 pour d\u00e9corer les lits, comme coussin d\u00e9coratif ou comme peluche. Il a un design amusant en forme de b\u00e9luga, avec deux nageoires et une queue aquatique amusante. Un \u00e9l\u00e9ment mural d\u00e9co unique con\u00e7u pour jouer et donner une touche sp\u00e9ciale aux chambres d'enfants. Dimensions : 29cm x 84cm.","robots":{"index":"index","follow":"follow","max-snippet":"max-snippet:-1","max-image-preview":"max-image-preview:large","max-video-preview":"max-video-preview:-1"},"canonical":"https:\/\/crochetts.com\/fr\/tienda\/doudou-coussin-poisson-beluga-beige\/","og_locale":"fr_FR","og_type":"article","og_title":"DOUDOU - COUSSIN POISSON BELUGA BEIGE","og_description":"Notre poisson b\u00e9luga beige est fabriqu\u00e9 en tissu \u00e9ponge doux et en velours sur le fond. Il est dot\u00e9 d'un grelot \u00e0 l'int\u00e9rieur du corps et de deux appliqu\u00e9s sur la partie sup\u00e9rieure du m\u00eame tissu, de sorte qu'il peut \u00eatre suspendu pour d\u00e9corer les murs des chambres d'enfants. Il peut \u00e9galement \u00eatre utilis\u00e9 comme coussin pour d\u00e9corer les lits ou comme peluche.  Il a un design amusant en forme de poisson, avec de grandes nageoires et une queue. Un \u00e9l\u00e9ment mural d\u00e9co unique con\u00e7u pour donner une touche sp\u00e9ciale aux chambres d'enfants. Lavage \u00e0 la main ou en machine. Dimensions : 28cm x 12cm x 75cm.","og_url":"https:\/\/crochetts.com\/fr\/tienda\/doudou-coussin-poisson-beluga-beige\/","og_site_name":"Crochetts","article_publisher":"https:\/\/www.facebook.com\/Crochetts-101964178013493","article_modified_time":"2025-11-21T13:20:40+00:00","og_image":[{"width":601,"height":900,"url":"https:\/\/crochetts.com\/wp-content\/uploads\/2023\/06\/4006_1.jpg","type":"image\/jpeg"}],"twitter_card":"summary_large_image","twitter_misc":{"Prix":"58,00&nbsp;&euro;","Disponibilit\u00e9":"En stock"},"schema":{"@context":"https:\/\/schema.org","@graph":[{"@type":"WebPage","@id":"https:\/\/crochetts.com\/fr\/tienda\/doudou-coussin-poisson-beluga-beige\/","url":"https:\/\/crochetts.com\/fr\/tienda\/doudou-coussin-poisson-beluga-beige\/","name":"- DOUDOU - COUSSIN POISSON BELUGA BEIGE - Crochetts% Crochetts%%.","isPartOf":{"@id":"https:\/\/crochetts.com\/fr\/#website"},"primaryImageOfPage":{"@id":"https:\/\/crochetts.com\/fr\/tienda\/doudou-coussin-poisson-beluga-beige\/#primaryimage"},"image":{"@id":"https:\/\/crochetts.com\/fr\/tienda\/doudou-coussin-poisson-beluga-beige\/#primaryimage"},"thumbnailUrl":"https:\/\/crochetts.com\/wp-content\/uploads\/2023\/06\/4006_1.jpg","datePublished":"2023-06-22T13:30:00+00:00","dateModified":"2025-11-21T13:20:40+00:00","description":"Notre b\u00e9luga beige est fabriqu\u00e9 en tissu \u00e9ponge doux et en velours sur le dessous. Il est dot\u00e9 d'un grelot \u00e0 l'int\u00e9rieur du corps et de deux appliqu\u00e9s sur la partie sup\u00e9rieure du m\u00eame tissu, de sorte qu'il peut \u00eatre suspendu pour d\u00e9corer les murs des chambres d'enfants. Il peut \u00e9galement \u00eatre utilis\u00e9 pour d\u00e9corer les lits, comme coussin d\u00e9coratif ou comme peluche. Il a un design amusant en forme de b\u00e9luga, avec deux nageoires et une queue aquatique amusante. Un \u00e9l\u00e9ment mural d\u00e9co unique con\u00e7u pour jouer et donner une touche sp\u00e9ciale aux chambres d'enfants. Dimensions : 29cm x 84cm.","breadcrumb":{"@id":"https:\/\/crochetts.com\/fr\/tienda\/doudou-coussin-poisson-beluga-beige\/#breadcrumb"},"inLanguage":"fr-FR","potentialAction":[{"@type":"ReadAction","target":["https:\/\/crochetts.com\/fr\/tienda\/doudou-coussin-poisson-beluga-beige\/"]}]},{"@type":"ImageObject","inLanguage":"fr-FR","@id":"https:\/\/crochetts.com\/fr\/tienda\/doudou-coussin-poisson-beluga-beige\/#primaryimage","url":"https:\/\/crochetts.com\/wp-content\/uploads\/2023\/06\/4006_1.jpg","contentUrl":"https:\/\/crochetts.com\/wp-content\/uploads\/2023\/06\/4006_1.jpg","width":601,"height":900},{"@type":"BreadcrumbList","@id":"https:\/\/crochetts.com\/fr\/tienda\/doudou-coussin-poisson-beluga-beige\/#breadcrumb","itemListElement":[{"@type":"ListItem","position":1,"name":"Portada","item":"https:\/\/crochetts.com\/fr\/accueil\/"},{"@type":"ListItem","position":2,"name":"Boutique","item":"https:\/\/crochetts.fr\/boutique\/"},{"@type":"ListItem","position":3,"name":"DOUDOU &#8211; COUSSIN POISSON BELUGA BEIGE"}]},{"@type":"WebSite","@id":"https:\/\/crochetts.com\/fr\/#website","url":"https:\/\/crochetts.com\/fr\/","name":"Crochetts","description":"ANIMALES DE CROCHET PARA JUGAR,DECORAR Y SO\u00d1AR","publisher":{"@id":"https:\/\/crochetts.com\/fr\/#organization"},"potentialAction":[{"@type":"SearchAction","target":{"@type":"EntryPoint","urlTemplate":"https:\/\/crochetts.com\/fr\/?s={search_term_string}"},"query-input":{"@type":"PropertyValueSpecification","valueRequired":true,"valueName":"search_term_string"}}],"inLanguage":"fr-FR"},{"@type":"Organization","@id":"https:\/\/crochetts.com\/fr\/#organization","name":"Crochets","url":"https:\/\/crochetts.com\/fr\/","logo":{"@type":"ImageObject","inLanguage":"fr-FR","@id":"https:\/\/crochetts.com\/fr\/#\/schema\/logo\/image\/","url":"https:\/\/i2.wp.com\/crochetts.com\/wp-content\/uploads\/2021\/01\/Logo-Crochetts.jpg?fit=300%2C137&ssl=1","contentUrl":"https:\/\/i2.wp.com\/crochetts.com\/wp-content\/uploads\/2021\/01\/Logo-Crochetts.jpg?fit=300%2C137&ssl=1","width":300,"height":137,"caption":"Crochets"},"image":{"@id":"https:\/\/crochetts.com\/fr\/#\/schema\/logo\/image\/"},"sameAs":["https:\/\/www.facebook.com\/Crochetts-101964178013493","https:\/\/www.instagram.com\/crochetts_\/"]}]},"product_price_amount":"58.00","product_price_currency":"EUR","og_availability":"instock","product_availability":"instock","product_retailer_item_id":"4006","product_condition":"new"},"_links":{"self":[{"href":"https:\/\/crochetts.com\/fr\/wp-json\/wp\/v2\/product\/23899","targetHints":{"allow":["GET"]}}],"collection":[{"href":"https:\/\/crochetts.com\/fr\/wp-json\/wp\/v2\/product"}],"about":[{"href":"https:\/\/crochetts.com\/fr\/wp-json\/wp\/v2\/types\/product"}],"wp:featuredmedia":[{"embeddable":true,"href":"https:\/\/crochetts.com\/fr\/wp-json\/wp\/v2\/media\/23906"}],"wp:attachment":[{"href":"https:\/\/crochetts.com\/fr\/wp-json\/wp\/v2\/media?parent=23899"}],"wp:term":[{"taxonomy":"product_brand","embeddable":true,"href":"https:\/\/crochetts.com\/fr\/wp-json\/wp\/v2\/product_brand?post=23899"},{"taxonomy":"product_cat","embeddable":true,"href":"https:\/\/crochetts.com\/fr\/wp-json\/wp\/v2\/product_cat?post=23899"},{"taxonomy":"product_tag","embeddable":true,"href":"https:\/\/crochetts.com\/fr\/wp-json\/wp\/v2\/product_tag?post=23899"}],"curies":[{"name":"wp","href":"https:\/\/api.w.org\/{rel}","templated":true}]}}