{"id":23898,"date":"2023-06-15T12:37:23","date_gmt":"2023-06-15T11:37:23","guid":{"rendered":"https:\/\/crochetts.com\/tienda\/paquet-de-coussins-meduses-blanches-et-bleues\/"},"modified":"2026-01-16T12:36:46","modified_gmt":"2026-01-16T10:36:46","slug":"paquet-de-coussins-meduses-blanches-et-bleues","status":"publish","type":"product","link":"https:\/\/crochetts.com\/fr\/tienda\/paquet-de-coussins-meduses-blanches-et-bleues\/","title":{"rendered":"PAQUET DE COUSSINS M\u00c9DUSES BLANCHES ET BLEUES"},"content":{"rendered":"<div style=\"text-align: justify;\">\n<div style=\"text-align: justify;\">\n<p>Notre <strong>collection oc\u00e9an<\/strong> a un <strong>design exclusif<\/strong>, ce sont des animaux aquatiques avec un toucher tr\u00e8s doux qui ont \u00e9t\u00e9 con\u00e7us sous le concept<strong> DECO-PLAY,<\/strong> ainsi ils <strong>peuvent \u00eatre utilis\u00e9s pour jouer et d\u00e9corer <\/strong><strong> les chambres<\/strong> des petits de la maison. <strong>Nos m\u00e9duses ont 1 crochet du m\u00eame tissu<\/strong> sur le dessus <strong>pour les accrocher au mur. <\/strong>Elles sont parfaites pour jouer et d\u00e9corer leurs propres murs.<\/p>\n<\/div>\n<p>Choisissez l&rsquo;animal qui vous pla\u00eet le plus pour l&rsquo;accompagner dans une ambiance calme et chaleureuse <strong>.<\/strong> Un cadeau unique et tr\u00e8s sp\u00e9cial qui surprendra petits et grands.  <strong>ont une cloche \u00e0 l&rsquo;int\u00e9rieur qui sonne lorsque les petits la secouent et font un son.<\/strong><\/p>\n<\/div>\n<p>&nbsp;<\/p>\n<p>&nbsp;<\/p>\n<p>&nbsp;<\/p>\n","protected":false},"excerpt":{"rendered":"<p>Notre <strong>lot de coussins m\u00e9duses<\/strong> est fabriqu\u00e9 en <strong>tissu \u00e9ponge<\/strong> doux et de haute qualit\u00e9. Ils sont dot\u00e9s d&rsquo;un <strong>grelot<\/strong> \u00e0 l&rsquo;int\u00e9rieur du corps et d&rsquo;une <strong>applique sur le dessus dans le m\u00eame tissu, de sorte qu&rsquo;ils peuvent \u00eatre suspendus pour d\u00e9corer les murs des chambres d&rsquo;enfants<\/strong>. Ils peuvent \u00e9galement \u00eatre utilis\u00e9s pour <strong>d\u00e9corer les lits ou comme peluches.<\/strong> Ils ont un design amusant, un grand parapluie et de nombreuses tentes.  <\/p>\n<p>Un \u00e9l\u00e9ment <strong>mural<\/strong> <strong>d\u00e9co<\/strong> unique con\u00e7u pour donner une touche sp\u00e9ciale aux chambres d&rsquo;enfants.<\/p>\n<p><strong>Dimensions :<br \/>\n<\/strong>-40cm x 8cm x 95cm.<\/p>\n<p>&nbsp;<\/p>\n","protected":false},"featured_media":23900,"template":"","meta":{"_acf_changed":false,"_joinchat":[]},"product_brand":[],"product_cat":[5910],"product_tag":[5957,5422,5380,5740,5911,5421],"class_list":{"0":"post-23898","1":"product","2":"type-product","3":"status-publish","4":"has-post-thumbnail","6":"product_cat-teddies-ocean","7":"product_tag-coussin","8":"product_tag-decokids","9":"product_tag-decoration","10":"product_tag-meduse","11":"product_tag-mur","12":"product_tag-nounours","13":"entry","15":"first","16":"instock","17":"featured","18":"taxable","19":"shipping-taxable","20":"purchasable","21":"product-type-simple"},"acf":[],"yoast_head":"<!-- This site is optimized with the Yoast SEO Premium plugin v26.1 (Yoast SEO v27.3) - https:\/\/yoast.com\/product\/yoast-seo-premium-wordpress\/ -->\n<title>- PAQUET DE COUSSINS M\u00c9DUSES BLANCHES ET BLEUES - Crochetts% Crochetts%%.<\/title>\n<meta name=\"description\" content=\"Notre lot de m\u00e9duses bleues et blanches est fabriqu\u00e9 en tissu \u00e9ponge doux et en velours sur la t\u00eate. Elles ont un grelot \u00e0 l&#039;int\u00e9rieur du corps et une applique sur la partie sup\u00e9rieure du m\u00eame tissu, ce qui permet de les suspendre pour d\u00e9corer les murs de la chambre des petits. Ils sont parfaits pour stimuler les mouvements manuels des petits et leur sens de l&#039;ou\u00efe gr\u00e2ce au grelot \u00e0 l&#039;int\u00e9rieur. Ils ont un design amusant combinant plusieurs couleurs et tissus diff\u00e9rents. Un \u00e9l\u00e9ment mural d\u00e9co unique con\u00e7u pour donner une touche sp\u00e9ciale aux chambres d&#039;enfants.\" \/>\n<meta name=\"robots\" content=\"index, follow, max-snippet:-1, max-image-preview:large, max-video-preview:-1\" \/>\n<link rel=\"canonical\" href=\"https:\/\/crochetts.com\/fr\/tienda\/paquet-de-coussins-meduses-blanches-et-bleues\/\" \/>\n<meta property=\"og:locale\" content=\"fr_FR\" \/>\n<meta property=\"og:type\" content=\"article\" \/>\n<meta property=\"og:title\" content=\"PAQUET DE COUSSINS M\u00c9DUSES BLANCHES ET BLEUES\" \/>\n<meta property=\"og:description\" content=\"Notre lot de coussins m\u00e9duses est fabriqu\u00e9 en tissu \u00e9ponge doux et de haute qualit\u00e9. Ils sont dot\u00e9s d&#039;un grelot \u00e0 l&#039;int\u00e9rieur du corps et d&#039;une applique sur le dessus dans le m\u00eame tissu, de sorte qu&#039;ils peuvent \u00eatre suspendus pour d\u00e9corer les murs des chambres d&#039;enfants. Ils peuvent \u00e9galement \u00eatre utilis\u00e9s pour d\u00e9corer les lits ou comme peluches. Ils ont un design amusant, un grand parapluie et de nombreuses tentes.  Un \u00e9l\u00e9ment mural d\u00e9co unique con\u00e7u pour donner une touche sp\u00e9ciale aux chambres d&#039;enfants. Dimensions : -40cm x 8cm x 95cm. &nbsp;\" \/>\n<meta property=\"og:url\" content=\"https:\/\/crochetts.com\/fr\/tienda\/paquet-de-coussins-meduses-blanches-et-bleues\/\" \/>\n<meta property=\"og:site_name\" content=\"Crochetts\" \/>\n<meta property=\"article:publisher\" content=\"https:\/\/www.facebook.com\/Crochetts-101964178013493\" \/>\n<meta property=\"article:modified_time\" content=\"2026-01-16T10:36:46+00:00\" \/>\n<meta property=\"og:image\" content=\"https:\/\/crochetts.com\/wp-content\/uploads\/2023\/06\/4010_3.jpg\" \/>\n\t<meta property=\"og:image:width\" content=\"601\" \/>\n\t<meta property=\"og:image:height\" content=\"900\" \/>\n\t<meta property=\"og:image:type\" content=\"image\/jpeg\" \/>\n<meta name=\"twitter:card\" content=\"summary_large_image\" \/>\n<meta name=\"twitter:label1\" content=\"Prix\" \/>\n\t<meta name=\"twitter:data1\" content=\"65,00&nbsp;&euro;\" \/>\n\t<meta name=\"twitter:label2\" content=\"Disponibilit\u00e9\" \/>\n\t<meta name=\"twitter:data2\" content=\"En stock\" \/>\n<script type=\"application\/ld+json\" class=\"yoast-schema-graph\">{\"@context\":\"https:\\\/\\\/schema.org\",\"@graph\":[{\"@type\":\"WebPage\",\"@id\":\"https:\\\/\\\/crochetts.com\\\/fr\\\/tienda\\\/paquet-de-coussins-meduses-blanches-et-bleues\\\/\",\"url\":\"https:\\\/\\\/crochetts.com\\\/fr\\\/tienda\\\/paquet-de-coussins-meduses-blanches-et-bleues\\\/\",\"name\":\"- PAQUET DE COUSSINS M\u00c9DUSES BLANCHES ET BLEUES - Crochetts% Crochetts%%.\",\"isPartOf\":{\"@id\":\"https:\\\/\\\/crochetts.com\\\/fr\\\/#website\"},\"primaryImageOfPage\":{\"@id\":\"https:\\\/\\\/crochetts.com\\\/fr\\\/tienda\\\/paquet-de-coussins-meduses-blanches-et-bleues\\\/#primaryimage\"},\"image\":{\"@id\":\"https:\\\/\\\/crochetts.com\\\/fr\\\/tienda\\\/paquet-de-coussins-meduses-blanches-et-bleues\\\/#primaryimage\"},\"thumbnailUrl\":\"https:\\\/\\\/crochetts.com\\\/wp-content\\\/uploads\\\/2023\\\/06\\\/4010_3.jpg\",\"datePublished\":\"2023-06-15T11:37:23+00:00\",\"dateModified\":\"2026-01-16T10:36:46+00:00\",\"description\":\"Notre lot de m\u00e9duses bleues et blanches est fabriqu\u00e9 en tissu \u00e9ponge doux et en velours sur la t\u00eate. Elles ont un grelot \u00e0 l'int\u00e9rieur du corps et une applique sur la partie sup\u00e9rieure du m\u00eame tissu, ce qui permet de les suspendre pour d\u00e9corer les murs de la chambre des petits. Ils sont parfaits pour stimuler les mouvements manuels des petits et leur sens de l'ou\u00efe gr\u00e2ce au grelot \u00e0 l'int\u00e9rieur. Ils ont un design amusant combinant plusieurs couleurs et tissus diff\u00e9rents. Un \u00e9l\u00e9ment mural d\u00e9co unique con\u00e7u pour donner une touche sp\u00e9ciale aux chambres d'enfants.\",\"breadcrumb\":{\"@id\":\"https:\\\/\\\/crochetts.com\\\/fr\\\/tienda\\\/paquet-de-coussins-meduses-blanches-et-bleues\\\/#breadcrumb\"},\"inLanguage\":\"fr-FR\",\"potentialAction\":[{\"@type\":\"ReadAction\",\"target\":[\"https:\\\/\\\/crochetts.com\\\/fr\\\/tienda\\\/paquet-de-coussins-meduses-blanches-et-bleues\\\/\"]}]},{\"@type\":\"ImageObject\",\"inLanguage\":\"fr-FR\",\"@id\":\"https:\\\/\\\/crochetts.com\\\/fr\\\/tienda\\\/paquet-de-coussins-meduses-blanches-et-bleues\\\/#primaryimage\",\"url\":\"https:\\\/\\\/crochetts.com\\\/wp-content\\\/uploads\\\/2023\\\/06\\\/4010_3.jpg\",\"contentUrl\":\"https:\\\/\\\/crochetts.com\\\/wp-content\\\/uploads\\\/2023\\\/06\\\/4010_3.jpg\",\"width\":601,\"height\":900},{\"@type\":\"BreadcrumbList\",\"@id\":\"https:\\\/\\\/crochetts.com\\\/fr\\\/tienda\\\/paquet-de-coussins-meduses-blanches-et-bleues\\\/#breadcrumb\",\"itemListElement\":[{\"@type\":\"ListItem\",\"position\":1,\"name\":\"Portada\",\"item\":\"https:\\\/\\\/crochetts.com\\\/fr\\\/accueil\\\/\"},{\"@type\":\"ListItem\",\"position\":2,\"name\":\"Boutique\",\"item\":\"https:\\\/\\\/crochetts.fr\\\/boutique\\\/\"},{\"@type\":\"ListItem\",\"position\":3,\"name\":\"PAQUET DE COUSSINS M\u00c9DUSES BLANCHES ET BLEUES\"}]},{\"@type\":\"WebSite\",\"@id\":\"https:\\\/\\\/crochetts.com\\\/fr\\\/#website\",\"url\":\"https:\\\/\\\/crochetts.com\\\/fr\\\/\",\"name\":\"Crochetts\",\"description\":\"ANIMALES DE CROCHET PARA JUGAR,DECORAR Y SO\u00d1AR\",\"publisher\":{\"@id\":\"https:\\\/\\\/crochetts.com\\\/fr\\\/#organization\"},\"potentialAction\":[{\"@type\":\"SearchAction\",\"target\":{\"@type\":\"EntryPoint\",\"urlTemplate\":\"https:\\\/\\\/crochetts.com\\\/fr\\\/?s={search_term_string}\"},\"query-input\":{\"@type\":\"PropertyValueSpecification\",\"valueRequired\":true,\"valueName\":\"search_term_string\"}}],\"inLanguage\":\"fr-FR\"},{\"@type\":\"Organization\",\"@id\":\"https:\\\/\\\/crochetts.com\\\/fr\\\/#organization\",\"name\":\"Crochets\",\"url\":\"https:\\\/\\\/crochetts.com\\\/fr\\\/\",\"logo\":{\"@type\":\"ImageObject\",\"inLanguage\":\"fr-FR\",\"@id\":\"https:\\\/\\\/crochetts.com\\\/fr\\\/#\\\/schema\\\/logo\\\/image\\\/\",\"url\":\"https:\\\/\\\/i2.wp.com\\\/crochetts.com\\\/wp-content\\\/uploads\\\/2021\\\/01\\\/Logo-Crochetts.jpg?fit=300%2C137&ssl=1\",\"contentUrl\":\"https:\\\/\\\/i2.wp.com\\\/crochetts.com\\\/wp-content\\\/uploads\\\/2021\\\/01\\\/Logo-Crochetts.jpg?fit=300%2C137&ssl=1\",\"width\":300,\"height\":137,\"caption\":\"Crochets\"},\"image\":{\"@id\":\"https:\\\/\\\/crochetts.com\\\/fr\\\/#\\\/schema\\\/logo\\\/image\\\/\"},\"sameAs\":[\"https:\\\/\\\/www.facebook.com\\\/Crochetts-101964178013493\",\"https:\\\/\\\/www.instagram.com\\\/crochetts_\\\/\"]}]}<\/script>\n<meta property=\"product:price:amount\" content=\"65.00\" \/>\n<meta property=\"product:price:currency\" content=\"EUR\" \/>\n<meta property=\"og:availability\" content=\"instock\" \/>\n<meta property=\"product:availability\" content=\"instock\" \/>\n<meta property=\"product:retailer_item_id\" content=\"4017\" \/>\n<meta property=\"product:condition\" content=\"new\" \/>\n<!-- \/ Yoast SEO Premium plugin. -->","yoast_head_json":{"title":"- PAQUET DE COUSSINS M\u00c9DUSES BLANCHES ET BLEUES - Crochetts% Crochetts%%.","description":"Notre lot de m\u00e9duses bleues et blanches est fabriqu\u00e9 en tissu \u00e9ponge doux et en velours sur la t\u00eate. Elles ont un grelot \u00e0 l'int\u00e9rieur du corps et une applique sur la partie sup\u00e9rieure du m\u00eame tissu, ce qui permet de les suspendre pour d\u00e9corer les murs de la chambre des petits. Ils sont parfaits pour stimuler les mouvements manuels des petits et leur sens de l'ou\u00efe gr\u00e2ce au grelot \u00e0 l'int\u00e9rieur. Ils ont un design amusant combinant plusieurs couleurs et tissus diff\u00e9rents. Un \u00e9l\u00e9ment mural d\u00e9co unique con\u00e7u pour donner une touche sp\u00e9ciale aux chambres d'enfants.","robots":{"index":"index","follow":"follow","max-snippet":"max-snippet:-1","max-image-preview":"max-image-preview:large","max-video-preview":"max-video-preview:-1"},"canonical":"https:\/\/crochetts.com\/fr\/tienda\/paquet-de-coussins-meduses-blanches-et-bleues\/","og_locale":"fr_FR","og_type":"article","og_title":"PAQUET DE COUSSINS M\u00c9DUSES BLANCHES ET BLEUES","og_description":"Notre lot de coussins m\u00e9duses est fabriqu\u00e9 en tissu \u00e9ponge doux et de haute qualit\u00e9. Ils sont dot\u00e9s d'un grelot \u00e0 l'int\u00e9rieur du corps et d'une applique sur le dessus dans le m\u00eame tissu, de sorte qu'ils peuvent \u00eatre suspendus pour d\u00e9corer les murs des chambres d'enfants. Ils peuvent \u00e9galement \u00eatre utilis\u00e9s pour d\u00e9corer les lits ou comme peluches. Ils ont un design amusant, un grand parapluie et de nombreuses tentes.  Un \u00e9l\u00e9ment mural d\u00e9co unique con\u00e7u pour donner une touche sp\u00e9ciale aux chambres d'enfants. Dimensions : -40cm x 8cm x 95cm. &nbsp;","og_url":"https:\/\/crochetts.com\/fr\/tienda\/paquet-de-coussins-meduses-blanches-et-bleues\/","og_site_name":"Crochetts","article_publisher":"https:\/\/www.facebook.com\/Crochetts-101964178013493","article_modified_time":"2026-01-16T10:36:46+00:00","og_image":[{"width":601,"height":900,"url":"https:\/\/crochetts.com\/wp-content\/uploads\/2023\/06\/4010_3.jpg","type":"image\/jpeg"}],"twitter_card":"summary_large_image","twitter_misc":{"Prix":"65,00&nbsp;&euro;","Disponibilit\u00e9":"En stock"},"schema":{"@context":"https:\/\/schema.org","@graph":[{"@type":"WebPage","@id":"https:\/\/crochetts.com\/fr\/tienda\/paquet-de-coussins-meduses-blanches-et-bleues\/","url":"https:\/\/crochetts.com\/fr\/tienda\/paquet-de-coussins-meduses-blanches-et-bleues\/","name":"- PAQUET DE COUSSINS M\u00c9DUSES BLANCHES ET BLEUES - Crochetts% Crochetts%%.","isPartOf":{"@id":"https:\/\/crochetts.com\/fr\/#website"},"primaryImageOfPage":{"@id":"https:\/\/crochetts.com\/fr\/tienda\/paquet-de-coussins-meduses-blanches-et-bleues\/#primaryimage"},"image":{"@id":"https:\/\/crochetts.com\/fr\/tienda\/paquet-de-coussins-meduses-blanches-et-bleues\/#primaryimage"},"thumbnailUrl":"https:\/\/crochetts.com\/wp-content\/uploads\/2023\/06\/4010_3.jpg","datePublished":"2023-06-15T11:37:23+00:00","dateModified":"2026-01-16T10:36:46+00:00","description":"Notre lot de m\u00e9duses bleues et blanches est fabriqu\u00e9 en tissu \u00e9ponge doux et en velours sur la t\u00eate. Elles ont un grelot \u00e0 l'int\u00e9rieur du corps et une applique sur la partie sup\u00e9rieure du m\u00eame tissu, ce qui permet de les suspendre pour d\u00e9corer les murs de la chambre des petits. Ils sont parfaits pour stimuler les mouvements manuels des petits et leur sens de l'ou\u00efe gr\u00e2ce au grelot \u00e0 l'int\u00e9rieur. Ils ont un design amusant combinant plusieurs couleurs et tissus diff\u00e9rents. Un \u00e9l\u00e9ment mural d\u00e9co unique con\u00e7u pour donner une touche sp\u00e9ciale aux chambres d'enfants.","breadcrumb":{"@id":"https:\/\/crochetts.com\/fr\/tienda\/paquet-de-coussins-meduses-blanches-et-bleues\/#breadcrumb"},"inLanguage":"fr-FR","potentialAction":[{"@type":"ReadAction","target":["https:\/\/crochetts.com\/fr\/tienda\/paquet-de-coussins-meduses-blanches-et-bleues\/"]}]},{"@type":"ImageObject","inLanguage":"fr-FR","@id":"https:\/\/crochetts.com\/fr\/tienda\/paquet-de-coussins-meduses-blanches-et-bleues\/#primaryimage","url":"https:\/\/crochetts.com\/wp-content\/uploads\/2023\/06\/4010_3.jpg","contentUrl":"https:\/\/crochetts.com\/wp-content\/uploads\/2023\/06\/4010_3.jpg","width":601,"height":900},{"@type":"BreadcrumbList","@id":"https:\/\/crochetts.com\/fr\/tienda\/paquet-de-coussins-meduses-blanches-et-bleues\/#breadcrumb","itemListElement":[{"@type":"ListItem","position":1,"name":"Portada","item":"https:\/\/crochetts.com\/fr\/accueil\/"},{"@type":"ListItem","position":2,"name":"Boutique","item":"https:\/\/crochetts.fr\/boutique\/"},{"@type":"ListItem","position":3,"name":"PAQUET DE COUSSINS M\u00c9DUSES BLANCHES ET BLEUES"}]},{"@type":"WebSite","@id":"https:\/\/crochetts.com\/fr\/#website","url":"https:\/\/crochetts.com\/fr\/","name":"Crochetts","description":"ANIMALES DE CROCHET PARA JUGAR,DECORAR Y SO\u00d1AR","publisher":{"@id":"https:\/\/crochetts.com\/fr\/#organization"},"potentialAction":[{"@type":"SearchAction","target":{"@type":"EntryPoint","urlTemplate":"https:\/\/crochetts.com\/fr\/?s={search_term_string}"},"query-input":{"@type":"PropertyValueSpecification","valueRequired":true,"valueName":"search_term_string"}}],"inLanguage":"fr-FR"},{"@type":"Organization","@id":"https:\/\/crochetts.com\/fr\/#organization","name":"Crochets","url":"https:\/\/crochetts.com\/fr\/","logo":{"@type":"ImageObject","inLanguage":"fr-FR","@id":"https:\/\/crochetts.com\/fr\/#\/schema\/logo\/image\/","url":"https:\/\/i2.wp.com\/crochetts.com\/wp-content\/uploads\/2021\/01\/Logo-Crochetts.jpg?fit=300%2C137&ssl=1","contentUrl":"https:\/\/i2.wp.com\/crochetts.com\/wp-content\/uploads\/2021\/01\/Logo-Crochetts.jpg?fit=300%2C137&ssl=1","width":300,"height":137,"caption":"Crochets"},"image":{"@id":"https:\/\/crochetts.com\/fr\/#\/schema\/logo\/image\/"},"sameAs":["https:\/\/www.facebook.com\/Crochetts-101964178013493","https:\/\/www.instagram.com\/crochetts_\/"]}]},"product_price_amount":"65.00","product_price_currency":"EUR","og_availability":"instock","product_availability":"instock","product_retailer_item_id":"4017","product_condition":"new"},"_links":{"self":[{"href":"https:\/\/crochetts.com\/fr\/wp-json\/wp\/v2\/product\/23898","targetHints":{"allow":["GET"]}}],"collection":[{"href":"https:\/\/crochetts.com\/fr\/wp-json\/wp\/v2\/product"}],"about":[{"href":"https:\/\/crochetts.com\/fr\/wp-json\/wp\/v2\/types\/product"}],"wp:featuredmedia":[{"embeddable":true,"href":"https:\/\/crochetts.com\/fr\/wp-json\/wp\/v2\/media\/23900"}],"wp:attachment":[{"href":"https:\/\/crochetts.com\/fr\/wp-json\/wp\/v2\/media?parent=23898"}],"wp:term":[{"taxonomy":"product_brand","embeddable":true,"href":"https:\/\/crochetts.com\/fr\/wp-json\/wp\/v2\/product_brand?post=23898"},{"taxonomy":"product_cat","embeddable":true,"href":"https:\/\/crochetts.com\/fr\/wp-json\/wp\/v2\/product_cat?post=23898"},{"taxonomy":"product_tag","embeddable":true,"href":"https:\/\/crochetts.com\/fr\/wp-json\/wp\/v2\/product_tag?post=23898"}],"curies":[{"name":"wp","href":"https:\/\/api.w.org\/{rel}","templated":true}]}}