{"id":23864,"date":"2023-06-20T09:28:47","date_gmt":"2023-06-20T08:28:47","guid":{"rendered":"https:\/\/crochetts.com\/tienda\/peluche-coussin-poisson-raye-gris\/"},"modified":"2026-01-16T12:36:47","modified_gmt":"2026-01-16T10:36:47","slug":"peluche-coussin-poisson-raye-gris","status":"publish","type":"product","link":"https:\/\/crochetts.com\/fr\/tienda\/peluche-coussin-poisson-raye-gris\/","title":{"rendered":"PELUCHE - COUSSIN POISSON RAY\u00c9 GRIS"},"content":{"rendered":"<div style=\"text-align: justify;\">\n<div style=\"text-align: justify;\">\n<p>Notre <strong>collection oc\u00e9an<\/strong> a un <strong>design exclusif<\/strong>, ce sont des animaux aquatiques avec un toucher tr\u00e8s doux qui ont \u00e9t\u00e9 con\u00e7us sous le concept<strong> DECO-PLAY,<\/strong> ainsi ils <strong>peuvent \u00eatre utilis\u00e9s pour jouer et d\u00e9corer <\/strong><strong> les chambres<\/strong> des petits dans la maison. <strong>Notre couverture aquatique est munie de 2 crochets du m\u00eame tissu en<\/strong> haut <strong>pour la suspendre au mur. <\/strong>Vous pouvez \u00e9galement l&rsquo;utiliser pour d\u00e9corer le lit ou comme coussin confortable.<\/p>\n<\/div>\n<p>Choisissez l&rsquo;animal qui vous pla\u00eet le plus pour l&rsquo;accompagner dans une ambiance calme et chaleureuse <strong>.<\/strong> Un cadeau unique et tr\u00e8s sp\u00e9cial qui surprendra petits et grands.  <strong>ont une cloche \u00e0 l&rsquo;int\u00e9rieur qui sonne lorsque les petits la secouent et font un son.<\/strong><\/p>\n<\/div>\n<p>&nbsp;<\/p>\n<p>&nbsp;<\/p>\n<p>&nbsp;<\/p>\n","protected":false},"excerpt":{"rendered":"<p>Notre poisson<strong> galuchat gris<\/strong> est en <strong>tissu \u00e9ponge<\/strong> doux \u00e0 l&rsquo;avant et en velours \u00e0 l&rsquo;arri\u00e8re. Il est dot\u00e9 d&rsquo;un <strong>grelot<\/strong> \u00e0 l&rsquo;int\u00e9rieur du corps et de <strong>deux appliqu\u00e9s au dos dans le m\u00eame tissu, ce qui permet de le suspendre pour d\u00e9corer les murs des chambres d&rsquo;enfants<\/strong>. Il peut \u00e9galement \u00eatre utilis\u00e9 comme coussin pour <strong>d\u00e9corer les lits ou comme peluche<\/strong>. Il a un <strong>design<\/strong> amusant <strong>en forme de poisson et de grandes nageoires<\/strong>.   <\/p>\n<p>Un \u00e9l\u00e9ment <strong>mural d\u00e9co<\/strong> unique con\u00e7u pour donner une touche sp\u00e9ciale aux <strong>chambres d&rsquo;<\/strong> <strong>enfants<\/strong>.<\/p>\n<p><strong>Dimensions :<\/strong> 59cm x 11cm x 65cm.<\/p>\n<p><strong>Lavage<\/strong> \u00e0 la main ou en machine.<\/p>\n","protected":false},"featured_media":23866,"template":"","meta":{"_acf_changed":false,"_joinchat":[]},"product_brand":[],"product_cat":[5953,5910],"product_tag":[5954,5422,5380,5038,5421],"class_list":{"0":"post-23864","1":"product","2":"type-product","3":"status-publish","4":"has-post-thumbnail","6":"product_cat-cushions","7":"product_cat-teddies-ocean","8":"product_tag-coussin-original","9":"product_tag-decokids","10":"product_tag-decoration","11":"product_tag-grand-ours-en-peluche","12":"product_tag-nounours","13":"entry","15":"first","16":"instock","17":"featured","18":"taxable","19":"shipping-taxable","20":"purchasable","21":"product-type-simple"},"acf":[],"yoast_head":"<!-- This site is optimized with the Yoast SEO Premium plugin v26.1 (Yoast SEO v27.3) - https:\/\/yoast.com\/product\/yoast-seo-premium-wordpress\/ -->\n<title>- PELUCHE - COUSSIN POISSON RAY\u00c9 GRIS - Crochetts% Crochetts%%.<\/title>\n<meta name=\"description\" content=\"Notre couverture grise est fabriqu\u00e9e en tissu \u00e9ponge doux et en velours sur le dessous. Elle est munie d&#039;un grelot \u00e0 l&#039;int\u00e9rieur du corps et de deux appliqu\u00e9s sur la partie sup\u00e9rieure du m\u00eame tissu, ce qui permet de la suspendre pour d\u00e9corer les murs des chambres d&#039;enfants. Il peut \u00e9galement \u00eatre utilis\u00e9 pour d\u00e9corer les lits, comme coussin d\u00e9coratif ou comme peluche. Il pr\u00e9sente un motif amusant en forme de couverture, avec une queue aquatique amusante. Un \u00e9l\u00e9ment mural d\u00e9co unique con\u00e7u pour jouer et donner une touche sp\u00e9ciale aux chambres d&#039;enfants.\" \/>\n<meta name=\"robots\" content=\"index, follow, max-snippet:-1, max-image-preview:large, max-video-preview:-1\" \/>\n<link rel=\"canonical\" href=\"https:\/\/crochetts.com\/fr\/tienda\/peluche-coussin-poisson-raye-gris\/\" \/>\n<meta property=\"og:locale\" content=\"fr_FR\" \/>\n<meta property=\"og:type\" content=\"article\" \/>\n<meta property=\"og:title\" content=\"PELUCHE - COUSSIN POISSON RAY\u00c9 GRIS\" \/>\n<meta property=\"og:description\" content=\"Notre poisson galuchat gris est en tissu \u00e9ponge doux \u00e0 l&#039;avant et en velours \u00e0 l&#039;arri\u00e8re. Il est dot\u00e9 d&#039;un grelot \u00e0 l&#039;int\u00e9rieur du corps et de deux appliqu\u00e9s au dos dans le m\u00eame tissu, ce qui permet de le suspendre pour d\u00e9corer les murs des chambres d&#039;enfants. Il peut \u00e9galement \u00eatre utilis\u00e9 comme coussin pour d\u00e9corer les lits ou comme peluche. Il a un design amusant en forme de poisson et de grandes nageoires.   Un \u00e9l\u00e9ment mural d\u00e9co unique con\u00e7u pour donner une touche sp\u00e9ciale aux chambres d&#039; enfants. Dimensions : 59cm x 11cm x 65cm. Lavage \u00e0 la main ou en machine.\" \/>\n<meta property=\"og:url\" content=\"https:\/\/crochetts.com\/fr\/tienda\/peluche-coussin-poisson-raye-gris\/\" \/>\n<meta property=\"og:site_name\" content=\"Crochetts\" \/>\n<meta property=\"article:publisher\" content=\"https:\/\/www.facebook.com\/Crochetts-101964178013493\" \/>\n<meta property=\"article:modified_time\" content=\"2026-01-16T10:36:47+00:00\" \/>\n<meta property=\"og:image\" content=\"https:\/\/crochetts.com\/wp-content\/uploads\/2023\/06\/4003_1.jpg\" \/>\n\t<meta property=\"og:image:width\" content=\"601\" \/>\n\t<meta property=\"og:image:height\" content=\"900\" \/>\n\t<meta property=\"og:image:type\" content=\"image\/jpeg\" \/>\n<meta name=\"twitter:card\" content=\"summary_large_image\" \/>\n<meta name=\"twitter:label1\" content=\"Prix\" \/>\n\t<meta name=\"twitter:data1\" content=\"58,00&nbsp;&euro;\" \/>\n\t<meta name=\"twitter:label2\" content=\"Disponibilit\u00e9\" \/>\n\t<meta name=\"twitter:data2\" content=\"En stock\" \/>\n<script type=\"application\/ld+json\" class=\"yoast-schema-graph\">{\"@context\":\"https:\\\/\\\/schema.org\",\"@graph\":[{\"@type\":\"WebPage\",\"@id\":\"https:\\\/\\\/crochetts.com\\\/fr\\\/tienda\\\/peluche-coussin-poisson-raye-gris\\\/\",\"url\":\"https:\\\/\\\/crochetts.com\\\/fr\\\/tienda\\\/peluche-coussin-poisson-raye-gris\\\/\",\"name\":\"- PELUCHE - COUSSIN POISSON RAY\u00c9 GRIS - Crochetts% Crochetts%%.\",\"isPartOf\":{\"@id\":\"https:\\\/\\\/crochetts.com\\\/fr\\\/#website\"},\"primaryImageOfPage\":{\"@id\":\"https:\\\/\\\/crochetts.com\\\/fr\\\/tienda\\\/peluche-coussin-poisson-raye-gris\\\/#primaryimage\"},\"image\":{\"@id\":\"https:\\\/\\\/crochetts.com\\\/fr\\\/tienda\\\/peluche-coussin-poisson-raye-gris\\\/#primaryimage\"},\"thumbnailUrl\":\"https:\\\/\\\/crochetts.com\\\/wp-content\\\/uploads\\\/2023\\\/06\\\/4003_1.jpg\",\"datePublished\":\"2023-06-20T08:28:47+00:00\",\"dateModified\":\"2026-01-16T10:36:47+00:00\",\"description\":\"Notre couverture grise est fabriqu\u00e9e en tissu \u00e9ponge doux et en velours sur le dessous. Elle est munie d'un grelot \u00e0 l'int\u00e9rieur du corps et de deux appliqu\u00e9s sur la partie sup\u00e9rieure du m\u00eame tissu, ce qui permet de la suspendre pour d\u00e9corer les murs des chambres d'enfants. Il peut \u00e9galement \u00eatre utilis\u00e9 pour d\u00e9corer les lits, comme coussin d\u00e9coratif ou comme peluche. Il pr\u00e9sente un motif amusant en forme de couverture, avec une queue aquatique amusante. Un \u00e9l\u00e9ment mural d\u00e9co unique con\u00e7u pour jouer et donner une touche sp\u00e9ciale aux chambres d'enfants.\",\"breadcrumb\":{\"@id\":\"https:\\\/\\\/crochetts.com\\\/fr\\\/tienda\\\/peluche-coussin-poisson-raye-gris\\\/#breadcrumb\"},\"inLanguage\":\"fr-FR\",\"potentialAction\":[{\"@type\":\"ReadAction\",\"target\":[\"https:\\\/\\\/crochetts.com\\\/fr\\\/tienda\\\/peluche-coussin-poisson-raye-gris\\\/\"]}]},{\"@type\":\"ImageObject\",\"inLanguage\":\"fr-FR\",\"@id\":\"https:\\\/\\\/crochetts.com\\\/fr\\\/tienda\\\/peluche-coussin-poisson-raye-gris\\\/#primaryimage\",\"url\":\"https:\\\/\\\/crochetts.com\\\/wp-content\\\/uploads\\\/2023\\\/06\\\/4003_1.jpg\",\"contentUrl\":\"https:\\\/\\\/crochetts.com\\\/wp-content\\\/uploads\\\/2023\\\/06\\\/4003_1.jpg\",\"width\":601,\"height\":900},{\"@type\":\"BreadcrumbList\",\"@id\":\"https:\\\/\\\/crochetts.com\\\/fr\\\/tienda\\\/peluche-coussin-poisson-raye-gris\\\/#breadcrumb\",\"itemListElement\":[{\"@type\":\"ListItem\",\"position\":1,\"name\":\"Portada\",\"item\":\"https:\\\/\\\/crochetts.com\\\/fr\\\/accueil\\\/\"},{\"@type\":\"ListItem\",\"position\":2,\"name\":\"Boutique\",\"item\":\"https:\\\/\\\/crochetts.fr\\\/boutique\\\/\"},{\"@type\":\"ListItem\",\"position\":3,\"name\":\"PELUCHE &#8211; COUSSIN POISSON RAY\u00c9 GRIS\"}]},{\"@type\":\"WebSite\",\"@id\":\"https:\\\/\\\/crochetts.com\\\/fr\\\/#website\",\"url\":\"https:\\\/\\\/crochetts.com\\\/fr\\\/\",\"name\":\"Crochetts\",\"description\":\"ANIMALES DE CROCHET PARA JUGAR,DECORAR Y SO\u00d1AR\",\"publisher\":{\"@id\":\"https:\\\/\\\/crochetts.com\\\/fr\\\/#organization\"},\"potentialAction\":[{\"@type\":\"SearchAction\",\"target\":{\"@type\":\"EntryPoint\",\"urlTemplate\":\"https:\\\/\\\/crochetts.com\\\/fr\\\/?s={search_term_string}\"},\"query-input\":{\"@type\":\"PropertyValueSpecification\",\"valueRequired\":true,\"valueName\":\"search_term_string\"}}],\"inLanguage\":\"fr-FR\"},{\"@type\":\"Organization\",\"@id\":\"https:\\\/\\\/crochetts.com\\\/fr\\\/#organization\",\"name\":\"Crochets\",\"url\":\"https:\\\/\\\/crochetts.com\\\/fr\\\/\",\"logo\":{\"@type\":\"ImageObject\",\"inLanguage\":\"fr-FR\",\"@id\":\"https:\\\/\\\/crochetts.com\\\/fr\\\/#\\\/schema\\\/logo\\\/image\\\/\",\"url\":\"https:\\\/\\\/i2.wp.com\\\/crochetts.com\\\/wp-content\\\/uploads\\\/2021\\\/01\\\/Logo-Crochetts.jpg?fit=300%2C137&ssl=1\",\"contentUrl\":\"https:\\\/\\\/i2.wp.com\\\/crochetts.com\\\/wp-content\\\/uploads\\\/2021\\\/01\\\/Logo-Crochetts.jpg?fit=300%2C137&ssl=1\",\"width\":300,\"height\":137,\"caption\":\"Crochets\"},\"image\":{\"@id\":\"https:\\\/\\\/crochetts.com\\\/fr\\\/#\\\/schema\\\/logo\\\/image\\\/\"},\"sameAs\":[\"https:\\\/\\\/www.facebook.com\\\/Crochetts-101964178013493\",\"https:\\\/\\\/www.instagram.com\\\/crochetts_\\\/\"]}]}<\/script>\n<meta property=\"product:price:amount\" content=\"58.00\" \/>\n<meta property=\"product:price:currency\" content=\"EUR\" \/>\n<meta property=\"og:availability\" content=\"instock\" \/>\n<meta property=\"product:availability\" content=\"instock\" \/>\n<meta property=\"product:retailer_item_id\" content=\"4003\" \/>\n<meta property=\"product:condition\" content=\"new\" \/>\n<!-- \/ Yoast SEO Premium plugin. -->","yoast_head_json":{"title":"- PELUCHE - COUSSIN POISSON RAY\u00c9 GRIS - Crochetts% Crochetts%%.","description":"Notre couverture grise est fabriqu\u00e9e en tissu \u00e9ponge doux et en velours sur le dessous. Elle est munie d'un grelot \u00e0 l'int\u00e9rieur du corps et de deux appliqu\u00e9s sur la partie sup\u00e9rieure du m\u00eame tissu, ce qui permet de la suspendre pour d\u00e9corer les murs des chambres d'enfants. Il peut \u00e9galement \u00eatre utilis\u00e9 pour d\u00e9corer les lits, comme coussin d\u00e9coratif ou comme peluche. Il pr\u00e9sente un motif amusant en forme de couverture, avec une queue aquatique amusante. Un \u00e9l\u00e9ment mural d\u00e9co unique con\u00e7u pour jouer et donner une touche sp\u00e9ciale aux chambres d'enfants.","robots":{"index":"index","follow":"follow","max-snippet":"max-snippet:-1","max-image-preview":"max-image-preview:large","max-video-preview":"max-video-preview:-1"},"canonical":"https:\/\/crochetts.com\/fr\/tienda\/peluche-coussin-poisson-raye-gris\/","og_locale":"fr_FR","og_type":"article","og_title":"PELUCHE - COUSSIN POISSON RAY\u00c9 GRIS","og_description":"Notre poisson galuchat gris est en tissu \u00e9ponge doux \u00e0 l'avant et en velours \u00e0 l'arri\u00e8re. Il est dot\u00e9 d'un grelot \u00e0 l'int\u00e9rieur du corps et de deux appliqu\u00e9s au dos dans le m\u00eame tissu, ce qui permet de le suspendre pour d\u00e9corer les murs des chambres d'enfants. Il peut \u00e9galement \u00eatre utilis\u00e9 comme coussin pour d\u00e9corer les lits ou comme peluche. Il a un design amusant en forme de poisson et de grandes nageoires.   Un \u00e9l\u00e9ment mural d\u00e9co unique con\u00e7u pour donner une touche sp\u00e9ciale aux chambres d' enfants. Dimensions : 59cm x 11cm x 65cm. Lavage \u00e0 la main ou en machine.","og_url":"https:\/\/crochetts.com\/fr\/tienda\/peluche-coussin-poisson-raye-gris\/","og_site_name":"Crochetts","article_publisher":"https:\/\/www.facebook.com\/Crochetts-101964178013493","article_modified_time":"2026-01-16T10:36:47+00:00","og_image":[{"width":601,"height":900,"url":"https:\/\/crochetts.com\/wp-content\/uploads\/2023\/06\/4003_1.jpg","type":"image\/jpeg"}],"twitter_card":"summary_large_image","twitter_misc":{"Prix":"58,00&nbsp;&euro;","Disponibilit\u00e9":"En stock"},"schema":{"@context":"https:\/\/schema.org","@graph":[{"@type":"WebPage","@id":"https:\/\/crochetts.com\/fr\/tienda\/peluche-coussin-poisson-raye-gris\/","url":"https:\/\/crochetts.com\/fr\/tienda\/peluche-coussin-poisson-raye-gris\/","name":"- PELUCHE - COUSSIN POISSON RAY\u00c9 GRIS - Crochetts% Crochetts%%.","isPartOf":{"@id":"https:\/\/crochetts.com\/fr\/#website"},"primaryImageOfPage":{"@id":"https:\/\/crochetts.com\/fr\/tienda\/peluche-coussin-poisson-raye-gris\/#primaryimage"},"image":{"@id":"https:\/\/crochetts.com\/fr\/tienda\/peluche-coussin-poisson-raye-gris\/#primaryimage"},"thumbnailUrl":"https:\/\/crochetts.com\/wp-content\/uploads\/2023\/06\/4003_1.jpg","datePublished":"2023-06-20T08:28:47+00:00","dateModified":"2026-01-16T10:36:47+00:00","description":"Notre couverture grise est fabriqu\u00e9e en tissu \u00e9ponge doux et en velours sur le dessous. Elle est munie d'un grelot \u00e0 l'int\u00e9rieur du corps et de deux appliqu\u00e9s sur la partie sup\u00e9rieure du m\u00eame tissu, ce qui permet de la suspendre pour d\u00e9corer les murs des chambres d'enfants. Il peut \u00e9galement \u00eatre utilis\u00e9 pour d\u00e9corer les lits, comme coussin d\u00e9coratif ou comme peluche. Il pr\u00e9sente un motif amusant en forme de couverture, avec une queue aquatique amusante. Un \u00e9l\u00e9ment mural d\u00e9co unique con\u00e7u pour jouer et donner une touche sp\u00e9ciale aux chambres d'enfants.","breadcrumb":{"@id":"https:\/\/crochetts.com\/fr\/tienda\/peluche-coussin-poisson-raye-gris\/#breadcrumb"},"inLanguage":"fr-FR","potentialAction":[{"@type":"ReadAction","target":["https:\/\/crochetts.com\/fr\/tienda\/peluche-coussin-poisson-raye-gris\/"]}]},{"@type":"ImageObject","inLanguage":"fr-FR","@id":"https:\/\/crochetts.com\/fr\/tienda\/peluche-coussin-poisson-raye-gris\/#primaryimage","url":"https:\/\/crochetts.com\/wp-content\/uploads\/2023\/06\/4003_1.jpg","contentUrl":"https:\/\/crochetts.com\/wp-content\/uploads\/2023\/06\/4003_1.jpg","width":601,"height":900},{"@type":"BreadcrumbList","@id":"https:\/\/crochetts.com\/fr\/tienda\/peluche-coussin-poisson-raye-gris\/#breadcrumb","itemListElement":[{"@type":"ListItem","position":1,"name":"Portada","item":"https:\/\/crochetts.com\/fr\/accueil\/"},{"@type":"ListItem","position":2,"name":"Boutique","item":"https:\/\/crochetts.fr\/boutique\/"},{"@type":"ListItem","position":3,"name":"PELUCHE &#8211; COUSSIN POISSON RAY\u00c9 GRIS"}]},{"@type":"WebSite","@id":"https:\/\/crochetts.com\/fr\/#website","url":"https:\/\/crochetts.com\/fr\/","name":"Crochetts","description":"ANIMALES DE CROCHET PARA JUGAR,DECORAR Y SO\u00d1AR","publisher":{"@id":"https:\/\/crochetts.com\/fr\/#organization"},"potentialAction":[{"@type":"SearchAction","target":{"@type":"EntryPoint","urlTemplate":"https:\/\/crochetts.com\/fr\/?s={search_term_string}"},"query-input":{"@type":"PropertyValueSpecification","valueRequired":true,"valueName":"search_term_string"}}],"inLanguage":"fr-FR"},{"@type":"Organization","@id":"https:\/\/crochetts.com\/fr\/#organization","name":"Crochets","url":"https:\/\/crochetts.com\/fr\/","logo":{"@type":"ImageObject","inLanguage":"fr-FR","@id":"https:\/\/crochetts.com\/fr\/#\/schema\/logo\/image\/","url":"https:\/\/i2.wp.com\/crochetts.com\/wp-content\/uploads\/2021\/01\/Logo-Crochetts.jpg?fit=300%2C137&ssl=1","contentUrl":"https:\/\/i2.wp.com\/crochetts.com\/wp-content\/uploads\/2021\/01\/Logo-Crochetts.jpg?fit=300%2C137&ssl=1","width":300,"height":137,"caption":"Crochets"},"image":{"@id":"https:\/\/crochetts.com\/fr\/#\/schema\/logo\/image\/"},"sameAs":["https:\/\/www.facebook.com\/Crochetts-101964178013493","https:\/\/www.instagram.com\/crochetts_\/"]}]},"product_price_amount":"58.00","product_price_currency":"EUR","og_availability":"instock","product_availability":"instock","product_retailer_item_id":"4003","product_condition":"new"},"_links":{"self":[{"href":"https:\/\/crochetts.com\/fr\/wp-json\/wp\/v2\/product\/23864","targetHints":{"allow":["GET"]}}],"collection":[{"href":"https:\/\/crochetts.com\/fr\/wp-json\/wp\/v2\/product"}],"about":[{"href":"https:\/\/crochetts.com\/fr\/wp-json\/wp\/v2\/types\/product"}],"wp:featuredmedia":[{"embeddable":true,"href":"https:\/\/crochetts.com\/fr\/wp-json\/wp\/v2\/media\/23866"}],"wp:attachment":[{"href":"https:\/\/crochetts.com\/fr\/wp-json\/wp\/v2\/media?parent=23864"}],"wp:term":[{"taxonomy":"product_brand","embeddable":true,"href":"https:\/\/crochetts.com\/fr\/wp-json\/wp\/v2\/product_brand?post=23864"},{"taxonomy":"product_cat","embeddable":true,"href":"https:\/\/crochetts.com\/fr\/wp-json\/wp\/v2\/product_cat?post=23864"},{"taxonomy":"product_tag","embeddable":true,"href":"https:\/\/crochetts.com\/fr\/wp-json\/wp\/v2\/product_tag?post=23864"}],"curies":[{"name":"wp","href":"https:\/\/api.w.org\/{rel}","templated":true}]}}