{"id":23719,"date":"2023-08-28T13:56:38","date_gmt":"2023-08-28T12:56:38","guid":{"rendered":"https:\/\/crochetts.com\/tienda\/siege-peluche-pegasus-yuco\/"},"modified":"2025-11-21T14:19:45","modified_gmt":"2025-11-21T13:19:45","slug":"siege-peluche-pegasus-yuco","status":"publish","type":"product","link":"https:\/\/crochetts.com\/fr\/tienda\/siege-peluche-pegasus-yuco\/","title":{"rendered":"SI\u00c8GE PELUCHE PEGASUS YUCO"},"content":{"rendered":"<div style=\"text-align: justify;\">Toutes nos <strong>poup\u00e9es <\/strong><em><strong>amigurumis<\/strong> <\/em><span style=\"background-color: transparent;\">sont d&rsquo;excellents compagnons <strong>pour les enfants<\/strong> de tous \u00e2ges. Elles <strong>constituent des \u00e9l\u00e9ments de d\u00e9coration<\/strong> parfaits pour les <strong>chambres d&rsquo;enfants<\/strong> ou sont id\u00e9ales pour les <strong>vitrines de magasins<\/strong>.<\/span><\/div>\n<div style=\"text-align: justify;\">Ils sont con\u00e7us et fabriqu\u00e9s selon les <strong>normes de qualit\u00e9 les plus \u00e9lev\u00e9es, en <\/strong>utilisant toujours des mat\u00e9riaux naturels tels que le bois et le coton 100 % naturel. Disponibles en <strong>deux tailles, <\/strong>seules les grandes <strong>sont dot\u00e9es d&rsquo;une structure int\u00e9rieure en bois pouvant supporter jusqu&rsquo;\u00e0 70 kg.<\/strong> <\/div>\n<div>\n<p data-start=\"1411\" data-end=\"1779\">La <strong data-start=\"1414\" data-end=\"1441\">peluche g\u00e9ante Pegasus Maxi<\/strong> n&rsquo;est pas seulement un jouet : c&rsquo;est une pi\u00e8ce de design artisanale qui transforme toute chambre d&rsquo;enfant en un espace plein de chaleur et de personnalit\u00e9. Ses <strong data-start=\"1596\" data-end=\"1624\">d\u00e9tails brod\u00e9s \u00e0 la main<\/strong> et ses finitions soign\u00e9es refl\u00e8tent l&rsquo;esprit durable et l&rsquo;authenticit\u00e9 de Crochetts\u00ae, o\u00f9 chaque produit <strong>est cr\u00e9\u00e9 avec amour, respect et souci du d\u00e9tail.<\/strong><\/p>\n<p data-start=\"1781\" data-end=\"2013\">Il comprend une <strong data-start=\"1801\" data-end=\"1838\">lettre de bienvenue personnalis\u00e9e<\/strong> dans laquelle le doudou <strong>Yuco<\/strong> se pr\u00e9sente \u00e0 l&rsquo;enfant, cr\u00e9ant ainsi un lien sp\u00e9cial d\u00e8s le premier instant. Un d\u00e9tail qui fait de cette peluche un cadeau original et \u00e9motionnellement unique.<\/p>\n<p data-start=\"2015\" data-end=\"2167\">Id\u00e9al pour les <strong data-start=\"2026\" data-end=\"2085\">cadeaux d&rsquo;anniversaire, les anniversaires ou les d\u00e9corations pour enfants !<\/strong><\/p>\n<\/div>\n","protected":false},"excerpt":{"rendered":"<p data-start=\"413\" data-end=\"604\">Inspirez la <strong data-start=\"421\" data-end=\"450\">tendresse, le calme et la fantaisie<\/strong> dans la chambre des enfants avec le <strong data-start=\"484\" data-end=\"527\">doudou g\u00e9ant Pegasus en coton 100 % naturel en taille maxi de Crochetts<\/strong>, une cr\u00e9ation artisanale qui allie <strong data-start=\"564\" data-end=\"601\">design, douceur et durabilit\u00e9<\/strong>.<\/p>\n<p data-start=\"413\" data-end=\"604\">Cet adorable P\u00e9gase devient le compagnon id\u00e9al pour <strong data-start=\"729\" data-end=\"757\">jouer, faire des c\u00e2lins ou d\u00e9corer<\/strong>, et peut m\u00eame \u00eatre utilis\u00e9 comme <strong data-start=\"787\" data-end=\"807\">si\u00e8ge d&rsquo;appoint<\/strong>. Son charmant ton vert menthe et ses d\u00e9tails tiss\u00e9s \u00e9voquent la <strong data-start=\"873\" data-end=\"902\">fra\u00eecheur de la nature<\/strong> et l&rsquo;esprit libre de l&rsquo;univers Crochetts.<\/p>\n<p>Son <strong>cadre<\/strong> <strong>interne<\/strong> <strong>en bois de pin<\/strong> <strong>supporte jusqu&rsquo;\u00e0 70 kg de poids sur le dessus,<\/strong> et les <strong>semelles antid\u00e9rapantes<\/strong> sur les pieds assurent la stabilit\u00e9 et la s\u00e9curit\u00e9. Parfait comme <strong>peluche d\u00e9corative<\/strong> <strong>XXL<\/strong> ou comme <strong>si\u00e8ge d&rsquo;<\/strong> <strong>appoint<\/strong>, cet adorable p\u00e9gase de Crochetts apporte chaleur et charme \u00e0 l&rsquo;espace des enfants.  <\/p>\n<p data-start=\"1781\" data-end=\"2013\">Il comprend une <strong data-start=\"1801\" data-end=\"1838\">lettre de bienvenue personnalis\u00e9e<\/strong> dans laquelle le doudou <strong>Yuco<\/strong> se pr\u00e9sente \u00e0 l&rsquo;enfant, cr\u00e9ant ainsi un lien sp\u00e9cial d\u00e8s le premier instant. Un d\u00e9tail qui fait de cette peluche un cadeau original et \u00e9motionnellement unique. Id\u00e9al pour les <strong data-start=\"2026\" data-end=\"2085\">cadeaux d&rsquo;anniversaire, les anniversaires ou les d\u00e9corations pour enfants !<\/strong><\/p>\n","protected":false},"featured_media":23735,"template":"","meta":{"_acf_changed":false,"_joinchat":[]},"product_brand":[],"product_cat":[4671,4787,4816,4826],"product_tag":[4799,4793,4813,5941,4791,4790,4792,5362,4798,5940,5942,4795,4797],"class_list":{"0":"post-23719","1":"product","2":"type-product","3":"status-publish","4":"has-post-thumbnail","6":"product_cat-accueil","7":"product_cat-amigurumis","8":"product_cat-amigurumis-maxi","9":"product_cat-la-ferme","10":"product_tag-nounours-decorer","11":"product_tag-ours-en-peluche","12":"product_tag-ours-en-peluche-maxi","13":"product_tag-ours-en-peluche-pegasus","14":"product_tag-ourson-au-crochet","15":"product_tag-ourson-en-coton","16":"product_tag-ourson-en-coton-hypoallergenique","17":"product_tag-ourson-licorne","18":"product_tag-ourson-xxl","19":"product_tag-pegasus-teddy","20":"product_tag-peluche-dinosaure-aile","21":"product_tag-peluche-geante","22":"product_tag-siege-en-peluche","23":"entry","25":"first","26":"instock","27":"taxable","28":"shipping-taxable","29":"purchasable","30":"product-type-simple"},"acf":[],"yoast_head":"<!-- This site is optimized with the Yoast SEO Premium plugin v26.1 (Yoast SEO v27.3) - https:\/\/yoast.com\/product\/yoast-seo-premium-wordpress\/ -->\n<title>Si\u00e8ge Pegasus en peluche en coton hypoallerg\u00e9nique - Crochetts% Shop Online<\/title>\n<meta name=\"description\" content=\"D\u00e9couvrez le maxi si\u00e8ge g\u00e9ant en peluche pegasus de crochetts : 100% coton naturel, hypoallerg\u00e9nique et tr\u00e8s doux au toucher. Id\u00e9al pour offrir ou d\u00e9corer.\" \/>\n<meta name=\"robots\" content=\"index, follow, max-snippet:-1, max-image-preview:large, max-video-preview:-1\" \/>\n<link rel=\"canonical\" href=\"https:\/\/crochetts.com\/fr\/tienda\/siege-peluche-pegasus-yuco\/\" \/>\n<meta property=\"og:locale\" content=\"fr_FR\" \/>\n<meta property=\"og:type\" content=\"article\" \/>\n<meta property=\"og:title\" content=\"SI\u00c8GE PELUCHE PEGASUS YUCO\" \/>\n<meta property=\"og:description\" content=\"Inspirez la tendresse, le calme et la fantaisie dans la chambre des enfants avec le doudou g\u00e9ant Pegasus en coton 100 % naturel en taille maxi de Crochetts, une cr\u00e9ation artisanale qui allie design, douceur et durabilit\u00e9. Cet adorable P\u00e9gase devient le compagnon id\u00e9al pour jouer, faire des c\u00e2lins ou d\u00e9corer, et peut m\u00eame \u00eatre utilis\u00e9 comme si\u00e8ge d&#039;appoint. Son charmant ton vert menthe et ses d\u00e9tails tiss\u00e9s \u00e9voquent la fra\u00eecheur de la nature et l&#039;esprit libre de l&#039;univers Crochetts. Son cadre interne en bois de pin supporte jusqu&#039;\u00e0 70 kg de poids sur le dessus, et les semelles antid\u00e9rapantes sur les pieds assurent la stabilit\u00e9 et la s\u00e9curit\u00e9. Parfait comme peluche d\u00e9corative XXL ou comme si\u00e8ge d&#039; appoint, cet adorable p\u00e9gase de Crochetts apporte chaleur et charme \u00e0 l&#039;espace des enfants.  Il comprend une lettre de bienvenue personnalis\u00e9e dans laquelle le doudou Yuco se pr\u00e9sente \u00e0 l&#039;enfant, cr\u00e9ant ainsi un lien sp\u00e9cial d\u00e8s le premier instant. Un d\u00e9tail qui fait de cette peluche un cadeau original et \u00e9motionnellement unique. Id\u00e9al pour les cadeaux d&#039;anniversaire, les anniversaires ou les d\u00e9corations pour enfants !\" \/>\n<meta property=\"og:url\" content=\"https:\/\/crochetts.com\/fr\/tienda\/siege-peluche-pegasus-yuco\/\" \/>\n<meta property=\"og:site_name\" content=\"Crochetts\" \/>\n<meta property=\"article:publisher\" content=\"https:\/\/www.facebook.com\/Crochetts-101964178013493\" \/>\n<meta property=\"article:modified_time\" content=\"2025-11-21T13:19:45+00:00\" \/>\n<meta property=\"og:image\" content=\"https:\/\/crochetts.com\/wp-content\/uploads\/2023\/08\/LT-FTDJS_6.jpg\" \/>\n\t<meta property=\"og:image:width\" content=\"601\" \/>\n\t<meta property=\"og:image:height\" content=\"900\" \/>\n\t<meta property=\"og:image:type\" content=\"image\/jpeg\" \/>\n<meta name=\"twitter:card\" content=\"summary_large_image\" \/>\n<meta name=\"twitter:label1\" content=\"Prix\" \/>\n\t<meta name=\"twitter:data1\" content=\"298,98&nbsp;&euro;\" \/>\n\t<meta name=\"twitter:label2\" content=\"Disponibilit\u00e9\" \/>\n\t<meta name=\"twitter:data2\" content=\"En stock\" \/>\n<script type=\"application\/ld+json\" class=\"yoast-schema-graph\">{\"@context\":\"https:\\\/\\\/schema.org\",\"@graph\":[{\"@type\":\"WebPage\",\"@id\":\"https:\\\/\\\/crochetts.com\\\/fr\\\/tienda\\\/siege-peluche-pegasus-yuco\\\/\",\"url\":\"https:\\\/\\\/crochetts.com\\\/fr\\\/tienda\\\/siege-peluche-pegasus-yuco\\\/\",\"name\":\"Si\u00e8ge Pegasus en peluche en coton hypoallerg\u00e9nique - Crochetts% Shop Online\",\"isPartOf\":{\"@id\":\"https:\\\/\\\/crochetts.com\\\/fr\\\/#website\"},\"primaryImageOfPage\":{\"@id\":\"https:\\\/\\\/crochetts.com\\\/fr\\\/tienda\\\/siege-peluche-pegasus-yuco\\\/#primaryimage\"},\"image\":{\"@id\":\"https:\\\/\\\/crochetts.com\\\/fr\\\/tienda\\\/siege-peluche-pegasus-yuco\\\/#primaryimage\"},\"thumbnailUrl\":\"https:\\\/\\\/crochetts.com\\\/wp-content\\\/uploads\\\/2023\\\/08\\\/LT-FTDJS_6.jpg\",\"datePublished\":\"2023-08-28T12:56:38+00:00\",\"dateModified\":\"2025-11-21T13:19:45+00:00\",\"description\":\"D\u00e9couvrez le maxi si\u00e8ge g\u00e9ant en peluche pegasus de crochetts : 100% coton naturel, hypoallerg\u00e9nique et tr\u00e8s doux au toucher. Id\u00e9al pour offrir ou d\u00e9corer.\",\"breadcrumb\":{\"@id\":\"https:\\\/\\\/crochetts.com\\\/fr\\\/tienda\\\/siege-peluche-pegasus-yuco\\\/#breadcrumb\"},\"inLanguage\":\"fr-FR\",\"potentialAction\":[{\"@type\":\"ReadAction\",\"target\":[\"https:\\\/\\\/crochetts.com\\\/fr\\\/tienda\\\/siege-peluche-pegasus-yuco\\\/\"]}]},{\"@type\":\"ImageObject\",\"inLanguage\":\"fr-FR\",\"@id\":\"https:\\\/\\\/crochetts.com\\\/fr\\\/tienda\\\/siege-peluche-pegasus-yuco\\\/#primaryimage\",\"url\":\"https:\\\/\\\/crochetts.com\\\/wp-content\\\/uploads\\\/2023\\\/08\\\/LT-FTDJS_6.jpg\",\"contentUrl\":\"https:\\\/\\\/crochetts.com\\\/wp-content\\\/uploads\\\/2023\\\/08\\\/LT-FTDJS_6.jpg\",\"width\":601,\"height\":900,\"caption\":\"ours en peluche pegasus g\u00e9ant\"},{\"@type\":\"BreadcrumbList\",\"@id\":\"https:\\\/\\\/crochetts.com\\\/fr\\\/tienda\\\/siege-peluche-pegasus-yuco\\\/#breadcrumb\",\"itemListElement\":[{\"@type\":\"ListItem\",\"position\":1,\"name\":\"Portada\",\"item\":\"https:\\\/\\\/crochetts.com\\\/fr\\\/accueil\\\/\"},{\"@type\":\"ListItem\",\"position\":2,\"name\":\"Boutique\",\"item\":\"https:\\\/\\\/crochetts.fr\\\/boutique\\\/\"},{\"@type\":\"ListItem\",\"position\":3,\"name\":\"SI\u00c8GE PELUCHE PEGASUS YUCO\"}]},{\"@type\":\"WebSite\",\"@id\":\"https:\\\/\\\/crochetts.com\\\/fr\\\/#website\",\"url\":\"https:\\\/\\\/crochetts.com\\\/fr\\\/\",\"name\":\"Crochetts\",\"description\":\"ANIMALES DE CROCHET PARA JUGAR,DECORAR Y SO\u00d1AR\",\"publisher\":{\"@id\":\"https:\\\/\\\/crochetts.com\\\/fr\\\/#organization\"},\"potentialAction\":[{\"@type\":\"SearchAction\",\"target\":{\"@type\":\"EntryPoint\",\"urlTemplate\":\"https:\\\/\\\/crochetts.com\\\/fr\\\/?s={search_term_string}\"},\"query-input\":{\"@type\":\"PropertyValueSpecification\",\"valueRequired\":true,\"valueName\":\"search_term_string\"}}],\"inLanguage\":\"fr-FR\"},{\"@type\":\"Organization\",\"@id\":\"https:\\\/\\\/crochetts.com\\\/fr\\\/#organization\",\"name\":\"Crochets\",\"url\":\"https:\\\/\\\/crochetts.com\\\/fr\\\/\",\"logo\":{\"@type\":\"ImageObject\",\"inLanguage\":\"fr-FR\",\"@id\":\"https:\\\/\\\/crochetts.com\\\/fr\\\/#\\\/schema\\\/logo\\\/image\\\/\",\"url\":\"https:\\\/\\\/i2.wp.com\\\/crochetts.com\\\/wp-content\\\/uploads\\\/2021\\\/01\\\/Logo-Crochetts.jpg?fit=300%2C137&ssl=1\",\"contentUrl\":\"https:\\\/\\\/i2.wp.com\\\/crochetts.com\\\/wp-content\\\/uploads\\\/2021\\\/01\\\/Logo-Crochetts.jpg?fit=300%2C137&ssl=1\",\"width\":300,\"height\":137,\"caption\":\"Crochets\"},\"image\":{\"@id\":\"https:\\\/\\\/crochetts.com\\\/fr\\\/#\\\/schema\\\/logo\\\/image\\\/\"},\"sameAs\":[\"https:\\\/\\\/www.facebook.com\\\/Crochetts-101964178013493\",\"https:\\\/\\\/www.instagram.com\\\/crochetts_\\\/\"]}]}<\/script>\n<meta property=\"product:price:amount\" content=\"298.98\" \/>\n<meta property=\"product:price:currency\" content=\"EUR\" \/>\n<meta property=\"og:availability\" content=\"instock\" \/>\n<meta property=\"product:availability\" content=\"instock\" \/>\n<meta property=\"product:retailer_item_id\" content=\"LT-FTDJS\" \/>\n<meta property=\"product:condition\" content=\"new\" \/>\n<!-- \/ Yoast SEO Premium plugin. -->","yoast_head_json":{"title":"Si\u00e8ge Pegasus en peluche en coton hypoallerg\u00e9nique - Crochetts% Shop Online","description":"D\u00e9couvrez le maxi si\u00e8ge g\u00e9ant en peluche pegasus de crochetts : 100% coton naturel, hypoallerg\u00e9nique et tr\u00e8s doux au toucher. Id\u00e9al pour offrir ou d\u00e9corer.","robots":{"index":"index","follow":"follow","max-snippet":"max-snippet:-1","max-image-preview":"max-image-preview:large","max-video-preview":"max-video-preview:-1"},"canonical":"https:\/\/crochetts.com\/fr\/tienda\/siege-peluche-pegasus-yuco\/","og_locale":"fr_FR","og_type":"article","og_title":"SI\u00c8GE PELUCHE PEGASUS YUCO","og_description":"Inspirez la tendresse, le calme et la fantaisie dans la chambre des enfants avec le doudou g\u00e9ant Pegasus en coton 100 % naturel en taille maxi de Crochetts, une cr\u00e9ation artisanale qui allie design, douceur et durabilit\u00e9. Cet adorable P\u00e9gase devient le compagnon id\u00e9al pour jouer, faire des c\u00e2lins ou d\u00e9corer, et peut m\u00eame \u00eatre utilis\u00e9 comme si\u00e8ge d'appoint. Son charmant ton vert menthe et ses d\u00e9tails tiss\u00e9s \u00e9voquent la fra\u00eecheur de la nature et l'esprit libre de l'univers Crochetts. Son cadre interne en bois de pin supporte jusqu'\u00e0 70 kg de poids sur le dessus, et les semelles antid\u00e9rapantes sur les pieds assurent la stabilit\u00e9 et la s\u00e9curit\u00e9. Parfait comme peluche d\u00e9corative XXL ou comme si\u00e8ge d' appoint, cet adorable p\u00e9gase de Crochetts apporte chaleur et charme \u00e0 l'espace des enfants.  Il comprend une lettre de bienvenue personnalis\u00e9e dans laquelle le doudou Yuco se pr\u00e9sente \u00e0 l'enfant, cr\u00e9ant ainsi un lien sp\u00e9cial d\u00e8s le premier instant. Un d\u00e9tail qui fait de cette peluche un cadeau original et \u00e9motionnellement unique. Id\u00e9al pour les cadeaux d'anniversaire, les anniversaires ou les d\u00e9corations pour enfants !","og_url":"https:\/\/crochetts.com\/fr\/tienda\/siege-peluche-pegasus-yuco\/","og_site_name":"Crochetts","article_publisher":"https:\/\/www.facebook.com\/Crochetts-101964178013493","article_modified_time":"2025-11-21T13:19:45+00:00","og_image":[{"width":601,"height":900,"url":"https:\/\/crochetts.com\/wp-content\/uploads\/2023\/08\/LT-FTDJS_6.jpg","type":"image\/jpeg"}],"twitter_card":"summary_large_image","twitter_misc":{"Prix":"298,98&nbsp;&euro;","Disponibilit\u00e9":"En stock"},"schema":{"@context":"https:\/\/schema.org","@graph":[{"@type":"WebPage","@id":"https:\/\/crochetts.com\/fr\/tienda\/siege-peluche-pegasus-yuco\/","url":"https:\/\/crochetts.com\/fr\/tienda\/siege-peluche-pegasus-yuco\/","name":"Si\u00e8ge Pegasus en peluche en coton hypoallerg\u00e9nique - Crochetts% Shop Online","isPartOf":{"@id":"https:\/\/crochetts.com\/fr\/#website"},"primaryImageOfPage":{"@id":"https:\/\/crochetts.com\/fr\/tienda\/siege-peluche-pegasus-yuco\/#primaryimage"},"image":{"@id":"https:\/\/crochetts.com\/fr\/tienda\/siege-peluche-pegasus-yuco\/#primaryimage"},"thumbnailUrl":"https:\/\/crochetts.com\/wp-content\/uploads\/2023\/08\/LT-FTDJS_6.jpg","datePublished":"2023-08-28T12:56:38+00:00","dateModified":"2025-11-21T13:19:45+00:00","description":"D\u00e9couvrez le maxi si\u00e8ge g\u00e9ant en peluche pegasus de crochetts : 100% coton naturel, hypoallerg\u00e9nique et tr\u00e8s doux au toucher. Id\u00e9al pour offrir ou d\u00e9corer.","breadcrumb":{"@id":"https:\/\/crochetts.com\/fr\/tienda\/siege-peluche-pegasus-yuco\/#breadcrumb"},"inLanguage":"fr-FR","potentialAction":[{"@type":"ReadAction","target":["https:\/\/crochetts.com\/fr\/tienda\/siege-peluche-pegasus-yuco\/"]}]},{"@type":"ImageObject","inLanguage":"fr-FR","@id":"https:\/\/crochetts.com\/fr\/tienda\/siege-peluche-pegasus-yuco\/#primaryimage","url":"https:\/\/crochetts.com\/wp-content\/uploads\/2023\/08\/LT-FTDJS_6.jpg","contentUrl":"https:\/\/crochetts.com\/wp-content\/uploads\/2023\/08\/LT-FTDJS_6.jpg","width":601,"height":900,"caption":"ours en peluche pegasus g\u00e9ant"},{"@type":"BreadcrumbList","@id":"https:\/\/crochetts.com\/fr\/tienda\/siege-peluche-pegasus-yuco\/#breadcrumb","itemListElement":[{"@type":"ListItem","position":1,"name":"Portada","item":"https:\/\/crochetts.com\/fr\/accueil\/"},{"@type":"ListItem","position":2,"name":"Boutique","item":"https:\/\/crochetts.fr\/boutique\/"},{"@type":"ListItem","position":3,"name":"SI\u00c8GE PELUCHE PEGASUS YUCO"}]},{"@type":"WebSite","@id":"https:\/\/crochetts.com\/fr\/#website","url":"https:\/\/crochetts.com\/fr\/","name":"Crochetts","description":"ANIMALES DE CROCHET PARA JUGAR,DECORAR Y SO\u00d1AR","publisher":{"@id":"https:\/\/crochetts.com\/fr\/#organization"},"potentialAction":[{"@type":"SearchAction","target":{"@type":"EntryPoint","urlTemplate":"https:\/\/crochetts.com\/fr\/?s={search_term_string}"},"query-input":{"@type":"PropertyValueSpecification","valueRequired":true,"valueName":"search_term_string"}}],"inLanguage":"fr-FR"},{"@type":"Organization","@id":"https:\/\/crochetts.com\/fr\/#organization","name":"Crochets","url":"https:\/\/crochetts.com\/fr\/","logo":{"@type":"ImageObject","inLanguage":"fr-FR","@id":"https:\/\/crochetts.com\/fr\/#\/schema\/logo\/image\/","url":"https:\/\/i2.wp.com\/crochetts.com\/wp-content\/uploads\/2021\/01\/Logo-Crochetts.jpg?fit=300%2C137&ssl=1","contentUrl":"https:\/\/i2.wp.com\/crochetts.com\/wp-content\/uploads\/2021\/01\/Logo-Crochetts.jpg?fit=300%2C137&ssl=1","width":300,"height":137,"caption":"Crochets"},"image":{"@id":"https:\/\/crochetts.com\/fr\/#\/schema\/logo\/image\/"},"sameAs":["https:\/\/www.facebook.com\/Crochetts-101964178013493","https:\/\/www.instagram.com\/crochetts_\/"]}]},"product_price_amount":"298.98","product_price_currency":"EUR","og_availability":"instock","product_availability":"instock","product_retailer_item_id":"LT-FTDJS","product_condition":"new"},"_links":{"self":[{"href":"https:\/\/crochetts.com\/fr\/wp-json\/wp\/v2\/product\/23719","targetHints":{"allow":["GET"]}}],"collection":[{"href":"https:\/\/crochetts.com\/fr\/wp-json\/wp\/v2\/product"}],"about":[{"href":"https:\/\/crochetts.com\/fr\/wp-json\/wp\/v2\/types\/product"}],"wp:featuredmedia":[{"embeddable":true,"href":"https:\/\/crochetts.com\/fr\/wp-json\/wp\/v2\/media\/23735"}],"wp:attachment":[{"href":"https:\/\/crochetts.com\/fr\/wp-json\/wp\/v2\/media?parent=23719"}],"wp:term":[{"taxonomy":"product_brand","embeddable":true,"href":"https:\/\/crochetts.com\/fr\/wp-json\/wp\/v2\/product_brand?post=23719"},{"taxonomy":"product_cat","embeddable":true,"href":"https:\/\/crochetts.com\/fr\/wp-json\/wp\/v2\/product_cat?post=23719"},{"taxonomy":"product_tag","embeddable":true,"href":"https:\/\/crochetts.com\/fr\/wp-json\/wp\/v2\/product_tag?post=23719"}],"curies":[{"name":"wp","href":"https:\/\/api.w.org\/{rel}","templated":true}]}}