{"id":23660,"date":"2023-10-10T15:36:43","date_gmt":"2023-10-10T14:36:43","guid":{"rendered":"https:\/\/crochetts.com\/tienda\/paquet-de-raies-grises-et-blanches\/"},"modified":"2025-11-21T14:19:34","modified_gmt":"2025-11-21T13:19:34","slug":"paquet-de-raies-grises-et-blanches","status":"publish","type":"product","link":"https:\/\/crochetts.com\/fr\/tienda\/paquet-de-raies-grises-et-blanches\/","title":{"rendered":"PAQUET DE RAIES GRISES ET BLANCHES"},"content":{"rendered":"<div style=\"text-align: justify;\">\n<div style=\"text-align: justify;\">\n<p>Notre <strong>collection oc\u00e9an<\/strong> a un <strong>design exclusif<\/strong>, ce sont des animaux aquatiques avec un toucher tr\u00e8s doux qui ont \u00e9t\u00e9 con\u00e7us selon le concept<strong> DECO-PLAY,<\/strong> ils <strong>peuvent <\/strong> donc <strong>\u00eatre utilis\u00e9s pour jouer et d\u00e9corer <\/strong><strong> les chambres<\/strong> des petits de la maison. <strong>Ils ont 2 crochets du m\u00eame tissu en<\/strong> haut <strong>pour les accrocher au mur. <\/strong>Ils sont parfaits pour jouer et d\u00e9corer leurs propres murs.<\/p>\n<\/div>\n<p>Choisissez l&rsquo;animal qui vous pla\u00eet le plus pour l&rsquo;accompagner dans une ambiance calme et chaleureuse <strong>.<\/strong> Un cadeau unique et tr\u00e8s sp\u00e9cial qui surprendra petits et grands.  <strong>ont une cloche \u00e0 l&rsquo;int\u00e9rieur qui sonne lorsque les petits la secouent et font un son.<\/strong><\/p>\n<\/div>\n<p>&nbsp;<\/p>\n<p>&nbsp;<\/p>\n<p>&nbsp;<\/p>\n","protected":false},"excerpt":{"rendered":"<p>Notre <strong>peluche<\/strong> pour jouer et d\u00e9corer est compos\u00e9e de<strong> 2 magnifiques<\/strong> poissons rtaya en blanc et gris. Ils ont <strong>un grelot \u00e0 l&rsquo;int\u00e9rieur<\/strong> pour \u00e9mettre un son doux et 2 <strong>appliqu\u00e9s<\/strong> du m\u00eame tissu avec lesquels vous pouvez facilement<strong> les accrocher au mur.<\/strong> <\/p>\n<p>Un \u00e9l\u00e9ment de<strong> jeu mural d\u00e9co<\/strong> unique dans lequel le monde marin ajoutera une touche agr\u00e9able aux chambres des petits.<\/p>\n<p>Nos couvertures amusantes peuvent \u00e9galement \u00eatre utilis\u00e9es comme<strong> coussins de lit originaux<\/strong>.<\/p>\n<p><strong>Lavage<\/strong> \u00e0 la main ou en machine.<\/p>\n<p><strong>Dimensions :<\/strong><\/p>\n<p>-59cm x 11cm x 65cm<\/p>\n<p>&nbsp;<\/p>\n<p>&nbsp;<\/p>\n","protected":false},"featured_media":23668,"template":"","meta":{"_acf_changed":false,"_joinchat":[]},"product_brand":[],"product_cat":[5910],"product_tag":[5912,5422,5380,5911,5421,5913],"class_list":{"0":"post-23660","1":"product","2":"type-product","3":"status-publish","4":"has-post-thumbnail","6":"product_cat-teddies-ocean","7":"product_tag-beluga-en-peluche","8":"product_tag-decokids","9":"product_tag-decoration","10":"product_tag-mur","11":"product_tag-nounours","12":"product_tag-poisson-en-peluche","13":"entry","15":"first","16":"outofstock","17":"featured","18":"taxable","19":"shipping-taxable","20":"purchasable","21":"product-type-simple"},"acf":[],"yoast_head":"<!-- This site is optimized with the Yoast SEO Premium plugin v26.1 (Yoast SEO v27.3) - https:\/\/yoast.com\/product\/yoast-seo-premium-wordpress\/ -->\n<title>- PAQUET DE RAIES GRISES ET BLANCHES - Crochetts% Crochetts%%.<\/title>\n<meta name=\"description\" content=\"Notre pack de peluches pour jouer et d\u00e9corer est compos\u00e9 de 2 belles couvertures en blanc et gris. Elles sont munies d&#039;un grelot \u00e0 l&#039;int\u00e9rieur qui \u00e9met un son doux et de 2 appliques du m\u00eame tissu avec lesquelles vous pouvez facilement les accrocher au mur. Un \u00e9l\u00e9ment de jeu mural Doco unique dans lequel le monde marin donnera une touche agr\u00e9able aux chambres des petits. Nos couvertures amusantes peuvent \u00e9galement \u00eatre utilis\u00e9es comme coussins de lit originaux.\" \/>\n<meta name=\"robots\" content=\"index, follow, max-snippet:-1, max-image-preview:large, max-video-preview:-1\" \/>\n<link rel=\"canonical\" href=\"https:\/\/crochetts.com\/fr\/tienda\/paquet-de-raies-grises-et-blanches\/\" \/>\n<meta property=\"og:locale\" content=\"fr_FR\" \/>\n<meta property=\"og:type\" content=\"article\" \/>\n<meta property=\"og:title\" content=\"PAQUET DE RAIES GRISES ET BLANCHES\" \/>\n<meta property=\"og:description\" content=\"Notre peluche pour jouer et d\u00e9corer est compos\u00e9e de 2 magnifiques poissons rtaya en blanc et gris. Ils ont un grelot \u00e0 l&#039;int\u00e9rieur pour \u00e9mettre un son doux et 2 appliqu\u00e9s du m\u00eame tissu avec lesquels vous pouvez facilement les accrocher au mur.  Un \u00e9l\u00e9ment de jeu mural d\u00e9co unique dans lequel le monde marin ajoutera une touche agr\u00e9able aux chambres des petits. Nos couvertures amusantes peuvent \u00e9galement \u00eatre utilis\u00e9es comme coussins de lit originaux. Lavage \u00e0 la main ou en machine. Dimensions : -59cm x 11cm x 65cm &nbsp; &nbsp;\" \/>\n<meta property=\"og:url\" content=\"https:\/\/crochetts.com\/fr\/tienda\/paquet-de-raies-grises-et-blanches\/\" \/>\n<meta property=\"og:site_name\" content=\"Crochetts\" \/>\n<meta property=\"article:publisher\" content=\"https:\/\/www.facebook.com\/Crochetts-101964178013493\" \/>\n<meta property=\"article:modified_time\" content=\"2025-11-21T13:19:34+00:00\" \/>\n<meta property=\"og:image\" content=\"https:\/\/crochetts.com\/wp-content\/uploads\/2023\/10\/4034_1.jpg\" \/>\n\t<meta property=\"og:image:width\" content=\"668\" \/>\n\t<meta property=\"og:image:height\" content=\"1000\" \/>\n\t<meta property=\"og:image:type\" content=\"image\/jpeg\" \/>\n<meta name=\"twitter:card\" content=\"summary_large_image\" \/>\n<meta name=\"twitter:label1\" content=\"Prix\" \/>\n\t<meta name=\"twitter:data1\" content=\"99,99&nbsp;&euro;\" \/>\n\t<meta name=\"twitter:label2\" content=\"Disponibilit\u00e9\" \/>\n\t<meta name=\"twitter:data2\" content=\"Rupture de stock\" \/>\n<script type=\"application\/ld+json\" class=\"yoast-schema-graph\">{\"@context\":\"https:\\\/\\\/schema.org\",\"@graph\":[{\"@type\":\"WebPage\",\"@id\":\"https:\\\/\\\/crochetts.com\\\/fr\\\/tienda\\\/paquet-de-raies-grises-et-blanches\\\/\",\"url\":\"https:\\\/\\\/crochetts.com\\\/fr\\\/tienda\\\/paquet-de-raies-grises-et-blanches\\\/\",\"name\":\"- PAQUET DE RAIES GRISES ET BLANCHES - Crochetts% Crochetts%%.\",\"isPartOf\":{\"@id\":\"https:\\\/\\\/crochetts.com\\\/fr\\\/#website\"},\"primaryImageOfPage\":{\"@id\":\"https:\\\/\\\/crochetts.com\\\/fr\\\/tienda\\\/paquet-de-raies-grises-et-blanches\\\/#primaryimage\"},\"image\":{\"@id\":\"https:\\\/\\\/crochetts.com\\\/fr\\\/tienda\\\/paquet-de-raies-grises-et-blanches\\\/#primaryimage\"},\"thumbnailUrl\":\"https:\\\/\\\/crochetts.com\\\/wp-content\\\/uploads\\\/2023\\\/10\\\/4034_1.jpg\",\"datePublished\":\"2023-10-10T14:36:43+00:00\",\"dateModified\":\"2025-11-21T13:19:34+00:00\",\"description\":\"Notre pack de peluches pour jouer et d\u00e9corer est compos\u00e9 de 2 belles couvertures en blanc et gris. Elles sont munies d'un grelot \u00e0 l'int\u00e9rieur qui \u00e9met un son doux et de 2 appliques du m\u00eame tissu avec lesquelles vous pouvez facilement les accrocher au mur. Un \u00e9l\u00e9ment de jeu mural Doco unique dans lequel le monde marin donnera une touche agr\u00e9able aux chambres des petits. Nos couvertures amusantes peuvent \u00e9galement \u00eatre utilis\u00e9es comme coussins de lit originaux.\",\"breadcrumb\":{\"@id\":\"https:\\\/\\\/crochetts.com\\\/fr\\\/tienda\\\/paquet-de-raies-grises-et-blanches\\\/#breadcrumb\"},\"inLanguage\":\"fr-FR\",\"potentialAction\":[{\"@type\":\"ReadAction\",\"target\":[\"https:\\\/\\\/crochetts.com\\\/fr\\\/tienda\\\/paquet-de-raies-grises-et-blanches\\\/\"]}]},{\"@type\":\"ImageObject\",\"inLanguage\":\"fr-FR\",\"@id\":\"https:\\\/\\\/crochetts.com\\\/fr\\\/tienda\\\/paquet-de-raies-grises-et-blanches\\\/#primaryimage\",\"url\":\"https:\\\/\\\/crochetts.com\\\/wp-content\\\/uploads\\\/2023\\\/10\\\/4034_1.jpg\",\"contentUrl\":\"https:\\\/\\\/crochetts.com\\\/wp-content\\\/uploads\\\/2023\\\/10\\\/4034_1.jpg\",\"width\":668,\"height\":1000},{\"@type\":\"BreadcrumbList\",\"@id\":\"https:\\\/\\\/crochetts.com\\\/fr\\\/tienda\\\/paquet-de-raies-grises-et-blanches\\\/#breadcrumb\",\"itemListElement\":[{\"@type\":\"ListItem\",\"position\":1,\"name\":\"Portada\",\"item\":\"https:\\\/\\\/crochetts.com\\\/fr\\\/accueil\\\/\"},{\"@type\":\"ListItem\",\"position\":2,\"name\":\"Boutique\",\"item\":\"https:\\\/\\\/crochetts.fr\\\/boutique\\\/\"},{\"@type\":\"ListItem\",\"position\":3,\"name\":\"PAQUET DE RAIES GRISES ET BLANCHES\"}]},{\"@type\":\"WebSite\",\"@id\":\"https:\\\/\\\/crochetts.com\\\/fr\\\/#website\",\"url\":\"https:\\\/\\\/crochetts.com\\\/fr\\\/\",\"name\":\"Crochetts\",\"description\":\"ANIMALES DE CROCHET PARA JUGAR,DECORAR Y SO\u00d1AR\",\"publisher\":{\"@id\":\"https:\\\/\\\/crochetts.com\\\/fr\\\/#organization\"},\"potentialAction\":[{\"@type\":\"SearchAction\",\"target\":{\"@type\":\"EntryPoint\",\"urlTemplate\":\"https:\\\/\\\/crochetts.com\\\/fr\\\/?s={search_term_string}\"},\"query-input\":{\"@type\":\"PropertyValueSpecification\",\"valueRequired\":true,\"valueName\":\"search_term_string\"}}],\"inLanguage\":\"fr-FR\"},{\"@type\":\"Organization\",\"@id\":\"https:\\\/\\\/crochetts.com\\\/fr\\\/#organization\",\"name\":\"Crochets\",\"url\":\"https:\\\/\\\/crochetts.com\\\/fr\\\/\",\"logo\":{\"@type\":\"ImageObject\",\"inLanguage\":\"fr-FR\",\"@id\":\"https:\\\/\\\/crochetts.com\\\/fr\\\/#\\\/schema\\\/logo\\\/image\\\/\",\"url\":\"https:\\\/\\\/i2.wp.com\\\/crochetts.com\\\/wp-content\\\/uploads\\\/2021\\\/01\\\/Logo-Crochetts.jpg?fit=300%2C137&ssl=1\",\"contentUrl\":\"https:\\\/\\\/i2.wp.com\\\/crochetts.com\\\/wp-content\\\/uploads\\\/2021\\\/01\\\/Logo-Crochetts.jpg?fit=300%2C137&ssl=1\",\"width\":300,\"height\":137,\"caption\":\"Crochets\"},\"image\":{\"@id\":\"https:\\\/\\\/crochetts.com\\\/fr\\\/#\\\/schema\\\/logo\\\/image\\\/\"},\"sameAs\":[\"https:\\\/\\\/www.facebook.com\\\/Crochetts-101964178013493\",\"https:\\\/\\\/www.instagram.com\\\/crochetts_\\\/\"]}]}<\/script>\n<meta property=\"product:price:amount\" content=\"99.99\" \/>\n<meta property=\"product:price:currency\" content=\"EUR\" \/>\n<meta property=\"og:availability\" content=\"out of stock\" \/>\n<meta property=\"product:availability\" content=\"out of stock\" \/>\n<meta property=\"product:retailer_item_id\" content=\"4034\" \/>\n<meta property=\"product:condition\" content=\"new\" \/>\n<!-- \/ Yoast SEO Premium plugin. -->","yoast_head_json":{"title":"- PAQUET DE RAIES GRISES ET BLANCHES - Crochetts% Crochetts%%.","description":"Notre pack de peluches pour jouer et d\u00e9corer est compos\u00e9 de 2 belles couvertures en blanc et gris. Elles sont munies d'un grelot \u00e0 l'int\u00e9rieur qui \u00e9met un son doux et de 2 appliques du m\u00eame tissu avec lesquelles vous pouvez facilement les accrocher au mur. Un \u00e9l\u00e9ment de jeu mural Doco unique dans lequel le monde marin donnera une touche agr\u00e9able aux chambres des petits. Nos couvertures amusantes peuvent \u00e9galement \u00eatre utilis\u00e9es comme coussins de lit originaux.","robots":{"index":"index","follow":"follow","max-snippet":"max-snippet:-1","max-image-preview":"max-image-preview:large","max-video-preview":"max-video-preview:-1"},"canonical":"https:\/\/crochetts.com\/fr\/tienda\/paquet-de-raies-grises-et-blanches\/","og_locale":"fr_FR","og_type":"article","og_title":"PAQUET DE RAIES GRISES ET BLANCHES","og_description":"Notre peluche pour jouer et d\u00e9corer est compos\u00e9e de 2 magnifiques poissons rtaya en blanc et gris. Ils ont un grelot \u00e0 l'int\u00e9rieur pour \u00e9mettre un son doux et 2 appliqu\u00e9s du m\u00eame tissu avec lesquels vous pouvez facilement les accrocher au mur.  Un \u00e9l\u00e9ment de jeu mural d\u00e9co unique dans lequel le monde marin ajoutera une touche agr\u00e9able aux chambres des petits. Nos couvertures amusantes peuvent \u00e9galement \u00eatre utilis\u00e9es comme coussins de lit originaux. Lavage \u00e0 la main ou en machine. Dimensions : -59cm x 11cm x 65cm &nbsp; &nbsp;","og_url":"https:\/\/crochetts.com\/fr\/tienda\/paquet-de-raies-grises-et-blanches\/","og_site_name":"Crochetts","article_publisher":"https:\/\/www.facebook.com\/Crochetts-101964178013493","article_modified_time":"2025-11-21T13:19:34+00:00","og_image":[{"width":668,"height":1000,"url":"https:\/\/crochetts.com\/wp-content\/uploads\/2023\/10\/4034_1.jpg","type":"image\/jpeg"}],"twitter_card":"summary_large_image","twitter_misc":{"Prix":"99,99&nbsp;&euro;","Disponibilit\u00e9":"Rupture de stock"},"schema":{"@context":"https:\/\/schema.org","@graph":[{"@type":"WebPage","@id":"https:\/\/crochetts.com\/fr\/tienda\/paquet-de-raies-grises-et-blanches\/","url":"https:\/\/crochetts.com\/fr\/tienda\/paquet-de-raies-grises-et-blanches\/","name":"- PAQUET DE RAIES GRISES ET BLANCHES - Crochetts% Crochetts%%.","isPartOf":{"@id":"https:\/\/crochetts.com\/fr\/#website"},"primaryImageOfPage":{"@id":"https:\/\/crochetts.com\/fr\/tienda\/paquet-de-raies-grises-et-blanches\/#primaryimage"},"image":{"@id":"https:\/\/crochetts.com\/fr\/tienda\/paquet-de-raies-grises-et-blanches\/#primaryimage"},"thumbnailUrl":"https:\/\/crochetts.com\/wp-content\/uploads\/2023\/10\/4034_1.jpg","datePublished":"2023-10-10T14:36:43+00:00","dateModified":"2025-11-21T13:19:34+00:00","description":"Notre pack de peluches pour jouer et d\u00e9corer est compos\u00e9 de 2 belles couvertures en blanc et gris. Elles sont munies d'un grelot \u00e0 l'int\u00e9rieur qui \u00e9met un son doux et de 2 appliques du m\u00eame tissu avec lesquelles vous pouvez facilement les accrocher au mur. Un \u00e9l\u00e9ment de jeu mural Doco unique dans lequel le monde marin donnera une touche agr\u00e9able aux chambres des petits. Nos couvertures amusantes peuvent \u00e9galement \u00eatre utilis\u00e9es comme coussins de lit originaux.","breadcrumb":{"@id":"https:\/\/crochetts.com\/fr\/tienda\/paquet-de-raies-grises-et-blanches\/#breadcrumb"},"inLanguage":"fr-FR","potentialAction":[{"@type":"ReadAction","target":["https:\/\/crochetts.com\/fr\/tienda\/paquet-de-raies-grises-et-blanches\/"]}]},{"@type":"ImageObject","inLanguage":"fr-FR","@id":"https:\/\/crochetts.com\/fr\/tienda\/paquet-de-raies-grises-et-blanches\/#primaryimage","url":"https:\/\/crochetts.com\/wp-content\/uploads\/2023\/10\/4034_1.jpg","contentUrl":"https:\/\/crochetts.com\/wp-content\/uploads\/2023\/10\/4034_1.jpg","width":668,"height":1000},{"@type":"BreadcrumbList","@id":"https:\/\/crochetts.com\/fr\/tienda\/paquet-de-raies-grises-et-blanches\/#breadcrumb","itemListElement":[{"@type":"ListItem","position":1,"name":"Portada","item":"https:\/\/crochetts.com\/fr\/accueil\/"},{"@type":"ListItem","position":2,"name":"Boutique","item":"https:\/\/crochetts.fr\/boutique\/"},{"@type":"ListItem","position":3,"name":"PAQUET DE RAIES GRISES ET BLANCHES"}]},{"@type":"WebSite","@id":"https:\/\/crochetts.com\/fr\/#website","url":"https:\/\/crochetts.com\/fr\/","name":"Crochetts","description":"ANIMALES DE CROCHET PARA JUGAR,DECORAR Y SO\u00d1AR","publisher":{"@id":"https:\/\/crochetts.com\/fr\/#organization"},"potentialAction":[{"@type":"SearchAction","target":{"@type":"EntryPoint","urlTemplate":"https:\/\/crochetts.com\/fr\/?s={search_term_string}"},"query-input":{"@type":"PropertyValueSpecification","valueRequired":true,"valueName":"search_term_string"}}],"inLanguage":"fr-FR"},{"@type":"Organization","@id":"https:\/\/crochetts.com\/fr\/#organization","name":"Crochets","url":"https:\/\/crochetts.com\/fr\/","logo":{"@type":"ImageObject","inLanguage":"fr-FR","@id":"https:\/\/crochetts.com\/fr\/#\/schema\/logo\/image\/","url":"https:\/\/i2.wp.com\/crochetts.com\/wp-content\/uploads\/2021\/01\/Logo-Crochetts.jpg?fit=300%2C137&ssl=1","contentUrl":"https:\/\/i2.wp.com\/crochetts.com\/wp-content\/uploads\/2021\/01\/Logo-Crochetts.jpg?fit=300%2C137&ssl=1","width":300,"height":137,"caption":"Crochets"},"image":{"@id":"https:\/\/crochetts.com\/fr\/#\/schema\/logo\/image\/"},"sameAs":["https:\/\/www.facebook.com\/Crochetts-101964178013493","https:\/\/www.instagram.com\/crochetts_\/"]}]},"product_price_amount":"99.99","product_price_currency":"EUR","og_availability":"out of stock","product_availability":"out of stock","product_retailer_item_id":"4034","product_condition":"new"},"_links":{"self":[{"href":"https:\/\/crochetts.com\/fr\/wp-json\/wp\/v2\/product\/23660","targetHints":{"allow":["GET"]}}],"collection":[{"href":"https:\/\/crochetts.com\/fr\/wp-json\/wp\/v2\/product"}],"about":[{"href":"https:\/\/crochetts.com\/fr\/wp-json\/wp\/v2\/types\/product"}],"wp:featuredmedia":[{"embeddable":true,"href":"https:\/\/crochetts.com\/fr\/wp-json\/wp\/v2\/media\/23668"}],"wp:attachment":[{"href":"https:\/\/crochetts.com\/fr\/wp-json\/wp\/v2\/media?parent=23660"}],"wp:term":[{"taxonomy":"product_brand","embeddable":true,"href":"https:\/\/crochetts.com\/fr\/wp-json\/wp\/v2\/product_brand?post=23660"},{"taxonomy":"product_cat","embeddable":true,"href":"https:\/\/crochetts.com\/fr\/wp-json\/wp\/v2\/product_cat?post=23660"},{"taxonomy":"product_tag","embeddable":true,"href":"https:\/\/crochetts.com\/fr\/wp-json\/wp\/v2\/product_tag?post=23660"}],"curies":[{"name":"wp","href":"https:\/\/api.w.org\/{rel}","templated":true}]}}