{"id":23631,"date":"2023-10-25T14:06:43","date_gmt":"2023-10-25T13:06:43","guid":{"rendered":"https:\/\/crochetts.com\/tienda\/pack-baby-zoo\/"},"modified":"2025-11-21T14:24:06","modified_gmt":"2025-11-21T13:24:06","slug":"pack-baby-zoo","status":"publish","type":"product","link":"https:\/\/crochetts.com\/fr\/tienda\/pack-baby-zoo\/","title":{"rendered":"PACK BABY ZOO"},"content":{"rendered":"<div style=\"text-align: justify;\">\n<p>Toute notre <strong>collection de peluches pour b\u00e9b\u00e9s<\/strong> est <strong>con\u00e7ue <\/strong>pour les<strong> plus petits. <\/strong>Un \u00e9l\u00e9ment essentiel pour<strong> favoriser l&rsquo;interaction de b\u00e9b\u00e9<\/strong> en explorant les textures du doudou et le<strong> son qu&rsquo;il \u00e9met<\/strong> lorsqu&rsquo;on le bouge. Un bon moyen de <strong>d\u00e9velopper \u00e0 la<\/strong> fois ses <strong>sens<\/strong> et sa <strong>motricit\u00e9 <\/strong>et de l&rsquo;aider \u00e0 s&rsquo;apaiser dans les moments de <strong>d\u00e9tente<\/strong>. <\/p>\n<p>Fabriqu\u00e9 \u00e0 partir des meilleurs mat\u00e9riaux, des <strong>mat\u00e9riaux de haute qualit\u00e9 <\/strong>et incroyablement <strong>doux<\/strong> et <strong>agr\u00e9ablement<\/strong> <strong>textur\u00e9<\/strong>, respectueux de la peau d\u00e9licate des petits. Le compagnon id\u00e9al pour votre b\u00e9b\u00e9 !<\/p>\n<p>&nbsp;<\/p>\n<\/div>\n","protected":false},"excerpt":{"rendered":"<p>Notre <strong>coffret avec trois peluches b\u00e9b\u00e9<\/strong> \u00e9l\u00e9phant et cochon en vert, marron et rose, est sp\u00e9cialement con\u00e7u pour les b\u00e9b\u00e9s de la maison, fabriqu\u00e9 avec les meilleurs mat\u00e9riaux. Polyester de haute qualit\u00e9. Incroyablement <strong>doux et agr\u00e9able au toucher,<\/strong> avec un rembourrage l\u00e9ger, souple et doux qui le rend facile \u00e0 manipuler par les enfants.<br \/>\nId\u00e9al pour les petits pour passer un moment agr\u00e9able en encourageant l&rsquo;interaction de b\u00e9b\u00e9 en explorant ses formes, ses textures et en stimulant le sens de l&rsquo;ou\u00efe avec son petit grelot. <strong>Notre coffret est le cadeau id\u00e9al pour un nouveau-n\u00e9 ou une f\u00eate de naissance.<\/strong>  <\/p>\n","protected":false},"featured_media":23632,"template":"","meta":{"_acf_changed":false,"_joinchat":[]},"product_brand":[],"product_cat":[5932],"product_tag":[5935,4794,5939,5934,5936,5933,5938,5937],"class_list":{"0":"post-23631","1":"product","2":"type-product","3":"status-publish","4":"has-post-thumbnail","6":"product_cat-bebe","7":"product_tag-100-coton-naturel","8":"product_tag-bebe-ours-en-peluche","9":"product_tag-canard-doudou","10":"product_tag-coton-hypoallergenique-doudou","11":"product_tag-developpement-du-bebe","12":"product_tag-doudou","13":"product_tag-ourson-doudou","14":"product_tag-ourson-en-coton-pour-bebe","15":"entry","17":"first","18":"outofstock","19":"taxable","20":"shipping-taxable","21":"purchasable","22":"product-type-simple"},"acf":[],"yoast_head":"<!-- This site is optimized with the Yoast SEO Premium plugin v26.1 (Yoast SEO v27.3) - https:\/\/yoast.com\/product\/yoast-seo-premium-wordpress\/ -->\n<title>BABY - PACK BABY ZOO - Crochetts%%.<\/title>\n<meta name=\"description\" content=\"Toutes nos peluches pour b\u00e9b\u00e9s sont con\u00e7ues pour les plus petits. Ils sont id\u00e9aux pour favoriser l&#039;interaction avec b\u00e9b\u00e9, d\u00e9velopper ses sens et sa motricit\u00e9 et l&#039;aider \u00e0 se d\u00e9tendre.\" \/>\n<meta name=\"robots\" content=\"index, follow, max-snippet:-1, max-image-preview:large, max-video-preview:-1\" \/>\n<link rel=\"canonical\" href=\"https:\/\/crochetts.com\/fr\/tienda\/pack-baby-zoo\/\" \/>\n<meta property=\"og:locale\" content=\"fr_FR\" \/>\n<meta property=\"og:type\" content=\"article\" \/>\n<meta property=\"og:title\" content=\"PACK BABY ZOO\" \/>\n<meta property=\"og:description\" content=\"Notre coffret avec trois peluches b\u00e9b\u00e9 \u00e9l\u00e9phant et cochon en vert, marron et rose, est sp\u00e9cialement con\u00e7u pour les b\u00e9b\u00e9s de la maison, fabriqu\u00e9 avec les meilleurs mat\u00e9riaux. Polyester de haute qualit\u00e9. Incroyablement doux et agr\u00e9able au toucher, avec un rembourrage l\u00e9ger, souple et doux qui le rend facile \u00e0 manipuler par les enfants. Id\u00e9al pour les petits pour passer un moment agr\u00e9able en encourageant l&#039;interaction de b\u00e9b\u00e9 en explorant ses formes, ses textures et en stimulant le sens de l&#039;ou\u00efe avec son petit grelot. Notre coffret est le cadeau id\u00e9al pour un nouveau-n\u00e9 ou une f\u00eate de naissance.\" \/>\n<meta property=\"og:url\" content=\"https:\/\/crochetts.com\/fr\/tienda\/pack-baby-zoo\/\" \/>\n<meta property=\"og:site_name\" content=\"Crochetts\" \/>\n<meta property=\"article:publisher\" content=\"https:\/\/www.facebook.com\/Crochetts-101964178013493\" \/>\n<meta property=\"article:modified_time\" content=\"2025-11-21T13:24:06+00:00\" \/>\n<meta property=\"og:image\" content=\"https:\/\/crochetts.com\/wp-content\/uploads\/2023\/10\/4024_1.jpg\" \/>\n\t<meta property=\"og:image:width\" content=\"668\" \/>\n\t<meta property=\"og:image:height\" content=\"1000\" \/>\n\t<meta property=\"og:image:type\" content=\"image\/jpeg\" \/>\n<meta name=\"twitter:card\" content=\"summary_large_image\" \/>\n<meta name=\"twitter:label1\" content=\"Prix\" \/>\n\t<meta name=\"twitter:data1\" content=\"56,99&nbsp;&euro;\" \/>\n\t<meta name=\"twitter:label2\" content=\"Disponibilit\u00e9\" \/>\n\t<meta name=\"twitter:data2\" content=\"Rupture de stock\" \/>\n<script type=\"application\/ld+json\" class=\"yoast-schema-graph\">{\"@context\":\"https:\\\/\\\/schema.org\",\"@graph\":[{\"@type\":\"WebPage\",\"@id\":\"https:\\\/\\\/crochetts.com\\\/fr\\\/tienda\\\/pack-baby-zoo\\\/\",\"url\":\"https:\\\/\\\/crochetts.com\\\/fr\\\/tienda\\\/pack-baby-zoo\\\/\",\"name\":\"BABY - PACK BABY ZOO - Crochetts%%.\",\"isPartOf\":{\"@id\":\"https:\\\/\\\/crochetts.com\\\/fr\\\/#website\"},\"primaryImageOfPage\":{\"@id\":\"https:\\\/\\\/crochetts.com\\\/fr\\\/tienda\\\/pack-baby-zoo\\\/#primaryimage\"},\"image\":{\"@id\":\"https:\\\/\\\/crochetts.com\\\/fr\\\/tienda\\\/pack-baby-zoo\\\/#primaryimage\"},\"thumbnailUrl\":\"https:\\\/\\\/crochetts.com\\\/wp-content\\\/uploads\\\/2023\\\/10\\\/4024_1.jpg\",\"datePublished\":\"2023-10-25T13:06:43+00:00\",\"dateModified\":\"2025-11-21T13:24:06+00:00\",\"description\":\"Toutes nos peluches pour b\u00e9b\u00e9s sont con\u00e7ues pour les plus petits. Ils sont id\u00e9aux pour favoriser l'interaction avec b\u00e9b\u00e9, d\u00e9velopper ses sens et sa motricit\u00e9 et l'aider \u00e0 se d\u00e9tendre.\",\"breadcrumb\":{\"@id\":\"https:\\\/\\\/crochetts.com\\\/fr\\\/tienda\\\/pack-baby-zoo\\\/#breadcrumb\"},\"inLanguage\":\"fr-FR\",\"potentialAction\":[{\"@type\":\"ReadAction\",\"target\":[\"https:\\\/\\\/crochetts.com\\\/fr\\\/tienda\\\/pack-baby-zoo\\\/\"]}]},{\"@type\":\"ImageObject\",\"inLanguage\":\"fr-FR\",\"@id\":\"https:\\\/\\\/crochetts.com\\\/fr\\\/tienda\\\/pack-baby-zoo\\\/#primaryimage\",\"url\":\"https:\\\/\\\/crochetts.com\\\/wp-content\\\/uploads\\\/2023\\\/10\\\/4024_1.jpg\",\"contentUrl\":\"https:\\\/\\\/crochetts.com\\\/wp-content\\\/uploads\\\/2023\\\/10\\\/4024_1.jpg\",\"width\":668,\"height\":1000},{\"@type\":\"BreadcrumbList\",\"@id\":\"https:\\\/\\\/crochetts.com\\\/fr\\\/tienda\\\/pack-baby-zoo\\\/#breadcrumb\",\"itemListElement\":[{\"@type\":\"ListItem\",\"position\":1,\"name\":\"Portada\",\"item\":\"https:\\\/\\\/crochetts.com\\\/fr\\\/accueil\\\/\"},{\"@type\":\"ListItem\",\"position\":2,\"name\":\"Boutique\",\"item\":\"https:\\\/\\\/crochetts.fr\\\/boutique\\\/\"},{\"@type\":\"ListItem\",\"position\":3,\"name\":\"PACK BABY ZOO\"}]},{\"@type\":\"WebSite\",\"@id\":\"https:\\\/\\\/crochetts.com\\\/fr\\\/#website\",\"url\":\"https:\\\/\\\/crochetts.com\\\/fr\\\/\",\"name\":\"Crochetts\",\"description\":\"ANIMALES DE CROCHET PARA JUGAR,DECORAR Y SO\u00d1AR\",\"publisher\":{\"@id\":\"https:\\\/\\\/crochetts.com\\\/fr\\\/#organization\"},\"potentialAction\":[{\"@type\":\"SearchAction\",\"target\":{\"@type\":\"EntryPoint\",\"urlTemplate\":\"https:\\\/\\\/crochetts.com\\\/fr\\\/?s={search_term_string}\"},\"query-input\":{\"@type\":\"PropertyValueSpecification\",\"valueRequired\":true,\"valueName\":\"search_term_string\"}}],\"inLanguage\":\"fr-FR\"},{\"@type\":\"Organization\",\"@id\":\"https:\\\/\\\/crochetts.com\\\/fr\\\/#organization\",\"name\":\"Crochets\",\"url\":\"https:\\\/\\\/crochetts.com\\\/fr\\\/\",\"logo\":{\"@type\":\"ImageObject\",\"inLanguage\":\"fr-FR\",\"@id\":\"https:\\\/\\\/crochetts.com\\\/fr\\\/#\\\/schema\\\/logo\\\/image\\\/\",\"url\":\"https:\\\/\\\/i2.wp.com\\\/crochetts.com\\\/wp-content\\\/uploads\\\/2021\\\/01\\\/Logo-Crochetts.jpg?fit=300%2C137&ssl=1\",\"contentUrl\":\"https:\\\/\\\/i2.wp.com\\\/crochetts.com\\\/wp-content\\\/uploads\\\/2021\\\/01\\\/Logo-Crochetts.jpg?fit=300%2C137&ssl=1\",\"width\":300,\"height\":137,\"caption\":\"Crochets\"},\"image\":{\"@id\":\"https:\\\/\\\/crochetts.com\\\/fr\\\/#\\\/schema\\\/logo\\\/image\\\/\"},\"sameAs\":[\"https:\\\/\\\/www.facebook.com\\\/Crochetts-101964178013493\",\"https:\\\/\\\/www.instagram.com\\\/crochetts_\\\/\"]}]}<\/script>\n<meta property=\"product:price:amount\" content=\"56.99\" \/>\n<meta property=\"product:price:currency\" content=\"EUR\" \/>\n<meta property=\"og:availability\" content=\"out of stock\" \/>\n<meta property=\"product:availability\" content=\"out of stock\" \/>\n<meta property=\"product:retailer_item_id\" content=\"4024\" \/>\n<meta property=\"product:condition\" content=\"new\" \/>\n<!-- \/ Yoast SEO Premium plugin. -->","yoast_head_json":{"title":"BABY - PACK BABY ZOO - Crochetts%%.","description":"Toutes nos peluches pour b\u00e9b\u00e9s sont con\u00e7ues pour les plus petits. Ils sont id\u00e9aux pour favoriser l'interaction avec b\u00e9b\u00e9, d\u00e9velopper ses sens et sa motricit\u00e9 et l'aider \u00e0 se d\u00e9tendre.","robots":{"index":"index","follow":"follow","max-snippet":"max-snippet:-1","max-image-preview":"max-image-preview:large","max-video-preview":"max-video-preview:-1"},"canonical":"https:\/\/crochetts.com\/fr\/tienda\/pack-baby-zoo\/","og_locale":"fr_FR","og_type":"article","og_title":"PACK BABY ZOO","og_description":"Notre coffret avec trois peluches b\u00e9b\u00e9 \u00e9l\u00e9phant et cochon en vert, marron et rose, est sp\u00e9cialement con\u00e7u pour les b\u00e9b\u00e9s de la maison, fabriqu\u00e9 avec les meilleurs mat\u00e9riaux. Polyester de haute qualit\u00e9. Incroyablement doux et agr\u00e9able au toucher, avec un rembourrage l\u00e9ger, souple et doux qui le rend facile \u00e0 manipuler par les enfants. Id\u00e9al pour les petits pour passer un moment agr\u00e9able en encourageant l'interaction de b\u00e9b\u00e9 en explorant ses formes, ses textures et en stimulant le sens de l'ou\u00efe avec son petit grelot. Notre coffret est le cadeau id\u00e9al pour un nouveau-n\u00e9 ou une f\u00eate de naissance.","og_url":"https:\/\/crochetts.com\/fr\/tienda\/pack-baby-zoo\/","og_site_name":"Crochetts","article_publisher":"https:\/\/www.facebook.com\/Crochetts-101964178013493","article_modified_time":"2025-11-21T13:24:06+00:00","og_image":[{"width":668,"height":1000,"url":"https:\/\/crochetts.com\/wp-content\/uploads\/2023\/10\/4024_1.jpg","type":"image\/jpeg"}],"twitter_card":"summary_large_image","twitter_misc":{"Prix":"56,99&nbsp;&euro;","Disponibilit\u00e9":"Rupture de stock"},"schema":{"@context":"https:\/\/schema.org","@graph":[{"@type":"WebPage","@id":"https:\/\/crochetts.com\/fr\/tienda\/pack-baby-zoo\/","url":"https:\/\/crochetts.com\/fr\/tienda\/pack-baby-zoo\/","name":"BABY - PACK BABY ZOO - Crochetts%%.","isPartOf":{"@id":"https:\/\/crochetts.com\/fr\/#website"},"primaryImageOfPage":{"@id":"https:\/\/crochetts.com\/fr\/tienda\/pack-baby-zoo\/#primaryimage"},"image":{"@id":"https:\/\/crochetts.com\/fr\/tienda\/pack-baby-zoo\/#primaryimage"},"thumbnailUrl":"https:\/\/crochetts.com\/wp-content\/uploads\/2023\/10\/4024_1.jpg","datePublished":"2023-10-25T13:06:43+00:00","dateModified":"2025-11-21T13:24:06+00:00","description":"Toutes nos peluches pour b\u00e9b\u00e9s sont con\u00e7ues pour les plus petits. Ils sont id\u00e9aux pour favoriser l'interaction avec b\u00e9b\u00e9, d\u00e9velopper ses sens et sa motricit\u00e9 et l'aider \u00e0 se d\u00e9tendre.","breadcrumb":{"@id":"https:\/\/crochetts.com\/fr\/tienda\/pack-baby-zoo\/#breadcrumb"},"inLanguage":"fr-FR","potentialAction":[{"@type":"ReadAction","target":["https:\/\/crochetts.com\/fr\/tienda\/pack-baby-zoo\/"]}]},{"@type":"ImageObject","inLanguage":"fr-FR","@id":"https:\/\/crochetts.com\/fr\/tienda\/pack-baby-zoo\/#primaryimage","url":"https:\/\/crochetts.com\/wp-content\/uploads\/2023\/10\/4024_1.jpg","contentUrl":"https:\/\/crochetts.com\/wp-content\/uploads\/2023\/10\/4024_1.jpg","width":668,"height":1000},{"@type":"BreadcrumbList","@id":"https:\/\/crochetts.com\/fr\/tienda\/pack-baby-zoo\/#breadcrumb","itemListElement":[{"@type":"ListItem","position":1,"name":"Portada","item":"https:\/\/crochetts.com\/fr\/accueil\/"},{"@type":"ListItem","position":2,"name":"Boutique","item":"https:\/\/crochetts.fr\/boutique\/"},{"@type":"ListItem","position":3,"name":"PACK BABY ZOO"}]},{"@type":"WebSite","@id":"https:\/\/crochetts.com\/fr\/#website","url":"https:\/\/crochetts.com\/fr\/","name":"Crochetts","description":"ANIMALES DE CROCHET PARA JUGAR,DECORAR Y SO\u00d1AR","publisher":{"@id":"https:\/\/crochetts.com\/fr\/#organization"},"potentialAction":[{"@type":"SearchAction","target":{"@type":"EntryPoint","urlTemplate":"https:\/\/crochetts.com\/fr\/?s={search_term_string}"},"query-input":{"@type":"PropertyValueSpecification","valueRequired":true,"valueName":"search_term_string"}}],"inLanguage":"fr-FR"},{"@type":"Organization","@id":"https:\/\/crochetts.com\/fr\/#organization","name":"Crochets","url":"https:\/\/crochetts.com\/fr\/","logo":{"@type":"ImageObject","inLanguage":"fr-FR","@id":"https:\/\/crochetts.com\/fr\/#\/schema\/logo\/image\/","url":"https:\/\/i2.wp.com\/crochetts.com\/wp-content\/uploads\/2021\/01\/Logo-Crochetts.jpg?fit=300%2C137&ssl=1","contentUrl":"https:\/\/i2.wp.com\/crochetts.com\/wp-content\/uploads\/2021\/01\/Logo-Crochetts.jpg?fit=300%2C137&ssl=1","width":300,"height":137,"caption":"Crochets"},"image":{"@id":"https:\/\/crochetts.com\/fr\/#\/schema\/logo\/image\/"},"sameAs":["https:\/\/www.facebook.com\/Crochetts-101964178013493","https:\/\/www.instagram.com\/crochetts_\/"]}]},"product_price_amount":"56.99","product_price_currency":"EUR","og_availability":"out of stock","product_availability":"out of stock","product_retailer_item_id":"4024","product_condition":"new"},"_links":{"self":[{"href":"https:\/\/crochetts.com\/fr\/wp-json\/wp\/v2\/product\/23631","targetHints":{"allow":["GET"]}}],"collection":[{"href":"https:\/\/crochetts.com\/fr\/wp-json\/wp\/v2\/product"}],"about":[{"href":"https:\/\/crochetts.com\/fr\/wp-json\/wp\/v2\/types\/product"}],"wp:featuredmedia":[{"embeddable":true,"href":"https:\/\/crochetts.com\/fr\/wp-json\/wp\/v2\/media\/23632"}],"wp:attachment":[{"href":"https:\/\/crochetts.com\/fr\/wp-json\/wp\/v2\/media?parent=23631"}],"wp:term":[{"taxonomy":"product_brand","embeddable":true,"href":"https:\/\/crochetts.com\/fr\/wp-json\/wp\/v2\/product_brand?post=23631"},{"taxonomy":"product_cat","embeddable":true,"href":"https:\/\/crochetts.com\/fr\/wp-json\/wp\/v2\/product_cat?post=23631"},{"taxonomy":"product_tag","embeddable":true,"href":"https:\/\/crochetts.com\/fr\/wp-json\/wp\/v2\/product_tag?post=23631"}],"curies":[{"name":"wp","href":"https:\/\/api.w.org\/{rel}","templated":true}]}}