{"id":23479,"date":"2024-02-06T13:38:05","date_gmt":"2024-02-06T12:38:05","guid":{"rendered":"https:\/\/crochetts.com\/tienda\/feuille-de-flamme-des-images-denfants\/"},"modified":"2025-11-21T16:11:25","modified_gmt":"2025-11-21T15:11:25","slug":"feuille-de-flamme-des-images-denfants","status":"publish","type":"product","link":"https:\/\/crochetts.com\/fr\/tienda\/feuille-de-flamme-des-images-denfants\/","title":{"rendered":"FEUILLE DE FLAMME DES IMAGES D&rsquo;ENFANTS"},"content":{"rendered":"<p><strong>Impression :<\/strong> format A3 (420&#215;297 mm). Imprim\u00e9 sur un papier mat de premi\u00e8re qualit\u00e9, d&rsquo;un grammage de 240 gr\/m2. <\/p>\n<p><strong>Cadre :<\/strong> Cadre en bois MDF. Finition blanc textur\u00e9.  Couvercle en m\u00e9thacrylate, dos en bois MDF et syst\u00e8me d&rsquo;accrochage pour la suspension murale. Dimensions avec cadre : 33x2x43 cm - Poids : 1060 gr. <\/p>\n<p>&nbsp;<\/p>\n","protected":false},"excerpt":{"rendered":"<div style=\"text-align: justify;\"><strong>Affiche d\u00e9corative pour enfants<\/strong> avec un dessin joyeux en forme de lama sympathique.<\/div>\n<div>\n<div style=\"text-align: justify;\">Produit design id\u00e9al pour <strong>d\u00e9corer les<\/strong> <strong>chambres d&rsquo;<\/strong> enfants et <strong>les remplir de couleurs et de douceur<\/strong>.<\/div>\n<div style=\"text-align: justify;\">Disponible en <strong>deux options<\/strong>:<\/div>\n<div style=\"text-align: justify;\">\n<ul>\n<li>Film <strong>non support\u00e9 : <\/strong>film de <strong>taille A3 <\/strong>. Imprim\u00e9 sur un <strong>papier mat de<\/strong> premi\u00e8re qualit\u00e9 d <strong>&lsquo;<\/strong> un<strong> grammage de 240 gr\/m2<\/strong>.<\/li>\n<li>Lamina <strong>avec cadre :<\/strong> comprend un <strong>cadre d\u00e9coratif<\/strong> <strong>en bois<\/strong> textur\u00e9 <strong>blanc<\/strong> avec <strong>protecteur<\/strong> et syst\u00e8me d&rsquo;<strong>accrochage<\/strong>.<\/li>\n<li>La feuille d&rsquo;aluminium est embellie de <strong>d\u00e9tails<\/strong> <strong>paillet\u00e9s<\/strong> faits \u00e0 la main, ce qui donne un <strong>\u00e9clat<\/strong> unique \u00e0 votre dessin et<strong>lui conf\u00e8re une touche sp\u00e9ciale<\/strong>.<\/li>\n<\/ul>\n<\/div>\n<\/div>\n","protected":false},"featured_media":23486,"template":"","meta":{"_acf_changed":false,"_joinchat":[]},"product_brand":[],"product_cat":[4671,4672],"product_tag":[5072,5850,6132,4681,4683,5074,4743,4682,4684,5845,5843,5842,5857,5855,5080,5853,5851,5075,5173,5084,6131,5848,5076,5176,5105,5846],"class_list":{"0":"post-23479","1":"product","2":"type-product","3":"status-publish","4":"has-post-thumbnail","6":"product_cat-accueil","7":"product_cat-lampes","8":"product_tag-affiche-pour-enfants","9":"product_tag-animal-lama","10":"product_tag-animal-lama-2","11":"product_tag-bebes","12":"product_tag-bebes-2","13":"product_tag-enfance","14":"product_tag-enfants-3","15":"product_tag-enfants","16":"product_tag-enfants-2","17":"product_tag-feuille-de-flamme-pour-enfants","18":"product_tag-flamme-animale","19":"product_tag-flamme-des-enfants","20":"product_tag-impression-de-lama","21":"product_tag-impression-de-lattes-par-les-enfants","22":"product_tag-impression-pour-les-enfants","23":"product_tag-imprime-lama","24":"product_tag-imprime-lama-pour-enfants","25":"product_tag-imprimes-pour-enfants","26":"product_tag-lenfance-3","27":"product_tag-lenfance-2","28":"product_tag-lama-pour-enfants-2","29":"product_tag-lama-pour-enfants","30":"product_tag-peinture-pour-enfants","31":"product_tag-peinture-pour-enfants-3","32":"product_tag-peinture-pour-enfants-2","33":"product_tag-retardateur-de-flamme","34":"entry","36":"first","37":"instock","38":"taxable","39":"shipping-taxable","40":"purchasable","41":"product-type-variable"},"acf":[],"yoast_head":"<!-- This site is optimized with the Yoast SEO Premium plugin v26.1 (Yoast SEO v27.3) - https:\/\/yoast.com\/product\/yoast-seo-premium-wordpress\/ -->\n<title>FEUILLE DE FLAMME DES IMAGES D&#039;ENFANTS% A3 Encadr\u00e9 ou avec cintre -% Crochetts% Crochetts%%.<\/title>\n<meta name=\"description\" content=\"Art mural d\u00e9coratif pour enfants. Produit design id\u00e9al pour d\u00e9corer les chambres d&#039;enfants et les remplir de couleurs et de douceur.\" \/>\n<meta name=\"robots\" content=\"index, follow, max-snippet:-1, max-image-preview:large, max-video-preview:-1\" \/>\n<link rel=\"canonical\" href=\"https:\/\/crochetts.com\/fr\/tienda\/feuille-de-flamme-des-images-denfants\/\" \/>\n<meta property=\"og:locale\" content=\"fr_FR\" \/>\n<meta property=\"og:type\" content=\"article\" \/>\n<meta property=\"og:title\" content=\"FEUILLE DE FLAMME DES IMAGES D&#039;ENFANTS\" \/>\n<meta property=\"og:description\" content=\"Affiche d\u00e9corative pour enfants avec un dessin joyeux en forme de lama sympathique. Produit design id\u00e9al pour d\u00e9corer les chambres d&#039; enfants et les remplir de couleurs et de douceur. Disponible en deux options:   Film non support\u00e9 : film de taille A3 . Imprim\u00e9 sur un papier mat de premi\u00e8re qualit\u00e9 d &#039; un grammage de 240 gr\/m2.  Lamina avec cadre : comprend un cadre d\u00e9coratif en bois textur\u00e9 blanc avec protecteur et syst\u00e8me d&#039;accrochage.  La feuille d&#039;aluminium est embellie de d\u00e9tails paillet\u00e9s faits \u00e0 la main, ce qui donne un \u00e9clat unique \u00e0 votre dessin etlui conf\u00e8re une touche sp\u00e9ciale.\" \/>\n<meta property=\"og:url\" content=\"https:\/\/crochetts.com\/fr\/tienda\/feuille-de-flamme-des-images-denfants\/\" \/>\n<meta property=\"og:site_name\" content=\"Crochetts\" \/>\n<meta property=\"article:publisher\" content=\"https:\/\/www.facebook.com\/Crochetts-101964178013493\" \/>\n<meta property=\"article:modified_time\" content=\"2025-11-21T15:11:25+00:00\" \/>\n<meta property=\"og:image\" content=\"https:\/\/crochetts.com\/wp-content\/uploads\/2024\/02\/LMN-34-C-1-1.jpg\" \/>\n\t<meta property=\"og:image:width\" content=\"800\" \/>\n\t<meta property=\"og:image:height\" content=\"1200\" \/>\n\t<meta property=\"og:image:type\" content=\"image\/jpeg\" \/>\n<meta name=\"twitter:card\" content=\"summary_large_image\" \/>\n<meta name=\"twitter:label1\" content=\"Disponibilit\u00e9\" \/>\n\t<meta name=\"twitter:data1\" content=\"En stock\" \/>\n<script type=\"application\/ld+json\" class=\"yoast-schema-graph\">{\"@context\":\"https:\\\/\\\/schema.org\",\"@graph\":[{\"@type\":\"WebPage\",\"@id\":\"https:\\\/\\\/crochetts.com\\\/fr\\\/tienda\\\/feuille-de-flamme-des-images-denfants\\\/\",\"url\":\"https:\\\/\\\/crochetts.com\\\/fr\\\/tienda\\\/feuille-de-flamme-des-images-denfants\\\/\",\"name\":\"FEUILLE DE FLAMME DES IMAGES D'ENFANTS% A3 Encadr\u00e9 ou avec cintre -% Crochetts% Crochetts%%.\",\"isPartOf\":{\"@id\":\"https:\\\/\\\/crochetts.com\\\/fr\\\/#website\"},\"primaryImageOfPage\":{\"@id\":\"https:\\\/\\\/crochetts.com\\\/fr\\\/tienda\\\/feuille-de-flamme-des-images-denfants\\\/#primaryimage\"},\"image\":{\"@id\":\"https:\\\/\\\/crochetts.com\\\/fr\\\/tienda\\\/feuille-de-flamme-des-images-denfants\\\/#primaryimage\"},\"thumbnailUrl\":\"https:\\\/\\\/crochetts.com\\\/wp-content\\\/uploads\\\/2024\\\/02\\\/LMN-34-C-1-1.jpg\",\"datePublished\":\"2024-02-06T12:38:05+00:00\",\"dateModified\":\"2025-11-21T15:11:25+00:00\",\"description\":\"Art mural d\u00e9coratif pour enfants. Produit design id\u00e9al pour d\u00e9corer les chambres d'enfants et les remplir de couleurs et de douceur.\",\"breadcrumb\":{\"@id\":\"https:\\\/\\\/crochetts.com\\\/fr\\\/tienda\\\/feuille-de-flamme-des-images-denfants\\\/#breadcrumb\"},\"inLanguage\":\"fr-FR\",\"potentialAction\":[{\"@type\":\"ReadAction\",\"target\":[\"https:\\\/\\\/crochetts.com\\\/fr\\\/tienda\\\/feuille-de-flamme-des-images-denfants\\\/\"]}]},{\"@type\":\"ImageObject\",\"inLanguage\":\"fr-FR\",\"@id\":\"https:\\\/\\\/crochetts.com\\\/fr\\\/tienda\\\/feuille-de-flamme-des-images-denfants\\\/#primaryimage\",\"url\":\"https:\\\/\\\/crochetts.com\\\/wp-content\\\/uploads\\\/2024\\\/02\\\/LMN-34-C-1-1.jpg\",\"contentUrl\":\"https:\\\/\\\/crochetts.com\\\/wp-content\\\/uploads\\\/2024\\\/02\\\/LMN-34-C-1-1.jpg\",\"width\":800,\"height\":1200,\"caption\":\"Lama de l'image pour enfants\"},{\"@type\":\"BreadcrumbList\",\"@id\":\"https:\\\/\\\/crochetts.com\\\/fr\\\/tienda\\\/feuille-de-flamme-des-images-denfants\\\/#breadcrumb\",\"itemListElement\":[{\"@type\":\"ListItem\",\"position\":1,\"name\":\"Portada\",\"item\":\"https:\\\/\\\/crochetts.com\\\/fr\\\/accueil\\\/\"},{\"@type\":\"ListItem\",\"position\":2,\"name\":\"Boutique\",\"item\":\"https:\\\/\\\/crochetts.fr\\\/boutique\\\/\"},{\"@type\":\"ListItem\",\"position\":3,\"name\":\"FEUILLE DE FLAMME DES IMAGES D&#8217;ENFANTS\"}]},{\"@type\":\"WebSite\",\"@id\":\"https:\\\/\\\/crochetts.com\\\/fr\\\/#website\",\"url\":\"https:\\\/\\\/crochetts.com\\\/fr\\\/\",\"name\":\"Crochetts\",\"description\":\"ANIMALES DE CROCHET PARA JUGAR,DECORAR Y SO\u00d1AR\",\"publisher\":{\"@id\":\"https:\\\/\\\/crochetts.com\\\/fr\\\/#organization\"},\"potentialAction\":[{\"@type\":\"SearchAction\",\"target\":{\"@type\":\"EntryPoint\",\"urlTemplate\":\"https:\\\/\\\/crochetts.com\\\/fr\\\/?s={search_term_string}\"},\"query-input\":{\"@type\":\"PropertyValueSpecification\",\"valueRequired\":true,\"valueName\":\"search_term_string\"}}],\"inLanguage\":\"fr-FR\"},{\"@type\":\"Organization\",\"@id\":\"https:\\\/\\\/crochetts.com\\\/fr\\\/#organization\",\"name\":\"Crochets\",\"url\":\"https:\\\/\\\/crochetts.com\\\/fr\\\/\",\"logo\":{\"@type\":\"ImageObject\",\"inLanguage\":\"fr-FR\",\"@id\":\"https:\\\/\\\/crochetts.com\\\/fr\\\/#\\\/schema\\\/logo\\\/image\\\/\",\"url\":\"https:\\\/\\\/i2.wp.com\\\/crochetts.com\\\/wp-content\\\/uploads\\\/2021\\\/01\\\/Logo-Crochetts.jpg?fit=300%2C137&ssl=1\",\"contentUrl\":\"https:\\\/\\\/i2.wp.com\\\/crochetts.com\\\/wp-content\\\/uploads\\\/2021\\\/01\\\/Logo-Crochetts.jpg?fit=300%2C137&ssl=1\",\"width\":300,\"height\":137,\"caption\":\"Crochets\"},\"image\":{\"@id\":\"https:\\\/\\\/crochetts.com\\\/fr\\\/#\\\/schema\\\/logo\\\/image\\\/\"},\"sameAs\":[\"https:\\\/\\\/www.facebook.com\\\/Crochetts-101964178013493\",\"https:\\\/\\\/www.instagram.com\\\/crochetts_\\\/\"]}]}<\/script>\n<meta property=\"og:availability\" content=\"instock\" \/>\n<meta property=\"product:availability\" content=\"instock\" \/>\n<meta property=\"product:retailer_item_id\" content=\"LMN-3-2\" \/>\n<meta property=\"product:condition\" content=\"new\" \/>\n<!-- \/ Yoast SEO Premium plugin. -->","yoast_head_json":{"title":"FEUILLE DE FLAMME DES IMAGES D'ENFANTS% A3 Encadr\u00e9 ou avec cintre -% Crochetts% Crochetts%%.","description":"Art mural d\u00e9coratif pour enfants. Produit design id\u00e9al pour d\u00e9corer les chambres d'enfants et les remplir de couleurs et de douceur.","robots":{"index":"index","follow":"follow","max-snippet":"max-snippet:-1","max-image-preview":"max-image-preview:large","max-video-preview":"max-video-preview:-1"},"canonical":"https:\/\/crochetts.com\/fr\/tienda\/feuille-de-flamme-des-images-denfants\/","og_locale":"fr_FR","og_type":"article","og_title":"FEUILLE DE FLAMME DES IMAGES D'ENFANTS","og_description":"Affiche d\u00e9corative pour enfants avec un dessin joyeux en forme de lama sympathique. Produit design id\u00e9al pour d\u00e9corer les chambres d' enfants et les remplir de couleurs et de douceur. Disponible en deux options:   Film non support\u00e9 : film de taille A3 . Imprim\u00e9 sur un papier mat de premi\u00e8re qualit\u00e9 d ' un grammage de 240 gr\/m2.  Lamina avec cadre : comprend un cadre d\u00e9coratif en bois textur\u00e9 blanc avec protecteur et syst\u00e8me d'accrochage.  La feuille d'aluminium est embellie de d\u00e9tails paillet\u00e9s faits \u00e0 la main, ce qui donne un \u00e9clat unique \u00e0 votre dessin etlui conf\u00e8re une touche sp\u00e9ciale.","og_url":"https:\/\/crochetts.com\/fr\/tienda\/feuille-de-flamme-des-images-denfants\/","og_site_name":"Crochetts","article_publisher":"https:\/\/www.facebook.com\/Crochetts-101964178013493","article_modified_time":"2025-11-21T15:11:25+00:00","og_image":[{"width":800,"height":1200,"url":"https:\/\/crochetts.com\/wp-content\/uploads\/2024\/02\/LMN-34-C-1-1.jpg","type":"image\/jpeg"}],"twitter_card":"summary_large_image","twitter_misc":{"Disponibilit\u00e9":"En stock"},"schema":{"@context":"https:\/\/schema.org","@graph":[{"@type":"WebPage","@id":"https:\/\/crochetts.com\/fr\/tienda\/feuille-de-flamme-des-images-denfants\/","url":"https:\/\/crochetts.com\/fr\/tienda\/feuille-de-flamme-des-images-denfants\/","name":"FEUILLE DE FLAMME DES IMAGES D'ENFANTS% A3 Encadr\u00e9 ou avec cintre -% Crochetts% Crochetts%%.","isPartOf":{"@id":"https:\/\/crochetts.com\/fr\/#website"},"primaryImageOfPage":{"@id":"https:\/\/crochetts.com\/fr\/tienda\/feuille-de-flamme-des-images-denfants\/#primaryimage"},"image":{"@id":"https:\/\/crochetts.com\/fr\/tienda\/feuille-de-flamme-des-images-denfants\/#primaryimage"},"thumbnailUrl":"https:\/\/crochetts.com\/wp-content\/uploads\/2024\/02\/LMN-34-C-1-1.jpg","datePublished":"2024-02-06T12:38:05+00:00","dateModified":"2025-11-21T15:11:25+00:00","description":"Art mural d\u00e9coratif pour enfants. Produit design id\u00e9al pour d\u00e9corer les chambres d'enfants et les remplir de couleurs et de douceur.","breadcrumb":{"@id":"https:\/\/crochetts.com\/fr\/tienda\/feuille-de-flamme-des-images-denfants\/#breadcrumb"},"inLanguage":"fr-FR","potentialAction":[{"@type":"ReadAction","target":["https:\/\/crochetts.com\/fr\/tienda\/feuille-de-flamme-des-images-denfants\/"]}]},{"@type":"ImageObject","inLanguage":"fr-FR","@id":"https:\/\/crochetts.com\/fr\/tienda\/feuille-de-flamme-des-images-denfants\/#primaryimage","url":"https:\/\/crochetts.com\/wp-content\/uploads\/2024\/02\/LMN-34-C-1-1.jpg","contentUrl":"https:\/\/crochetts.com\/wp-content\/uploads\/2024\/02\/LMN-34-C-1-1.jpg","width":800,"height":1200,"caption":"Lama de l'image pour enfants"},{"@type":"BreadcrumbList","@id":"https:\/\/crochetts.com\/fr\/tienda\/feuille-de-flamme-des-images-denfants\/#breadcrumb","itemListElement":[{"@type":"ListItem","position":1,"name":"Portada","item":"https:\/\/crochetts.com\/fr\/accueil\/"},{"@type":"ListItem","position":2,"name":"Boutique","item":"https:\/\/crochetts.fr\/boutique\/"},{"@type":"ListItem","position":3,"name":"FEUILLE DE FLAMME DES IMAGES D&#8217;ENFANTS"}]},{"@type":"WebSite","@id":"https:\/\/crochetts.com\/fr\/#website","url":"https:\/\/crochetts.com\/fr\/","name":"Crochetts","description":"ANIMALES DE CROCHET PARA JUGAR,DECORAR Y SO\u00d1AR","publisher":{"@id":"https:\/\/crochetts.com\/fr\/#organization"},"potentialAction":[{"@type":"SearchAction","target":{"@type":"EntryPoint","urlTemplate":"https:\/\/crochetts.com\/fr\/?s={search_term_string}"},"query-input":{"@type":"PropertyValueSpecification","valueRequired":true,"valueName":"search_term_string"}}],"inLanguage":"fr-FR"},{"@type":"Organization","@id":"https:\/\/crochetts.com\/fr\/#organization","name":"Crochets","url":"https:\/\/crochetts.com\/fr\/","logo":{"@type":"ImageObject","inLanguage":"fr-FR","@id":"https:\/\/crochetts.com\/fr\/#\/schema\/logo\/image\/","url":"https:\/\/i2.wp.com\/crochetts.com\/wp-content\/uploads\/2021\/01\/Logo-Crochetts.jpg?fit=300%2C137&ssl=1","contentUrl":"https:\/\/i2.wp.com\/crochetts.com\/wp-content\/uploads\/2021\/01\/Logo-Crochetts.jpg?fit=300%2C137&ssl=1","width":300,"height":137,"caption":"Crochets"},"image":{"@id":"https:\/\/crochetts.com\/fr\/#\/schema\/logo\/image\/"},"sameAs":["https:\/\/www.facebook.com\/Crochetts-101964178013493","https:\/\/www.instagram.com\/crochetts_\/"]}]},"og_availability":"instock","product_availability":"instock","product_retailer_item_id":"LMN-3-2","product_condition":"new"},"_links":{"self":[{"href":"https:\/\/crochetts.com\/fr\/wp-json\/wp\/v2\/product\/23479","targetHints":{"allow":["GET"]}}],"collection":[{"href":"https:\/\/crochetts.com\/fr\/wp-json\/wp\/v2\/product"}],"about":[{"href":"https:\/\/crochetts.com\/fr\/wp-json\/wp\/v2\/types\/product"}],"wp:featuredmedia":[{"embeddable":true,"href":"https:\/\/crochetts.com\/fr\/wp-json\/wp\/v2\/media\/23486"}],"wp:attachment":[{"href":"https:\/\/crochetts.com\/fr\/wp-json\/wp\/v2\/media?parent=23479"}],"wp:term":[{"taxonomy":"product_brand","embeddable":true,"href":"https:\/\/crochetts.com\/fr\/wp-json\/wp\/v2\/product_brand?post=23479"},{"taxonomy":"product_cat","embeddable":true,"href":"https:\/\/crochetts.com\/fr\/wp-json\/wp\/v2\/product_cat?post=23479"},{"taxonomy":"product_tag","embeddable":true,"href":"https:\/\/crochetts.com\/fr\/wp-json\/wp\/v2\/product_tag?post=23479"}],"curies":[{"name":"wp","href":"https:\/\/api.w.org\/{rel}","templated":true}]}}