{"id":23217,"date":"2024-09-19T09:24:45","date_gmt":"2024-09-19T08:24:45","guid":{"rendered":"https:\/\/crochetts.com\/tienda\/poupee-en-tissu-chaton-lili\/"},"modified":"2025-11-21T16:43:55","modified_gmt":"2025-11-21T15:43:55","slug":"poupee-en-tissu-chaton-lili","status":"publish","type":"product","link":"https:\/\/crochetts.com\/fr\/tienda\/poupee-en-tissu-chaton-lili\/","title":{"rendered":"POUP\u00c9E EN TISSU CHATON LILI"},"content":{"rendered":"<div style=\"text-align: justify;\">\n<div style=\"text-align: justify;\"><\/div>\n<p>&nbsp;<\/p>\n<\/div>\n<p>&nbsp;<\/p>\n<p>&nbsp;<\/p>\n<p>&nbsp;<\/p>\n","protected":false},"excerpt":{"rendered":"<p>Notre <strong>poup\u00e9e<\/strong> chaton <strong>Lili<\/strong> est fabriqu\u00e9e en tissu <strong>extra doux<\/strong> <strong>et tr\u00e8s<\/strong> <strong>agr\u00e9able<\/strong> au toucher. Sa jolie <g id=\"gid_5\">robe en tissu<\/g> avec une jupe jaune et un <g id=\"gid_6\">petit sac<\/g> en forme de <g id=\"gid_7\">chaton<\/g> en feront la poup\u00e9e ins\u00e9parable de votre fille. <g id=\"gid_8\">Lili<\/g> est plus qu&rsquo;un simple jouet : c&rsquo;est une <g id=\"gid_9\">compagne d&rsquo;aventures magiques<\/g> et un symbole d&rsquo;amour et de cr\u00e9ativit\u00e9. Vendue dans une bo\u00eete cadeau.  <\/p>\n<p>&nbsp;<\/p>\n<p>&nbsp;<\/p>\n<p>&nbsp;<\/p>\n","protected":false},"featured_media":23231,"template":"","meta":{"_acf_changed":false,"_joinchat":[]},"product_brand":[],"product_cat":[5420],"product_tag":[5422,5380,5421,5425,5435,5424,5423,5426,5434,5640,5427],"class_list":{"0":"post-23217","1":"product","2":"type-product","3":"status-publish","4":"has-post-thumbnail","6":"product_cat-dolls-en-linge","7":"product_tag-decokids","8":"product_tag-decoration","9":"product_tag-nounours","10":"product_tag-poupee-animal","11":"product_tag-poupee-chaton","12":"product_tag-poupee-douce","13":"product_tag-poupee-en-peluche","14":"product_tag-poupee-en-tissu","15":"product_tag-poupee-en-tissu-2","16":"product_tag-poupee-en-tissu-3","17":"product_tag-stoffpuppe","18":"entry","20":"first","21":"instock","22":"featured","23":"taxable","24":"shipping-taxable","25":"purchasable","26":"product-type-simple"},"acf":[],"yoast_head":"<!-- This site is optimized with the Yoast SEO Premium plugin v26.1 (Yoast SEO v27.3) - https:\/\/yoast.com\/product\/yoast-seo-premium-wordpress\/ -->\n<title>- POUP\u00c9E EN TISSU CHATON LILI - Crochetts% Crochetts%%.<\/title>\n<meta name=\"description\" content=\"Notre poup\u00e9e en tissu Lili kitten est fabriqu\u00e9e dans un tissu extra doux et tr\u00e8s agr\u00e9able au toucher. Son joli design de chaton en fera la poup\u00e9e ins\u00e9parable de votre fille et son meilleur compagnon de voyage.\" \/>\n<meta name=\"robots\" content=\"index, follow, max-snippet:-1, max-image-preview:large, max-video-preview:-1\" \/>\n<link rel=\"canonical\" href=\"https:\/\/crochetts.com\/fr\/tienda\/poupee-en-tissu-chaton-lili\/\" \/>\n<meta property=\"og:locale\" content=\"fr_FR\" \/>\n<meta property=\"og:type\" content=\"article\" \/>\n<meta property=\"og:title\" content=\"POUP\u00c9E EN TISSU CHATON LILI\" \/>\n<meta property=\"og:description\" content=\"Notre poup\u00e9e chaton Lili est fabriqu\u00e9e en tissu extra doux et tr\u00e8s agr\u00e9able au toucher. Sa jolie robe en tissu avec une jupe jaune et un petit sac en forme de chaton en feront la poup\u00e9e ins\u00e9parable de votre fille. Lili est plus qu&#039;un simple jouet : c&#039;est une compagne d&#039;aventures magiques et un symbole d&#039;amour et de cr\u00e9ativit\u00e9. Vendue dans une bo\u00eete cadeau.  &nbsp; &nbsp; &nbsp;\" \/>\n<meta property=\"og:url\" content=\"https:\/\/crochetts.com\/fr\/tienda\/poupee-en-tissu-chaton-lili\/\" \/>\n<meta property=\"og:site_name\" content=\"Crochetts\" \/>\n<meta property=\"article:publisher\" content=\"https:\/\/www.facebook.com\/Crochetts-101964178013493\" \/>\n<meta property=\"article:modified_time\" content=\"2025-11-21T15:43:55+00:00\" \/>\n<meta property=\"og:image\" content=\"https:\/\/crochetts.com\/wp-content\/uploads\/2024\/09\/4062_6.jpg\" \/>\n\t<meta property=\"og:image:width\" content=\"800\" \/>\n\t<meta property=\"og:image:height\" content=\"1202\" \/>\n\t<meta property=\"og:image:type\" content=\"image\/jpeg\" \/>\n<meta name=\"twitter:card\" content=\"summary_large_image\" \/>\n<meta name=\"twitter:label1\" content=\"Prix\" \/>\n\t<meta name=\"twitter:data1\" content=\"42,89&nbsp;&euro;\" \/>\n\t<meta name=\"twitter:label2\" content=\"Disponibilit\u00e9\" \/>\n\t<meta name=\"twitter:data2\" content=\"En stock\" \/>\n<script type=\"application\/ld+json\" class=\"yoast-schema-graph\">{\"@context\":\"https:\\\/\\\/schema.org\",\"@graph\":[{\"@type\":\"WebPage\",\"@id\":\"https:\\\/\\\/crochetts.com\\\/fr\\\/tienda\\\/poupee-en-tissu-chaton-lili\\\/\",\"url\":\"https:\\\/\\\/crochetts.com\\\/fr\\\/tienda\\\/poupee-en-tissu-chaton-lili\\\/\",\"name\":\"- POUP\u00c9E EN TISSU CHATON LILI - Crochetts% Crochetts%%.\",\"isPartOf\":{\"@id\":\"https:\\\/\\\/crochetts.com\\\/fr\\\/#website\"},\"primaryImageOfPage\":{\"@id\":\"https:\\\/\\\/crochetts.com\\\/fr\\\/tienda\\\/poupee-en-tissu-chaton-lili\\\/#primaryimage\"},\"image\":{\"@id\":\"https:\\\/\\\/crochetts.com\\\/fr\\\/tienda\\\/poupee-en-tissu-chaton-lili\\\/#primaryimage\"},\"thumbnailUrl\":\"https:\\\/\\\/crochetts.com\\\/wp-content\\\/uploads\\\/2024\\\/09\\\/4062_6.jpg\",\"datePublished\":\"2024-09-19T08:24:45+00:00\",\"dateModified\":\"2025-11-21T15:43:55+00:00\",\"description\":\"Notre poup\u00e9e en tissu Lili kitten est fabriqu\u00e9e dans un tissu extra doux et tr\u00e8s agr\u00e9able au toucher. Son joli design de chaton en fera la poup\u00e9e ins\u00e9parable de votre fille et son meilleur compagnon de voyage.\",\"breadcrumb\":{\"@id\":\"https:\\\/\\\/crochetts.com\\\/fr\\\/tienda\\\/poupee-en-tissu-chaton-lili\\\/#breadcrumb\"},\"inLanguage\":\"fr-FR\",\"potentialAction\":[{\"@type\":\"ReadAction\",\"target\":[\"https:\\\/\\\/crochetts.com\\\/fr\\\/tienda\\\/poupee-en-tissu-chaton-lili\\\/\"]}]},{\"@type\":\"ImageObject\",\"inLanguage\":\"fr-FR\",\"@id\":\"https:\\\/\\\/crochetts.com\\\/fr\\\/tienda\\\/poupee-en-tissu-chaton-lili\\\/#primaryimage\",\"url\":\"https:\\\/\\\/crochetts.com\\\/wp-content\\\/uploads\\\/2024\\\/09\\\/4062_6.jpg\",\"contentUrl\":\"https:\\\/\\\/crochetts.com\\\/wp-content\\\/uploads\\\/2024\\\/09\\\/4062_6.jpg\",\"width\":800,\"height\":1202,\"caption\":\"kitty doll crochetts\"},{\"@type\":\"BreadcrumbList\",\"@id\":\"https:\\\/\\\/crochetts.com\\\/fr\\\/tienda\\\/poupee-en-tissu-chaton-lili\\\/#breadcrumb\",\"itemListElement\":[{\"@type\":\"ListItem\",\"position\":1,\"name\":\"Portada\",\"item\":\"https:\\\/\\\/crochetts.com\\\/fr\\\/accueil\\\/\"},{\"@type\":\"ListItem\",\"position\":2,\"name\":\"Boutique\",\"item\":\"https:\\\/\\\/crochetts.fr\\\/boutique\\\/\"},{\"@type\":\"ListItem\",\"position\":3,\"name\":\"POUP\u00c9E EN TISSU CHATON LILI\"}]},{\"@type\":\"WebSite\",\"@id\":\"https:\\\/\\\/crochetts.com\\\/fr\\\/#website\",\"url\":\"https:\\\/\\\/crochetts.com\\\/fr\\\/\",\"name\":\"Crochetts\",\"description\":\"ANIMALES DE CROCHET PARA JUGAR,DECORAR Y SO\u00d1AR\",\"publisher\":{\"@id\":\"https:\\\/\\\/crochetts.com\\\/fr\\\/#organization\"},\"potentialAction\":[{\"@type\":\"SearchAction\",\"target\":{\"@type\":\"EntryPoint\",\"urlTemplate\":\"https:\\\/\\\/crochetts.com\\\/fr\\\/?s={search_term_string}\"},\"query-input\":{\"@type\":\"PropertyValueSpecification\",\"valueRequired\":true,\"valueName\":\"search_term_string\"}}],\"inLanguage\":\"fr-FR\"},{\"@type\":\"Organization\",\"@id\":\"https:\\\/\\\/crochetts.com\\\/fr\\\/#organization\",\"name\":\"Crochets\",\"url\":\"https:\\\/\\\/crochetts.com\\\/fr\\\/\",\"logo\":{\"@type\":\"ImageObject\",\"inLanguage\":\"fr-FR\",\"@id\":\"https:\\\/\\\/crochetts.com\\\/fr\\\/#\\\/schema\\\/logo\\\/image\\\/\",\"url\":\"https:\\\/\\\/i2.wp.com\\\/crochetts.com\\\/wp-content\\\/uploads\\\/2021\\\/01\\\/Logo-Crochetts.jpg?fit=300%2C137&ssl=1\",\"contentUrl\":\"https:\\\/\\\/i2.wp.com\\\/crochetts.com\\\/wp-content\\\/uploads\\\/2021\\\/01\\\/Logo-Crochetts.jpg?fit=300%2C137&ssl=1\",\"width\":300,\"height\":137,\"caption\":\"Crochets\"},\"image\":{\"@id\":\"https:\\\/\\\/crochetts.com\\\/fr\\\/#\\\/schema\\\/logo\\\/image\\\/\"},\"sameAs\":[\"https:\\\/\\\/www.facebook.com\\\/Crochetts-101964178013493\",\"https:\\\/\\\/www.instagram.com\\\/crochetts_\\\/\"]}]}<\/script>\n<meta property=\"product:price:amount\" content=\"42.89\" \/>\n<meta property=\"product:price:currency\" content=\"EUR\" \/>\n<meta property=\"og:availability\" content=\"instock\" \/>\n<meta property=\"product:availability\" content=\"instock\" \/>\n<meta property=\"product:retailer_item_id\" content=\"4062\" \/>\n<meta property=\"product:condition\" content=\"new\" \/>\n<!-- \/ Yoast SEO Premium plugin. -->","yoast_head_json":{"title":"- POUP\u00c9E EN TISSU CHATON LILI - Crochetts% Crochetts%%.","description":"Notre poup\u00e9e en tissu Lili kitten est fabriqu\u00e9e dans un tissu extra doux et tr\u00e8s agr\u00e9able au toucher. Son joli design de chaton en fera la poup\u00e9e ins\u00e9parable de votre fille et son meilleur compagnon de voyage.","robots":{"index":"index","follow":"follow","max-snippet":"max-snippet:-1","max-image-preview":"max-image-preview:large","max-video-preview":"max-video-preview:-1"},"canonical":"https:\/\/crochetts.com\/fr\/tienda\/poupee-en-tissu-chaton-lili\/","og_locale":"fr_FR","og_type":"article","og_title":"POUP\u00c9E EN TISSU CHATON LILI","og_description":"Notre poup\u00e9e chaton Lili est fabriqu\u00e9e en tissu extra doux et tr\u00e8s agr\u00e9able au toucher. Sa jolie robe en tissu avec une jupe jaune et un petit sac en forme de chaton en feront la poup\u00e9e ins\u00e9parable de votre fille. Lili est plus qu'un simple jouet : c'est une compagne d'aventures magiques et un symbole d'amour et de cr\u00e9ativit\u00e9. Vendue dans une bo\u00eete cadeau.  &nbsp; &nbsp; &nbsp;","og_url":"https:\/\/crochetts.com\/fr\/tienda\/poupee-en-tissu-chaton-lili\/","og_site_name":"Crochetts","article_publisher":"https:\/\/www.facebook.com\/Crochetts-101964178013493","article_modified_time":"2025-11-21T15:43:55+00:00","og_image":[{"width":800,"height":1202,"url":"https:\/\/crochetts.com\/wp-content\/uploads\/2024\/09\/4062_6.jpg","type":"image\/jpeg"}],"twitter_card":"summary_large_image","twitter_misc":{"Prix":"42,89&nbsp;&euro;","Disponibilit\u00e9":"En stock"},"schema":{"@context":"https:\/\/schema.org","@graph":[{"@type":"WebPage","@id":"https:\/\/crochetts.com\/fr\/tienda\/poupee-en-tissu-chaton-lili\/","url":"https:\/\/crochetts.com\/fr\/tienda\/poupee-en-tissu-chaton-lili\/","name":"- POUP\u00c9E EN TISSU CHATON LILI - Crochetts% Crochetts%%.","isPartOf":{"@id":"https:\/\/crochetts.com\/fr\/#website"},"primaryImageOfPage":{"@id":"https:\/\/crochetts.com\/fr\/tienda\/poupee-en-tissu-chaton-lili\/#primaryimage"},"image":{"@id":"https:\/\/crochetts.com\/fr\/tienda\/poupee-en-tissu-chaton-lili\/#primaryimage"},"thumbnailUrl":"https:\/\/crochetts.com\/wp-content\/uploads\/2024\/09\/4062_6.jpg","datePublished":"2024-09-19T08:24:45+00:00","dateModified":"2025-11-21T15:43:55+00:00","description":"Notre poup\u00e9e en tissu Lili kitten est fabriqu\u00e9e dans un tissu extra doux et tr\u00e8s agr\u00e9able au toucher. Son joli design de chaton en fera la poup\u00e9e ins\u00e9parable de votre fille et son meilleur compagnon de voyage.","breadcrumb":{"@id":"https:\/\/crochetts.com\/fr\/tienda\/poupee-en-tissu-chaton-lili\/#breadcrumb"},"inLanguage":"fr-FR","potentialAction":[{"@type":"ReadAction","target":["https:\/\/crochetts.com\/fr\/tienda\/poupee-en-tissu-chaton-lili\/"]}]},{"@type":"ImageObject","inLanguage":"fr-FR","@id":"https:\/\/crochetts.com\/fr\/tienda\/poupee-en-tissu-chaton-lili\/#primaryimage","url":"https:\/\/crochetts.com\/wp-content\/uploads\/2024\/09\/4062_6.jpg","contentUrl":"https:\/\/crochetts.com\/wp-content\/uploads\/2024\/09\/4062_6.jpg","width":800,"height":1202,"caption":"kitty doll crochetts"},{"@type":"BreadcrumbList","@id":"https:\/\/crochetts.com\/fr\/tienda\/poupee-en-tissu-chaton-lili\/#breadcrumb","itemListElement":[{"@type":"ListItem","position":1,"name":"Portada","item":"https:\/\/crochetts.com\/fr\/accueil\/"},{"@type":"ListItem","position":2,"name":"Boutique","item":"https:\/\/crochetts.fr\/boutique\/"},{"@type":"ListItem","position":3,"name":"POUP\u00c9E EN TISSU CHATON LILI"}]},{"@type":"WebSite","@id":"https:\/\/crochetts.com\/fr\/#website","url":"https:\/\/crochetts.com\/fr\/","name":"Crochetts","description":"ANIMALES DE CROCHET PARA JUGAR,DECORAR Y SO\u00d1AR","publisher":{"@id":"https:\/\/crochetts.com\/fr\/#organization"},"potentialAction":[{"@type":"SearchAction","target":{"@type":"EntryPoint","urlTemplate":"https:\/\/crochetts.com\/fr\/?s={search_term_string}"},"query-input":{"@type":"PropertyValueSpecification","valueRequired":true,"valueName":"search_term_string"}}],"inLanguage":"fr-FR"},{"@type":"Organization","@id":"https:\/\/crochetts.com\/fr\/#organization","name":"Crochets","url":"https:\/\/crochetts.com\/fr\/","logo":{"@type":"ImageObject","inLanguage":"fr-FR","@id":"https:\/\/crochetts.com\/fr\/#\/schema\/logo\/image\/","url":"https:\/\/i2.wp.com\/crochetts.com\/wp-content\/uploads\/2021\/01\/Logo-Crochetts.jpg?fit=300%2C137&ssl=1","contentUrl":"https:\/\/i2.wp.com\/crochetts.com\/wp-content\/uploads\/2021\/01\/Logo-Crochetts.jpg?fit=300%2C137&ssl=1","width":300,"height":137,"caption":"Crochets"},"image":{"@id":"https:\/\/crochetts.com\/fr\/#\/schema\/logo\/image\/"},"sameAs":["https:\/\/www.facebook.com\/Crochetts-101964178013493","https:\/\/www.instagram.com\/crochetts_\/"]}]},"product_price_amount":"42.89","product_price_currency":"EUR","og_availability":"instock","product_availability":"instock","product_retailer_item_id":"4062","product_condition":"new"},"_links":{"self":[{"href":"https:\/\/crochetts.com\/fr\/wp-json\/wp\/v2\/product\/23217","targetHints":{"allow":["GET"]}}],"collection":[{"href":"https:\/\/crochetts.com\/fr\/wp-json\/wp\/v2\/product"}],"about":[{"href":"https:\/\/crochetts.com\/fr\/wp-json\/wp\/v2\/types\/product"}],"wp:featuredmedia":[{"embeddable":true,"href":"https:\/\/crochetts.com\/fr\/wp-json\/wp\/v2\/media\/23231"}],"wp:attachment":[{"href":"https:\/\/crochetts.com\/fr\/wp-json\/wp\/v2\/media?parent=23217"}],"wp:term":[{"taxonomy":"product_brand","embeddable":true,"href":"https:\/\/crochetts.com\/fr\/wp-json\/wp\/v2\/product_brand?post=23217"},{"taxonomy":"product_cat","embeddable":true,"href":"https:\/\/crochetts.com\/fr\/wp-json\/wp\/v2\/product_cat?post=23217"},{"taxonomy":"product_tag","embeddable":true,"href":"https:\/\/crochetts.com\/fr\/wp-json\/wp\/v2\/product_tag?post=23217"}],"curies":[{"name":"wp","href":"https:\/\/api.w.org\/{rel}","templated":true}]}}