{"id":23062,"date":"2024-09-20T12:20:52","date_gmt":"2024-09-20T11:20:52","guid":{"rendered":"https:\/\/crochetts.com\/tienda\/poupee-en-tissu-sirene-lune-violette\/"},"modified":"2025-11-21T16:48:53","modified_gmt":"2025-11-21T15:48:53","slug":"poupee-en-tissu-sirene-lune-violette","status":"publish","type":"product","link":"https:\/\/crochetts.com\/fr\/tienda\/poupee-en-tissu-sirene-lune-violette\/","title":{"rendered":"POUP\u00c9E EN TISSU SIR\u00c8NE LUNE VIOLETTE"},"content":{"rendered":"<div style=\"text-align: justify;\">\n<div style=\"text-align: justify;\"><\/div>\n<p>&nbsp;<\/p>\n<\/div>\n<p>&nbsp;<\/p>\n<p>&nbsp;<\/p>\n<p>&nbsp;<\/p>\n","protected":false},"excerpt":{"rendered":"<p>Notre <strong>poup\u00e9e<\/strong> <b>sir\u00e8ne Luna<\/b> est fabriqu\u00e9e dans un tissu <strong>extra doux<\/strong> <strong>et tr\u00e8s<\/strong> <strong>agr\u00e9able<\/strong> au toucher. Son joli <strong>design<\/strong>, avec sa <strong>queue<\/strong> violette et ses petites oreilles, en fera la poup\u00e9e ins\u00e9parable de votre fille. <strong>Luna<\/strong> est plus qu&rsquo;un simple jouet : c&rsquo;est une <strong>compagne pour des aventures magiques<\/strong> et un symbole d&rsquo;amour et de cr\u00e9ativit\u00e9. Vendue dans une bo\u00eete cadeau. La t\u00eate de la poup\u00e9e est munie d&rsquo;une <strong>poign\u00e9e qui <\/strong>permet de l&rsquo;accrocher \u00e0 un trolley ou \u00e0 un sac \u00e0 dos.   <\/p>\n<p>&nbsp;<\/p>\n<p>&nbsp;<\/p>\n<p>&nbsp;<\/p>\n","protected":false},"featured_media":23064,"template":"","meta":{"_acf_changed":false,"_joinchat":[]},"product_brand":[],"product_cat":[5420],"product_tag":[5422,5380,5641,5421,5425,5435,5424,5423,5426,5434,5640,5642,5653,5654,5643,5427],"class_list":{"0":"post-23062","1":"product","2":"type-product","3":"status-publish","4":"has-post-thumbnail","6":"product_cat-dolls-en-linge","7":"product_tag-decokids","8":"product_tag-decoration","9":"product_tag-m","10":"product_tag-nounours","11":"product_tag-poupee-animal","12":"product_tag-poupee-chaton","13":"product_tag-poupee-douce","14":"product_tag-poupee-en-peluche","15":"product_tag-poupee-en-tissu","16":"product_tag-poupee-en-tissu-2","17":"product_tag-poupee-en-tissu-3","18":"product_tag-poupee-licorne","19":"product_tag-poupee-licorne-2","20":"product_tag-poupee-sirene-2","21":"product_tag-poupee-sirene","22":"product_tag-stoffpuppe","23":"entry","25":"first","26":"instock","27":"featured","28":"taxable","29":"shipping-taxable","30":"purchasable","31":"product-type-simple"},"acf":[],"yoast_head":"<!-- This site is optimized with the Yoast SEO Premium plugin v26.1 (Yoast SEO v27.3) - https:\/\/yoast.com\/product\/yoast-seo-premium-wordpress\/ -->\n<title>- POUP\u00c9E EN TISSU SIR\u00c8NE LUNE VIOLETTE - Crochetts% Crochetts%%.<\/title>\n<meta name=\"description\" content=\"Notre poup\u00e9e sir\u00e8ne Luna est fabriqu\u00e9e dans un tissu extra doux et tr\u00e8s agr\u00e9able au toucher. Son design mignon avec sa queue violette et ses petites oreilles en feront la poup\u00e9e ins\u00e9parable de votre enfant, le meilleur compagnon de voyage.\" \/>\n<meta name=\"robots\" content=\"index, follow, max-snippet:-1, max-image-preview:large, max-video-preview:-1\" \/>\n<link rel=\"canonical\" href=\"https:\/\/crochetts.com\/fr\/tienda\/poupee-en-tissu-sirene-lune-violette\/\" \/>\n<meta property=\"og:locale\" content=\"fr_FR\" \/>\n<meta property=\"og:type\" content=\"article\" \/>\n<meta property=\"og:title\" content=\"POUP\u00c9E EN TISSU SIR\u00c8NE LUNE VIOLETTE\" \/>\n<meta property=\"og:description\" content=\"Notre poup\u00e9e sir\u00e8ne Luna est fabriqu\u00e9e dans un tissu extra doux et tr\u00e8s agr\u00e9able au toucher. Son joli design, avec sa queue violette et ses petites oreilles, en fera la poup\u00e9e ins\u00e9parable de votre fille. Luna est plus qu&#039;un simple jouet : c&#039;est une compagne pour des aventures magiques et un symbole d&#039;amour et de cr\u00e9ativit\u00e9. Vendue dans une bo\u00eete cadeau. La t\u00eate de la poup\u00e9e est munie d&#039;une poign\u00e9e qui permet de l&#039;accrocher \u00e0 un trolley ou \u00e0 un sac \u00e0 dos.   &nbsp; &nbsp; &nbsp;\" \/>\n<meta property=\"og:url\" content=\"https:\/\/crochetts.com\/fr\/tienda\/poupee-en-tissu-sirene-lune-violette\/\" \/>\n<meta property=\"og:site_name\" content=\"Crochetts\" \/>\n<meta property=\"article:publisher\" content=\"https:\/\/www.facebook.com\/Crochetts-101964178013493\" \/>\n<meta property=\"article:modified_time\" content=\"2025-11-21T15:48:53+00:00\" \/>\n<meta property=\"og:image\" content=\"https:\/\/crochetts.com\/wp-content\/uploads\/2024\/09\/4066_1.jpg\" \/>\n\t<meta property=\"og:image:width\" content=\"800\" \/>\n\t<meta property=\"og:image:height\" content=\"1202\" \/>\n\t<meta property=\"og:image:type\" content=\"image\/jpeg\" \/>\n<meta name=\"twitter:card\" content=\"summary_large_image\" \/>\n<meta name=\"twitter:label1\" content=\"Prix\" \/>\n\t<meta name=\"twitter:data1\" content=\"42,89&nbsp;&euro;\" \/>\n\t<meta name=\"twitter:label2\" content=\"Disponibilit\u00e9\" \/>\n\t<meta name=\"twitter:data2\" content=\"En stock\" \/>\n<script type=\"application\/ld+json\" class=\"yoast-schema-graph\">{\"@context\":\"https:\\\/\\\/schema.org\",\"@graph\":[{\"@type\":\"WebPage\",\"@id\":\"https:\\\/\\\/crochetts.com\\\/fr\\\/tienda\\\/poupee-en-tissu-sirene-lune-violette\\\/\",\"url\":\"https:\\\/\\\/crochetts.com\\\/fr\\\/tienda\\\/poupee-en-tissu-sirene-lune-violette\\\/\",\"name\":\"- POUP\u00c9E EN TISSU SIR\u00c8NE LUNE VIOLETTE - Crochetts% Crochetts%%.\",\"isPartOf\":{\"@id\":\"https:\\\/\\\/crochetts.com\\\/fr\\\/#website\"},\"primaryImageOfPage\":{\"@id\":\"https:\\\/\\\/crochetts.com\\\/fr\\\/tienda\\\/poupee-en-tissu-sirene-lune-violette\\\/#primaryimage\"},\"image\":{\"@id\":\"https:\\\/\\\/crochetts.com\\\/fr\\\/tienda\\\/poupee-en-tissu-sirene-lune-violette\\\/#primaryimage\"},\"thumbnailUrl\":\"https:\\\/\\\/crochetts.com\\\/wp-content\\\/uploads\\\/2024\\\/09\\\/4066_1.jpg\",\"datePublished\":\"2024-09-20T11:20:52+00:00\",\"dateModified\":\"2025-11-21T15:48:53+00:00\",\"description\":\"Notre poup\u00e9e sir\u00e8ne Luna est fabriqu\u00e9e dans un tissu extra doux et tr\u00e8s agr\u00e9able au toucher. Son design mignon avec sa queue violette et ses petites oreilles en feront la poup\u00e9e ins\u00e9parable de votre enfant, le meilleur compagnon de voyage.\",\"breadcrumb\":{\"@id\":\"https:\\\/\\\/crochetts.com\\\/fr\\\/tienda\\\/poupee-en-tissu-sirene-lune-violette\\\/#breadcrumb\"},\"inLanguage\":\"fr-FR\",\"potentialAction\":[{\"@type\":\"ReadAction\",\"target\":[\"https:\\\/\\\/crochetts.com\\\/fr\\\/tienda\\\/poupee-en-tissu-sirene-lune-violette\\\/\"]}]},{\"@type\":\"ImageObject\",\"inLanguage\":\"fr-FR\",\"@id\":\"https:\\\/\\\/crochetts.com\\\/fr\\\/tienda\\\/poupee-en-tissu-sirene-lune-violette\\\/#primaryimage\",\"url\":\"https:\\\/\\\/crochetts.com\\\/wp-content\\\/uploads\\\/2024\\\/09\\\/4066_1.jpg\",\"contentUrl\":\"https:\\\/\\\/crochetts.com\\\/wp-content\\\/uploads\\\/2024\\\/09\\\/4066_1.jpg\",\"width\":800,\"height\":1202,\"caption\":\"poup\u00e9e sir\u00e8ne au crochet\"},{\"@type\":\"BreadcrumbList\",\"@id\":\"https:\\\/\\\/crochetts.com\\\/fr\\\/tienda\\\/poupee-en-tissu-sirene-lune-violette\\\/#breadcrumb\",\"itemListElement\":[{\"@type\":\"ListItem\",\"position\":1,\"name\":\"Portada\",\"item\":\"https:\\\/\\\/crochetts.com\\\/fr\\\/accueil\\\/\"},{\"@type\":\"ListItem\",\"position\":2,\"name\":\"Boutique\",\"item\":\"https:\\\/\\\/crochetts.fr\\\/boutique\\\/\"},{\"@type\":\"ListItem\",\"position\":3,\"name\":\"POUP\u00c9E EN TISSU SIR\u00c8NE LUNE VIOLETTE\"}]},{\"@type\":\"WebSite\",\"@id\":\"https:\\\/\\\/crochetts.com\\\/fr\\\/#website\",\"url\":\"https:\\\/\\\/crochetts.com\\\/fr\\\/\",\"name\":\"Crochetts\",\"description\":\"ANIMALES DE CROCHET PARA JUGAR,DECORAR Y SO\u00d1AR\",\"publisher\":{\"@id\":\"https:\\\/\\\/crochetts.com\\\/fr\\\/#organization\"},\"potentialAction\":[{\"@type\":\"SearchAction\",\"target\":{\"@type\":\"EntryPoint\",\"urlTemplate\":\"https:\\\/\\\/crochetts.com\\\/fr\\\/?s={search_term_string}\"},\"query-input\":{\"@type\":\"PropertyValueSpecification\",\"valueRequired\":true,\"valueName\":\"search_term_string\"}}],\"inLanguage\":\"fr-FR\"},{\"@type\":\"Organization\",\"@id\":\"https:\\\/\\\/crochetts.com\\\/fr\\\/#organization\",\"name\":\"Crochets\",\"url\":\"https:\\\/\\\/crochetts.com\\\/fr\\\/\",\"logo\":{\"@type\":\"ImageObject\",\"inLanguage\":\"fr-FR\",\"@id\":\"https:\\\/\\\/crochetts.com\\\/fr\\\/#\\\/schema\\\/logo\\\/image\\\/\",\"url\":\"https:\\\/\\\/i2.wp.com\\\/crochetts.com\\\/wp-content\\\/uploads\\\/2021\\\/01\\\/Logo-Crochetts.jpg?fit=300%2C137&ssl=1\",\"contentUrl\":\"https:\\\/\\\/i2.wp.com\\\/crochetts.com\\\/wp-content\\\/uploads\\\/2021\\\/01\\\/Logo-Crochetts.jpg?fit=300%2C137&ssl=1\",\"width\":300,\"height\":137,\"caption\":\"Crochets\"},\"image\":{\"@id\":\"https:\\\/\\\/crochetts.com\\\/fr\\\/#\\\/schema\\\/logo\\\/image\\\/\"},\"sameAs\":[\"https:\\\/\\\/www.facebook.com\\\/Crochetts-101964178013493\",\"https:\\\/\\\/www.instagram.com\\\/crochetts_\\\/\"]}]}<\/script>\n<meta property=\"product:price:amount\" content=\"42.89\" \/>\n<meta property=\"product:price:currency\" content=\"EUR\" \/>\n<meta property=\"og:availability\" content=\"instock\" \/>\n<meta property=\"product:availability\" content=\"instock\" \/>\n<meta property=\"product:retailer_item_id\" content=\"4066\" \/>\n<meta property=\"product:condition\" content=\"new\" \/>\n<!-- \/ Yoast SEO Premium plugin. -->","yoast_head_json":{"title":"- POUP\u00c9E EN TISSU SIR\u00c8NE LUNE VIOLETTE - Crochetts% Crochetts%%.","description":"Notre poup\u00e9e sir\u00e8ne Luna est fabriqu\u00e9e dans un tissu extra doux et tr\u00e8s agr\u00e9able au toucher. Son design mignon avec sa queue violette et ses petites oreilles en feront la poup\u00e9e ins\u00e9parable de votre enfant, le meilleur compagnon de voyage.","robots":{"index":"index","follow":"follow","max-snippet":"max-snippet:-1","max-image-preview":"max-image-preview:large","max-video-preview":"max-video-preview:-1"},"canonical":"https:\/\/crochetts.com\/fr\/tienda\/poupee-en-tissu-sirene-lune-violette\/","og_locale":"fr_FR","og_type":"article","og_title":"POUP\u00c9E EN TISSU SIR\u00c8NE LUNE VIOLETTE","og_description":"Notre poup\u00e9e sir\u00e8ne Luna est fabriqu\u00e9e dans un tissu extra doux et tr\u00e8s agr\u00e9able au toucher. Son joli design, avec sa queue violette et ses petites oreilles, en fera la poup\u00e9e ins\u00e9parable de votre fille. Luna est plus qu'un simple jouet : c'est une compagne pour des aventures magiques et un symbole d'amour et de cr\u00e9ativit\u00e9. Vendue dans une bo\u00eete cadeau. La t\u00eate de la poup\u00e9e est munie d'une poign\u00e9e qui permet de l'accrocher \u00e0 un trolley ou \u00e0 un sac \u00e0 dos.   &nbsp; &nbsp; &nbsp;","og_url":"https:\/\/crochetts.com\/fr\/tienda\/poupee-en-tissu-sirene-lune-violette\/","og_site_name":"Crochetts","article_publisher":"https:\/\/www.facebook.com\/Crochetts-101964178013493","article_modified_time":"2025-11-21T15:48:53+00:00","og_image":[{"width":800,"height":1202,"url":"https:\/\/crochetts.com\/wp-content\/uploads\/2024\/09\/4066_1.jpg","type":"image\/jpeg"}],"twitter_card":"summary_large_image","twitter_misc":{"Prix":"42,89&nbsp;&euro;","Disponibilit\u00e9":"En stock"},"schema":{"@context":"https:\/\/schema.org","@graph":[{"@type":"WebPage","@id":"https:\/\/crochetts.com\/fr\/tienda\/poupee-en-tissu-sirene-lune-violette\/","url":"https:\/\/crochetts.com\/fr\/tienda\/poupee-en-tissu-sirene-lune-violette\/","name":"- POUP\u00c9E EN TISSU SIR\u00c8NE LUNE VIOLETTE - Crochetts% Crochetts%%.","isPartOf":{"@id":"https:\/\/crochetts.com\/fr\/#website"},"primaryImageOfPage":{"@id":"https:\/\/crochetts.com\/fr\/tienda\/poupee-en-tissu-sirene-lune-violette\/#primaryimage"},"image":{"@id":"https:\/\/crochetts.com\/fr\/tienda\/poupee-en-tissu-sirene-lune-violette\/#primaryimage"},"thumbnailUrl":"https:\/\/crochetts.com\/wp-content\/uploads\/2024\/09\/4066_1.jpg","datePublished":"2024-09-20T11:20:52+00:00","dateModified":"2025-11-21T15:48:53+00:00","description":"Notre poup\u00e9e sir\u00e8ne Luna est fabriqu\u00e9e dans un tissu extra doux et tr\u00e8s agr\u00e9able au toucher. Son design mignon avec sa queue violette et ses petites oreilles en feront la poup\u00e9e ins\u00e9parable de votre enfant, le meilleur compagnon de voyage.","breadcrumb":{"@id":"https:\/\/crochetts.com\/fr\/tienda\/poupee-en-tissu-sirene-lune-violette\/#breadcrumb"},"inLanguage":"fr-FR","potentialAction":[{"@type":"ReadAction","target":["https:\/\/crochetts.com\/fr\/tienda\/poupee-en-tissu-sirene-lune-violette\/"]}]},{"@type":"ImageObject","inLanguage":"fr-FR","@id":"https:\/\/crochetts.com\/fr\/tienda\/poupee-en-tissu-sirene-lune-violette\/#primaryimage","url":"https:\/\/crochetts.com\/wp-content\/uploads\/2024\/09\/4066_1.jpg","contentUrl":"https:\/\/crochetts.com\/wp-content\/uploads\/2024\/09\/4066_1.jpg","width":800,"height":1202,"caption":"poup\u00e9e sir\u00e8ne au crochet"},{"@type":"BreadcrumbList","@id":"https:\/\/crochetts.com\/fr\/tienda\/poupee-en-tissu-sirene-lune-violette\/#breadcrumb","itemListElement":[{"@type":"ListItem","position":1,"name":"Portada","item":"https:\/\/crochetts.com\/fr\/accueil\/"},{"@type":"ListItem","position":2,"name":"Boutique","item":"https:\/\/crochetts.fr\/boutique\/"},{"@type":"ListItem","position":3,"name":"POUP\u00c9E EN TISSU SIR\u00c8NE LUNE VIOLETTE"}]},{"@type":"WebSite","@id":"https:\/\/crochetts.com\/fr\/#website","url":"https:\/\/crochetts.com\/fr\/","name":"Crochetts","description":"ANIMALES DE CROCHET PARA JUGAR,DECORAR Y SO\u00d1AR","publisher":{"@id":"https:\/\/crochetts.com\/fr\/#organization"},"potentialAction":[{"@type":"SearchAction","target":{"@type":"EntryPoint","urlTemplate":"https:\/\/crochetts.com\/fr\/?s={search_term_string}"},"query-input":{"@type":"PropertyValueSpecification","valueRequired":true,"valueName":"search_term_string"}}],"inLanguage":"fr-FR"},{"@type":"Organization","@id":"https:\/\/crochetts.com\/fr\/#organization","name":"Crochets","url":"https:\/\/crochetts.com\/fr\/","logo":{"@type":"ImageObject","inLanguage":"fr-FR","@id":"https:\/\/crochetts.com\/fr\/#\/schema\/logo\/image\/","url":"https:\/\/i2.wp.com\/crochetts.com\/wp-content\/uploads\/2021\/01\/Logo-Crochetts.jpg?fit=300%2C137&ssl=1","contentUrl":"https:\/\/i2.wp.com\/crochetts.com\/wp-content\/uploads\/2021\/01\/Logo-Crochetts.jpg?fit=300%2C137&ssl=1","width":300,"height":137,"caption":"Crochets"},"image":{"@id":"https:\/\/crochetts.com\/fr\/#\/schema\/logo\/image\/"},"sameAs":["https:\/\/www.facebook.com\/Crochetts-101964178013493","https:\/\/www.instagram.com\/crochetts_\/"]}]},"product_price_amount":"42.89","product_price_currency":"EUR","og_availability":"instock","product_availability":"instock","product_retailer_item_id":"4066","product_condition":"new"},"_links":{"self":[{"href":"https:\/\/crochetts.com\/fr\/wp-json\/wp\/v2\/product\/23062","targetHints":{"allow":["GET"]}}],"collection":[{"href":"https:\/\/crochetts.com\/fr\/wp-json\/wp\/v2\/product"}],"about":[{"href":"https:\/\/crochetts.com\/fr\/wp-json\/wp\/v2\/types\/product"}],"wp:featuredmedia":[{"embeddable":true,"href":"https:\/\/crochetts.com\/fr\/wp-json\/wp\/v2\/media\/23064"}],"wp:attachment":[{"href":"https:\/\/crochetts.com\/fr\/wp-json\/wp\/v2\/media?parent=23062"}],"wp:term":[{"taxonomy":"product_brand","embeddable":true,"href":"https:\/\/crochetts.com\/fr\/wp-json\/wp\/v2\/product_brand?post=23062"},{"taxonomy":"product_cat","embeddable":true,"href":"https:\/\/crochetts.com\/fr\/wp-json\/wp\/v2\/product_cat?post=23062"},{"taxonomy":"product_tag","embeddable":true,"href":"https:\/\/crochetts.com\/fr\/wp-json\/wp\/v2\/product_tag?post=23062"}],"curies":[{"name":"wp","href":"https:\/\/api.w.org\/{rel}","templated":true}]}}