{"id":22986,"date":"2024-09-25T10:16:25","date_gmt":"2024-09-25T09:16:25","guid":{"rendered":"https:\/\/crochetts.com\/tienda\/poupee-et-couverture-sirene-rose\/"},"modified":"2025-11-21T16:40:31","modified_gmt":"2025-11-21T15:40:31","slug":"poupee-et-couverture-sirene-rose","status":"publish","type":"product","link":"https:\/\/crochetts.com\/fr\/tienda\/poupee-et-couverture-sirene-rose\/","title":{"rendered":"POUP\u00c9E ET COUVERTURE SIR\u00c8NE ROSE"},"content":{"rendered":"<div style=\"text-align: justify;\">\n<div style=\"text-align: justify;\"><\/div>\n<p>&nbsp;<\/p>\n<\/div>\n<p>&nbsp;<\/p>\n<p>&nbsp;<\/p>\n<p>&nbsp;<\/p>\n","protected":false},"excerpt":{"rendered":"<p>Notre <strong>pack sir\u00e8ne<\/strong> est compos\u00e9 d&rsquo;une magnifique <strong>couverture<\/strong> en forme de<strong> queue de sir\u00e8ne<\/strong> et de la <strong>poup\u00e9e<\/strong> sir\u00e8ne tr\u00e8s douce, douce au toucher <b>de <\/b>couleur <strong>violette<\/strong> assortie \u00e0 la couverture.<\/p>\n<p><strong>Id\u00e9al<\/strong> comme <strong>cadeau<\/strong> et faites en sorte que le r\u00eave d&rsquo;\u00eatre une sir\u00e8ne devienne r\u00e9alit\u00e9 !<\/p>\n<p>Fabriqu\u00e9 avec les meilleurs mat\u00e9riaux, du polyester de haute qualit\u00e9.<\/p>\n<p>&nbsp;<\/p>\n<p>&nbsp;<\/p>\n<p>&nbsp;<\/p>\n<p>&nbsp;<\/p>\n","protected":false},"featured_media":22987,"template":"","meta":{"_acf_changed":false,"_joinchat":[]},"product_brand":[],"product_cat":[5639,5420],"product_tag":[5422,5380,5641,5421,5645,5425,5435,5424,5423,5426,5640,5434,5653,5642,5643,5647,5649,5644,5648,5427],"class_list":{"0":"post-22986","1":"product","2":"type-product","3":"status-publish","4":"has-post-thumbnail","6":"product_cat-couvertures-et-serviettes","7":"product_cat-dolls-en-linge","8":"product_tag-decokids","9":"product_tag-decoration","10":"product_tag-m","11":"product_tag-nounours","12":"product_tag-pack-de-sirenes","13":"product_tag-poupee-animal","14":"product_tag-poupee-chaton","15":"product_tag-poupee-douce","16":"product_tag-poupee-en-peluche","17":"product_tag-poupee-en-tissu","18":"product_tag-poupee-en-tissu-3","19":"product_tag-poupee-en-tissu-2","20":"product_tag-poupee-licorne-2","21":"product_tag-poupee-licorne","22":"product_tag-poupee-sirene","23":"product_tag-regler-la-sirene","24":"product_tag-set-de-sirene","25":"product_tag-sirene","26":"product_tag-sirene-reglee","27":"product_tag-stoffpuppe","28":"entry","30":"first","31":"instock","32":"featured","33":"taxable","34":"shipping-taxable","35":"purchasable","36":"product-type-simple"},"acf":[],"yoast_head":"<!-- This site is optimized with the Yoast SEO Premium plugin v26.1 (Yoast SEO v27.3) - https:\/\/yoast.com\/product\/yoast-seo-premium-wordpress\/ -->\n<title>- POUP\u00c9E ET COUVERTURE SIR\u00c8NE ROSE - Crochetts% Crochetts%%.<\/title>\n<meta name=\"description\" content=\"Notre pack sir\u00e8ne comprend une magnifique couverture \u00e0 queue de sir\u00e8ne et une poup\u00e9e Luna rose assortie.\" \/>\n<meta name=\"robots\" content=\"index, follow, max-snippet:-1, max-image-preview:large, max-video-preview:-1\" \/>\n<link rel=\"canonical\" href=\"https:\/\/crochetts.com\/fr\/tienda\/poupee-et-couverture-sirene-rose\/\" \/>\n<meta property=\"og:locale\" content=\"fr_FR\" \/>\n<meta property=\"og:type\" content=\"article\" \/>\n<meta property=\"og:title\" content=\"POUP\u00c9E ET COUVERTURE SIR\u00c8NE ROSE\" \/>\n<meta property=\"og:description\" content=\"Notre pack sir\u00e8ne est compos\u00e9 d&#039;une magnifique couverture en forme de queue de sir\u00e8ne et de la poup\u00e9e sir\u00e8ne tr\u00e8s douce, douce au toucher de couleur violette assortie \u00e0 la couverture. Id\u00e9al comme cadeau et faites en sorte que le r\u00eave d&#039;\u00eatre une sir\u00e8ne devienne r\u00e9alit\u00e9 ! Fabriqu\u00e9 avec les meilleurs mat\u00e9riaux, du polyester de haute qualit\u00e9. &nbsp; &nbsp; &nbsp; &nbsp;\" \/>\n<meta property=\"og:url\" content=\"https:\/\/crochetts.com\/fr\/tienda\/poupee-et-couverture-sirene-rose\/\" \/>\n<meta property=\"og:site_name\" content=\"Crochetts\" \/>\n<meta property=\"article:publisher\" content=\"https:\/\/www.facebook.com\/Crochetts-101964178013493\" \/>\n<meta property=\"article:modified_time\" content=\"2025-11-21T15:40:31+00:00\" \/>\n<meta property=\"og:image\" content=\"https:\/\/crochetts.com\/wp-content\/uploads\/2024\/09\/4071_1.jpg\" \/>\n\t<meta property=\"og:image:width\" content=\"800\" \/>\n\t<meta property=\"og:image:height\" content=\"1202\" \/>\n\t<meta property=\"og:image:type\" content=\"image\/jpeg\" \/>\n<meta name=\"twitter:card\" content=\"summary_large_image\" \/>\n<meta name=\"twitter:label1\" content=\"Prix\" \/>\n\t<meta name=\"twitter:data1\" content=\"75,00&nbsp;&euro;\" \/>\n\t<meta name=\"twitter:label2\" content=\"Disponibilit\u00e9\" \/>\n\t<meta name=\"twitter:data2\" content=\"En stock\" \/>\n<script type=\"application\/ld+json\" class=\"yoast-schema-graph\">{\"@context\":\"https:\\\/\\\/schema.org\",\"@graph\":[{\"@type\":\"WebPage\",\"@id\":\"https:\\\/\\\/crochetts.com\\\/fr\\\/tienda\\\/poupee-et-couverture-sirene-rose\\\/\",\"url\":\"https:\\\/\\\/crochetts.com\\\/fr\\\/tienda\\\/poupee-et-couverture-sirene-rose\\\/\",\"name\":\"- POUP\u00c9E ET COUVERTURE SIR\u00c8NE ROSE - Crochetts% Crochetts%%.\",\"isPartOf\":{\"@id\":\"https:\\\/\\\/crochetts.com\\\/fr\\\/#website\"},\"primaryImageOfPage\":{\"@id\":\"https:\\\/\\\/crochetts.com\\\/fr\\\/tienda\\\/poupee-et-couverture-sirene-rose\\\/#primaryimage\"},\"image\":{\"@id\":\"https:\\\/\\\/crochetts.com\\\/fr\\\/tienda\\\/poupee-et-couverture-sirene-rose\\\/#primaryimage\"},\"thumbnailUrl\":\"https:\\\/\\\/crochetts.com\\\/wp-content\\\/uploads\\\/2024\\\/09\\\/4071_1.jpg\",\"datePublished\":\"2024-09-25T09:16:25+00:00\",\"dateModified\":\"2025-11-21T15:40:31+00:00\",\"description\":\"Notre pack sir\u00e8ne comprend une magnifique couverture \u00e0 queue de sir\u00e8ne et une poup\u00e9e Luna rose assortie.\",\"breadcrumb\":{\"@id\":\"https:\\\/\\\/crochetts.com\\\/fr\\\/tienda\\\/poupee-et-couverture-sirene-rose\\\/#breadcrumb\"},\"inLanguage\":\"fr-FR\",\"potentialAction\":[{\"@type\":\"ReadAction\",\"target\":[\"https:\\\/\\\/crochetts.com\\\/fr\\\/tienda\\\/poupee-et-couverture-sirene-rose\\\/\"]}]},{\"@type\":\"ImageObject\",\"inLanguage\":\"fr-FR\",\"@id\":\"https:\\\/\\\/crochetts.com\\\/fr\\\/tienda\\\/poupee-et-couverture-sirene-rose\\\/#primaryimage\",\"url\":\"https:\\\/\\\/crochetts.com\\\/wp-content\\\/uploads\\\/2024\\\/09\\\/4071_1.jpg\",\"contentUrl\":\"https:\\\/\\\/crochetts.com\\\/wp-content\\\/uploads\\\/2024\\\/09\\\/4071_1.jpg\",\"width\":800,\"height\":1202},{\"@type\":\"BreadcrumbList\",\"@id\":\"https:\\\/\\\/crochetts.com\\\/fr\\\/tienda\\\/poupee-et-couverture-sirene-rose\\\/#breadcrumb\",\"itemListElement\":[{\"@type\":\"ListItem\",\"position\":1,\"name\":\"Portada\",\"item\":\"https:\\\/\\\/crochetts.com\\\/fr\\\/accueil\\\/\"},{\"@type\":\"ListItem\",\"position\":2,\"name\":\"Boutique\",\"item\":\"https:\\\/\\\/crochetts.fr\\\/boutique\\\/\"},{\"@type\":\"ListItem\",\"position\":3,\"name\":\"POUP\u00c9E ET COUVERTURE SIR\u00c8NE ROSE\"}]},{\"@type\":\"WebSite\",\"@id\":\"https:\\\/\\\/crochetts.com\\\/fr\\\/#website\",\"url\":\"https:\\\/\\\/crochetts.com\\\/fr\\\/\",\"name\":\"Crochetts\",\"description\":\"ANIMALES DE CROCHET PARA JUGAR,DECORAR Y SO\u00d1AR\",\"publisher\":{\"@id\":\"https:\\\/\\\/crochetts.com\\\/fr\\\/#organization\"},\"potentialAction\":[{\"@type\":\"SearchAction\",\"target\":{\"@type\":\"EntryPoint\",\"urlTemplate\":\"https:\\\/\\\/crochetts.com\\\/fr\\\/?s={search_term_string}\"},\"query-input\":{\"@type\":\"PropertyValueSpecification\",\"valueRequired\":true,\"valueName\":\"search_term_string\"}}],\"inLanguage\":\"fr-FR\"},{\"@type\":\"Organization\",\"@id\":\"https:\\\/\\\/crochetts.com\\\/fr\\\/#organization\",\"name\":\"Crochets\",\"url\":\"https:\\\/\\\/crochetts.com\\\/fr\\\/\",\"logo\":{\"@type\":\"ImageObject\",\"inLanguage\":\"fr-FR\",\"@id\":\"https:\\\/\\\/crochetts.com\\\/fr\\\/#\\\/schema\\\/logo\\\/image\\\/\",\"url\":\"https:\\\/\\\/i2.wp.com\\\/crochetts.com\\\/wp-content\\\/uploads\\\/2021\\\/01\\\/Logo-Crochetts.jpg?fit=300%2C137&ssl=1\",\"contentUrl\":\"https:\\\/\\\/i2.wp.com\\\/crochetts.com\\\/wp-content\\\/uploads\\\/2021\\\/01\\\/Logo-Crochetts.jpg?fit=300%2C137&ssl=1\",\"width\":300,\"height\":137,\"caption\":\"Crochets\"},\"image\":{\"@id\":\"https:\\\/\\\/crochetts.com\\\/fr\\\/#\\\/schema\\\/logo\\\/image\\\/\"},\"sameAs\":[\"https:\\\/\\\/www.facebook.com\\\/Crochetts-101964178013493\",\"https:\\\/\\\/www.instagram.com\\\/crochetts_\\\/\"]}]}<\/script>\n<meta property=\"product:price:amount\" content=\"75.00\" \/>\n<meta property=\"product:price:currency\" content=\"EUR\" \/>\n<meta property=\"og:availability\" content=\"instock\" \/>\n<meta property=\"product:availability\" content=\"instock\" \/>\n<meta property=\"product:retailer_item_id\" content=\"4071\" \/>\n<meta property=\"product:condition\" content=\"new\" \/>\n<!-- \/ Yoast SEO Premium plugin. -->","yoast_head_json":{"title":"- POUP\u00c9E ET COUVERTURE SIR\u00c8NE ROSE - Crochetts% Crochetts%%.","description":"Notre pack sir\u00e8ne comprend une magnifique couverture \u00e0 queue de sir\u00e8ne et une poup\u00e9e Luna rose assortie.","robots":{"index":"index","follow":"follow","max-snippet":"max-snippet:-1","max-image-preview":"max-image-preview:large","max-video-preview":"max-video-preview:-1"},"canonical":"https:\/\/crochetts.com\/fr\/tienda\/poupee-et-couverture-sirene-rose\/","og_locale":"fr_FR","og_type":"article","og_title":"POUP\u00c9E ET COUVERTURE SIR\u00c8NE ROSE","og_description":"Notre pack sir\u00e8ne est compos\u00e9 d'une magnifique couverture en forme de queue de sir\u00e8ne et de la poup\u00e9e sir\u00e8ne tr\u00e8s douce, douce au toucher de couleur violette assortie \u00e0 la couverture. Id\u00e9al comme cadeau et faites en sorte que le r\u00eave d'\u00eatre une sir\u00e8ne devienne r\u00e9alit\u00e9 ! Fabriqu\u00e9 avec les meilleurs mat\u00e9riaux, du polyester de haute qualit\u00e9. &nbsp; &nbsp; &nbsp; &nbsp;","og_url":"https:\/\/crochetts.com\/fr\/tienda\/poupee-et-couverture-sirene-rose\/","og_site_name":"Crochetts","article_publisher":"https:\/\/www.facebook.com\/Crochetts-101964178013493","article_modified_time":"2025-11-21T15:40:31+00:00","og_image":[{"width":800,"height":1202,"url":"https:\/\/crochetts.com\/wp-content\/uploads\/2024\/09\/4071_1.jpg","type":"image\/jpeg"}],"twitter_card":"summary_large_image","twitter_misc":{"Prix":"75,00&nbsp;&euro;","Disponibilit\u00e9":"En stock"},"schema":{"@context":"https:\/\/schema.org","@graph":[{"@type":"WebPage","@id":"https:\/\/crochetts.com\/fr\/tienda\/poupee-et-couverture-sirene-rose\/","url":"https:\/\/crochetts.com\/fr\/tienda\/poupee-et-couverture-sirene-rose\/","name":"- POUP\u00c9E ET COUVERTURE SIR\u00c8NE ROSE - Crochetts% Crochetts%%.","isPartOf":{"@id":"https:\/\/crochetts.com\/fr\/#website"},"primaryImageOfPage":{"@id":"https:\/\/crochetts.com\/fr\/tienda\/poupee-et-couverture-sirene-rose\/#primaryimage"},"image":{"@id":"https:\/\/crochetts.com\/fr\/tienda\/poupee-et-couverture-sirene-rose\/#primaryimage"},"thumbnailUrl":"https:\/\/crochetts.com\/wp-content\/uploads\/2024\/09\/4071_1.jpg","datePublished":"2024-09-25T09:16:25+00:00","dateModified":"2025-11-21T15:40:31+00:00","description":"Notre pack sir\u00e8ne comprend une magnifique couverture \u00e0 queue de sir\u00e8ne et une poup\u00e9e Luna rose assortie.","breadcrumb":{"@id":"https:\/\/crochetts.com\/fr\/tienda\/poupee-et-couverture-sirene-rose\/#breadcrumb"},"inLanguage":"fr-FR","potentialAction":[{"@type":"ReadAction","target":["https:\/\/crochetts.com\/fr\/tienda\/poupee-et-couverture-sirene-rose\/"]}]},{"@type":"ImageObject","inLanguage":"fr-FR","@id":"https:\/\/crochetts.com\/fr\/tienda\/poupee-et-couverture-sirene-rose\/#primaryimage","url":"https:\/\/crochetts.com\/wp-content\/uploads\/2024\/09\/4071_1.jpg","contentUrl":"https:\/\/crochetts.com\/wp-content\/uploads\/2024\/09\/4071_1.jpg","width":800,"height":1202},{"@type":"BreadcrumbList","@id":"https:\/\/crochetts.com\/fr\/tienda\/poupee-et-couverture-sirene-rose\/#breadcrumb","itemListElement":[{"@type":"ListItem","position":1,"name":"Portada","item":"https:\/\/crochetts.com\/fr\/accueil\/"},{"@type":"ListItem","position":2,"name":"Boutique","item":"https:\/\/crochetts.fr\/boutique\/"},{"@type":"ListItem","position":3,"name":"POUP\u00c9E ET COUVERTURE SIR\u00c8NE ROSE"}]},{"@type":"WebSite","@id":"https:\/\/crochetts.com\/fr\/#website","url":"https:\/\/crochetts.com\/fr\/","name":"Crochetts","description":"ANIMALES DE CROCHET PARA JUGAR,DECORAR Y SO\u00d1AR","publisher":{"@id":"https:\/\/crochetts.com\/fr\/#organization"},"potentialAction":[{"@type":"SearchAction","target":{"@type":"EntryPoint","urlTemplate":"https:\/\/crochetts.com\/fr\/?s={search_term_string}"},"query-input":{"@type":"PropertyValueSpecification","valueRequired":true,"valueName":"search_term_string"}}],"inLanguage":"fr-FR"},{"@type":"Organization","@id":"https:\/\/crochetts.com\/fr\/#organization","name":"Crochets","url":"https:\/\/crochetts.com\/fr\/","logo":{"@type":"ImageObject","inLanguage":"fr-FR","@id":"https:\/\/crochetts.com\/fr\/#\/schema\/logo\/image\/","url":"https:\/\/i2.wp.com\/crochetts.com\/wp-content\/uploads\/2021\/01\/Logo-Crochetts.jpg?fit=300%2C137&ssl=1","contentUrl":"https:\/\/i2.wp.com\/crochetts.com\/wp-content\/uploads\/2021\/01\/Logo-Crochetts.jpg?fit=300%2C137&ssl=1","width":300,"height":137,"caption":"Crochets"},"image":{"@id":"https:\/\/crochetts.com\/fr\/#\/schema\/logo\/image\/"},"sameAs":["https:\/\/www.facebook.com\/Crochetts-101964178013493","https:\/\/www.instagram.com\/crochetts_\/"]}]},"product_price_amount":"75.00","product_price_currency":"EUR","og_availability":"instock","product_availability":"instock","product_retailer_item_id":"4071","product_condition":"new"},"_links":{"self":[{"href":"https:\/\/crochetts.com\/fr\/wp-json\/wp\/v2\/product\/22986","targetHints":{"allow":["GET"]}}],"collection":[{"href":"https:\/\/crochetts.com\/fr\/wp-json\/wp\/v2\/product"}],"about":[{"href":"https:\/\/crochetts.com\/fr\/wp-json\/wp\/v2\/types\/product"}],"wp:featuredmedia":[{"embeddable":true,"href":"https:\/\/crochetts.com\/fr\/wp-json\/wp\/v2\/media\/22987"}],"wp:attachment":[{"href":"https:\/\/crochetts.com\/fr\/wp-json\/wp\/v2\/media?parent=22986"}],"wp:term":[{"taxonomy":"product_brand","embeddable":true,"href":"https:\/\/crochetts.com\/fr\/wp-json\/wp\/v2\/product_brand?post=22986"},{"taxonomy":"product_cat","embeddable":true,"href":"https:\/\/crochetts.com\/fr\/wp-json\/wp\/v2\/product_cat?post=22986"},{"taxonomy":"product_tag","embeddable":true,"href":"https:\/\/crochetts.com\/fr\/wp-json\/wp\/v2\/product_tag?post=22986"}],"curies":[{"name":"wp","href":"https:\/\/api.w.org\/{rel}","templated":true}]}}