{"id":22966,"date":"2024-09-25T10:16:35","date_gmt":"2024-09-25T09:16:35","guid":{"rendered":"https:\/\/crochetts.com\/tienda\/couverture-poupee-sirene-turquoise\/"},"modified":"2025-11-25T11:44:43","modified_gmt":"2025-11-25T10:44:43","slug":"couverture-poupee-sirene-turquoise","status":"publish","type":"product","link":"https:\/\/crochetts.com\/fr\/tienda\/couverture-poupee-sirene-turquoise\/","title":{"rendered":"COUVERTURE POUP\u00c9E &amp; SIR\u00c8NE TURQUOISE"},"content":{"rendered":"<div style=\"text-align: justify;\">\n<div style=\"text-align: justify;\"><\/div>\n<p>&nbsp;<\/p>\n<\/div>\n<p>&nbsp;<\/p>\n<p>&nbsp;<\/p>\n<p>&nbsp;<\/p>\n","protected":false},"excerpt":{"rendered":"<p>R\u00e9alisez les r\u00eaves magiques de votre enfant avec cette <strong>couverture \u00e0<\/strong> queue de <strong>sir\u00e8ne<\/strong> <strong>turquoise<\/strong> et la <strong>poup\u00e9e<\/strong> <strong>sir\u00e8ne<\/strong> assortie de la m\u00eame couleur.<\/p>\n<p>Notre jolie couverture de sir\u00e8ne <strong>(60&#215;140 cm)<\/strong> est <strong>tricot\u00e9e<\/strong> en <strong>tricot<\/strong> doux et est id\u00e9ale pour garder vos pieds et vos jambes au <strong>chaud<\/strong> pendant que vous <strong>lisez<\/strong>, <strong>jouez<\/strong> ou vous <strong>d\u00e9tendez<\/strong> <strong>\u00e0 la<\/strong> maison.<\/p>\n<p>Son design avec des <strong>\u00e9cailles<\/strong> tiss\u00e9es et une <strong>fente dans le dos<\/strong> permet de le porter tous les jours.<\/p>\n<p>La <strong>poup\u00e9e sir\u00e8ne<\/strong> est assortie \u00e0 la couverture queue de sir\u00e8ne dans<strong> la m\u00eame couleur<\/strong> principale. Elle est fabriqu\u00e9e en <strong>tissu doux<\/strong> et ses d\u00e9tails sont brod\u00e9s pour garantir une utilisation en toute s\u00e9curit\u00e9.<\/p>\n<p>Son <strong>style doux<\/strong> et ses d\u00e9tails attentionn\u00e9s font de ce <strong>set<\/strong> un <strong>cadeau unique<\/strong> et parfait, plein d&rsquo;<strong>\u00e9motion<\/strong>, id\u00e9al pour lire des histoires, jouer \u00e0 des jeux symboliques ou profiter de moments de d\u00e9tente.<\/p>\n<p>Surprenez votre fille et r\u00e9alisez son r\u00eave d&rsquo;\u00eatre une vraie sir\u00e8ne.<\/p>\n<p>Un <strong>pack tr\u00e8s sp\u00e9cial<\/strong> qui garantit plaisir, <strong>fantaisie<\/strong> et confort \u00e0 la maison et en voyage.<\/p>\n<p>Les deux produits sont <strong>lavables<\/strong> \u00e0 la main ou en <strong>machine<\/strong> et conservent leur couleur et leur texture douce lavage apr\u00e8s lavage.<\/p>\n<p>De plus, le pack est livr\u00e9 dans un <strong>joli sac<\/strong> en coton <strong>s\u00e9rigraphi\u00e9<\/strong> pour faciliter le transport.<\/p>\n<p>Le<strong> cadeau id\u00e9al<\/strong> pour les petites filles qui aiment la mer, les contes de f\u00e9es, la fantaisie et les sir\u00e8nes !<\/p>\n<p>&nbsp;<\/p>\n<p>&nbsp;<\/p>\n<p>&nbsp;<\/p>\n<p>&nbsp;<\/p>\n","protected":false},"featured_media":22983,"template":"","meta":{"_acf_changed":false,"_joinchat":[]},"product_brand":[],"product_cat":[5639,5420],"product_tag":[5422,5380,5641,5421,5645,5425,5435,5424,5423,5426,5640,5434,5653,5642,5643,5647,5649,5644,5648,5427],"class_list":{"0":"post-22966","1":"product","2":"type-product","3":"status-publish","4":"has-post-thumbnail","6":"product_cat-couvertures-et-serviettes","7":"product_cat-dolls-en-linge","8":"product_tag-decokids","9":"product_tag-decoration","10":"product_tag-m","11":"product_tag-nounours","12":"product_tag-pack-de-sirenes","13":"product_tag-poupee-animal","14":"product_tag-poupee-chaton","15":"product_tag-poupee-douce","16":"product_tag-poupee-en-peluche","17":"product_tag-poupee-en-tissu","18":"product_tag-poupee-en-tissu-3","19":"product_tag-poupee-en-tissu-2","20":"product_tag-poupee-licorne-2","21":"product_tag-poupee-licorne","22":"product_tag-poupee-sirene","23":"product_tag-regler-la-sirene","24":"product_tag-set-de-sirene","25":"product_tag-sirene","26":"product_tag-sirene-reglee","27":"product_tag-stoffpuppe","28":"entry","30":"first","31":"instock","32":"featured","33":"taxable","34":"shipping-taxable","35":"purchasable","36":"product-type-simple"},"acf":[],"yoast_head":"<!-- This site is optimized with the Yoast SEO Premium plugin v26.1 (Yoast SEO v27.3) - https:\/\/yoast.com\/product\/yoast-seo-premium-wordpress\/ -->\n<title>- COUVERTURE POUP\u00c9E &amp; SIR\u00c8NE TURQUOISE - Crochetts% Crochetts%%.<\/title>\n<meta name=\"description\" content=\"Notre pack sir\u00e8ne comprend une magnifique couverture \u00e0 queue de sir\u00e8ne et une poup\u00e9e Luna violette assortie.\" \/>\n<meta name=\"robots\" content=\"index, follow, max-snippet:-1, max-image-preview:large, max-video-preview:-1\" \/>\n<link rel=\"canonical\" href=\"https:\/\/crochetts.com\/fr\/tienda\/couverture-poupee-sirene-turquoise\/\" \/>\n<meta property=\"og:locale\" content=\"fr_FR\" \/>\n<meta property=\"og:type\" content=\"article\" \/>\n<meta property=\"og:title\" content=\"COUVERTURE POUP\u00c9E &amp; SIR\u00c8NE TURQUOISE\" \/>\n<meta property=\"og:description\" content=\"R\u00e9alisez les r\u00eaves magiques de votre enfant avec cette couverture \u00e0 queue de sir\u00e8ne turquoise et la poup\u00e9e sir\u00e8ne assortie de la m\u00eame couleur. Notre jolie couverture de sir\u00e8ne (60x140 cm) est tricot\u00e9e en tricot doux et est id\u00e9ale pour garder vos pieds et vos jambes au chaud pendant que vous lisez, jouez ou vous d\u00e9tendez \u00e0 la maison. Son design avec des \u00e9cailles tiss\u00e9es et une fente dans le dos permet de le porter tous les jours. La poup\u00e9e sir\u00e8ne est assortie \u00e0 la couverture queue de sir\u00e8ne dans la m\u00eame couleur principale. Elle est fabriqu\u00e9e en tissu doux et ses d\u00e9tails sont brod\u00e9s pour garantir une utilisation en toute s\u00e9curit\u00e9. Son style doux et ses d\u00e9tails attentionn\u00e9s font de ce set un cadeau unique et parfait, plein d&#039;\u00e9motion, id\u00e9al pour lire des histoires, jouer \u00e0 des jeux symboliques ou profiter de moments de d\u00e9tente. Surprenez votre fille et r\u00e9alisez son r\u00eave d&#039;\u00eatre une vraie sir\u00e8ne. Un pack tr\u00e8s sp\u00e9cial qui garantit plaisir, fantaisie et confort \u00e0 la maison et en voyage. Les deux produits sont lavables \u00e0 la main ou en machine et conservent leur couleur et leur texture douce lavage apr\u00e8s lavage. De plus, le pack est livr\u00e9 dans un joli sac en coton s\u00e9rigraphi\u00e9 pour faciliter le transport. Le cadeau id\u00e9al pour les petites filles qui aiment la mer, les contes de f\u00e9es, la fantaisie et les sir\u00e8nes ! &nbsp; &nbsp; &nbsp; &nbsp;\" \/>\n<meta property=\"og:url\" content=\"https:\/\/crochetts.com\/fr\/tienda\/couverture-poupee-sirene-turquoise\/\" \/>\n<meta property=\"og:site_name\" content=\"Crochetts\" \/>\n<meta property=\"article:publisher\" content=\"https:\/\/www.facebook.com\/Crochetts-101964178013493\" \/>\n<meta property=\"article:modified_time\" content=\"2025-11-25T10:44:43+00:00\" \/>\n<meta property=\"og:image\" content=\"https:\/\/crochetts.com\/wp-content\/uploads\/2024\/09\/4072_3.jpg\" \/>\n\t<meta property=\"og:image:width\" content=\"800\" \/>\n\t<meta property=\"og:image:height\" content=\"1202\" \/>\n\t<meta property=\"og:image:type\" content=\"image\/jpeg\" \/>\n<meta name=\"twitter:card\" content=\"summary_large_image\" \/>\n<meta name=\"twitter:label1\" content=\"Prix\" \/>\n\t<meta name=\"twitter:data1\" content=\"75,00&nbsp;&euro;\" \/>\n\t<meta name=\"twitter:label2\" content=\"Disponibilit\u00e9\" \/>\n\t<meta name=\"twitter:data2\" content=\"En stock\" \/>\n<script type=\"application\/ld+json\" class=\"yoast-schema-graph\">{\"@context\":\"https:\\\/\\\/schema.org\",\"@graph\":[{\"@type\":\"WebPage\",\"@id\":\"https:\\\/\\\/crochetts.com\\\/fr\\\/tienda\\\/couverture-poupee-sirene-turquoise\\\/\",\"url\":\"https:\\\/\\\/crochetts.com\\\/fr\\\/tienda\\\/couverture-poupee-sirene-turquoise\\\/\",\"name\":\"- COUVERTURE POUP\u00c9E &amp; SIR\u00c8NE TURQUOISE - Crochetts% Crochetts%%.\",\"isPartOf\":{\"@id\":\"https:\\\/\\\/crochetts.com\\\/fr\\\/#website\"},\"primaryImageOfPage\":{\"@id\":\"https:\\\/\\\/crochetts.com\\\/fr\\\/tienda\\\/couverture-poupee-sirene-turquoise\\\/#primaryimage\"},\"image\":{\"@id\":\"https:\\\/\\\/crochetts.com\\\/fr\\\/tienda\\\/couverture-poupee-sirene-turquoise\\\/#primaryimage\"},\"thumbnailUrl\":\"https:\\\/\\\/crochetts.com\\\/wp-content\\\/uploads\\\/2024\\\/09\\\/4072_3.jpg\",\"datePublished\":\"2024-09-25T09:16:35+00:00\",\"dateModified\":\"2025-11-25T10:44:43+00:00\",\"description\":\"Notre pack sir\u00e8ne comprend une magnifique couverture \u00e0 queue de sir\u00e8ne et une poup\u00e9e Luna violette assortie.\",\"breadcrumb\":{\"@id\":\"https:\\\/\\\/crochetts.com\\\/fr\\\/tienda\\\/couverture-poupee-sirene-turquoise\\\/#breadcrumb\"},\"inLanguage\":\"fr-FR\",\"potentialAction\":[{\"@type\":\"ReadAction\",\"target\":[\"https:\\\/\\\/crochetts.com\\\/fr\\\/tienda\\\/couverture-poupee-sirene-turquoise\\\/\"]}]},{\"@type\":\"ImageObject\",\"inLanguage\":\"fr-FR\",\"@id\":\"https:\\\/\\\/crochetts.com\\\/fr\\\/tienda\\\/couverture-poupee-sirene-turquoise\\\/#primaryimage\",\"url\":\"https:\\\/\\\/crochetts.com\\\/wp-content\\\/uploads\\\/2024\\\/09\\\/4072_3.jpg\",\"contentUrl\":\"https:\\\/\\\/crochetts.com\\\/wp-content\\\/uploads\\\/2024\\\/09\\\/4072_3.jpg\",\"width\":800,\"height\":1202},{\"@type\":\"BreadcrumbList\",\"@id\":\"https:\\\/\\\/crochetts.com\\\/fr\\\/tienda\\\/couverture-poupee-sirene-turquoise\\\/#breadcrumb\",\"itemListElement\":[{\"@type\":\"ListItem\",\"position\":1,\"name\":\"Portada\",\"item\":\"https:\\\/\\\/crochetts.com\\\/fr\\\/accueil\\\/\"},{\"@type\":\"ListItem\",\"position\":2,\"name\":\"Boutique\",\"item\":\"https:\\\/\\\/crochetts.fr\\\/boutique\\\/\"},{\"@type\":\"ListItem\",\"position\":3,\"name\":\"COUVERTURE POUP\u00c9E &amp; SIR\u00c8NE TURQUOISE\"}]},{\"@type\":\"WebSite\",\"@id\":\"https:\\\/\\\/crochetts.com\\\/fr\\\/#website\",\"url\":\"https:\\\/\\\/crochetts.com\\\/fr\\\/\",\"name\":\"Crochetts\",\"description\":\"ANIMALES DE CROCHET PARA JUGAR,DECORAR Y SO\u00d1AR\",\"publisher\":{\"@id\":\"https:\\\/\\\/crochetts.com\\\/fr\\\/#organization\"},\"potentialAction\":[{\"@type\":\"SearchAction\",\"target\":{\"@type\":\"EntryPoint\",\"urlTemplate\":\"https:\\\/\\\/crochetts.com\\\/fr\\\/?s={search_term_string}\"},\"query-input\":{\"@type\":\"PropertyValueSpecification\",\"valueRequired\":true,\"valueName\":\"search_term_string\"}}],\"inLanguage\":\"fr-FR\"},{\"@type\":\"Organization\",\"@id\":\"https:\\\/\\\/crochetts.com\\\/fr\\\/#organization\",\"name\":\"Crochets\",\"url\":\"https:\\\/\\\/crochetts.com\\\/fr\\\/\",\"logo\":{\"@type\":\"ImageObject\",\"inLanguage\":\"fr-FR\",\"@id\":\"https:\\\/\\\/crochetts.com\\\/fr\\\/#\\\/schema\\\/logo\\\/image\\\/\",\"url\":\"https:\\\/\\\/i2.wp.com\\\/crochetts.com\\\/wp-content\\\/uploads\\\/2021\\\/01\\\/Logo-Crochetts.jpg?fit=300%2C137&ssl=1\",\"contentUrl\":\"https:\\\/\\\/i2.wp.com\\\/crochetts.com\\\/wp-content\\\/uploads\\\/2021\\\/01\\\/Logo-Crochetts.jpg?fit=300%2C137&ssl=1\",\"width\":300,\"height\":137,\"caption\":\"Crochets\"},\"image\":{\"@id\":\"https:\\\/\\\/crochetts.com\\\/fr\\\/#\\\/schema\\\/logo\\\/image\\\/\"},\"sameAs\":[\"https:\\\/\\\/www.facebook.com\\\/Crochetts-101964178013493\",\"https:\\\/\\\/www.instagram.com\\\/crochetts_\\\/\"]}]}<\/script>\n<meta property=\"product:price:amount\" content=\"75.00\" \/>\n<meta property=\"product:price:currency\" content=\"EUR\" \/>\n<meta property=\"og:availability\" content=\"instock\" \/>\n<meta property=\"product:availability\" content=\"instock\" \/>\n<meta property=\"product:retailer_item_id\" content=\"4072\" \/>\n<meta property=\"product:condition\" content=\"new\" \/>\n<!-- \/ Yoast SEO Premium plugin. -->","yoast_head_json":{"title":"- COUVERTURE POUP\u00c9E &amp; SIR\u00c8NE TURQUOISE - Crochetts% Crochetts%%.","description":"Notre pack sir\u00e8ne comprend une magnifique couverture \u00e0 queue de sir\u00e8ne et une poup\u00e9e Luna violette assortie.","robots":{"index":"index","follow":"follow","max-snippet":"max-snippet:-1","max-image-preview":"max-image-preview:large","max-video-preview":"max-video-preview:-1"},"canonical":"https:\/\/crochetts.com\/fr\/tienda\/couverture-poupee-sirene-turquoise\/","og_locale":"fr_FR","og_type":"article","og_title":"COUVERTURE POUP\u00c9E &amp; SIR\u00c8NE TURQUOISE","og_description":"R\u00e9alisez les r\u00eaves magiques de votre enfant avec cette couverture \u00e0 queue de sir\u00e8ne turquoise et la poup\u00e9e sir\u00e8ne assortie de la m\u00eame couleur. Notre jolie couverture de sir\u00e8ne (60x140 cm) est tricot\u00e9e en tricot doux et est id\u00e9ale pour garder vos pieds et vos jambes au chaud pendant que vous lisez, jouez ou vous d\u00e9tendez \u00e0 la maison. Son design avec des \u00e9cailles tiss\u00e9es et une fente dans le dos permet de le porter tous les jours. La poup\u00e9e sir\u00e8ne est assortie \u00e0 la couverture queue de sir\u00e8ne dans la m\u00eame couleur principale. Elle est fabriqu\u00e9e en tissu doux et ses d\u00e9tails sont brod\u00e9s pour garantir une utilisation en toute s\u00e9curit\u00e9. Son style doux et ses d\u00e9tails attentionn\u00e9s font de ce set un cadeau unique et parfait, plein d'\u00e9motion, id\u00e9al pour lire des histoires, jouer \u00e0 des jeux symboliques ou profiter de moments de d\u00e9tente. Surprenez votre fille et r\u00e9alisez son r\u00eave d'\u00eatre une vraie sir\u00e8ne. Un pack tr\u00e8s sp\u00e9cial qui garantit plaisir, fantaisie et confort \u00e0 la maison et en voyage. Les deux produits sont lavables \u00e0 la main ou en machine et conservent leur couleur et leur texture douce lavage apr\u00e8s lavage. De plus, le pack est livr\u00e9 dans un joli sac en coton s\u00e9rigraphi\u00e9 pour faciliter le transport. Le cadeau id\u00e9al pour les petites filles qui aiment la mer, les contes de f\u00e9es, la fantaisie et les sir\u00e8nes ! &nbsp; &nbsp; &nbsp; &nbsp;","og_url":"https:\/\/crochetts.com\/fr\/tienda\/couverture-poupee-sirene-turquoise\/","og_site_name":"Crochetts","article_publisher":"https:\/\/www.facebook.com\/Crochetts-101964178013493","article_modified_time":"2025-11-25T10:44:43+00:00","og_image":[{"width":800,"height":1202,"url":"https:\/\/crochetts.com\/wp-content\/uploads\/2024\/09\/4072_3.jpg","type":"image\/jpeg"}],"twitter_card":"summary_large_image","twitter_misc":{"Prix":"75,00&nbsp;&euro;","Disponibilit\u00e9":"En stock"},"schema":{"@context":"https:\/\/schema.org","@graph":[{"@type":"WebPage","@id":"https:\/\/crochetts.com\/fr\/tienda\/couverture-poupee-sirene-turquoise\/","url":"https:\/\/crochetts.com\/fr\/tienda\/couverture-poupee-sirene-turquoise\/","name":"- COUVERTURE POUP\u00c9E &amp; SIR\u00c8NE TURQUOISE - Crochetts% Crochetts%%.","isPartOf":{"@id":"https:\/\/crochetts.com\/fr\/#website"},"primaryImageOfPage":{"@id":"https:\/\/crochetts.com\/fr\/tienda\/couverture-poupee-sirene-turquoise\/#primaryimage"},"image":{"@id":"https:\/\/crochetts.com\/fr\/tienda\/couverture-poupee-sirene-turquoise\/#primaryimage"},"thumbnailUrl":"https:\/\/crochetts.com\/wp-content\/uploads\/2024\/09\/4072_3.jpg","datePublished":"2024-09-25T09:16:35+00:00","dateModified":"2025-11-25T10:44:43+00:00","description":"Notre pack sir\u00e8ne comprend une magnifique couverture \u00e0 queue de sir\u00e8ne et une poup\u00e9e Luna violette assortie.","breadcrumb":{"@id":"https:\/\/crochetts.com\/fr\/tienda\/couverture-poupee-sirene-turquoise\/#breadcrumb"},"inLanguage":"fr-FR","potentialAction":[{"@type":"ReadAction","target":["https:\/\/crochetts.com\/fr\/tienda\/couverture-poupee-sirene-turquoise\/"]}]},{"@type":"ImageObject","inLanguage":"fr-FR","@id":"https:\/\/crochetts.com\/fr\/tienda\/couverture-poupee-sirene-turquoise\/#primaryimage","url":"https:\/\/crochetts.com\/wp-content\/uploads\/2024\/09\/4072_3.jpg","contentUrl":"https:\/\/crochetts.com\/wp-content\/uploads\/2024\/09\/4072_3.jpg","width":800,"height":1202},{"@type":"BreadcrumbList","@id":"https:\/\/crochetts.com\/fr\/tienda\/couverture-poupee-sirene-turquoise\/#breadcrumb","itemListElement":[{"@type":"ListItem","position":1,"name":"Portada","item":"https:\/\/crochetts.com\/fr\/accueil\/"},{"@type":"ListItem","position":2,"name":"Boutique","item":"https:\/\/crochetts.fr\/boutique\/"},{"@type":"ListItem","position":3,"name":"COUVERTURE POUP\u00c9E &amp; SIR\u00c8NE TURQUOISE"}]},{"@type":"WebSite","@id":"https:\/\/crochetts.com\/fr\/#website","url":"https:\/\/crochetts.com\/fr\/","name":"Crochetts","description":"ANIMALES DE CROCHET PARA JUGAR,DECORAR Y SO\u00d1AR","publisher":{"@id":"https:\/\/crochetts.com\/fr\/#organization"},"potentialAction":[{"@type":"SearchAction","target":{"@type":"EntryPoint","urlTemplate":"https:\/\/crochetts.com\/fr\/?s={search_term_string}"},"query-input":{"@type":"PropertyValueSpecification","valueRequired":true,"valueName":"search_term_string"}}],"inLanguage":"fr-FR"},{"@type":"Organization","@id":"https:\/\/crochetts.com\/fr\/#organization","name":"Crochets","url":"https:\/\/crochetts.com\/fr\/","logo":{"@type":"ImageObject","inLanguage":"fr-FR","@id":"https:\/\/crochetts.com\/fr\/#\/schema\/logo\/image\/","url":"https:\/\/i2.wp.com\/crochetts.com\/wp-content\/uploads\/2021\/01\/Logo-Crochetts.jpg?fit=300%2C137&ssl=1","contentUrl":"https:\/\/i2.wp.com\/crochetts.com\/wp-content\/uploads\/2021\/01\/Logo-Crochetts.jpg?fit=300%2C137&ssl=1","width":300,"height":137,"caption":"Crochets"},"image":{"@id":"https:\/\/crochetts.com\/fr\/#\/schema\/logo\/image\/"},"sameAs":["https:\/\/www.facebook.com\/Crochetts-101964178013493","https:\/\/www.instagram.com\/crochetts_\/"]}]},"product_price_amount":"75.00","product_price_currency":"EUR","og_availability":"instock","product_availability":"instock","product_retailer_item_id":"4072","product_condition":"new"},"_links":{"self":[{"href":"https:\/\/crochetts.com\/fr\/wp-json\/wp\/v2\/product\/22966","targetHints":{"allow":["GET"]}}],"collection":[{"href":"https:\/\/crochetts.com\/fr\/wp-json\/wp\/v2\/product"}],"about":[{"href":"https:\/\/crochetts.com\/fr\/wp-json\/wp\/v2\/types\/product"}],"wp:featuredmedia":[{"embeddable":true,"href":"https:\/\/crochetts.com\/fr\/wp-json\/wp\/v2\/media\/22983"}],"wp:attachment":[{"href":"https:\/\/crochetts.com\/fr\/wp-json\/wp\/v2\/media?parent=22966"}],"wp:term":[{"taxonomy":"product_brand","embeddable":true,"href":"https:\/\/crochetts.com\/fr\/wp-json\/wp\/v2\/product_brand?post=22966"},{"taxonomy":"product_cat","embeddable":true,"href":"https:\/\/crochetts.com\/fr\/wp-json\/wp\/v2\/product_cat?post=22966"},{"taxonomy":"product_tag","embeddable":true,"href":"https:\/\/crochetts.com\/fr\/wp-json\/wp\/v2\/product_tag?post=22966"}],"curies":[{"name":"wp","href":"https:\/\/api.w.org\/{rel}","templated":true}]}}