{"id":22939,"date":"2024-09-24T12:54:33","date_gmt":"2024-09-24T11:54:33","guid":{"rendered":"https:\/\/crochetts.com\/tienda\/sac-alina-bunny\/"},"modified":"2025-11-21T16:48:33","modified_gmt":"2025-11-21T15:48:33","slug":"sac-alina-bunny","status":"publish","type":"product","link":"https:\/\/crochetts.com\/fr\/tienda\/sac-alina-bunny\/","title":{"rendered":"SAC ALINA BUNNY"},"content":{"rendered":"<div style=\"text-align: justify;\">\n<p style=\"text-align: justify;\">Tous nos sacs \u00e0 dos sont <strong>con\u00e7us pour les petits. Le sac<\/strong> dispose d&rsquo;un espace de rangement, d&rsquo;une fermeture \u00e0 glissi\u00e8re et d&rsquo;une bandouli\u00e8re r\u00e9glable.<\/p>\n<p>Id\u00e9al \u00e0 partir de 2 ans. Pour l&rsquo;\u00e9cole, le parc, les sorties ou tout simplement pour que les enfants, ou les mamans et les papas, puissent emporter tout ce dont un enfant a besoin <strong>o\u00f9 qu&rsquo;<\/strong>il aille. <\/p>\n<p>Un bon moyen d&rsquo;<strong>encourager l&rsquo;amour des animaux<\/strong> et de la nature. Plus qu&rsquo;un sac \u00e0 dos pour transporter des objets, <strong>un compagnon de voyage<\/strong> pour nos enfants. <\/p>\n<\/div>\n","protected":false},"excerpt":{"rendered":"<p style=\"text-align: justify;\">Notre sac \u00e0<b> bandouli\u00e8re<\/b> <strong>en crochet<\/strong><b> Alina<\/b> est fabriqu\u00e9 en <strong>coton 100 % naturel,<\/strong> hypoallerg\u00e9nique et tr\u00e8s doux au toucher. Il est disponible en <strong>bleu fonc\u00e9 et en bleu clair<\/strong>. Un design amusant et mignon en forme de lapin amusant. Nous avons pens\u00e9 \u00e0 tous les d\u00e9tails, comme ses petits yeux et ses pattes brod\u00e9s avec du fil de coton. Le <strong>sac Alina<\/strong> sera l&rsquo;accessoire id\u00e9al des petits pour transporter leurs tr\u00e9sors les plus pr\u00e9cieux.   <\/p>\n<p>&nbsp;<\/p>\n","protected":false},"featured_media":22940,"template":"","meta":{"_acf_changed":false,"_joinchat":[]},"product_brand":[],"product_cat":[4671,4842,5589,5360],"product_tag":[5592,5599,5597,5596,5594,5601],"class_list":{"0":"post-22939","1":"product","2":"type-product","3":"status-publish","4":"has-post-thumbnail","6":"product_cat-accueil","7":"product_cat-produits","8":"product_cat-sacs","9":"product_cat-sacs-a-dos","10":"product_tag-sac-a-dos","11":"product_tag-sac-a-dos-animal","12":"product_tag-sac-a-dos-en-coton","13":"product_tag-sac-a-dos-en-crochet","14":"product_tag-sac-a-dos-pour-enfants","15":"product_tag-sac-decole","16":"entry","18":"first","19":"instock","20":"taxable","21":"shipping-taxable","22":"purchasable","23":"product-type-simple"},"acf":[],"yoast_head":"<!-- This site is optimized with the Yoast SEO Premium plugin v26.1 (Yoast SEO v27.3) - https:\/\/yoast.com\/product\/yoast-seo-premium-wordpress\/ -->\n<title>Children&#039;s backpack - SAC ALINA BUNNY - Crochetts% Crochetts Crochetts%<\/title>\n<meta name=\"description\" content=\"Tous nos sacs sont con\u00e7us pour les petits. Id\u00e9al pour l&#039;\u00e9cole, le parc, les sorties ou tout simplement pour les enfants, ou pour les mamans et les papas, afin d&#039;emporter tout ce dont l&#039;enfant a besoin partout o\u00f9 il va.\" \/>\n<meta name=\"robots\" content=\"index, follow, max-snippet:-1, max-image-preview:large, max-video-preview:-1\" \/>\n<link rel=\"canonical\" href=\"https:\/\/crochetts.com\/fr\/tienda\/sac-alina-bunny\/\" \/>\n<meta property=\"og:locale\" content=\"fr_FR\" \/>\n<meta property=\"og:type\" content=\"article\" \/>\n<meta property=\"og:title\" content=\"SAC ALINA BUNNY\" \/>\n<meta property=\"og:description\" content=\"Notre sac \u00e0 bandouli\u00e8re en crochet Alina est fabriqu\u00e9 en coton 100 % naturel, hypoallerg\u00e9nique et tr\u00e8s doux au toucher. Il est disponible en bleu fonc\u00e9 et en bleu clair. Un design amusant et mignon en forme de lapin amusant. Nous avons pens\u00e9 \u00e0 tous les d\u00e9tails, comme ses petits yeux et ses pattes brod\u00e9s avec du fil de coton. Le sac Alina sera l&#039;accessoire id\u00e9al des petits pour transporter leurs tr\u00e9sors les plus pr\u00e9cieux.  &nbsp;\" \/>\n<meta property=\"og:url\" content=\"https:\/\/crochetts.com\/fr\/tienda\/sac-alina-bunny\/\" \/>\n<meta property=\"og:site_name\" content=\"Crochetts\" \/>\n<meta property=\"article:publisher\" content=\"https:\/\/www.facebook.com\/Crochetts-101964178013493\" \/>\n<meta property=\"article:modified_time\" content=\"2025-11-21T15:48:33+00:00\" \/>\n<meta property=\"og:image\" content=\"https:\/\/crochetts.com\/wp-content\/uploads\/2024\/09\/4041_1.jpg\" \/>\n\t<meta property=\"og:image:width\" content=\"800\" \/>\n\t<meta property=\"og:image:height\" content=\"1202\" \/>\n\t<meta property=\"og:image:type\" content=\"image\/jpeg\" \/>\n<meta name=\"twitter:card\" content=\"summary_large_image\" \/>\n<meta name=\"twitter:label1\" content=\"Prix\" \/>\n\t<meta name=\"twitter:data1\" content=\"45,00&nbsp;&euro;\" \/>\n\t<meta name=\"twitter:label2\" content=\"Disponibilit\u00e9\" \/>\n\t<meta name=\"twitter:data2\" content=\"En stock\" \/>\n<script type=\"application\/ld+json\" class=\"yoast-schema-graph\">{\"@context\":\"https:\\\/\\\/schema.org\",\"@graph\":[{\"@type\":\"WebPage\",\"@id\":\"https:\\\/\\\/crochetts.com\\\/fr\\\/tienda\\\/sac-alina-bunny\\\/\",\"url\":\"https:\\\/\\\/crochetts.com\\\/fr\\\/tienda\\\/sac-alina-bunny\\\/\",\"name\":\"Children's backpack - SAC ALINA BUNNY - Crochetts% Crochetts Crochetts%\",\"isPartOf\":{\"@id\":\"https:\\\/\\\/crochetts.com\\\/fr\\\/#website\"},\"primaryImageOfPage\":{\"@id\":\"https:\\\/\\\/crochetts.com\\\/fr\\\/tienda\\\/sac-alina-bunny\\\/#primaryimage\"},\"image\":{\"@id\":\"https:\\\/\\\/crochetts.com\\\/fr\\\/tienda\\\/sac-alina-bunny\\\/#primaryimage\"},\"thumbnailUrl\":\"https:\\\/\\\/crochetts.com\\\/wp-content\\\/uploads\\\/2024\\\/09\\\/4041_1.jpg\",\"datePublished\":\"2024-09-24T11:54:33+00:00\",\"dateModified\":\"2025-11-21T15:48:33+00:00\",\"description\":\"Tous nos sacs sont con\u00e7us pour les petits. Id\u00e9al pour l'\u00e9cole, le parc, les sorties ou tout simplement pour les enfants, ou pour les mamans et les papas, afin d'emporter tout ce dont l'enfant a besoin partout o\u00f9 il va.\",\"breadcrumb\":{\"@id\":\"https:\\\/\\\/crochetts.com\\\/fr\\\/tienda\\\/sac-alina-bunny\\\/#breadcrumb\"},\"inLanguage\":\"fr-FR\",\"potentialAction\":[{\"@type\":\"ReadAction\",\"target\":[\"https:\\\/\\\/crochetts.com\\\/fr\\\/tienda\\\/sac-alina-bunny\\\/\"]}]},{\"@type\":\"ImageObject\",\"inLanguage\":\"fr-FR\",\"@id\":\"https:\\\/\\\/crochetts.com\\\/fr\\\/tienda\\\/sac-alina-bunny\\\/#primaryimage\",\"url\":\"https:\\\/\\\/crochetts.com\\\/wp-content\\\/uploads\\\/2024\\\/09\\\/4041_1.jpg\",\"contentUrl\":\"https:\\\/\\\/crochetts.com\\\/wp-content\\\/uploads\\\/2024\\\/09\\\/4041_1.jpg\",\"width\":800,\"height\":1202,\"caption\":\"sac au crochet\"},{\"@type\":\"BreadcrumbList\",\"@id\":\"https:\\\/\\\/crochetts.com\\\/fr\\\/tienda\\\/sac-alina-bunny\\\/#breadcrumb\",\"itemListElement\":[{\"@type\":\"ListItem\",\"position\":1,\"name\":\"Portada\",\"item\":\"https:\\\/\\\/crochetts.com\\\/fr\\\/accueil\\\/\"},{\"@type\":\"ListItem\",\"position\":2,\"name\":\"Boutique\",\"item\":\"https:\\\/\\\/crochetts.fr\\\/boutique\\\/\"},{\"@type\":\"ListItem\",\"position\":3,\"name\":\"SAC ALINA BUNNY\"}]},{\"@type\":\"WebSite\",\"@id\":\"https:\\\/\\\/crochetts.com\\\/fr\\\/#website\",\"url\":\"https:\\\/\\\/crochetts.com\\\/fr\\\/\",\"name\":\"Crochetts\",\"description\":\"ANIMALES DE CROCHET PARA JUGAR,DECORAR Y SO\u00d1AR\",\"publisher\":{\"@id\":\"https:\\\/\\\/crochetts.com\\\/fr\\\/#organization\"},\"potentialAction\":[{\"@type\":\"SearchAction\",\"target\":{\"@type\":\"EntryPoint\",\"urlTemplate\":\"https:\\\/\\\/crochetts.com\\\/fr\\\/?s={search_term_string}\"},\"query-input\":{\"@type\":\"PropertyValueSpecification\",\"valueRequired\":true,\"valueName\":\"search_term_string\"}}],\"inLanguage\":\"fr-FR\"},{\"@type\":\"Organization\",\"@id\":\"https:\\\/\\\/crochetts.com\\\/fr\\\/#organization\",\"name\":\"Crochets\",\"url\":\"https:\\\/\\\/crochetts.com\\\/fr\\\/\",\"logo\":{\"@type\":\"ImageObject\",\"inLanguage\":\"fr-FR\",\"@id\":\"https:\\\/\\\/crochetts.com\\\/fr\\\/#\\\/schema\\\/logo\\\/image\\\/\",\"url\":\"https:\\\/\\\/i2.wp.com\\\/crochetts.com\\\/wp-content\\\/uploads\\\/2021\\\/01\\\/Logo-Crochetts.jpg?fit=300%2C137&ssl=1\",\"contentUrl\":\"https:\\\/\\\/i2.wp.com\\\/crochetts.com\\\/wp-content\\\/uploads\\\/2021\\\/01\\\/Logo-Crochetts.jpg?fit=300%2C137&ssl=1\",\"width\":300,\"height\":137,\"caption\":\"Crochets\"},\"image\":{\"@id\":\"https:\\\/\\\/crochetts.com\\\/fr\\\/#\\\/schema\\\/logo\\\/image\\\/\"},\"sameAs\":[\"https:\\\/\\\/www.facebook.com\\\/Crochetts-101964178013493\",\"https:\\\/\\\/www.instagram.com\\\/crochetts_\\\/\"]}]}<\/script>\n<meta property=\"product:price:amount\" content=\"45.00\" \/>\n<meta property=\"product:price:currency\" content=\"EUR\" \/>\n<meta property=\"og:availability\" content=\"instock\" \/>\n<meta property=\"product:availability\" content=\"instock\" \/>\n<meta property=\"product:retailer_item_id\" content=\"4058\" \/>\n<meta property=\"product:condition\" content=\"new\" \/>\n<!-- \/ Yoast SEO Premium plugin. -->","yoast_head_json":{"title":"Children's backpack - SAC ALINA BUNNY - Crochetts% Crochetts Crochetts%","description":"Tous nos sacs sont con\u00e7us pour les petits. Id\u00e9al pour l'\u00e9cole, le parc, les sorties ou tout simplement pour les enfants, ou pour les mamans et les papas, afin d'emporter tout ce dont l'enfant a besoin partout o\u00f9 il va.","robots":{"index":"index","follow":"follow","max-snippet":"max-snippet:-1","max-image-preview":"max-image-preview:large","max-video-preview":"max-video-preview:-1"},"canonical":"https:\/\/crochetts.com\/fr\/tienda\/sac-alina-bunny\/","og_locale":"fr_FR","og_type":"article","og_title":"SAC ALINA BUNNY","og_description":"Notre sac \u00e0 bandouli\u00e8re en crochet Alina est fabriqu\u00e9 en coton 100 % naturel, hypoallerg\u00e9nique et tr\u00e8s doux au toucher. Il est disponible en bleu fonc\u00e9 et en bleu clair. Un design amusant et mignon en forme de lapin amusant. Nous avons pens\u00e9 \u00e0 tous les d\u00e9tails, comme ses petits yeux et ses pattes brod\u00e9s avec du fil de coton. Le sac Alina sera l'accessoire id\u00e9al des petits pour transporter leurs tr\u00e9sors les plus pr\u00e9cieux.  &nbsp;","og_url":"https:\/\/crochetts.com\/fr\/tienda\/sac-alina-bunny\/","og_site_name":"Crochetts","article_publisher":"https:\/\/www.facebook.com\/Crochetts-101964178013493","article_modified_time":"2025-11-21T15:48:33+00:00","og_image":[{"width":800,"height":1202,"url":"https:\/\/crochetts.com\/wp-content\/uploads\/2024\/09\/4041_1.jpg","type":"image\/jpeg"}],"twitter_card":"summary_large_image","twitter_misc":{"Prix":"45,00&nbsp;&euro;","Disponibilit\u00e9":"En stock"},"schema":{"@context":"https:\/\/schema.org","@graph":[{"@type":"WebPage","@id":"https:\/\/crochetts.com\/fr\/tienda\/sac-alina-bunny\/","url":"https:\/\/crochetts.com\/fr\/tienda\/sac-alina-bunny\/","name":"Children's backpack - SAC ALINA BUNNY - Crochetts% Crochetts Crochetts%","isPartOf":{"@id":"https:\/\/crochetts.com\/fr\/#website"},"primaryImageOfPage":{"@id":"https:\/\/crochetts.com\/fr\/tienda\/sac-alina-bunny\/#primaryimage"},"image":{"@id":"https:\/\/crochetts.com\/fr\/tienda\/sac-alina-bunny\/#primaryimage"},"thumbnailUrl":"https:\/\/crochetts.com\/wp-content\/uploads\/2024\/09\/4041_1.jpg","datePublished":"2024-09-24T11:54:33+00:00","dateModified":"2025-11-21T15:48:33+00:00","description":"Tous nos sacs sont con\u00e7us pour les petits. Id\u00e9al pour l'\u00e9cole, le parc, les sorties ou tout simplement pour les enfants, ou pour les mamans et les papas, afin d'emporter tout ce dont l'enfant a besoin partout o\u00f9 il va.","breadcrumb":{"@id":"https:\/\/crochetts.com\/fr\/tienda\/sac-alina-bunny\/#breadcrumb"},"inLanguage":"fr-FR","potentialAction":[{"@type":"ReadAction","target":["https:\/\/crochetts.com\/fr\/tienda\/sac-alina-bunny\/"]}]},{"@type":"ImageObject","inLanguage":"fr-FR","@id":"https:\/\/crochetts.com\/fr\/tienda\/sac-alina-bunny\/#primaryimage","url":"https:\/\/crochetts.com\/wp-content\/uploads\/2024\/09\/4041_1.jpg","contentUrl":"https:\/\/crochetts.com\/wp-content\/uploads\/2024\/09\/4041_1.jpg","width":800,"height":1202,"caption":"sac au crochet"},{"@type":"BreadcrumbList","@id":"https:\/\/crochetts.com\/fr\/tienda\/sac-alina-bunny\/#breadcrumb","itemListElement":[{"@type":"ListItem","position":1,"name":"Portada","item":"https:\/\/crochetts.com\/fr\/accueil\/"},{"@type":"ListItem","position":2,"name":"Boutique","item":"https:\/\/crochetts.fr\/boutique\/"},{"@type":"ListItem","position":3,"name":"SAC ALINA BUNNY"}]},{"@type":"WebSite","@id":"https:\/\/crochetts.com\/fr\/#website","url":"https:\/\/crochetts.com\/fr\/","name":"Crochetts","description":"ANIMALES DE CROCHET PARA JUGAR,DECORAR Y SO\u00d1AR","publisher":{"@id":"https:\/\/crochetts.com\/fr\/#organization"},"potentialAction":[{"@type":"SearchAction","target":{"@type":"EntryPoint","urlTemplate":"https:\/\/crochetts.com\/fr\/?s={search_term_string}"},"query-input":{"@type":"PropertyValueSpecification","valueRequired":true,"valueName":"search_term_string"}}],"inLanguage":"fr-FR"},{"@type":"Organization","@id":"https:\/\/crochetts.com\/fr\/#organization","name":"Crochets","url":"https:\/\/crochetts.com\/fr\/","logo":{"@type":"ImageObject","inLanguage":"fr-FR","@id":"https:\/\/crochetts.com\/fr\/#\/schema\/logo\/image\/","url":"https:\/\/i2.wp.com\/crochetts.com\/wp-content\/uploads\/2021\/01\/Logo-Crochetts.jpg?fit=300%2C137&ssl=1","contentUrl":"https:\/\/i2.wp.com\/crochetts.com\/wp-content\/uploads\/2021\/01\/Logo-Crochetts.jpg?fit=300%2C137&ssl=1","width":300,"height":137,"caption":"Crochets"},"image":{"@id":"https:\/\/crochetts.com\/fr\/#\/schema\/logo\/image\/"},"sameAs":["https:\/\/www.facebook.com\/Crochetts-101964178013493","https:\/\/www.instagram.com\/crochetts_\/"]}]},"product_price_amount":"45.00","product_price_currency":"EUR","og_availability":"instock","product_availability":"instock","product_retailer_item_id":"4058","product_condition":"new"},"_links":{"self":[{"href":"https:\/\/crochetts.com\/fr\/wp-json\/wp\/v2\/product\/22939","targetHints":{"allow":["GET"]}}],"collection":[{"href":"https:\/\/crochetts.com\/fr\/wp-json\/wp\/v2\/product"}],"about":[{"href":"https:\/\/crochetts.com\/fr\/wp-json\/wp\/v2\/types\/product"}],"wp:featuredmedia":[{"embeddable":true,"href":"https:\/\/crochetts.com\/fr\/wp-json\/wp\/v2\/media\/22940"}],"wp:attachment":[{"href":"https:\/\/crochetts.com\/fr\/wp-json\/wp\/v2\/media?parent=22939"}],"wp:term":[{"taxonomy":"product_brand","embeddable":true,"href":"https:\/\/crochetts.com\/fr\/wp-json\/wp\/v2\/product_brand?post=22939"},{"taxonomy":"product_cat","embeddable":true,"href":"https:\/\/crochetts.com\/fr\/wp-json\/wp\/v2\/product_cat?post=22939"},{"taxonomy":"product_tag","embeddable":true,"href":"https:\/\/crochetts.com\/fr\/wp-json\/wp\/v2\/product_tag?post=22939"}],"curies":[{"name":"wp","href":"https:\/\/api.w.org\/{rel}","templated":true}]}}