{"id":22938,"date":"2024-09-25T10:24:05","date_gmt":"2024-09-25T09:24:05","guid":{"rendered":"https:\/\/crochetts.com\/tienda\/couverture-poupee-sirene-bleue\/"},"modified":"2026-01-16T12:37:09","modified_gmt":"2026-01-16T10:37:09","slug":"couverture-poupee-sirene-bleue","status":"publish","type":"product","link":"https:\/\/crochetts.com\/fr\/tienda\/couverture-poupee-sirene-bleue\/","title":{"rendered":"COUVERTURE POUP\u00c9E &amp; SIR\u00c8NE BLEUE"},"content":{"rendered":"<div style=\"text-align: justify;\">\n<div style=\"text-align: justify;\"><\/div>\n<p>&nbsp;<\/p>\n<\/div>\n<p>&nbsp;<\/p>\n<p>&nbsp;<\/p>\n<p>&nbsp;<\/p>\n","protected":false},"excerpt":{"rendered":"<p>Notre <strong>pack sir\u00e8ne<\/strong> est compos\u00e9 d&rsquo;une magnifique <strong>couverture<\/strong> en forme de<strong> queue de sir\u00e8ne<\/strong> et de la <strong>poup\u00e9e<\/strong> sir\u00e8ne <b>Lili <\/b>, tr\u00e8s douce et agr\u00e9able au toucher, de <b>couleur bleue <\/b>assortie \u00e0 la couverture.<\/p>\n<p><strong>Id\u00e9al<\/strong> comme <strong>cadeau<\/strong> et faites en sorte que le r\u00eave d&rsquo;\u00eatre une sir\u00e8ne devienne r\u00e9alit\u00e9 !<\/p>\n<p>Fabriqu\u00e9 avec les meilleurs mat\u00e9riaux, du polyester de haute qualit\u00e9.<\/p>\n<p>&nbsp;<\/p>\n<p>&nbsp;<\/p>\n<p>&nbsp;<\/p>\n<p>&nbsp;<\/p>\n","protected":false},"featured_media":22959,"template":"","meta":{"_acf_changed":false,"_joinchat":[]},"product_brand":[],"product_cat":[5639,5420],"product_tag":[5422,5380,5641,5421,5645,5425,5435,5424,5423,5426,5640,5434,5653,5642,5643,5647,5649,5644,5648,5427],"class_list":{"0":"post-22938","1":"product","2":"type-product","3":"status-publish","4":"has-post-thumbnail","6":"product_cat-couvertures-et-serviettes","7":"product_cat-dolls-en-linge","8":"product_tag-decokids","9":"product_tag-decoration","10":"product_tag-m","11":"product_tag-nounours","12":"product_tag-pack-de-sirenes","13":"product_tag-poupee-animal","14":"product_tag-poupee-chaton","15":"product_tag-poupee-douce","16":"product_tag-poupee-en-peluche","17":"product_tag-poupee-en-tissu","18":"product_tag-poupee-en-tissu-3","19":"product_tag-poupee-en-tissu-2","20":"product_tag-poupee-licorne-2","21":"product_tag-poupee-licorne","22":"product_tag-poupee-sirene","23":"product_tag-regler-la-sirene","24":"product_tag-set-de-sirene","25":"product_tag-sirene","26":"product_tag-sirene-reglee","27":"product_tag-stoffpuppe","28":"entry","30":"first","31":"instock","32":"featured","33":"taxable","34":"shipping-taxable","35":"purchasable","36":"product-type-simple"},"acf":[],"yoast_head":"<!-- This site is optimized with the Yoast SEO Premium plugin v26.1 (Yoast SEO v27.3) - https:\/\/yoast.com\/product\/yoast-seo-premium-wordpress\/ -->\n<title>- COUVERTURE POUP\u00c9E &amp; SIR\u00c8NE BLEUE - Crochetts% Crochetts%%.<\/title>\n<meta name=\"description\" content=\"Notre pack sir\u00e8ne comprend une magnifique couverture \u00e0 queue de sir\u00e8ne et une poup\u00e9e Luna de couleur bleue assortie \u00e0 la couverture.\" \/>\n<meta name=\"robots\" content=\"index, follow, max-snippet:-1, max-image-preview:large, max-video-preview:-1\" \/>\n<link rel=\"canonical\" href=\"https:\/\/crochetts.com\/fr\/tienda\/couverture-poupee-sirene-bleue\/\" \/>\n<meta property=\"og:locale\" content=\"fr_FR\" \/>\n<meta property=\"og:type\" content=\"article\" \/>\n<meta property=\"og:title\" content=\"COUVERTURE POUP\u00c9E &amp; SIR\u00c8NE BLEUE\" \/>\n<meta property=\"og:description\" content=\"Notre pack sir\u00e8ne est compos\u00e9 d&#039;une magnifique couverture en forme de queue de sir\u00e8ne et de la poup\u00e9e sir\u00e8ne Lili , tr\u00e8s douce et agr\u00e9able au toucher, de couleur bleue assortie \u00e0 la couverture. Id\u00e9al comme cadeau et faites en sorte que le r\u00eave d&#039;\u00eatre une sir\u00e8ne devienne r\u00e9alit\u00e9 ! Fabriqu\u00e9 avec les meilleurs mat\u00e9riaux, du polyester de haute qualit\u00e9. &nbsp; &nbsp; &nbsp; &nbsp;\" \/>\n<meta property=\"og:url\" content=\"https:\/\/crochetts.com\/fr\/tienda\/couverture-poupee-sirene-bleue\/\" \/>\n<meta property=\"og:site_name\" content=\"Crochetts\" \/>\n<meta property=\"article:publisher\" content=\"https:\/\/www.facebook.com\/Crochetts-101964178013493\" \/>\n<meta property=\"article:modified_time\" content=\"2026-01-16T10:37:09+00:00\" \/>\n<meta property=\"og:image\" content=\"https:\/\/crochetts.com\/wp-content\/uploads\/2024\/09\/4073_1.jpg\" \/>\n\t<meta property=\"og:image:width\" content=\"800\" \/>\n\t<meta property=\"og:image:height\" content=\"1202\" \/>\n\t<meta property=\"og:image:type\" content=\"image\/jpeg\" \/>\n<meta name=\"twitter:card\" content=\"summary_large_image\" \/>\n<meta name=\"twitter:label1\" content=\"Prix\" \/>\n\t<meta name=\"twitter:data1\" content=\"75,00&nbsp;&euro;\" \/>\n\t<meta name=\"twitter:label2\" content=\"Disponibilit\u00e9\" \/>\n\t<meta name=\"twitter:data2\" content=\"En stock\" \/>\n<script type=\"application\/ld+json\" class=\"yoast-schema-graph\">{\"@context\":\"https:\\\/\\\/schema.org\",\"@graph\":[{\"@type\":\"WebPage\",\"@id\":\"https:\\\/\\\/crochetts.com\\\/fr\\\/tienda\\\/couverture-poupee-sirene-bleue\\\/\",\"url\":\"https:\\\/\\\/crochetts.com\\\/fr\\\/tienda\\\/couverture-poupee-sirene-bleue\\\/\",\"name\":\"- COUVERTURE POUP\u00c9E &amp; SIR\u00c8NE BLEUE - Crochetts% Crochetts%%.\",\"isPartOf\":{\"@id\":\"https:\\\/\\\/crochetts.com\\\/fr\\\/#website\"},\"primaryImageOfPage\":{\"@id\":\"https:\\\/\\\/crochetts.com\\\/fr\\\/tienda\\\/couverture-poupee-sirene-bleue\\\/#primaryimage\"},\"image\":{\"@id\":\"https:\\\/\\\/crochetts.com\\\/fr\\\/tienda\\\/couverture-poupee-sirene-bleue\\\/#primaryimage\"},\"thumbnailUrl\":\"https:\\\/\\\/crochetts.com\\\/wp-content\\\/uploads\\\/2024\\\/09\\\/4073_1.jpg\",\"datePublished\":\"2024-09-25T09:24:05+00:00\",\"dateModified\":\"2026-01-16T10:37:09+00:00\",\"description\":\"Notre pack sir\u00e8ne comprend une magnifique couverture \u00e0 queue de sir\u00e8ne et une poup\u00e9e Luna de couleur bleue assortie \u00e0 la couverture.\",\"breadcrumb\":{\"@id\":\"https:\\\/\\\/crochetts.com\\\/fr\\\/tienda\\\/couverture-poupee-sirene-bleue\\\/#breadcrumb\"},\"inLanguage\":\"fr-FR\",\"potentialAction\":[{\"@type\":\"ReadAction\",\"target\":[\"https:\\\/\\\/crochetts.com\\\/fr\\\/tienda\\\/couverture-poupee-sirene-bleue\\\/\"]}]},{\"@type\":\"ImageObject\",\"inLanguage\":\"fr-FR\",\"@id\":\"https:\\\/\\\/crochetts.com\\\/fr\\\/tienda\\\/couverture-poupee-sirene-bleue\\\/#primaryimage\",\"url\":\"https:\\\/\\\/crochetts.com\\\/wp-content\\\/uploads\\\/2024\\\/09\\\/4073_1.jpg\",\"contentUrl\":\"https:\\\/\\\/crochetts.com\\\/wp-content\\\/uploads\\\/2024\\\/09\\\/4073_1.jpg\",\"width\":800,\"height\":1202},{\"@type\":\"BreadcrumbList\",\"@id\":\"https:\\\/\\\/crochetts.com\\\/fr\\\/tienda\\\/couverture-poupee-sirene-bleue\\\/#breadcrumb\",\"itemListElement\":[{\"@type\":\"ListItem\",\"position\":1,\"name\":\"Portada\",\"item\":\"https:\\\/\\\/crochetts.com\\\/fr\\\/accueil\\\/\"},{\"@type\":\"ListItem\",\"position\":2,\"name\":\"Boutique\",\"item\":\"https:\\\/\\\/crochetts.fr\\\/boutique\\\/\"},{\"@type\":\"ListItem\",\"position\":3,\"name\":\"COUVERTURE POUP\u00c9E &amp; SIR\u00c8NE BLEUE\"}]},{\"@type\":\"WebSite\",\"@id\":\"https:\\\/\\\/crochetts.com\\\/fr\\\/#website\",\"url\":\"https:\\\/\\\/crochetts.com\\\/fr\\\/\",\"name\":\"Crochetts\",\"description\":\"ANIMALES DE CROCHET PARA JUGAR,DECORAR Y SO\u00d1AR\",\"publisher\":{\"@id\":\"https:\\\/\\\/crochetts.com\\\/fr\\\/#organization\"},\"potentialAction\":[{\"@type\":\"SearchAction\",\"target\":{\"@type\":\"EntryPoint\",\"urlTemplate\":\"https:\\\/\\\/crochetts.com\\\/fr\\\/?s={search_term_string}\"},\"query-input\":{\"@type\":\"PropertyValueSpecification\",\"valueRequired\":true,\"valueName\":\"search_term_string\"}}],\"inLanguage\":\"fr-FR\"},{\"@type\":\"Organization\",\"@id\":\"https:\\\/\\\/crochetts.com\\\/fr\\\/#organization\",\"name\":\"Crochets\",\"url\":\"https:\\\/\\\/crochetts.com\\\/fr\\\/\",\"logo\":{\"@type\":\"ImageObject\",\"inLanguage\":\"fr-FR\",\"@id\":\"https:\\\/\\\/crochetts.com\\\/fr\\\/#\\\/schema\\\/logo\\\/image\\\/\",\"url\":\"https:\\\/\\\/i2.wp.com\\\/crochetts.com\\\/wp-content\\\/uploads\\\/2021\\\/01\\\/Logo-Crochetts.jpg?fit=300%2C137&ssl=1\",\"contentUrl\":\"https:\\\/\\\/i2.wp.com\\\/crochetts.com\\\/wp-content\\\/uploads\\\/2021\\\/01\\\/Logo-Crochetts.jpg?fit=300%2C137&ssl=1\",\"width\":300,\"height\":137,\"caption\":\"Crochets\"},\"image\":{\"@id\":\"https:\\\/\\\/crochetts.com\\\/fr\\\/#\\\/schema\\\/logo\\\/image\\\/\"},\"sameAs\":[\"https:\\\/\\\/www.facebook.com\\\/Crochetts-101964178013493\",\"https:\\\/\\\/www.instagram.com\\\/crochetts_\\\/\"]}]}<\/script>\n<meta property=\"product:price:amount\" content=\"75.00\" \/>\n<meta property=\"product:price:currency\" content=\"EUR\" \/>\n<meta property=\"og:availability\" content=\"instock\" \/>\n<meta property=\"product:availability\" content=\"instock\" \/>\n<meta property=\"product:retailer_item_id\" content=\"4072\" \/>\n<meta property=\"product:condition\" content=\"new\" \/>\n<!-- \/ Yoast SEO Premium plugin. -->","yoast_head_json":{"title":"- COUVERTURE POUP\u00c9E &amp; SIR\u00c8NE BLEUE - Crochetts% Crochetts%%.","description":"Notre pack sir\u00e8ne comprend une magnifique couverture \u00e0 queue de sir\u00e8ne et une poup\u00e9e Luna de couleur bleue assortie \u00e0 la couverture.","robots":{"index":"index","follow":"follow","max-snippet":"max-snippet:-1","max-image-preview":"max-image-preview:large","max-video-preview":"max-video-preview:-1"},"canonical":"https:\/\/crochetts.com\/fr\/tienda\/couverture-poupee-sirene-bleue\/","og_locale":"fr_FR","og_type":"article","og_title":"COUVERTURE POUP\u00c9E &amp; SIR\u00c8NE BLEUE","og_description":"Notre pack sir\u00e8ne est compos\u00e9 d'une magnifique couverture en forme de queue de sir\u00e8ne et de la poup\u00e9e sir\u00e8ne Lili , tr\u00e8s douce et agr\u00e9able au toucher, de couleur bleue assortie \u00e0 la couverture. Id\u00e9al comme cadeau et faites en sorte que le r\u00eave d'\u00eatre une sir\u00e8ne devienne r\u00e9alit\u00e9 ! Fabriqu\u00e9 avec les meilleurs mat\u00e9riaux, du polyester de haute qualit\u00e9. &nbsp; &nbsp; &nbsp; &nbsp;","og_url":"https:\/\/crochetts.com\/fr\/tienda\/couverture-poupee-sirene-bleue\/","og_site_name":"Crochetts","article_publisher":"https:\/\/www.facebook.com\/Crochetts-101964178013493","article_modified_time":"2026-01-16T10:37:09+00:00","og_image":[{"width":800,"height":1202,"url":"https:\/\/crochetts.com\/wp-content\/uploads\/2024\/09\/4073_1.jpg","type":"image\/jpeg"}],"twitter_card":"summary_large_image","twitter_misc":{"Prix":"75,00&nbsp;&euro;","Disponibilit\u00e9":"En stock"},"schema":{"@context":"https:\/\/schema.org","@graph":[{"@type":"WebPage","@id":"https:\/\/crochetts.com\/fr\/tienda\/couverture-poupee-sirene-bleue\/","url":"https:\/\/crochetts.com\/fr\/tienda\/couverture-poupee-sirene-bleue\/","name":"- COUVERTURE POUP\u00c9E &amp; SIR\u00c8NE BLEUE - Crochetts% Crochetts%%.","isPartOf":{"@id":"https:\/\/crochetts.com\/fr\/#website"},"primaryImageOfPage":{"@id":"https:\/\/crochetts.com\/fr\/tienda\/couverture-poupee-sirene-bleue\/#primaryimage"},"image":{"@id":"https:\/\/crochetts.com\/fr\/tienda\/couverture-poupee-sirene-bleue\/#primaryimage"},"thumbnailUrl":"https:\/\/crochetts.com\/wp-content\/uploads\/2024\/09\/4073_1.jpg","datePublished":"2024-09-25T09:24:05+00:00","dateModified":"2026-01-16T10:37:09+00:00","description":"Notre pack sir\u00e8ne comprend une magnifique couverture \u00e0 queue de sir\u00e8ne et une poup\u00e9e Luna de couleur bleue assortie \u00e0 la couverture.","breadcrumb":{"@id":"https:\/\/crochetts.com\/fr\/tienda\/couverture-poupee-sirene-bleue\/#breadcrumb"},"inLanguage":"fr-FR","potentialAction":[{"@type":"ReadAction","target":["https:\/\/crochetts.com\/fr\/tienda\/couverture-poupee-sirene-bleue\/"]}]},{"@type":"ImageObject","inLanguage":"fr-FR","@id":"https:\/\/crochetts.com\/fr\/tienda\/couverture-poupee-sirene-bleue\/#primaryimage","url":"https:\/\/crochetts.com\/wp-content\/uploads\/2024\/09\/4073_1.jpg","contentUrl":"https:\/\/crochetts.com\/wp-content\/uploads\/2024\/09\/4073_1.jpg","width":800,"height":1202},{"@type":"BreadcrumbList","@id":"https:\/\/crochetts.com\/fr\/tienda\/couverture-poupee-sirene-bleue\/#breadcrumb","itemListElement":[{"@type":"ListItem","position":1,"name":"Portada","item":"https:\/\/crochetts.com\/fr\/accueil\/"},{"@type":"ListItem","position":2,"name":"Boutique","item":"https:\/\/crochetts.fr\/boutique\/"},{"@type":"ListItem","position":3,"name":"COUVERTURE POUP\u00c9E &amp; SIR\u00c8NE BLEUE"}]},{"@type":"WebSite","@id":"https:\/\/crochetts.com\/fr\/#website","url":"https:\/\/crochetts.com\/fr\/","name":"Crochetts","description":"ANIMALES DE CROCHET PARA JUGAR,DECORAR Y SO\u00d1AR","publisher":{"@id":"https:\/\/crochetts.com\/fr\/#organization"},"potentialAction":[{"@type":"SearchAction","target":{"@type":"EntryPoint","urlTemplate":"https:\/\/crochetts.com\/fr\/?s={search_term_string}"},"query-input":{"@type":"PropertyValueSpecification","valueRequired":true,"valueName":"search_term_string"}}],"inLanguage":"fr-FR"},{"@type":"Organization","@id":"https:\/\/crochetts.com\/fr\/#organization","name":"Crochets","url":"https:\/\/crochetts.com\/fr\/","logo":{"@type":"ImageObject","inLanguage":"fr-FR","@id":"https:\/\/crochetts.com\/fr\/#\/schema\/logo\/image\/","url":"https:\/\/i2.wp.com\/crochetts.com\/wp-content\/uploads\/2021\/01\/Logo-Crochetts.jpg?fit=300%2C137&ssl=1","contentUrl":"https:\/\/i2.wp.com\/crochetts.com\/wp-content\/uploads\/2021\/01\/Logo-Crochetts.jpg?fit=300%2C137&ssl=1","width":300,"height":137,"caption":"Crochets"},"image":{"@id":"https:\/\/crochetts.com\/fr\/#\/schema\/logo\/image\/"},"sameAs":["https:\/\/www.facebook.com\/Crochetts-101964178013493","https:\/\/www.instagram.com\/crochetts_\/"]}]},"product_price_amount":"75.00","product_price_currency":"EUR","og_availability":"instock","product_availability":"instock","product_retailer_item_id":"4072","product_condition":"new"},"_links":{"self":[{"href":"https:\/\/crochetts.com\/fr\/wp-json\/wp\/v2\/product\/22938","targetHints":{"allow":["GET"]}}],"collection":[{"href":"https:\/\/crochetts.com\/fr\/wp-json\/wp\/v2\/product"}],"about":[{"href":"https:\/\/crochetts.com\/fr\/wp-json\/wp\/v2\/types\/product"}],"wp:featuredmedia":[{"embeddable":true,"href":"https:\/\/crochetts.com\/fr\/wp-json\/wp\/v2\/media\/22959"}],"wp:attachment":[{"href":"https:\/\/crochetts.com\/fr\/wp-json\/wp\/v2\/media?parent=22938"}],"wp:term":[{"taxonomy":"product_brand","embeddable":true,"href":"https:\/\/crochetts.com\/fr\/wp-json\/wp\/v2\/product_brand?post=22938"},{"taxonomy":"product_cat","embeddable":true,"href":"https:\/\/crochetts.com\/fr\/wp-json\/wp\/v2\/product_cat?post=22938"},{"taxonomy":"product_tag","embeddable":true,"href":"https:\/\/crochetts.com\/fr\/wp-json\/wp\/v2\/product_tag?post=22938"}],"curies":[{"name":"wp","href":"https:\/\/api.w.org\/{rel}","templated":true}]}}