{"id":22932,"date":"2024-09-27T12:10:35","date_gmt":"2024-09-27T11:10:35","guid":{"rendered":"https:\/\/crochetts.com\/tienda\/sac-a-dos-ariel\/"},"modified":"2025-12-30T15:19:58","modified_gmt":"2025-12-30T13:19:58","slug":"sac-a-dos-ariel","status":"publish","type":"product","link":"https:\/\/crochetts.com\/fr\/tienda\/sac-a-dos-ariel\/","title":{"rendered":"SAC \u00c0 DOS POUR ENFANTS ARIEL"},"content":{"rendered":"<div style=\"text-align: justify;\"><\/div>\n<p data-start=\"292\" data-end=\"469\">Les sacs \u00e0 dos pour enfants <strong>Crochetts<\/strong> allient <strong>fonctionnalit\u00e9<\/strong> et charme <strong>artisanal<\/strong> unique, id\u00e9al pour <strong>accompagner les<\/strong> petits dans leurs aventures quotidiennes avec une touche d&rsquo;originalit\u00e9 et de design artisanal sous forme de petits animaux charmants et amusants.<\/p>\n<p data-start=\"733\" data-end=\"950\">Les sacs \u00e0 dos sont fabriqu\u00e9s \u00e0 partir de<strong> mat\u00e9riaux naturels<\/strong> et de textures agr\u00e9ables, le <strong>tissu tricot\u00e9<\/strong> offrant une texture chaude et agr\u00e9able au toucher, parfaite pour ceux qui appr\u00e9cient la <strong>qualit\u00e9<\/strong> et le <strong>confort<\/strong> dans les moindres d\u00e9tails.<\/p>\n<p data-start=\"1118\" data-end=\"1268\"><strong data-start=\"1118\" data-end=\"1150\">Bretelles confortables et r\u00e9glables :<\/strong> Con\u00e7ues pour un confort optimal tout au long de la journ\u00e9e, les <strong data-start=\"1118\" data-end=\"1150\">bretelles<\/strong> s<strong> &lsquo;ajustent facilement<\/strong> aux \u00e9paules des enfants. <strong>L\u00e9ger et confortable<\/strong> pour un usage quotidien.<\/p>\n<p data-start=\"1118\" data-end=\"1268\"><strong data-start=\"1271\" data-end=\"1297\"> Accessoire polyvalent, <\/strong>id\u00e9al pour l&rsquo;<strong>\u00e9cole<\/strong>, les sorties ou les <strong>activit\u00e9s r\u00e9cr\u00e9atives<\/strong>, ces sacs \u00e0 dos deviennent un accessoire d\u00e9coratif et fonctionnel qui accompagnera vos petits avec style.<\/p>\n<p>Une bonne fa\u00e7on de  <strong>promouvoir l&rsquo;amour des animaux<\/strong>  et pour la nature. Plus qu&rsquo;un sac \u00e0 dos pour transporter des objets, <strong>un compagnon de voyage<\/strong> pour nos enfants. <\/p>\n<p data-start=\"1472\" data-end=\"1605\">Parfait pour ceux qui recherchent un sac \u00e0 dos avec de la personnalit\u00e9 et un design artisanal qui allie plaisir et sophistication dans les moindres d\u00e9tails.<\/p>\n<p>&nbsp;<\/p>\n","protected":false},"excerpt":{"rendered":"<p data-start=\"290\" data-end=\"564\">Ce <strong data-start=\"295\" data-end=\"325\">sac \u00e0 dos pour enfants fabriqu\u00e9 \u00e0 la main<\/strong> par Crochetts est con\u00e7u pour accompagner les petits dans leur vie quotidienne avec <strong>confort<\/strong>, <strong>s\u00e9curit\u00e9<\/strong> et un design attachant. Fabriqu\u00e9 en <strong data-start=\"469\" data-end=\"488\">coton naturel<\/strong>, il est l\u00e9ger, doux au toucher et parfait pour les <strong>petits<\/strong> gar\u00e7ons et les petites filles. <\/p>\n<p data-start=\"566\" data-end=\"835\">Son design exclusif, avec une <strong>face brod\u00e9e<\/strong> et des d\u00e9tails en relief, en fait un<strong> sac \u00e0 dos unique<\/strong> qui vous fera craquer d\u00e8s le premier regard. Id\u00e9al pour la <strong data-start=\"712\" data-end=\"725\">cr\u00e8che<\/strong>, l&rsquo;<strong data-start=\"730\" data-end=\"738\">\u00e9cole<\/strong>, les excursions ou comme sac \u00e0 dos de tous les jours, il allie fonctionnalit\u00e9 et esth\u00e9tique en un seul produit. <\/p>\n<p data-start=\"837\" data-end=\"1070\">Gr\u00e2ce \u00e0 sa taille pratique, il permet de transporter l&rsquo;essentiel (biberon, go\u00fbter, jouet ou doudou) sans \u00eatre lourd.<\/p>\n<p data-start=\"837\" data-end=\"1070\">Les <strong data-start=\"970\" data-end=\"989\">poign\u00e9es r\u00e9glables<\/strong> s&rsquo;adaptent confortablement au dos de l&rsquo;enfant, favorisant une posture correcte.<\/p>\n<p data-start=\"837\" data-end=\"1070\">Ce n&rsquo;est pas seulement un sac \u00e0 dos, c&rsquo;est un <strong>compl\u00e9ment affectif<\/strong> qui accompagne les enfants dans leurs premi\u00e8res routines, encourage leur autonomie et ajoute une touche de douceur et d&rsquo;originalit\u00e9 \u00e0 leur look quotidien. Il est \u00e9galement parfait comme <strong data-start=\"1579\" data-end=\"1598\">cadeau d&rsquo;enfant<\/strong> avec une valeur artisanale. <\/p>\n","protected":false},"featured_media":22933,"template":"","meta":{"_acf_changed":false,"_joinchat":[]},"product_brand":[],"product_cat":[4671,4842,5360,5361],"product_tag":[7820,5592,6160,5599,7823,5603,5602,5597,5596,7822,7821,5594,5601],"class_list":{"0":"post-22932","1":"product","2":"type-product","3":"status-publish","4":"has-post-thumbnail","6":"product_cat-accueil","7":"product_cat-produits","8":"product_cat-sacs-a-dos","10":"product_tag-porte-bebe","11":"product_tag-sac-a-dos","12":"product_tag-sac-a-dos-3","13":"product_tag-sac-a-dos-animal","14":"product_tag-sac-a-dos-au-design-original","15":"product_tag-sac-a-dos-coton","16":"product_tag-sac-a-dos-dinosaure","17":"product_tag-sac-a-dos-en-coton","18":"product_tag-sac-a-dos-en-crochet","19":"product_tag-sac-a-dos-leger-pour-enfants","20":"product_tag-sac-a-dos-pour-enfants-2","21":"product_tag-sac-a-dos-pour-enfants","22":"product_tag-sac-decole","23":"entry","25":"first","26":"instock","27":"taxable","28":"shipping-taxable","29":"purchasable","30":"product-type-simple"},"acf":[],"yoast_head":"<!-- This site is optimized with the Yoast SEO Premium plugin v26.1 (Yoast SEO v27.3) - https:\/\/yoast.com\/product\/yoast-seo-premium-wordpress\/ -->\n<title>- SAC \u00c0 DOS POUR ENFANTS ARIEL - Crochetts% Crochetts%%.<\/title>\n<meta name=\"description\" content=\"Sacs \u00e0 dos en coton con\u00e7us pour les petits. Id\u00e9al pour l&#039;\u00e9cole, le parc, les sorties ou tout simplement pour transporter tout ce dont un enfant a besoin o\u00f9 qu&#039;il aille.\" \/>\n<meta name=\"robots\" content=\"index, follow, max-snippet:-1, max-image-preview:large, max-video-preview:-1\" \/>\n<link rel=\"canonical\" href=\"https:\/\/crochetts.com\/fr\/tienda\/sac-a-dos-ariel\/\" \/>\n<meta property=\"og:locale\" content=\"fr_FR\" \/>\n<meta property=\"og:type\" content=\"article\" \/>\n<meta property=\"og:title\" content=\"SAC \u00c0 DOS POUR ENFANTS ARIEL\" \/>\n<meta property=\"og:description\" content=\"Ce sac \u00e0 dos pour enfants fabriqu\u00e9 \u00e0 la main par Crochetts est con\u00e7u pour accompagner les petits dans leur vie quotidienne avec confort, s\u00e9curit\u00e9 et un design attachant. Fabriqu\u00e9 en coton naturel, il est l\u00e9ger, doux au toucher et parfait pour les petits gar\u00e7ons et les petites filles. Son design exclusif, avec une face brod\u00e9e et des d\u00e9tails en relief, en fait un sac \u00e0 dos unique qui vous fera craquer d\u00e8s le premier regard. Id\u00e9al pour la cr\u00e8che, l&#039;\u00e9cole, les excursions ou comme sac \u00e0 dos de tous les jours, il allie fonctionnalit\u00e9 et esth\u00e9tique en un seul produit. Gr\u00e2ce \u00e0 sa taille pratique, il permet de transporter l&#039;essentiel (biberon, go\u00fbter, jouet ou doudou) sans \u00eatre lourd. Les poign\u00e9es r\u00e9glables s&#039;adaptent confortablement au dos de l&#039;enfant, favorisant une posture correcte. Ce n&#039;est pas seulement un sac \u00e0 dos, c&#039;est un compl\u00e9ment affectif qui accompagne les enfants dans leurs premi\u00e8res routines, encourage leur autonomie et ajoute une touche de douceur et d&#039;originalit\u00e9 \u00e0 leur look quotidien. Il est \u00e9galement parfait comme cadeau d&#039;enfant avec une valeur artisanale.\" \/>\n<meta property=\"og:url\" content=\"https:\/\/crochetts.com\/fr\/tienda\/sac-a-dos-ariel\/\" \/>\n<meta property=\"og:site_name\" content=\"Crochetts\" \/>\n<meta property=\"article:publisher\" content=\"https:\/\/www.facebook.com\/Crochetts-101964178013493\" \/>\n<meta property=\"article:modified_time\" content=\"2025-12-30T13:19:58+00:00\" \/>\n<meta property=\"og:image\" content=\"https:\/\/crochetts.com\/wp-content\/uploads\/2024\/09\/LT-1813-3.jpg\" \/>\n\t<meta property=\"og:image:width\" content=\"798\" \/>\n\t<meta property=\"og:image:height\" content=\"1200\" \/>\n\t<meta property=\"og:image:type\" content=\"image\/jpeg\" \/>\n<meta name=\"twitter:card\" content=\"summary_large_image\" \/>\n<meta name=\"twitter:label1\" content=\"Prix\" \/>\n\t<meta name=\"twitter:data1\" content=\"59,99&nbsp;&euro;\" \/>\n\t<meta name=\"twitter:label2\" content=\"Disponibilit\u00e9\" \/>\n\t<meta name=\"twitter:data2\" content=\"En stock\" \/>\n<script type=\"application\/ld+json\" class=\"yoast-schema-graph\">{\"@context\":\"https:\\\/\\\/schema.org\",\"@graph\":[{\"@type\":\"WebPage\",\"@id\":\"https:\\\/\\\/crochetts.com\\\/fr\\\/tienda\\\/sac-a-dos-ariel\\\/\",\"url\":\"https:\\\/\\\/crochetts.com\\\/fr\\\/tienda\\\/sac-a-dos-ariel\\\/\",\"name\":\"- SAC \u00c0 DOS POUR ENFANTS ARIEL - Crochetts% Crochetts%%.\",\"isPartOf\":{\"@id\":\"https:\\\/\\\/crochetts.com\\\/fr\\\/#website\"},\"primaryImageOfPage\":{\"@id\":\"https:\\\/\\\/crochetts.com\\\/fr\\\/tienda\\\/sac-a-dos-ariel\\\/#primaryimage\"},\"image\":{\"@id\":\"https:\\\/\\\/crochetts.com\\\/fr\\\/tienda\\\/sac-a-dos-ariel\\\/#primaryimage\"},\"thumbnailUrl\":\"https:\\\/\\\/crochetts.com\\\/wp-content\\\/uploads\\\/2024\\\/09\\\/LT-1813-3.jpg\",\"datePublished\":\"2024-09-27T11:10:35+00:00\",\"dateModified\":\"2025-12-30T13:19:58+00:00\",\"description\":\"Sacs \u00e0 dos en coton con\u00e7us pour les petits. Id\u00e9al pour l'\u00e9cole, le parc, les sorties ou tout simplement pour transporter tout ce dont un enfant a besoin o\u00f9 qu'il aille.\",\"breadcrumb\":{\"@id\":\"https:\\\/\\\/crochetts.com\\\/fr\\\/tienda\\\/sac-a-dos-ariel\\\/#breadcrumb\"},\"inLanguage\":\"fr-FR\",\"potentialAction\":[{\"@type\":\"ReadAction\",\"target\":[\"https:\\\/\\\/crochetts.com\\\/fr\\\/tienda\\\/sac-a-dos-ariel\\\/\"]}]},{\"@type\":\"ImageObject\",\"inLanguage\":\"fr-FR\",\"@id\":\"https:\\\/\\\/crochetts.com\\\/fr\\\/tienda\\\/sac-a-dos-ariel\\\/#primaryimage\",\"url\":\"https:\\\/\\\/crochetts.com\\\/wp-content\\\/uploads\\\/2024\\\/09\\\/LT-1813-3.jpg\",\"contentUrl\":\"https:\\\/\\\/crochetts.com\\\/wp-content\\\/uploads\\\/2024\\\/09\\\/LT-1813-3.jpg\",\"width\":798,\"height\":1200,\"caption\":\"sac \u00e0 dos en crochet\"},{\"@type\":\"BreadcrumbList\",\"@id\":\"https:\\\/\\\/crochetts.com\\\/fr\\\/tienda\\\/sac-a-dos-ariel\\\/#breadcrumb\",\"itemListElement\":[{\"@type\":\"ListItem\",\"position\":1,\"name\":\"Portada\",\"item\":\"https:\\\/\\\/crochetts.com\\\/fr\\\/accueil\\\/\"},{\"@type\":\"ListItem\",\"position\":2,\"name\":\"Boutique\",\"item\":\"https:\\\/\\\/crochetts.fr\\\/boutique\\\/\"},{\"@type\":\"ListItem\",\"position\":3,\"name\":\"SAC \u00c0 DOS POUR ENFANTS ARIEL\"}]},{\"@type\":\"WebSite\",\"@id\":\"https:\\\/\\\/crochetts.com\\\/fr\\\/#website\",\"url\":\"https:\\\/\\\/crochetts.com\\\/fr\\\/\",\"name\":\"Crochetts\",\"description\":\"ANIMALES DE CROCHET PARA JUGAR,DECORAR Y SO\u00d1AR\",\"publisher\":{\"@id\":\"https:\\\/\\\/crochetts.com\\\/fr\\\/#organization\"},\"potentialAction\":[{\"@type\":\"SearchAction\",\"target\":{\"@type\":\"EntryPoint\",\"urlTemplate\":\"https:\\\/\\\/crochetts.com\\\/fr\\\/?s={search_term_string}\"},\"query-input\":{\"@type\":\"PropertyValueSpecification\",\"valueRequired\":true,\"valueName\":\"search_term_string\"}}],\"inLanguage\":\"fr-FR\"},{\"@type\":\"Organization\",\"@id\":\"https:\\\/\\\/crochetts.com\\\/fr\\\/#organization\",\"name\":\"Crochets\",\"url\":\"https:\\\/\\\/crochetts.com\\\/fr\\\/\",\"logo\":{\"@type\":\"ImageObject\",\"inLanguage\":\"fr-FR\",\"@id\":\"https:\\\/\\\/crochetts.com\\\/fr\\\/#\\\/schema\\\/logo\\\/image\\\/\",\"url\":\"https:\\\/\\\/i2.wp.com\\\/crochetts.com\\\/wp-content\\\/uploads\\\/2021\\\/01\\\/Logo-Crochetts.jpg?fit=300%2C137&ssl=1\",\"contentUrl\":\"https:\\\/\\\/i2.wp.com\\\/crochetts.com\\\/wp-content\\\/uploads\\\/2021\\\/01\\\/Logo-Crochetts.jpg?fit=300%2C137&ssl=1\",\"width\":300,\"height\":137,\"caption\":\"Crochets\"},\"image\":{\"@id\":\"https:\\\/\\\/crochetts.com\\\/fr\\\/#\\\/schema\\\/logo\\\/image\\\/\"},\"sameAs\":[\"https:\\\/\\\/www.facebook.com\\\/Crochetts-101964178013493\",\"https:\\\/\\\/www.instagram.com\\\/crochetts_\\\/\"]}]}<\/script>\n<meta property=\"product:price:amount\" content=\"59.99\" \/>\n<meta property=\"product:price:currency\" content=\"EUR\" \/>\n<meta property=\"og:availability\" content=\"instock\" \/>\n<meta property=\"product:availability\" content=\"instock\" \/>\n<meta property=\"product:retailer_item_id\" content=\"LT-1813\" \/>\n<meta property=\"product:condition\" content=\"new\" \/>\n<!-- \/ Yoast SEO Premium plugin. -->","yoast_head_json":{"title":"- SAC \u00c0 DOS POUR ENFANTS ARIEL - Crochetts% Crochetts%%.","description":"Sacs \u00e0 dos en coton con\u00e7us pour les petits. Id\u00e9al pour l'\u00e9cole, le parc, les sorties ou tout simplement pour transporter tout ce dont un enfant a besoin o\u00f9 qu'il aille.","robots":{"index":"index","follow":"follow","max-snippet":"max-snippet:-1","max-image-preview":"max-image-preview:large","max-video-preview":"max-video-preview:-1"},"canonical":"https:\/\/crochetts.com\/fr\/tienda\/sac-a-dos-ariel\/","og_locale":"fr_FR","og_type":"article","og_title":"SAC \u00c0 DOS POUR ENFANTS ARIEL","og_description":"Ce sac \u00e0 dos pour enfants fabriqu\u00e9 \u00e0 la main par Crochetts est con\u00e7u pour accompagner les petits dans leur vie quotidienne avec confort, s\u00e9curit\u00e9 et un design attachant. Fabriqu\u00e9 en coton naturel, il est l\u00e9ger, doux au toucher et parfait pour les petits gar\u00e7ons et les petites filles. Son design exclusif, avec une face brod\u00e9e et des d\u00e9tails en relief, en fait un sac \u00e0 dos unique qui vous fera craquer d\u00e8s le premier regard. Id\u00e9al pour la cr\u00e8che, l'\u00e9cole, les excursions ou comme sac \u00e0 dos de tous les jours, il allie fonctionnalit\u00e9 et esth\u00e9tique en un seul produit. Gr\u00e2ce \u00e0 sa taille pratique, il permet de transporter l'essentiel (biberon, go\u00fbter, jouet ou doudou) sans \u00eatre lourd. Les poign\u00e9es r\u00e9glables s'adaptent confortablement au dos de l'enfant, favorisant une posture correcte. Ce n'est pas seulement un sac \u00e0 dos, c'est un compl\u00e9ment affectif qui accompagne les enfants dans leurs premi\u00e8res routines, encourage leur autonomie et ajoute une touche de douceur et d'originalit\u00e9 \u00e0 leur look quotidien. Il est \u00e9galement parfait comme cadeau d'enfant avec une valeur artisanale.","og_url":"https:\/\/crochetts.com\/fr\/tienda\/sac-a-dos-ariel\/","og_site_name":"Crochetts","article_publisher":"https:\/\/www.facebook.com\/Crochetts-101964178013493","article_modified_time":"2025-12-30T13:19:58+00:00","og_image":[{"width":798,"height":1200,"url":"https:\/\/crochetts.com\/wp-content\/uploads\/2024\/09\/LT-1813-3.jpg","type":"image\/jpeg"}],"twitter_card":"summary_large_image","twitter_misc":{"Prix":"59,99&nbsp;&euro;","Disponibilit\u00e9":"En stock"},"schema":{"@context":"https:\/\/schema.org","@graph":[{"@type":"WebPage","@id":"https:\/\/crochetts.com\/fr\/tienda\/sac-a-dos-ariel\/","url":"https:\/\/crochetts.com\/fr\/tienda\/sac-a-dos-ariel\/","name":"- SAC \u00c0 DOS POUR ENFANTS ARIEL - Crochetts% Crochetts%%.","isPartOf":{"@id":"https:\/\/crochetts.com\/fr\/#website"},"primaryImageOfPage":{"@id":"https:\/\/crochetts.com\/fr\/tienda\/sac-a-dos-ariel\/#primaryimage"},"image":{"@id":"https:\/\/crochetts.com\/fr\/tienda\/sac-a-dos-ariel\/#primaryimage"},"thumbnailUrl":"https:\/\/crochetts.com\/wp-content\/uploads\/2024\/09\/LT-1813-3.jpg","datePublished":"2024-09-27T11:10:35+00:00","dateModified":"2025-12-30T13:19:58+00:00","description":"Sacs \u00e0 dos en coton con\u00e7us pour les petits. Id\u00e9al pour l'\u00e9cole, le parc, les sorties ou tout simplement pour transporter tout ce dont un enfant a besoin o\u00f9 qu'il aille.","breadcrumb":{"@id":"https:\/\/crochetts.com\/fr\/tienda\/sac-a-dos-ariel\/#breadcrumb"},"inLanguage":"fr-FR","potentialAction":[{"@type":"ReadAction","target":["https:\/\/crochetts.com\/fr\/tienda\/sac-a-dos-ariel\/"]}]},{"@type":"ImageObject","inLanguage":"fr-FR","@id":"https:\/\/crochetts.com\/fr\/tienda\/sac-a-dos-ariel\/#primaryimage","url":"https:\/\/crochetts.com\/wp-content\/uploads\/2024\/09\/LT-1813-3.jpg","contentUrl":"https:\/\/crochetts.com\/wp-content\/uploads\/2024\/09\/LT-1813-3.jpg","width":798,"height":1200,"caption":"sac \u00e0 dos en crochet"},{"@type":"BreadcrumbList","@id":"https:\/\/crochetts.com\/fr\/tienda\/sac-a-dos-ariel\/#breadcrumb","itemListElement":[{"@type":"ListItem","position":1,"name":"Portada","item":"https:\/\/crochetts.com\/fr\/accueil\/"},{"@type":"ListItem","position":2,"name":"Boutique","item":"https:\/\/crochetts.fr\/boutique\/"},{"@type":"ListItem","position":3,"name":"SAC \u00c0 DOS POUR ENFANTS ARIEL"}]},{"@type":"WebSite","@id":"https:\/\/crochetts.com\/fr\/#website","url":"https:\/\/crochetts.com\/fr\/","name":"Crochetts","description":"ANIMALES DE CROCHET PARA JUGAR,DECORAR Y SO\u00d1AR","publisher":{"@id":"https:\/\/crochetts.com\/fr\/#organization"},"potentialAction":[{"@type":"SearchAction","target":{"@type":"EntryPoint","urlTemplate":"https:\/\/crochetts.com\/fr\/?s={search_term_string}"},"query-input":{"@type":"PropertyValueSpecification","valueRequired":true,"valueName":"search_term_string"}}],"inLanguage":"fr-FR"},{"@type":"Organization","@id":"https:\/\/crochetts.com\/fr\/#organization","name":"Crochets","url":"https:\/\/crochetts.com\/fr\/","logo":{"@type":"ImageObject","inLanguage":"fr-FR","@id":"https:\/\/crochetts.com\/fr\/#\/schema\/logo\/image\/","url":"https:\/\/i2.wp.com\/crochetts.com\/wp-content\/uploads\/2021\/01\/Logo-Crochetts.jpg?fit=300%2C137&ssl=1","contentUrl":"https:\/\/i2.wp.com\/crochetts.com\/wp-content\/uploads\/2021\/01\/Logo-Crochetts.jpg?fit=300%2C137&ssl=1","width":300,"height":137,"caption":"Crochets"},"image":{"@id":"https:\/\/crochetts.com\/fr\/#\/schema\/logo\/image\/"},"sameAs":["https:\/\/www.facebook.com\/Crochetts-101964178013493","https:\/\/www.instagram.com\/crochetts_\/"]}]},"product_price_amount":"59.99","product_price_currency":"EUR","og_availability":"instock","product_availability":"instock","product_retailer_item_id":"LT-1813","product_condition":"new"},"_links":{"self":[{"href":"https:\/\/crochetts.com\/fr\/wp-json\/wp\/v2\/product\/22932","targetHints":{"allow":["GET"]}}],"collection":[{"href":"https:\/\/crochetts.com\/fr\/wp-json\/wp\/v2\/product"}],"about":[{"href":"https:\/\/crochetts.com\/fr\/wp-json\/wp\/v2\/types\/product"}],"wp:featuredmedia":[{"embeddable":true,"href":"https:\/\/crochetts.com\/fr\/wp-json\/wp\/v2\/media\/22933"}],"wp:attachment":[{"href":"https:\/\/crochetts.com\/fr\/wp-json\/wp\/v2\/media?parent=22932"}],"wp:term":[{"taxonomy":"product_brand","embeddable":true,"href":"https:\/\/crochetts.com\/fr\/wp-json\/wp\/v2\/product_brand?post=22932"},{"taxonomy":"product_cat","embeddable":true,"href":"https:\/\/crochetts.com\/fr\/wp-json\/wp\/v2\/product_cat?post=22932"},{"taxonomy":"product_tag","embeddable":true,"href":"https:\/\/crochetts.com\/fr\/wp-json\/wp\/v2\/product_tag?post=22932"}],"curies":[{"name":"wp","href":"https:\/\/api.w.org\/{rel}","templated":true}]}}