{"id":22915,"date":"2024-09-30T12:35:52","date_gmt":"2024-09-30T11:35:52","guid":{"rendered":"https:\/\/crochetts.com\/tienda\/sac-a-dos-elephant-2\/"},"modified":"2025-11-21T16:40:27","modified_gmt":"2025-11-21T15:40:27","slug":"sac-a-dos-elephant-2","status":"publish","type":"product","link":"https:\/\/crochetts.com\/fr\/tienda\/sac-a-dos-elephant-2\/","title":{"rendered":"SAC \u00c0 DOS \u00c9L\u00c9PHANT"},"content":{"rendered":"<div style=\"text-align: justify;\">\n<p style=\"text-align: justify;\">Tous nos sacs \u00e0 dos sont <strong>con\u00e7us pour les petits. Le sac<\/strong> dispose d&rsquo;un espace de rangement, d&rsquo;une fermeture \u00e0 bouton magn\u00e9tique et de poign\u00e9es pour le suspendre.<\/p>\n<p>Id\u00e9al pour une utilisation \u00e0 partir de 8 ans. Pour l&rsquo;\u00e9cole, le parc, les sorties ou tout simplement pour que les enfants, ou les mamans et les papas, puissent emporter tout ce dont un enfant a besoin <strong>o\u00f9 qu&rsquo;<\/strong>il aille. <\/p>\n<p>Un bon moyen d&rsquo;<strong>encourager l&rsquo;amour des animaux<\/strong> et de la nature. Plus qu&rsquo;un sac pour transporter des objets, <strong>un compagnon de voyage<\/strong> pour nos enfants. <\/p>\n<\/div>\n","protected":false},"excerpt":{"rendered":"<p>Notre <strong>sac \u00e0 dos \u00e9l\u00e9phant<\/strong> <strong>gris<\/strong> est fabriqu\u00e9 en<strong> 100% coton naturel<\/strong> et velours c\u00f4tel\u00e9, tr\u00e8s doux au toucher. Un design amusant et mignon avec une poche zipp\u00e9e en forme d&rsquo;\u00e9l\u00e9phant amusant. Le sac dispose d&rsquo;un espace de rangement avec une<strong> fermeture magn\u00e9tique<\/strong> et de longues poign\u00e9es pour le suspendre.  <\/p>\n<p>Id\u00e9al pour l&rsquo;<strong> \u00e9cole, le parc, les sorties<\/strong> ou tout simplement pour que les enfants, ou les mamans et les papas, puissent <strong>emporter tout ce dont ils ont besoin<\/strong> o\u00f9 qu&rsquo;ils aillent.<\/p>\n<p>Le <strong>sac<\/strong> shopper sera l&rsquo;<strong>accessoire<\/strong> <strong>id\u00e9al<\/strong> des petits pour transporter leurs tr\u00e9sors les plus pr\u00e9cieux.<\/p>\n<p>&nbsp;<\/p>\n","protected":false},"featured_media":22929,"template":"","meta":{"_acf_changed":false,"_joinchat":[]},"product_brand":[],"product_cat":[4671,4842,5589,5360],"product_tag":[5592,5599,5629,5597,5596,5594,5631,5630,5601],"class_list":{"0":"post-22915","1":"product","2":"type-product","3":"status-publish","4":"has-post-thumbnail","6":"product_cat-accueil","7":"product_cat-produits","8":"product_cat-sacs","9":"product_cat-sacs-a-dos","10":"product_tag-sac-a-dos","11":"product_tag-sac-a-dos-animal","12":"product_tag-sac-a-dos-elephant","13":"product_tag-sac-a-dos-en-coton","14":"product_tag-sac-a-dos-en-crochet","15":"product_tag-sac-a-dos-pour-enfants","16":"product_tag-sac-a-main","17":"product_tag-sac-a-main-elephant","18":"product_tag-sac-decole","19":"entry","21":"first","22":"instock","23":"taxable","24":"shipping-taxable","25":"purchasable","26":"product-type-simple"},"acf":[],"yoast_head":"<!-- This site is optimized with the Yoast SEO Premium plugin v26.1 (Yoast SEO v27.3) - https:\/\/yoast.com\/product\/yoast-seo-premium-wordpress\/ -->\n<title>Sac \u00e0 main pour enfants - SAC \u00c0 DOS \u00c9L\u00c9PHANT - Crochetts% Crochetts%%%.<\/title>\n<meta name=\"description\" content=\"Tous nos sacs sont con\u00e7us pour les petits. Id\u00e9al pour l&#039;\u00e9cole, le parc, les sorties ou tout simplement pour les enfants, ou pour les mamans et les papas, afin d&#039;emporter tout ce dont l&#039;enfant a besoin partout o\u00f9 il va.\" \/>\n<meta name=\"robots\" content=\"index, follow, max-snippet:-1, max-image-preview:large, max-video-preview:-1\" \/>\n<link rel=\"canonical\" href=\"https:\/\/crochetts.com\/fr\/tienda\/sac-a-dos-elephant-2\/\" \/>\n<meta property=\"og:locale\" content=\"fr_FR\" \/>\n<meta property=\"og:type\" content=\"article\" \/>\n<meta property=\"og:title\" content=\"SAC \u00c0 DOS \u00c9L\u00c9PHANT\" \/>\n<meta property=\"og:description\" content=\"Notre sac \u00e0 dos \u00e9l\u00e9phant gris est fabriqu\u00e9 en 100% coton naturel et velours c\u00f4tel\u00e9, tr\u00e8s doux au toucher. Un design amusant et mignon avec une poche zipp\u00e9e en forme d&#039;\u00e9l\u00e9phant amusant. Le sac dispose d&#039;un espace de rangement avec une fermeture magn\u00e9tique et de longues poign\u00e9es pour le suspendre.  Id\u00e9al pour l&#039; \u00e9cole, le parc, les sorties ou tout simplement pour que les enfants, ou les mamans et les papas, puissent emporter tout ce dont ils ont besoin o\u00f9 qu&#039;ils aillent. Le sac shopper sera l&#039;accessoire id\u00e9al des petits pour transporter leurs tr\u00e9sors les plus pr\u00e9cieux. &nbsp;\" \/>\n<meta property=\"og:url\" content=\"https:\/\/crochetts.com\/fr\/tienda\/sac-a-dos-elephant-2\/\" \/>\n<meta property=\"og:site_name\" content=\"Crochetts\" \/>\n<meta property=\"article:publisher\" content=\"https:\/\/www.facebook.com\/Crochetts-101964178013493\" \/>\n<meta property=\"article:modified_time\" content=\"2025-11-21T15:40:27+00:00\" \/>\n<meta property=\"og:image\" content=\"https:\/\/crochetts.com\/wp-content\/uploads\/2024\/09\/LT-1643S-2.jpg\" \/>\n\t<meta property=\"og:image:width\" content=\"798\" \/>\n\t<meta property=\"og:image:height\" content=\"1200\" \/>\n\t<meta property=\"og:image:type\" content=\"image\/jpeg\" \/>\n<meta name=\"twitter:card\" content=\"summary_large_image\" \/>\n<meta name=\"twitter:label1\" content=\"Prix\" \/>\n\t<meta name=\"twitter:data1\" content=\"65,00&nbsp;&euro;\" \/>\n\t<meta name=\"twitter:label2\" content=\"Disponibilit\u00e9\" \/>\n\t<meta name=\"twitter:data2\" content=\"En stock\" \/>\n<script type=\"application\/ld+json\" class=\"yoast-schema-graph\">{\"@context\":\"https:\\\/\\\/schema.org\",\"@graph\":[{\"@type\":\"WebPage\",\"@id\":\"https:\\\/\\\/crochetts.com\\\/fr\\\/tienda\\\/sac-a-dos-elephant-2\\\/\",\"url\":\"https:\\\/\\\/crochetts.com\\\/fr\\\/tienda\\\/sac-a-dos-elephant-2\\\/\",\"name\":\"Sac \u00e0 main pour enfants - SAC \u00c0 DOS \u00c9L\u00c9PHANT - Crochetts% Crochetts%%%.\",\"isPartOf\":{\"@id\":\"https:\\\/\\\/crochetts.com\\\/fr\\\/#website\"},\"primaryImageOfPage\":{\"@id\":\"https:\\\/\\\/crochetts.com\\\/fr\\\/tienda\\\/sac-a-dos-elephant-2\\\/#primaryimage\"},\"image\":{\"@id\":\"https:\\\/\\\/crochetts.com\\\/fr\\\/tienda\\\/sac-a-dos-elephant-2\\\/#primaryimage\"},\"thumbnailUrl\":\"https:\\\/\\\/crochetts.com\\\/wp-content\\\/uploads\\\/2024\\\/09\\\/LT-1643S-2.jpg\",\"datePublished\":\"2024-09-30T11:35:52+00:00\",\"dateModified\":\"2025-11-21T15:40:27+00:00\",\"description\":\"Tous nos sacs sont con\u00e7us pour les petits. Id\u00e9al pour l'\u00e9cole, le parc, les sorties ou tout simplement pour les enfants, ou pour les mamans et les papas, afin d'emporter tout ce dont l'enfant a besoin partout o\u00f9 il va.\",\"breadcrumb\":{\"@id\":\"https:\\\/\\\/crochetts.com\\\/fr\\\/tienda\\\/sac-a-dos-elephant-2\\\/#breadcrumb\"},\"inLanguage\":\"fr-FR\",\"potentialAction\":[{\"@type\":\"ReadAction\",\"target\":[\"https:\\\/\\\/crochetts.com\\\/fr\\\/tienda\\\/sac-a-dos-elephant-2\\\/\"]}]},{\"@type\":\"ImageObject\",\"inLanguage\":\"fr-FR\",\"@id\":\"https:\\\/\\\/crochetts.com\\\/fr\\\/tienda\\\/sac-a-dos-elephant-2\\\/#primaryimage\",\"url\":\"https:\\\/\\\/crochetts.com\\\/wp-content\\\/uploads\\\/2024\\\/09\\\/LT-1643S-2.jpg\",\"contentUrl\":\"https:\\\/\\\/crochetts.com\\\/wp-content\\\/uploads\\\/2024\\\/09\\\/LT-1643S-2.jpg\",\"width\":798,\"height\":1200,\"caption\":\"sac \u00e0 provisions au crochet\"},{\"@type\":\"BreadcrumbList\",\"@id\":\"https:\\\/\\\/crochetts.com\\\/fr\\\/tienda\\\/sac-a-dos-elephant-2\\\/#breadcrumb\",\"itemListElement\":[{\"@type\":\"ListItem\",\"position\":1,\"name\":\"Portada\",\"item\":\"https:\\\/\\\/crochetts.com\\\/fr\\\/accueil\\\/\"},{\"@type\":\"ListItem\",\"position\":2,\"name\":\"Boutique\",\"item\":\"https:\\\/\\\/crochetts.fr\\\/boutique\\\/\"},{\"@type\":\"ListItem\",\"position\":3,\"name\":\"SAC \u00c0 DOS \u00c9L\u00c9PHANT\"}]},{\"@type\":\"WebSite\",\"@id\":\"https:\\\/\\\/crochetts.com\\\/fr\\\/#website\",\"url\":\"https:\\\/\\\/crochetts.com\\\/fr\\\/\",\"name\":\"Crochetts\",\"description\":\"ANIMALES DE CROCHET PARA JUGAR,DECORAR Y SO\u00d1AR\",\"publisher\":{\"@id\":\"https:\\\/\\\/crochetts.com\\\/fr\\\/#organization\"},\"potentialAction\":[{\"@type\":\"SearchAction\",\"target\":{\"@type\":\"EntryPoint\",\"urlTemplate\":\"https:\\\/\\\/crochetts.com\\\/fr\\\/?s={search_term_string}\"},\"query-input\":{\"@type\":\"PropertyValueSpecification\",\"valueRequired\":true,\"valueName\":\"search_term_string\"}}],\"inLanguage\":\"fr-FR\"},{\"@type\":\"Organization\",\"@id\":\"https:\\\/\\\/crochetts.com\\\/fr\\\/#organization\",\"name\":\"Crochets\",\"url\":\"https:\\\/\\\/crochetts.com\\\/fr\\\/\",\"logo\":{\"@type\":\"ImageObject\",\"inLanguage\":\"fr-FR\",\"@id\":\"https:\\\/\\\/crochetts.com\\\/fr\\\/#\\\/schema\\\/logo\\\/image\\\/\",\"url\":\"https:\\\/\\\/i2.wp.com\\\/crochetts.com\\\/wp-content\\\/uploads\\\/2021\\\/01\\\/Logo-Crochetts.jpg?fit=300%2C137&ssl=1\",\"contentUrl\":\"https:\\\/\\\/i2.wp.com\\\/crochetts.com\\\/wp-content\\\/uploads\\\/2021\\\/01\\\/Logo-Crochetts.jpg?fit=300%2C137&ssl=1\",\"width\":300,\"height\":137,\"caption\":\"Crochets\"},\"image\":{\"@id\":\"https:\\\/\\\/crochetts.com\\\/fr\\\/#\\\/schema\\\/logo\\\/image\\\/\"},\"sameAs\":[\"https:\\\/\\\/www.facebook.com\\\/Crochetts-101964178013493\",\"https:\\\/\\\/www.instagram.com\\\/crochetts_\\\/\"]}]}<\/script>\n<meta property=\"product:price:amount\" content=\"65.00\" \/>\n<meta property=\"product:price:currency\" content=\"EUR\" \/>\n<meta property=\"og:availability\" content=\"instock\" \/>\n<meta property=\"product:availability\" content=\"instock\" \/>\n<meta property=\"product:retailer_item_id\" content=\"LT-1643S\" \/>\n<meta property=\"product:condition\" content=\"new\" \/>\n<!-- \/ Yoast SEO Premium plugin. -->","yoast_head_json":{"title":"Sac \u00e0 main pour enfants - SAC \u00c0 DOS \u00c9L\u00c9PHANT - Crochetts% Crochetts%%%.","description":"Tous nos sacs sont con\u00e7us pour les petits. Id\u00e9al pour l'\u00e9cole, le parc, les sorties ou tout simplement pour les enfants, ou pour les mamans et les papas, afin d'emporter tout ce dont l'enfant a besoin partout o\u00f9 il va.","robots":{"index":"index","follow":"follow","max-snippet":"max-snippet:-1","max-image-preview":"max-image-preview:large","max-video-preview":"max-video-preview:-1"},"canonical":"https:\/\/crochetts.com\/fr\/tienda\/sac-a-dos-elephant-2\/","og_locale":"fr_FR","og_type":"article","og_title":"SAC \u00c0 DOS \u00c9L\u00c9PHANT","og_description":"Notre sac \u00e0 dos \u00e9l\u00e9phant gris est fabriqu\u00e9 en 100% coton naturel et velours c\u00f4tel\u00e9, tr\u00e8s doux au toucher. Un design amusant et mignon avec une poche zipp\u00e9e en forme d'\u00e9l\u00e9phant amusant. Le sac dispose d'un espace de rangement avec une fermeture magn\u00e9tique et de longues poign\u00e9es pour le suspendre.  Id\u00e9al pour l' \u00e9cole, le parc, les sorties ou tout simplement pour que les enfants, ou les mamans et les papas, puissent emporter tout ce dont ils ont besoin o\u00f9 qu'ils aillent. Le sac shopper sera l'accessoire id\u00e9al des petits pour transporter leurs tr\u00e9sors les plus pr\u00e9cieux. &nbsp;","og_url":"https:\/\/crochetts.com\/fr\/tienda\/sac-a-dos-elephant-2\/","og_site_name":"Crochetts","article_publisher":"https:\/\/www.facebook.com\/Crochetts-101964178013493","article_modified_time":"2025-11-21T15:40:27+00:00","og_image":[{"width":798,"height":1200,"url":"https:\/\/crochetts.com\/wp-content\/uploads\/2024\/09\/LT-1643S-2.jpg","type":"image\/jpeg"}],"twitter_card":"summary_large_image","twitter_misc":{"Prix":"65,00&nbsp;&euro;","Disponibilit\u00e9":"En stock"},"schema":{"@context":"https:\/\/schema.org","@graph":[{"@type":"WebPage","@id":"https:\/\/crochetts.com\/fr\/tienda\/sac-a-dos-elephant-2\/","url":"https:\/\/crochetts.com\/fr\/tienda\/sac-a-dos-elephant-2\/","name":"Sac \u00e0 main pour enfants - SAC \u00c0 DOS \u00c9L\u00c9PHANT - Crochetts% Crochetts%%%.","isPartOf":{"@id":"https:\/\/crochetts.com\/fr\/#website"},"primaryImageOfPage":{"@id":"https:\/\/crochetts.com\/fr\/tienda\/sac-a-dos-elephant-2\/#primaryimage"},"image":{"@id":"https:\/\/crochetts.com\/fr\/tienda\/sac-a-dos-elephant-2\/#primaryimage"},"thumbnailUrl":"https:\/\/crochetts.com\/wp-content\/uploads\/2024\/09\/LT-1643S-2.jpg","datePublished":"2024-09-30T11:35:52+00:00","dateModified":"2025-11-21T15:40:27+00:00","description":"Tous nos sacs sont con\u00e7us pour les petits. Id\u00e9al pour l'\u00e9cole, le parc, les sorties ou tout simplement pour les enfants, ou pour les mamans et les papas, afin d'emporter tout ce dont l'enfant a besoin partout o\u00f9 il va.","breadcrumb":{"@id":"https:\/\/crochetts.com\/fr\/tienda\/sac-a-dos-elephant-2\/#breadcrumb"},"inLanguage":"fr-FR","potentialAction":[{"@type":"ReadAction","target":["https:\/\/crochetts.com\/fr\/tienda\/sac-a-dos-elephant-2\/"]}]},{"@type":"ImageObject","inLanguage":"fr-FR","@id":"https:\/\/crochetts.com\/fr\/tienda\/sac-a-dos-elephant-2\/#primaryimage","url":"https:\/\/crochetts.com\/wp-content\/uploads\/2024\/09\/LT-1643S-2.jpg","contentUrl":"https:\/\/crochetts.com\/wp-content\/uploads\/2024\/09\/LT-1643S-2.jpg","width":798,"height":1200,"caption":"sac \u00e0 provisions au crochet"},{"@type":"BreadcrumbList","@id":"https:\/\/crochetts.com\/fr\/tienda\/sac-a-dos-elephant-2\/#breadcrumb","itemListElement":[{"@type":"ListItem","position":1,"name":"Portada","item":"https:\/\/crochetts.com\/fr\/accueil\/"},{"@type":"ListItem","position":2,"name":"Boutique","item":"https:\/\/crochetts.fr\/boutique\/"},{"@type":"ListItem","position":3,"name":"SAC \u00c0 DOS \u00c9L\u00c9PHANT"}]},{"@type":"WebSite","@id":"https:\/\/crochetts.com\/fr\/#website","url":"https:\/\/crochetts.com\/fr\/","name":"Crochetts","description":"ANIMALES DE CROCHET PARA JUGAR,DECORAR Y SO\u00d1AR","publisher":{"@id":"https:\/\/crochetts.com\/fr\/#organization"},"potentialAction":[{"@type":"SearchAction","target":{"@type":"EntryPoint","urlTemplate":"https:\/\/crochetts.com\/fr\/?s={search_term_string}"},"query-input":{"@type":"PropertyValueSpecification","valueRequired":true,"valueName":"search_term_string"}}],"inLanguage":"fr-FR"},{"@type":"Organization","@id":"https:\/\/crochetts.com\/fr\/#organization","name":"Crochets","url":"https:\/\/crochetts.com\/fr\/","logo":{"@type":"ImageObject","inLanguage":"fr-FR","@id":"https:\/\/crochetts.com\/fr\/#\/schema\/logo\/image\/","url":"https:\/\/i2.wp.com\/crochetts.com\/wp-content\/uploads\/2021\/01\/Logo-Crochetts.jpg?fit=300%2C137&ssl=1","contentUrl":"https:\/\/i2.wp.com\/crochetts.com\/wp-content\/uploads\/2021\/01\/Logo-Crochetts.jpg?fit=300%2C137&ssl=1","width":300,"height":137,"caption":"Crochets"},"image":{"@id":"https:\/\/crochetts.com\/fr\/#\/schema\/logo\/image\/"},"sameAs":["https:\/\/www.facebook.com\/Crochetts-101964178013493","https:\/\/www.instagram.com\/crochetts_\/"]}]},"product_price_amount":"65.00","product_price_currency":"EUR","og_availability":"instock","product_availability":"instock","product_retailer_item_id":"LT-1643S","product_condition":"new"},"_links":{"self":[{"href":"https:\/\/crochetts.com\/fr\/wp-json\/wp\/v2\/product\/22915","targetHints":{"allow":["GET"]}}],"collection":[{"href":"https:\/\/crochetts.com\/fr\/wp-json\/wp\/v2\/product"}],"about":[{"href":"https:\/\/crochetts.com\/fr\/wp-json\/wp\/v2\/types\/product"}],"wp:featuredmedia":[{"embeddable":true,"href":"https:\/\/crochetts.com\/fr\/wp-json\/wp\/v2\/media\/22929"}],"wp:attachment":[{"href":"https:\/\/crochetts.com\/fr\/wp-json\/wp\/v2\/media?parent=22915"}],"wp:term":[{"taxonomy":"product_brand","embeddable":true,"href":"https:\/\/crochetts.com\/fr\/wp-json\/wp\/v2\/product_brand?post=22915"},{"taxonomy":"product_cat","embeddable":true,"href":"https:\/\/crochetts.com\/fr\/wp-json\/wp\/v2\/product_cat?post=22915"},{"taxonomy":"product_tag","embeddable":true,"href":"https:\/\/crochetts.com\/fr\/wp-json\/wp\/v2\/product_tag?post=22915"}],"curies":[{"name":"wp","href":"https:\/\/api.w.org\/{rel}","templated":true}]}}