{"id":22785,"date":"2024-11-12T12:18:29","date_gmt":"2024-11-12T11:18:29","guid":{"rendered":"https:\/\/crochetts.com\/tienda\/ensemble-sac-a-dos-et-sac-a-dos-lapin\/"},"modified":"2026-03-17T13:42:57","modified_gmt":"2026-03-17T11:42:57","slug":"ensemble-sac-a-dos-et-sac-a-dos-lapin","status":"publish","type":"product","link":"https:\/\/crochetts.com\/fr\/tienda\/ensemble-sac-a-dos-et-sac-a-dos-lapin\/","title":{"rendered":"ENSEMBLE SAC \u00c0 DOS ET SAC \u00c0 DOS LAPIN"},"content":{"rendered":"<div style=\"text-align: justify;\">\n<p style=\"text-align: justify;\">Tous nos sacs \u00e0 dos sont <strong>con\u00e7us pour les petits. Notre <\/strong><strong>sac \u00e0 dos<\/strong> dispose d&rsquo;un grand espace de rangement, d&rsquo;une fermeture \u00e0 glissi\u00e8re et de poign\u00e9es r\u00e9glables.<\/p>\n<p>Id\u00e9al \u00e0 partir de 2 ans. Pour l&rsquo;\u00e9cole, le parc, les sorties ou tout simplement pour que les enfants, ou les mamans et les papas, puissent emporter tout ce dont un enfant a besoin <strong>o\u00f9 qu&rsquo;<\/strong>il aille. <\/p>\n<p>Un bon moyen d&rsquo;<strong>encourager l&rsquo;amour des animaux<\/strong> et de la nature. Plus qu&rsquo;un sac \u00e0 dos pour transporter des objets, <strong>un compagnon de voyage<\/strong> pour nos enfants. <\/p>\n<\/div>\n","protected":false},"excerpt":{"rendered":"<p style=\"text-align: justify;\">Notre ensemble compos\u00e9 d&rsquo;un <b>sac \u00e0 dos et d&rsquo;un sac <\/b>lapin <strong>en crochet<\/strong> est fabriqu\u00e9 en <strong>coton 100% naturel,<\/strong> hypoallerg\u00e9nique, tr\u00e8s doux au toucher, de couleur <strong>bleue<\/strong>. Un design amusant et mignon en forme de lapin. Nous avons pens\u00e9 \u00e0 tous les d\u00e9tails, comme son <strong>petit nez<\/strong> et ses pattes <strong>brod\u00e9es \u00e0 la main<\/strong>.  <\/p>\n<p>Le sac \u00e0 dos est \u00e9quip\u00e9 d&rsquo;un espace de rangement verrouillable.  <strong>fermeture \u00e9clair<\/strong>poign\u00e9es et  <strong>taille<\/strong> <strong>r\u00e9glable<\/strong>  pour le porter confortablement.<\/p>\n<p>Le sac dispose d&rsquo;un espace de rangement <strong>zipp\u00e9<\/strong> et de<strong> deux poign\u00e9es : <\/strong>une <strong>bandouli\u00e8re<\/strong> <strong>r\u00e9glable<\/strong> et une bandouli\u00e8re <strong>r\u00e9glable<\/strong> pour le porter confortablement.<\/p>\n<p>L&rsquo;<strong>ensemble<\/strong> sera l&rsquo;accessoire id\u00e9al des petits pour transporter leurs tr\u00e9sors les plus pr\u00e9cieux.<\/p>\n","protected":false},"featured_media":22789,"template":"","meta":{"_acf_changed":false,"_joinchat":[]},"product_brand":[],"product_cat":[4671,4842,5589,5360],"product_tag":[5607,5608,5606,9655,5592,6160,5599,5603,5602,5597,5596,5605,5594,5601],"class_list":{"0":"post-22785","1":"product","2":"type-product","3":"status-publish","4":"has-post-thumbnail","6":"product_cat-accueil","7":"product_cat-produits","8":"product_cat-sacs","9":"product_cat-sacs-a-dos","10":"product_tag-cadeau-de-noel","11":"product_tag-cadeau-special","12":"product_tag-ensemble-sac-a-dos-et-sacoche","13":"product_tag-sac-a-dos-4","14":"product_tag-sac-a-dos","15":"product_tag-sac-a-dos-3","16":"product_tag-sac-a-dos-animal","17":"product_tag-sac-a-dos-coton","18":"product_tag-sac-a-dos-dinosaure","19":"product_tag-sac-a-dos-en-coton","20":"product_tag-sac-a-dos-en-crochet","21":"product_tag-sac-a-dos-lapin","22":"product_tag-sac-a-dos-pour-enfants","23":"product_tag-sac-decole","24":"entry","26":"first","27":"instock","28":"taxable","29":"shipping-taxable","30":"purchasable","31":"product-type-simple"},"acf":[],"yoast_head":"<!-- This site is optimized with the Yoast SEO Premium plugin v26.1 (Yoast SEO v27.3) - https:\/\/yoast.com\/product\/yoast-seo-premium-wordpress\/ -->\n<title>Children&#039;s backpack - ENSEMBLE SAC \u00c0 DOS ET SAC \u00c0 DOS LAPIN - Crochetts% Crochetts Crochetts%<\/title>\n<meta name=\"description\" content=\"Tous nos sacs \u00e0 dos sont con\u00e7us pour les petits. Id\u00e9al pour l&#039;\u00e9cole, le parc, les sorties d&#039;enfants.\" \/>\n<meta name=\"robots\" content=\"index, follow, max-snippet:-1, max-image-preview:large, max-video-preview:-1\" \/>\n<link rel=\"canonical\" href=\"https:\/\/crochetts.com\/fr\/tienda\/ensemble-sac-a-dos-et-sac-a-dos-lapin\/\" \/>\n<meta property=\"og:locale\" content=\"fr_FR\" \/>\n<meta property=\"og:type\" content=\"article\" \/>\n<meta property=\"og:title\" content=\"ENSEMBLE SAC \u00c0 DOS ET SAC \u00c0 DOS LAPIN\" \/>\n<meta property=\"og:description\" content=\"Notre ensemble compos\u00e9 d&#039;un sac \u00e0 dos et d&#039;un sac lapin en crochet est fabriqu\u00e9 en coton 100% naturel, hypoallerg\u00e9nique, tr\u00e8s doux au toucher, de couleur bleue. Un design amusant et mignon en forme de lapin. Nous avons pens\u00e9 \u00e0 tous les d\u00e9tails, comme son petit nez et ses pattes brod\u00e9es \u00e0 la main.  Le sac \u00e0 dos est \u00e9quip\u00e9 d&#039;un espace de rangement verrouillable. fermeture \u00e9clairpoign\u00e9es et taille r\u00e9glable pour le porter confortablement. Le sac dispose d&#039;un espace de rangement zipp\u00e9 et de deux poign\u00e9es : une bandouli\u00e8re r\u00e9glable et une bandouli\u00e8re r\u00e9glable pour le porter confortablement. L&#039;ensemble sera l&#039;accessoire id\u00e9al des petits pour transporter leurs tr\u00e9sors les plus pr\u00e9cieux.\" \/>\n<meta property=\"og:url\" content=\"https:\/\/crochetts.com\/fr\/tienda\/ensemble-sac-a-dos-et-sac-a-dos-lapin\/\" \/>\n<meta property=\"og:site_name\" content=\"Crochetts\" \/>\n<meta property=\"article:publisher\" content=\"https:\/\/www.facebook.com\/Crochetts-101964178013493\" \/>\n<meta property=\"article:modified_time\" content=\"2026-03-17T11:42:57+00:00\" \/>\n<meta property=\"og:image\" content=\"https:\/\/crochetts.com\/wp-content\/uploads\/2024\/11\/DSC_2353.jpg\" \/>\n\t<meta property=\"og:image:width\" content=\"798\" \/>\n\t<meta property=\"og:image:height\" content=\"1200\" \/>\n\t<meta property=\"og:image:type\" content=\"image\/jpeg\" \/>\n<meta name=\"twitter:card\" content=\"summary_large_image\" \/>\n<meta name=\"twitter:label1\" content=\"Prix\" \/>\n\t<meta name=\"twitter:data1\" content=\"90,00&nbsp;&euro;\" \/>\n\t<meta name=\"twitter:label2\" content=\"Disponibilit\u00e9\" \/>\n\t<meta name=\"twitter:data2\" content=\"En stock\" \/>\n<script type=\"application\/ld+json\" class=\"yoast-schema-graph\">{\"@context\":\"https:\\\/\\\/schema.org\",\"@graph\":[{\"@type\":\"WebPage\",\"@id\":\"https:\\\/\\\/crochetts.com\\\/fr\\\/tienda\\\/ensemble-sac-a-dos-et-sac-a-dos-lapin\\\/\",\"url\":\"https:\\\/\\\/crochetts.com\\\/fr\\\/tienda\\\/ensemble-sac-a-dos-et-sac-a-dos-lapin\\\/\",\"name\":\"Children's backpack - ENSEMBLE SAC \u00c0 DOS ET SAC \u00c0 DOS LAPIN - Crochetts% Crochetts Crochetts%\",\"isPartOf\":{\"@id\":\"https:\\\/\\\/crochetts.com\\\/fr\\\/#website\"},\"primaryImageOfPage\":{\"@id\":\"https:\\\/\\\/crochetts.com\\\/fr\\\/tienda\\\/ensemble-sac-a-dos-et-sac-a-dos-lapin\\\/#primaryimage\"},\"image\":{\"@id\":\"https:\\\/\\\/crochetts.com\\\/fr\\\/tienda\\\/ensemble-sac-a-dos-et-sac-a-dos-lapin\\\/#primaryimage\"},\"thumbnailUrl\":\"https:\\\/\\\/crochetts.com\\\/wp-content\\\/uploads\\\/2024\\\/11\\\/DSC_2353.jpg\",\"datePublished\":\"2024-11-12T11:18:29+00:00\",\"dateModified\":\"2026-03-17T11:42:57+00:00\",\"description\":\"Tous nos sacs \u00e0 dos sont con\u00e7us pour les petits. Id\u00e9al pour l'\u00e9cole, le parc, les sorties d'enfants.\",\"breadcrumb\":{\"@id\":\"https:\\\/\\\/crochetts.com\\\/fr\\\/tienda\\\/ensemble-sac-a-dos-et-sac-a-dos-lapin\\\/#breadcrumb\"},\"inLanguage\":\"fr-FR\",\"potentialAction\":[{\"@type\":\"ReadAction\",\"target\":[\"https:\\\/\\\/crochetts.com\\\/fr\\\/tienda\\\/ensemble-sac-a-dos-et-sac-a-dos-lapin\\\/\"]}]},{\"@type\":\"ImageObject\",\"inLanguage\":\"fr-FR\",\"@id\":\"https:\\\/\\\/crochetts.com\\\/fr\\\/tienda\\\/ensemble-sac-a-dos-et-sac-a-dos-lapin\\\/#primaryimage\",\"url\":\"https:\\\/\\\/crochetts.com\\\/wp-content\\\/uploads\\\/2024\\\/11\\\/DSC_2353.jpg\",\"contentUrl\":\"https:\\\/\\\/crochetts.com\\\/wp-content\\\/uploads\\\/2024\\\/11\\\/DSC_2353.jpg\",\"width\":798,\"height\":1200},{\"@type\":\"BreadcrumbList\",\"@id\":\"https:\\\/\\\/crochetts.com\\\/fr\\\/tienda\\\/ensemble-sac-a-dos-et-sac-a-dos-lapin\\\/#breadcrumb\",\"itemListElement\":[{\"@type\":\"ListItem\",\"position\":1,\"name\":\"Portada\",\"item\":\"https:\\\/\\\/crochetts.com\\\/fr\\\/accueil\\\/\"},{\"@type\":\"ListItem\",\"position\":2,\"name\":\"Boutique\",\"item\":\"https:\\\/\\\/crochetts.fr\\\/boutique\\\/\"},{\"@type\":\"ListItem\",\"position\":3,\"name\":\"ENSEMBLE SAC \u00c0 DOS ET SAC \u00c0 DOS LAPIN\"}]},{\"@type\":\"WebSite\",\"@id\":\"https:\\\/\\\/crochetts.com\\\/fr\\\/#website\",\"url\":\"https:\\\/\\\/crochetts.com\\\/fr\\\/\",\"name\":\"Crochetts\",\"description\":\"ANIMALES DE CROCHET PARA JUGAR,DECORAR Y SO\u00d1AR\",\"publisher\":{\"@id\":\"https:\\\/\\\/crochetts.com\\\/fr\\\/#organization\"},\"potentialAction\":[{\"@type\":\"SearchAction\",\"target\":{\"@type\":\"EntryPoint\",\"urlTemplate\":\"https:\\\/\\\/crochetts.com\\\/fr\\\/?s={search_term_string}\"},\"query-input\":{\"@type\":\"PropertyValueSpecification\",\"valueRequired\":true,\"valueName\":\"search_term_string\"}}],\"inLanguage\":\"fr-FR\"},{\"@type\":\"Organization\",\"@id\":\"https:\\\/\\\/crochetts.com\\\/fr\\\/#organization\",\"name\":\"Crochets\",\"url\":\"https:\\\/\\\/crochetts.com\\\/fr\\\/\",\"logo\":{\"@type\":\"ImageObject\",\"inLanguage\":\"fr-FR\",\"@id\":\"https:\\\/\\\/crochetts.com\\\/fr\\\/#\\\/schema\\\/logo\\\/image\\\/\",\"url\":\"https:\\\/\\\/i2.wp.com\\\/crochetts.com\\\/wp-content\\\/uploads\\\/2021\\\/01\\\/Logo-Crochetts.jpg?fit=300%2C137&ssl=1\",\"contentUrl\":\"https:\\\/\\\/i2.wp.com\\\/crochetts.com\\\/wp-content\\\/uploads\\\/2021\\\/01\\\/Logo-Crochetts.jpg?fit=300%2C137&ssl=1\",\"width\":300,\"height\":137,\"caption\":\"Crochets\"},\"image\":{\"@id\":\"https:\\\/\\\/crochetts.com\\\/fr\\\/#\\\/schema\\\/logo\\\/image\\\/\"},\"sameAs\":[\"https:\\\/\\\/www.facebook.com\\\/Crochetts-101964178013493\",\"https:\\\/\\\/www.instagram.com\\\/crochetts_\\\/\"]}]}<\/script>\n<meta property=\"product:price:amount\" content=\"90.00\" \/>\n<meta property=\"product:price:currency\" content=\"EUR\" \/>\n<meta property=\"og:availability\" content=\"instock\" \/>\n<meta property=\"product:availability\" content=\"instock\" \/>\n<meta property=\"product:retailer_item_id\" content=\"PACKBOLSOYMOCHILA_LT-1915\" \/>\n<meta property=\"product:condition\" content=\"new\" \/>\n<!-- \/ Yoast SEO Premium plugin. -->","yoast_head_json":{"title":"Children's backpack - ENSEMBLE SAC \u00c0 DOS ET SAC \u00c0 DOS LAPIN - Crochetts% Crochetts Crochetts%","description":"Tous nos sacs \u00e0 dos sont con\u00e7us pour les petits. Id\u00e9al pour l'\u00e9cole, le parc, les sorties d'enfants.","robots":{"index":"index","follow":"follow","max-snippet":"max-snippet:-1","max-image-preview":"max-image-preview:large","max-video-preview":"max-video-preview:-1"},"canonical":"https:\/\/crochetts.com\/fr\/tienda\/ensemble-sac-a-dos-et-sac-a-dos-lapin\/","og_locale":"fr_FR","og_type":"article","og_title":"ENSEMBLE SAC \u00c0 DOS ET SAC \u00c0 DOS LAPIN","og_description":"Notre ensemble compos\u00e9 d'un sac \u00e0 dos et d'un sac lapin en crochet est fabriqu\u00e9 en coton 100% naturel, hypoallerg\u00e9nique, tr\u00e8s doux au toucher, de couleur bleue. Un design amusant et mignon en forme de lapin. Nous avons pens\u00e9 \u00e0 tous les d\u00e9tails, comme son petit nez et ses pattes brod\u00e9es \u00e0 la main.  Le sac \u00e0 dos est \u00e9quip\u00e9 d'un espace de rangement verrouillable. fermeture \u00e9clairpoign\u00e9es et taille r\u00e9glable pour le porter confortablement. Le sac dispose d'un espace de rangement zipp\u00e9 et de deux poign\u00e9es : une bandouli\u00e8re r\u00e9glable et une bandouli\u00e8re r\u00e9glable pour le porter confortablement. L'ensemble sera l'accessoire id\u00e9al des petits pour transporter leurs tr\u00e9sors les plus pr\u00e9cieux.","og_url":"https:\/\/crochetts.com\/fr\/tienda\/ensemble-sac-a-dos-et-sac-a-dos-lapin\/","og_site_name":"Crochetts","article_publisher":"https:\/\/www.facebook.com\/Crochetts-101964178013493","article_modified_time":"2026-03-17T11:42:57+00:00","og_image":[{"width":798,"height":1200,"url":"https:\/\/crochetts.com\/wp-content\/uploads\/2024\/11\/DSC_2353.jpg","type":"image\/jpeg"}],"twitter_card":"summary_large_image","twitter_misc":{"Prix":"90,00&nbsp;&euro;","Disponibilit\u00e9":"En stock"},"schema":{"@context":"https:\/\/schema.org","@graph":[{"@type":"WebPage","@id":"https:\/\/crochetts.com\/fr\/tienda\/ensemble-sac-a-dos-et-sac-a-dos-lapin\/","url":"https:\/\/crochetts.com\/fr\/tienda\/ensemble-sac-a-dos-et-sac-a-dos-lapin\/","name":"Children's backpack - ENSEMBLE SAC \u00c0 DOS ET SAC \u00c0 DOS LAPIN - Crochetts% Crochetts Crochetts%","isPartOf":{"@id":"https:\/\/crochetts.com\/fr\/#website"},"primaryImageOfPage":{"@id":"https:\/\/crochetts.com\/fr\/tienda\/ensemble-sac-a-dos-et-sac-a-dos-lapin\/#primaryimage"},"image":{"@id":"https:\/\/crochetts.com\/fr\/tienda\/ensemble-sac-a-dos-et-sac-a-dos-lapin\/#primaryimage"},"thumbnailUrl":"https:\/\/crochetts.com\/wp-content\/uploads\/2024\/11\/DSC_2353.jpg","datePublished":"2024-11-12T11:18:29+00:00","dateModified":"2026-03-17T11:42:57+00:00","description":"Tous nos sacs \u00e0 dos sont con\u00e7us pour les petits. Id\u00e9al pour l'\u00e9cole, le parc, les sorties d'enfants.","breadcrumb":{"@id":"https:\/\/crochetts.com\/fr\/tienda\/ensemble-sac-a-dos-et-sac-a-dos-lapin\/#breadcrumb"},"inLanguage":"fr-FR","potentialAction":[{"@type":"ReadAction","target":["https:\/\/crochetts.com\/fr\/tienda\/ensemble-sac-a-dos-et-sac-a-dos-lapin\/"]}]},{"@type":"ImageObject","inLanguage":"fr-FR","@id":"https:\/\/crochetts.com\/fr\/tienda\/ensemble-sac-a-dos-et-sac-a-dos-lapin\/#primaryimage","url":"https:\/\/crochetts.com\/wp-content\/uploads\/2024\/11\/DSC_2353.jpg","contentUrl":"https:\/\/crochetts.com\/wp-content\/uploads\/2024\/11\/DSC_2353.jpg","width":798,"height":1200},{"@type":"BreadcrumbList","@id":"https:\/\/crochetts.com\/fr\/tienda\/ensemble-sac-a-dos-et-sac-a-dos-lapin\/#breadcrumb","itemListElement":[{"@type":"ListItem","position":1,"name":"Portada","item":"https:\/\/crochetts.com\/fr\/accueil\/"},{"@type":"ListItem","position":2,"name":"Boutique","item":"https:\/\/crochetts.fr\/boutique\/"},{"@type":"ListItem","position":3,"name":"ENSEMBLE SAC \u00c0 DOS ET SAC \u00c0 DOS LAPIN"}]},{"@type":"WebSite","@id":"https:\/\/crochetts.com\/fr\/#website","url":"https:\/\/crochetts.com\/fr\/","name":"Crochetts","description":"ANIMALES DE CROCHET PARA JUGAR,DECORAR Y SO\u00d1AR","publisher":{"@id":"https:\/\/crochetts.com\/fr\/#organization"},"potentialAction":[{"@type":"SearchAction","target":{"@type":"EntryPoint","urlTemplate":"https:\/\/crochetts.com\/fr\/?s={search_term_string}"},"query-input":{"@type":"PropertyValueSpecification","valueRequired":true,"valueName":"search_term_string"}}],"inLanguage":"fr-FR"},{"@type":"Organization","@id":"https:\/\/crochetts.com\/fr\/#organization","name":"Crochets","url":"https:\/\/crochetts.com\/fr\/","logo":{"@type":"ImageObject","inLanguage":"fr-FR","@id":"https:\/\/crochetts.com\/fr\/#\/schema\/logo\/image\/","url":"https:\/\/i2.wp.com\/crochetts.com\/wp-content\/uploads\/2021\/01\/Logo-Crochetts.jpg?fit=300%2C137&ssl=1","contentUrl":"https:\/\/i2.wp.com\/crochetts.com\/wp-content\/uploads\/2021\/01\/Logo-Crochetts.jpg?fit=300%2C137&ssl=1","width":300,"height":137,"caption":"Crochets"},"image":{"@id":"https:\/\/crochetts.com\/fr\/#\/schema\/logo\/image\/"},"sameAs":["https:\/\/www.facebook.com\/Crochetts-101964178013493","https:\/\/www.instagram.com\/crochetts_\/"]}]},"product_price_amount":"90.00","product_price_currency":"EUR","og_availability":"instock","product_availability":"instock","product_retailer_item_id":"PACKBOLSOYMOCHILA_LT-1915","product_condition":"new"},"_links":{"self":[{"href":"https:\/\/crochetts.com\/fr\/wp-json\/wp\/v2\/product\/22785","targetHints":{"allow":["GET"]}}],"collection":[{"href":"https:\/\/crochetts.com\/fr\/wp-json\/wp\/v2\/product"}],"about":[{"href":"https:\/\/crochetts.com\/fr\/wp-json\/wp\/v2\/types\/product"}],"wp:featuredmedia":[{"embeddable":true,"href":"https:\/\/crochetts.com\/fr\/wp-json\/wp\/v2\/media\/22789"}],"wp:attachment":[{"href":"https:\/\/crochetts.com\/fr\/wp-json\/wp\/v2\/media?parent=22785"}],"wp:term":[{"taxonomy":"product_brand","embeddable":true,"href":"https:\/\/crochetts.com\/fr\/wp-json\/wp\/v2\/product_brand?post=22785"},{"taxonomy":"product_cat","embeddable":true,"href":"https:\/\/crochetts.com\/fr\/wp-json\/wp\/v2\/product_cat?post=22785"},{"taxonomy":"product_tag","embeddable":true,"href":"https:\/\/crochetts.com\/fr\/wp-json\/wp\/v2\/product_tag?post=22785"}],"curies":[{"name":"wp","href":"https:\/\/api.w.org\/{rel}","templated":true}]}}