{"id":22462,"date":"2025-11-06T11:35:42","date_gmt":"2025-11-06T10:35:42","guid":{"rendered":"https:\/\/crochetts.com\/tienda\/poupee-ecureuil-en-tissu\/"},"modified":"2025-11-28T08:05:04","modified_gmt":"2025-11-28T07:05:04","slug":"poupee-ecureuil-en-tissu","status":"publish","type":"product","link":"https:\/\/crochetts.com\/fr\/tienda\/poupee-ecureuil-en-tissu\/","title":{"rendered":"POUP\u00c9E \u00c9CUREUIL EN TISSU"},"content":{"rendered":"<div style=\"text-align: justify;\">\n<div style=\"text-align: justify;\"><\/div>\n<p>&nbsp;<\/p>\n<\/div>\n<p>&nbsp;<\/p>\n<p>&nbsp;<\/p>\n<p>&nbsp;<\/p>\n","protected":false},"excerpt":{"rendered":"<p data-start=\"158\" data-end=\"355\">Notre charmant <strong data-start=\"178\" data-end=\"202\">\u00e9cureuil en peluche<\/strong> est fabriqu\u00e9 dans un <strong data-start=\"229\" data-end=\"263\">tissu velout\u00e9 ultra-doux<\/strong>, parfait pour accompagner les petits dans leurs moments de jeu, de repos et de tendresse.<\/p>\n<p data-start=\"357\" data-end=\"640\">Son <strong data-start=\"360\" data-end=\"390\">design d\u00e9licat et accueillant<\/strong>, dans des tons chauds de brun et de cr\u00e8me, \u00e9voque le calme et la douceur. Son <strong data-start=\"476\" data-end=\"496\">expression douce<\/strong>, sa <strong data-start=\"501\" data-end=\"526\">texture velout\u00e9e<\/strong> et sa <strong data-start=\"532\" data-end=\"552\">queue duveteuse<\/strong> en font un compagnon irr\u00e9sistible \u00e0 c\u00e2liner et avec qui partager des aventures tous les jours.<\/p>\n<p>Un d\u00e9tail qui fait de cette poup\u00e9e un cadeau original et \u00e9motionnellement unique, id\u00e9al pour les <strong data-start=\"2026\" data-end=\"2085\">cadeaux de naissance, d&rsquo;anniversaire ou de No\u00ebl !<\/strong> <\/p>\n<p>&nbsp;<\/p>\n<p>&nbsp;<\/p>\n<p>&nbsp;<\/p>\n","protected":false},"featured_media":22474,"template":"","meta":{"_acf_changed":false,"_joinchat":[]},"product_brand":[],"product_cat":[5420],"product_tag":[5422,5380,5421,5425,5438,5424,5441,5423,5426,5640,5434,5442,5427],"class_list":{"0":"post-22462","1":"product","2":"type-product","3":"status-publish","4":"has-post-thumbnail","6":"product_cat-dolls-en-linge","7":"product_tag-decokids","8":"product_tag-decoration","9":"product_tag-nounours","10":"product_tag-poupee-animal","11":"product_tag-poupee-animal-de-la-foret","12":"product_tag-poupee-douce","13":"product_tag-poupee-ecureuil","14":"product_tag-poupee-en-peluche","15":"product_tag-poupee-en-tissu","16":"product_tag-poupee-en-tissu-3","17":"product_tag-poupee-en-tissu-2","18":"product_tag-poupees-animales-en-tissu","19":"product_tag-stoffpuppe","20":"entry","22":"first","23":"instock","24":"featured","25":"taxable","26":"shipping-taxable","27":"purchasable","28":"product-type-simple"},"acf":[],"yoast_head":"<!-- This site is optimized with the Yoast SEO Premium plugin v26.1 (Yoast SEO v27.3) - https:\/\/yoast.com\/product\/yoast-seo-premium-wordpress\/ -->\n<title>- POUP\u00c9E \u00c9CUREUIL EN TISSU - Crochetts% Crochetts%%.<\/title>\n<meta name=\"description\" content=\"Notre poup\u00e9e \u00e9cureuil en tissu est fabriqu\u00e9e dans un tissu extra doux et tr\u00e8s agr\u00e9able au toucher. L&#039;adorable design de l&#039;\u00e9cureuil en fera le meilleur compagnon de voyage de votre enfant.\" \/>\n<meta name=\"robots\" content=\"index, follow, max-snippet:-1, max-image-preview:large, max-video-preview:-1\" \/>\n<link rel=\"canonical\" href=\"https:\/\/crochetts.com\/fr\/tienda\/poupee-ecureuil-en-tissu\/\" \/>\n<meta property=\"og:locale\" content=\"fr_FR\" \/>\n<meta property=\"og:type\" content=\"article\" \/>\n<meta property=\"og:title\" content=\"POUP\u00c9E \u00c9CUREUIL EN TISSU\" \/>\n<meta property=\"og:description\" content=\"Notre charmant \u00e9cureuil en peluche est fabriqu\u00e9 dans un tissu velout\u00e9 ultra-doux, parfait pour accompagner les petits dans leurs moments de jeu, de repos et de tendresse. Son design d\u00e9licat et accueillant, dans des tons chauds de brun et de cr\u00e8me, \u00e9voque le calme et la douceur. Son expression douce, sa texture velout\u00e9e et sa queue duveteuse en font un compagnon irr\u00e9sistible \u00e0 c\u00e2liner et avec qui partager des aventures tous les jours. Un d\u00e9tail qui fait de cette poup\u00e9e un cadeau original et \u00e9motionnellement unique, id\u00e9al pour les cadeaux de naissance, d&#039;anniversaire ou de No\u00ebl !  &nbsp; &nbsp; &nbsp;\" \/>\n<meta property=\"og:url\" content=\"https:\/\/crochetts.com\/fr\/tienda\/poupee-ecureuil-en-tissu\/\" \/>\n<meta property=\"og:site_name\" content=\"Crochetts\" \/>\n<meta property=\"article:publisher\" content=\"https:\/\/www.facebook.com\/Crochetts-101964178013493\" \/>\n<meta property=\"article:modified_time\" content=\"2025-11-28T07:05:04+00:00\" \/>\n<meta property=\"og:image\" content=\"https:\/\/crochetts.com\/wp-content\/uploads\/2025\/11\/4075-10.jpg\" \/>\n\t<meta property=\"og:image:width\" content=\"800\" \/>\n\t<meta property=\"og:image:height\" content=\"1202\" \/>\n\t<meta property=\"og:image:type\" content=\"image\/jpeg\" \/>\n<meta name=\"twitter:card\" content=\"summary_large_image\" \/>\n<meta name=\"twitter:label1\" content=\"Prix\" \/>\n\t<meta name=\"twitter:data1\" content=\"42,89&nbsp;&euro;\" \/>\n\t<meta name=\"twitter:label2\" content=\"Disponibilit\u00e9\" \/>\n\t<meta name=\"twitter:data2\" content=\"En stock\" \/>\n<script type=\"application\/ld+json\" class=\"yoast-schema-graph\">{\"@context\":\"https:\\\/\\\/schema.org\",\"@graph\":[{\"@type\":\"WebPage\",\"@id\":\"https:\\\/\\\/crochetts.com\\\/fr\\\/tienda\\\/poupee-ecureuil-en-tissu\\\/\",\"url\":\"https:\\\/\\\/crochetts.com\\\/fr\\\/tienda\\\/poupee-ecureuil-en-tissu\\\/\",\"name\":\"- POUP\u00c9E \u00c9CUREUIL EN TISSU - Crochetts% Crochetts%%.\",\"isPartOf\":{\"@id\":\"https:\\\/\\\/crochetts.com\\\/fr\\\/#website\"},\"primaryImageOfPage\":{\"@id\":\"https:\\\/\\\/crochetts.com\\\/fr\\\/tienda\\\/poupee-ecureuil-en-tissu\\\/#primaryimage\"},\"image\":{\"@id\":\"https:\\\/\\\/crochetts.com\\\/fr\\\/tienda\\\/poupee-ecureuil-en-tissu\\\/#primaryimage\"},\"thumbnailUrl\":\"https:\\\/\\\/crochetts.com\\\/wp-content\\\/uploads\\\/2025\\\/11\\\/4075-10.jpg\",\"datePublished\":\"2025-11-06T10:35:42+00:00\",\"dateModified\":\"2025-11-28T07:05:04+00:00\",\"description\":\"Notre poup\u00e9e \u00e9cureuil en tissu est fabriqu\u00e9e dans un tissu extra doux et tr\u00e8s agr\u00e9able au toucher. L'adorable design de l'\u00e9cureuil en fera le meilleur compagnon de voyage de votre enfant.\",\"breadcrumb\":{\"@id\":\"https:\\\/\\\/crochetts.com\\\/fr\\\/tienda\\\/poupee-ecureuil-en-tissu\\\/#breadcrumb\"},\"inLanguage\":\"fr-FR\",\"potentialAction\":[{\"@type\":\"ReadAction\",\"target\":[\"https:\\\/\\\/crochetts.com\\\/fr\\\/tienda\\\/poupee-ecureuil-en-tissu\\\/\"]}]},{\"@type\":\"ImageObject\",\"inLanguage\":\"fr-FR\",\"@id\":\"https:\\\/\\\/crochetts.com\\\/fr\\\/tienda\\\/poupee-ecureuil-en-tissu\\\/#primaryimage\",\"url\":\"https:\\\/\\\/crochetts.com\\\/wp-content\\\/uploads\\\/2025\\\/11\\\/4075-10.jpg\",\"contentUrl\":\"https:\\\/\\\/crochetts.com\\\/wp-content\\\/uploads\\\/2025\\\/11\\\/4075-10.jpg\",\"width\":800,\"height\":1202,\"caption\":\"poup\u00e9e de chiffon en tissu \u00e9cureuil\"},{\"@type\":\"BreadcrumbList\",\"@id\":\"https:\\\/\\\/crochetts.com\\\/fr\\\/tienda\\\/poupee-ecureuil-en-tissu\\\/#breadcrumb\",\"itemListElement\":[{\"@type\":\"ListItem\",\"position\":1,\"name\":\"Portada\",\"item\":\"https:\\\/\\\/crochetts.com\\\/fr\\\/accueil\\\/\"},{\"@type\":\"ListItem\",\"position\":2,\"name\":\"Boutique\",\"item\":\"https:\\\/\\\/crochetts.fr\\\/boutique\\\/\"},{\"@type\":\"ListItem\",\"position\":3,\"name\":\"POUP\u00c9E \u00c9CUREUIL EN TISSU\"}]},{\"@type\":\"WebSite\",\"@id\":\"https:\\\/\\\/crochetts.com\\\/fr\\\/#website\",\"url\":\"https:\\\/\\\/crochetts.com\\\/fr\\\/\",\"name\":\"Crochetts\",\"description\":\"ANIMALES DE CROCHET PARA JUGAR,DECORAR Y SO\u00d1AR\",\"publisher\":{\"@id\":\"https:\\\/\\\/crochetts.com\\\/fr\\\/#organization\"},\"potentialAction\":[{\"@type\":\"SearchAction\",\"target\":{\"@type\":\"EntryPoint\",\"urlTemplate\":\"https:\\\/\\\/crochetts.com\\\/fr\\\/?s={search_term_string}\"},\"query-input\":{\"@type\":\"PropertyValueSpecification\",\"valueRequired\":true,\"valueName\":\"search_term_string\"}}],\"inLanguage\":\"fr-FR\"},{\"@type\":\"Organization\",\"@id\":\"https:\\\/\\\/crochetts.com\\\/fr\\\/#organization\",\"name\":\"Crochets\",\"url\":\"https:\\\/\\\/crochetts.com\\\/fr\\\/\",\"logo\":{\"@type\":\"ImageObject\",\"inLanguage\":\"fr-FR\",\"@id\":\"https:\\\/\\\/crochetts.com\\\/fr\\\/#\\\/schema\\\/logo\\\/image\\\/\",\"url\":\"https:\\\/\\\/i2.wp.com\\\/crochetts.com\\\/wp-content\\\/uploads\\\/2021\\\/01\\\/Logo-Crochetts.jpg?fit=300%2C137&ssl=1\",\"contentUrl\":\"https:\\\/\\\/i2.wp.com\\\/crochetts.com\\\/wp-content\\\/uploads\\\/2021\\\/01\\\/Logo-Crochetts.jpg?fit=300%2C137&ssl=1\",\"width\":300,\"height\":137,\"caption\":\"Crochets\"},\"image\":{\"@id\":\"https:\\\/\\\/crochetts.com\\\/fr\\\/#\\\/schema\\\/logo\\\/image\\\/\"},\"sameAs\":[\"https:\\\/\\\/www.facebook.com\\\/Crochetts-101964178013493\",\"https:\\\/\\\/www.instagram.com\\\/crochetts_\\\/\"]}]}<\/script>\n<meta property=\"product:price:amount\" content=\"42.89\" \/>\n<meta property=\"product:price:currency\" content=\"EUR\" \/>\n<meta property=\"og:availability\" content=\"instock\" \/>\n<meta property=\"product:availability\" content=\"instock\" \/>\n<meta property=\"product:retailer_item_id\" content=\"4075\" \/>\n<meta property=\"product:condition\" content=\"new\" \/>\n<!-- \/ Yoast SEO Premium plugin. -->","yoast_head_json":{"title":"- POUP\u00c9E \u00c9CUREUIL EN TISSU - Crochetts% Crochetts%%.","description":"Notre poup\u00e9e \u00e9cureuil en tissu est fabriqu\u00e9e dans un tissu extra doux et tr\u00e8s agr\u00e9able au toucher. L'adorable design de l'\u00e9cureuil en fera le meilleur compagnon de voyage de votre enfant.","robots":{"index":"index","follow":"follow","max-snippet":"max-snippet:-1","max-image-preview":"max-image-preview:large","max-video-preview":"max-video-preview:-1"},"canonical":"https:\/\/crochetts.com\/fr\/tienda\/poupee-ecureuil-en-tissu\/","og_locale":"fr_FR","og_type":"article","og_title":"POUP\u00c9E \u00c9CUREUIL EN TISSU","og_description":"Notre charmant \u00e9cureuil en peluche est fabriqu\u00e9 dans un tissu velout\u00e9 ultra-doux, parfait pour accompagner les petits dans leurs moments de jeu, de repos et de tendresse. Son design d\u00e9licat et accueillant, dans des tons chauds de brun et de cr\u00e8me, \u00e9voque le calme et la douceur. Son expression douce, sa texture velout\u00e9e et sa queue duveteuse en font un compagnon irr\u00e9sistible \u00e0 c\u00e2liner et avec qui partager des aventures tous les jours. Un d\u00e9tail qui fait de cette poup\u00e9e un cadeau original et \u00e9motionnellement unique, id\u00e9al pour les cadeaux de naissance, d'anniversaire ou de No\u00ebl !  &nbsp; &nbsp; &nbsp;","og_url":"https:\/\/crochetts.com\/fr\/tienda\/poupee-ecureuil-en-tissu\/","og_site_name":"Crochetts","article_publisher":"https:\/\/www.facebook.com\/Crochetts-101964178013493","article_modified_time":"2025-11-28T07:05:04+00:00","og_image":[{"width":800,"height":1202,"url":"https:\/\/crochetts.com\/wp-content\/uploads\/2025\/11\/4075-10.jpg","type":"image\/jpeg"}],"twitter_card":"summary_large_image","twitter_misc":{"Prix":"42,89&nbsp;&euro;","Disponibilit\u00e9":"En stock"},"schema":{"@context":"https:\/\/schema.org","@graph":[{"@type":"WebPage","@id":"https:\/\/crochetts.com\/fr\/tienda\/poupee-ecureuil-en-tissu\/","url":"https:\/\/crochetts.com\/fr\/tienda\/poupee-ecureuil-en-tissu\/","name":"- POUP\u00c9E \u00c9CUREUIL EN TISSU - Crochetts% Crochetts%%.","isPartOf":{"@id":"https:\/\/crochetts.com\/fr\/#website"},"primaryImageOfPage":{"@id":"https:\/\/crochetts.com\/fr\/tienda\/poupee-ecureuil-en-tissu\/#primaryimage"},"image":{"@id":"https:\/\/crochetts.com\/fr\/tienda\/poupee-ecureuil-en-tissu\/#primaryimage"},"thumbnailUrl":"https:\/\/crochetts.com\/wp-content\/uploads\/2025\/11\/4075-10.jpg","datePublished":"2025-11-06T10:35:42+00:00","dateModified":"2025-11-28T07:05:04+00:00","description":"Notre poup\u00e9e \u00e9cureuil en tissu est fabriqu\u00e9e dans un tissu extra doux et tr\u00e8s agr\u00e9able au toucher. L'adorable design de l'\u00e9cureuil en fera le meilleur compagnon de voyage de votre enfant.","breadcrumb":{"@id":"https:\/\/crochetts.com\/fr\/tienda\/poupee-ecureuil-en-tissu\/#breadcrumb"},"inLanguage":"fr-FR","potentialAction":[{"@type":"ReadAction","target":["https:\/\/crochetts.com\/fr\/tienda\/poupee-ecureuil-en-tissu\/"]}]},{"@type":"ImageObject","inLanguage":"fr-FR","@id":"https:\/\/crochetts.com\/fr\/tienda\/poupee-ecureuil-en-tissu\/#primaryimage","url":"https:\/\/crochetts.com\/wp-content\/uploads\/2025\/11\/4075-10.jpg","contentUrl":"https:\/\/crochetts.com\/wp-content\/uploads\/2025\/11\/4075-10.jpg","width":800,"height":1202,"caption":"poup\u00e9e de chiffon en tissu \u00e9cureuil"},{"@type":"BreadcrumbList","@id":"https:\/\/crochetts.com\/fr\/tienda\/poupee-ecureuil-en-tissu\/#breadcrumb","itemListElement":[{"@type":"ListItem","position":1,"name":"Portada","item":"https:\/\/crochetts.com\/fr\/accueil\/"},{"@type":"ListItem","position":2,"name":"Boutique","item":"https:\/\/crochetts.fr\/boutique\/"},{"@type":"ListItem","position":3,"name":"POUP\u00c9E \u00c9CUREUIL EN TISSU"}]},{"@type":"WebSite","@id":"https:\/\/crochetts.com\/fr\/#website","url":"https:\/\/crochetts.com\/fr\/","name":"Crochetts","description":"ANIMALES DE CROCHET PARA JUGAR,DECORAR Y SO\u00d1AR","publisher":{"@id":"https:\/\/crochetts.com\/fr\/#organization"},"potentialAction":[{"@type":"SearchAction","target":{"@type":"EntryPoint","urlTemplate":"https:\/\/crochetts.com\/fr\/?s={search_term_string}"},"query-input":{"@type":"PropertyValueSpecification","valueRequired":true,"valueName":"search_term_string"}}],"inLanguage":"fr-FR"},{"@type":"Organization","@id":"https:\/\/crochetts.com\/fr\/#organization","name":"Crochets","url":"https:\/\/crochetts.com\/fr\/","logo":{"@type":"ImageObject","inLanguage":"fr-FR","@id":"https:\/\/crochetts.com\/fr\/#\/schema\/logo\/image\/","url":"https:\/\/i2.wp.com\/crochetts.com\/wp-content\/uploads\/2021\/01\/Logo-Crochetts.jpg?fit=300%2C137&ssl=1","contentUrl":"https:\/\/i2.wp.com\/crochetts.com\/wp-content\/uploads\/2021\/01\/Logo-Crochetts.jpg?fit=300%2C137&ssl=1","width":300,"height":137,"caption":"Crochets"},"image":{"@id":"https:\/\/crochetts.com\/fr\/#\/schema\/logo\/image\/"},"sameAs":["https:\/\/www.facebook.com\/Crochetts-101964178013493","https:\/\/www.instagram.com\/crochetts_\/"]}]},"product_price_amount":"42.89","product_price_currency":"EUR","og_availability":"instock","product_availability":"instock","product_retailer_item_id":"4075","product_condition":"new"},"_links":{"self":[{"href":"https:\/\/crochetts.com\/fr\/wp-json\/wp\/v2\/product\/22462","targetHints":{"allow":["GET"]}}],"collection":[{"href":"https:\/\/crochetts.com\/fr\/wp-json\/wp\/v2\/product"}],"about":[{"href":"https:\/\/crochetts.com\/fr\/wp-json\/wp\/v2\/types\/product"}],"wp:featuredmedia":[{"embeddable":true,"href":"https:\/\/crochetts.com\/fr\/wp-json\/wp\/v2\/media\/22474"}],"wp:attachment":[{"href":"https:\/\/crochetts.com\/fr\/wp-json\/wp\/v2\/media?parent=22462"}],"wp:term":[{"taxonomy":"product_brand","embeddable":true,"href":"https:\/\/crochetts.com\/fr\/wp-json\/wp\/v2\/product_brand?post=22462"},{"taxonomy":"product_cat","embeddable":true,"href":"https:\/\/crochetts.com\/fr\/wp-json\/wp\/v2\/product_cat?post=22462"},{"taxonomy":"product_tag","embeddable":true,"href":"https:\/\/crochetts.com\/fr\/wp-json\/wp\/v2\/product_tag?post=22462"}],"curies":[{"name":"wp","href":"https:\/\/api.w.org\/{rel}","templated":true}]}}