{"id":22429,"date":"2025-11-06T12:06:48","date_gmt":"2025-11-06T11:06:48","guid":{"rendered":"https:\/\/crochetts.com\/tienda\/poupee-en-tissu-raton-laveur\/"},"modified":"2025-11-28T08:05:06","modified_gmt":"2025-11-28T07:05:06","slug":"poupee-en-tissu-raton-laveur","status":"publish","type":"product","link":"https:\/\/crochetts.com\/fr\/tienda\/poupee-en-tissu-raton-laveur\/","title":{"rendered":"POUP\u00c9E EN TISSU RATON LAVEUR"},"content":{"rendered":"<div style=\"text-align: justify;\">\n<div style=\"text-align: justify;\"><\/div>\n<p>&nbsp;<\/p>\n<\/div>\n<p>&nbsp;<\/p>\n<p>&nbsp;<\/p>\n<p>&nbsp;<\/p>\n","protected":false},"excerpt":{"rendered":"<p data-start=\"142\" data-end=\"319\">Ce <strong data-start=\"154\" data-end=\"176\">raton laveur<\/strong> c\u00e2lin est fabriqu\u00e9 dans un <strong data-start=\"199\" data-end=\"228\">tissu doux et velout\u00e9<\/strong>, id\u00e9al pour accompagner les petits dans leurs moments de repos, de jeu et d&rsquo;aventure.<\/p>\n<p data-start=\"321\" data-end=\"477\">Son <strong data-start=\"324\" data-end=\"342\">design moderne<\/strong> combine des tons gris, noirs et blancs, avec d&rsquo;amusants <strong data-start=\"410\" data-end=\"428\">bras ray\u00e9s<\/strong> qui lui conf\u00e8rent une touche originale et charmante.<\/p>\n<p data-start=\"479\" data-end=\"673\">Avec sa <strong data-start=\"486\" data-end=\"511\">texture velout\u00e9e<\/strong> et son <strong data-start=\"517\" data-end=\"537\">aspect sympathique<\/strong>, il est le compagnon id\u00e9al des petits explorateurs et de ceux qui aiment les peluches uniques et pleines de personnalit\u00e9.<\/p>\n<p>Un d\u00e9tail qui fait de cette poup\u00e9e un cadeau original et \u00e9motionnellement unique, id\u00e9al pour les <strong data-start=\"2026\" data-end=\"2085\">cadeaux de naissance, d&rsquo;anniversaire ou de No\u00ebl !<\/strong> <\/p>\n<p>&nbsp;<\/p>\n<p>&nbsp;<\/p>\n<p>&nbsp;<\/p>\n","protected":false},"featured_media":22437,"template":"","meta":{"_acf_changed":false,"_joinchat":[]},"product_brand":[],"product_cat":[5420],"product_tag":[5422,5380,5421,4793,5440,5425,5438,5435,5439,5424,5423,6135,5426,5434,5640,5427],"class_list":{"0":"post-22429","1":"product","2":"type-product","3":"status-publish","4":"has-post-thumbnail","6":"product_cat-dolls-en-linge","7":"product_tag-decokids","8":"product_tag-decoration","9":"product_tag-nounours","10":"product_tag-ours-en-peluche","11":"product_tag-peluche","12":"product_tag-poupee-animal","13":"product_tag-poupee-animal-de-la-foret","14":"product_tag-poupee-chaton","15":"product_tag-poupee-de-chiffon","16":"product_tag-poupee-douce","17":"product_tag-poupee-en-peluche","18":"product_tag-poupee-en-tissu-4","19":"product_tag-poupee-en-tissu","20":"product_tag-poupee-en-tissu-2","21":"product_tag-poupee-en-tissu-3","22":"product_tag-stoffpuppe","23":"entry","25":"first","26":"instock","27":"featured","28":"taxable","29":"shipping-taxable","30":"purchasable","31":"product-type-simple"},"acf":[],"yoast_head":"<!-- This site is optimized with the Yoast SEO Premium plugin v26.1 (Yoast SEO v27.3) - https:\/\/yoast.com\/product\/yoast-seo-premium-wordpress\/ -->\n<title>- POUP\u00c9E EN TISSU RATON LAVEUR - Crochetts% Crochetts%%.<\/title>\n<meta name=\"description\" content=\"Notre peluche raton laveur est fabriqu\u00e9e dans un tissu extra doux et tr\u00e8s agr\u00e9able au toucher. Son mignon design de raton laveur en fera la poup\u00e9e ins\u00e9parable de votre enfant et son meilleur compagnon de voyage.\" \/>\n<meta name=\"robots\" content=\"index, follow, max-snippet:-1, max-image-preview:large, max-video-preview:-1\" \/>\n<link rel=\"canonical\" href=\"https:\/\/crochetts.com\/fr\/tienda\/poupee-en-tissu-raton-laveur\/\" \/>\n<meta property=\"og:locale\" content=\"fr_FR\" \/>\n<meta property=\"og:type\" content=\"article\" \/>\n<meta property=\"og:title\" content=\"POUP\u00c9E EN TISSU RATON LAVEUR\" \/>\n<meta property=\"og:description\" content=\"Ce raton laveur c\u00e2lin est fabriqu\u00e9 dans un tissu doux et velout\u00e9, id\u00e9al pour accompagner les petits dans leurs moments de repos, de jeu et d&#039;aventure. Son design moderne combine des tons gris, noirs et blancs, avec d&#039;amusants bras ray\u00e9s qui lui conf\u00e8rent une touche originale et charmante. Avec sa texture velout\u00e9e et son aspect sympathique, il est le compagnon id\u00e9al des petits explorateurs et de ceux qui aiment les peluches uniques et pleines de personnalit\u00e9. Un d\u00e9tail qui fait de cette poup\u00e9e un cadeau original et \u00e9motionnellement unique, id\u00e9al pour les cadeaux de naissance, d&#039;anniversaire ou de No\u00ebl !  &nbsp; &nbsp; &nbsp;\" \/>\n<meta property=\"og:url\" content=\"https:\/\/crochetts.com\/fr\/tienda\/poupee-en-tissu-raton-laveur\/\" \/>\n<meta property=\"og:site_name\" content=\"Crochetts\" \/>\n<meta property=\"article:publisher\" content=\"https:\/\/www.facebook.com\/Crochetts-101964178013493\" \/>\n<meta property=\"article:modified_time\" content=\"2025-11-28T07:05:06+00:00\" \/>\n<meta property=\"og:image\" content=\"https:\/\/crochetts.com\/wp-content\/uploads\/2025\/11\/4076-2.jpg\" \/>\n\t<meta property=\"og:image:width\" content=\"800\" \/>\n\t<meta property=\"og:image:height\" content=\"1202\" \/>\n\t<meta property=\"og:image:type\" content=\"image\/jpeg\" \/>\n<meta name=\"twitter:card\" content=\"summary_large_image\" \/>\n<meta name=\"twitter:label1\" content=\"Prix\" \/>\n\t<meta name=\"twitter:data1\" content=\"42,89&nbsp;&euro;\" \/>\n\t<meta name=\"twitter:label2\" content=\"Disponibilit\u00e9\" \/>\n\t<meta name=\"twitter:data2\" content=\"En stock\" \/>\n<script type=\"application\/ld+json\" class=\"yoast-schema-graph\">{\"@context\":\"https:\\\/\\\/schema.org\",\"@graph\":[{\"@type\":\"WebPage\",\"@id\":\"https:\\\/\\\/crochetts.com\\\/fr\\\/tienda\\\/poupee-en-tissu-raton-laveur\\\/\",\"url\":\"https:\\\/\\\/crochetts.com\\\/fr\\\/tienda\\\/poupee-en-tissu-raton-laveur\\\/\",\"name\":\"- POUP\u00c9E EN TISSU RATON LAVEUR - Crochetts% Crochetts%%.\",\"isPartOf\":{\"@id\":\"https:\\\/\\\/crochetts.com\\\/fr\\\/#website\"},\"primaryImageOfPage\":{\"@id\":\"https:\\\/\\\/crochetts.com\\\/fr\\\/tienda\\\/poupee-en-tissu-raton-laveur\\\/#primaryimage\"},\"image\":{\"@id\":\"https:\\\/\\\/crochetts.com\\\/fr\\\/tienda\\\/poupee-en-tissu-raton-laveur\\\/#primaryimage\"},\"thumbnailUrl\":\"https:\\\/\\\/crochetts.com\\\/wp-content\\\/uploads\\\/2025\\\/11\\\/4076-2.jpg\",\"datePublished\":\"2025-11-06T11:06:48+00:00\",\"dateModified\":\"2025-11-28T07:05:06+00:00\",\"description\":\"Notre peluche raton laveur est fabriqu\u00e9e dans un tissu extra doux et tr\u00e8s agr\u00e9able au toucher. Son mignon design de raton laveur en fera la poup\u00e9e ins\u00e9parable de votre enfant et son meilleur compagnon de voyage.\",\"breadcrumb\":{\"@id\":\"https:\\\/\\\/crochetts.com\\\/fr\\\/tienda\\\/poupee-en-tissu-raton-laveur\\\/#breadcrumb\"},\"inLanguage\":\"fr-FR\",\"potentialAction\":[{\"@type\":\"ReadAction\",\"target\":[\"https:\\\/\\\/crochetts.com\\\/fr\\\/tienda\\\/poupee-en-tissu-raton-laveur\\\/\"]}]},{\"@type\":\"ImageObject\",\"inLanguage\":\"fr-FR\",\"@id\":\"https:\\\/\\\/crochetts.com\\\/fr\\\/tienda\\\/poupee-en-tissu-raton-laveur\\\/#primaryimage\",\"url\":\"https:\\\/\\\/crochetts.com\\\/wp-content\\\/uploads\\\/2025\\\/11\\\/4076-2.jpg\",\"contentUrl\":\"https:\\\/\\\/crochetts.com\\\/wp-content\\\/uploads\\\/2025\\\/11\\\/4076-2.jpg\",\"width\":800,\"height\":1202,\"caption\":\"poup\u00e9e en tissu animalier\"},{\"@type\":\"BreadcrumbList\",\"@id\":\"https:\\\/\\\/crochetts.com\\\/fr\\\/tienda\\\/poupee-en-tissu-raton-laveur\\\/#breadcrumb\",\"itemListElement\":[{\"@type\":\"ListItem\",\"position\":1,\"name\":\"Portada\",\"item\":\"https:\\\/\\\/crochetts.com\\\/fr\\\/accueil\\\/\"},{\"@type\":\"ListItem\",\"position\":2,\"name\":\"Boutique\",\"item\":\"https:\\\/\\\/crochetts.fr\\\/boutique\\\/\"},{\"@type\":\"ListItem\",\"position\":3,\"name\":\"POUP\u00c9E EN TISSU RATON LAVEUR\"}]},{\"@type\":\"WebSite\",\"@id\":\"https:\\\/\\\/crochetts.com\\\/fr\\\/#website\",\"url\":\"https:\\\/\\\/crochetts.com\\\/fr\\\/\",\"name\":\"Crochetts\",\"description\":\"ANIMALES DE CROCHET PARA JUGAR,DECORAR Y SO\u00d1AR\",\"publisher\":{\"@id\":\"https:\\\/\\\/crochetts.com\\\/fr\\\/#organization\"},\"potentialAction\":[{\"@type\":\"SearchAction\",\"target\":{\"@type\":\"EntryPoint\",\"urlTemplate\":\"https:\\\/\\\/crochetts.com\\\/fr\\\/?s={search_term_string}\"},\"query-input\":{\"@type\":\"PropertyValueSpecification\",\"valueRequired\":true,\"valueName\":\"search_term_string\"}}],\"inLanguage\":\"fr-FR\"},{\"@type\":\"Organization\",\"@id\":\"https:\\\/\\\/crochetts.com\\\/fr\\\/#organization\",\"name\":\"Crochets\",\"url\":\"https:\\\/\\\/crochetts.com\\\/fr\\\/\",\"logo\":{\"@type\":\"ImageObject\",\"inLanguage\":\"fr-FR\",\"@id\":\"https:\\\/\\\/crochetts.com\\\/fr\\\/#\\\/schema\\\/logo\\\/image\\\/\",\"url\":\"https:\\\/\\\/i2.wp.com\\\/crochetts.com\\\/wp-content\\\/uploads\\\/2021\\\/01\\\/Logo-Crochetts.jpg?fit=300%2C137&ssl=1\",\"contentUrl\":\"https:\\\/\\\/i2.wp.com\\\/crochetts.com\\\/wp-content\\\/uploads\\\/2021\\\/01\\\/Logo-Crochetts.jpg?fit=300%2C137&ssl=1\",\"width\":300,\"height\":137,\"caption\":\"Crochets\"},\"image\":{\"@id\":\"https:\\\/\\\/crochetts.com\\\/fr\\\/#\\\/schema\\\/logo\\\/image\\\/\"},\"sameAs\":[\"https:\\\/\\\/www.facebook.com\\\/Crochetts-101964178013493\",\"https:\\\/\\\/www.instagram.com\\\/crochetts_\\\/\"]}]}<\/script>\n<meta property=\"product:price:amount\" content=\"42.89\" \/>\n<meta property=\"product:price:currency\" content=\"EUR\" \/>\n<meta property=\"og:availability\" content=\"instock\" \/>\n<meta property=\"product:availability\" content=\"instock\" \/>\n<meta property=\"product:retailer_item_id\" content=\"4076\" \/>\n<meta property=\"product:condition\" content=\"new\" \/>\n<!-- \/ Yoast SEO Premium plugin. -->","yoast_head_json":{"title":"- POUP\u00c9E EN TISSU RATON LAVEUR - Crochetts% Crochetts%%.","description":"Notre peluche raton laveur est fabriqu\u00e9e dans un tissu extra doux et tr\u00e8s agr\u00e9able au toucher. Son mignon design de raton laveur en fera la poup\u00e9e ins\u00e9parable de votre enfant et son meilleur compagnon de voyage.","robots":{"index":"index","follow":"follow","max-snippet":"max-snippet:-1","max-image-preview":"max-image-preview:large","max-video-preview":"max-video-preview:-1"},"canonical":"https:\/\/crochetts.com\/fr\/tienda\/poupee-en-tissu-raton-laveur\/","og_locale":"fr_FR","og_type":"article","og_title":"POUP\u00c9E EN TISSU RATON LAVEUR","og_description":"Ce raton laveur c\u00e2lin est fabriqu\u00e9 dans un tissu doux et velout\u00e9, id\u00e9al pour accompagner les petits dans leurs moments de repos, de jeu et d'aventure. Son design moderne combine des tons gris, noirs et blancs, avec d'amusants bras ray\u00e9s qui lui conf\u00e8rent une touche originale et charmante. Avec sa texture velout\u00e9e et son aspect sympathique, il est le compagnon id\u00e9al des petits explorateurs et de ceux qui aiment les peluches uniques et pleines de personnalit\u00e9. Un d\u00e9tail qui fait de cette poup\u00e9e un cadeau original et \u00e9motionnellement unique, id\u00e9al pour les cadeaux de naissance, d'anniversaire ou de No\u00ebl !  &nbsp; &nbsp; &nbsp;","og_url":"https:\/\/crochetts.com\/fr\/tienda\/poupee-en-tissu-raton-laveur\/","og_site_name":"Crochetts","article_publisher":"https:\/\/www.facebook.com\/Crochetts-101964178013493","article_modified_time":"2025-11-28T07:05:06+00:00","og_image":[{"width":800,"height":1202,"url":"https:\/\/crochetts.com\/wp-content\/uploads\/2025\/11\/4076-2.jpg","type":"image\/jpeg"}],"twitter_card":"summary_large_image","twitter_misc":{"Prix":"42,89&nbsp;&euro;","Disponibilit\u00e9":"En stock"},"schema":{"@context":"https:\/\/schema.org","@graph":[{"@type":"WebPage","@id":"https:\/\/crochetts.com\/fr\/tienda\/poupee-en-tissu-raton-laveur\/","url":"https:\/\/crochetts.com\/fr\/tienda\/poupee-en-tissu-raton-laveur\/","name":"- POUP\u00c9E EN TISSU RATON LAVEUR - Crochetts% Crochetts%%.","isPartOf":{"@id":"https:\/\/crochetts.com\/fr\/#website"},"primaryImageOfPage":{"@id":"https:\/\/crochetts.com\/fr\/tienda\/poupee-en-tissu-raton-laveur\/#primaryimage"},"image":{"@id":"https:\/\/crochetts.com\/fr\/tienda\/poupee-en-tissu-raton-laveur\/#primaryimage"},"thumbnailUrl":"https:\/\/crochetts.com\/wp-content\/uploads\/2025\/11\/4076-2.jpg","datePublished":"2025-11-06T11:06:48+00:00","dateModified":"2025-11-28T07:05:06+00:00","description":"Notre peluche raton laveur est fabriqu\u00e9e dans un tissu extra doux et tr\u00e8s agr\u00e9able au toucher. Son mignon design de raton laveur en fera la poup\u00e9e ins\u00e9parable de votre enfant et son meilleur compagnon de voyage.","breadcrumb":{"@id":"https:\/\/crochetts.com\/fr\/tienda\/poupee-en-tissu-raton-laveur\/#breadcrumb"},"inLanguage":"fr-FR","potentialAction":[{"@type":"ReadAction","target":["https:\/\/crochetts.com\/fr\/tienda\/poupee-en-tissu-raton-laveur\/"]}]},{"@type":"ImageObject","inLanguage":"fr-FR","@id":"https:\/\/crochetts.com\/fr\/tienda\/poupee-en-tissu-raton-laveur\/#primaryimage","url":"https:\/\/crochetts.com\/wp-content\/uploads\/2025\/11\/4076-2.jpg","contentUrl":"https:\/\/crochetts.com\/wp-content\/uploads\/2025\/11\/4076-2.jpg","width":800,"height":1202,"caption":"poup\u00e9e en tissu animalier"},{"@type":"BreadcrumbList","@id":"https:\/\/crochetts.com\/fr\/tienda\/poupee-en-tissu-raton-laveur\/#breadcrumb","itemListElement":[{"@type":"ListItem","position":1,"name":"Portada","item":"https:\/\/crochetts.com\/fr\/accueil\/"},{"@type":"ListItem","position":2,"name":"Boutique","item":"https:\/\/crochetts.fr\/boutique\/"},{"@type":"ListItem","position":3,"name":"POUP\u00c9E EN TISSU RATON LAVEUR"}]},{"@type":"WebSite","@id":"https:\/\/crochetts.com\/fr\/#website","url":"https:\/\/crochetts.com\/fr\/","name":"Crochetts","description":"ANIMALES DE CROCHET PARA JUGAR,DECORAR Y SO\u00d1AR","publisher":{"@id":"https:\/\/crochetts.com\/fr\/#organization"},"potentialAction":[{"@type":"SearchAction","target":{"@type":"EntryPoint","urlTemplate":"https:\/\/crochetts.com\/fr\/?s={search_term_string}"},"query-input":{"@type":"PropertyValueSpecification","valueRequired":true,"valueName":"search_term_string"}}],"inLanguage":"fr-FR"},{"@type":"Organization","@id":"https:\/\/crochetts.com\/fr\/#organization","name":"Crochets","url":"https:\/\/crochetts.com\/fr\/","logo":{"@type":"ImageObject","inLanguage":"fr-FR","@id":"https:\/\/crochetts.com\/fr\/#\/schema\/logo\/image\/","url":"https:\/\/i2.wp.com\/crochetts.com\/wp-content\/uploads\/2021\/01\/Logo-Crochetts.jpg?fit=300%2C137&ssl=1","contentUrl":"https:\/\/i2.wp.com\/crochetts.com\/wp-content\/uploads\/2021\/01\/Logo-Crochetts.jpg?fit=300%2C137&ssl=1","width":300,"height":137,"caption":"Crochets"},"image":{"@id":"https:\/\/crochetts.com\/fr\/#\/schema\/logo\/image\/"},"sameAs":["https:\/\/www.facebook.com\/Crochetts-101964178013493","https:\/\/www.instagram.com\/crochetts_\/"]}]},"product_price_amount":"42.89","product_price_currency":"EUR","og_availability":"instock","product_availability":"instock","product_retailer_item_id":"4076","product_condition":"new"},"_links":{"self":[{"href":"https:\/\/crochetts.com\/fr\/wp-json\/wp\/v2\/product\/22429","targetHints":{"allow":["GET"]}}],"collection":[{"href":"https:\/\/crochetts.com\/fr\/wp-json\/wp\/v2\/product"}],"about":[{"href":"https:\/\/crochetts.com\/fr\/wp-json\/wp\/v2\/types\/product"}],"wp:featuredmedia":[{"embeddable":true,"href":"https:\/\/crochetts.com\/fr\/wp-json\/wp\/v2\/media\/22437"}],"wp:attachment":[{"href":"https:\/\/crochetts.com\/fr\/wp-json\/wp\/v2\/media?parent=22429"}],"wp:term":[{"taxonomy":"product_brand","embeddable":true,"href":"https:\/\/crochetts.com\/fr\/wp-json\/wp\/v2\/product_brand?post=22429"},{"taxonomy":"product_cat","embeddable":true,"href":"https:\/\/crochetts.com\/fr\/wp-json\/wp\/v2\/product_cat?post=22429"},{"taxonomy":"product_tag","embeddable":true,"href":"https:\/\/crochetts.com\/fr\/wp-json\/wp\/v2\/product_tag?post=22429"}],"curies":[{"name":"wp","href":"https:\/\/api.w.org\/{rel}","templated":true}]}}