{"id":22402,"date":"2025-11-06T12:28:35","date_gmt":"2025-11-06T11:28:35","guid":{"rendered":"https:\/\/crochetts.com\/tienda\/poupee-girafe-en-tissu\/"},"modified":"2025-11-28T08:03:08","modified_gmt":"2025-11-28T07:03:08","slug":"poupee-girafe-en-tissu","status":"publish","type":"product","link":"https:\/\/crochetts.com\/fr\/tienda\/poupee-girafe-en-tissu\/","title":{"rendered":"POUP\u00c9E GIRAFE EN TISSU"},"content":{"rendered":"<div style=\"text-align: justify;\">\n<div style=\"text-align: justify;\"><\/div>\n<p>&nbsp;<\/p>\n<\/div>\n<p>&nbsp;<\/p>\n<p>&nbsp;<\/p>\n<p>&nbsp;<\/p>\n","protected":false},"excerpt":{"rendered":"<p data-start=\"187\" data-end=\"368\">Cette adorable <strong data-start=\"201\" data-end=\"224\">girafe en peluche<\/strong> est fabriqu\u00e9e dans un tissu <strong data-start=\"251\" data-end=\"285\">velout\u00e9 ultra-doux<\/strong>, parfait pour accompagner les petits dans leurs moments de repos et de jeu.<\/p>\n<p data-start=\"370\" data-end=\"663\">Son design tendre et chaleureux combine des nuances de <strong data-start=\"410\" data-end=\"434\">jaune et d&rsquo;orange<\/strong>, avec un doux museau blanc et de petits d\u00e9tails brod\u00e9s qui lui conf\u00e8rent un charme particulier. Ses longues pattes et son <strong>\u00e9charpe d\u00e9corative<\/strong> lui conf\u00e8rent un style moderne et attachant, id\u00e9al pour les c\u00e2lins et la d\u00e9coration des chambres d&rsquo;enfants.<\/p>\n<p>Un d\u00e9tail qui fait de cette poup\u00e9e un cadeau original et \u00e9motionnellement unique, id\u00e9al pour les <strong data-start=\"2026\" data-end=\"2085\">cadeaux de naissance, d&rsquo;anniversaire ou de No\u00ebl !<\/strong> <\/p>\n<p>&nbsp;<\/p>\n<p>&nbsp;<\/p>\n<p>&nbsp;<\/p>\n","protected":false},"featured_media":22414,"template":"","meta":{"_acf_changed":false,"_joinchat":[]},"product_brand":[],"product_cat":[5420],"product_tag":[5422,5380,5421,5437,5425,5435,5424,5436,5423,5426,5640,5434,5427],"class_list":{"0":"post-22402","1":"product","2":"type-product","3":"status-publish","4":"has-post-thumbnail","6":"product_cat-dolls-en-linge","7":"product_tag-decokids","8":"product_tag-decoration","9":"product_tag-nounours","10":"product_tag-peluche-girafe-a-offrir-en-cadeau","11":"product_tag-poupee-animal","12":"product_tag-poupee-chaton","13":"product_tag-poupee-douce","14":"product_tag-poupee-douce-2","15":"product_tag-poupee-en-peluche","16":"product_tag-poupee-en-tissu","17":"product_tag-poupee-en-tissu-3","18":"product_tag-poupee-en-tissu-2","19":"product_tag-stoffpuppe","20":"entry","22":"first","23":"instock","24":"featured","25":"taxable","26":"shipping-taxable","27":"purchasable","28":"product-type-simple"},"acf":[],"yoast_head":"<!-- This site is optimized with the Yoast SEO Premium plugin v26.1 (Yoast SEO v27.3) - https:\/\/yoast.com\/product\/yoast-seo-premium-wordpress\/ -->\n<title>- POUP\u00c9E GIRAFE EN TISSU - Crochetts% Crochetts%%.<\/title>\n<meta name=\"description\" content=\"Notre poup\u00e9e girafe en tissu est fabriqu\u00e9e dans un tissu extra doux et tr\u00e8s agr\u00e9able au toucher. Son mignon design de girafe en fera la poup\u00e9e ins\u00e9parable de votre enfant et son meilleur compagnon de voyage.\" \/>\n<meta name=\"robots\" content=\"index, follow, max-snippet:-1, max-image-preview:large, max-video-preview:-1\" \/>\n<link rel=\"canonical\" href=\"https:\/\/crochetts.com\/fr\/tienda\/poupee-girafe-en-tissu\/\" \/>\n<meta property=\"og:locale\" content=\"fr_FR\" \/>\n<meta property=\"og:type\" content=\"article\" \/>\n<meta property=\"og:title\" content=\"POUP\u00c9E GIRAFE EN TISSU\" \/>\n<meta property=\"og:description\" content=\"Cette adorable girafe en peluche est fabriqu\u00e9e dans un tissu velout\u00e9 ultra-doux, parfait pour accompagner les petits dans leurs moments de repos et de jeu. Son design tendre et chaleureux combine des nuances de jaune et d&#039;orange, avec un doux museau blanc et de petits d\u00e9tails brod\u00e9s qui lui conf\u00e8rent un charme particulier. Ses longues pattes et son \u00e9charpe d\u00e9corative lui conf\u00e8rent un style moderne et attachant, id\u00e9al pour les c\u00e2lins et la d\u00e9coration des chambres d&#039;enfants. Un d\u00e9tail qui fait de cette poup\u00e9e un cadeau original et \u00e9motionnellement unique, id\u00e9al pour les cadeaux de naissance, d&#039;anniversaire ou de No\u00ebl !  &nbsp; &nbsp; &nbsp;\" \/>\n<meta property=\"og:url\" content=\"https:\/\/crochetts.com\/fr\/tienda\/poupee-girafe-en-tissu\/\" \/>\n<meta property=\"og:site_name\" content=\"Crochetts\" \/>\n<meta property=\"article:publisher\" content=\"https:\/\/www.facebook.com\/Crochetts-101964178013493\" \/>\n<meta property=\"article:modified_time\" content=\"2025-11-28T07:03:08+00:00\" \/>\n<meta property=\"og:image\" content=\"https:\/\/crochetts.com\/wp-content\/uploads\/2025\/11\/4077-1.jpg\" \/>\n\t<meta property=\"og:image:width\" content=\"800\" \/>\n\t<meta property=\"og:image:height\" content=\"1202\" \/>\n\t<meta property=\"og:image:type\" content=\"image\/jpeg\" \/>\n<meta name=\"twitter:card\" content=\"summary_large_image\" \/>\n<meta name=\"twitter:label1\" content=\"Prix\" \/>\n\t<meta name=\"twitter:data1\" content=\"42,89&nbsp;&euro;\" \/>\n\t<meta name=\"twitter:label2\" content=\"Disponibilit\u00e9\" \/>\n\t<meta name=\"twitter:data2\" content=\"En stock\" \/>\n<script type=\"application\/ld+json\" class=\"yoast-schema-graph\">{\"@context\":\"https:\\\/\\\/schema.org\",\"@graph\":[{\"@type\":\"WebPage\",\"@id\":\"https:\\\/\\\/crochetts.com\\\/fr\\\/tienda\\\/poupee-girafe-en-tissu\\\/\",\"url\":\"https:\\\/\\\/crochetts.com\\\/fr\\\/tienda\\\/poupee-girafe-en-tissu\\\/\",\"name\":\"- POUP\u00c9E GIRAFE EN TISSU - Crochetts% Crochetts%%.\",\"isPartOf\":{\"@id\":\"https:\\\/\\\/crochetts.com\\\/fr\\\/#website\"},\"primaryImageOfPage\":{\"@id\":\"https:\\\/\\\/crochetts.com\\\/fr\\\/tienda\\\/poupee-girafe-en-tissu\\\/#primaryimage\"},\"image\":{\"@id\":\"https:\\\/\\\/crochetts.com\\\/fr\\\/tienda\\\/poupee-girafe-en-tissu\\\/#primaryimage\"},\"thumbnailUrl\":\"https:\\\/\\\/crochetts.com\\\/wp-content\\\/uploads\\\/2025\\\/11\\\/4077-1.jpg\",\"datePublished\":\"2025-11-06T11:28:35+00:00\",\"dateModified\":\"2025-11-28T07:03:08+00:00\",\"description\":\"Notre poup\u00e9e girafe en tissu est fabriqu\u00e9e dans un tissu extra doux et tr\u00e8s agr\u00e9able au toucher. Son mignon design de girafe en fera la poup\u00e9e ins\u00e9parable de votre enfant et son meilleur compagnon de voyage.\",\"breadcrumb\":{\"@id\":\"https:\\\/\\\/crochetts.com\\\/fr\\\/tienda\\\/poupee-girafe-en-tissu\\\/#breadcrumb\"},\"inLanguage\":\"fr-FR\",\"potentialAction\":[{\"@type\":\"ReadAction\",\"target\":[\"https:\\\/\\\/crochetts.com\\\/fr\\\/tienda\\\/poupee-girafe-en-tissu\\\/\"]}]},{\"@type\":\"ImageObject\",\"inLanguage\":\"fr-FR\",\"@id\":\"https:\\\/\\\/crochetts.com\\\/fr\\\/tienda\\\/poupee-girafe-en-tissu\\\/#primaryimage\",\"url\":\"https:\\\/\\\/crochetts.com\\\/wp-content\\\/uploads\\\/2025\\\/11\\\/4077-1.jpg\",\"contentUrl\":\"https:\\\/\\\/crochetts.com\\\/wp-content\\\/uploads\\\/2025\\\/11\\\/4077-1.jpg\",\"width\":800,\"height\":1202,\"caption\":\"peluche girafe\"},{\"@type\":\"BreadcrumbList\",\"@id\":\"https:\\\/\\\/crochetts.com\\\/fr\\\/tienda\\\/poupee-girafe-en-tissu\\\/#breadcrumb\",\"itemListElement\":[{\"@type\":\"ListItem\",\"position\":1,\"name\":\"Portada\",\"item\":\"https:\\\/\\\/crochetts.com\\\/fr\\\/accueil\\\/\"},{\"@type\":\"ListItem\",\"position\":2,\"name\":\"Boutique\",\"item\":\"https:\\\/\\\/crochetts.fr\\\/boutique\\\/\"},{\"@type\":\"ListItem\",\"position\":3,\"name\":\"POUP\u00c9E GIRAFE EN TISSU\"}]},{\"@type\":\"WebSite\",\"@id\":\"https:\\\/\\\/crochetts.com\\\/fr\\\/#website\",\"url\":\"https:\\\/\\\/crochetts.com\\\/fr\\\/\",\"name\":\"Crochetts\",\"description\":\"ANIMALES DE CROCHET PARA JUGAR,DECORAR Y SO\u00d1AR\",\"publisher\":{\"@id\":\"https:\\\/\\\/crochetts.com\\\/fr\\\/#organization\"},\"potentialAction\":[{\"@type\":\"SearchAction\",\"target\":{\"@type\":\"EntryPoint\",\"urlTemplate\":\"https:\\\/\\\/crochetts.com\\\/fr\\\/?s={search_term_string}\"},\"query-input\":{\"@type\":\"PropertyValueSpecification\",\"valueRequired\":true,\"valueName\":\"search_term_string\"}}],\"inLanguage\":\"fr-FR\"},{\"@type\":\"Organization\",\"@id\":\"https:\\\/\\\/crochetts.com\\\/fr\\\/#organization\",\"name\":\"Crochets\",\"url\":\"https:\\\/\\\/crochetts.com\\\/fr\\\/\",\"logo\":{\"@type\":\"ImageObject\",\"inLanguage\":\"fr-FR\",\"@id\":\"https:\\\/\\\/crochetts.com\\\/fr\\\/#\\\/schema\\\/logo\\\/image\\\/\",\"url\":\"https:\\\/\\\/i2.wp.com\\\/crochetts.com\\\/wp-content\\\/uploads\\\/2021\\\/01\\\/Logo-Crochetts.jpg?fit=300%2C137&ssl=1\",\"contentUrl\":\"https:\\\/\\\/i2.wp.com\\\/crochetts.com\\\/wp-content\\\/uploads\\\/2021\\\/01\\\/Logo-Crochetts.jpg?fit=300%2C137&ssl=1\",\"width\":300,\"height\":137,\"caption\":\"Crochets\"},\"image\":{\"@id\":\"https:\\\/\\\/crochetts.com\\\/fr\\\/#\\\/schema\\\/logo\\\/image\\\/\"},\"sameAs\":[\"https:\\\/\\\/www.facebook.com\\\/Crochetts-101964178013493\",\"https:\\\/\\\/www.instagram.com\\\/crochetts_\\\/\"]}]}<\/script>\n<meta property=\"product:price:amount\" content=\"42.89\" \/>\n<meta property=\"product:price:currency\" content=\"EUR\" \/>\n<meta property=\"og:availability\" content=\"instock\" \/>\n<meta property=\"product:availability\" content=\"instock\" \/>\n<meta property=\"product:retailer_item_id\" content=\"4077\" \/>\n<meta property=\"product:condition\" content=\"new\" \/>\n<!-- \/ Yoast SEO Premium plugin. -->","yoast_head_json":{"title":"- POUP\u00c9E GIRAFE EN TISSU - Crochetts% Crochetts%%.","description":"Notre poup\u00e9e girafe en tissu est fabriqu\u00e9e dans un tissu extra doux et tr\u00e8s agr\u00e9able au toucher. Son mignon design de girafe en fera la poup\u00e9e ins\u00e9parable de votre enfant et son meilleur compagnon de voyage.","robots":{"index":"index","follow":"follow","max-snippet":"max-snippet:-1","max-image-preview":"max-image-preview:large","max-video-preview":"max-video-preview:-1"},"canonical":"https:\/\/crochetts.com\/fr\/tienda\/poupee-girafe-en-tissu\/","og_locale":"fr_FR","og_type":"article","og_title":"POUP\u00c9E GIRAFE EN TISSU","og_description":"Cette adorable girafe en peluche est fabriqu\u00e9e dans un tissu velout\u00e9 ultra-doux, parfait pour accompagner les petits dans leurs moments de repos et de jeu. Son design tendre et chaleureux combine des nuances de jaune et d'orange, avec un doux museau blanc et de petits d\u00e9tails brod\u00e9s qui lui conf\u00e8rent un charme particulier. Ses longues pattes et son \u00e9charpe d\u00e9corative lui conf\u00e8rent un style moderne et attachant, id\u00e9al pour les c\u00e2lins et la d\u00e9coration des chambres d'enfants. Un d\u00e9tail qui fait de cette poup\u00e9e un cadeau original et \u00e9motionnellement unique, id\u00e9al pour les cadeaux de naissance, d'anniversaire ou de No\u00ebl !  &nbsp; &nbsp; &nbsp;","og_url":"https:\/\/crochetts.com\/fr\/tienda\/poupee-girafe-en-tissu\/","og_site_name":"Crochetts","article_publisher":"https:\/\/www.facebook.com\/Crochetts-101964178013493","article_modified_time":"2025-11-28T07:03:08+00:00","og_image":[{"width":800,"height":1202,"url":"https:\/\/crochetts.com\/wp-content\/uploads\/2025\/11\/4077-1.jpg","type":"image\/jpeg"}],"twitter_card":"summary_large_image","twitter_misc":{"Prix":"42,89&nbsp;&euro;","Disponibilit\u00e9":"En stock"},"schema":{"@context":"https:\/\/schema.org","@graph":[{"@type":"WebPage","@id":"https:\/\/crochetts.com\/fr\/tienda\/poupee-girafe-en-tissu\/","url":"https:\/\/crochetts.com\/fr\/tienda\/poupee-girafe-en-tissu\/","name":"- POUP\u00c9E GIRAFE EN TISSU - Crochetts% Crochetts%%.","isPartOf":{"@id":"https:\/\/crochetts.com\/fr\/#website"},"primaryImageOfPage":{"@id":"https:\/\/crochetts.com\/fr\/tienda\/poupee-girafe-en-tissu\/#primaryimage"},"image":{"@id":"https:\/\/crochetts.com\/fr\/tienda\/poupee-girafe-en-tissu\/#primaryimage"},"thumbnailUrl":"https:\/\/crochetts.com\/wp-content\/uploads\/2025\/11\/4077-1.jpg","datePublished":"2025-11-06T11:28:35+00:00","dateModified":"2025-11-28T07:03:08+00:00","description":"Notre poup\u00e9e girafe en tissu est fabriqu\u00e9e dans un tissu extra doux et tr\u00e8s agr\u00e9able au toucher. Son mignon design de girafe en fera la poup\u00e9e ins\u00e9parable de votre enfant et son meilleur compagnon de voyage.","breadcrumb":{"@id":"https:\/\/crochetts.com\/fr\/tienda\/poupee-girafe-en-tissu\/#breadcrumb"},"inLanguage":"fr-FR","potentialAction":[{"@type":"ReadAction","target":["https:\/\/crochetts.com\/fr\/tienda\/poupee-girafe-en-tissu\/"]}]},{"@type":"ImageObject","inLanguage":"fr-FR","@id":"https:\/\/crochetts.com\/fr\/tienda\/poupee-girafe-en-tissu\/#primaryimage","url":"https:\/\/crochetts.com\/wp-content\/uploads\/2025\/11\/4077-1.jpg","contentUrl":"https:\/\/crochetts.com\/wp-content\/uploads\/2025\/11\/4077-1.jpg","width":800,"height":1202,"caption":"peluche girafe"},{"@type":"BreadcrumbList","@id":"https:\/\/crochetts.com\/fr\/tienda\/poupee-girafe-en-tissu\/#breadcrumb","itemListElement":[{"@type":"ListItem","position":1,"name":"Portada","item":"https:\/\/crochetts.com\/fr\/accueil\/"},{"@type":"ListItem","position":2,"name":"Boutique","item":"https:\/\/crochetts.fr\/boutique\/"},{"@type":"ListItem","position":3,"name":"POUP\u00c9E GIRAFE EN TISSU"}]},{"@type":"WebSite","@id":"https:\/\/crochetts.com\/fr\/#website","url":"https:\/\/crochetts.com\/fr\/","name":"Crochetts","description":"ANIMALES DE CROCHET PARA JUGAR,DECORAR Y SO\u00d1AR","publisher":{"@id":"https:\/\/crochetts.com\/fr\/#organization"},"potentialAction":[{"@type":"SearchAction","target":{"@type":"EntryPoint","urlTemplate":"https:\/\/crochetts.com\/fr\/?s={search_term_string}"},"query-input":{"@type":"PropertyValueSpecification","valueRequired":true,"valueName":"search_term_string"}}],"inLanguage":"fr-FR"},{"@type":"Organization","@id":"https:\/\/crochetts.com\/fr\/#organization","name":"Crochets","url":"https:\/\/crochetts.com\/fr\/","logo":{"@type":"ImageObject","inLanguage":"fr-FR","@id":"https:\/\/crochetts.com\/fr\/#\/schema\/logo\/image\/","url":"https:\/\/i2.wp.com\/crochetts.com\/wp-content\/uploads\/2021\/01\/Logo-Crochetts.jpg?fit=300%2C137&ssl=1","contentUrl":"https:\/\/i2.wp.com\/crochetts.com\/wp-content\/uploads\/2021\/01\/Logo-Crochetts.jpg?fit=300%2C137&ssl=1","width":300,"height":137,"caption":"Crochets"},"image":{"@id":"https:\/\/crochetts.com\/fr\/#\/schema\/logo\/image\/"},"sameAs":["https:\/\/www.facebook.com\/Crochetts-101964178013493","https:\/\/www.instagram.com\/crochetts_\/"]}]},"product_price_amount":"42.89","product_price_currency":"EUR","og_availability":"instock","product_availability":"instock","product_retailer_item_id":"4077","product_condition":"new"},"_links":{"self":[{"href":"https:\/\/crochetts.com\/fr\/wp-json\/wp\/v2\/product\/22402","targetHints":{"allow":["GET"]}}],"collection":[{"href":"https:\/\/crochetts.com\/fr\/wp-json\/wp\/v2\/product"}],"about":[{"href":"https:\/\/crochetts.com\/fr\/wp-json\/wp\/v2\/types\/product"}],"wp:featuredmedia":[{"embeddable":true,"href":"https:\/\/crochetts.com\/fr\/wp-json\/wp\/v2\/media\/22414"}],"wp:attachment":[{"href":"https:\/\/crochetts.com\/fr\/wp-json\/wp\/v2\/media?parent=22402"}],"wp:term":[{"taxonomy":"product_brand","embeddable":true,"href":"https:\/\/crochetts.com\/fr\/wp-json\/wp\/v2\/product_brand?post=22402"},{"taxonomy":"product_cat","embeddable":true,"href":"https:\/\/crochetts.com\/fr\/wp-json\/wp\/v2\/product_cat?post=22402"},{"taxonomy":"product_tag","embeddable":true,"href":"https:\/\/crochetts.com\/fr\/wp-json\/wp\/v2\/product_tag?post=22402"}],"curies":[{"name":"wp","href":"https:\/\/api.w.org\/{rel}","templated":true}]}}