{"id":22374,"date":"2025-11-06T13:03:43","date_gmt":"2025-11-06T12:03:43","guid":{"rendered":"https:\/\/crochetts.com\/tienda\/poupee-princesse-en-tissu\/"},"modified":"2025-11-28T08:03:03","modified_gmt":"2025-11-28T07:03:03","slug":"poupee-princesse-en-tissu","status":"publish","type":"product","link":"https:\/\/crochetts.com\/fr\/tienda\/poupee-princesse-en-tissu\/","title":{"rendered":"POUP\u00c9E PRINCESSE EN TISSU"},"content":{"rendered":"<div style=\"text-align: justify;\">\n<div style=\"text-align: justify;\"><\/div>\n<p>&nbsp;<\/p>\n<\/div>\n<p>&nbsp;<\/p>\n<p>&nbsp;<\/p>\n<p>&nbsp;<\/p>\n","protected":false},"excerpt":{"rendered":"<p data-start=\"236\" data-end=\"465\">D\u00e9couvrez notre charmant <strong data-start=\"264\" data-end=\"286\">petit renard<\/strong> en peluche, fabriqu\u00e9 dans un <strong data-start=\"306\" data-end=\"340\">tissu velout\u00e9 ultra-doux<\/strong> de haute qualit\u00e9, qui en fait le compagnon id\u00e9al pour faire des c\u00e2lins, dormir ou accompagner les petits dans leurs jeux.<\/p>\n<p data-start=\"467\" data-end=\"840\">Son <strong data-start=\"470\" data-end=\"499\">dessin tendre et d\u00e9taill\u00e9<\/strong> combine des tons chauds orange et blancs, accompagn\u00e9s d&rsquo;une <strong data-start=\"560\" data-end=\"599\">\u00e9charpe bleue d\u00e9licatement brod\u00e9e<\/strong> qui apporte une touche unique et pleine de personnalit\u00e9.<br data-start=\"650\" data-end=\"653\">Avec son <strong data-start=\"660\" data-end=\"679\">expression douce<\/strong> et sa texture agr\u00e9able, ce petit renard est id\u00e9al aussi bien pour partager des moments d&rsquo;affection que pour d\u00e9corer une chambre d&rsquo;enfant avec un style cosy et moderne.<\/p>\n<p>Un d\u00e9tail qui fait de cette poup\u00e9e un cadeau original et \u00e9motionnellement unique, id\u00e9al pour les <strong data-start=\"2026\" data-end=\"2085\">cadeaux de naissance, d&rsquo;anniversaire ou de No\u00ebl !<\/strong> <\/p>\n<p>&nbsp;<\/p>\n<p>&nbsp;<\/p>\n<p>&nbsp;<\/p>\n","protected":false},"featured_media":22383,"template":"","meta":{"_acf_changed":false,"_joinchat":[]},"product_brand":[],"product_cat":[5420],"product_tag":[5422,5380,5431,5421,5429,5430,5425,5424,5423,5426,5434,5640,5428,5427],"class_list":{"0":"post-22374","1":"product","2":"type-product","3":"status-publish","4":"has-post-thumbnail","6":"product_cat-dolls-en-linge","7":"product_tag-decokids","8":"product_tag-decoration","9":"product_tag-jeu-de-poupees","10":"product_tag-nounours","11":"product_tag-ours-en-peluche-princesse","12":"product_tag-poupee-a-offrir","13":"product_tag-poupee-animal","14":"product_tag-poupee-douce","15":"product_tag-poupee-en-peluche","16":"product_tag-poupee-en-tissu","17":"product_tag-poupee-en-tissu-2","18":"product_tag-poupee-en-tissu-3","19":"product_tag-poupee-princesse-en-tissu","20":"product_tag-stoffpuppe","21":"entry","23":"first","24":"instock","25":"featured","26":"taxable","27":"shipping-taxable","28":"purchasable","29":"product-type-simple"},"acf":[],"yoast_head":"<!-- This site is optimized with the Yoast SEO Premium plugin v26.1 (Yoast SEO v27.3) - https:\/\/yoast.com\/product\/yoast-seo-premium-wordpress\/ -->\n<title>- POUP\u00c9E PRINCESSE EN TISSU - Crochetts% Crochetts%%.<\/title>\n<meta name=\"description\" content=\"Notre poup\u00e9e princesse en tissu est fabriqu\u00e9e dans un tissu extra doux et tr\u00e8s agr\u00e9able au toucher. Son joli design en forme de petite princesse en fera la poup\u00e9e ins\u00e9parable de votre fille et son meilleur compagnon de voyage.\" \/>\n<meta name=\"robots\" content=\"index, follow, max-snippet:-1, max-image-preview:large, max-video-preview:-1\" \/>\n<link rel=\"canonical\" href=\"https:\/\/crochetts.com\/fr\/tienda\/poupee-princesse-en-tissu\/\" \/>\n<meta property=\"og:locale\" content=\"fr_FR\" \/>\n<meta property=\"og:type\" content=\"article\" \/>\n<meta property=\"og:title\" content=\"POUP\u00c9E PRINCESSE EN TISSU\" \/>\n<meta property=\"og:description\" content=\"D\u00e9couvrez notre charmant petit renard en peluche, fabriqu\u00e9 dans un tissu velout\u00e9 ultra-doux de haute qualit\u00e9, qui en fait le compagnon id\u00e9al pour faire des c\u00e2lins, dormir ou accompagner les petits dans leurs jeux. Son dessin tendre et d\u00e9taill\u00e9 combine des tons chauds orange et blancs, accompagn\u00e9s d&#039;une \u00e9charpe bleue d\u00e9licatement brod\u00e9e qui apporte une touche unique et pleine de personnalit\u00e9.Avec son expression douce et sa texture agr\u00e9able, ce petit renard est id\u00e9al aussi bien pour partager des moments d&#039;affection que pour d\u00e9corer une chambre d&#039;enfant avec un style cosy et moderne. Un d\u00e9tail qui fait de cette poup\u00e9e un cadeau original et \u00e9motionnellement unique, id\u00e9al pour les cadeaux de naissance, d&#039;anniversaire ou de No\u00ebl !  &nbsp; &nbsp; &nbsp;\" \/>\n<meta property=\"og:url\" content=\"https:\/\/crochetts.com\/fr\/tienda\/poupee-princesse-en-tissu\/\" \/>\n<meta property=\"og:site_name\" content=\"Crochetts\" \/>\n<meta property=\"article:publisher\" content=\"https:\/\/www.facebook.com\/Crochetts-101964178013493\" \/>\n<meta property=\"article:modified_time\" content=\"2025-11-28T07:03:03+00:00\" \/>\n<meta property=\"og:image\" content=\"https:\/\/crochetts.com\/wp-content\/uploads\/2025\/11\/4078-3.jpg\" \/>\n\t<meta property=\"og:image:width\" content=\"800\" \/>\n\t<meta property=\"og:image:height\" content=\"1202\" \/>\n\t<meta property=\"og:image:type\" content=\"image\/jpeg\" \/>\n<meta name=\"twitter:card\" content=\"summary_large_image\" \/>\n<meta name=\"twitter:label1\" content=\"Prix\" \/>\n\t<meta name=\"twitter:data1\" content=\"42,89&nbsp;&euro;\" \/>\n\t<meta name=\"twitter:label2\" content=\"Disponibilit\u00e9\" \/>\n\t<meta name=\"twitter:data2\" content=\"En stock\" \/>\n<script type=\"application\/ld+json\" class=\"yoast-schema-graph\">{\"@context\":\"https:\\\/\\\/schema.org\",\"@graph\":[{\"@type\":\"WebPage\",\"@id\":\"https:\\\/\\\/crochetts.com\\\/fr\\\/tienda\\\/poupee-princesse-en-tissu\\\/\",\"url\":\"https:\\\/\\\/crochetts.com\\\/fr\\\/tienda\\\/poupee-princesse-en-tissu\\\/\",\"name\":\"- POUP\u00c9E PRINCESSE EN TISSU - Crochetts% Crochetts%%.\",\"isPartOf\":{\"@id\":\"https:\\\/\\\/crochetts.com\\\/fr\\\/#website\"},\"primaryImageOfPage\":{\"@id\":\"https:\\\/\\\/crochetts.com\\\/fr\\\/tienda\\\/poupee-princesse-en-tissu\\\/#primaryimage\"},\"image\":{\"@id\":\"https:\\\/\\\/crochetts.com\\\/fr\\\/tienda\\\/poupee-princesse-en-tissu\\\/#primaryimage\"},\"thumbnailUrl\":\"https:\\\/\\\/crochetts.com\\\/wp-content\\\/uploads\\\/2025\\\/11\\\/4078-3.jpg\",\"datePublished\":\"2025-11-06T12:03:43+00:00\",\"dateModified\":\"2025-11-28T07:03:03+00:00\",\"description\":\"Notre poup\u00e9e princesse en tissu est fabriqu\u00e9e dans un tissu extra doux et tr\u00e8s agr\u00e9able au toucher. Son joli design en forme de petite princesse en fera la poup\u00e9e ins\u00e9parable de votre fille et son meilleur compagnon de voyage.\",\"breadcrumb\":{\"@id\":\"https:\\\/\\\/crochetts.com\\\/fr\\\/tienda\\\/poupee-princesse-en-tissu\\\/#breadcrumb\"},\"inLanguage\":\"fr-FR\",\"potentialAction\":[{\"@type\":\"ReadAction\",\"target\":[\"https:\\\/\\\/crochetts.com\\\/fr\\\/tienda\\\/poupee-princesse-en-tissu\\\/\"]}]},{\"@type\":\"ImageObject\",\"inLanguage\":\"fr-FR\",\"@id\":\"https:\\\/\\\/crochetts.com\\\/fr\\\/tienda\\\/poupee-princesse-en-tissu\\\/#primaryimage\",\"url\":\"https:\\\/\\\/crochetts.com\\\/wp-content\\\/uploads\\\/2025\\\/11\\\/4078-3.jpg\",\"contentUrl\":\"https:\\\/\\\/crochetts.com\\\/wp-content\\\/uploads\\\/2025\\\/11\\\/4078-3.jpg\",\"width\":800,\"height\":1202,\"caption\":\"poup\u00e9e princesse\"},{\"@type\":\"BreadcrumbList\",\"@id\":\"https:\\\/\\\/crochetts.com\\\/fr\\\/tienda\\\/poupee-princesse-en-tissu\\\/#breadcrumb\",\"itemListElement\":[{\"@type\":\"ListItem\",\"position\":1,\"name\":\"Portada\",\"item\":\"https:\\\/\\\/crochetts.com\\\/fr\\\/accueil\\\/\"},{\"@type\":\"ListItem\",\"position\":2,\"name\":\"Boutique\",\"item\":\"https:\\\/\\\/crochetts.fr\\\/boutique\\\/\"},{\"@type\":\"ListItem\",\"position\":3,\"name\":\"POUP\u00c9E PRINCESSE EN TISSU\"}]},{\"@type\":\"WebSite\",\"@id\":\"https:\\\/\\\/crochetts.com\\\/fr\\\/#website\",\"url\":\"https:\\\/\\\/crochetts.com\\\/fr\\\/\",\"name\":\"Crochetts\",\"description\":\"ANIMALES DE CROCHET PARA JUGAR,DECORAR Y SO\u00d1AR\",\"publisher\":{\"@id\":\"https:\\\/\\\/crochetts.com\\\/fr\\\/#organization\"},\"potentialAction\":[{\"@type\":\"SearchAction\",\"target\":{\"@type\":\"EntryPoint\",\"urlTemplate\":\"https:\\\/\\\/crochetts.com\\\/fr\\\/?s={search_term_string}\"},\"query-input\":{\"@type\":\"PropertyValueSpecification\",\"valueRequired\":true,\"valueName\":\"search_term_string\"}}],\"inLanguage\":\"fr-FR\"},{\"@type\":\"Organization\",\"@id\":\"https:\\\/\\\/crochetts.com\\\/fr\\\/#organization\",\"name\":\"Crochets\",\"url\":\"https:\\\/\\\/crochetts.com\\\/fr\\\/\",\"logo\":{\"@type\":\"ImageObject\",\"inLanguage\":\"fr-FR\",\"@id\":\"https:\\\/\\\/crochetts.com\\\/fr\\\/#\\\/schema\\\/logo\\\/image\\\/\",\"url\":\"https:\\\/\\\/i2.wp.com\\\/crochetts.com\\\/wp-content\\\/uploads\\\/2021\\\/01\\\/Logo-Crochetts.jpg?fit=300%2C137&ssl=1\",\"contentUrl\":\"https:\\\/\\\/i2.wp.com\\\/crochetts.com\\\/wp-content\\\/uploads\\\/2021\\\/01\\\/Logo-Crochetts.jpg?fit=300%2C137&ssl=1\",\"width\":300,\"height\":137,\"caption\":\"Crochets\"},\"image\":{\"@id\":\"https:\\\/\\\/crochetts.com\\\/fr\\\/#\\\/schema\\\/logo\\\/image\\\/\"},\"sameAs\":[\"https:\\\/\\\/www.facebook.com\\\/Crochetts-101964178013493\",\"https:\\\/\\\/www.instagram.com\\\/crochetts_\\\/\"]}]}<\/script>\n<meta property=\"product:price:amount\" content=\"42.89\" \/>\n<meta property=\"product:price:currency\" content=\"EUR\" \/>\n<meta property=\"og:availability\" content=\"instock\" \/>\n<meta property=\"product:availability\" content=\"instock\" \/>\n<meta property=\"product:retailer_item_id\" content=\"4078\" \/>\n<meta property=\"product:condition\" content=\"new\" \/>\n<!-- \/ Yoast SEO Premium plugin. -->","yoast_head_json":{"title":"- POUP\u00c9E PRINCESSE EN TISSU - Crochetts% Crochetts%%.","description":"Notre poup\u00e9e princesse en tissu est fabriqu\u00e9e dans un tissu extra doux et tr\u00e8s agr\u00e9able au toucher. Son joli design en forme de petite princesse en fera la poup\u00e9e ins\u00e9parable de votre fille et son meilleur compagnon de voyage.","robots":{"index":"index","follow":"follow","max-snippet":"max-snippet:-1","max-image-preview":"max-image-preview:large","max-video-preview":"max-video-preview:-1"},"canonical":"https:\/\/crochetts.com\/fr\/tienda\/poupee-princesse-en-tissu\/","og_locale":"fr_FR","og_type":"article","og_title":"POUP\u00c9E PRINCESSE EN TISSU","og_description":"D\u00e9couvrez notre charmant petit renard en peluche, fabriqu\u00e9 dans un tissu velout\u00e9 ultra-doux de haute qualit\u00e9, qui en fait le compagnon id\u00e9al pour faire des c\u00e2lins, dormir ou accompagner les petits dans leurs jeux. Son dessin tendre et d\u00e9taill\u00e9 combine des tons chauds orange et blancs, accompagn\u00e9s d'une \u00e9charpe bleue d\u00e9licatement brod\u00e9e qui apporte une touche unique et pleine de personnalit\u00e9.Avec son expression douce et sa texture agr\u00e9able, ce petit renard est id\u00e9al aussi bien pour partager des moments d'affection que pour d\u00e9corer une chambre d'enfant avec un style cosy et moderne. Un d\u00e9tail qui fait de cette poup\u00e9e un cadeau original et \u00e9motionnellement unique, id\u00e9al pour les cadeaux de naissance, d'anniversaire ou de No\u00ebl !  &nbsp; &nbsp; &nbsp;","og_url":"https:\/\/crochetts.com\/fr\/tienda\/poupee-princesse-en-tissu\/","og_site_name":"Crochetts","article_publisher":"https:\/\/www.facebook.com\/Crochetts-101964178013493","article_modified_time":"2025-11-28T07:03:03+00:00","og_image":[{"width":800,"height":1202,"url":"https:\/\/crochetts.com\/wp-content\/uploads\/2025\/11\/4078-3.jpg","type":"image\/jpeg"}],"twitter_card":"summary_large_image","twitter_misc":{"Prix":"42,89&nbsp;&euro;","Disponibilit\u00e9":"En stock"},"schema":{"@context":"https:\/\/schema.org","@graph":[{"@type":"WebPage","@id":"https:\/\/crochetts.com\/fr\/tienda\/poupee-princesse-en-tissu\/","url":"https:\/\/crochetts.com\/fr\/tienda\/poupee-princesse-en-tissu\/","name":"- POUP\u00c9E PRINCESSE EN TISSU - Crochetts% Crochetts%%.","isPartOf":{"@id":"https:\/\/crochetts.com\/fr\/#website"},"primaryImageOfPage":{"@id":"https:\/\/crochetts.com\/fr\/tienda\/poupee-princesse-en-tissu\/#primaryimage"},"image":{"@id":"https:\/\/crochetts.com\/fr\/tienda\/poupee-princesse-en-tissu\/#primaryimage"},"thumbnailUrl":"https:\/\/crochetts.com\/wp-content\/uploads\/2025\/11\/4078-3.jpg","datePublished":"2025-11-06T12:03:43+00:00","dateModified":"2025-11-28T07:03:03+00:00","description":"Notre poup\u00e9e princesse en tissu est fabriqu\u00e9e dans un tissu extra doux et tr\u00e8s agr\u00e9able au toucher. Son joli design en forme de petite princesse en fera la poup\u00e9e ins\u00e9parable de votre fille et son meilleur compagnon de voyage.","breadcrumb":{"@id":"https:\/\/crochetts.com\/fr\/tienda\/poupee-princesse-en-tissu\/#breadcrumb"},"inLanguage":"fr-FR","potentialAction":[{"@type":"ReadAction","target":["https:\/\/crochetts.com\/fr\/tienda\/poupee-princesse-en-tissu\/"]}]},{"@type":"ImageObject","inLanguage":"fr-FR","@id":"https:\/\/crochetts.com\/fr\/tienda\/poupee-princesse-en-tissu\/#primaryimage","url":"https:\/\/crochetts.com\/wp-content\/uploads\/2025\/11\/4078-3.jpg","contentUrl":"https:\/\/crochetts.com\/wp-content\/uploads\/2025\/11\/4078-3.jpg","width":800,"height":1202,"caption":"poup\u00e9e princesse"},{"@type":"BreadcrumbList","@id":"https:\/\/crochetts.com\/fr\/tienda\/poupee-princesse-en-tissu\/#breadcrumb","itemListElement":[{"@type":"ListItem","position":1,"name":"Portada","item":"https:\/\/crochetts.com\/fr\/accueil\/"},{"@type":"ListItem","position":2,"name":"Boutique","item":"https:\/\/crochetts.fr\/boutique\/"},{"@type":"ListItem","position":3,"name":"POUP\u00c9E PRINCESSE EN TISSU"}]},{"@type":"WebSite","@id":"https:\/\/crochetts.com\/fr\/#website","url":"https:\/\/crochetts.com\/fr\/","name":"Crochetts","description":"ANIMALES DE CROCHET PARA JUGAR,DECORAR Y SO\u00d1AR","publisher":{"@id":"https:\/\/crochetts.com\/fr\/#organization"},"potentialAction":[{"@type":"SearchAction","target":{"@type":"EntryPoint","urlTemplate":"https:\/\/crochetts.com\/fr\/?s={search_term_string}"},"query-input":{"@type":"PropertyValueSpecification","valueRequired":true,"valueName":"search_term_string"}}],"inLanguage":"fr-FR"},{"@type":"Organization","@id":"https:\/\/crochetts.com\/fr\/#organization","name":"Crochets","url":"https:\/\/crochetts.com\/fr\/","logo":{"@type":"ImageObject","inLanguage":"fr-FR","@id":"https:\/\/crochetts.com\/fr\/#\/schema\/logo\/image\/","url":"https:\/\/i2.wp.com\/crochetts.com\/wp-content\/uploads\/2021\/01\/Logo-Crochetts.jpg?fit=300%2C137&ssl=1","contentUrl":"https:\/\/i2.wp.com\/crochetts.com\/wp-content\/uploads\/2021\/01\/Logo-Crochetts.jpg?fit=300%2C137&ssl=1","width":300,"height":137,"caption":"Crochets"},"image":{"@id":"https:\/\/crochetts.com\/fr\/#\/schema\/logo\/image\/"},"sameAs":["https:\/\/www.facebook.com\/Crochetts-101964178013493","https:\/\/www.instagram.com\/crochetts_\/"]}]},"product_price_amount":"42.89","product_price_currency":"EUR","og_availability":"instock","product_availability":"instock","product_retailer_item_id":"4078","product_condition":"new"},"_links":{"self":[{"href":"https:\/\/crochetts.com\/fr\/wp-json\/wp\/v2\/product\/22374","targetHints":{"allow":["GET"]}}],"collection":[{"href":"https:\/\/crochetts.com\/fr\/wp-json\/wp\/v2\/product"}],"about":[{"href":"https:\/\/crochetts.com\/fr\/wp-json\/wp\/v2\/types\/product"}],"wp:featuredmedia":[{"embeddable":true,"href":"https:\/\/crochetts.com\/fr\/wp-json\/wp\/v2\/media\/22383"}],"wp:attachment":[{"href":"https:\/\/crochetts.com\/fr\/wp-json\/wp\/v2\/media?parent=22374"}],"wp:term":[{"taxonomy":"product_brand","embeddable":true,"href":"https:\/\/crochetts.com\/fr\/wp-json\/wp\/v2\/product_brand?post=22374"},{"taxonomy":"product_cat","embeddable":true,"href":"https:\/\/crochetts.com\/fr\/wp-json\/wp\/v2\/product_cat?post=22374"},{"taxonomy":"product_tag","embeddable":true,"href":"https:\/\/crochetts.com\/fr\/wp-json\/wp\/v2\/product_tag?post=22374"}],"curies":[{"name":"wp","href":"https:\/\/api.w.org\/{rel}","templated":true}]}}