{"id":22184,"date":"2020-06-09T08:56:52","date_gmt":"2020-06-09T07:56:52","guid":{"rendered":"https:\/\/crochetts.com\/tienda\/sac-a-dos-de-la-souris\/"},"modified":"2025-11-21T14:18:24","modified_gmt":"2025-11-21T13:18:24","slug":"sac-a-dos-de-la-souris","status":"publish","type":"product","link":"https:\/\/crochetts.com\/fr\/tienda\/sac-a-dos-de-la-souris\/","title":{"rendered":"SAC \u00c0 DOS DE LA SOURIS"},"content":{"rendered":"<div style=\"text-align: justify;\">\n<p style=\"text-align: justify;\">Tous nos sacs \u00e0 dos sont <strong>con\u00e7us pour les petits. <\/strong>Le <strong>sac \u00e0 dos souris<\/strong> est dot\u00e9 d&rsquo;une <strong>double fermeture \u00e9clair, d&rsquo;une <\/strong> grande capacit\u00e9 de rangement et de <strong>poign\u00e9es r\u00e9glables<\/strong>.<\/p>\n<p>Id\u00e9al \u00e0 partir de 2 ans. Pour l&rsquo;\u00e9cole, le parc, les sorties ou tout simplement pour que les enfants, ou les mamans et les papas, puissent emporter tout ce dont un enfant a besoin <strong>o\u00f9 qu&rsquo;<\/strong>il aille. <\/p>\n<p>Un bon moyen d&rsquo;<strong>encourager l&rsquo;amour des animaux<\/strong> et de la nature. Plus qu&rsquo;un sac \u00e0 dos pour transporter des objets, <strong>un compagnon de voyage<\/strong> pour nos enfants. <\/p>\n<\/div>\n","protected":false},"excerpt":{"rendered":"<p style=\"text-align: justify;\">Notre <b>sac \u00e0 dos souris au<\/b> <strong>crochet<\/strong> est en <strong>coton 100% naturel,<\/strong> hypoallerg\u00e9nique, tr\u00e8s doux au toucher, en <strong>gris et rose<\/strong>. Un design amusant et mignon en forme de petit animal. Nous avons pens\u00e9 \u00e0 tous les d\u00e9tails, comme ses petites oreilles et ses pattes. Un excellent compagnon de voyage pour les enfants. Le sac \u00e0 dos souris est dot\u00e9 d&rsquo;une double fermeture \u00e9clair, d&rsquo;une grande capacit\u00e9 de rangement, de poign\u00e9es et d&rsquo;une taille r\u00e9glables pour un portage confortable.    <\/p>\n","protected":false},"featured_media":22192,"template":"","meta":{"_acf_changed":false,"_joinchat":[]},"product_brand":[],"product_cat":[4671,4842,5360,5361],"product_tag":[],"class_list":{"0":"post-22184","1":"product","2":"type-product","3":"status-publish","4":"has-post-thumbnail","6":"product_cat-accueil","7":"product_cat-produits","8":"product_cat-sacs-a-dos","10":"entry","12":"first","13":"instock","14":"taxable","15":"shipping-taxable","16":"purchasable","17":"product-type-simple"},"acf":[],"yoast_head":"<!-- This site is optimized with the Yoast SEO Premium plugin v26.1 (Yoast SEO v27.3) - https:\/\/yoast.com\/product\/yoast-seo-premium-wordpress\/ -->\n<title>SAC \u00c0 DOS DE LA SOURIS - Crochetts<\/title>\n<meta name=\"robots\" content=\"index, follow, max-snippet:-1, max-image-preview:large, max-video-preview:-1\" \/>\n<link rel=\"canonical\" href=\"https:\/\/crochetts.com\/fr\/tienda\/sac-a-dos-de-la-souris\/\" \/>\n<meta property=\"og:locale\" content=\"fr_FR\" \/>\n<meta property=\"og:type\" content=\"article\" \/>\n<meta property=\"og:title\" content=\"SAC \u00c0 DOS DE LA SOURIS\" \/>\n<meta property=\"og:description\" content=\"Notre sac \u00e0 dos souris au crochet est en coton 100% naturel, hypoallerg\u00e9nique, tr\u00e8s doux au toucher, en gris et rose. Un design amusant et mignon en forme de petit animal. Nous avons pens\u00e9 \u00e0 tous les d\u00e9tails, comme ses petites oreilles et ses pattes. Un excellent compagnon de voyage pour les enfants. Le sac \u00e0 dos souris est dot\u00e9 d&#039;une double fermeture \u00e9clair, d&#039;une grande capacit\u00e9 de rangement, de poign\u00e9es et d&#039;une taille r\u00e9glables pour un portage confortable.\" \/>\n<meta property=\"og:url\" content=\"https:\/\/crochetts.com\/fr\/tienda\/sac-a-dos-de-la-souris\/\" \/>\n<meta property=\"og:site_name\" content=\"Crochetts\" \/>\n<meta property=\"article:publisher\" content=\"https:\/\/www.facebook.com\/Crochetts-101964178013493\" \/>\n<meta property=\"article:modified_time\" content=\"2025-11-21T13:18:24+00:00\" \/>\n<meta property=\"og:image\" content=\"https:\/\/crochetts.com\/wp-content\/uploads\/2020\/06\/473-MOCHILA-RATON.jpg\" \/>\n\t<meta property=\"og:image:width\" content=\"800\" \/>\n\t<meta property=\"og:image:height\" content=\"1198\" \/>\n\t<meta property=\"og:image:type\" content=\"image\/jpeg\" \/>\n<meta name=\"twitter:card\" content=\"summary_large_image\" \/>\n<meta name=\"twitter:label1\" content=\"Prix\" \/>\n\t<meta name=\"twitter:data1\" content=\"50,00&nbsp;&euro;\" \/>\n\t<meta name=\"twitter:label2\" content=\"Disponibilit\u00e9\" \/>\n\t<meta name=\"twitter:data2\" content=\"En stock\" \/>\n<script type=\"application\/ld+json\" class=\"yoast-schema-graph\">{\"@context\":\"https:\\\/\\\/schema.org\",\"@graph\":[{\"@type\":\"WebPage\",\"@id\":\"https:\\\/\\\/crochetts.com\\\/fr\\\/tienda\\\/sac-a-dos-de-la-souris\\\/\",\"url\":\"https:\\\/\\\/crochetts.com\\\/fr\\\/tienda\\\/sac-a-dos-de-la-souris\\\/\",\"name\":\"SAC \u00c0 DOS DE LA SOURIS - Crochetts\",\"isPartOf\":{\"@id\":\"https:\\\/\\\/crochetts.com\\\/fr\\\/#website\"},\"primaryImageOfPage\":{\"@id\":\"https:\\\/\\\/crochetts.com\\\/fr\\\/tienda\\\/sac-a-dos-de-la-souris\\\/#primaryimage\"},\"image\":{\"@id\":\"https:\\\/\\\/crochetts.com\\\/fr\\\/tienda\\\/sac-a-dos-de-la-souris\\\/#primaryimage\"},\"thumbnailUrl\":\"https:\\\/\\\/crochetts.com\\\/wp-content\\\/uploads\\\/2020\\\/06\\\/473-MOCHILA-RATON.jpg\",\"datePublished\":\"2020-06-09T07:56:52+00:00\",\"dateModified\":\"2025-11-21T13:18:24+00:00\",\"breadcrumb\":{\"@id\":\"https:\\\/\\\/crochetts.com\\\/fr\\\/tienda\\\/sac-a-dos-de-la-souris\\\/#breadcrumb\"},\"inLanguage\":\"fr-FR\",\"potentialAction\":[{\"@type\":\"ReadAction\",\"target\":[\"https:\\\/\\\/crochetts.com\\\/fr\\\/tienda\\\/sac-a-dos-de-la-souris\\\/\"]}]},{\"@type\":\"ImageObject\",\"inLanguage\":\"fr-FR\",\"@id\":\"https:\\\/\\\/crochetts.com\\\/fr\\\/tienda\\\/sac-a-dos-de-la-souris\\\/#primaryimage\",\"url\":\"https:\\\/\\\/crochetts.com\\\/wp-content\\\/uploads\\\/2020\\\/06\\\/473-MOCHILA-RATON.jpg\",\"contentUrl\":\"https:\\\/\\\/crochetts.com\\\/wp-content\\\/uploads\\\/2020\\\/06\\\/473-MOCHILA-RATON.jpg\",\"width\":800,\"height\":1198,\"caption\":\"SAC \u00c0 DOS DE LA SOURIS\"},{\"@type\":\"BreadcrumbList\",\"@id\":\"https:\\\/\\\/crochetts.com\\\/fr\\\/tienda\\\/sac-a-dos-de-la-souris\\\/#breadcrumb\",\"itemListElement\":[{\"@type\":\"ListItem\",\"position\":1,\"name\":\"Portada\",\"item\":\"https:\\\/\\\/crochetts.com\\\/fr\\\/accueil\\\/\"},{\"@type\":\"ListItem\",\"position\":2,\"name\":\"Boutique\",\"item\":\"https:\\\/\\\/crochetts.fr\\\/boutique\\\/\"},{\"@type\":\"ListItem\",\"position\":3,\"name\":\"SAC \u00c0 DOS DE LA SOURIS\"}]},{\"@type\":\"WebSite\",\"@id\":\"https:\\\/\\\/crochetts.com\\\/fr\\\/#website\",\"url\":\"https:\\\/\\\/crochetts.com\\\/fr\\\/\",\"name\":\"Crochetts\",\"description\":\"ANIMALES DE CROCHET PARA JUGAR,DECORAR Y SO\u00d1AR\",\"publisher\":{\"@id\":\"https:\\\/\\\/crochetts.com\\\/fr\\\/#organization\"},\"potentialAction\":[{\"@type\":\"SearchAction\",\"target\":{\"@type\":\"EntryPoint\",\"urlTemplate\":\"https:\\\/\\\/crochetts.com\\\/fr\\\/?s={search_term_string}\"},\"query-input\":{\"@type\":\"PropertyValueSpecification\",\"valueRequired\":true,\"valueName\":\"search_term_string\"}}],\"inLanguage\":\"fr-FR\"},{\"@type\":\"Organization\",\"@id\":\"https:\\\/\\\/crochetts.com\\\/fr\\\/#organization\",\"name\":\"Crochets\",\"url\":\"https:\\\/\\\/crochetts.com\\\/fr\\\/\",\"logo\":{\"@type\":\"ImageObject\",\"inLanguage\":\"fr-FR\",\"@id\":\"https:\\\/\\\/crochetts.com\\\/fr\\\/#\\\/schema\\\/logo\\\/image\\\/\",\"url\":\"https:\\\/\\\/i2.wp.com\\\/crochetts.com\\\/wp-content\\\/uploads\\\/2021\\\/01\\\/Logo-Crochetts.jpg?fit=300%2C137&ssl=1\",\"contentUrl\":\"https:\\\/\\\/i2.wp.com\\\/crochetts.com\\\/wp-content\\\/uploads\\\/2021\\\/01\\\/Logo-Crochetts.jpg?fit=300%2C137&ssl=1\",\"width\":300,\"height\":137,\"caption\":\"Crochets\"},\"image\":{\"@id\":\"https:\\\/\\\/crochetts.com\\\/fr\\\/#\\\/schema\\\/logo\\\/image\\\/\"},\"sameAs\":[\"https:\\\/\\\/www.facebook.com\\\/Crochetts-101964178013493\",\"https:\\\/\\\/www.instagram.com\\\/crochetts_\\\/\"]}]}<\/script>\n<meta property=\"product:price:amount\" content=\"50.00\" \/>\n<meta property=\"product:price:currency\" content=\"EUR\" \/>\n<meta property=\"og:availability\" content=\"instock\" \/>\n<meta property=\"product:availability\" content=\"instock\" \/>\n<meta property=\"product:retailer_item_id\" content=\"LT-1635\" \/>\n<meta property=\"product:condition\" content=\"new\" \/>\n<!-- \/ Yoast SEO Premium plugin. -->","yoast_head_json":{"title":"SAC \u00c0 DOS DE LA SOURIS - Crochetts","robots":{"index":"index","follow":"follow","max-snippet":"max-snippet:-1","max-image-preview":"max-image-preview:large","max-video-preview":"max-video-preview:-1"},"canonical":"https:\/\/crochetts.com\/fr\/tienda\/sac-a-dos-de-la-souris\/","og_locale":"fr_FR","og_type":"article","og_title":"SAC \u00c0 DOS DE LA SOURIS","og_description":"Notre sac \u00e0 dos souris au crochet est en coton 100% naturel, hypoallerg\u00e9nique, tr\u00e8s doux au toucher, en gris et rose. Un design amusant et mignon en forme de petit animal. Nous avons pens\u00e9 \u00e0 tous les d\u00e9tails, comme ses petites oreilles et ses pattes. Un excellent compagnon de voyage pour les enfants. Le sac \u00e0 dos souris est dot\u00e9 d'une double fermeture \u00e9clair, d'une grande capacit\u00e9 de rangement, de poign\u00e9es et d'une taille r\u00e9glables pour un portage confortable.","og_url":"https:\/\/crochetts.com\/fr\/tienda\/sac-a-dos-de-la-souris\/","og_site_name":"Crochetts","article_publisher":"https:\/\/www.facebook.com\/Crochetts-101964178013493","article_modified_time":"2025-11-21T13:18:24+00:00","og_image":[{"width":800,"height":1198,"url":"https:\/\/crochetts.com\/wp-content\/uploads\/2020\/06\/473-MOCHILA-RATON.jpg","type":"image\/jpeg"}],"twitter_card":"summary_large_image","twitter_misc":{"Prix":"50,00&nbsp;&euro;","Disponibilit\u00e9":"En stock"},"schema":{"@context":"https:\/\/schema.org","@graph":[{"@type":"WebPage","@id":"https:\/\/crochetts.com\/fr\/tienda\/sac-a-dos-de-la-souris\/","url":"https:\/\/crochetts.com\/fr\/tienda\/sac-a-dos-de-la-souris\/","name":"SAC \u00c0 DOS DE LA SOURIS - Crochetts","isPartOf":{"@id":"https:\/\/crochetts.com\/fr\/#website"},"primaryImageOfPage":{"@id":"https:\/\/crochetts.com\/fr\/tienda\/sac-a-dos-de-la-souris\/#primaryimage"},"image":{"@id":"https:\/\/crochetts.com\/fr\/tienda\/sac-a-dos-de-la-souris\/#primaryimage"},"thumbnailUrl":"https:\/\/crochetts.com\/wp-content\/uploads\/2020\/06\/473-MOCHILA-RATON.jpg","datePublished":"2020-06-09T07:56:52+00:00","dateModified":"2025-11-21T13:18:24+00:00","breadcrumb":{"@id":"https:\/\/crochetts.com\/fr\/tienda\/sac-a-dos-de-la-souris\/#breadcrumb"},"inLanguage":"fr-FR","potentialAction":[{"@type":"ReadAction","target":["https:\/\/crochetts.com\/fr\/tienda\/sac-a-dos-de-la-souris\/"]}]},{"@type":"ImageObject","inLanguage":"fr-FR","@id":"https:\/\/crochetts.com\/fr\/tienda\/sac-a-dos-de-la-souris\/#primaryimage","url":"https:\/\/crochetts.com\/wp-content\/uploads\/2020\/06\/473-MOCHILA-RATON.jpg","contentUrl":"https:\/\/crochetts.com\/wp-content\/uploads\/2020\/06\/473-MOCHILA-RATON.jpg","width":800,"height":1198,"caption":"SAC \u00c0 DOS DE LA SOURIS"},{"@type":"BreadcrumbList","@id":"https:\/\/crochetts.com\/fr\/tienda\/sac-a-dos-de-la-souris\/#breadcrumb","itemListElement":[{"@type":"ListItem","position":1,"name":"Portada","item":"https:\/\/crochetts.com\/fr\/accueil\/"},{"@type":"ListItem","position":2,"name":"Boutique","item":"https:\/\/crochetts.fr\/boutique\/"},{"@type":"ListItem","position":3,"name":"SAC \u00c0 DOS DE LA SOURIS"}]},{"@type":"WebSite","@id":"https:\/\/crochetts.com\/fr\/#website","url":"https:\/\/crochetts.com\/fr\/","name":"Crochetts","description":"ANIMALES DE CROCHET PARA JUGAR,DECORAR Y SO\u00d1AR","publisher":{"@id":"https:\/\/crochetts.com\/fr\/#organization"},"potentialAction":[{"@type":"SearchAction","target":{"@type":"EntryPoint","urlTemplate":"https:\/\/crochetts.com\/fr\/?s={search_term_string}"},"query-input":{"@type":"PropertyValueSpecification","valueRequired":true,"valueName":"search_term_string"}}],"inLanguage":"fr-FR"},{"@type":"Organization","@id":"https:\/\/crochetts.com\/fr\/#organization","name":"Crochets","url":"https:\/\/crochetts.com\/fr\/","logo":{"@type":"ImageObject","inLanguage":"fr-FR","@id":"https:\/\/crochetts.com\/fr\/#\/schema\/logo\/image\/","url":"https:\/\/i2.wp.com\/crochetts.com\/wp-content\/uploads\/2021\/01\/Logo-Crochetts.jpg?fit=300%2C137&ssl=1","contentUrl":"https:\/\/i2.wp.com\/crochetts.com\/wp-content\/uploads\/2021\/01\/Logo-Crochetts.jpg?fit=300%2C137&ssl=1","width":300,"height":137,"caption":"Crochets"},"image":{"@id":"https:\/\/crochetts.com\/fr\/#\/schema\/logo\/image\/"},"sameAs":["https:\/\/www.facebook.com\/Crochetts-101964178013493","https:\/\/www.instagram.com\/crochetts_\/"]}]},"product_price_amount":"50.00","product_price_currency":"EUR","og_availability":"instock","product_availability":"instock","product_retailer_item_id":"LT-1635","product_condition":"new"},"_links":{"self":[{"href":"https:\/\/crochetts.com\/fr\/wp-json\/wp\/v2\/product\/22184","targetHints":{"allow":["GET"]}}],"collection":[{"href":"https:\/\/crochetts.com\/fr\/wp-json\/wp\/v2\/product"}],"about":[{"href":"https:\/\/crochetts.com\/fr\/wp-json\/wp\/v2\/types\/product"}],"wp:featuredmedia":[{"embeddable":true,"href":"https:\/\/crochetts.com\/fr\/wp-json\/wp\/v2\/media\/22192"}],"wp:attachment":[{"href":"https:\/\/crochetts.com\/fr\/wp-json\/wp\/v2\/media?parent=22184"}],"wp:term":[{"taxonomy":"product_brand","embeddable":true,"href":"https:\/\/crochetts.com\/fr\/wp-json\/wp\/v2\/product_brand?post=22184"},{"taxonomy":"product_cat","embeddable":true,"href":"https:\/\/crochetts.com\/fr\/wp-json\/wp\/v2\/product_cat?post=22184"},{"taxonomy":"product_tag","embeddable":true,"href":"https:\/\/crochetts.com\/fr\/wp-json\/wp\/v2\/product_tag?post=22184"}],"curies":[{"name":"wp","href":"https:\/\/api.w.org\/{rel}","templated":true}]}}