{"id":21656,"date":"2020-12-23T08:08:32","date_gmt":"2020-12-23T08:08:32","guid":{"rendered":"https:\/\/crochetts.com\/tienda\/drap-de-baleine-grise-crochet_2\/"},"modified":"2025-11-21T14:11:38","modified_gmt":"2025-11-21T13:11:38","slug":"drap-de-baleine-grise-crochet_2","status":"publish","type":"product","link":"https:\/\/crochetts.com\/fr\/tienda\/drap-de-baleine-grise-crochet_2\/","title":{"rendered":"DRAP DE BALEINE GRISE CROCHET_2"},"content":{"rendered":"<p><strong>Impression :<\/strong> format A3 (420&#215;297 mm). Imprim\u00e9 sur un papier mat de premi\u00e8re qualit\u00e9, d&rsquo;un grammage de 240 gr\/m2. <\/p>\n<p><strong>Cadre :<\/strong> Cadre en bois MDF. Finition blanc textur\u00e9.  Couvercle en verre, dos en bois MDF et syst\u00e8me d&rsquo;accroche pour la suspension murale. Dimensions avec cadre : 33x2x43 cm - Poids : 1060 gr. <\/p>\n<p><strong>Suspension : <\/strong>Support fixe en bois coll\u00e9 \u00e0 la feuille. Finition en couleur naturelle, sans vernis.  Syst\u00e8me de suspension par corde. Fabriqu\u00e9 \u00e0 la main. <\/p>\n<p>&nbsp;<\/p>\n","protected":false},"excerpt":{"rendered":"<div style=\"text-align: justify;\">\n<p><strong>Feuille d\u00e9corative pour enfants<\/strong> avec motif de baleine en crochet gris.<\/p>\n<p>Produit design id\u00e9al pour d\u00e9corer les chambres d&rsquo;enfants et les remplir de couleurs et de douceur. Le compl\u00e9ment id\u00e9al de notre famille de peluches au crochet. <\/p>\n<p><strong>Film de format A3<\/strong>. Imprim\u00e9 sur un <strong>papier mat de premi\u00e8re qualit\u00e9<\/strong>, d&rsquo;un grammage de 240 gr\/m2. <\/p>\n<p>Disponible en <strong>trois options<\/strong>:<br \/>\n- Feuille <strong>sans support<\/strong>.<br \/>\n- Feuille <strong>avec cadre<\/strong>.<br \/>\n- Feuille <strong>avec crochet<\/strong> en bois.<\/p>\n<\/div>\n","protected":false},"featured_media":21662,"template":"","meta":{"_acf_changed":false,"_joinchat":[]},"product_brand":[],"product_cat":[4671,4672],"product_tag":[],"class_list":{"0":"post-21656","1":"product","2":"type-product","3":"status-publish","4":"has-post-thumbnail","6":"product_cat-accueil","7":"product_cat-lampes","8":"entry","10":"first","11":"instock","12":"taxable","13":"shipping-taxable","14":"purchasable","15":"product-type-variable"},"acf":[],"yoast_head":"<!-- This site is optimized with the Yoast SEO Premium plugin v26.1 (Yoast SEO v27.3) - https:\/\/yoast.com\/product\/yoast-seo-premium-wordpress\/ -->\n<title>DRAP DE BALEINE GRISE CROCHET_2 - Crochetts<\/title>\n<meta name=\"description\" content=\"Imprim\u00e9 d\u00e9coratif pour enfants avec un motif de nounours en crochet. Le compl\u00e9ment id\u00e9al de notre famille de nounours au crochet.\" \/>\n<meta name=\"robots\" content=\"index, follow, max-snippet:-1, max-image-preview:large, max-video-preview:-1\" \/>\n<link rel=\"canonical\" href=\"https:\/\/crochetts.com\/fr\/tienda\/drap-de-baleine-grise-crochet_2\/\" \/>\n<meta property=\"og:locale\" content=\"fr_FR\" \/>\n<meta property=\"og:type\" content=\"article\" \/>\n<meta property=\"og:title\" content=\"DRAP DE BALEINE GRISE CROCHET_2\" \/>\n<meta property=\"og:description\" content=\"Feuille d\u00e9corative pour enfants avec motif de baleine en crochet gris. Produit design id\u00e9al pour d\u00e9corer les chambres d&#039;enfants et les remplir de couleurs et de douceur. Le compl\u00e9ment id\u00e9al de notre famille de peluches au crochet.  Film de format A3. Imprim\u00e9 sur un papier mat de premi\u00e8re qualit\u00e9, d&#039;un grammage de 240 gr\/m2.  Disponible en trois options: - Feuille sans support. - Feuille avec cadre. - Feuille avec crochet en bois.\" \/>\n<meta property=\"og:url\" content=\"https:\/\/crochetts.com\/fr\/tienda\/drap-de-baleine-grise-crochet_2\/\" \/>\n<meta property=\"og:site_name\" content=\"Crochetts\" \/>\n<meta property=\"article:publisher\" content=\"https:\/\/www.facebook.com\/Crochetts-101964178013493\" \/>\n<meta property=\"article:modified_time\" content=\"2025-11-21T13:11:38+00:00\" \/>\n<meta property=\"og:image\" content=\"https:\/\/crochetts.com\/wp-content\/uploads\/2020\/12\/CDR-0040-2.jpg\" \/>\n\t<meta property=\"og:image:width\" content=\"801\" \/>\n\t<meta property=\"og:image:height\" content=\"1200\" \/>\n\t<meta property=\"og:image:type\" content=\"image\/jpeg\" \/>\n<meta name=\"twitter:card\" content=\"summary_large_image\" \/>\n<meta name=\"twitter:label1\" content=\"Disponibilit\u00e9\" \/>\n\t<meta name=\"twitter:data1\" content=\"En stock\" \/>\n<script type=\"application\/ld+json\" class=\"yoast-schema-graph\">{\"@context\":\"https:\\\/\\\/schema.org\",\"@graph\":[{\"@type\":\"WebPage\",\"@id\":\"https:\\\/\\\/crochetts.com\\\/fr\\\/tienda\\\/drap-de-baleine-grise-crochet_2\\\/\",\"url\":\"https:\\\/\\\/crochetts.com\\\/fr\\\/tienda\\\/drap-de-baleine-grise-crochet_2\\\/\",\"name\":\"DRAP DE BALEINE GRISE CROCHET_2 - Crochetts\",\"isPartOf\":{\"@id\":\"https:\\\/\\\/crochetts.com\\\/fr\\\/#website\"},\"primaryImageOfPage\":{\"@id\":\"https:\\\/\\\/crochetts.com\\\/fr\\\/tienda\\\/drap-de-baleine-grise-crochet_2\\\/#primaryimage\"},\"image\":{\"@id\":\"https:\\\/\\\/crochetts.com\\\/fr\\\/tienda\\\/drap-de-baleine-grise-crochet_2\\\/#primaryimage\"},\"thumbnailUrl\":\"https:\\\/\\\/crochetts.com\\\/wp-content\\\/uploads\\\/2020\\\/12\\\/CDR-0040-2.jpg\",\"datePublished\":\"2020-12-23T08:08:32+00:00\",\"dateModified\":\"2025-11-21T13:11:38+00:00\",\"description\":\"Imprim\u00e9 d\u00e9coratif pour enfants avec un motif de nounours en crochet. Le compl\u00e9ment id\u00e9al de notre famille de nounours au crochet.\",\"breadcrumb\":{\"@id\":\"https:\\\/\\\/crochetts.com\\\/fr\\\/tienda\\\/drap-de-baleine-grise-crochet_2\\\/#breadcrumb\"},\"inLanguage\":\"fr-FR\",\"potentialAction\":[{\"@type\":\"ReadAction\",\"target\":[\"https:\\\/\\\/crochetts.com\\\/fr\\\/tienda\\\/drap-de-baleine-grise-crochet_2\\\/\"]}]},{\"@type\":\"ImageObject\",\"inLanguage\":\"fr-FR\",\"@id\":\"https:\\\/\\\/crochetts.com\\\/fr\\\/tienda\\\/drap-de-baleine-grise-crochet_2\\\/#primaryimage\",\"url\":\"https:\\\/\\\/crochetts.com\\\/wp-content\\\/uploads\\\/2020\\\/12\\\/CDR-0040-2.jpg\",\"contentUrl\":\"https:\\\/\\\/crochetts.com\\\/wp-content\\\/uploads\\\/2020\\\/12\\\/CDR-0040-2.jpg\",\"width\":801,\"height\":1200,\"caption\":\"drap de baleine grise au crochet\"},{\"@type\":\"BreadcrumbList\",\"@id\":\"https:\\\/\\\/crochetts.com\\\/fr\\\/tienda\\\/drap-de-baleine-grise-crochet_2\\\/#breadcrumb\",\"itemListElement\":[{\"@type\":\"ListItem\",\"position\":1,\"name\":\"Portada\",\"item\":\"https:\\\/\\\/crochetts.com\\\/fr\\\/accueil\\\/\"},{\"@type\":\"ListItem\",\"position\":2,\"name\":\"Boutique\",\"item\":\"https:\\\/\\\/crochetts.fr\\\/boutique\\\/\"},{\"@type\":\"ListItem\",\"position\":3,\"name\":\"DRAP DE BALEINE GRISE CROCHET_2\"}]},{\"@type\":\"WebSite\",\"@id\":\"https:\\\/\\\/crochetts.com\\\/fr\\\/#website\",\"url\":\"https:\\\/\\\/crochetts.com\\\/fr\\\/\",\"name\":\"Crochetts\",\"description\":\"ANIMALES DE CROCHET PARA JUGAR,DECORAR Y SO\u00d1AR\",\"publisher\":{\"@id\":\"https:\\\/\\\/crochetts.com\\\/fr\\\/#organization\"},\"potentialAction\":[{\"@type\":\"SearchAction\",\"target\":{\"@type\":\"EntryPoint\",\"urlTemplate\":\"https:\\\/\\\/crochetts.com\\\/fr\\\/?s={search_term_string}\"},\"query-input\":{\"@type\":\"PropertyValueSpecification\",\"valueRequired\":true,\"valueName\":\"search_term_string\"}}],\"inLanguage\":\"fr-FR\"},{\"@type\":\"Organization\",\"@id\":\"https:\\\/\\\/crochetts.com\\\/fr\\\/#organization\",\"name\":\"Crochets\",\"url\":\"https:\\\/\\\/crochetts.com\\\/fr\\\/\",\"logo\":{\"@type\":\"ImageObject\",\"inLanguage\":\"fr-FR\",\"@id\":\"https:\\\/\\\/crochetts.com\\\/fr\\\/#\\\/schema\\\/logo\\\/image\\\/\",\"url\":\"https:\\\/\\\/i2.wp.com\\\/crochetts.com\\\/wp-content\\\/uploads\\\/2021\\\/01\\\/Logo-Crochetts.jpg?fit=300%2C137&ssl=1\",\"contentUrl\":\"https:\\\/\\\/i2.wp.com\\\/crochetts.com\\\/wp-content\\\/uploads\\\/2021\\\/01\\\/Logo-Crochetts.jpg?fit=300%2C137&ssl=1\",\"width\":300,\"height\":137,\"caption\":\"Crochets\"},\"image\":{\"@id\":\"https:\\\/\\\/crochetts.com\\\/fr\\\/#\\\/schema\\\/logo\\\/image\\\/\"},\"sameAs\":[\"https:\\\/\\\/www.facebook.com\\\/Crochetts-101964178013493\",\"https:\\\/\\\/www.instagram.com\\\/crochetts_\\\/\"]}]}<\/script>\n<meta property=\"og:availability\" content=\"instock\" \/>\n<meta property=\"product:availability\" content=\"instock\" \/>\n<meta property=\"product:retailer_item_id\" content=\"LMN-CR-0040\" \/>\n<meta property=\"product:condition\" content=\"new\" \/>\n<!-- \/ Yoast SEO Premium plugin. -->","yoast_head_json":{"title":"DRAP DE BALEINE GRISE CROCHET_2 - Crochetts","description":"Imprim\u00e9 d\u00e9coratif pour enfants avec un motif de nounours en crochet. Le compl\u00e9ment id\u00e9al de notre famille de nounours au crochet.","robots":{"index":"index","follow":"follow","max-snippet":"max-snippet:-1","max-image-preview":"max-image-preview:large","max-video-preview":"max-video-preview:-1"},"canonical":"https:\/\/crochetts.com\/fr\/tienda\/drap-de-baleine-grise-crochet_2\/","og_locale":"fr_FR","og_type":"article","og_title":"DRAP DE BALEINE GRISE CROCHET_2","og_description":"Feuille d\u00e9corative pour enfants avec motif de baleine en crochet gris. Produit design id\u00e9al pour d\u00e9corer les chambres d'enfants et les remplir de couleurs et de douceur. Le compl\u00e9ment id\u00e9al de notre famille de peluches au crochet.  Film de format A3. Imprim\u00e9 sur un papier mat de premi\u00e8re qualit\u00e9, d'un grammage de 240 gr\/m2.  Disponible en trois options: - Feuille sans support. - Feuille avec cadre. - Feuille avec crochet en bois.","og_url":"https:\/\/crochetts.com\/fr\/tienda\/drap-de-baleine-grise-crochet_2\/","og_site_name":"Crochetts","article_publisher":"https:\/\/www.facebook.com\/Crochetts-101964178013493","article_modified_time":"2025-11-21T13:11:38+00:00","og_image":[{"width":801,"height":1200,"url":"https:\/\/crochetts.com\/wp-content\/uploads\/2020\/12\/CDR-0040-2.jpg","type":"image\/jpeg"}],"twitter_card":"summary_large_image","twitter_misc":{"Disponibilit\u00e9":"En stock"},"schema":{"@context":"https:\/\/schema.org","@graph":[{"@type":"WebPage","@id":"https:\/\/crochetts.com\/fr\/tienda\/drap-de-baleine-grise-crochet_2\/","url":"https:\/\/crochetts.com\/fr\/tienda\/drap-de-baleine-grise-crochet_2\/","name":"DRAP DE BALEINE GRISE CROCHET_2 - Crochetts","isPartOf":{"@id":"https:\/\/crochetts.com\/fr\/#website"},"primaryImageOfPage":{"@id":"https:\/\/crochetts.com\/fr\/tienda\/drap-de-baleine-grise-crochet_2\/#primaryimage"},"image":{"@id":"https:\/\/crochetts.com\/fr\/tienda\/drap-de-baleine-grise-crochet_2\/#primaryimage"},"thumbnailUrl":"https:\/\/crochetts.com\/wp-content\/uploads\/2020\/12\/CDR-0040-2.jpg","datePublished":"2020-12-23T08:08:32+00:00","dateModified":"2025-11-21T13:11:38+00:00","description":"Imprim\u00e9 d\u00e9coratif pour enfants avec un motif de nounours en crochet. Le compl\u00e9ment id\u00e9al de notre famille de nounours au crochet.","breadcrumb":{"@id":"https:\/\/crochetts.com\/fr\/tienda\/drap-de-baleine-grise-crochet_2\/#breadcrumb"},"inLanguage":"fr-FR","potentialAction":[{"@type":"ReadAction","target":["https:\/\/crochetts.com\/fr\/tienda\/drap-de-baleine-grise-crochet_2\/"]}]},{"@type":"ImageObject","inLanguage":"fr-FR","@id":"https:\/\/crochetts.com\/fr\/tienda\/drap-de-baleine-grise-crochet_2\/#primaryimage","url":"https:\/\/crochetts.com\/wp-content\/uploads\/2020\/12\/CDR-0040-2.jpg","contentUrl":"https:\/\/crochetts.com\/wp-content\/uploads\/2020\/12\/CDR-0040-2.jpg","width":801,"height":1200,"caption":"drap de baleine grise au crochet"},{"@type":"BreadcrumbList","@id":"https:\/\/crochetts.com\/fr\/tienda\/drap-de-baleine-grise-crochet_2\/#breadcrumb","itemListElement":[{"@type":"ListItem","position":1,"name":"Portada","item":"https:\/\/crochetts.com\/fr\/accueil\/"},{"@type":"ListItem","position":2,"name":"Boutique","item":"https:\/\/crochetts.fr\/boutique\/"},{"@type":"ListItem","position":3,"name":"DRAP DE BALEINE GRISE CROCHET_2"}]},{"@type":"WebSite","@id":"https:\/\/crochetts.com\/fr\/#website","url":"https:\/\/crochetts.com\/fr\/","name":"Crochetts","description":"ANIMALES DE CROCHET PARA JUGAR,DECORAR Y SO\u00d1AR","publisher":{"@id":"https:\/\/crochetts.com\/fr\/#organization"},"potentialAction":[{"@type":"SearchAction","target":{"@type":"EntryPoint","urlTemplate":"https:\/\/crochetts.com\/fr\/?s={search_term_string}"},"query-input":{"@type":"PropertyValueSpecification","valueRequired":true,"valueName":"search_term_string"}}],"inLanguage":"fr-FR"},{"@type":"Organization","@id":"https:\/\/crochetts.com\/fr\/#organization","name":"Crochets","url":"https:\/\/crochetts.com\/fr\/","logo":{"@type":"ImageObject","inLanguage":"fr-FR","@id":"https:\/\/crochetts.com\/fr\/#\/schema\/logo\/image\/","url":"https:\/\/i2.wp.com\/crochetts.com\/wp-content\/uploads\/2021\/01\/Logo-Crochetts.jpg?fit=300%2C137&ssl=1","contentUrl":"https:\/\/i2.wp.com\/crochetts.com\/wp-content\/uploads\/2021\/01\/Logo-Crochetts.jpg?fit=300%2C137&ssl=1","width":300,"height":137,"caption":"Crochets"},"image":{"@id":"https:\/\/crochetts.com\/fr\/#\/schema\/logo\/image\/"},"sameAs":["https:\/\/www.facebook.com\/Crochetts-101964178013493","https:\/\/www.instagram.com\/crochetts_\/"]}]},"og_availability":"instock","product_availability":"instock","product_retailer_item_id":"LMN-CR-0040","product_condition":"new"},"_links":{"self":[{"href":"https:\/\/crochetts.com\/fr\/wp-json\/wp\/v2\/product\/21656","targetHints":{"allow":["GET"]}}],"collection":[{"href":"https:\/\/crochetts.com\/fr\/wp-json\/wp\/v2\/product"}],"about":[{"href":"https:\/\/crochetts.com\/fr\/wp-json\/wp\/v2\/types\/product"}],"wp:featuredmedia":[{"embeddable":true,"href":"https:\/\/crochetts.com\/fr\/wp-json\/wp\/v2\/media\/21662"}],"wp:attachment":[{"href":"https:\/\/crochetts.com\/fr\/wp-json\/wp\/v2\/media?parent=21656"}],"wp:term":[{"taxonomy":"product_brand","embeddable":true,"href":"https:\/\/crochetts.com\/fr\/wp-json\/wp\/v2\/product_brand?post=21656"},{"taxonomy":"product_cat","embeddable":true,"href":"https:\/\/crochetts.com\/fr\/wp-json\/wp\/v2\/product_cat?post=21656"},{"taxonomy":"product_tag","embeddable":true,"href":"https:\/\/crochetts.com\/fr\/wp-json\/wp\/v2\/product_tag?post=21656"}],"curies":[{"name":"wp","href":"https:\/\/api.w.org\/{rel}","templated":true}]}}