{"id":21418,"date":"2021-01-19T08:07:02","date_gmt":"2021-01-19T08:07:02","guid":{"rendered":"https:\/\/crochetts.com\/tienda\/dessin-denfant-girafe-impression-fantaisie\/"},"modified":"2025-11-21T14:08:40","modified_gmt":"2025-11-21T13:08:40","slug":"dessin-denfant-girafe-impression-fantaisie","status":"publish","type":"product","link":"https:\/\/crochetts.com\/fr\/tienda\/dessin-denfant-girafe-impression-fantaisie\/","title":{"rendered":"DESSIN D&rsquo;ENFANT GIRAFE IMPRESSION FANTAISIE"},"content":{"rendered":"<p><strong>Impression :<\/strong> format A3 (420&#215;297 mm). Imprim\u00e9 sur un papier mat de premi\u00e8re qualit\u00e9, d&rsquo;un grammage de 240 gr\/m2. <\/p>\n<p><strong>Cadre :<\/strong> Cadre en bois MDF. Finition blanc textur\u00e9.  Couverture en m\u00e9thacrylate, dos en bois MDF et syst\u00e8me d&rsquo;accroche pour la suspension murale. Dimensions avec cadre : 33x2x43 cm - Poids : 1060 g<\/p>\n","protected":false},"excerpt":{"rendered":"<div style=\"text-align: justify;\"><strong>Papier peint d\u00e9coratif pour enfants<\/strong> avec un joyeux motif de girafe.<\/div>\n<div>\n<div style=\"text-align: justify;\">Produit design id\u00e9al pour <strong>d\u00e9corer les<\/strong> <strong>chambres d&rsquo;<\/strong> enfants et <strong>les remplir de couleurs et de douceur<\/strong>.<\/div>\n<div style=\"text-align: justify;\">Disponible en <strong>deux options<\/strong>:<\/div>\n<div style=\"text-align: justify;\">\n<ul>\n<li>Film <strong>non support\u00e9 : <\/strong>film de <strong>taille A3 <\/strong>. Imprim\u00e9 sur un <strong>papier mat de<\/strong> premi\u00e8re qualit\u00e9 d <strong>&lsquo;<\/strong> un<strong> grammage de 240 gr\/m2<\/strong>.<\/li>\n<li>Lamina <strong>avec cadre :<\/strong> comprend un <strong>cadre d\u00e9coratif<\/strong> <strong>en bois<\/strong> textur\u00e9 <strong>blanc<\/strong> avec <strong>protecteur<\/strong> et syst\u00e8me d&rsquo;<strong>accrochage<\/strong>.<\/li>\n<\/ul>\n<\/div>\n<\/div>\n","protected":false},"featured_media":21424,"template":"","meta":{"_acf_changed":false,"_joinchat":[]},"product_brand":[],"product_cat":[4671,4672],"product_tag":[],"class_list":{"0":"post-21418","1":"product","2":"type-product","3":"status-publish","4":"has-post-thumbnail","6":"product_cat-accueil","7":"product_cat-lampes","8":"entry","10":"first","11":"instock","12":"taxable","13":"shipping-taxable","14":"purchasable","15":"product-type-variable"},"acf":[],"yoast_head":"<!-- This site is optimized with the Yoast SEO Premium plugin v26.1 (Yoast SEO v27.3) - https:\/\/yoast.com\/product\/yoast-seo-premium-wordpress\/ -->\n<title>DESSIN D&#039;ENFANT GIRAFE IMPRESSION FANTAISIE% A3, Encadr\u00e9 ou avec cintre -% Crochetts% Crochetts%%.<\/title>\n<meta name=\"description\" content=\"Art mural d\u00e9coratif pour enfants. Produit design id\u00e9al pour d\u00e9corer les chambres d&#039;enfants et les remplir de couleurs et de douceur.\" \/>\n<meta name=\"robots\" content=\"index, follow, max-snippet:-1, max-image-preview:large, max-video-preview:-1\" \/>\n<link rel=\"canonical\" href=\"https:\/\/crochetts.com\/fr\/tienda\/dessin-denfant-girafe-impression-fantaisie\/\" \/>\n<meta property=\"og:locale\" content=\"fr_FR\" \/>\n<meta property=\"og:type\" content=\"article\" \/>\n<meta property=\"og:title\" content=\"DESSIN D&#039;ENFANT GIRAFE IMPRESSION FANTAISIE\" \/>\n<meta property=\"og:description\" content=\"Papier peint d\u00e9coratif pour enfants avec un joyeux motif de girafe. Produit design id\u00e9al pour d\u00e9corer les chambres d&#039; enfants et les remplir de couleurs et de douceur. Disponible en deux options:   Film non support\u00e9 : film de taille A3 . Imprim\u00e9 sur un papier mat de premi\u00e8re qualit\u00e9 d &#039; un grammage de 240 gr\/m2.  Lamina avec cadre : comprend un cadre d\u00e9coratif en bois textur\u00e9 blanc avec protecteur et syst\u00e8me d&#039;accrochage.\" \/>\n<meta property=\"og:url\" content=\"https:\/\/crochetts.com\/fr\/tienda\/dessin-denfant-girafe-impression-fantaisie\/\" \/>\n<meta property=\"og:site_name\" content=\"Crochetts\" \/>\n<meta property=\"article:publisher\" content=\"https:\/\/www.facebook.com\/Crochetts-101964178013493\" \/>\n<meta property=\"article:modified_time\" content=\"2025-11-21T13:08:40+00:00\" \/>\n<meta property=\"og:image\" content=\"https:\/\/crochetts.com\/wp-content\/uploads\/2021\/01\/LMN-37-C-1-scaled.jpg\" \/>\n\t<meta property=\"og:image:width\" content=\"1943\" \/>\n\t<meta property=\"og:image:height\" content=\"2560\" \/>\n\t<meta property=\"og:image:type\" content=\"image\/jpeg\" \/>\n<meta name=\"twitter:card\" content=\"summary_large_image\" \/>\n<meta name=\"twitter:label1\" content=\"Disponibilit\u00e9\" \/>\n\t<meta name=\"twitter:data1\" content=\"En stock\" \/>\n<script type=\"application\/ld+json\" class=\"yoast-schema-graph\">{\"@context\":\"https:\\\/\\\/schema.org\",\"@graph\":[{\"@type\":\"WebPage\",\"@id\":\"https:\\\/\\\/crochetts.com\\\/fr\\\/tienda\\\/dessin-denfant-girafe-impression-fantaisie\\\/\",\"url\":\"https:\\\/\\\/crochetts.com\\\/fr\\\/tienda\\\/dessin-denfant-girafe-impression-fantaisie\\\/\",\"name\":\"DESSIN D'ENFANT GIRAFE IMPRESSION FANTAISIE% A3, Encadr\u00e9 ou avec cintre -% Crochetts% Crochetts%%.\",\"isPartOf\":{\"@id\":\"https:\\\/\\\/crochetts.com\\\/fr\\\/#website\"},\"primaryImageOfPage\":{\"@id\":\"https:\\\/\\\/crochetts.com\\\/fr\\\/tienda\\\/dessin-denfant-girafe-impression-fantaisie\\\/#primaryimage\"},\"image\":{\"@id\":\"https:\\\/\\\/crochetts.com\\\/fr\\\/tienda\\\/dessin-denfant-girafe-impression-fantaisie\\\/#primaryimage\"},\"thumbnailUrl\":\"https:\\\/\\\/crochetts.com\\\/wp-content\\\/uploads\\\/2021\\\/01\\\/LMN-37-C-1-scaled.jpg\",\"datePublished\":\"2021-01-19T08:07:02+00:00\",\"dateModified\":\"2025-11-21T13:08:40+00:00\",\"description\":\"Art mural d\u00e9coratif pour enfants. Produit design id\u00e9al pour d\u00e9corer les chambres d'enfants et les remplir de couleurs et de douceur.\",\"breadcrumb\":{\"@id\":\"https:\\\/\\\/crochetts.com\\\/fr\\\/tienda\\\/dessin-denfant-girafe-impression-fantaisie\\\/#breadcrumb\"},\"inLanguage\":\"fr-FR\",\"potentialAction\":[{\"@type\":\"ReadAction\",\"target\":[\"https:\\\/\\\/crochetts.com\\\/fr\\\/tienda\\\/dessin-denfant-girafe-impression-fantaisie\\\/\"]}]},{\"@type\":\"ImageObject\",\"inLanguage\":\"fr-FR\",\"@id\":\"https:\\\/\\\/crochetts.com\\\/fr\\\/tienda\\\/dessin-denfant-girafe-impression-fantaisie\\\/#primaryimage\",\"url\":\"https:\\\/\\\/crochetts.com\\\/wp-content\\\/uploads\\\/2021\\\/01\\\/LMN-37-C-1-scaled.jpg\",\"contentUrl\":\"https:\\\/\\\/crochetts.com\\\/wp-content\\\/uploads\\\/2021\\\/01\\\/LMN-37-C-1-scaled.jpg\",\"width\":1943,\"height\":2560},{\"@type\":\"BreadcrumbList\",\"@id\":\"https:\\\/\\\/crochetts.com\\\/fr\\\/tienda\\\/dessin-denfant-girafe-impression-fantaisie\\\/#breadcrumb\",\"itemListElement\":[{\"@type\":\"ListItem\",\"position\":1,\"name\":\"Portada\",\"item\":\"https:\\\/\\\/crochetts.com\\\/fr\\\/accueil\\\/\"},{\"@type\":\"ListItem\",\"position\":2,\"name\":\"Boutique\",\"item\":\"https:\\\/\\\/crochetts.fr\\\/boutique\\\/\"},{\"@type\":\"ListItem\",\"position\":3,\"name\":\"DESSIN D&#8217;ENFANT GIRAFE IMPRESSION FANTAISIE\"}]},{\"@type\":\"WebSite\",\"@id\":\"https:\\\/\\\/crochetts.com\\\/fr\\\/#website\",\"url\":\"https:\\\/\\\/crochetts.com\\\/fr\\\/\",\"name\":\"Crochetts\",\"description\":\"ANIMALES DE CROCHET PARA JUGAR,DECORAR Y SO\u00d1AR\",\"publisher\":{\"@id\":\"https:\\\/\\\/crochetts.com\\\/fr\\\/#organization\"},\"potentialAction\":[{\"@type\":\"SearchAction\",\"target\":{\"@type\":\"EntryPoint\",\"urlTemplate\":\"https:\\\/\\\/crochetts.com\\\/fr\\\/?s={search_term_string}\"},\"query-input\":{\"@type\":\"PropertyValueSpecification\",\"valueRequired\":true,\"valueName\":\"search_term_string\"}}],\"inLanguage\":\"fr-FR\"},{\"@type\":\"Organization\",\"@id\":\"https:\\\/\\\/crochetts.com\\\/fr\\\/#organization\",\"name\":\"Crochets\",\"url\":\"https:\\\/\\\/crochetts.com\\\/fr\\\/\",\"logo\":{\"@type\":\"ImageObject\",\"inLanguage\":\"fr-FR\",\"@id\":\"https:\\\/\\\/crochetts.com\\\/fr\\\/#\\\/schema\\\/logo\\\/image\\\/\",\"url\":\"https:\\\/\\\/i2.wp.com\\\/crochetts.com\\\/wp-content\\\/uploads\\\/2021\\\/01\\\/Logo-Crochetts.jpg?fit=300%2C137&ssl=1\",\"contentUrl\":\"https:\\\/\\\/i2.wp.com\\\/crochetts.com\\\/wp-content\\\/uploads\\\/2021\\\/01\\\/Logo-Crochetts.jpg?fit=300%2C137&ssl=1\",\"width\":300,\"height\":137,\"caption\":\"Crochets\"},\"image\":{\"@id\":\"https:\\\/\\\/crochetts.com\\\/fr\\\/#\\\/schema\\\/logo\\\/image\\\/\"},\"sameAs\":[\"https:\\\/\\\/www.facebook.com\\\/Crochetts-101964178013493\",\"https:\\\/\\\/www.instagram.com\\\/crochetts_\\\/\"]}]}<\/script>\n<meta property=\"og:availability\" content=\"instock\" \/>\n<meta property=\"product:availability\" content=\"instock\" \/>\n<meta property=\"product:retailer_item_id\" content=\"LMN-37-1\" \/>\n<meta property=\"product:condition\" content=\"new\" \/>\n<!-- \/ Yoast SEO Premium plugin. -->","yoast_head_json":{"title":"DESSIN D'ENFANT GIRAFE IMPRESSION FANTAISIE% A3, Encadr\u00e9 ou avec cintre -% Crochetts% Crochetts%%.","description":"Art mural d\u00e9coratif pour enfants. Produit design id\u00e9al pour d\u00e9corer les chambres d'enfants et les remplir de couleurs et de douceur.","robots":{"index":"index","follow":"follow","max-snippet":"max-snippet:-1","max-image-preview":"max-image-preview:large","max-video-preview":"max-video-preview:-1"},"canonical":"https:\/\/crochetts.com\/fr\/tienda\/dessin-denfant-girafe-impression-fantaisie\/","og_locale":"fr_FR","og_type":"article","og_title":"DESSIN D'ENFANT GIRAFE IMPRESSION FANTAISIE","og_description":"Papier peint d\u00e9coratif pour enfants avec un joyeux motif de girafe. Produit design id\u00e9al pour d\u00e9corer les chambres d' enfants et les remplir de couleurs et de douceur. Disponible en deux options:   Film non support\u00e9 : film de taille A3 . Imprim\u00e9 sur un papier mat de premi\u00e8re qualit\u00e9 d ' un grammage de 240 gr\/m2.  Lamina avec cadre : comprend un cadre d\u00e9coratif en bois textur\u00e9 blanc avec protecteur et syst\u00e8me d'accrochage.","og_url":"https:\/\/crochetts.com\/fr\/tienda\/dessin-denfant-girafe-impression-fantaisie\/","og_site_name":"Crochetts","article_publisher":"https:\/\/www.facebook.com\/Crochetts-101964178013493","article_modified_time":"2025-11-21T13:08:40+00:00","og_image":[{"width":1943,"height":2560,"url":"https:\/\/crochetts.com\/wp-content\/uploads\/2021\/01\/LMN-37-C-1-scaled.jpg","type":"image\/jpeg"}],"twitter_card":"summary_large_image","twitter_misc":{"Disponibilit\u00e9":"En stock"},"schema":{"@context":"https:\/\/schema.org","@graph":[{"@type":"WebPage","@id":"https:\/\/crochetts.com\/fr\/tienda\/dessin-denfant-girafe-impression-fantaisie\/","url":"https:\/\/crochetts.com\/fr\/tienda\/dessin-denfant-girafe-impression-fantaisie\/","name":"DESSIN D'ENFANT GIRAFE IMPRESSION FANTAISIE% A3, Encadr\u00e9 ou avec cintre -% Crochetts% Crochetts%%.","isPartOf":{"@id":"https:\/\/crochetts.com\/fr\/#website"},"primaryImageOfPage":{"@id":"https:\/\/crochetts.com\/fr\/tienda\/dessin-denfant-girafe-impression-fantaisie\/#primaryimage"},"image":{"@id":"https:\/\/crochetts.com\/fr\/tienda\/dessin-denfant-girafe-impression-fantaisie\/#primaryimage"},"thumbnailUrl":"https:\/\/crochetts.com\/wp-content\/uploads\/2021\/01\/LMN-37-C-1-scaled.jpg","datePublished":"2021-01-19T08:07:02+00:00","dateModified":"2025-11-21T13:08:40+00:00","description":"Art mural d\u00e9coratif pour enfants. Produit design id\u00e9al pour d\u00e9corer les chambres d'enfants et les remplir de couleurs et de douceur.","breadcrumb":{"@id":"https:\/\/crochetts.com\/fr\/tienda\/dessin-denfant-girafe-impression-fantaisie\/#breadcrumb"},"inLanguage":"fr-FR","potentialAction":[{"@type":"ReadAction","target":["https:\/\/crochetts.com\/fr\/tienda\/dessin-denfant-girafe-impression-fantaisie\/"]}]},{"@type":"ImageObject","inLanguage":"fr-FR","@id":"https:\/\/crochetts.com\/fr\/tienda\/dessin-denfant-girafe-impression-fantaisie\/#primaryimage","url":"https:\/\/crochetts.com\/wp-content\/uploads\/2021\/01\/LMN-37-C-1-scaled.jpg","contentUrl":"https:\/\/crochetts.com\/wp-content\/uploads\/2021\/01\/LMN-37-C-1-scaled.jpg","width":1943,"height":2560},{"@type":"BreadcrumbList","@id":"https:\/\/crochetts.com\/fr\/tienda\/dessin-denfant-girafe-impression-fantaisie\/#breadcrumb","itemListElement":[{"@type":"ListItem","position":1,"name":"Portada","item":"https:\/\/crochetts.com\/fr\/accueil\/"},{"@type":"ListItem","position":2,"name":"Boutique","item":"https:\/\/crochetts.fr\/boutique\/"},{"@type":"ListItem","position":3,"name":"DESSIN D&#8217;ENFANT GIRAFE IMPRESSION FANTAISIE"}]},{"@type":"WebSite","@id":"https:\/\/crochetts.com\/fr\/#website","url":"https:\/\/crochetts.com\/fr\/","name":"Crochetts","description":"ANIMALES DE CROCHET PARA JUGAR,DECORAR Y SO\u00d1AR","publisher":{"@id":"https:\/\/crochetts.com\/fr\/#organization"},"potentialAction":[{"@type":"SearchAction","target":{"@type":"EntryPoint","urlTemplate":"https:\/\/crochetts.com\/fr\/?s={search_term_string}"},"query-input":{"@type":"PropertyValueSpecification","valueRequired":true,"valueName":"search_term_string"}}],"inLanguage":"fr-FR"},{"@type":"Organization","@id":"https:\/\/crochetts.com\/fr\/#organization","name":"Crochets","url":"https:\/\/crochetts.com\/fr\/","logo":{"@type":"ImageObject","inLanguage":"fr-FR","@id":"https:\/\/crochetts.com\/fr\/#\/schema\/logo\/image\/","url":"https:\/\/i2.wp.com\/crochetts.com\/wp-content\/uploads\/2021\/01\/Logo-Crochetts.jpg?fit=300%2C137&ssl=1","contentUrl":"https:\/\/i2.wp.com\/crochetts.com\/wp-content\/uploads\/2021\/01\/Logo-Crochetts.jpg?fit=300%2C137&ssl=1","width":300,"height":137,"caption":"Crochets"},"image":{"@id":"https:\/\/crochetts.com\/fr\/#\/schema\/logo\/image\/"},"sameAs":["https:\/\/www.facebook.com\/Crochetts-101964178013493","https:\/\/www.instagram.com\/crochetts_\/"]}]},"og_availability":"instock","product_availability":"instock","product_retailer_item_id":"LMN-37-1","product_condition":"new"},"_links":{"self":[{"href":"https:\/\/crochetts.com\/fr\/wp-json\/wp\/v2\/product\/21418","targetHints":{"allow":["GET"]}}],"collection":[{"href":"https:\/\/crochetts.com\/fr\/wp-json\/wp\/v2\/product"}],"about":[{"href":"https:\/\/crochetts.com\/fr\/wp-json\/wp\/v2\/types\/product"}],"wp:featuredmedia":[{"embeddable":true,"href":"https:\/\/crochetts.com\/fr\/wp-json\/wp\/v2\/media\/21424"}],"wp:attachment":[{"href":"https:\/\/crochetts.com\/fr\/wp-json\/wp\/v2\/media?parent=21418"}],"wp:term":[{"taxonomy":"product_brand","embeddable":true,"href":"https:\/\/crochetts.com\/fr\/wp-json\/wp\/v2\/product_brand?post=21418"},{"taxonomy":"product_cat","embeddable":true,"href":"https:\/\/crochetts.com\/fr\/wp-json\/wp\/v2\/product_cat?post=21418"},{"taxonomy":"product_tag","embeddable":true,"href":"https:\/\/crochetts.com\/fr\/wp-json\/wp\/v2\/product_tag?post=21418"}],"curies":[{"name":"wp","href":"https:\/\/api.w.org\/{rel}","templated":true}]}}