{"id":21374,"date":"2021-05-11T09:05:15","date_gmt":"2021-05-11T08:05:15","guid":{"rendered":"https:\/\/crochetts.com\/tienda\/lion-calin-siege-troy\/"},"modified":"2025-11-21T14:08:33","modified_gmt":"2025-11-21T13:08:33","slug":"lion-calin-siege-troy","status":"publish","type":"product","link":"https:\/\/crochetts.com\/fr\/tienda\/lion-calin-siege-troy\/","title":{"rendered":"LION C\u00c2LIN SI\u00c8GE TROY"},"content":{"rendered":"<div style=\"text-align: justify;\">Toutes nos <strong>poup\u00e9es <\/strong><em><strong>amigurumis<\/strong> <\/em><span style=\"background-color: transparent;\">sont d&rsquo;excellents compagnons <strong>pour les enfants<\/strong> de tous \u00e2ges. Elles <strong>constituent des \u00e9l\u00e9ments de d\u00e9coration<\/strong> parfaits pour les <strong>chambres d&rsquo;enfants<\/strong> ou sont id\u00e9ales pour les <strong>vitrines de magasins<\/strong>.<\/span><\/div>\n<div style=\"text-align: justify;\">Ils sont con\u00e7us et fabriqu\u00e9s selon les <strong>normes de qualit\u00e9 les plus \u00e9lev\u00e9es, en <\/strong>utilisant toujours des mat\u00e9riaux naturels tels que le bois et le coton 100 % naturel. Disponibles en <strong>deux tailles, <\/strong>seules les grandes <strong>sont dot\u00e9es d&rsquo;une structure int\u00e9rieure en bois pouvant supporter jusqu&rsquo;\u00e0 70 kg.<\/strong> <\/div>\n<div>\n<p data-start=\"1411\" data-end=\"1779\">Le <strong data-start=\"1414\" data-end=\"1441\">Lion g\u00e9ant en peluche Maxi<\/strong> n&rsquo;est pas un simple jouet : c&rsquo;est une pi\u00e8ce de design artisanale qui transforme toute chambre d&rsquo;enfant en un espace plein de chaleur et de personnalit\u00e9. Ses <strong data-start=\"1596\" data-end=\"1624\">d\u00e9tails brod\u00e9s \u00e0 la main<\/strong> et ses finitions soign\u00e9es refl\u00e8tent l&rsquo;esprit durable et l&rsquo;authenticit\u00e9 de Crochetts\u00ae, o\u00f9 chaque produit <strong>est cr\u00e9\u00e9 avec amour, respect et souci du d\u00e9tail.<\/strong><\/p>\n<p data-start=\"1781\" data-end=\"2013\">Il comprend une <strong data-start=\"1801\" data-end=\"1838\">lettre de bienvenue personnalis\u00e9e<\/strong> dans laquelle le doudou se pr\u00e9sente \u00e0 l&rsquo;enfant, cr\u00e9ant ainsi un lien sp\u00e9cial d\u00e8s le premier instant. Un d\u00e9tail qui fait de cette peluche un cadeau original et \u00e9motionnellement unique.<\/p>\n<p data-start=\"2015\" data-end=\"2167\">Id\u00e9al pour les <strong data-start=\"2026\" data-end=\"2085\">cadeaux d&rsquo;anniversaire, les anniversaires ou les d\u00e9corations pour enfants !<\/strong><\/p>\n<\/div>\n","protected":false},"excerpt":{"rendered":"<p>Ajoutez une touche chaleureuse et naturelle \u00e0 la chambre d&rsquo;un enfant avec la <strong>peluche Maxi Lion 100% coton marron<\/strong> de <strong>Crochetts<\/strong>, une pi\u00e8ce unique fabriqu\u00e9e \u00e0 la main. Tricot\u00e9 \u00e0 la main en <strong>coton naturel hypoallerg\u00e9nique<\/strong>, cet adorable lion vous invite \u00e0 <strong>jouer, \u00e0 faire des c\u00e2lins et \u00e0 d\u00e9corer<\/strong> avec style et tendresse. <\/p>\n<p>Sa <strong>texture douce et agr\u00e9able au toucher en<\/strong> fait un compagnon id\u00e9al pour les moments de d\u00e9tente et d&rsquo;amusement.<\/p>\n<p>Con\u00e7ue pour r\u00e9sister \u00e0 l&rsquo;\u00e9preuve du temps, elle est dot\u00e9e d&rsquo;une <strong>structure interne en bois de pin naturel<\/strong> qui lui conf\u00e8re fermet\u00e9 et stabilit\u00e9, supportant un <strong>poids allant jusqu&rsquo;\u00e0 70 kg.<\/strong> Les <strong>semelles antid\u00e9rapantes<\/strong> des pieds garantissent s\u00e9curit\u00e9 et protection sur n&rsquo;importe quelle surface, m\u00eame pendant les jeux les plus anim\u00e9s. <\/p>\n<p>Chaque <strong>peluche Crochetts Lion<\/strong> est accompagn\u00e9e d&rsquo;une <strong>lettre de bienvenue personnalis\u00e9e<\/strong>, dans laquelle le lion se pr\u00e9sente \u00e0 l&rsquo;enfant, cr\u00e9ant ainsi une <strong>exp\u00e9rience magique et sp\u00e9ciale<\/strong> qui fait de chaque livraison un <strong>cadeau inoubliable<\/strong>.<\/p>\n","protected":false},"featured_media":21396,"template":"","meta":{"_acf_changed":false,"_joinchat":[]},"product_brand":[],"product_cat":[4671,4787,4816,4826],"product_tag":[4824,4794,4796,4823,5038,5041,4799,4793,4813,4791,4790,4792,4798,4795,4797],"class_list":{"0":"post-21374","1":"product","2":"type-product","3":"status-publish","4":"has-post-thumbnail","6":"product_cat-accueil","7":"product_cat-amigurumis","8":"product_cat-amigurumis-maxi","9":"product_cat-la-ferme","10":"product_tag-animal-en-peluche-geant","11":"product_tag-bebe-ours-en-peluche","12":"product_tag-decoration-pour-enfants","13":"product_tag-geante-teddy-bear","14":"product_tag-grand-ours-en-peluche","15":"product_tag-lion-teddy","16":"product_tag-nounours-decorer","17":"product_tag-ours-en-peluche","18":"product_tag-ours-en-peluche-maxi","19":"product_tag-ourson-au-crochet","20":"product_tag-ourson-en-coton","21":"product_tag-ourson-en-coton-hypoallergenique","22":"product_tag-ourson-xxl","23":"product_tag-peluche-geante","24":"product_tag-siege-en-peluche","25":"entry","27":"first","28":"instock","29":"taxable","30":"shipping-taxable","31":"purchasable","32":"product-type-simple"},"acf":[],"yoast_head":"<!-- This site is optimized with the Yoast SEO Premium plugin v26.1 (Yoast SEO v27.3) - https:\/\/yoast.com\/product\/yoast-seo-premium-wordpress\/ -->\n<title>Si\u00e8ge de lion en peluche en coton hypoallerg\u00e9nique -% Crochetts% Crochetts%.<\/title>\n<meta name=\"description\" content=\"D\u00e9couvrez le si\u00e8ge du lion g\u00e9ant en crochet : 100% coton naturel, hypoallerg\u00e9nique et tr\u00e8s doux au toucher. Id\u00e9al pour offrir ou d\u00e9corer.\" \/>\n<meta name=\"robots\" content=\"index, follow, max-snippet:-1, max-image-preview:large, max-video-preview:-1\" \/>\n<link rel=\"canonical\" href=\"https:\/\/crochetts.com\/fr\/tienda\/lion-calin-siege-troy\/\" \/>\n<meta property=\"og:locale\" content=\"fr_FR\" \/>\n<meta property=\"og:type\" content=\"article\" \/>\n<meta property=\"og:title\" content=\"LION C\u00c2LIN SI\u00c8GE TROY\" \/>\n<meta property=\"og:description\" content=\"Ajoutez une touche chaleureuse et naturelle \u00e0 la chambre d&#039;un enfant avec la peluche Maxi Lion 100% coton marron de Crochetts, une pi\u00e8ce unique fabriqu\u00e9e \u00e0 la main. Tricot\u00e9 \u00e0 la main en coton naturel hypoallerg\u00e9nique, cet adorable lion vous invite \u00e0 jouer, \u00e0 faire des c\u00e2lins et \u00e0 d\u00e9corer avec style et tendresse.  Sa texture douce et agr\u00e9able au toucher en fait un compagnon id\u00e9al pour les moments de d\u00e9tente et d&#039;amusement. Con\u00e7ue pour r\u00e9sister \u00e0 l&#039;\u00e9preuve du temps, elle est dot\u00e9e d&#039;une structure interne en bois de pin naturel qui lui conf\u00e8re fermet\u00e9 et stabilit\u00e9, supportant un poids allant jusqu&#039;\u00e0 70 kg. Les semelles antid\u00e9rapantes des pieds garantissent s\u00e9curit\u00e9 et protection sur n&#039;importe quelle surface, m\u00eame pendant les jeux les plus anim\u00e9s.  Chaque peluche Crochetts Lion est accompagn\u00e9e d&#039;une lettre de bienvenue personnalis\u00e9e, dans laquelle le lion se pr\u00e9sente \u00e0 l&#039;enfant, cr\u00e9ant ainsi une exp\u00e9rience magique et sp\u00e9ciale qui fait de chaque livraison un cadeau inoubliable.\" \/>\n<meta property=\"og:url\" content=\"https:\/\/crochetts.com\/fr\/tienda\/lion-calin-siege-troy\/\" \/>\n<meta property=\"og:site_name\" content=\"Crochetts\" \/>\n<meta property=\"article:publisher\" content=\"https:\/\/www.facebook.com\/Crochetts-101964178013493\" \/>\n<meta property=\"article:modified_time\" content=\"2025-11-21T13:08:33+00:00\" \/>\n<meta property=\"og:image\" content=\"https:\/\/crochetts.com\/wp-content\/uploads\/2021\/05\/LT-R13-6.jpg\" \/>\n\t<meta property=\"og:image:width\" content=\"801\" \/>\n\t<meta property=\"og:image:height\" content=\"1200\" \/>\n\t<meta property=\"og:image:type\" content=\"image\/jpeg\" \/>\n<meta name=\"twitter:card\" content=\"summary_large_image\" \/>\n<meta name=\"twitter:label1\" content=\"Prix\" \/>\n\t<meta name=\"twitter:data1\" content=\"279,98&nbsp;&euro;\" \/>\n\t<meta name=\"twitter:label2\" content=\"Disponibilit\u00e9\" \/>\n\t<meta name=\"twitter:data2\" content=\"En stock\" \/>\n<script type=\"application\/ld+json\" class=\"yoast-schema-graph\">{\"@context\":\"https:\\\/\\\/schema.org\",\"@graph\":[{\"@type\":\"WebPage\",\"@id\":\"https:\\\/\\\/crochetts.com\\\/fr\\\/tienda\\\/lion-calin-siege-troy\\\/\",\"url\":\"https:\\\/\\\/crochetts.com\\\/fr\\\/tienda\\\/lion-calin-siege-troy\\\/\",\"name\":\"Si\u00e8ge de lion en peluche en coton hypoallerg\u00e9nique -% Crochetts% Crochetts%.\",\"isPartOf\":{\"@id\":\"https:\\\/\\\/crochetts.com\\\/fr\\\/#website\"},\"primaryImageOfPage\":{\"@id\":\"https:\\\/\\\/crochetts.com\\\/fr\\\/tienda\\\/lion-calin-siege-troy\\\/#primaryimage\"},\"image\":{\"@id\":\"https:\\\/\\\/crochetts.com\\\/fr\\\/tienda\\\/lion-calin-siege-troy\\\/#primaryimage\"},\"thumbnailUrl\":\"https:\\\/\\\/crochetts.com\\\/wp-content\\\/uploads\\\/2021\\\/05\\\/LT-R13-6.jpg\",\"datePublished\":\"2021-05-11T08:05:15+00:00\",\"dateModified\":\"2025-11-21T13:08:33+00:00\",\"description\":\"D\u00e9couvrez le si\u00e8ge du lion g\u00e9ant en crochet : 100% coton naturel, hypoallerg\u00e9nique et tr\u00e8s doux au toucher. Id\u00e9al pour offrir ou d\u00e9corer.\",\"breadcrumb\":{\"@id\":\"https:\\\/\\\/crochetts.com\\\/fr\\\/tienda\\\/lion-calin-siege-troy\\\/#breadcrumb\"},\"inLanguage\":\"fr-FR\",\"potentialAction\":[{\"@type\":\"ReadAction\",\"target\":[\"https:\\\/\\\/crochetts.com\\\/fr\\\/tienda\\\/lion-calin-siege-troy\\\/\"]}]},{\"@type\":\"ImageObject\",\"inLanguage\":\"fr-FR\",\"@id\":\"https:\\\/\\\/crochetts.com\\\/fr\\\/tienda\\\/lion-calin-siege-troy\\\/#primaryimage\",\"url\":\"https:\\\/\\\/crochetts.com\\\/wp-content\\\/uploads\\\/2021\\\/05\\\/LT-R13-6.jpg\",\"contentUrl\":\"https:\\\/\\\/crochetts.com\\\/wp-content\\\/uploads\\\/2021\\\/05\\\/LT-R13-6.jpg\",\"width\":801,\"height\":1200,\"caption\":\"ours en peluche lion g\u00e9ant\"},{\"@type\":\"BreadcrumbList\",\"@id\":\"https:\\\/\\\/crochetts.com\\\/fr\\\/tienda\\\/lion-calin-siege-troy\\\/#breadcrumb\",\"itemListElement\":[{\"@type\":\"ListItem\",\"position\":1,\"name\":\"Portada\",\"item\":\"https:\\\/\\\/crochetts.com\\\/fr\\\/accueil\\\/\"},{\"@type\":\"ListItem\",\"position\":2,\"name\":\"Boutique\",\"item\":\"https:\\\/\\\/crochetts.fr\\\/boutique\\\/\"},{\"@type\":\"ListItem\",\"position\":3,\"name\":\"LION C\u00c2LIN SI\u00c8GE TROY\"}]},{\"@type\":\"WebSite\",\"@id\":\"https:\\\/\\\/crochetts.com\\\/fr\\\/#website\",\"url\":\"https:\\\/\\\/crochetts.com\\\/fr\\\/\",\"name\":\"Crochetts\",\"description\":\"ANIMALES DE CROCHET PARA JUGAR,DECORAR Y SO\u00d1AR\",\"publisher\":{\"@id\":\"https:\\\/\\\/crochetts.com\\\/fr\\\/#organization\"},\"potentialAction\":[{\"@type\":\"SearchAction\",\"target\":{\"@type\":\"EntryPoint\",\"urlTemplate\":\"https:\\\/\\\/crochetts.com\\\/fr\\\/?s={search_term_string}\"},\"query-input\":{\"@type\":\"PropertyValueSpecification\",\"valueRequired\":true,\"valueName\":\"search_term_string\"}}],\"inLanguage\":\"fr-FR\"},{\"@type\":\"Organization\",\"@id\":\"https:\\\/\\\/crochetts.com\\\/fr\\\/#organization\",\"name\":\"Crochets\",\"url\":\"https:\\\/\\\/crochetts.com\\\/fr\\\/\",\"logo\":{\"@type\":\"ImageObject\",\"inLanguage\":\"fr-FR\",\"@id\":\"https:\\\/\\\/crochetts.com\\\/fr\\\/#\\\/schema\\\/logo\\\/image\\\/\",\"url\":\"https:\\\/\\\/i2.wp.com\\\/crochetts.com\\\/wp-content\\\/uploads\\\/2021\\\/01\\\/Logo-Crochetts.jpg?fit=300%2C137&ssl=1\",\"contentUrl\":\"https:\\\/\\\/i2.wp.com\\\/crochetts.com\\\/wp-content\\\/uploads\\\/2021\\\/01\\\/Logo-Crochetts.jpg?fit=300%2C137&ssl=1\",\"width\":300,\"height\":137,\"caption\":\"Crochets\"},\"image\":{\"@id\":\"https:\\\/\\\/crochetts.com\\\/fr\\\/#\\\/schema\\\/logo\\\/image\\\/\"},\"sameAs\":[\"https:\\\/\\\/www.facebook.com\\\/Crochetts-101964178013493\",\"https:\\\/\\\/www.instagram.com\\\/crochetts_\\\/\"]}]}<\/script>\n<meta property=\"product:price:amount\" content=\"279.98\" \/>\n<meta property=\"product:price:currency\" content=\"EUR\" \/>\n<meta property=\"og:availability\" content=\"instock\" \/>\n<meta property=\"product:availability\" content=\"instock\" \/>\n<meta property=\"product:retailer_item_id\" content=\"LT-R13\" \/>\n<meta property=\"product:condition\" content=\"new\" \/>\n<!-- \/ Yoast SEO Premium plugin. -->","yoast_head_json":{"title":"Si\u00e8ge de lion en peluche en coton hypoallerg\u00e9nique -% Crochetts% Crochetts%.","description":"D\u00e9couvrez le si\u00e8ge du lion g\u00e9ant en crochet : 100% coton naturel, hypoallerg\u00e9nique et tr\u00e8s doux au toucher. Id\u00e9al pour offrir ou d\u00e9corer.","robots":{"index":"index","follow":"follow","max-snippet":"max-snippet:-1","max-image-preview":"max-image-preview:large","max-video-preview":"max-video-preview:-1"},"canonical":"https:\/\/crochetts.com\/fr\/tienda\/lion-calin-siege-troy\/","og_locale":"fr_FR","og_type":"article","og_title":"LION C\u00c2LIN SI\u00c8GE TROY","og_description":"Ajoutez une touche chaleureuse et naturelle \u00e0 la chambre d'un enfant avec la peluche Maxi Lion 100% coton marron de Crochetts, une pi\u00e8ce unique fabriqu\u00e9e \u00e0 la main. Tricot\u00e9 \u00e0 la main en coton naturel hypoallerg\u00e9nique, cet adorable lion vous invite \u00e0 jouer, \u00e0 faire des c\u00e2lins et \u00e0 d\u00e9corer avec style et tendresse.  Sa texture douce et agr\u00e9able au toucher en fait un compagnon id\u00e9al pour les moments de d\u00e9tente et d'amusement. Con\u00e7ue pour r\u00e9sister \u00e0 l'\u00e9preuve du temps, elle est dot\u00e9e d'une structure interne en bois de pin naturel qui lui conf\u00e8re fermet\u00e9 et stabilit\u00e9, supportant un poids allant jusqu'\u00e0 70 kg. Les semelles antid\u00e9rapantes des pieds garantissent s\u00e9curit\u00e9 et protection sur n'importe quelle surface, m\u00eame pendant les jeux les plus anim\u00e9s.  Chaque peluche Crochetts Lion est accompagn\u00e9e d'une lettre de bienvenue personnalis\u00e9e, dans laquelle le lion se pr\u00e9sente \u00e0 l'enfant, cr\u00e9ant ainsi une exp\u00e9rience magique et sp\u00e9ciale qui fait de chaque livraison un cadeau inoubliable.","og_url":"https:\/\/crochetts.com\/fr\/tienda\/lion-calin-siege-troy\/","og_site_name":"Crochetts","article_publisher":"https:\/\/www.facebook.com\/Crochetts-101964178013493","article_modified_time":"2025-11-21T13:08:33+00:00","og_image":[{"width":801,"height":1200,"url":"https:\/\/crochetts.com\/wp-content\/uploads\/2021\/05\/LT-R13-6.jpg","type":"image\/jpeg"}],"twitter_card":"summary_large_image","twitter_misc":{"Prix":"279,98&nbsp;&euro;","Disponibilit\u00e9":"En stock"},"schema":{"@context":"https:\/\/schema.org","@graph":[{"@type":"WebPage","@id":"https:\/\/crochetts.com\/fr\/tienda\/lion-calin-siege-troy\/","url":"https:\/\/crochetts.com\/fr\/tienda\/lion-calin-siege-troy\/","name":"Si\u00e8ge de lion en peluche en coton hypoallerg\u00e9nique -% Crochetts% Crochetts%.","isPartOf":{"@id":"https:\/\/crochetts.com\/fr\/#website"},"primaryImageOfPage":{"@id":"https:\/\/crochetts.com\/fr\/tienda\/lion-calin-siege-troy\/#primaryimage"},"image":{"@id":"https:\/\/crochetts.com\/fr\/tienda\/lion-calin-siege-troy\/#primaryimage"},"thumbnailUrl":"https:\/\/crochetts.com\/wp-content\/uploads\/2021\/05\/LT-R13-6.jpg","datePublished":"2021-05-11T08:05:15+00:00","dateModified":"2025-11-21T13:08:33+00:00","description":"D\u00e9couvrez le si\u00e8ge du lion g\u00e9ant en crochet : 100% coton naturel, hypoallerg\u00e9nique et tr\u00e8s doux au toucher. Id\u00e9al pour offrir ou d\u00e9corer.","breadcrumb":{"@id":"https:\/\/crochetts.com\/fr\/tienda\/lion-calin-siege-troy\/#breadcrumb"},"inLanguage":"fr-FR","potentialAction":[{"@type":"ReadAction","target":["https:\/\/crochetts.com\/fr\/tienda\/lion-calin-siege-troy\/"]}]},{"@type":"ImageObject","inLanguage":"fr-FR","@id":"https:\/\/crochetts.com\/fr\/tienda\/lion-calin-siege-troy\/#primaryimage","url":"https:\/\/crochetts.com\/wp-content\/uploads\/2021\/05\/LT-R13-6.jpg","contentUrl":"https:\/\/crochetts.com\/wp-content\/uploads\/2021\/05\/LT-R13-6.jpg","width":801,"height":1200,"caption":"ours en peluche lion g\u00e9ant"},{"@type":"BreadcrumbList","@id":"https:\/\/crochetts.com\/fr\/tienda\/lion-calin-siege-troy\/#breadcrumb","itemListElement":[{"@type":"ListItem","position":1,"name":"Portada","item":"https:\/\/crochetts.com\/fr\/accueil\/"},{"@type":"ListItem","position":2,"name":"Boutique","item":"https:\/\/crochetts.fr\/boutique\/"},{"@type":"ListItem","position":3,"name":"LION C\u00c2LIN SI\u00c8GE TROY"}]},{"@type":"WebSite","@id":"https:\/\/crochetts.com\/fr\/#website","url":"https:\/\/crochetts.com\/fr\/","name":"Crochetts","description":"ANIMALES DE CROCHET PARA JUGAR,DECORAR Y SO\u00d1AR","publisher":{"@id":"https:\/\/crochetts.com\/fr\/#organization"},"potentialAction":[{"@type":"SearchAction","target":{"@type":"EntryPoint","urlTemplate":"https:\/\/crochetts.com\/fr\/?s={search_term_string}"},"query-input":{"@type":"PropertyValueSpecification","valueRequired":true,"valueName":"search_term_string"}}],"inLanguage":"fr-FR"},{"@type":"Organization","@id":"https:\/\/crochetts.com\/fr\/#organization","name":"Crochets","url":"https:\/\/crochetts.com\/fr\/","logo":{"@type":"ImageObject","inLanguage":"fr-FR","@id":"https:\/\/crochetts.com\/fr\/#\/schema\/logo\/image\/","url":"https:\/\/i2.wp.com\/crochetts.com\/wp-content\/uploads\/2021\/01\/Logo-Crochetts.jpg?fit=300%2C137&ssl=1","contentUrl":"https:\/\/i2.wp.com\/crochetts.com\/wp-content\/uploads\/2021\/01\/Logo-Crochetts.jpg?fit=300%2C137&ssl=1","width":300,"height":137,"caption":"Crochets"},"image":{"@id":"https:\/\/crochetts.com\/fr\/#\/schema\/logo\/image\/"},"sameAs":["https:\/\/www.facebook.com\/Crochetts-101964178013493","https:\/\/www.instagram.com\/crochetts_\/"]}]},"product_price_amount":"279.98","product_price_currency":"EUR","og_availability":"instock","product_availability":"instock","product_retailer_item_id":"LT-R13","product_condition":"new"},"_links":{"self":[{"href":"https:\/\/crochetts.com\/fr\/wp-json\/wp\/v2\/product\/21374","targetHints":{"allow":["GET"]}}],"collection":[{"href":"https:\/\/crochetts.com\/fr\/wp-json\/wp\/v2\/product"}],"about":[{"href":"https:\/\/crochetts.com\/fr\/wp-json\/wp\/v2\/types\/product"}],"wp:featuredmedia":[{"embeddable":true,"href":"https:\/\/crochetts.com\/fr\/wp-json\/wp\/v2\/media\/21396"}],"wp:attachment":[{"href":"https:\/\/crochetts.com\/fr\/wp-json\/wp\/v2\/media?parent=21374"}],"wp:term":[{"taxonomy":"product_brand","embeddable":true,"href":"https:\/\/crochetts.com\/fr\/wp-json\/wp\/v2\/product_brand?post=21374"},{"taxonomy":"product_cat","embeddable":true,"href":"https:\/\/crochetts.com\/fr\/wp-json\/wp\/v2\/product_cat?post=21374"},{"taxonomy":"product_tag","embeddable":true,"href":"https:\/\/crochetts.com\/fr\/wp-json\/wp\/v2\/product_tag?post=21374"}],"curies":[{"name":"wp","href":"https:\/\/api.w.org\/{rel}","templated":true}]}}