{"id":20975,"date":"2020-05-26T10:00:16","date_gmt":"2020-05-26T10:00:16","guid":{"rendered":"https:\/\/crochetts.com\/tienda\/ours-en-peluche-mia-elephant\/"},"modified":"2026-03-10T11:47:28","modified_gmt":"2026-03-10T09:47:28","slug":"ours-en-peluche-mia-elephant","status":"publish","type":"product","link":"https:\/\/crochetts.com\/fr\/tienda\/ours-en-peluche-mia-elephant\/","title":{"rendered":"OURS EN PELUCHE MIA ELEPHANT"},"content":{"rendered":"<div style=\"text-align: justify;\">Toutes nos <strong>poup\u00e9es <\/strong><em><strong>amigurumis<\/strong> <\/em><span style=\"background-color: transparent;\">sont d&rsquo;excellents compagnons <strong>pour les enfants<\/strong> de tous \u00e2ges. Elles <strong>constituent des \u00e9l\u00e9ments de d\u00e9coration<\/strong> parfaits pour les <strong>chambres d&rsquo;enfants<\/strong> ou sont id\u00e9ales pour les <strong>vitrines de magasins<\/strong>.<\/span><\/div>\n<div style=\"text-align: justify;\">Ils sont con\u00e7us et fabriqu\u00e9s selon les <strong>normes de qualit\u00e9 les plus \u00e9lev\u00e9es, en <\/strong>utilisant toujours des mat\u00e9riaux naturels tels que le bois et le coton 100 % naturel. Disponibles en <strong>deux tailles, <\/strong>seules les grandes <strong>sont dot\u00e9es d&rsquo;une structure int\u00e9rieure en bois pouvant supporter jusqu&rsquo;\u00e0 70 kg.<\/strong> <\/div>\n<div>\n<p data-start=\"1411\" data-end=\"1779\">Le <strong data-start=\"1414\" data-end=\"1441\">doudou \u00e9l\u00e9phant <\/strong>n&rsquo;est pas un simple jouet : c&rsquo;est une pi\u00e8ce de design artisanale qui transforme la chambre d&rsquo;un enfant en un espace plein de chaleur et de personnalit\u00e9. Ses <strong data-start=\"1596\" data-end=\"1624\">d\u00e9tails brod\u00e9s \u00e0 la main<\/strong> et ses finitions soign\u00e9es refl\u00e8tent l&rsquo;esprit durable et l&rsquo;authenticit\u00e9 de Crochetts\u00ae, o\u00f9 chaque produit <strong>est cr\u00e9\u00e9 avec amour, respect et souci du d\u00e9tail<\/strong>. <\/p>\n<p data-start=\"1781\" data-end=\"2013\">Il comprend une <strong data-start=\"1801\" data-end=\"1838\">lettre de bienvenue personnalis\u00e9e<\/strong> dans laquelle le doudou se pr\u00e9sente \u00e0 l&rsquo;enfant, cr\u00e9ant ainsi un lien privil\u00e9gi\u00e9 d\u00e8s les premiers instants. Un d\u00e9tail qui fait de cette peluche un cadeau original et \u00e9motionnellement unique. <\/p>\n<p data-start=\"2015\" data-end=\"2167\">Id\u00e9al pour les <strong data-start=\"2026\" data-end=\"2085\">cadeaux d&rsquo;anniversaire, les anniversaires ou les d\u00e9corations pour enfants !<\/strong><\/p>\n<\/div>\n","protected":false},"excerpt":{"rendered":"<p style=\"text-align: justify;\" data-start=\"224\" data-end=\"503\">D\u00e9couvrez notre <strong data-start=\"241\" data-end=\"289\">peluche Mia Elephant en crochet 100% coton naturel<\/strong>, un jouet artisanal id\u00e9al pour les b\u00e9b\u00e9s et les tout-petits. Cette adorable <strong data-start=\"352\" data-end=\"388\">peluche en coton<\/strong> allie <strong>design, douceur et durabilit\u00e9<\/strong> pour accompagner les meilleurs moments de jeu, de repos et de tendresse des tout-petits. <\/p>\n<p style=\"text-align: left;\" data-start=\"505\" data-end=\"759\">Chaque \u00e9l\u00e9phant est soigneusement fabriqu\u00e9 avec du <strong data-start=\"549\" data-end=\"585\">coton biologique de haute qualit\u00e9<\/strong> et un rembourrage hypoallerg\u00e9nique, ce qui garantit son confort et sa durabilit\u00e9. Sa trompe d\u00e9licate et ses d\u00e9tails au crochet font de cet animal en peluche un compagnon adorable et robuste. <\/p>\n<p style=\"text-align: left;\" data-start=\"761\" data-end=\"918\">De plus, notre peluche est <strong data-start=\"788\" data-end=\"808\">facile \u00e0 nettoyer<\/strong> et <strong data-start=\"811\" data-end=\"861\">peut \u00eatre lav\u00e9e en machine \u00e0 l&rsquo;eau froide sur un cycle d\u00e9licat,<\/strong> pour qu&rsquo;elle reste impeccable et pr\u00eate \u00e0 \u00eatre c\u00e2lin\u00e9e.<\/p>\n<p style=\"text-align: left;\"><b>M\u00eda <\/b>est livr\u00e9 avec une <strong>lettre de<\/strong> <strong>pr\u00e9sentation<\/strong> pour votre enfant et une <strong>pochette en coton<\/strong> r\u00e9utilisable, parfaite pour prendre soin de lui et <strong>l&#8217;emmener<\/strong> partout <strong>avec vous<\/strong>, votre enfant va l&rsquo;adorer ! <\/p>\n","protected":false},"featured_media":20998,"template":"","meta":{"_acf_changed":false,"_joinchat":[]},"product_brand":[],"product_cat":[4671,4787,4831,4840,4844,4817],"product_tag":[4796,4838,4822,4799,4793,4833,4835,4791,4790,4792],"class_list":{"0":"post-20975","1":"product","2":"type-product","3":"status-publish","4":"has-post-thumbnail","6":"product_cat-accueil","7":"product_cat-amigurumis","8":"product_cat-mini-amigurumis","9":"product_cat-sortie","10":"product_cat-sortie-2","11":"product_cat-zoo","12":"product_tag-decoration-pour-enfants","13":"product_tag-des-cadeaux-originaux","14":"product_tag-elephant-en-peluche","15":"product_tag-nounours-decorer","16":"product_tag-ours-en-peluche","17":"product_tag-ours-en-peluche-2","18":"product_tag-ours-en-peluche-original","19":"product_tag-ourson-au-crochet","20":"product_tag-ourson-en-coton","21":"product_tag-ourson-en-coton-hypoallergenique","22":"entry","24":"first","25":"instock","26":"sale","27":"taxable","28":"shipping-taxable","29":"purchasable","30":"product-type-simple"},"acf":[],"yoast_head":"<!-- This site is optimized with the Yoast SEO Premium plugin v26.1 (Yoast SEO v27.3) - https:\/\/yoast.com\/product\/yoast-seo-premium-wordpress\/ -->\n<title>Peluche \u00e9l\u00e9phant 100% coton hypoallerg\u00e9nique - Crochetts%.<\/title>\n<meta name=\"description\" content=\"D\u00e9couvrez le doudou \u00e9l\u00e9phant en crochet : 100% coton naturel, hypoallerg\u00e9nique et tr\u00e8s doux au toucher. Id\u00e9al pour offrir ou d\u00e9corer.\" \/>\n<meta name=\"robots\" content=\"index, follow, max-snippet:-1, max-image-preview:large, max-video-preview:-1\" \/>\n<link rel=\"canonical\" href=\"https:\/\/crochetts.com\/fr\/tienda\/ours-en-peluche-mia-elephant\/\" \/>\n<meta property=\"og:locale\" content=\"fr_FR\" \/>\n<meta property=\"og:type\" content=\"article\" \/>\n<meta property=\"og:title\" content=\"OURS EN PELUCHE MIA ELEPHANT\" \/>\n<meta property=\"og:description\" content=\"D\u00e9couvrez notre peluche Mia Elephant en crochet 100% coton naturel, un jouet artisanal id\u00e9al pour les b\u00e9b\u00e9s et les tout-petits. Cette adorable peluche en coton allie design, douceur et durabilit\u00e9 pour accompagner les meilleurs moments de jeu, de repos et de tendresse des tout-petits. Chaque \u00e9l\u00e9phant est soigneusement fabriqu\u00e9 avec du coton biologique de haute qualit\u00e9 et un rembourrage hypoallerg\u00e9nique, ce qui garantit son confort et sa durabilit\u00e9. Sa trompe d\u00e9licate et ses d\u00e9tails au crochet font de cet animal en peluche un compagnon adorable et robuste. De plus, notre peluche est facile \u00e0 nettoyer et peut \u00eatre lav\u00e9e en machine \u00e0 l&#039;eau froide sur un cycle d\u00e9licat, pour qu&#039;elle reste impeccable et pr\u00eate \u00e0 \u00eatre c\u00e2lin\u00e9e. M\u00eda est livr\u00e9 avec une lettre de pr\u00e9sentation pour votre enfant et une pochette en coton r\u00e9utilisable, parfaite pour prendre soin de lui et l&#039;emmener partout avec vous, votre enfant va l&#039;adorer !\" \/>\n<meta property=\"og:url\" content=\"https:\/\/crochetts.com\/fr\/tienda\/ours-en-peluche-mia-elephant\/\" \/>\n<meta property=\"og:site_name\" content=\"Crochetts\" \/>\n<meta property=\"article:publisher\" content=\"https:\/\/www.facebook.com\/Crochetts-101964178013493\" \/>\n<meta property=\"article:modified_time\" content=\"2026-03-10T09:47:28+00:00\" \/>\n<meta property=\"og:image\" content=\"https:\/\/crochetts.com\/wp-content\/uploads\/2020\/05\/LT-M03-2.jpg\" \/>\n\t<meta property=\"og:image:width\" content=\"800\" \/>\n\t<meta property=\"og:image:height\" content=\"1198\" \/>\n\t<meta property=\"og:image:type\" content=\"image\/jpeg\" \/>\n<meta name=\"twitter:card\" content=\"summary_large_image\" \/>\n<meta name=\"twitter:label1\" content=\"Prix\" \/>\n\t<meta name=\"twitter:data1\" content=\"39,70&nbsp;&euro;\" \/>\n\t<meta name=\"twitter:label2\" content=\"Disponibilit\u00e9\" \/>\n\t<meta name=\"twitter:data2\" content=\"En stock\" \/>\n<script type=\"application\/ld+json\" class=\"yoast-schema-graph\">{\"@context\":\"https:\\\/\\\/schema.org\",\"@graph\":[{\"@type\":\"WebPage\",\"@id\":\"https:\\\/\\\/crochetts.com\\\/fr\\\/tienda\\\/ours-en-peluche-mia-elephant\\\/\",\"url\":\"https:\\\/\\\/crochetts.com\\\/fr\\\/tienda\\\/ours-en-peluche-mia-elephant\\\/\",\"name\":\"Peluche \u00e9l\u00e9phant 100% coton hypoallerg\u00e9nique - Crochetts%.\",\"isPartOf\":{\"@id\":\"https:\\\/\\\/crochetts.com\\\/fr\\\/#website\"},\"primaryImageOfPage\":{\"@id\":\"https:\\\/\\\/crochetts.com\\\/fr\\\/tienda\\\/ours-en-peluche-mia-elephant\\\/#primaryimage\"},\"image\":{\"@id\":\"https:\\\/\\\/crochetts.com\\\/fr\\\/tienda\\\/ours-en-peluche-mia-elephant\\\/#primaryimage\"},\"thumbnailUrl\":\"https:\\\/\\\/crochetts.com\\\/wp-content\\\/uploads\\\/2020\\\/05\\\/LT-M03-2.jpg\",\"datePublished\":\"2020-05-26T10:00:16+00:00\",\"dateModified\":\"2026-03-10T09:47:28+00:00\",\"description\":\"D\u00e9couvrez le doudou \u00e9l\u00e9phant en crochet : 100% coton naturel, hypoallerg\u00e9nique et tr\u00e8s doux au toucher. Id\u00e9al pour offrir ou d\u00e9corer.\",\"breadcrumb\":{\"@id\":\"https:\\\/\\\/crochetts.com\\\/fr\\\/tienda\\\/ours-en-peluche-mia-elephant\\\/#breadcrumb\"},\"inLanguage\":\"fr-FR\",\"potentialAction\":[{\"@type\":\"ReadAction\",\"target\":[\"https:\\\/\\\/crochetts.com\\\/fr\\\/tienda\\\/ours-en-peluche-mia-elephant\\\/\"]}]},{\"@type\":\"ImageObject\",\"inLanguage\":\"fr-FR\",\"@id\":\"https:\\\/\\\/crochetts.com\\\/fr\\\/tienda\\\/ours-en-peluche-mia-elephant\\\/#primaryimage\",\"url\":\"https:\\\/\\\/crochetts.com\\\/wp-content\\\/uploads\\\/2020\\\/05\\\/LT-M03-2.jpg\",\"contentUrl\":\"https:\\\/\\\/crochetts.com\\\/wp-content\\\/uploads\\\/2020\\\/05\\\/LT-M03-2.jpg\",\"width\":800,\"height\":1198,\"caption\":\"\u00e9l\u00e9phant en coton en peluche\"},{\"@type\":\"BreadcrumbList\",\"@id\":\"https:\\\/\\\/crochetts.com\\\/fr\\\/tienda\\\/ours-en-peluche-mia-elephant\\\/#breadcrumb\",\"itemListElement\":[{\"@type\":\"ListItem\",\"position\":1,\"name\":\"Portada\",\"item\":\"https:\\\/\\\/crochetts.com\\\/fr\\\/accueil\\\/\"},{\"@type\":\"ListItem\",\"position\":2,\"name\":\"Boutique\",\"item\":\"https:\\\/\\\/crochetts.fr\\\/boutique\\\/\"},{\"@type\":\"ListItem\",\"position\":3,\"name\":\"OURS EN PELUCHE MIA ELEPHANT\"}]},{\"@type\":\"WebSite\",\"@id\":\"https:\\\/\\\/crochetts.com\\\/fr\\\/#website\",\"url\":\"https:\\\/\\\/crochetts.com\\\/fr\\\/\",\"name\":\"Crochetts\",\"description\":\"ANIMALES DE CROCHET PARA JUGAR,DECORAR Y SO\u00d1AR\",\"publisher\":{\"@id\":\"https:\\\/\\\/crochetts.com\\\/fr\\\/#organization\"},\"potentialAction\":[{\"@type\":\"SearchAction\",\"target\":{\"@type\":\"EntryPoint\",\"urlTemplate\":\"https:\\\/\\\/crochetts.com\\\/fr\\\/?s={search_term_string}\"},\"query-input\":{\"@type\":\"PropertyValueSpecification\",\"valueRequired\":true,\"valueName\":\"search_term_string\"}}],\"inLanguage\":\"fr-FR\"},{\"@type\":\"Organization\",\"@id\":\"https:\\\/\\\/crochetts.com\\\/fr\\\/#organization\",\"name\":\"Crochets\",\"url\":\"https:\\\/\\\/crochetts.com\\\/fr\\\/\",\"logo\":{\"@type\":\"ImageObject\",\"inLanguage\":\"fr-FR\",\"@id\":\"https:\\\/\\\/crochetts.com\\\/fr\\\/#\\\/schema\\\/logo\\\/image\\\/\",\"url\":\"https:\\\/\\\/i2.wp.com\\\/crochetts.com\\\/wp-content\\\/uploads\\\/2021\\\/01\\\/Logo-Crochetts.jpg?fit=300%2C137&ssl=1\",\"contentUrl\":\"https:\\\/\\\/i2.wp.com\\\/crochetts.com\\\/wp-content\\\/uploads\\\/2021\\\/01\\\/Logo-Crochetts.jpg?fit=300%2C137&ssl=1\",\"width\":300,\"height\":137,\"caption\":\"Crochets\"},\"image\":{\"@id\":\"https:\\\/\\\/crochetts.com\\\/fr\\\/#\\\/schema\\\/logo\\\/image\\\/\"},\"sameAs\":[\"https:\\\/\\\/www.facebook.com\\\/Crochetts-101964178013493\",\"https:\\\/\\\/www.instagram.com\\\/crochetts_\\\/\"]}]}<\/script>\n<meta property=\"product:price:amount\" content=\"39.70\" \/>\n<meta property=\"product:price:currency\" content=\"EUR\" \/>\n<meta property=\"og:availability\" content=\"instock\" \/>\n<meta property=\"product:availability\" content=\"instock\" \/>\n<meta property=\"product:retailer_item_id\" content=\"LT-M03\" \/>\n<meta property=\"product:condition\" content=\"new\" \/>\n<!-- \/ Yoast SEO Premium plugin. -->","yoast_head_json":{"title":"Peluche \u00e9l\u00e9phant 100% coton hypoallerg\u00e9nique - Crochetts%.","description":"D\u00e9couvrez le doudou \u00e9l\u00e9phant en crochet : 100% coton naturel, hypoallerg\u00e9nique et tr\u00e8s doux au toucher. Id\u00e9al pour offrir ou d\u00e9corer.","robots":{"index":"index","follow":"follow","max-snippet":"max-snippet:-1","max-image-preview":"max-image-preview:large","max-video-preview":"max-video-preview:-1"},"canonical":"https:\/\/crochetts.com\/fr\/tienda\/ours-en-peluche-mia-elephant\/","og_locale":"fr_FR","og_type":"article","og_title":"OURS EN PELUCHE MIA ELEPHANT","og_description":"D\u00e9couvrez notre peluche Mia Elephant en crochet 100% coton naturel, un jouet artisanal id\u00e9al pour les b\u00e9b\u00e9s et les tout-petits. Cette adorable peluche en coton allie design, douceur et durabilit\u00e9 pour accompagner les meilleurs moments de jeu, de repos et de tendresse des tout-petits. Chaque \u00e9l\u00e9phant est soigneusement fabriqu\u00e9 avec du coton biologique de haute qualit\u00e9 et un rembourrage hypoallerg\u00e9nique, ce qui garantit son confort et sa durabilit\u00e9. Sa trompe d\u00e9licate et ses d\u00e9tails au crochet font de cet animal en peluche un compagnon adorable et robuste. De plus, notre peluche est facile \u00e0 nettoyer et peut \u00eatre lav\u00e9e en machine \u00e0 l'eau froide sur un cycle d\u00e9licat, pour qu'elle reste impeccable et pr\u00eate \u00e0 \u00eatre c\u00e2lin\u00e9e. M\u00eda est livr\u00e9 avec une lettre de pr\u00e9sentation pour votre enfant et une pochette en coton r\u00e9utilisable, parfaite pour prendre soin de lui et l'emmener partout avec vous, votre enfant va l'adorer !","og_url":"https:\/\/crochetts.com\/fr\/tienda\/ours-en-peluche-mia-elephant\/","og_site_name":"Crochetts","article_publisher":"https:\/\/www.facebook.com\/Crochetts-101964178013493","article_modified_time":"2026-03-10T09:47:28+00:00","og_image":[{"width":800,"height":1198,"url":"https:\/\/crochetts.com\/wp-content\/uploads\/2020\/05\/LT-M03-2.jpg","type":"image\/jpeg"}],"twitter_card":"summary_large_image","twitter_misc":{"Prix":"39,70&nbsp;&euro;","Disponibilit\u00e9":"En stock"},"schema":{"@context":"https:\/\/schema.org","@graph":[{"@type":"WebPage","@id":"https:\/\/crochetts.com\/fr\/tienda\/ours-en-peluche-mia-elephant\/","url":"https:\/\/crochetts.com\/fr\/tienda\/ours-en-peluche-mia-elephant\/","name":"Peluche \u00e9l\u00e9phant 100% coton hypoallerg\u00e9nique - Crochetts%.","isPartOf":{"@id":"https:\/\/crochetts.com\/fr\/#website"},"primaryImageOfPage":{"@id":"https:\/\/crochetts.com\/fr\/tienda\/ours-en-peluche-mia-elephant\/#primaryimage"},"image":{"@id":"https:\/\/crochetts.com\/fr\/tienda\/ours-en-peluche-mia-elephant\/#primaryimage"},"thumbnailUrl":"https:\/\/crochetts.com\/wp-content\/uploads\/2020\/05\/LT-M03-2.jpg","datePublished":"2020-05-26T10:00:16+00:00","dateModified":"2026-03-10T09:47:28+00:00","description":"D\u00e9couvrez le doudou \u00e9l\u00e9phant en crochet : 100% coton naturel, hypoallerg\u00e9nique et tr\u00e8s doux au toucher. Id\u00e9al pour offrir ou d\u00e9corer.","breadcrumb":{"@id":"https:\/\/crochetts.com\/fr\/tienda\/ours-en-peluche-mia-elephant\/#breadcrumb"},"inLanguage":"fr-FR","potentialAction":[{"@type":"ReadAction","target":["https:\/\/crochetts.com\/fr\/tienda\/ours-en-peluche-mia-elephant\/"]}]},{"@type":"ImageObject","inLanguage":"fr-FR","@id":"https:\/\/crochetts.com\/fr\/tienda\/ours-en-peluche-mia-elephant\/#primaryimage","url":"https:\/\/crochetts.com\/wp-content\/uploads\/2020\/05\/LT-M03-2.jpg","contentUrl":"https:\/\/crochetts.com\/wp-content\/uploads\/2020\/05\/LT-M03-2.jpg","width":800,"height":1198,"caption":"\u00e9l\u00e9phant en coton en peluche"},{"@type":"BreadcrumbList","@id":"https:\/\/crochetts.com\/fr\/tienda\/ours-en-peluche-mia-elephant\/#breadcrumb","itemListElement":[{"@type":"ListItem","position":1,"name":"Portada","item":"https:\/\/crochetts.com\/fr\/accueil\/"},{"@type":"ListItem","position":2,"name":"Boutique","item":"https:\/\/crochetts.fr\/boutique\/"},{"@type":"ListItem","position":3,"name":"OURS EN PELUCHE MIA ELEPHANT"}]},{"@type":"WebSite","@id":"https:\/\/crochetts.com\/fr\/#website","url":"https:\/\/crochetts.com\/fr\/","name":"Crochetts","description":"ANIMALES DE CROCHET PARA JUGAR,DECORAR Y SO\u00d1AR","publisher":{"@id":"https:\/\/crochetts.com\/fr\/#organization"},"potentialAction":[{"@type":"SearchAction","target":{"@type":"EntryPoint","urlTemplate":"https:\/\/crochetts.com\/fr\/?s={search_term_string}"},"query-input":{"@type":"PropertyValueSpecification","valueRequired":true,"valueName":"search_term_string"}}],"inLanguage":"fr-FR"},{"@type":"Organization","@id":"https:\/\/crochetts.com\/fr\/#organization","name":"Crochets","url":"https:\/\/crochetts.com\/fr\/","logo":{"@type":"ImageObject","inLanguage":"fr-FR","@id":"https:\/\/crochetts.com\/fr\/#\/schema\/logo\/image\/","url":"https:\/\/i2.wp.com\/crochetts.com\/wp-content\/uploads\/2021\/01\/Logo-Crochetts.jpg?fit=300%2C137&ssl=1","contentUrl":"https:\/\/i2.wp.com\/crochetts.com\/wp-content\/uploads\/2021\/01\/Logo-Crochetts.jpg?fit=300%2C137&ssl=1","width":300,"height":137,"caption":"Crochets"},"image":{"@id":"https:\/\/crochetts.com\/fr\/#\/schema\/logo\/image\/"},"sameAs":["https:\/\/www.facebook.com\/Crochetts-101964178013493","https:\/\/www.instagram.com\/crochetts_\/"]}]},"product_price_amount":"39.70","product_price_currency":"EUR","og_availability":"instock","product_availability":"instock","product_retailer_item_id":"LT-M03","product_condition":"new"},"_links":{"self":[{"href":"https:\/\/crochetts.com\/fr\/wp-json\/wp\/v2\/product\/20975","targetHints":{"allow":["GET"]}}],"collection":[{"href":"https:\/\/crochetts.com\/fr\/wp-json\/wp\/v2\/product"}],"about":[{"href":"https:\/\/crochetts.com\/fr\/wp-json\/wp\/v2\/types\/product"}],"wp:featuredmedia":[{"embeddable":true,"href":"https:\/\/crochetts.com\/fr\/wp-json\/wp\/v2\/media\/20998"}],"wp:attachment":[{"href":"https:\/\/crochetts.com\/fr\/wp-json\/wp\/v2\/media?parent=20975"}],"wp:term":[{"taxonomy":"product_brand","embeddable":true,"href":"https:\/\/crochetts.com\/fr\/wp-json\/wp\/v2\/product_brand?post=20975"},{"taxonomy":"product_cat","embeddable":true,"href":"https:\/\/crochetts.com\/fr\/wp-json\/wp\/v2\/product_cat?post=20975"},{"taxonomy":"product_tag","embeddable":true,"href":"https:\/\/crochetts.com\/fr\/wp-json\/wp\/v2\/product_tag?post=20975"}],"curies":[{"name":"wp","href":"https:\/\/api.w.org\/{rel}","templated":true}]}}