{"id":20822,"date":"2020-05-26T16:38:47","date_gmt":"2020-05-26T16:38:47","guid":{"rendered":"https:\/\/crochetts.com\/tienda\/siege-de-vache-en-peluche-lola\/"},"modified":"2025-11-21T14:18:28","modified_gmt":"2025-11-21T13:18:28","slug":"siege-de-vache-en-peluche-lola","status":"publish","type":"product","link":"https:\/\/crochetts.com\/fr\/tienda\/siege-de-vache-en-peluche-lola\/","title":{"rendered":"SI\u00c8GE DE VACHE EN PELUCHE LOLA"},"content":{"rendered":"<div style=\"text-align: justify;\">Toutes nos <strong>poup\u00e9es <\/strong><em><strong>amigurumis<\/strong> <\/em><span style=\"background-color: transparent;\">sont d&rsquo;excellents compagnons <strong>pour les enfants<\/strong> de tous \u00e2ges. Elles <strong>constituent des \u00e9l\u00e9ments de d\u00e9coration<\/strong> parfaits pour les <strong>chambres d&rsquo;enfants<\/strong> ou sont id\u00e9ales pour les <strong>vitrines de magasins<\/strong>.<\/span><\/div>\n<div style=\"text-align: justify;\">Ils sont con\u00e7us et fabriqu\u00e9s selon les <strong>normes de qualit\u00e9 les plus \u00e9lev\u00e9es, en <\/strong>utilisant toujours des mat\u00e9riaux naturels tels que le bois et le coton 100 % naturel. Disponibles en <strong>deux tailles, <\/strong>seules les grandes <strong>sont dot\u00e9es d&rsquo;une structure int\u00e9rieure en bois pouvant supporter jusqu&rsquo;\u00e0 70 kg.<\/strong> <\/div>\n<div>\n<p data-start=\"1411\" data-end=\"1779\">La <strong data-start=\"1414\" data-end=\"1441\">peluche g\u00e9ante Cow Maxi<\/strong> n&rsquo;est pas seulement un jouet : c&rsquo;est une pi\u00e8ce de design artisanale qui transforme toute chambre d&rsquo;enfant en un espace plein de chaleur et de personnalit\u00e9. Ses <strong data-start=\"1596\" data-end=\"1624\">d\u00e9tails brod\u00e9s \u00e0 la main<\/strong> et ses finitions soign\u00e9es refl\u00e8tent l&rsquo;esprit durable et l&rsquo;authenticit\u00e9 de Crochetts\u00ae, o\u00f9 chaque produit <strong>est cr\u00e9\u00e9 avec amour, respect et souci du d\u00e9tail.<\/strong><\/p>\n<p data-start=\"1781\" data-end=\"2013\">Il comprend une <strong data-start=\"1801\" data-end=\"1838\">lettre de bienvenue personnalis\u00e9e<\/strong> dans laquelle Lola la peluche se pr\u00e9sente \u00e0 l&rsquo;enfant, cr\u00e9ant ainsi un lien particulier d\u00e8s les premiers instants. Un d\u00e9tail qui fait de cette peluche un cadeau original et \u00e9motionnellement unique.<\/p>\n<p data-start=\"2015\" data-end=\"2167\">Id\u00e9al pour les <strong data-start=\"2026\" data-end=\"2085\">cadeaux d&rsquo;anniversaire, les anniversaires ou les d\u00e9corations pour enfants !<\/strong><\/p>\n<\/div>\n","protected":false},"excerpt":{"rendered":"<p>Remplissez la chambre de vos enfants de tendresse et de charme avec le <strong>doudou Maxi Cow 100% coton blanc de<\/strong> <strong>Crochetts<\/strong>, une cr\u00e9ation artisanale qui allie <strong>chaleur, qualit\u00e9 et responsabilit\u00e9.<\/strong> Fabriqu\u00e9e en <strong>tricot de coton naturel hypoallerg\u00e9nique<\/strong>, cette adorable vache est le <strong>compagnon <\/strong>id\u00e9al pour<strong> d\u00e9corer, jouer<\/strong> et partager des<strong> moments privil\u00e9gi\u00e9s<\/strong> avec les tout-petits. <\/p>\n<p>Con\u00e7ue pour accompagner les aventures quotidiennes, la <strong>vache Maxi Crochetts<\/strong> est dot\u00e9e d&rsquo;une <strong>structure interne en bois de pin<\/strong> qui lui conf\u00e8re <strong>stabilit\u00e9, solidit\u00e9 et durabilit\u00e9<\/strong>, supportant un <strong>poids allant jusqu&rsquo;\u00e0 70 kg.<\/strong> De plus, ses <strong>pieds antid\u00e9rapants<\/strong> garantissent <strong>s\u00e9curit\u00e9 et protection<\/strong>, m\u00eame pendant les jeux les plus actifs. <\/p>\n<p>Il comprend une <strong data-start=\"1801\" data-end=\"1838\">lettre de bienvenue personnalis\u00e9e<\/strong> dans laquelle Lola la peluche se pr\u00e9sente \u00e0 l&rsquo;enfant, cr\u00e9ant ainsi un lien particulier d\u00e8s les premiers instants. Un d\u00e9tail qui fait de cette peluche un cadeau original et \u00e9motionnellement unique. Id\u00e9al pour les <strong data-start=\"2026\" data-end=\"2085\">cadeaux d&rsquo;anniversaire, les anniversaires ou les d\u00e9corations pour enfants !<\/strong><\/p>\n","protected":false},"featured_media":20858,"template":"","meta":{"_acf_changed":false,"_joinchat":[]},"product_brand":[],"product_cat":[4671,4787,4816,4826],"product_tag":[4794,4796,4799,4793,4813,4791,4790,4792,4795,4829,4797,4828],"class_list":{"0":"post-20822","1":"product","2":"type-product","3":"status-publish","4":"has-post-thumbnail","6":"product_cat-accueil","7":"product_cat-amigurumis","8":"product_cat-amigurumis-maxi","9":"product_cat-la-ferme","10":"product_tag-bebe-ours-en-peluche","11":"product_tag-decoration-pour-enfants","12":"product_tag-nounours-decorer","13":"product_tag-ours-en-peluche","14":"product_tag-ours-en-peluche-maxi","15":"product_tag-ourson-au-crochet","16":"product_tag-ourson-en-coton","17":"product_tag-ourson-en-coton-hypoallergenique","18":"product_tag-peluche-geante","19":"product_tag-peluche-xl","20":"product_tag-siege-en-peluche","21":"product_tag-vache-en-peluche","22":"entry","24":"first","25":"instock","26":"taxable","27":"shipping-taxable","28":"purchasable","29":"product-type-simple"},"acf":[],"yoast_head":"<!-- This site is optimized with the Yoast SEO Premium plugin v26.1 (Yoast SEO v27.3) - https:\/\/yoast.com\/product\/yoast-seo-premium-wordpress\/ -->\n<title>Si\u00e8ge de vache en coton hypoallerg\u00e9niquesepsitename%%sitename%sitename%%%%<\/title>\n<meta name=\"description\" content=\"D\u00e9couvrez le si\u00e8ge de la vache g\u00e9ante en crochet : 100% coton naturel, hypoallerg\u00e9nique et tr\u00e8s doux au toucher. Id\u00e9al pour offrir ou d\u00e9corer.\" \/>\n<meta name=\"robots\" content=\"index, follow, max-snippet:-1, max-image-preview:large, max-video-preview:-1\" \/>\n<link rel=\"canonical\" href=\"https:\/\/crochetts.com\/fr\/tienda\/siege-de-vache-en-peluche-lola\/\" \/>\n<meta property=\"og:locale\" content=\"fr_FR\" \/>\n<meta property=\"og:type\" content=\"article\" \/>\n<meta property=\"og:title\" content=\"SI\u00c8GE DE VACHE EN PELUCHE LOLA\" \/>\n<meta property=\"og:description\" content=\"Remplissez la chambre de vos enfants de tendresse et de charme avec le doudou Maxi Cow 100% coton blanc de Crochetts, une cr\u00e9ation artisanale qui allie chaleur, qualit\u00e9 et responsabilit\u00e9. Fabriqu\u00e9e en tricot de coton naturel hypoallerg\u00e9nique, cette adorable vache est le compagnon id\u00e9al pour d\u00e9corer, jouer et partager des moments privil\u00e9gi\u00e9s avec les tout-petits.  Con\u00e7ue pour accompagner les aventures quotidiennes, la vache Maxi Crochetts est dot\u00e9e d&#039;une structure interne en bois de pin qui lui conf\u00e8re stabilit\u00e9, solidit\u00e9 et durabilit\u00e9, supportant un poids allant jusqu&#039;\u00e0 70 kg. De plus, ses pieds antid\u00e9rapants garantissent s\u00e9curit\u00e9 et protection, m\u00eame pendant les jeux les plus actifs.  Il comprend une lettre de bienvenue personnalis\u00e9e dans laquelle Lola la peluche se pr\u00e9sente \u00e0 l&#039;enfant, cr\u00e9ant ainsi un lien particulier d\u00e8s les premiers instants. Un d\u00e9tail qui fait de cette peluche un cadeau original et \u00e9motionnellement unique. Id\u00e9al pour les cadeaux d&#039;anniversaire, les anniversaires ou les d\u00e9corations pour enfants !\" \/>\n<meta property=\"og:url\" content=\"https:\/\/crochetts.com\/fr\/tienda\/siege-de-vache-en-peluche-lola\/\" \/>\n<meta property=\"og:site_name\" content=\"Crochetts\" \/>\n<meta property=\"article:publisher\" content=\"https:\/\/www.facebook.com\/Crochetts-101964178013493\" \/>\n<meta property=\"article:modified_time\" content=\"2025-11-21T13:18:28+00:00\" \/>\n<meta property=\"og:image\" content=\"https:\/\/crochetts.com\/wp-content\/uploads\/2020\/05\/LT-Y13-1.jpg\" \/>\n\t<meta property=\"og:image:width\" content=\"801\" \/>\n\t<meta property=\"og:image:height\" content=\"1200\" \/>\n\t<meta property=\"og:image:type\" content=\"image\/jpeg\" \/>\n<meta name=\"twitter:card\" content=\"summary_large_image\" \/>\n<meta name=\"twitter:label1\" content=\"Prix\" \/>\n\t<meta name=\"twitter:data1\" content=\"298,98&nbsp;&euro;\" \/>\n\t<meta name=\"twitter:label2\" content=\"Disponibilit\u00e9\" \/>\n\t<meta name=\"twitter:data2\" content=\"En stock\" \/>\n<script type=\"application\/ld+json\" class=\"yoast-schema-graph\">{\"@context\":\"https:\\\/\\\/schema.org\",\"@graph\":[{\"@type\":\"WebPage\",\"@id\":\"https:\\\/\\\/crochetts.com\\\/fr\\\/tienda\\\/siege-de-vache-en-peluche-lola\\\/\",\"url\":\"https:\\\/\\\/crochetts.com\\\/fr\\\/tienda\\\/siege-de-vache-en-peluche-lola\\\/\",\"name\":\"Si\u00e8ge de vache en coton hypoallerg\u00e9niquesepsitename%%sitename%sitename%%%%\",\"isPartOf\":{\"@id\":\"https:\\\/\\\/crochetts.com\\\/fr\\\/#website\"},\"primaryImageOfPage\":{\"@id\":\"https:\\\/\\\/crochetts.com\\\/fr\\\/tienda\\\/siege-de-vache-en-peluche-lola\\\/#primaryimage\"},\"image\":{\"@id\":\"https:\\\/\\\/crochetts.com\\\/fr\\\/tienda\\\/siege-de-vache-en-peluche-lola\\\/#primaryimage\"},\"thumbnailUrl\":\"https:\\\/\\\/crochetts.com\\\/wp-content\\\/uploads\\\/2020\\\/05\\\/LT-Y13-1.jpg\",\"datePublished\":\"2020-05-26T16:38:47+00:00\",\"dateModified\":\"2025-11-21T13:18:28+00:00\",\"description\":\"D\u00e9couvrez le si\u00e8ge de la vache g\u00e9ante en crochet : 100% coton naturel, hypoallerg\u00e9nique et tr\u00e8s doux au toucher. Id\u00e9al pour offrir ou d\u00e9corer.\",\"breadcrumb\":{\"@id\":\"https:\\\/\\\/crochetts.com\\\/fr\\\/tienda\\\/siege-de-vache-en-peluche-lola\\\/#breadcrumb\"},\"inLanguage\":\"fr-FR\",\"potentialAction\":[{\"@type\":\"ReadAction\",\"target\":[\"https:\\\/\\\/crochetts.com\\\/fr\\\/tienda\\\/siege-de-vache-en-peluche-lola\\\/\"]}]},{\"@type\":\"ImageObject\",\"inLanguage\":\"fr-FR\",\"@id\":\"https:\\\/\\\/crochetts.com\\\/fr\\\/tienda\\\/siege-de-vache-en-peluche-lola\\\/#primaryimage\",\"url\":\"https:\\\/\\\/crochetts.com\\\/wp-content\\\/uploads\\\/2020\\\/05\\\/LT-Y13-1.jpg\",\"contentUrl\":\"https:\\\/\\\/crochetts.com\\\/wp-content\\\/uploads\\\/2020\\\/05\\\/LT-Y13-1.jpg\",\"width\":801,\"height\":1200,\"caption\":\"vache g\u00e9ante en peluche\"},{\"@type\":\"BreadcrumbList\",\"@id\":\"https:\\\/\\\/crochetts.com\\\/fr\\\/tienda\\\/siege-de-vache-en-peluche-lola\\\/#breadcrumb\",\"itemListElement\":[{\"@type\":\"ListItem\",\"position\":1,\"name\":\"Portada\",\"item\":\"https:\\\/\\\/crochetts.com\\\/fr\\\/accueil\\\/\"},{\"@type\":\"ListItem\",\"position\":2,\"name\":\"Boutique\",\"item\":\"https:\\\/\\\/crochetts.fr\\\/boutique\\\/\"},{\"@type\":\"ListItem\",\"position\":3,\"name\":\"SI\u00c8GE DE VACHE EN PELUCHE LOLA\"}]},{\"@type\":\"WebSite\",\"@id\":\"https:\\\/\\\/crochetts.com\\\/fr\\\/#website\",\"url\":\"https:\\\/\\\/crochetts.com\\\/fr\\\/\",\"name\":\"Crochetts\",\"description\":\"ANIMALES DE CROCHET PARA JUGAR,DECORAR Y SO\u00d1AR\",\"publisher\":{\"@id\":\"https:\\\/\\\/crochetts.com\\\/fr\\\/#organization\"},\"potentialAction\":[{\"@type\":\"SearchAction\",\"target\":{\"@type\":\"EntryPoint\",\"urlTemplate\":\"https:\\\/\\\/crochetts.com\\\/fr\\\/?s={search_term_string}\"},\"query-input\":{\"@type\":\"PropertyValueSpecification\",\"valueRequired\":true,\"valueName\":\"search_term_string\"}}],\"inLanguage\":\"fr-FR\"},{\"@type\":\"Organization\",\"@id\":\"https:\\\/\\\/crochetts.com\\\/fr\\\/#organization\",\"name\":\"Crochets\",\"url\":\"https:\\\/\\\/crochetts.com\\\/fr\\\/\",\"logo\":{\"@type\":\"ImageObject\",\"inLanguage\":\"fr-FR\",\"@id\":\"https:\\\/\\\/crochetts.com\\\/fr\\\/#\\\/schema\\\/logo\\\/image\\\/\",\"url\":\"https:\\\/\\\/i2.wp.com\\\/crochetts.com\\\/wp-content\\\/uploads\\\/2021\\\/01\\\/Logo-Crochetts.jpg?fit=300%2C137&ssl=1\",\"contentUrl\":\"https:\\\/\\\/i2.wp.com\\\/crochetts.com\\\/wp-content\\\/uploads\\\/2021\\\/01\\\/Logo-Crochetts.jpg?fit=300%2C137&ssl=1\",\"width\":300,\"height\":137,\"caption\":\"Crochets\"},\"image\":{\"@id\":\"https:\\\/\\\/crochetts.com\\\/fr\\\/#\\\/schema\\\/logo\\\/image\\\/\"},\"sameAs\":[\"https:\\\/\\\/www.facebook.com\\\/Crochetts-101964178013493\",\"https:\\\/\\\/www.instagram.com\\\/crochetts_\\\/\"]}]}<\/script>\n<meta property=\"product:price:amount\" content=\"298.98\" \/>\n<meta property=\"product:price:currency\" content=\"EUR\" \/>\n<meta property=\"og:availability\" content=\"instock\" \/>\n<meta property=\"product:availability\" content=\"instock\" \/>\n<meta property=\"product:retailer_item_id\" content=\"LT-Y13\" \/>\n<meta property=\"product:condition\" content=\"new\" \/>\n<!-- \/ Yoast SEO Premium plugin. -->","yoast_head_json":{"title":"Si\u00e8ge de vache en coton hypoallerg\u00e9niquesepsitename%%sitename%sitename%%%%","description":"D\u00e9couvrez le si\u00e8ge de la vache g\u00e9ante en crochet : 100% coton naturel, hypoallerg\u00e9nique et tr\u00e8s doux au toucher. Id\u00e9al pour offrir ou d\u00e9corer.","robots":{"index":"index","follow":"follow","max-snippet":"max-snippet:-1","max-image-preview":"max-image-preview:large","max-video-preview":"max-video-preview:-1"},"canonical":"https:\/\/crochetts.com\/fr\/tienda\/siege-de-vache-en-peluche-lola\/","og_locale":"fr_FR","og_type":"article","og_title":"SI\u00c8GE DE VACHE EN PELUCHE LOLA","og_description":"Remplissez la chambre de vos enfants de tendresse et de charme avec le doudou Maxi Cow 100% coton blanc de Crochetts, une cr\u00e9ation artisanale qui allie chaleur, qualit\u00e9 et responsabilit\u00e9. Fabriqu\u00e9e en tricot de coton naturel hypoallerg\u00e9nique, cette adorable vache est le compagnon id\u00e9al pour d\u00e9corer, jouer et partager des moments privil\u00e9gi\u00e9s avec les tout-petits.  Con\u00e7ue pour accompagner les aventures quotidiennes, la vache Maxi Crochetts est dot\u00e9e d'une structure interne en bois de pin qui lui conf\u00e8re stabilit\u00e9, solidit\u00e9 et durabilit\u00e9, supportant un poids allant jusqu'\u00e0 70 kg. De plus, ses pieds antid\u00e9rapants garantissent s\u00e9curit\u00e9 et protection, m\u00eame pendant les jeux les plus actifs.  Il comprend une lettre de bienvenue personnalis\u00e9e dans laquelle Lola la peluche se pr\u00e9sente \u00e0 l'enfant, cr\u00e9ant ainsi un lien particulier d\u00e8s les premiers instants. Un d\u00e9tail qui fait de cette peluche un cadeau original et \u00e9motionnellement unique. Id\u00e9al pour les cadeaux d'anniversaire, les anniversaires ou les d\u00e9corations pour enfants !","og_url":"https:\/\/crochetts.com\/fr\/tienda\/siege-de-vache-en-peluche-lola\/","og_site_name":"Crochetts","article_publisher":"https:\/\/www.facebook.com\/Crochetts-101964178013493","article_modified_time":"2025-11-21T13:18:28+00:00","og_image":[{"width":801,"height":1200,"url":"https:\/\/crochetts.com\/wp-content\/uploads\/2020\/05\/LT-Y13-1.jpg","type":"image\/jpeg"}],"twitter_card":"summary_large_image","twitter_misc":{"Prix":"298,98&nbsp;&euro;","Disponibilit\u00e9":"En stock"},"schema":{"@context":"https:\/\/schema.org","@graph":[{"@type":"WebPage","@id":"https:\/\/crochetts.com\/fr\/tienda\/siege-de-vache-en-peluche-lola\/","url":"https:\/\/crochetts.com\/fr\/tienda\/siege-de-vache-en-peluche-lola\/","name":"Si\u00e8ge de vache en coton hypoallerg\u00e9niquesepsitename%%sitename%sitename%%%%","isPartOf":{"@id":"https:\/\/crochetts.com\/fr\/#website"},"primaryImageOfPage":{"@id":"https:\/\/crochetts.com\/fr\/tienda\/siege-de-vache-en-peluche-lola\/#primaryimage"},"image":{"@id":"https:\/\/crochetts.com\/fr\/tienda\/siege-de-vache-en-peluche-lola\/#primaryimage"},"thumbnailUrl":"https:\/\/crochetts.com\/wp-content\/uploads\/2020\/05\/LT-Y13-1.jpg","datePublished":"2020-05-26T16:38:47+00:00","dateModified":"2025-11-21T13:18:28+00:00","description":"D\u00e9couvrez le si\u00e8ge de la vache g\u00e9ante en crochet : 100% coton naturel, hypoallerg\u00e9nique et tr\u00e8s doux au toucher. Id\u00e9al pour offrir ou d\u00e9corer.","breadcrumb":{"@id":"https:\/\/crochetts.com\/fr\/tienda\/siege-de-vache-en-peluche-lola\/#breadcrumb"},"inLanguage":"fr-FR","potentialAction":[{"@type":"ReadAction","target":["https:\/\/crochetts.com\/fr\/tienda\/siege-de-vache-en-peluche-lola\/"]}]},{"@type":"ImageObject","inLanguage":"fr-FR","@id":"https:\/\/crochetts.com\/fr\/tienda\/siege-de-vache-en-peluche-lola\/#primaryimage","url":"https:\/\/crochetts.com\/wp-content\/uploads\/2020\/05\/LT-Y13-1.jpg","contentUrl":"https:\/\/crochetts.com\/wp-content\/uploads\/2020\/05\/LT-Y13-1.jpg","width":801,"height":1200,"caption":"vache g\u00e9ante en peluche"},{"@type":"BreadcrumbList","@id":"https:\/\/crochetts.com\/fr\/tienda\/siege-de-vache-en-peluche-lola\/#breadcrumb","itemListElement":[{"@type":"ListItem","position":1,"name":"Portada","item":"https:\/\/crochetts.com\/fr\/accueil\/"},{"@type":"ListItem","position":2,"name":"Boutique","item":"https:\/\/crochetts.fr\/boutique\/"},{"@type":"ListItem","position":3,"name":"SI\u00c8GE DE VACHE EN PELUCHE LOLA"}]},{"@type":"WebSite","@id":"https:\/\/crochetts.com\/fr\/#website","url":"https:\/\/crochetts.com\/fr\/","name":"Crochetts","description":"ANIMALES DE CROCHET PARA JUGAR,DECORAR Y SO\u00d1AR","publisher":{"@id":"https:\/\/crochetts.com\/fr\/#organization"},"potentialAction":[{"@type":"SearchAction","target":{"@type":"EntryPoint","urlTemplate":"https:\/\/crochetts.com\/fr\/?s={search_term_string}"},"query-input":{"@type":"PropertyValueSpecification","valueRequired":true,"valueName":"search_term_string"}}],"inLanguage":"fr-FR"},{"@type":"Organization","@id":"https:\/\/crochetts.com\/fr\/#organization","name":"Crochets","url":"https:\/\/crochetts.com\/fr\/","logo":{"@type":"ImageObject","inLanguage":"fr-FR","@id":"https:\/\/crochetts.com\/fr\/#\/schema\/logo\/image\/","url":"https:\/\/i2.wp.com\/crochetts.com\/wp-content\/uploads\/2021\/01\/Logo-Crochetts.jpg?fit=300%2C137&ssl=1","contentUrl":"https:\/\/i2.wp.com\/crochetts.com\/wp-content\/uploads\/2021\/01\/Logo-Crochetts.jpg?fit=300%2C137&ssl=1","width":300,"height":137,"caption":"Crochets"},"image":{"@id":"https:\/\/crochetts.com\/fr\/#\/schema\/logo\/image\/"},"sameAs":["https:\/\/www.facebook.com\/Crochetts-101964178013493","https:\/\/www.instagram.com\/crochetts_\/"]}]},"product_price_amount":"298.98","product_price_currency":"EUR","og_availability":"instock","product_availability":"instock","product_retailer_item_id":"LT-Y13","product_condition":"new"},"_links":{"self":[{"href":"https:\/\/crochetts.com\/fr\/wp-json\/wp\/v2\/product\/20822","targetHints":{"allow":["GET"]}}],"collection":[{"href":"https:\/\/crochetts.com\/fr\/wp-json\/wp\/v2\/product"}],"about":[{"href":"https:\/\/crochetts.com\/fr\/wp-json\/wp\/v2\/types\/product"}],"wp:featuredmedia":[{"embeddable":true,"href":"https:\/\/crochetts.com\/fr\/wp-json\/wp\/v2\/media\/20858"}],"wp:attachment":[{"href":"https:\/\/crochetts.com\/fr\/wp-json\/wp\/v2\/media?parent=20822"}],"wp:term":[{"taxonomy":"product_brand","embeddable":true,"href":"https:\/\/crochetts.com\/fr\/wp-json\/wp\/v2\/product_brand?post=20822"},{"taxonomy":"product_cat","embeddable":true,"href":"https:\/\/crochetts.com\/fr\/wp-json\/wp\/v2\/product_cat?post=20822"},{"taxonomy":"product_tag","embeddable":true,"href":"https:\/\/crochetts.com\/fr\/wp-json\/wp\/v2\/product_tag?post=20822"}],"curies":[{"name":"wp","href":"https:\/\/api.w.org\/{rel}","templated":true}]}}