{"id":20791,"date":"2020-05-26T16:44:23","date_gmt":"2020-05-26T15:44:23","guid":{"rendered":"https:\/\/crochetts.com\/tienda\/siege-elephant-en-peluche-mandy\/"},"modified":"2025-11-21T14:18:26","modified_gmt":"2025-11-21T13:18:26","slug":"siege-elephant-en-peluche-mandy","status":"publish","type":"product","link":"https:\/\/crochetts.com\/fr\/tienda\/siege-elephant-en-peluche-mandy\/","title":{"rendered":"SI\u00c8GE \u00c9L\u00c9PHANT EN PELUCHE MANDY"},"content":{"rendered":"<div style=\"text-align: justify;\">Toutes nos <strong>poup\u00e9es <\/strong><em><strong>amigurumis<\/strong> <\/em><span style=\"background-color: transparent;\">sont d&rsquo;excellents compagnons <strong>pour les enfants<\/strong> de tous \u00e2ges. Elles <strong>constituent des \u00e9l\u00e9ments de d\u00e9coration<\/strong> parfaits pour les <strong>chambres d&rsquo;enfants<\/strong> ou sont id\u00e9ales pour les <strong>vitrines de magasins<\/strong>.<\/span><\/div>\n<div style=\"text-align: justify;\">Ils sont con\u00e7us et fabriqu\u00e9s selon les <strong>normes de qualit\u00e9 les plus \u00e9lev\u00e9es, en <\/strong>utilisant toujours des mat\u00e9riaux naturels tels que le bois et le coton 100 % naturel. Disponibles en <strong>deux tailles, <\/strong>seules les grandes <strong>sont dot\u00e9es d&rsquo;une structure int\u00e9rieure en bois pouvant supporter jusqu&rsquo;\u00e0 70 kg.<\/strong> <\/div>\n<div>\n<p data-start=\"1411\" data-end=\"1779\">L&rsquo;<strong data-start=\"1414\" data-end=\"1441\">\u00e9l\u00e9phant g\u00e9ant en peluche Maxi<\/strong> n&rsquo;est pas un simple jouet : c&rsquo;est un objet de design artisanal qui transforme toute chambre d&rsquo;enfant en un espace plein de chaleur et de personnalit\u00e9. Ses <strong data-start=\"1596\" data-end=\"1624\">d\u00e9tails brod\u00e9s \u00e0 la main<\/strong> et ses finitions soign\u00e9es refl\u00e8tent l&rsquo;esprit durable et l&rsquo;authenticit\u00e9 de Crochetts\u00ae, o\u00f9 chaque produit <strong>est cr\u00e9\u00e9 avec amour, respect et souci du d\u00e9tail.<\/strong><\/p>\n<p data-start=\"1781\" data-end=\"2013\">Il comprend une <strong data-start=\"1801\" data-end=\"1838\">lettre de bienvenue personnalis\u00e9e<\/strong> dans laquelle le doudou se pr\u00e9sente \u00e0 l&rsquo;enfant, cr\u00e9ant ainsi un lien sp\u00e9cial d\u00e8s le premier instant. Un d\u00e9tail qui fait de cette peluche un cadeau original et \u00e9motionnellement unique.<\/p>\n<p data-start=\"2015\" data-end=\"2167\">Id\u00e9al pour les <strong data-start=\"2026\" data-end=\"2085\">cadeaux d&rsquo;anniversaire, les anniversaires ou les d\u00e9corations pour enfants !<\/strong><\/p>\n<\/div>\n","protected":false},"excerpt":{"rendered":"<p>Remplissez la chambre de vos enfants de douceur et de tendresse avec la <strong>peluche \u00c9l\u00e9phant g\u00e9ant rose 100 % coton<\/strong> de <strong>Crochetts<\/strong>, une pi\u00e8ce fabriqu\u00e9e \u00e0 la main qui allie <strong>design, douceur et durabilit\u00e9<\/strong>. Ce charmant \u00e9l\u00e9phant est le compagnon id\u00e9al pour <strong>d\u00e9corer, jouer et accompagner les meilleurs moments<\/strong> des petits. <\/p>\n<p>Sa <strong>texture douce et agr\u00e9able au toucher<\/strong> vous invite \u00e0 l&#8217;embrasser et transforme chaque coin en un espace chaleureux et douillet.<\/p>\n<p>Con\u00e7u pour jouer en toute s\u00e9curit\u00e9, il est dot\u00e9 d&rsquo;une <strong>structure interne en bois de pin naturel<\/strong> qui lui conf\u00e8re solidit\u00e9 et stabilit\u00e9, et peut <strong>supporter un poids allant jusqu&rsquo;\u00e0 70 kg.<\/strong> Les <strong>semelles antid\u00e9rapantes<\/strong> \u00e0 la base des pieds assurent une plus grande stabilit\u00e9 et une meilleure protection contre le sol, m\u00eame pendant les jeux actifs. <\/p>\n<p>Chaque <strong>peluche Crochetts Elephant<\/strong> comprend une <strong>lettre de bienvenue personnalis\u00e9e<\/strong>, dans laquelle l&rsquo;\u00e9l\u00e9phant se pr\u00e9sente \u00e0 l&rsquo;enfant, transformant ainsi la livraison en une <strong>exp\u00e9rience magique et \u00e9motionnelle<\/strong>. Ce d\u00e9tail particulier en fait un <strong>cadeau original et personnalis\u00e9<\/strong> pour toutes les occasions. <\/p>\n<p>&nbsp;<\/p>\n","protected":false},"featured_media":20814,"template":"","meta":{"_acf_changed":false,"_joinchat":[]},"product_brand":[],"product_cat":[4671,4787,4816,4817],"product_tag":[4824,4794,4825,4822,4823,4799,4793,4813,4791,4790,4792,4798,4795],"class_list":{"0":"post-20791","1":"product","2":"type-product","3":"status-publish","4":"has-post-thumbnail","6":"product_cat-accueil","7":"product_cat-amigurumis","8":"product_cat-amigurumis-maxi","9":"product_cat-zoo","10":"product_tag-animal-en-peluche-geant","11":"product_tag-bebe-ours-en-peluche","12":"product_tag-decoration-pour-enfants-2","13":"product_tag-elephant-en-peluche","14":"product_tag-geante-teddy-bear","15":"product_tag-nounours-decorer","16":"product_tag-ours-en-peluche","17":"product_tag-ours-en-peluche-maxi","18":"product_tag-ourson-au-crochet","19":"product_tag-ourson-en-coton","20":"product_tag-ourson-en-coton-hypoallergenique","21":"product_tag-ourson-xxl","22":"product_tag-peluche-geante","23":"entry","25":"first","26":"instock","27":"taxable","28":"shipping-taxable","29":"purchasable","30":"product-type-simple"},"acf":[],"yoast_head":"<!-- This site is optimized with the Yoast SEO Premium plugin v26.1 (Yoast SEO v27.3) - https:\/\/yoast.com\/product\/yoast-seo-premium-wordpress\/ -->\n<title>Si\u00e8ge d&#039;\u00e9l\u00e9phant en peluche en coton hypoallerg\u00e9nique% -% Crochetts%% Crochetts% Crochetts%%<\/title>\n<meta name=\"description\" content=\"D\u00e9couvrez le maxi si\u00e8ge \u00e9l\u00e9phant g\u00e9ant en crochet : 100% coton naturel, hypoallerg\u00e9nique et tr\u00e8s doux au toucher. Id\u00e9al pour offrir ou d\u00e9corer.\" \/>\n<meta name=\"robots\" content=\"index, follow, max-snippet:-1, max-image-preview:large, max-video-preview:-1\" \/>\n<link rel=\"canonical\" href=\"https:\/\/crochetts.com\/fr\/tienda\/siege-elephant-en-peluche-mandy\/\" \/>\n<meta property=\"og:locale\" content=\"fr_FR\" \/>\n<meta property=\"og:type\" content=\"article\" \/>\n<meta property=\"og:title\" content=\"SI\u00c8GE \u00c9L\u00c9PHANT EN PELUCHE MANDY\" \/>\n<meta property=\"og:description\" content=\"Remplissez la chambre de vos enfants de douceur et de tendresse avec la peluche \u00c9l\u00e9phant g\u00e9ant rose 100 % coton de Crochetts, une pi\u00e8ce fabriqu\u00e9e \u00e0 la main qui allie design, douceur et durabilit\u00e9. Ce charmant \u00e9l\u00e9phant est le compagnon id\u00e9al pour d\u00e9corer, jouer et accompagner les meilleurs moments des petits.  Sa texture douce et agr\u00e9able au toucher vous invite \u00e0 l&#039;embrasser et transforme chaque coin en un espace chaleureux et douillet. Con\u00e7u pour jouer en toute s\u00e9curit\u00e9, il est dot\u00e9 d&#039;une structure interne en bois de pin naturel qui lui conf\u00e8re solidit\u00e9 et stabilit\u00e9, et peut supporter un poids allant jusqu&#039;\u00e0 70 kg. Les semelles antid\u00e9rapantes \u00e0 la base des pieds assurent une plus grande stabilit\u00e9 et une meilleure protection contre le sol, m\u00eame pendant les jeux actifs.  Chaque peluche Crochetts Elephant comprend une lettre de bienvenue personnalis\u00e9e, dans laquelle l&#039;\u00e9l\u00e9phant se pr\u00e9sente \u00e0 l&#039;enfant, transformant ainsi la livraison en une exp\u00e9rience magique et \u00e9motionnelle. Ce d\u00e9tail particulier en fait un cadeau original et personnalis\u00e9 pour toutes les occasions.  &nbsp;\" \/>\n<meta property=\"og:url\" content=\"https:\/\/crochetts.com\/fr\/tienda\/siege-elephant-en-peluche-mandy\/\" \/>\n<meta property=\"og:site_name\" content=\"Crochetts\" \/>\n<meta property=\"article:publisher\" content=\"https:\/\/www.facebook.com\/Crochetts-101964178013493\" \/>\n<meta property=\"article:modified_time\" content=\"2025-11-21T13:18:26+00:00\" \/>\n<meta property=\"og:image\" content=\"https:\/\/crochetts.com\/wp-content\/uploads\/2020\/05\/LT-R02-2.jpg\" \/>\n\t<meta property=\"og:image:width\" content=\"801\" \/>\n\t<meta property=\"og:image:height\" content=\"1200\" \/>\n\t<meta property=\"og:image:type\" content=\"image\/jpeg\" \/>\n<meta name=\"twitter:card\" content=\"summary_large_image\" \/>\n<meta name=\"twitter:label1\" content=\"Prix\" \/>\n\t<meta name=\"twitter:data1\" content=\"279,98&nbsp;&euro;\" \/>\n\t<meta name=\"twitter:label2\" content=\"Disponibilit\u00e9\" \/>\n\t<meta name=\"twitter:data2\" content=\"En stock\" \/>\n<script type=\"application\/ld+json\" class=\"yoast-schema-graph\">{\"@context\":\"https:\\\/\\\/schema.org\",\"@graph\":[{\"@type\":\"WebPage\",\"@id\":\"https:\\\/\\\/crochetts.com\\\/fr\\\/tienda\\\/siege-elephant-en-peluche-mandy\\\/\",\"url\":\"https:\\\/\\\/crochetts.com\\\/fr\\\/tienda\\\/siege-elephant-en-peluche-mandy\\\/\",\"name\":\"Si\u00e8ge d'\u00e9l\u00e9phant en peluche en coton hypoallerg\u00e9nique% -% Crochetts%% Crochetts% Crochetts%%\",\"isPartOf\":{\"@id\":\"https:\\\/\\\/crochetts.com\\\/fr\\\/#website\"},\"primaryImageOfPage\":{\"@id\":\"https:\\\/\\\/crochetts.com\\\/fr\\\/tienda\\\/siege-elephant-en-peluche-mandy\\\/#primaryimage\"},\"image\":{\"@id\":\"https:\\\/\\\/crochetts.com\\\/fr\\\/tienda\\\/siege-elephant-en-peluche-mandy\\\/#primaryimage\"},\"thumbnailUrl\":\"https:\\\/\\\/crochetts.com\\\/wp-content\\\/uploads\\\/2020\\\/05\\\/LT-R02-2.jpg\",\"datePublished\":\"2020-05-26T15:44:23+00:00\",\"dateModified\":\"2025-11-21T13:18:26+00:00\",\"description\":\"D\u00e9couvrez le maxi si\u00e8ge \u00e9l\u00e9phant g\u00e9ant en crochet : 100% coton naturel, hypoallerg\u00e9nique et tr\u00e8s doux au toucher. Id\u00e9al pour offrir ou d\u00e9corer.\",\"breadcrumb\":{\"@id\":\"https:\\\/\\\/crochetts.com\\\/fr\\\/tienda\\\/siege-elephant-en-peluche-mandy\\\/#breadcrumb\"},\"inLanguage\":\"fr-FR\",\"potentialAction\":[{\"@type\":\"ReadAction\",\"target\":[\"https:\\\/\\\/crochetts.com\\\/fr\\\/tienda\\\/siege-elephant-en-peluche-mandy\\\/\"]}]},{\"@type\":\"ImageObject\",\"inLanguage\":\"fr-FR\",\"@id\":\"https:\\\/\\\/crochetts.com\\\/fr\\\/tienda\\\/siege-elephant-en-peluche-mandy\\\/#primaryimage\",\"url\":\"https:\\\/\\\/crochetts.com\\\/wp-content\\\/uploads\\\/2020\\\/05\\\/LT-R02-2.jpg\",\"contentUrl\":\"https:\\\/\\\/crochetts.com\\\/wp-content\\\/uploads\\\/2020\\\/05\\\/LT-R02-2.jpg\",\"width\":801,\"height\":1200,\"caption\":\"\u00e9l\u00e9phant g\u00e9ant en peluche\"},{\"@type\":\"BreadcrumbList\",\"@id\":\"https:\\\/\\\/crochetts.com\\\/fr\\\/tienda\\\/siege-elephant-en-peluche-mandy\\\/#breadcrumb\",\"itemListElement\":[{\"@type\":\"ListItem\",\"position\":1,\"name\":\"Portada\",\"item\":\"https:\\\/\\\/crochetts.com\\\/fr\\\/accueil\\\/\"},{\"@type\":\"ListItem\",\"position\":2,\"name\":\"Boutique\",\"item\":\"https:\\\/\\\/crochetts.fr\\\/boutique\\\/\"},{\"@type\":\"ListItem\",\"position\":3,\"name\":\"SI\u00c8GE \u00c9L\u00c9PHANT EN PELUCHE MANDY\"}]},{\"@type\":\"WebSite\",\"@id\":\"https:\\\/\\\/crochetts.com\\\/fr\\\/#website\",\"url\":\"https:\\\/\\\/crochetts.com\\\/fr\\\/\",\"name\":\"Crochetts\",\"description\":\"ANIMALES DE CROCHET PARA JUGAR,DECORAR Y SO\u00d1AR\",\"publisher\":{\"@id\":\"https:\\\/\\\/crochetts.com\\\/fr\\\/#organization\"},\"potentialAction\":[{\"@type\":\"SearchAction\",\"target\":{\"@type\":\"EntryPoint\",\"urlTemplate\":\"https:\\\/\\\/crochetts.com\\\/fr\\\/?s={search_term_string}\"},\"query-input\":{\"@type\":\"PropertyValueSpecification\",\"valueRequired\":true,\"valueName\":\"search_term_string\"}}],\"inLanguage\":\"fr-FR\"},{\"@type\":\"Organization\",\"@id\":\"https:\\\/\\\/crochetts.com\\\/fr\\\/#organization\",\"name\":\"Crochets\",\"url\":\"https:\\\/\\\/crochetts.com\\\/fr\\\/\",\"logo\":{\"@type\":\"ImageObject\",\"inLanguage\":\"fr-FR\",\"@id\":\"https:\\\/\\\/crochetts.com\\\/fr\\\/#\\\/schema\\\/logo\\\/image\\\/\",\"url\":\"https:\\\/\\\/i2.wp.com\\\/crochetts.com\\\/wp-content\\\/uploads\\\/2021\\\/01\\\/Logo-Crochetts.jpg?fit=300%2C137&ssl=1\",\"contentUrl\":\"https:\\\/\\\/i2.wp.com\\\/crochetts.com\\\/wp-content\\\/uploads\\\/2021\\\/01\\\/Logo-Crochetts.jpg?fit=300%2C137&ssl=1\",\"width\":300,\"height\":137,\"caption\":\"Crochets\"},\"image\":{\"@id\":\"https:\\\/\\\/crochetts.com\\\/fr\\\/#\\\/schema\\\/logo\\\/image\\\/\"},\"sameAs\":[\"https:\\\/\\\/www.facebook.com\\\/Crochetts-101964178013493\",\"https:\\\/\\\/www.instagram.com\\\/crochetts_\\\/\"]}]}<\/script>\n<meta property=\"product:price:amount\" content=\"279.98\" \/>\n<meta property=\"product:price:currency\" content=\"EUR\" \/>\n<meta property=\"og:availability\" content=\"instock\" \/>\n<meta property=\"product:availability\" content=\"instock\" \/>\n<meta property=\"product:retailer_item_id\" content=\"LT-R02\" \/>\n<meta property=\"product:condition\" content=\"new\" \/>\n<!-- \/ Yoast SEO Premium plugin. -->","yoast_head_json":{"title":"Si\u00e8ge d'\u00e9l\u00e9phant en peluche en coton hypoallerg\u00e9nique% -% Crochetts%% Crochetts% Crochetts%%","description":"D\u00e9couvrez le maxi si\u00e8ge \u00e9l\u00e9phant g\u00e9ant en crochet : 100% coton naturel, hypoallerg\u00e9nique et tr\u00e8s doux au toucher. Id\u00e9al pour offrir ou d\u00e9corer.","robots":{"index":"index","follow":"follow","max-snippet":"max-snippet:-1","max-image-preview":"max-image-preview:large","max-video-preview":"max-video-preview:-1"},"canonical":"https:\/\/crochetts.com\/fr\/tienda\/siege-elephant-en-peluche-mandy\/","og_locale":"fr_FR","og_type":"article","og_title":"SI\u00c8GE \u00c9L\u00c9PHANT EN PELUCHE MANDY","og_description":"Remplissez la chambre de vos enfants de douceur et de tendresse avec la peluche \u00c9l\u00e9phant g\u00e9ant rose 100 % coton de Crochetts, une pi\u00e8ce fabriqu\u00e9e \u00e0 la main qui allie design, douceur et durabilit\u00e9. Ce charmant \u00e9l\u00e9phant est le compagnon id\u00e9al pour d\u00e9corer, jouer et accompagner les meilleurs moments des petits.  Sa texture douce et agr\u00e9able au toucher vous invite \u00e0 l'embrasser et transforme chaque coin en un espace chaleureux et douillet. Con\u00e7u pour jouer en toute s\u00e9curit\u00e9, il est dot\u00e9 d'une structure interne en bois de pin naturel qui lui conf\u00e8re solidit\u00e9 et stabilit\u00e9, et peut supporter un poids allant jusqu'\u00e0 70 kg. Les semelles antid\u00e9rapantes \u00e0 la base des pieds assurent une plus grande stabilit\u00e9 et une meilleure protection contre le sol, m\u00eame pendant les jeux actifs.  Chaque peluche Crochetts Elephant comprend une lettre de bienvenue personnalis\u00e9e, dans laquelle l'\u00e9l\u00e9phant se pr\u00e9sente \u00e0 l'enfant, transformant ainsi la livraison en une exp\u00e9rience magique et \u00e9motionnelle. Ce d\u00e9tail particulier en fait un cadeau original et personnalis\u00e9 pour toutes les occasions.  &nbsp;","og_url":"https:\/\/crochetts.com\/fr\/tienda\/siege-elephant-en-peluche-mandy\/","og_site_name":"Crochetts","article_publisher":"https:\/\/www.facebook.com\/Crochetts-101964178013493","article_modified_time":"2025-11-21T13:18:26+00:00","og_image":[{"width":801,"height":1200,"url":"https:\/\/crochetts.com\/wp-content\/uploads\/2020\/05\/LT-R02-2.jpg","type":"image\/jpeg"}],"twitter_card":"summary_large_image","twitter_misc":{"Prix":"279,98&nbsp;&euro;","Disponibilit\u00e9":"En stock"},"schema":{"@context":"https:\/\/schema.org","@graph":[{"@type":"WebPage","@id":"https:\/\/crochetts.com\/fr\/tienda\/siege-elephant-en-peluche-mandy\/","url":"https:\/\/crochetts.com\/fr\/tienda\/siege-elephant-en-peluche-mandy\/","name":"Si\u00e8ge d'\u00e9l\u00e9phant en peluche en coton hypoallerg\u00e9nique% -% Crochetts%% Crochetts% Crochetts%%","isPartOf":{"@id":"https:\/\/crochetts.com\/fr\/#website"},"primaryImageOfPage":{"@id":"https:\/\/crochetts.com\/fr\/tienda\/siege-elephant-en-peluche-mandy\/#primaryimage"},"image":{"@id":"https:\/\/crochetts.com\/fr\/tienda\/siege-elephant-en-peluche-mandy\/#primaryimage"},"thumbnailUrl":"https:\/\/crochetts.com\/wp-content\/uploads\/2020\/05\/LT-R02-2.jpg","datePublished":"2020-05-26T15:44:23+00:00","dateModified":"2025-11-21T13:18:26+00:00","description":"D\u00e9couvrez le maxi si\u00e8ge \u00e9l\u00e9phant g\u00e9ant en crochet : 100% coton naturel, hypoallerg\u00e9nique et tr\u00e8s doux au toucher. Id\u00e9al pour offrir ou d\u00e9corer.","breadcrumb":{"@id":"https:\/\/crochetts.com\/fr\/tienda\/siege-elephant-en-peluche-mandy\/#breadcrumb"},"inLanguage":"fr-FR","potentialAction":[{"@type":"ReadAction","target":["https:\/\/crochetts.com\/fr\/tienda\/siege-elephant-en-peluche-mandy\/"]}]},{"@type":"ImageObject","inLanguage":"fr-FR","@id":"https:\/\/crochetts.com\/fr\/tienda\/siege-elephant-en-peluche-mandy\/#primaryimage","url":"https:\/\/crochetts.com\/wp-content\/uploads\/2020\/05\/LT-R02-2.jpg","contentUrl":"https:\/\/crochetts.com\/wp-content\/uploads\/2020\/05\/LT-R02-2.jpg","width":801,"height":1200,"caption":"\u00e9l\u00e9phant g\u00e9ant en peluche"},{"@type":"BreadcrumbList","@id":"https:\/\/crochetts.com\/fr\/tienda\/siege-elephant-en-peluche-mandy\/#breadcrumb","itemListElement":[{"@type":"ListItem","position":1,"name":"Portada","item":"https:\/\/crochetts.com\/fr\/accueil\/"},{"@type":"ListItem","position":2,"name":"Boutique","item":"https:\/\/crochetts.fr\/boutique\/"},{"@type":"ListItem","position":3,"name":"SI\u00c8GE \u00c9L\u00c9PHANT EN PELUCHE MANDY"}]},{"@type":"WebSite","@id":"https:\/\/crochetts.com\/fr\/#website","url":"https:\/\/crochetts.com\/fr\/","name":"Crochetts","description":"ANIMALES DE CROCHET PARA JUGAR,DECORAR Y SO\u00d1AR","publisher":{"@id":"https:\/\/crochetts.com\/fr\/#organization"},"potentialAction":[{"@type":"SearchAction","target":{"@type":"EntryPoint","urlTemplate":"https:\/\/crochetts.com\/fr\/?s={search_term_string}"},"query-input":{"@type":"PropertyValueSpecification","valueRequired":true,"valueName":"search_term_string"}}],"inLanguage":"fr-FR"},{"@type":"Organization","@id":"https:\/\/crochetts.com\/fr\/#organization","name":"Crochets","url":"https:\/\/crochetts.com\/fr\/","logo":{"@type":"ImageObject","inLanguage":"fr-FR","@id":"https:\/\/crochetts.com\/fr\/#\/schema\/logo\/image\/","url":"https:\/\/i2.wp.com\/crochetts.com\/wp-content\/uploads\/2021\/01\/Logo-Crochetts.jpg?fit=300%2C137&ssl=1","contentUrl":"https:\/\/i2.wp.com\/crochetts.com\/wp-content\/uploads\/2021\/01\/Logo-Crochetts.jpg?fit=300%2C137&ssl=1","width":300,"height":137,"caption":"Crochets"},"image":{"@id":"https:\/\/crochetts.com\/fr\/#\/schema\/logo\/image\/"},"sameAs":["https:\/\/www.facebook.com\/Crochetts-101964178013493","https:\/\/www.instagram.com\/crochetts_\/"]}]},"product_price_amount":"279.98","product_price_currency":"EUR","og_availability":"instock","product_availability":"instock","product_retailer_item_id":"LT-R02","product_condition":"new"},"_links":{"self":[{"href":"https:\/\/crochetts.com\/fr\/wp-json\/wp\/v2\/product\/20791","targetHints":{"allow":["GET"]}}],"collection":[{"href":"https:\/\/crochetts.com\/fr\/wp-json\/wp\/v2\/product"}],"about":[{"href":"https:\/\/crochetts.com\/fr\/wp-json\/wp\/v2\/types\/product"}],"wp:featuredmedia":[{"embeddable":true,"href":"https:\/\/crochetts.com\/fr\/wp-json\/wp\/v2\/media\/20814"}],"wp:attachment":[{"href":"https:\/\/crochetts.com\/fr\/wp-json\/wp\/v2\/media?parent=20791"}],"wp:term":[{"taxonomy":"product_brand","embeddable":true,"href":"https:\/\/crochetts.com\/fr\/wp-json\/wp\/v2\/product_brand?post=20791"},{"taxonomy":"product_cat","embeddable":true,"href":"https:\/\/crochetts.com\/fr\/wp-json\/wp\/v2\/product_cat?post=20791"},{"taxonomy":"product_tag","embeddable":true,"href":"https:\/\/crochetts.com\/fr\/wp-json\/wp\/v2\/product_tag?post=20791"}],"curies":[{"name":"wp","href":"https:\/\/api.w.org\/{rel}","templated":true}]}}