{"id":20774,"date":"2020-06-04T15:33:28","date_gmt":"2020-06-04T14:33:28","guid":{"rendered":"https:\/\/crochetts.com\/tienda\/set-2-peluches-dinosaures-en-coton\/"},"modified":"2025-12-30T13:58:48","modified_gmt":"2025-12-30T11:58:48","slug":"set-2-peluches-dinosaures-en-coton","status":"publish","type":"product","link":"https:\/\/crochetts.com\/fr\/tienda\/set-2-peluches-dinosaures-en-coton\/","title":{"rendered":"SET 2 PELUCHES DINOSAURES EN COTON"},"content":{"rendered":"<div style=\"text-align: justify;\">\n<div style=\"text-align: justify;\">Toutes nos <strong>poup\u00e9es <\/strong><em><strong>amigurumis<\/strong> <\/em><span style=\"background-color: transparent;\">sont d&rsquo;excellents compagnons <strong>pour les enfants<\/strong> de tous \u00e2ges. Elles <strong>constituent des \u00e9l\u00e9ments de d\u00e9coration<\/strong> parfaits pour les <strong>chambres d&rsquo;enfants<\/strong> ou sont id\u00e9ales pour les <strong>vitrines de magasins<\/strong>.<\/span><\/div>\n<div style=\"text-align: justify;\">Ils sont con\u00e7us et fabriqu\u00e9s selon les <strong>normes de qualit\u00e9 les plus \u00e9lev\u00e9es, en <\/strong>utilisant toujours des mat\u00e9riaux naturels tels que le bois et le coton 100 % naturel. Disponibles en <strong>deux tailles, <\/strong>seules les grandes <strong>sont dot\u00e9es d&rsquo;une structure int\u00e9rieure en bois pouvant supporter jusqu&rsquo;\u00e0 70 kg.<\/strong> <\/div>\n<div>\n<p data-start=\"1411\" data-end=\"1779\">La <strong data-start=\"1414\" data-end=\"1441\">peluche Dinosaur <\/strong>n&rsquo;est pas un simple jouet : c&rsquo;est une pi\u00e8ce de design artisanale qui transforme toute chambre d&rsquo;enfant en un espace plein de chaleur et de personnalit\u00e9.<br data-start=\"1589\" data-end=\"1592\">Ses <strong data-start=\"1596\" data-end=\"1624\">d\u00e9tails brod\u00e9s \u00e0 la main<\/strong> et ses finitions soign\u00e9es refl\u00e8tent l&rsquo;esprit durable et l&rsquo;authenticit\u00e9 de Crochetts\u00ae, o\u00f9 chaque produit est cr\u00e9\u00e9 avec amour, respect et souci du d\u00e9tail.<\/p>\n<p data-start=\"1781\" data-end=\"2013\">Il comprend une <strong data-start=\"1801\" data-end=\"1838\">lettre de bienvenue personnalis\u00e9e<\/strong> dans laquelle le doudou se pr\u00e9sente \u00e0 l&rsquo;enfant, cr\u00e9ant ainsi un lien sp\u00e9cial d\u00e8s le premier instant. Un d\u00e9tail qui fait de cette peluche un cadeau original et \u00e9motionnellement unique.<\/p>\n<p data-start=\"2015\" data-end=\"2167\">Id\u00e9al pour les <strong data-start=\"2026\" data-end=\"2085\">cadeaux d&rsquo;anniversaire, les anniversaires ou les d\u00e9corations pour enfants !<\/strong><\/p>\n<\/div>\n<\/div>\n","protected":false},"excerpt":{"rendered":"<p style=\"text-align: justify;\">Nos <strong>dinosaures <\/strong> <strong>au crochet<\/strong> sont en <strong>coton 100% naturel<\/strong>, <strong>hypoallerg\u00e9nique<\/strong>, tr\u00e8s doux au toucher, de couleur vert olive. Ils sont brod\u00e9s \u00e0 la main avec soin et attention aux d\u00e9tails, comme leur cr\u00eate et leur queue, qui leur donnent une touche sp\u00e9ciale.   <strong>Le pack Famille comprend un maxi et un mini doudou.<\/strong><\/p>\n","protected":false},"featured_media":20804,"template":"","meta":{"_acf_changed":false,"_joinchat":[]},"product_brand":[],"product_cat":[4671,4787,4789,4788],"product_tag":[4794,4800,4796,4814,4799,4793,4819,4813,4791,4790,4792,4798,4820,4795,4821,4797],"class_list":{"0":"post-20774","1":"product","2":"type-product","3":"status-publish","4":"has-post-thumbnail","6":"product_cat-accueil","7":"product_cat-amigurumis","8":"product_cat-famille","9":"product_cat-pack-amigurumis","10":"product_tag-bebe-ours-en-peluche","11":"product_tag-cadeau-original","12":"product_tag-decoration-pour-enfants","13":"product_tag-ensemble-en-peluche-de-coton","14":"product_tag-nounours-decorer","15":"product_tag-ours-en-peluche","16":"product_tag-ours-en-peluche-dinosaure","17":"product_tag-ours-en-peluche-maxi","18":"product_tag-ourson-au-crochet","19":"product_tag-ourson-en-coton","20":"product_tag-ourson-en-coton-hypoallergenique","21":"product_tag-ourson-xxl","22":"product_tag-pack-dinosaures","23":"product_tag-peluche-geante","24":"product_tag-set-2-peluches-dinosaures","25":"product_tag-siege-en-peluche","26":"entry","28":"first","29":"instock","30":"taxable","31":"shipping-taxable","32":"purchasable","33":"product-type-simple"},"acf":[],"yoast_head":"<!-- This site is optimized with the Yoast SEO Premium plugin v26.1 (Yoast SEO v27.3) - https:\/\/yoast.com\/product\/yoast-seo-premium-wordpress\/ -->\n<title>Lot de 2 oursons dinosaures en coton | Crochetts<\/title>\n<meta name=\"description\" content=\"Dinosaures au crochet en coton 100% naturel, hypoallerg\u00e9nique. Broderie faite \u00e0 la main. Le pack Famille comprend un maxi et un mini doudou.\" \/>\n<meta name=\"robots\" content=\"index, follow, max-snippet:-1, max-image-preview:large, max-video-preview:-1\" \/>\n<link rel=\"canonical\" href=\"https:\/\/crochetts.com\/fr\/tienda\/set-2-peluches-dinosaures-en-coton\/\" \/>\n<meta property=\"og:locale\" content=\"fr_FR\" \/>\n<meta property=\"og:type\" content=\"article\" \/>\n<meta property=\"og:title\" content=\"SET 2 PELUCHES DINOSAURES EN COTON\" \/>\n<meta property=\"og:description\" content=\"Nos dinosaures au crochet sont en coton 100% naturel, hypoallerg\u00e9nique, tr\u00e8s doux au toucher, de couleur vert olive. Ils sont brod\u00e9s \u00e0 la main avec soin et attention aux d\u00e9tails, comme leur cr\u00eate et leur queue, qui leur donnent une touche sp\u00e9ciale.  Le pack Famille comprend un maxi et un mini doudou.\" \/>\n<meta property=\"og:url\" content=\"https:\/\/crochetts.com\/fr\/tienda\/set-2-peluches-dinosaures-en-coton\/\" \/>\n<meta property=\"og:site_name\" content=\"Crochetts\" \/>\n<meta property=\"article:publisher\" content=\"https:\/\/www.facebook.com\/Crochetts-101964178013493\" \/>\n<meta property=\"article:modified_time\" content=\"2025-12-30T11:58:48+00:00\" \/>\n<meta property=\"og:image\" content=\"https:\/\/crochetts.com\/wp-content\/uploads\/2020\/06\/PLTR01LTM022-1.jpg\" \/>\n\t<meta property=\"og:image:width\" content=\"801\" \/>\n\t<meta property=\"og:image:height\" content=\"1200\" \/>\n\t<meta property=\"og:image:type\" content=\"image\/jpeg\" \/>\n<meta name=\"twitter:card\" content=\"summary_large_image\" \/>\n<meta name=\"twitter:label1\" content=\"Prix\" \/>\n\t<meta name=\"twitter:data1\" content=\"349,98&nbsp;&euro;\" \/>\n\t<meta name=\"twitter:label2\" content=\"Disponibilit\u00e9\" \/>\n\t<meta name=\"twitter:data2\" content=\"En stock\" \/>\n<script type=\"application\/ld+json\" class=\"yoast-schema-graph\">{\"@context\":\"https:\\\/\\\/schema.org\",\"@graph\":[{\"@type\":\"WebPage\",\"@id\":\"https:\\\/\\\/crochetts.com\\\/fr\\\/tienda\\\/set-2-peluches-dinosaures-en-coton\\\/\",\"url\":\"https:\\\/\\\/crochetts.com\\\/fr\\\/tienda\\\/set-2-peluches-dinosaures-en-coton\\\/\",\"name\":\"Lot de 2 oursons dinosaures en coton | Crochetts\",\"isPartOf\":{\"@id\":\"https:\\\/\\\/crochetts.com\\\/fr\\\/#website\"},\"primaryImageOfPage\":{\"@id\":\"https:\\\/\\\/crochetts.com\\\/fr\\\/tienda\\\/set-2-peluches-dinosaures-en-coton\\\/#primaryimage\"},\"image\":{\"@id\":\"https:\\\/\\\/crochetts.com\\\/fr\\\/tienda\\\/set-2-peluches-dinosaures-en-coton\\\/#primaryimage\"},\"thumbnailUrl\":\"https:\\\/\\\/crochetts.com\\\/wp-content\\\/uploads\\\/2020\\\/06\\\/PLTR01LTM022-1.jpg\",\"datePublished\":\"2020-06-04T14:33:28+00:00\",\"dateModified\":\"2025-12-30T11:58:48+00:00\",\"description\":\"Dinosaures au crochet en coton 100% naturel, hypoallerg\u00e9nique. Broderie faite \u00e0 la main. Le pack Famille comprend un maxi et un mini doudou.\",\"breadcrumb\":{\"@id\":\"https:\\\/\\\/crochetts.com\\\/fr\\\/tienda\\\/set-2-peluches-dinosaures-en-coton\\\/#breadcrumb\"},\"inLanguage\":\"fr-FR\",\"potentialAction\":[{\"@type\":\"ReadAction\",\"target\":[\"https:\\\/\\\/crochetts.com\\\/fr\\\/tienda\\\/set-2-peluches-dinosaures-en-coton\\\/\"]}]},{\"@type\":\"ImageObject\",\"inLanguage\":\"fr-FR\",\"@id\":\"https:\\\/\\\/crochetts.com\\\/fr\\\/tienda\\\/set-2-peluches-dinosaures-en-coton\\\/#primaryimage\",\"url\":\"https:\\\/\\\/crochetts.com\\\/wp-content\\\/uploads\\\/2020\\\/06\\\/PLTR01LTM022-1.jpg\",\"contentUrl\":\"https:\\\/\\\/crochetts.com\\\/wp-content\\\/uploads\\\/2020\\\/06\\\/PLTR01LTM022-1.jpg\",\"width\":801,\"height\":1200,\"caption\":\"ensemble de peluches dinosaures g\u00e9ants\"},{\"@type\":\"BreadcrumbList\",\"@id\":\"https:\\\/\\\/crochetts.com\\\/fr\\\/tienda\\\/set-2-peluches-dinosaures-en-coton\\\/#breadcrumb\",\"itemListElement\":[{\"@type\":\"ListItem\",\"position\":1,\"name\":\"Portada\",\"item\":\"https:\\\/\\\/crochetts.com\\\/fr\\\/accueil\\\/\"},{\"@type\":\"ListItem\",\"position\":2,\"name\":\"Boutique\",\"item\":\"https:\\\/\\\/crochetts.fr\\\/boutique\\\/\"},{\"@type\":\"ListItem\",\"position\":3,\"name\":\"SET 2 PELUCHES DINOSAURES EN COTON\"}]},{\"@type\":\"WebSite\",\"@id\":\"https:\\\/\\\/crochetts.com\\\/fr\\\/#website\",\"url\":\"https:\\\/\\\/crochetts.com\\\/fr\\\/\",\"name\":\"Crochetts\",\"description\":\"ANIMALES DE CROCHET PARA JUGAR,DECORAR Y SO\u00d1AR\",\"publisher\":{\"@id\":\"https:\\\/\\\/crochetts.com\\\/fr\\\/#organization\"},\"potentialAction\":[{\"@type\":\"SearchAction\",\"target\":{\"@type\":\"EntryPoint\",\"urlTemplate\":\"https:\\\/\\\/crochetts.com\\\/fr\\\/?s={search_term_string}\"},\"query-input\":{\"@type\":\"PropertyValueSpecification\",\"valueRequired\":true,\"valueName\":\"search_term_string\"}}],\"inLanguage\":\"fr-FR\"},{\"@type\":\"Organization\",\"@id\":\"https:\\\/\\\/crochetts.com\\\/fr\\\/#organization\",\"name\":\"Crochets\",\"url\":\"https:\\\/\\\/crochetts.com\\\/fr\\\/\",\"logo\":{\"@type\":\"ImageObject\",\"inLanguage\":\"fr-FR\",\"@id\":\"https:\\\/\\\/crochetts.com\\\/fr\\\/#\\\/schema\\\/logo\\\/image\\\/\",\"url\":\"https:\\\/\\\/i2.wp.com\\\/crochetts.com\\\/wp-content\\\/uploads\\\/2021\\\/01\\\/Logo-Crochetts.jpg?fit=300%2C137&ssl=1\",\"contentUrl\":\"https:\\\/\\\/i2.wp.com\\\/crochetts.com\\\/wp-content\\\/uploads\\\/2021\\\/01\\\/Logo-Crochetts.jpg?fit=300%2C137&ssl=1\",\"width\":300,\"height\":137,\"caption\":\"Crochets\"},\"image\":{\"@id\":\"https:\\\/\\\/crochetts.com\\\/fr\\\/#\\\/schema\\\/logo\\\/image\\\/\"},\"sameAs\":[\"https:\\\/\\\/www.facebook.com\\\/Crochetts-101964178013493\",\"https:\\\/\\\/www.instagram.com\\\/crochetts_\\\/\"]}]}<\/script>\n<meta property=\"product:price:amount\" content=\"349.98\" \/>\n<meta property=\"product:price:currency\" content=\"EUR\" \/>\n<meta property=\"og:availability\" content=\"instock\" \/>\n<meta property=\"product:availability\" content=\"instock\" \/>\n<meta property=\"product:retailer_item_id\" content=\"PLTR01LTM02\" \/>\n<meta property=\"product:condition\" content=\"new\" \/>\n<!-- \/ Yoast SEO Premium plugin. -->","yoast_head_json":{"title":"Lot de 2 oursons dinosaures en coton | Crochetts","description":"Dinosaures au crochet en coton 100% naturel, hypoallerg\u00e9nique. Broderie faite \u00e0 la main. Le pack Famille comprend un maxi et un mini doudou.","robots":{"index":"index","follow":"follow","max-snippet":"max-snippet:-1","max-image-preview":"max-image-preview:large","max-video-preview":"max-video-preview:-1"},"canonical":"https:\/\/crochetts.com\/fr\/tienda\/set-2-peluches-dinosaures-en-coton\/","og_locale":"fr_FR","og_type":"article","og_title":"SET 2 PELUCHES DINOSAURES EN COTON","og_description":"Nos dinosaures au crochet sont en coton 100% naturel, hypoallerg\u00e9nique, tr\u00e8s doux au toucher, de couleur vert olive. Ils sont brod\u00e9s \u00e0 la main avec soin et attention aux d\u00e9tails, comme leur cr\u00eate et leur queue, qui leur donnent une touche sp\u00e9ciale.  Le pack Famille comprend un maxi et un mini doudou.","og_url":"https:\/\/crochetts.com\/fr\/tienda\/set-2-peluches-dinosaures-en-coton\/","og_site_name":"Crochetts","article_publisher":"https:\/\/www.facebook.com\/Crochetts-101964178013493","article_modified_time":"2025-12-30T11:58:48+00:00","og_image":[{"width":801,"height":1200,"url":"https:\/\/crochetts.com\/wp-content\/uploads\/2020\/06\/PLTR01LTM022-1.jpg","type":"image\/jpeg"}],"twitter_card":"summary_large_image","twitter_misc":{"Prix":"349,98&nbsp;&euro;","Disponibilit\u00e9":"En stock"},"schema":{"@context":"https:\/\/schema.org","@graph":[{"@type":"WebPage","@id":"https:\/\/crochetts.com\/fr\/tienda\/set-2-peluches-dinosaures-en-coton\/","url":"https:\/\/crochetts.com\/fr\/tienda\/set-2-peluches-dinosaures-en-coton\/","name":"Lot de 2 oursons dinosaures en coton | Crochetts","isPartOf":{"@id":"https:\/\/crochetts.com\/fr\/#website"},"primaryImageOfPage":{"@id":"https:\/\/crochetts.com\/fr\/tienda\/set-2-peluches-dinosaures-en-coton\/#primaryimage"},"image":{"@id":"https:\/\/crochetts.com\/fr\/tienda\/set-2-peluches-dinosaures-en-coton\/#primaryimage"},"thumbnailUrl":"https:\/\/crochetts.com\/wp-content\/uploads\/2020\/06\/PLTR01LTM022-1.jpg","datePublished":"2020-06-04T14:33:28+00:00","dateModified":"2025-12-30T11:58:48+00:00","description":"Dinosaures au crochet en coton 100% naturel, hypoallerg\u00e9nique. Broderie faite \u00e0 la main. Le pack Famille comprend un maxi et un mini doudou.","breadcrumb":{"@id":"https:\/\/crochetts.com\/fr\/tienda\/set-2-peluches-dinosaures-en-coton\/#breadcrumb"},"inLanguage":"fr-FR","potentialAction":[{"@type":"ReadAction","target":["https:\/\/crochetts.com\/fr\/tienda\/set-2-peluches-dinosaures-en-coton\/"]}]},{"@type":"ImageObject","inLanguage":"fr-FR","@id":"https:\/\/crochetts.com\/fr\/tienda\/set-2-peluches-dinosaures-en-coton\/#primaryimage","url":"https:\/\/crochetts.com\/wp-content\/uploads\/2020\/06\/PLTR01LTM022-1.jpg","contentUrl":"https:\/\/crochetts.com\/wp-content\/uploads\/2020\/06\/PLTR01LTM022-1.jpg","width":801,"height":1200,"caption":"ensemble de peluches dinosaures g\u00e9ants"},{"@type":"BreadcrumbList","@id":"https:\/\/crochetts.com\/fr\/tienda\/set-2-peluches-dinosaures-en-coton\/#breadcrumb","itemListElement":[{"@type":"ListItem","position":1,"name":"Portada","item":"https:\/\/crochetts.com\/fr\/accueil\/"},{"@type":"ListItem","position":2,"name":"Boutique","item":"https:\/\/crochetts.fr\/boutique\/"},{"@type":"ListItem","position":3,"name":"SET 2 PELUCHES DINOSAURES EN COTON"}]},{"@type":"WebSite","@id":"https:\/\/crochetts.com\/fr\/#website","url":"https:\/\/crochetts.com\/fr\/","name":"Crochetts","description":"ANIMALES DE CROCHET PARA JUGAR,DECORAR Y SO\u00d1AR","publisher":{"@id":"https:\/\/crochetts.com\/fr\/#organization"},"potentialAction":[{"@type":"SearchAction","target":{"@type":"EntryPoint","urlTemplate":"https:\/\/crochetts.com\/fr\/?s={search_term_string}"},"query-input":{"@type":"PropertyValueSpecification","valueRequired":true,"valueName":"search_term_string"}}],"inLanguage":"fr-FR"},{"@type":"Organization","@id":"https:\/\/crochetts.com\/fr\/#organization","name":"Crochets","url":"https:\/\/crochetts.com\/fr\/","logo":{"@type":"ImageObject","inLanguage":"fr-FR","@id":"https:\/\/crochetts.com\/fr\/#\/schema\/logo\/image\/","url":"https:\/\/i2.wp.com\/crochetts.com\/wp-content\/uploads\/2021\/01\/Logo-Crochetts.jpg?fit=300%2C137&ssl=1","contentUrl":"https:\/\/i2.wp.com\/crochetts.com\/wp-content\/uploads\/2021\/01\/Logo-Crochetts.jpg?fit=300%2C137&ssl=1","width":300,"height":137,"caption":"Crochets"},"image":{"@id":"https:\/\/crochetts.com\/fr\/#\/schema\/logo\/image\/"},"sameAs":["https:\/\/www.facebook.com\/Crochetts-101964178013493","https:\/\/www.instagram.com\/crochetts_\/"]}]},"product_price_amount":"349.98","product_price_currency":"EUR","og_availability":"instock","product_availability":"instock","product_retailer_item_id":"PLTR01LTM02","product_condition":"new"},"_links":{"self":[{"href":"https:\/\/crochetts.com\/fr\/wp-json\/wp\/v2\/product\/20774","targetHints":{"allow":["GET"]}}],"collection":[{"href":"https:\/\/crochetts.com\/fr\/wp-json\/wp\/v2\/product"}],"about":[{"href":"https:\/\/crochetts.com\/fr\/wp-json\/wp\/v2\/types\/product"}],"wp:featuredmedia":[{"embeddable":true,"href":"https:\/\/crochetts.com\/fr\/wp-json\/wp\/v2\/media\/20804"}],"wp:attachment":[{"href":"https:\/\/crochetts.com\/fr\/wp-json\/wp\/v2\/media?parent=20774"}],"wp:term":[{"taxonomy":"product_brand","embeddable":true,"href":"https:\/\/crochetts.com\/fr\/wp-json\/wp\/v2\/product_brand?post=20774"},{"taxonomy":"product_cat","embeddable":true,"href":"https:\/\/crochetts.com\/fr\/wp-json\/wp\/v2\/product_cat?post=20774"},{"taxonomy":"product_tag","embeddable":true,"href":"https:\/\/crochetts.com\/fr\/wp-json\/wp\/v2\/product_tag?post=20774"}],"curies":[{"name":"wp","href":"https:\/\/api.w.org\/{rel}","templated":true}]}}