{"id":20759,"date":"2020-05-26T17:08:40","date_gmt":"2020-05-26T16:08:40","guid":{"rendered":"https:\/\/crochetts.com\/tienda\/peluche-siege-cerf-lulu\/"},"modified":"2025-11-21T14:18:22","modified_gmt":"2025-11-21T13:18:22","slug":"peluche-siege-cerf-lulu","status":"publish","type":"product","link":"https:\/\/crochetts.com\/fr\/tienda\/peluche-siege-cerf-lulu\/","title":{"rendered":"PELUCHE SI\u00c8GE CERF LULU"},"content":{"rendered":"<div style=\"text-align: justify;\">Toutes nos <strong>poup\u00e9es <\/strong><em><strong>amigurumis<\/strong> <\/em><span style=\"background-color: transparent;\">sont d&rsquo;excellents compagnons <strong>pour les enfants<\/strong> de tous \u00e2ges. Elles <strong>constituent des \u00e9l\u00e9ments de d\u00e9coration<\/strong> parfaits pour les <strong>chambres d&rsquo;enfants<\/strong> ou sont id\u00e9ales pour les <strong>vitrines de magasins<\/strong>.<\/span><\/div>\n<div style=\"text-align: justify;\">Ils sont con\u00e7us et fabriqu\u00e9s selon les <strong>normes de qualit\u00e9 les plus \u00e9lev\u00e9es, en <\/strong>utilisant toujours des mat\u00e9riaux naturels tels que le bois et le coton 100 % naturel. Disponibles en <strong>deux tailles, <\/strong>seules les grandes <strong>sont dot\u00e9es d&rsquo;une structure int\u00e9rieure en bois pouvant supporter jusqu&rsquo;\u00e0 70 kg.<\/strong> <\/div>\n<div>\n<p data-start=\"1411\" data-end=\"1779\">Le <strong data-start=\"1414\" data-end=\"1441\">cerf g\u00e9ant en peluche Maxi<\/strong> n&rsquo;est pas un simple jouet : c&rsquo;est une pi\u00e8ce de design artisanale qui transforme toute chambre d&rsquo;enfant en un espace plein de chaleur et de personnalit\u00e9. Ses <strong data-start=\"1596\" data-end=\"1624\">d\u00e9tails brod\u00e9s \u00e0 la main<\/strong> et ses finitions soign\u00e9es refl\u00e8tent l&rsquo;esprit durable et l&rsquo;authenticit\u00e9 de Crochetts\u00ae, o\u00f9 chaque produit <strong>est cr\u00e9\u00e9 avec amour, respect et souci du d\u00e9tail.<\/strong><\/p>\n<p data-start=\"1781\" data-end=\"2013\">Il comprend une <strong data-start=\"1801\" data-end=\"1838\">lettre de bienvenue personnalis\u00e9e<\/strong> dans laquelle Lulu la peluche se pr\u00e9sente \u00e0 l&rsquo;enfant, cr\u00e9ant ainsi un lien particulier d\u00e8s les premiers instants. Un d\u00e9tail qui fait de cette peluche un cadeau original et \u00e9motionnellement unique.<\/p>\n<p data-start=\"2015\" data-end=\"2167\">Id\u00e9al pour les <strong data-start=\"2026\" data-end=\"2085\">cadeaux d&rsquo;anniversaire, les anniversaires ou les d\u00e9corations pour enfants !<\/strong><\/p>\n<\/div>\n","protected":false},"excerpt":{"rendered":"<p>Apportez douceur, chaleur et charme naturel \u00e0 la chambre d&rsquo;un enfant avec la <strong>peluche<\/strong> <strong>Crochetts<\/strong> <strong>Pink 100% Cotton Maxi Deer<\/strong>, une pi\u00e8ce fabriqu\u00e9e \u00e0 la main qui allie <strong>design, douceur et durabilit\u00e9<\/strong>. <strong>Tricot\u00e9 en coton naturel hypoallerg\u00e9nique<\/strong>, cet adorable cerf est le <strong>compagnon <\/strong>id\u00e9al pour <strong>jouer <\/strong>et<strong> faire des c\u00e2lins<\/strong>. <\/p>\n<p>Son <strong>cadre<\/strong> <strong>interne<\/strong> <strong>en bois de pin<\/strong> <strong>supporte jusqu&rsquo;\u00e0 70 kg de poids sur le dessus,<\/strong> et les <strong>semelles antid\u00e9rapantes<\/strong> sur les pattes assurent la stabilit\u00e9 et la s\u00e9curit\u00e9. Parfait comme <strong>peluche d\u00e9corative<\/strong> <strong>XXL<\/strong> ou comme <strong>si\u00e8ge d&rsquo;<\/strong> <strong>appoint<\/strong>, ce cerf rose de Crochetts apporte chaleur et charme \u00e0 l&rsquo;espace des enfants. <\/p>\n<p>Il comprend une <strong data-start=\"1801\" data-end=\"1838\">lettre de bienvenue personnalis\u00e9e<\/strong> dans laquelle Lulu la peluche se pr\u00e9sente \u00e0 l&rsquo;enfant, cr\u00e9ant ainsi un lien particulier d\u00e8s les premiers instants. Un d\u00e9tail qui fait de cette peluche un cadeau original et \u00e9motionnellement unique. Id\u00e9al pour les <strong data-start=\"2026\" data-end=\"2085\">cadeaux d&rsquo;anniversaire, les anniversaires ou les d\u00e9corations pour enfants !<\/strong><\/p>\n","protected":false},"featured_media":20789,"template":"","meta":{"_acf_changed":false,"_joinchat":[]},"product_brand":[],"product_cat":[4671,4787,4816,4817],"product_tag":[4818,4796,4799,4793,4813,4791,4790,4792,4798,4795,4797],"class_list":{"0":"post-20759","1":"product","2":"type-product","3":"status-publish","4":"has-post-thumbnail","6":"product_cat-accueil","7":"product_cat-amigurumis","8":"product_cat-amigurumis-maxi","9":"product_cat-zoo","10":"product_tag-cerf-empaille-2","11":"product_tag-decoration-pour-enfants","12":"product_tag-nounours-decorer","13":"product_tag-ours-en-peluche","14":"product_tag-ours-en-peluche-maxi","15":"product_tag-ourson-au-crochet","16":"product_tag-ourson-en-coton","17":"product_tag-ourson-en-coton-hypoallergenique","18":"product_tag-ourson-xxl","19":"product_tag-peluche-geante","20":"product_tag-siege-en-peluche","21":"entry","23":"first","24":"instock","25":"taxable","26":"shipping-taxable","27":"purchasable","28":"product-type-simple"},"acf":[],"yoast_head":"<!-- This site is optimized with the Yoast SEO Premium plugin v26.1 (Yoast SEO v27.3) - https:\/\/yoast.com\/product\/yoast-seo-premium-wordpress\/ -->\n<title>Si\u00e8ge de cerf en peluche en coton hypoallerg\u00e9niquesep%sitename%%sitename%%%%<\/title>\n<meta name=\"description\" content=\"D\u00e9couvrez la peluche maxi cerf g\u00e9ant au crochet : 100% coton naturel, hypoallerg\u00e9nique et tr\u00e8s doux au toucher. Id\u00e9al pour offrir ou d\u00e9corer.\" \/>\n<meta name=\"robots\" content=\"index, follow, max-snippet:-1, max-image-preview:large, max-video-preview:-1\" \/>\n<link rel=\"canonical\" href=\"https:\/\/crochetts.com\/fr\/tienda\/peluche-siege-cerf-lulu\/\" \/>\n<meta property=\"og:locale\" content=\"fr_FR\" \/>\n<meta property=\"og:type\" content=\"article\" \/>\n<meta property=\"og:title\" content=\"PELUCHE SI\u00c8GE CERF LULU\" \/>\n<meta property=\"og:description\" content=\"Apportez douceur, chaleur et charme naturel \u00e0 la chambre d&#039;un enfant avec la peluche Crochetts Pink 100% Cotton Maxi Deer, une pi\u00e8ce fabriqu\u00e9e \u00e0 la main qui allie design, douceur et durabilit\u00e9. Tricot\u00e9 en coton naturel hypoallerg\u00e9nique, cet adorable cerf est le compagnon id\u00e9al pour jouer et faire des c\u00e2lins.  Son cadre interne en bois de pin supporte jusqu&#039;\u00e0 70 kg de poids sur le dessus, et les semelles antid\u00e9rapantes sur les pattes assurent la stabilit\u00e9 et la s\u00e9curit\u00e9. Parfait comme peluche d\u00e9corative XXL ou comme si\u00e8ge d&#039; appoint, ce cerf rose de Crochetts apporte chaleur et charme \u00e0 l&#039;espace des enfants.  Il comprend une lettre de bienvenue personnalis\u00e9e dans laquelle Lulu la peluche se pr\u00e9sente \u00e0 l&#039;enfant, cr\u00e9ant ainsi un lien particulier d\u00e8s les premiers instants. Un d\u00e9tail qui fait de cette peluche un cadeau original et \u00e9motionnellement unique. Id\u00e9al pour les cadeaux d&#039;anniversaire, les anniversaires ou les d\u00e9corations pour enfants !\" \/>\n<meta property=\"og:url\" content=\"https:\/\/crochetts.com\/fr\/tienda\/peluche-siege-cerf-lulu\/\" \/>\n<meta property=\"og:site_name\" content=\"Crochetts\" \/>\n<meta property=\"article:publisher\" content=\"https:\/\/www.facebook.com\/Crochetts-101964178013493\" \/>\n<meta property=\"article:modified_time\" content=\"2025-11-21T13:18:22+00:00\" \/>\n<meta property=\"og:image\" content=\"https:\/\/crochetts.com\/wp-content\/uploads\/2020\/05\/LT-R04-4.jpg\" \/>\n\t<meta property=\"og:image:width\" content=\"800\" \/>\n\t<meta property=\"og:image:height\" content=\"1198\" \/>\n\t<meta property=\"og:image:type\" content=\"image\/jpeg\" \/>\n<meta name=\"twitter:card\" content=\"summary_large_image\" \/>\n<meta name=\"twitter:label1\" content=\"Prix\" \/>\n\t<meta name=\"twitter:data1\" content=\"298,98&nbsp;&euro;\" \/>\n\t<meta name=\"twitter:label2\" content=\"Disponibilit\u00e9\" \/>\n\t<meta name=\"twitter:data2\" content=\"En stock\" \/>\n<script type=\"application\/ld+json\" class=\"yoast-schema-graph\">{\"@context\":\"https:\\\/\\\/schema.org\",\"@graph\":[{\"@type\":\"WebPage\",\"@id\":\"https:\\\/\\\/crochetts.com\\\/fr\\\/tienda\\\/peluche-siege-cerf-lulu\\\/\",\"url\":\"https:\\\/\\\/crochetts.com\\\/fr\\\/tienda\\\/peluche-siege-cerf-lulu\\\/\",\"name\":\"Si\u00e8ge de cerf en peluche en coton hypoallerg\u00e9niquesep%sitename%%sitename%%%%\",\"isPartOf\":{\"@id\":\"https:\\\/\\\/crochetts.com\\\/fr\\\/#website\"},\"primaryImageOfPage\":{\"@id\":\"https:\\\/\\\/crochetts.com\\\/fr\\\/tienda\\\/peluche-siege-cerf-lulu\\\/#primaryimage\"},\"image\":{\"@id\":\"https:\\\/\\\/crochetts.com\\\/fr\\\/tienda\\\/peluche-siege-cerf-lulu\\\/#primaryimage\"},\"thumbnailUrl\":\"https:\\\/\\\/crochetts.com\\\/wp-content\\\/uploads\\\/2020\\\/05\\\/LT-R04-4.jpg\",\"datePublished\":\"2020-05-26T16:08:40+00:00\",\"dateModified\":\"2025-11-21T13:18:22+00:00\",\"description\":\"D\u00e9couvrez la peluche maxi cerf g\u00e9ant au crochet : 100% coton naturel, hypoallerg\u00e9nique et tr\u00e8s doux au toucher. Id\u00e9al pour offrir ou d\u00e9corer.\",\"breadcrumb\":{\"@id\":\"https:\\\/\\\/crochetts.com\\\/fr\\\/tienda\\\/peluche-siege-cerf-lulu\\\/#breadcrumb\"},\"inLanguage\":\"fr-FR\",\"potentialAction\":[{\"@type\":\"ReadAction\",\"target\":[\"https:\\\/\\\/crochetts.com\\\/fr\\\/tienda\\\/peluche-siege-cerf-lulu\\\/\"]}]},{\"@type\":\"ImageObject\",\"inLanguage\":\"fr-FR\",\"@id\":\"https:\\\/\\\/crochetts.com\\\/fr\\\/tienda\\\/peluche-siege-cerf-lulu\\\/#primaryimage\",\"url\":\"https:\\\/\\\/crochetts.com\\\/wp-content\\\/uploads\\\/2020\\\/05\\\/LT-R04-4.jpg\",\"contentUrl\":\"https:\\\/\\\/crochetts.com\\\/wp-content\\\/uploads\\\/2020\\\/05\\\/LT-R04-4.jpg\",\"width\":800,\"height\":1198,\"caption\":\"animal en peluche g\u00e9ant cerf\"},{\"@type\":\"BreadcrumbList\",\"@id\":\"https:\\\/\\\/crochetts.com\\\/fr\\\/tienda\\\/peluche-siege-cerf-lulu\\\/#breadcrumb\",\"itemListElement\":[{\"@type\":\"ListItem\",\"position\":1,\"name\":\"Portada\",\"item\":\"https:\\\/\\\/crochetts.com\\\/fr\\\/accueil\\\/\"},{\"@type\":\"ListItem\",\"position\":2,\"name\":\"Boutique\",\"item\":\"https:\\\/\\\/crochetts.fr\\\/boutique\\\/\"},{\"@type\":\"ListItem\",\"position\":3,\"name\":\"PELUCHE SI\u00c8GE CERF LULU\"}]},{\"@type\":\"WebSite\",\"@id\":\"https:\\\/\\\/crochetts.com\\\/fr\\\/#website\",\"url\":\"https:\\\/\\\/crochetts.com\\\/fr\\\/\",\"name\":\"Crochetts\",\"description\":\"ANIMALES DE CROCHET PARA JUGAR,DECORAR Y SO\u00d1AR\",\"publisher\":{\"@id\":\"https:\\\/\\\/crochetts.com\\\/fr\\\/#organization\"},\"potentialAction\":[{\"@type\":\"SearchAction\",\"target\":{\"@type\":\"EntryPoint\",\"urlTemplate\":\"https:\\\/\\\/crochetts.com\\\/fr\\\/?s={search_term_string}\"},\"query-input\":{\"@type\":\"PropertyValueSpecification\",\"valueRequired\":true,\"valueName\":\"search_term_string\"}}],\"inLanguage\":\"fr-FR\"},{\"@type\":\"Organization\",\"@id\":\"https:\\\/\\\/crochetts.com\\\/fr\\\/#organization\",\"name\":\"Crochets\",\"url\":\"https:\\\/\\\/crochetts.com\\\/fr\\\/\",\"logo\":{\"@type\":\"ImageObject\",\"inLanguage\":\"fr-FR\",\"@id\":\"https:\\\/\\\/crochetts.com\\\/fr\\\/#\\\/schema\\\/logo\\\/image\\\/\",\"url\":\"https:\\\/\\\/i2.wp.com\\\/crochetts.com\\\/wp-content\\\/uploads\\\/2021\\\/01\\\/Logo-Crochetts.jpg?fit=300%2C137&ssl=1\",\"contentUrl\":\"https:\\\/\\\/i2.wp.com\\\/crochetts.com\\\/wp-content\\\/uploads\\\/2021\\\/01\\\/Logo-Crochetts.jpg?fit=300%2C137&ssl=1\",\"width\":300,\"height\":137,\"caption\":\"Crochets\"},\"image\":{\"@id\":\"https:\\\/\\\/crochetts.com\\\/fr\\\/#\\\/schema\\\/logo\\\/image\\\/\"},\"sameAs\":[\"https:\\\/\\\/www.facebook.com\\\/Crochetts-101964178013493\",\"https:\\\/\\\/www.instagram.com\\\/crochetts_\\\/\"]}]}<\/script>\n<meta property=\"product:price:amount\" content=\"298.98\" \/>\n<meta property=\"product:price:currency\" content=\"EUR\" \/>\n<meta property=\"og:availability\" content=\"instock\" \/>\n<meta property=\"product:availability\" content=\"instock\" \/>\n<meta property=\"product:retailer_item_id\" content=\"LT-R04\" \/>\n<meta property=\"product:condition\" content=\"new\" \/>\n<!-- \/ Yoast SEO Premium plugin. -->","yoast_head_json":{"title":"Si\u00e8ge de cerf en peluche en coton hypoallerg\u00e9niquesep%sitename%%sitename%%%%","description":"D\u00e9couvrez la peluche maxi cerf g\u00e9ant au crochet : 100% coton naturel, hypoallerg\u00e9nique et tr\u00e8s doux au toucher. Id\u00e9al pour offrir ou d\u00e9corer.","robots":{"index":"index","follow":"follow","max-snippet":"max-snippet:-1","max-image-preview":"max-image-preview:large","max-video-preview":"max-video-preview:-1"},"canonical":"https:\/\/crochetts.com\/fr\/tienda\/peluche-siege-cerf-lulu\/","og_locale":"fr_FR","og_type":"article","og_title":"PELUCHE SI\u00c8GE CERF LULU","og_description":"Apportez douceur, chaleur et charme naturel \u00e0 la chambre d'un enfant avec la peluche Crochetts Pink 100% Cotton Maxi Deer, une pi\u00e8ce fabriqu\u00e9e \u00e0 la main qui allie design, douceur et durabilit\u00e9. Tricot\u00e9 en coton naturel hypoallerg\u00e9nique, cet adorable cerf est le compagnon id\u00e9al pour jouer et faire des c\u00e2lins.  Son cadre interne en bois de pin supporte jusqu'\u00e0 70 kg de poids sur le dessus, et les semelles antid\u00e9rapantes sur les pattes assurent la stabilit\u00e9 et la s\u00e9curit\u00e9. Parfait comme peluche d\u00e9corative XXL ou comme si\u00e8ge d' appoint, ce cerf rose de Crochetts apporte chaleur et charme \u00e0 l'espace des enfants.  Il comprend une lettre de bienvenue personnalis\u00e9e dans laquelle Lulu la peluche se pr\u00e9sente \u00e0 l'enfant, cr\u00e9ant ainsi un lien particulier d\u00e8s les premiers instants. Un d\u00e9tail qui fait de cette peluche un cadeau original et \u00e9motionnellement unique. Id\u00e9al pour les cadeaux d'anniversaire, les anniversaires ou les d\u00e9corations pour enfants !","og_url":"https:\/\/crochetts.com\/fr\/tienda\/peluche-siege-cerf-lulu\/","og_site_name":"Crochetts","article_publisher":"https:\/\/www.facebook.com\/Crochetts-101964178013493","article_modified_time":"2025-11-21T13:18:22+00:00","og_image":[{"width":800,"height":1198,"url":"https:\/\/crochetts.com\/wp-content\/uploads\/2020\/05\/LT-R04-4.jpg","type":"image\/jpeg"}],"twitter_card":"summary_large_image","twitter_misc":{"Prix":"298,98&nbsp;&euro;","Disponibilit\u00e9":"En stock"},"schema":{"@context":"https:\/\/schema.org","@graph":[{"@type":"WebPage","@id":"https:\/\/crochetts.com\/fr\/tienda\/peluche-siege-cerf-lulu\/","url":"https:\/\/crochetts.com\/fr\/tienda\/peluche-siege-cerf-lulu\/","name":"Si\u00e8ge de cerf en peluche en coton hypoallerg\u00e9niquesep%sitename%%sitename%%%%","isPartOf":{"@id":"https:\/\/crochetts.com\/fr\/#website"},"primaryImageOfPage":{"@id":"https:\/\/crochetts.com\/fr\/tienda\/peluche-siege-cerf-lulu\/#primaryimage"},"image":{"@id":"https:\/\/crochetts.com\/fr\/tienda\/peluche-siege-cerf-lulu\/#primaryimage"},"thumbnailUrl":"https:\/\/crochetts.com\/wp-content\/uploads\/2020\/05\/LT-R04-4.jpg","datePublished":"2020-05-26T16:08:40+00:00","dateModified":"2025-11-21T13:18:22+00:00","description":"D\u00e9couvrez la peluche maxi cerf g\u00e9ant au crochet : 100% coton naturel, hypoallerg\u00e9nique et tr\u00e8s doux au toucher. Id\u00e9al pour offrir ou d\u00e9corer.","breadcrumb":{"@id":"https:\/\/crochetts.com\/fr\/tienda\/peluche-siege-cerf-lulu\/#breadcrumb"},"inLanguage":"fr-FR","potentialAction":[{"@type":"ReadAction","target":["https:\/\/crochetts.com\/fr\/tienda\/peluche-siege-cerf-lulu\/"]}]},{"@type":"ImageObject","inLanguage":"fr-FR","@id":"https:\/\/crochetts.com\/fr\/tienda\/peluche-siege-cerf-lulu\/#primaryimage","url":"https:\/\/crochetts.com\/wp-content\/uploads\/2020\/05\/LT-R04-4.jpg","contentUrl":"https:\/\/crochetts.com\/wp-content\/uploads\/2020\/05\/LT-R04-4.jpg","width":800,"height":1198,"caption":"animal en peluche g\u00e9ant cerf"},{"@type":"BreadcrumbList","@id":"https:\/\/crochetts.com\/fr\/tienda\/peluche-siege-cerf-lulu\/#breadcrumb","itemListElement":[{"@type":"ListItem","position":1,"name":"Portada","item":"https:\/\/crochetts.com\/fr\/accueil\/"},{"@type":"ListItem","position":2,"name":"Boutique","item":"https:\/\/crochetts.fr\/boutique\/"},{"@type":"ListItem","position":3,"name":"PELUCHE SI\u00c8GE CERF LULU"}]},{"@type":"WebSite","@id":"https:\/\/crochetts.com\/fr\/#website","url":"https:\/\/crochetts.com\/fr\/","name":"Crochetts","description":"ANIMALES DE CROCHET PARA JUGAR,DECORAR Y SO\u00d1AR","publisher":{"@id":"https:\/\/crochetts.com\/fr\/#organization"},"potentialAction":[{"@type":"SearchAction","target":{"@type":"EntryPoint","urlTemplate":"https:\/\/crochetts.com\/fr\/?s={search_term_string}"},"query-input":{"@type":"PropertyValueSpecification","valueRequired":true,"valueName":"search_term_string"}}],"inLanguage":"fr-FR"},{"@type":"Organization","@id":"https:\/\/crochetts.com\/fr\/#organization","name":"Crochets","url":"https:\/\/crochetts.com\/fr\/","logo":{"@type":"ImageObject","inLanguage":"fr-FR","@id":"https:\/\/crochetts.com\/fr\/#\/schema\/logo\/image\/","url":"https:\/\/i2.wp.com\/crochetts.com\/wp-content\/uploads\/2021\/01\/Logo-Crochetts.jpg?fit=300%2C137&ssl=1","contentUrl":"https:\/\/i2.wp.com\/crochetts.com\/wp-content\/uploads\/2021\/01\/Logo-Crochetts.jpg?fit=300%2C137&ssl=1","width":300,"height":137,"caption":"Crochets"},"image":{"@id":"https:\/\/crochetts.com\/fr\/#\/schema\/logo\/image\/"},"sameAs":["https:\/\/www.facebook.com\/Crochetts-101964178013493","https:\/\/www.instagram.com\/crochetts_\/"]}]},"product_price_amount":"298.98","product_price_currency":"EUR","og_availability":"instock","product_availability":"instock","product_retailer_item_id":"LT-R04","product_condition":"new"},"_links":{"self":[{"href":"https:\/\/crochetts.com\/fr\/wp-json\/wp\/v2\/product\/20759","targetHints":{"allow":["GET"]}}],"collection":[{"href":"https:\/\/crochetts.com\/fr\/wp-json\/wp\/v2\/product"}],"about":[{"href":"https:\/\/crochetts.com\/fr\/wp-json\/wp\/v2\/types\/product"}],"wp:featuredmedia":[{"embeddable":true,"href":"https:\/\/crochetts.com\/fr\/wp-json\/wp\/v2\/media\/20789"}],"wp:attachment":[{"href":"https:\/\/crochetts.com\/fr\/wp-json\/wp\/v2\/media?parent=20759"}],"wp:term":[{"taxonomy":"product_brand","embeddable":true,"href":"https:\/\/crochetts.com\/fr\/wp-json\/wp\/v2\/product_brand?post=20759"},{"taxonomy":"product_cat","embeddable":true,"href":"https:\/\/crochetts.com\/fr\/wp-json\/wp\/v2\/product_cat?post=20759"},{"taxonomy":"product_tag","embeddable":true,"href":"https:\/\/crochetts.com\/fr\/wp-json\/wp\/v2\/product_tag?post=20759"}],"curies":[{"name":"wp","href":"https:\/\/api.w.org\/{rel}","templated":true}]}}