{"id":20703,"date":"2020-12-22T14:32:21","date_gmt":"2020-12-22T14:32:21","guid":{"rendered":"https:\/\/crochetts.com\/tienda\/famille-dinos-crochet_2-feuille\/"},"modified":"2025-11-21T14:01:49","modified_gmt":"2025-11-21T13:01:49","slug":"famille-dinos-crochet_2-feuille","status":"publish","type":"product","link":"https:\/\/crochetts.com\/fr\/tienda\/famille-dinos-crochet_2-feuille\/","title":{"rendered":"FAMILLE DINOS CROCHET_2 FEUILLE"},"content":{"rendered":"<p><strong>Impression :<\/strong> format A3 (420&#215;297 mm). Imprim\u00e9 sur un papier mat de premi\u00e8re qualit\u00e9, d&rsquo;un grammage de 240 gr\/m2. <\/p>\n<p><strong>Cadre :<\/strong> Cadre en bois MDF. Finition blanc textur\u00e9.  Couvercle en m\u00e9thacrylate, dos en bois MDF et syst\u00e8me d&rsquo;accrochage pour la suspension murale. Dimensions avec cadre : 33x2x43 cm - Poids : 1060 gr. <\/p>\n<p><strong>Suspension : <\/strong>Support fixe en bois coll\u00e9 \u00e0 la feuille. Finition en couleur naturelle, sans vernis.  Syst\u00e8me de suspension par corde. Fabriqu\u00e9 \u00e0 la main. <\/p>\n","protected":false},"excerpt":{"rendered":"<div style=\"text-align: justify;\">\n<p><strong>Impression d\u00e9corative<\/strong> au crochet pour <strong>enfants<\/strong> avec motif de dinosaures.<\/p>\n<p>Produit design id\u00e9al pour d\u00e9corer les chambres d&rsquo;enfants et les remplir de couleurs et de douceur. Le compl\u00e9ment id\u00e9al de notre famille de peluches au crochet. <\/p>\n<div>Disponible en <strong>deux options<\/strong>:<\/div>\n<div>\n<ul>\n<li>Film <strong>non support\u00e9 : <\/strong>film de <strong>taille A3 <\/strong>. Imprim\u00e9 sur un <strong>papier mat de<\/strong> premi\u00e8re qualit\u00e9 d <strong>&lsquo;<\/strong> un<strong> grammage de 240 gr\/m2<\/strong>.<\/li>\n<li>Lamina <strong>avec cadre :<\/strong> comprend un <strong>cadre d\u00e9coratif<\/strong> <strong>en bois<\/strong> textur\u00e9 <strong>blanc<\/strong> avec <strong>protecteur<\/strong> et syst\u00e8me d&rsquo;<strong>accrochage<\/strong>.<\/li>\n<\/ul>\n<p>D\u00e9couvrez toute notre collection d&rsquo;imprim\u00e9s en cliquant sur ce lien, <a href=\"https:\/\/crochetts.fr\/categoria-producto\/accueil\/produits\/lampes\/\" target=\"_blank\" rel=\"noopener\">ICI.<\/a><\/p>\n<\/div>\n<\/div>\n","protected":false},"featured_media":20712,"template":"","meta":{"_acf_changed":false,"_joinchat":[]},"product_brand":[],"product_cat":[4671,4672],"product_tag":[4674,4691,4695,4681,4683,4677,4675,4705,4767,4673,6064,4763,4807,4684,4682,4743,4706,4710,4744,4768,4766,4690,4692,4693,4685,4680,4688,4686,4808,4765,4764],"class_list":{"0":"post-20703","1":"product","2":"type-product","3":"status-publish","4":"has-post-thumbnail","6":"product_cat-accueil","7":"product_cat-lampes","8":"product_tag-affiche-encadree","9":"product_tag-amigurumi-imprime-pour-enfants","10":"product_tag-amigurumi-imprime-pour-enfants-2","11":"product_tag-bebes","12":"product_tag-bebes-2","13":"product_tag-boite-blanche-pour-enfants","14":"product_tag-boite-pour-enfants","15":"product_tag-crochet","16":"product_tag-crochet-famille-dinos-2-print","17":"product_tag-crochets","18":"product_tag-dinosaure-3","19":"product_tag-dinosaure","20":"product_tag-dinosaure-2","21":"product_tag-enfants-2","22":"product_tag-enfants","23":"product_tag-enfants-3","24":"product_tag-famille","25":"product_tag-famille-2","26":"product_tag-famille-3","27":"product_tag-famille-de-dinosaures-au-crochet-2","28":"product_tag-feuille-de-famille-dinos-au-crochet-2","29":"product_tag-feuille-pour-enfants-amigurumis","30":"product_tag-image-denfant","31":"product_tag-image-denfant-blanche","32":"product_tag-impression-encadree","33":"product_tag-photo-denfant","34":"product_tag-photo-denfants-blancs","35":"product_tag-print-encadree","36":"product_tag-vert-2","37":"product_tag-vert","38":"product_tag-verts","39":"entry","41":"first","42":"instock","43":"taxable","44":"shipping-taxable","45":"purchasable","46":"product-type-variable"},"acf":[],"yoast_head":"<!-- This site is optimized with the Yoast SEO Premium plugin v26.1 (Yoast SEO v27.3) - https:\/\/yoast.com\/product\/yoast-seo-premium-wordpress\/ -->\n<title>Film A3, encadr\u00e9 ou avec cintre%% - Crochetts%% Crochetts% Crochetts%%<\/title>\n<meta name=\"description\" content=\"Imprim\u00e9 d\u00e9coratif pour enfants avec un motif de nounours en crochet. Le compl\u00e9ment id\u00e9al de notre famille de nounours au crochet.\" \/>\n<meta name=\"robots\" content=\"index, follow, max-snippet:-1, max-image-preview:large, max-video-preview:-1\" \/>\n<link rel=\"canonical\" href=\"https:\/\/crochetts.com\/fr\/tienda\/famille-dinos-crochet_2-feuille\/\" \/>\n<meta property=\"og:locale\" content=\"fr_FR\" \/>\n<meta property=\"og:type\" content=\"article\" \/>\n<meta property=\"og:title\" content=\"FAMILLE DINOS CROCHET_2 FEUILLE\" \/>\n<meta property=\"og:description\" content=\"Impression d\u00e9corative au crochet pour enfants avec motif de dinosaures. Produit design id\u00e9al pour d\u00e9corer les chambres d&#039;enfants et les remplir de couleurs et de douceur. Le compl\u00e9ment id\u00e9al de notre famille de peluches au crochet. Disponible en deux options:   Film non support\u00e9 : film de taille A3 . Imprim\u00e9 sur un papier mat de premi\u00e8re qualit\u00e9 d &#039; un grammage de 240 gr\/m2.  Lamina avec cadre : comprend un cadre d\u00e9coratif en bois textur\u00e9 blanc avec protecteur et syst\u00e8me d&#039;accrochage. D\u00e9couvrez toute notre collection d&#039;imprim\u00e9s en cliquant sur ce lien, ICI.\" \/>\n<meta property=\"og:url\" content=\"https:\/\/crochetts.com\/fr\/tienda\/famille-dinos-crochet_2-feuille\/\" \/>\n<meta property=\"og:site_name\" content=\"Crochetts\" \/>\n<meta property=\"article:publisher\" content=\"https:\/\/www.facebook.com\/Crochetts-101964178013493\" \/>\n<meta property=\"article:modified_time\" content=\"2025-11-21T13:01:49+00:00\" \/>\n<meta property=\"og:image\" content=\"https:\/\/crochetts.com\/wp-content\/uploads\/2020\/12\/CDR-0003-2.jpg\" \/>\n\t<meta property=\"og:image:width\" content=\"801\" \/>\n\t<meta property=\"og:image:height\" content=\"1200\" \/>\n\t<meta property=\"og:image:type\" content=\"image\/jpeg\" \/>\n<meta name=\"twitter:card\" content=\"summary_large_image\" \/>\n<meta name=\"twitter:label1\" content=\"Disponibilit\u00e9\" \/>\n\t<meta name=\"twitter:data1\" content=\"En stock\" \/>\n<script type=\"application\/ld+json\" class=\"yoast-schema-graph\">{\"@context\":\"https:\\\/\\\/schema.org\",\"@graph\":[{\"@type\":\"WebPage\",\"@id\":\"https:\\\/\\\/crochetts.com\\\/fr\\\/tienda\\\/famille-dinos-crochet_2-feuille\\\/\",\"url\":\"https:\\\/\\\/crochetts.com\\\/fr\\\/tienda\\\/famille-dinos-crochet_2-feuille\\\/\",\"name\":\"Film A3, encadr\u00e9 ou avec cintre%% - Crochetts%% Crochetts% Crochetts%%\",\"isPartOf\":{\"@id\":\"https:\\\/\\\/crochetts.com\\\/fr\\\/#website\"},\"primaryImageOfPage\":{\"@id\":\"https:\\\/\\\/crochetts.com\\\/fr\\\/tienda\\\/famille-dinos-crochet_2-feuille\\\/#primaryimage\"},\"image\":{\"@id\":\"https:\\\/\\\/crochetts.com\\\/fr\\\/tienda\\\/famille-dinos-crochet_2-feuille\\\/#primaryimage\"},\"thumbnailUrl\":\"https:\\\/\\\/crochetts.com\\\/wp-content\\\/uploads\\\/2020\\\/12\\\/CDR-0003-2.jpg\",\"datePublished\":\"2020-12-22T14:32:21+00:00\",\"dateModified\":\"2025-11-21T13:01:49+00:00\",\"description\":\"Imprim\u00e9 d\u00e9coratif pour enfants avec un motif de nounours en crochet. Le compl\u00e9ment id\u00e9al de notre famille de nounours au crochet.\",\"breadcrumb\":{\"@id\":\"https:\\\/\\\/crochetts.com\\\/fr\\\/tienda\\\/famille-dinos-crochet_2-feuille\\\/#breadcrumb\"},\"inLanguage\":\"fr-FR\",\"potentialAction\":[{\"@type\":\"ReadAction\",\"target\":[\"https:\\\/\\\/crochetts.com\\\/fr\\\/tienda\\\/famille-dinos-crochet_2-feuille\\\/\"]}]},{\"@type\":\"ImageObject\",\"inLanguage\":\"fr-FR\",\"@id\":\"https:\\\/\\\/crochetts.com\\\/fr\\\/tienda\\\/famille-dinos-crochet_2-feuille\\\/#primaryimage\",\"url\":\"https:\\\/\\\/crochetts.com\\\/wp-content\\\/uploads\\\/2020\\\/12\\\/CDR-0003-2.jpg\",\"contentUrl\":\"https:\\\/\\\/crochetts.com\\\/wp-content\\\/uploads\\\/2020\\\/12\\\/CDR-0003-2.jpg\",\"width\":801,\"height\":1200,\"caption\":\"feuille dinosaures au crochet\"},{\"@type\":\"BreadcrumbList\",\"@id\":\"https:\\\/\\\/crochetts.com\\\/fr\\\/tienda\\\/famille-dinos-crochet_2-feuille\\\/#breadcrumb\",\"itemListElement\":[{\"@type\":\"ListItem\",\"position\":1,\"name\":\"Portada\",\"item\":\"https:\\\/\\\/crochetts.com\\\/fr\\\/accueil\\\/\"},{\"@type\":\"ListItem\",\"position\":2,\"name\":\"Boutique\",\"item\":\"https:\\\/\\\/crochetts.fr\\\/boutique\\\/\"},{\"@type\":\"ListItem\",\"position\":3,\"name\":\"FAMILLE DINOS CROCHET_2 FEUILLE\"}]},{\"@type\":\"WebSite\",\"@id\":\"https:\\\/\\\/crochetts.com\\\/fr\\\/#website\",\"url\":\"https:\\\/\\\/crochetts.com\\\/fr\\\/\",\"name\":\"Crochetts\",\"description\":\"ANIMALES DE CROCHET PARA JUGAR,DECORAR Y SO\u00d1AR\",\"publisher\":{\"@id\":\"https:\\\/\\\/crochetts.com\\\/fr\\\/#organization\"},\"potentialAction\":[{\"@type\":\"SearchAction\",\"target\":{\"@type\":\"EntryPoint\",\"urlTemplate\":\"https:\\\/\\\/crochetts.com\\\/fr\\\/?s={search_term_string}\"},\"query-input\":{\"@type\":\"PropertyValueSpecification\",\"valueRequired\":true,\"valueName\":\"search_term_string\"}}],\"inLanguage\":\"fr-FR\"},{\"@type\":\"Organization\",\"@id\":\"https:\\\/\\\/crochetts.com\\\/fr\\\/#organization\",\"name\":\"Crochets\",\"url\":\"https:\\\/\\\/crochetts.com\\\/fr\\\/\",\"logo\":{\"@type\":\"ImageObject\",\"inLanguage\":\"fr-FR\",\"@id\":\"https:\\\/\\\/crochetts.com\\\/fr\\\/#\\\/schema\\\/logo\\\/image\\\/\",\"url\":\"https:\\\/\\\/i2.wp.com\\\/crochetts.com\\\/wp-content\\\/uploads\\\/2021\\\/01\\\/Logo-Crochetts.jpg?fit=300%2C137&ssl=1\",\"contentUrl\":\"https:\\\/\\\/i2.wp.com\\\/crochetts.com\\\/wp-content\\\/uploads\\\/2021\\\/01\\\/Logo-Crochetts.jpg?fit=300%2C137&ssl=1\",\"width\":300,\"height\":137,\"caption\":\"Crochets\"},\"image\":{\"@id\":\"https:\\\/\\\/crochetts.com\\\/fr\\\/#\\\/schema\\\/logo\\\/image\\\/\"},\"sameAs\":[\"https:\\\/\\\/www.facebook.com\\\/Crochetts-101964178013493\",\"https:\\\/\\\/www.instagram.com\\\/crochetts_\\\/\"]}]}<\/script>\n<meta property=\"og:availability\" content=\"instock\" \/>\n<meta property=\"product:availability\" content=\"instock\" \/>\n<meta property=\"product:retailer_item_id\" content=\"LMN-CR-0003\" \/>\n<meta property=\"product:condition\" content=\"new\" \/>\n<!-- \/ Yoast SEO Premium plugin. -->","yoast_head_json":{"title":"Film A3, encadr\u00e9 ou avec cintre%% - Crochetts%% Crochetts% Crochetts%%","description":"Imprim\u00e9 d\u00e9coratif pour enfants avec un motif de nounours en crochet. Le compl\u00e9ment id\u00e9al de notre famille de nounours au crochet.","robots":{"index":"index","follow":"follow","max-snippet":"max-snippet:-1","max-image-preview":"max-image-preview:large","max-video-preview":"max-video-preview:-1"},"canonical":"https:\/\/crochetts.com\/fr\/tienda\/famille-dinos-crochet_2-feuille\/","og_locale":"fr_FR","og_type":"article","og_title":"FAMILLE DINOS CROCHET_2 FEUILLE","og_description":"Impression d\u00e9corative au crochet pour enfants avec motif de dinosaures. Produit design id\u00e9al pour d\u00e9corer les chambres d'enfants et les remplir de couleurs et de douceur. Le compl\u00e9ment id\u00e9al de notre famille de peluches au crochet. Disponible en deux options:   Film non support\u00e9 : film de taille A3 . Imprim\u00e9 sur un papier mat de premi\u00e8re qualit\u00e9 d ' un grammage de 240 gr\/m2.  Lamina avec cadre : comprend un cadre d\u00e9coratif en bois textur\u00e9 blanc avec protecteur et syst\u00e8me d'accrochage. D\u00e9couvrez toute notre collection d'imprim\u00e9s en cliquant sur ce lien, ICI.","og_url":"https:\/\/crochetts.com\/fr\/tienda\/famille-dinos-crochet_2-feuille\/","og_site_name":"Crochetts","article_publisher":"https:\/\/www.facebook.com\/Crochetts-101964178013493","article_modified_time":"2025-11-21T13:01:49+00:00","og_image":[{"width":801,"height":1200,"url":"https:\/\/crochetts.com\/wp-content\/uploads\/2020\/12\/CDR-0003-2.jpg","type":"image\/jpeg"}],"twitter_card":"summary_large_image","twitter_misc":{"Disponibilit\u00e9":"En stock"},"schema":{"@context":"https:\/\/schema.org","@graph":[{"@type":"WebPage","@id":"https:\/\/crochetts.com\/fr\/tienda\/famille-dinos-crochet_2-feuille\/","url":"https:\/\/crochetts.com\/fr\/tienda\/famille-dinos-crochet_2-feuille\/","name":"Film A3, encadr\u00e9 ou avec cintre%% - Crochetts%% Crochetts% Crochetts%%","isPartOf":{"@id":"https:\/\/crochetts.com\/fr\/#website"},"primaryImageOfPage":{"@id":"https:\/\/crochetts.com\/fr\/tienda\/famille-dinos-crochet_2-feuille\/#primaryimage"},"image":{"@id":"https:\/\/crochetts.com\/fr\/tienda\/famille-dinos-crochet_2-feuille\/#primaryimage"},"thumbnailUrl":"https:\/\/crochetts.com\/wp-content\/uploads\/2020\/12\/CDR-0003-2.jpg","datePublished":"2020-12-22T14:32:21+00:00","dateModified":"2025-11-21T13:01:49+00:00","description":"Imprim\u00e9 d\u00e9coratif pour enfants avec un motif de nounours en crochet. Le compl\u00e9ment id\u00e9al de notre famille de nounours au crochet.","breadcrumb":{"@id":"https:\/\/crochetts.com\/fr\/tienda\/famille-dinos-crochet_2-feuille\/#breadcrumb"},"inLanguage":"fr-FR","potentialAction":[{"@type":"ReadAction","target":["https:\/\/crochetts.com\/fr\/tienda\/famille-dinos-crochet_2-feuille\/"]}]},{"@type":"ImageObject","inLanguage":"fr-FR","@id":"https:\/\/crochetts.com\/fr\/tienda\/famille-dinos-crochet_2-feuille\/#primaryimage","url":"https:\/\/crochetts.com\/wp-content\/uploads\/2020\/12\/CDR-0003-2.jpg","contentUrl":"https:\/\/crochetts.com\/wp-content\/uploads\/2020\/12\/CDR-0003-2.jpg","width":801,"height":1200,"caption":"feuille dinosaures au crochet"},{"@type":"BreadcrumbList","@id":"https:\/\/crochetts.com\/fr\/tienda\/famille-dinos-crochet_2-feuille\/#breadcrumb","itemListElement":[{"@type":"ListItem","position":1,"name":"Portada","item":"https:\/\/crochetts.com\/fr\/accueil\/"},{"@type":"ListItem","position":2,"name":"Boutique","item":"https:\/\/crochetts.fr\/boutique\/"},{"@type":"ListItem","position":3,"name":"FAMILLE DINOS CROCHET_2 FEUILLE"}]},{"@type":"WebSite","@id":"https:\/\/crochetts.com\/fr\/#website","url":"https:\/\/crochetts.com\/fr\/","name":"Crochetts","description":"ANIMALES DE CROCHET PARA JUGAR,DECORAR Y SO\u00d1AR","publisher":{"@id":"https:\/\/crochetts.com\/fr\/#organization"},"potentialAction":[{"@type":"SearchAction","target":{"@type":"EntryPoint","urlTemplate":"https:\/\/crochetts.com\/fr\/?s={search_term_string}"},"query-input":{"@type":"PropertyValueSpecification","valueRequired":true,"valueName":"search_term_string"}}],"inLanguage":"fr-FR"},{"@type":"Organization","@id":"https:\/\/crochetts.com\/fr\/#organization","name":"Crochets","url":"https:\/\/crochetts.com\/fr\/","logo":{"@type":"ImageObject","inLanguage":"fr-FR","@id":"https:\/\/crochetts.com\/fr\/#\/schema\/logo\/image\/","url":"https:\/\/i2.wp.com\/crochetts.com\/wp-content\/uploads\/2021\/01\/Logo-Crochetts.jpg?fit=300%2C137&ssl=1","contentUrl":"https:\/\/i2.wp.com\/crochetts.com\/wp-content\/uploads\/2021\/01\/Logo-Crochetts.jpg?fit=300%2C137&ssl=1","width":300,"height":137,"caption":"Crochets"},"image":{"@id":"https:\/\/crochetts.com\/fr\/#\/schema\/logo\/image\/"},"sameAs":["https:\/\/www.facebook.com\/Crochetts-101964178013493","https:\/\/www.instagram.com\/crochetts_\/"]}]},"og_availability":"instock","product_availability":"instock","product_retailer_item_id":"LMN-CR-0003","product_condition":"new"},"_links":{"self":[{"href":"https:\/\/crochetts.com\/fr\/wp-json\/wp\/v2\/product\/20703","targetHints":{"allow":["GET"]}}],"collection":[{"href":"https:\/\/crochetts.com\/fr\/wp-json\/wp\/v2\/product"}],"about":[{"href":"https:\/\/crochetts.com\/fr\/wp-json\/wp\/v2\/types\/product"}],"wp:featuredmedia":[{"embeddable":true,"href":"https:\/\/crochetts.com\/fr\/wp-json\/wp\/v2\/media\/20712"}],"wp:attachment":[{"href":"https:\/\/crochetts.com\/fr\/wp-json\/wp\/v2\/media?parent=20703"}],"wp:term":[{"taxonomy":"product_brand","embeddable":true,"href":"https:\/\/crochetts.com\/fr\/wp-json\/wp\/v2\/product_brand?post=20703"},{"taxonomy":"product_cat","embeddable":true,"href":"https:\/\/crochetts.com\/fr\/wp-json\/wp\/v2\/product_cat?post=20703"},{"taxonomy":"product_tag","embeddable":true,"href":"https:\/\/crochetts.com\/fr\/wp-json\/wp\/v2\/product_tag?post=20703"}],"curies":[{"name":"wp","href":"https:\/\/api.w.org\/{rel}","templated":true}]}}