{"id":28730,"date":"2025-12-19T09:55:55","date_gmt":"2025-12-19T07:55:55","guid":{"rendered":"https:\/\/crochetts.com\/merci\/"},"modified":"2026-02-02T13:09:45","modified_gmt":"2026-02-02T11:09:45","slug":"merci","status":"publish","type":"page","link":"https:\/\/crochetts.com\/fr\/merci\/","title":{"rendered":"MERCI"},"content":{"rendered":"\t\t<div data-elementor-type=\"wp-page\" data-elementor-id=\"28730\" class=\"elementor elementor-28730 elementor-28723\" data-elementor-post-type=\"page\">\n\t\t\t\t<div class=\"elementor-element elementor-element-8b53a94 e-flex e-con-boxed e-con e-parent\" data-id=\"8b53a94\" data-element_type=\"container\" data-settings=\"{&quot;background_background&quot;:&quot;classic&quot;}\">\n\t\t\t\t\t<div class=\"e-con-inner\">\n\t\t\t\t<div class=\"elementor-element elementor-element-5783aa3 elementor-widget elementor-widget-heading\" data-id=\"5783aa3\" data-element_type=\"widget\" data-widget_type=\"heading.default\">\n\t\t\t\t\t<h2 class=\"elementor-heading-title elementor-size-default\">\nMERCI POUR VOTRE COMMANDE<\/h2>\t\t\t\t<\/div>\n\t\t\t\t\t<\/div>\n\t\t\t\t<\/div>\n\t\t<div class=\"elementor-element elementor-element-29b071a e-flex e-con-boxed e-con e-parent\" data-id=\"29b071a\" data-element_type=\"container\">\n\t\t\t\t\t<div class=\"e-con-inner\">\n\t\t\t\t<div class=\"elementor-element elementor-element-23e7d6c elementor-widget elementor-widget-text-editor\" data-id=\"23e7d6c\" data-element_type=\"widget\" data-widget_type=\"text-editor.default\">\n\t\t\t\t\t\t\t\t\t<p><strong>Merci de nous faire confiance !<\/strong><br>Nous sautons de joie car votre commande est d\u00e9j\u00e0 en cours d&rsquo;acheminement vers notre zone de pr\u00e9paration. Nous sommes ravis que vous ayez choisi CROCHETTS pour faire partie de votre journ\u00e9e.<br>- <strong>Et ensuite ?<\/strong> Si vous avez choisi Bizum ou le virement bancaire, nous vous informerons d\u00e8s que votre colis quittera l&rsquo;entrep\u00f4t, afin que vous puissiez en suivre l&rsquo;acheminement.<br>- <strong>Des questions ?<\/strong> Nous sommes l\u00e0 pour vous aider. \u00c9crivez-nous par WhatsApp ou r\u00e9pondez \u00e0 cet e-mail.  <br>Nous esp\u00e9rons que vous l&rsquo;appr\u00e9cierez beaucoup !<\/p>\t\t\t\t\t\t\t\t<\/div>\n\t\t\t\t\t<\/div>\n\t\t\t\t<\/div>\n\t\t<div class=\"elementor-element elementor-element-012ac5a e-flex e-con-boxed e-con e-parent\" data-id=\"012ac5a\" data-element_type=\"container\">\n\t\t\t\t\t<div class=\"e-con-inner\">\n\t\t\t\t<div class=\"elementor-element elementor-element-768ebd7 elementor-widget elementor-widget-image\" data-id=\"768ebd7\" data-element_type=\"widget\" data-widget_type=\"image.default\">\n\t\t\t\t\t\t\t\t\t\t\t\t\t\t\t<img fetchpriority=\"high\" decoding=\"async\" width=\"1080\" height=\"1350\" src=\"https:\/\/crochetts.com\/wp-content\/uploads\/2026\/01\/281-1.jpg\" class=\"attachment-full size-full wp-image-29479\" alt=\"D\u00e9tail du tissu en peluche du rhinoc\u00e9ros\" srcset=\"https:\/\/crochetts.com\/wp-content\/uploads\/2026\/01\/281-1.jpg 1080w, https:\/\/crochetts.com\/wp-content\/uploads\/2026\/01\/281-1-240x300.jpg 240w, https:\/\/crochetts.com\/wp-content\/uploads\/2026\/01\/281-1-819x1024.jpg 819w, https:\/\/crochetts.com\/wp-content\/uploads\/2026\/01\/281-1-768x960.jpg 768w, https:\/\/crochetts.com\/wp-content\/uploads\/2026\/01\/281-1-300x375.jpg 300w, https:\/\/crochetts.com\/wp-content\/uploads\/2026\/01\/281-1-450x563.jpg 450w, https:\/\/crochetts.com\/wp-content\/uploads\/2026\/01\/281-1-64x80.jpg 64w\" sizes=\"(max-width: 1080px) 100vw, 1080px\" \/>\t\t\t\t\t\t\t\t\t\t\t\t\t\t\t<\/div>\n\t\t\t\t\t<\/div>\n\t\t\t\t<\/div>\n\t\t\t\t<\/div>\n\t\t","protected":false},"excerpt":{"rendered":"<p>MERCI POUR VOTRE COMMANDE Merci de nous faire confiance !Nous sautons de joie car votre commande est d\u00e9j\u00e0 en cours d&rsquo;acheminement vers notre zone de pr\u00e9paration. Nous sommes ravis que vous ayez choisi CROCHETTS pour faire partie de votre journ\u00e9e.- Et ensuite ? Si vous avez choisi Bizum ou le virement bancaire, nous vous informerons &hellip; <\/p>\n<p class=\"link-more\"><a href=\"https:\/\/crochetts.com\/fr\/merci\/\" class=\"more-link\">Continuer la lecture <span class=\"screen-reader-text\"> \u00ab\u00a0MERCI\u00a0\u00bb<\/span><\/a><\/p>\n","protected":false},"author":1,"featured_media":0,"parent":0,"menu_order":0,"comment_status":"closed","ping_status":"closed","template":"elementor_header_footer","meta":{"_acf_changed":false,"_joinchat":[],"footnotes":""},"class_list":["post-28730","page","type-page","status-publish","hentry","entry"],"acf":[],"yoast_head":"<!-- This site is optimized with the Yoast SEO Premium plugin v26.1 (Yoast SEO v27.3) - https:\/\/yoast.com\/product\/yoast-seo-premium-wordpress\/ -->\n<title>MERCI - Crochetts<\/title>\n<meta name=\"robots\" content=\"index, follow, max-snippet:-1, max-image-preview:large, max-video-preview:-1\" \/>\n<link rel=\"canonical\" href=\"https:\/\/crochetts.com\/fr\/merci\/\" \/>\n<meta property=\"og:locale\" content=\"fr_FR\" \/>\n<meta property=\"og:type\" content=\"article\" \/>\n<meta property=\"og:title\" content=\"MERCI\" \/>\n<meta property=\"og:description\" content=\"MERCI POUR VOTRE COMMANDE Merci de nous faire confiance !Nous sautons de joie car votre commande est d\u00e9j\u00e0 en cours d&#039;acheminement vers notre zone de\" \/>\n<meta property=\"og:url\" content=\"https:\/\/crochetts.com\/fr\/merci\/\" \/>\n<meta property=\"og:site_name\" content=\"Crochetts\" \/>\n<meta property=\"article:publisher\" content=\"https:\/\/www.facebook.com\/Crochetts-101964178013493\" \/>\n<meta property=\"article:modified_time\" content=\"2026-02-02T11:09:45+00:00\" \/>\n<meta property=\"og:image\" content=\"https:\/\/crochetts.com\/wp-content\/uploads\/2026\/01\/281-1.jpg\" \/>\n\t<meta property=\"og:image:width\" content=\"1080\" \/>\n\t<meta property=\"og:image:height\" content=\"1350\" \/>\n\t<meta property=\"og:image:type\" content=\"image\/jpeg\" \/>\n<meta name=\"twitter:card\" content=\"summary_large_image\" \/>\n<script type=\"application\/ld+json\" class=\"yoast-schema-graph\">{\"@context\":\"https:\\\/\\\/schema.org\",\"@graph\":[{\"@type\":\"WebPage\",\"@id\":\"https:\\\/\\\/crochetts.com\\\/fr\\\/merci\\\/\",\"url\":\"https:\\\/\\\/crochetts.com\\\/fr\\\/merci\\\/\",\"name\":\"MERCI - Crochetts\",\"isPartOf\":{\"@id\":\"https:\\\/\\\/crochetts.com\\\/fr\\\/#website\"},\"primaryImageOfPage\":{\"@id\":\"https:\\\/\\\/crochetts.com\\\/fr\\\/merci\\\/#primaryimage\"},\"image\":{\"@id\":\"https:\\\/\\\/crochetts.com\\\/fr\\\/merci\\\/#primaryimage\"},\"thumbnailUrl\":\"https:\\\/\\\/crochetts.com\\\/wp-content\\\/uploads\\\/2026\\\/01\\\/281-1.jpg\",\"datePublished\":\"2025-12-19T07:55:55+00:00\",\"dateModified\":\"2026-02-02T11:09:45+00:00\",\"breadcrumb\":{\"@id\":\"https:\\\/\\\/crochetts.com\\\/fr\\\/merci\\\/#breadcrumb\"},\"inLanguage\":\"fr-FR\",\"potentialAction\":[{\"@type\":\"ReadAction\",\"target\":[\"https:\\\/\\\/crochetts.com\\\/fr\\\/merci\\\/\"]}]},{\"@type\":\"ImageObject\",\"inLanguage\":\"fr-FR\",\"@id\":\"https:\\\/\\\/crochetts.com\\\/fr\\\/merci\\\/#primaryimage\",\"url\":\"https:\\\/\\\/crochetts.com\\\/wp-content\\\/uploads\\\/2026\\\/01\\\/281-1.jpg\",\"contentUrl\":\"https:\\\/\\\/crochetts.com\\\/wp-content\\\/uploads\\\/2026\\\/01\\\/281-1.jpg\"},{\"@type\":\"BreadcrumbList\",\"@id\":\"https:\\\/\\\/crochetts.com\\\/fr\\\/merci\\\/#breadcrumb\",\"itemListElement\":[{\"@type\":\"ListItem\",\"position\":1,\"name\":\"Portada\",\"item\":\"https:\\\/\\\/crochetts.com\\\/fr\\\/accueil\\\/\"},{\"@type\":\"ListItem\",\"position\":2,\"name\":\"MERCI\"}]},{\"@type\":\"WebSite\",\"@id\":\"https:\\\/\\\/crochetts.com\\\/fr\\\/#website\",\"url\":\"https:\\\/\\\/crochetts.com\\\/fr\\\/\",\"name\":\"Crochetts\",\"description\":\"ANIMALES DE CROCHET PARA JUGAR,DECORAR Y SO\u00d1AR\",\"publisher\":{\"@id\":\"https:\\\/\\\/crochetts.com\\\/fr\\\/#organization\"},\"potentialAction\":[{\"@type\":\"SearchAction\",\"target\":{\"@type\":\"EntryPoint\",\"urlTemplate\":\"https:\\\/\\\/crochetts.com\\\/fr\\\/?s={search_term_string}\"},\"query-input\":{\"@type\":\"PropertyValueSpecification\",\"valueRequired\":true,\"valueName\":\"search_term_string\"}}],\"inLanguage\":\"fr-FR\"},{\"@type\":\"Organization\",\"@id\":\"https:\\\/\\\/crochetts.com\\\/fr\\\/#organization\",\"name\":\"Crochets\",\"url\":\"https:\\\/\\\/crochetts.com\\\/fr\\\/\",\"logo\":{\"@type\":\"ImageObject\",\"inLanguage\":\"fr-FR\",\"@id\":\"https:\\\/\\\/crochetts.com\\\/fr\\\/#\\\/schema\\\/logo\\\/image\\\/\",\"url\":\"https:\\\/\\\/i2.wp.com\\\/crochetts.com\\\/wp-content\\\/uploads\\\/2021\\\/01\\\/Logo-Crochetts.jpg?fit=300%2C137&ssl=1\",\"contentUrl\":\"https:\\\/\\\/i2.wp.com\\\/crochetts.com\\\/wp-content\\\/uploads\\\/2021\\\/01\\\/Logo-Crochetts.jpg?fit=300%2C137&ssl=1\",\"width\":300,\"height\":137,\"caption\":\"Crochets\"},\"image\":{\"@id\":\"https:\\\/\\\/crochetts.com\\\/fr\\\/#\\\/schema\\\/logo\\\/image\\\/\"},\"sameAs\":[\"https:\\\/\\\/www.facebook.com\\\/Crochetts-101964178013493\",\"https:\\\/\\\/www.instagram.com\\\/crochetts_\\\/\"]}]}<\/script>\n<!-- \/ Yoast SEO Premium plugin. -->","yoast_head_json":{"title":"MERCI - Crochetts","robots":{"index":"index","follow":"follow","max-snippet":"max-snippet:-1","max-image-preview":"max-image-preview:large","max-video-preview":"max-video-preview:-1"},"canonical":"https:\/\/crochetts.com\/fr\/merci\/","og_locale":"fr_FR","og_type":"article","og_title":"MERCI","og_description":"MERCI POUR VOTRE COMMANDE Merci de nous faire confiance !Nous sautons de joie car votre commande est d\u00e9j\u00e0 en cours d'acheminement vers notre zone de","og_url":"https:\/\/crochetts.com\/fr\/merci\/","og_site_name":"Crochetts","article_publisher":"https:\/\/www.facebook.com\/Crochetts-101964178013493","article_modified_time":"2026-02-02T11:09:45+00:00","og_image":[{"width":1080,"height":1350,"url":"https:\/\/crochetts.com\/wp-content\/uploads\/2026\/01\/281-1.jpg","type":"image\/jpeg"}],"twitter_card":"summary_large_image","schema":{"@context":"https:\/\/schema.org","@graph":[{"@type":"WebPage","@id":"https:\/\/crochetts.com\/fr\/merci\/","url":"https:\/\/crochetts.com\/fr\/merci\/","name":"MERCI - Crochetts","isPartOf":{"@id":"https:\/\/crochetts.com\/fr\/#website"},"primaryImageOfPage":{"@id":"https:\/\/crochetts.com\/fr\/merci\/#primaryimage"},"image":{"@id":"https:\/\/crochetts.com\/fr\/merci\/#primaryimage"},"thumbnailUrl":"https:\/\/crochetts.com\/wp-content\/uploads\/2026\/01\/281-1.jpg","datePublished":"2025-12-19T07:55:55+00:00","dateModified":"2026-02-02T11:09:45+00:00","breadcrumb":{"@id":"https:\/\/crochetts.com\/fr\/merci\/#breadcrumb"},"inLanguage":"fr-FR","potentialAction":[{"@type":"ReadAction","target":["https:\/\/crochetts.com\/fr\/merci\/"]}]},{"@type":"ImageObject","inLanguage":"fr-FR","@id":"https:\/\/crochetts.com\/fr\/merci\/#primaryimage","url":"https:\/\/crochetts.com\/wp-content\/uploads\/2026\/01\/281-1.jpg","contentUrl":"https:\/\/crochetts.com\/wp-content\/uploads\/2026\/01\/281-1.jpg"},{"@type":"BreadcrumbList","@id":"https:\/\/crochetts.com\/fr\/merci\/#breadcrumb","itemListElement":[{"@type":"ListItem","position":1,"name":"Portada","item":"https:\/\/crochetts.com\/fr\/accueil\/"},{"@type":"ListItem","position":2,"name":"MERCI"}]},{"@type":"WebSite","@id":"https:\/\/crochetts.com\/fr\/#website","url":"https:\/\/crochetts.com\/fr\/","name":"Crochetts","description":"ANIMALES DE CROCHET PARA JUGAR,DECORAR Y SO\u00d1AR","publisher":{"@id":"https:\/\/crochetts.com\/fr\/#organization"},"potentialAction":[{"@type":"SearchAction","target":{"@type":"EntryPoint","urlTemplate":"https:\/\/crochetts.com\/fr\/?s={search_term_string}"},"query-input":{"@type":"PropertyValueSpecification","valueRequired":true,"valueName":"search_term_string"}}],"inLanguage":"fr-FR"},{"@type":"Organization","@id":"https:\/\/crochetts.com\/fr\/#organization","name":"Crochets","url":"https:\/\/crochetts.com\/fr\/","logo":{"@type":"ImageObject","inLanguage":"fr-FR","@id":"https:\/\/crochetts.com\/fr\/#\/schema\/logo\/image\/","url":"https:\/\/i2.wp.com\/crochetts.com\/wp-content\/uploads\/2021\/01\/Logo-Crochetts.jpg?fit=300%2C137&ssl=1","contentUrl":"https:\/\/i2.wp.com\/crochetts.com\/wp-content\/uploads\/2021\/01\/Logo-Crochetts.jpg?fit=300%2C137&ssl=1","width":300,"height":137,"caption":"Crochets"},"image":{"@id":"https:\/\/crochetts.com\/fr\/#\/schema\/logo\/image\/"},"sameAs":["https:\/\/www.facebook.com\/Crochetts-101964178013493","https:\/\/www.instagram.com\/crochetts_\/"]}]}},"_links":{"self":[{"href":"https:\/\/crochetts.com\/fr\/wp-json\/wp\/v2\/pages\/28730","targetHints":{"allow":["GET"]}}],"collection":[{"href":"https:\/\/crochetts.com\/fr\/wp-json\/wp\/v2\/pages"}],"about":[{"href":"https:\/\/crochetts.com\/fr\/wp-json\/wp\/v2\/types\/page"}],"author":[{"embeddable":true,"href":"https:\/\/crochetts.com\/fr\/wp-json\/wp\/v2\/users\/1"}],"replies":[{"embeddable":true,"href":"https:\/\/crochetts.com\/fr\/wp-json\/wp\/v2\/comments?post=28730"}],"version-history":[{"count":4,"href":"https:\/\/crochetts.com\/fr\/wp-json\/wp\/v2\/pages\/28730\/revisions"}],"predecessor-version":[{"id":29640,"href":"https:\/\/crochetts.com\/fr\/wp-json\/wp\/v2\/pages\/28730\/revisions\/29640"}],"wp:attachment":[{"href":"https:\/\/crochetts.com\/fr\/wp-json\/wp\/v2\/media?parent=28730"}],"curies":[{"name":"wp","href":"https:\/\/api.w.org\/{rel}","templated":true}]}}