{"id":21959,"date":"2025-10-30T17:28:31","date_gmt":"2025-10-30T15:28:31","guid":{"rendered":"https:\/\/crochetts.com\/contact\/"},"modified":"2025-12-26T12:59:13","modified_gmt":"2025-12-26T10:59:13","slug":"contact","status":"publish","type":"page","link":"https:\/\/crochetts.com\/fr\/contact\/","title":{"rendered":"Contact"},"content":{"rendered":"\t\t<div data-elementor-type=\"wp-page\" data-elementor-id=\"21959\" class=\"elementor elementor-21959 elementor-19\" data-elementor-post-type=\"page\">\n\t\t\t\t<div class=\"elementor-element elementor-element-327fdae e-flex e-con-boxed e-con e-parent\" data-id=\"327fdae\" data-element_type=\"container\">\n\t\t\t\t\t<div class=\"e-con-inner\">\n\t\t\t\t\t<\/div>\n\t\t\t\t<\/div>\n\t\t\t\t<section class=\"elementor-section elementor-top-section elementor-element elementor-element-3e9954bf elementor-section-full_width elementor-section-height-default elementor-section-height-default\" data-id=\"3e9954bf\" data-element_type=\"section\">\n\t\t\t\t\t\t<div class=\"elementor-container elementor-column-gap-default\">\n\t\t\t\t\t<div class=\"elementor-column elementor-col-50 elementor-top-column elementor-element elementor-element-71956430\" data-id=\"71956430\" data-element_type=\"column\">\n\t\t\t<div class=\"elementor-widget-wrap\">\n\t\t\t\t\t\t\t<\/div>\n\t\t<\/div>\n\t\t\t\t<div class=\"elementor-column elementor-col-50 elementor-top-column elementor-element elementor-element-4c169b9\" data-id=\"4c169b9\" data-element_type=\"column\">\n\t\t\t<div class=\"elementor-widget-wrap elementor-element-populated\">\n\t\t\t\t\t\t<div class=\"elementor-element elementor-element-33b548c elementor-widget elementor-widget-text-editor\" data-id=\"33b548c\" data-element_type=\"widget\" data-widget_type=\"text-editor.default\">\n\t\t\t\t\t\t\t\t\t<h3>CONTACT<\/h3>\t\t\t\t\t\t\t\t<\/div>\n\t\t\t\t<div class=\"elementor-element elementor-element-c030540 elementor-view-default elementor-widget elementor-widget-icon\" data-id=\"c030540\" data-element_type=\"widget\" data-widget_type=\"icon.default\">\n\t\t\t\t\t\t\t<div class=\"elementor-icon-wrapper\">\n\t\t\t<div class=\"elementor-icon\">\n\t\t\t<i aria-hidden=\"true\" class=\"fas fa-map-marker-alt\"><\/i>\t\t\t<\/div>\n\t\t<\/div>\n\t\t\t\t\t\t<\/div>\n\t\t\t\t<div class=\"elementor-element elementor-element-7d512aa elementor-widget elementor-widget-text-editor\" data-id=\"7d512aa\" data-element_type=\"widget\" data-widget_type=\"text-editor.default\">\n\t\t\t\t\t\t\t\t\t<p>C\/ Mar\u00eda Carmen Perales Alcover 46691 - <br>VALLADA - Valencia - (Espagne)<\/p>\t\t\t\t\t\t\t\t<\/div>\n\t\t\t\t<div class=\"elementor-element elementor-element-302d0dc elementor-view-default elementor-widget elementor-widget-icon\" data-id=\"302d0dc\" data-element_type=\"widget\" data-widget_type=\"icon.default\">\n\t\t\t\t\t\t\t<div class=\"elementor-icon-wrapper\">\n\t\t\t<div class=\"elementor-icon\">\n\t\t\t<i aria-hidden=\"true\" class=\"fas fa-envelope\"><\/i>\t\t\t<\/div>\n\t\t<\/div>\n\t\t\t\t\t\t<\/div>\n\t\t\t\t<div class=\"elementor-element elementor-element-f427e0a elementor-widget elementor-widget-text-editor\" data-id=\"f427e0a\" data-element_type=\"widget\" data-widget_type=\"text-editor.default\">\n\t\t\t\t\t\t\t\t\t<div>info@crochetts.com<\/div><div> <\/div>\t\t\t\t\t\t\t\t<\/div>\n\t\t\t\t<div class=\"elementor-element elementor-element-792458d elementor-view-default elementor-widget elementor-widget-icon\" data-id=\"792458d\" data-element_type=\"widget\" data-widget_type=\"icon.default\">\n\t\t\t\t\t\t\t<div class=\"elementor-icon-wrapper\">\n\t\t\t<div class=\"elementor-icon\">\n\t\t\t<i aria-hidden=\"true\" class=\"fas fa-phone-alt\"><\/i>\t\t\t<\/div>\n\t\t<\/div>\n\t\t\t\t\t\t<\/div>\n\t\t\t\t<div class=\"elementor-element elementor-element-ecf083c elementor-widget elementor-widget-text-editor\" data-id=\"ecf083c\" data-element_type=\"widget\" data-widget_type=\"text-editor.default\">\n\t\t\t\t\t\t\t\t\t<p>Num\u00e9ro de t\u00e9l\u00e9phone de contact :<\/p><p>+34 615 600 074<\/p><p>+34 962 257 605<\/p>\t\t\t\t\t\t\t\t<\/div>\n\t\t\t\t\t<\/div>\n\t\t<\/div>\n\t\t\t\t\t<\/div>\n\t\t<\/section>\n\t\t\t\t<section class=\"elementor-section elementor-top-section elementor-element elementor-element-0913cf4 elementor-section-full_width elementor-section-height-default elementor-section-height-default\" data-id=\"0913cf4\" data-element_type=\"section\">\n\t\t\t\t\t\t<div class=\"elementor-container elementor-column-gap-default\">\n\t\t\t\t\t<div class=\"elementor-column elementor-col-100 elementor-top-column elementor-element elementor-element-b93edbb\" data-id=\"b93edbb\" data-element_type=\"column\">\n\t\t\t<div class=\"elementor-widget-wrap elementor-element-populated\">\n\t\t\t\t\t\t<div class=\"elementor-element elementor-element-1075464 elementor-widget elementor-widget-html\" data-id=\"1075464\" data-element_type=\"widget\" data-widget_type=\"html.default\">\n\t\t\t\t\t<iframe src=\"https:\/\/www.google.com\/maps\/embed?pb=!1m14!1m8!1m3!1d6210.426805540701!2d-0.694271!3d38.896235!3m2!1i1024!2i768!4f13.1!3m3!1m2!1s0xd61715dd72aad4f%3A0xd2ace68071bf1cbd!2sCarrer%20Maria%20Carmen%20Perales%20Alcover%2C%2046691%20Vallada%2C%20Valencia!5e0!3m2!1ses!2ses!4v1605628875963!5m2!1ses!2ses\" width=\"100%\" height=\"450\" frameborder=\"0\" style=\"border:0;\" allowfullscreen=\"\" aria-hidden=\"false\" tabindex=\"0\"><\/iframe>\t\t\t\t<\/div>\n\t\t\t\t\t<\/div>\n\t\t<\/div>\n\t\t\t\t\t<\/div>\n\t\t<\/section>\n\t\t\t\t<section class=\"elementor-section elementor-top-section elementor-element elementor-element-21ce8bd4 elementor-section-boxed elementor-section-height-default elementor-section-height-default\" data-id=\"21ce8bd4\" data-element_type=\"section\">\n\t\t\t\t\t\t<div class=\"elementor-container elementor-column-gap-default\">\n\t\t\t\t\t<div class=\"elementor-column elementor-col-100 elementor-top-column elementor-element elementor-element-63c9279f\" data-id=\"63c9279f\" data-element_type=\"column\">\n\t\t\t<div class=\"elementor-widget-wrap elementor-element-populated\">\n\t\t\t\t\t\t<div class=\"elementor-element elementor-element-693869c3 elementor-widget-divider--view-line_icon elementor-view-default elementor-widget-divider--element-align-center elementor-widget elementor-widget-divider\" data-id=\"693869c3\" data-element_type=\"widget\" data-widget_type=\"divider.default\">\n\t\t\t\t\t\t\t<div class=\"elementor-divider\">\n\t\t\t<span class=\"elementor-divider-separator\">\n\t\t\t\t\t\t\t<div class=\"elementor-icon elementor-divider__element\">\n\t\t\t\t\t<svg xmlns=\"http:\/\/www.w3.org\/2000\/svg\" xmlns:xlink=\"http:\/\/www.w3.org\/1999\/xlink\" id=\"Layer_1\" x=\"0px\" y=\"0px\" width=\"260px\" height=\"281px\" viewBox=\"0 0 260 281\" xml:space=\"preserve\">  <image id=\"image0\" width=\"260\" height=\"281\" x=\"0\" y=\"0\" xlink:href=\"data:image\/png;base64,iVBORw0KGgoAAAANSUhEUgAAAQQAAAEZCAMAAABGnqt9AAAABGdBTUEAALGPC\/xhBQAAACBjSFJN AAB6JgAAgIQAAPoAAACA6AAAdTAAAOpgAAA6mAAAF3CculE8AAADAFBMVEX\/\/\/+JyKaJyKaJyKaJ yKaJyKaJyKaJyKaJyKaJyKaJyKaJyKaJyKaJyKaJyKaJyKaJyKaJyKaJyKaJyKaJyKaJyKaJyKaJ yKaJyKaJyKaJyKaJyKaJyKaJyKaJyKaJyKaJyKaJyKaJyKaJyKaJyKaJyKaJyKaJyKaJyKaJyKaJ yKaJyKaJyKaJyKaJyKaJyKaJyKaJyKaJyKaJyKaJyKaJyKaJyKaJyKaJyKaJyKaJyKaJyKaJyKaJ yKaJyKaJyKaJyKaJyKaJyKaJyKaJyKaJyKaJyKaJyKaJyKaJyKaJyKaJyKaJyKaJyKaJyKaJyKaJ yKaJyKaJyKaJyKaJyKaJyKaJyKaJyKaJyKaJyKaJyKaJyKaJyKaJyKaJyKaJyKaJyKaJyKaJyKaJ yKaJyKaJyKaJyKaJyKaJyKaJyKaJyKaJyKaJyKaJyKaJyKaJyKaJyKaJyKaJyKaJyKaJyKaJyKaJ yKaJyKaJyKaJyKaJyKaJyKaJyKaJyKaJyKaJyKaJyKaJyKaJyKaJyKaJyKaJyKaJyKaJyKaJyKaJ yKaJyKaJyKaJyKaJyKaJyKaJyKaJyKaJyKaJyKaJyKaJyKaJyKaJyKaJyKaJyKaJyKaJyKaJyKaJ yKaJyKaJyKaJyKaJyKaJyKaJyKaJyKaJyKaJyKaJyKaJyKaJyKaJyKaJyKaJyKaJyKaJyKaJyKaJ yKaJyKaJyKaJyKaJyKaJyKaJyKaJyKaJyKaJyKaJyKaJyKaJyKaJyKaJyKaJyKaJyKaJyKaJyKaJ yKaJyKaJyKaJyKaJyKaJyKaJyKaJyKaJyKaJyKaJyKaJyKaJyKaJyKaJyKaJyKaJyKaJyKaJyKaJ yKaJyKaJyKaJyKaJyKaJyKaJyKaJyKaJyKaJyKaJyKaJyKaJyKaJyKaJyKaJyKaJyKaJyKaJyKaJ yKaJyKaJyKaJyKaJyKaJyKaJyKaJyKaJyKaJyKaJyKaJyKaJyKaJyKaJyKaJyKaJyKaJyKaJyKaJ yKaJyKaJyKaJyKb\/\/\/8EJgZ3AAAA\/nRSTlMAAAQJDBEXP1BMTUsmDQYePWONudHcvJlcLhgKC0OF wvngngEsXaTsoRxTm+PJXq3DKq6VUUV4795XhC3xIAXG\/ZrymP6fImHKkDGw0BPh+2m6A29HGbT8 0yEPW68HNM7icOWApfonJfaUVbLkO9+zph0StapYFLfUzfeCbER97lZa85xCM5PoN+vp1wKdy2b0 KSP4clL12dXwc469cTZuVAijOSiBJIrBxNY8qNqGK2g+vmKDf2Q4am3dwJFIG+ZGx5I1yGenMudJ 2NsWQF9ZFQ5PqYmLts8Qj5d2eWUwzDrSTnu7iIcfv8Xqd3WWQaDtfIwvYH5KGriisaxrdPzdCEMA AAABYktHRACIBR1IAAAACXBIWXMAABX9AAAV\/QHNcFFhAAAAB3RJTUUH5AsRDQYPEEnbmwAADX5J REFUeNrtnXtYFccZxg8giqiIgJoAURDFGIVERUU0eMSjVVpBiYpoENF4Q7xG0RC8kyDihQTFUK+g UTFB8B419S6iVcFoLF4aaSOmtRpt0jZN28zTc0BucmZ39jLzzTnP\/v50Z9fvfdndMzP7zTc6nYaG hoaGhoaGhoYGA2xs7RrYN2zk0LgCxyZN7ZvZOUEHxRJb++bOLVxc3VAdWrZq\/dLL7h7QwTHBs+kr bdp6IQze7Rys3gaf9h18OyJhXu0EHSVVbF\/r3AWJ49ccOlCK+L9O4ICJN+ygQ6VF126EFhjp7gMd LR0CWpJ7gFAP6HCp0LOXFA9QoD10wBTo7SXJA4SCoCNWnz5iP4v16PsmdMxqE9xPqgdI3x86aLVp EiLZBNTL2joLA6R7gAwDoaNWl06BMkxAHQdBx60mvxosxwOEhkAHrh6hv5ZnAUK\/GQodu1r0DJPr AQofBh28OnR1DZftAULDrWFmIeItyX2kOoSMgFagnJGjIhV5gJCLDbQGpbwiadholtFR0CKUMaan YguMjIWWoYiot9XwAPlGQwtRwLgYVTxAvdpDK5GP\/3h1PECoN7QU2cSKz6BMmNi798QwcRPe8YQW IxOXSaLaBk42NZwyRLTh1CnQamThOc0gKq3b866gUzvRpnHQeuTgMV0vKix+RlXrPjNF\/bLA56HZ LPHnHLlWNw+eLfo8zIGWJJm57xJ4gObVnNBatPF8S+s6Jywg8QB1qzmjs2jjBbbQqqThQ\/IsGFlY \/WXF\/j3RxoljoGVJwmYamQfI8H7VKUkErRdB65LEYkIPEFqytPKMOJL5Bl9oXVJYJt5Hqmb5iuSE uR98uISkbQq0MAmsTCX3wMiqtDSSfA0jU2coD44RCTLn1cXRu0BrI2X1GloeILTWUnoK69LpmZDy EbQ6Mj6eSc8DlLEeWh4REepMpuF4G1ofERsyqZqw0RI+wrh\/QtUDlOUIrZCA39L1AKFN0ArFkZd+ IIXN\/Kc1bqHtAYrfCq1RDHc\/6ibot0GLFGO7+MSqYnw57zRm59D3AMVwPtPYfDkDE7w2QMsUJoCB BwhNhJYpiJMvExNaNYMWKkT0BCYmpO+AFirETiYeINQCWqgQGxiZkMPzIOpTRiYE7oJWKsBuRiYY eP6R3MPIBOTC8ee4XFYm7HWHlsqBCegzaKl4qH1uqMeQYGitWD5nZkIev53GfcxMQPnQWrHEsjOh gNtJhR3sTJjO7Y+k\/VRmJmRym+icvZmZCYb90GJx+NCfa642YTG0WCzjpC4Fl88BaK1YGhxgZkKv bGixOHwOMjNhOb+JbA1XsTIh8hC0ViwRh5ndCsOhteLpNJqVCXn8jqF0R1iZkHoUWiqeaFdGJiR+ AS1VAGfCvEylGHKglQpRkMjGhX6roZUKcSxDqp6UND8\/PzeJP6\/HeZ541+mS+koR0\/HEPueKxU2N Ni2Ucl4IzxPvRgLIU9hivvxdzXknu0tJ8uA9z3nyJqKCEafmHXsh42KshEfpXWiVopyeJvZ+PHP2 4LmIeuf1OE5swvkG0CLF2XphAc6HwMLFcTNOmj\/tInESYJEztEQS5n506VDh5aJacR\/\/ZLpLbI\/Q N4X+huN+T2iC\/gK0QEJsPa+MjIq6eq24uHhEVFTzhiXXnUTnib8iXTu0G1odRWy2EdZfmR6h\/D\/j Fo8bZCaM5ru7pJBzWUQmZFhCxrt8bpLdCknQcVKleRiRCV9Dx0mX\/kQm3LKA7pICFhEtmB3fBzpO qgT\/gcSESOss6VzNbvFKJEYOQodJl0tEz4M19xmNlBKNow6UQMdJl7YkJhRZyKphudwmeik4Q4dJ l2KitBfLrk8oylWiSt9DuM1dUoUSopquuQnQcdKFqCRJiNUV\/K\/LXhIT0EXoMOkyisgEK38zkpU8 v8NtQqMqkFXkOH8dOk6qbCL6JBdSAh0nVe4SdRnRy9BxUuUe2cfZP3Kb787QhHb8V9agb8JarhNW lLKe7J0QwvNyWcXkkN0J4d9AB0oTsh4jiuS+xooSCDfJsbY9omSZgO5DB0qT84QmFHGc5KwY0o1y sjhOclZMEaEJieugI6XHFdJit\/oPoUOlxznitNg3oEOlRz7xRrOB1julkEy8ueaqMuhYqXGEeMXA VEvJZ5TOOmITDNb7ZtxGnurdymrnVV4l9gAtvAIdLC3E9\/2oJuUqdLC0eIfchEkF0MHSQkqpni+h g6VFmgQTblnrm\/FPEkxwO6n8\/+ORBlL2Gk1Nhg6XDs2l7LBosNLRtCQTrDWfcVe8FBP4LbukCEei jNYq9lrmVpJixElaajypMXS8VPgz8ZxKBd9Cx0uFC9JKmD3gtzahAsoleYAyLWerMAlIrfzLbxky BTyUaIL3d9ARU+B1iSagLdARU0ByFbfErtAhq4\/00o6updAxq85fJJuABljbKkmnGOkmoEIrWyaZ IGt3tbBYq0rtLJVZyK6l7+G4o\/ke2XZ2DSw\/v7FE\/j57U7vk\/TU3N7ffgXmFldyMvbduRPKblvfG KDsl24T66JFX6qo8tz2jvh62YyS0Mgn0eKSiCbXukkdhe3O2WMpqmWSKdU69suJvxA11gpYoziI6 d0I1+swHjiW8z8kdZFDP0LvNZDtonYL8jb4HRiZ1LuM5R\/4xExOMPPkeWioedlXhM1yaQovFMZGZ CQgtjIVWi+EpQxMQmsXnzVDI1ATU8i1oweaYzdYElNGOw10CJCTrqITbVu4yPdhtKVXNsxacVTb0 kTG7ppxP+VpY58Fum7naPOXKBTsYE1AhT4UIoExAvp7Q0jkwAX0OLb2GYGabkNaDn2WWgySVtleX dtDiqzgXBmcCNy6AmmD4Ox+9JlATEIrlogcNbEI6F8lwwCaglpOhHeDABLSHg+l4cBPQD9AW8GAC CoD2gAcTiqI0EzjYV4cHE8IfayYgdGocrAkXZ0I7YCIX9nut+3vQBpiIvAdqQgTcfEJt4mELhC+A 1l8J7Nqq29DyK8kArYO7NB1afyUzIasS2MvPY1SXzpC3AicvBRQ+G\/BeOJIJLb+Kyy2ioTKEbTdC i69Gv\/FeU6C1FISbgjGiX8E33wFkMFxJgRb+At4D5p9jXqfhMLTq+ujP3O4QyvQF4SmljAQ74n3X \/8jQBUeiHYkBOD6Q3UaVwVwMJc2S9hUrE3ZJKqHAli6MPFh9B1qpAF6MTGgqYbNx1qT+g5EJK6CV Ykn0Y1WoYKiaS8HUxCvmC0YW6HQ\/kBX1Z82jB8eYWaAr7QIt1xwxT5juVXqXdK91dqS1PjiHpQW6 BnIWjNNksIv\/TqYOGEniqcu8\/FbSabb3QAVDz0ALryL8xPund85l74CR4kho8ciAUKbrw+Q59lCf HpxmQVuAkD6orFk2ZC7fUg76CIY2gAYYCb4B7YCJFHtQE\/YvhzbARDhoUbtotosiseyFXAcTyskY Ohxw5WxEkLpa9EVyyxDch1sMNChLvuD7lzY8Pry4kkMdLpkYsTJf7syE11IoD2zbKPirr6l1oZrv A\/+Ue7lbUNUV5pJufWQGwyGzl5Rta3hvIBOUVE7AbHwi2wSUA3MreCiZTOn4L5VNWLIIxIQWSnrM XcxXoJNvAhoIMXyyVfTVKc98zV4FJjz7AMCEDYrG0G7mL6rABPQQYCApvSBnbfzUN+EZ+4z\/MmVD J1\/1TUDsPjJU0U0spOlCBw2YNTuKTCgqYexB6ASRiKa9JHQUtz\/aPiUmIFafHat4IrKL8vg5xUKH +zqYv+w1ocseEFugv5ZtmfgokWXi4a\/p5gsdT8UkpS8T6nv0XymWLDiC6XrZApFoVkTr+ggdxz2+ Y4XuhBW6YSL3Xw7TVK1vhYNZNUWn2yXUwBtzXUETJup0t4T\/31ZMBxBxwn8Sf2OTj4Ua5GKu6y90 0jGdbqdwGdAgpo9DJzehWOaZCor+JBCvIQdzXUeB3od+u7FBkqAJjNeDLRUI5XhFNqn7THyLyCDM ZUMD8ScVOZtaCJV16s7WA51NLDaUScsqWpT+Gx9teIEME9IqvjVPwe\/kvZn9RirYKZUBlWNaT1+8 ngzc4D9f4EewbaXGDrjjP5cw90C3epn5dT97ntffFpqKTsTVs\/cUWFs36vl1z5o\/PASm7lLXA2ZS E8ZvrTp8DK8nPRhzyeBW+JOqpmZ\/MmOUwbtxsHjAVLDdUm+qNb1D9dEdeD3jcb\/nNgIlLl2qGo2r N9O\/5E4JkAUmrqx5YWO4Wq\/9H\/F9ieHY3\/Pu2HP0NWOuHnV\/SLMefAZogYnQ2bVtaF3rSBR+AUAO 1oR12MFDL8eaVtdq54q12g5sgYmjT6sLmT+oXXbdE39r98RerMkz3DlhtecQa7rtJ9ZD639OoxWV C+IWjKnzz\/ewJlzDXqrkMu6cy+5mrv2fbRzV4ks2PctBL3RWvvfCCRJY3Y0dIm2u+zJddgqh\/wbw VJTRyH6Hem+nBD+MHl+Bcc7\/MKmh+ksvNOzj0MMSdgSxuWBez89CSxc9zeeGZvpDq5GL09izObmD 636fSJmWLJxW0mnftOn98upacOYubHkEZQRHe3iW2rcPOH3w4c3y8kPzm+RfF+3Z2QZnezSzH+rs 0OSX8vJyl18Cyko8ed7WQENDQ0NDQ0NDQ0NDQ0PDqvk\/+gZyOe65\/sgAAAAWdEVYdENyZWF0aW9u IFRpbWUAMTEvMTcvMjDmgZ\/BAAAAJXRFWHRkYXRlOmNyZWF0ZQAyMDIwLTExLTE3VDEzOjA2OjE1 KzAzOjAwZbqT8gAAACV0RVh0ZGF0ZTptb2RpZnkAMjAyMC0xMS0xN1QxMzowNjoxNSswMzowMBTn K04AAAAcdEVYdFNvZnR3YXJlAEFkb2JlIEZpcmV3b3JrcyBDUzbovLKMAAAAAElFTkSuQmCC\"><\/image><\/svg><\/div>\n\t\t\t\t\t\t<\/span>\n\t\t<\/div>\n\t\t\t\t\t\t<\/div>\n\t\t\t\t\t<\/div>\n\t\t<\/div>\n\t\t\t\t\t<\/div>\n\t\t<\/section>\n\t\t\t\t<\/div>\n\t\t","protected":false},"excerpt":{"rendered":"<p>CONTACT C\/ Mar\u00eda Carmen Perales Alcover 46691 - VALLADA - Valencia - (Espagne) info@crochetts.com Num\u00e9ro de t\u00e9l\u00e9phone de contact : +34 615 600 074 +34 962 257 605<\/p>\n","protected":false},"author":1,"featured_media":0,"parent":0,"menu_order":5,"comment_status":"closed","ping_status":"closed","template":"elementor_header_footer","meta":{"_acf_changed":false,"_joinchat":[],"footnotes":""},"class_list":["post-21959","page","type-page","status-publish","hentry","entry"],"acf":[],"yoast_head":"<!-- This site is optimized with the Yoast SEO Premium plugin v26.1 (Yoast SEO v27.3) - https:\/\/yoast.com\/product\/yoast-seo-premium-wordpress\/ -->\n<title>Contactez-nous | Crochetts<\/title>\n<meta name=\"robots\" content=\"index, follow, max-snippet:-1, max-image-preview:large, max-video-preview:-1\" \/>\n<link rel=\"canonical\" href=\"https:\/\/crochetts.com\/fr\/contact\/\" \/>\n<meta property=\"og:locale\" content=\"fr_FR\" \/>\n<meta property=\"og:type\" content=\"article\" \/>\n<meta property=\"og:title\" content=\"Contact\" \/>\n<meta property=\"og:description\" content=\"CONTACT C\/ Mar\u00eda Carmen Perales Alcover 46691 - VALLADA - Valencia - (Espagne) info@crochetts.com Num\u00e9ro de t\u00e9l\u00e9phone de contact :+34 615 600 074+34 962\" \/>\n<meta property=\"og:url\" content=\"https:\/\/crochetts.com\/fr\/contact\/\" \/>\n<meta property=\"og:site_name\" content=\"Crochetts\" \/>\n<meta property=\"article:publisher\" content=\"https:\/\/www.facebook.com\/Crochetts-101964178013493\" \/>\n<meta property=\"article:modified_time\" content=\"2025-12-26T10:59:13+00:00\" \/>\n<meta name=\"twitter:card\" content=\"summary_large_image\" \/>\n<script type=\"application\/ld+json\" class=\"yoast-schema-graph\">{\"@context\":\"https:\\\/\\\/schema.org\",\"@graph\":[{\"@type\":\"WebPage\",\"@id\":\"https:\\\/\\\/crochetts.com\\\/fr\\\/contact\\\/\",\"url\":\"https:\\\/\\\/crochetts.com\\\/fr\\\/contact\\\/\",\"name\":\"Contactez-nous | Crochetts\",\"isPartOf\":{\"@id\":\"https:\\\/\\\/crochetts.com\\\/fr\\\/#website\"},\"datePublished\":\"2025-10-30T15:28:31+00:00\",\"dateModified\":\"2025-12-26T10:59:13+00:00\",\"breadcrumb\":{\"@id\":\"https:\\\/\\\/crochetts.com\\\/fr\\\/contact\\\/#breadcrumb\"},\"inLanguage\":\"fr-FR\",\"potentialAction\":[{\"@type\":\"ReadAction\",\"target\":[\"https:\\\/\\\/crochetts.com\\\/fr\\\/contact\\\/\"]}]},{\"@type\":\"BreadcrumbList\",\"@id\":\"https:\\\/\\\/crochetts.com\\\/fr\\\/contact\\\/#breadcrumb\",\"itemListElement\":[{\"@type\":\"ListItem\",\"position\":1,\"name\":\"Portada\",\"item\":\"https:\\\/\\\/crochetts.com\\\/fr\\\/accueil\\\/\"},{\"@type\":\"ListItem\",\"position\":2,\"name\":\"Contact\"}]},{\"@type\":\"WebSite\",\"@id\":\"https:\\\/\\\/crochetts.com\\\/fr\\\/#website\",\"url\":\"https:\\\/\\\/crochetts.com\\\/fr\\\/\",\"name\":\"Crochetts\",\"description\":\"ANIMALES DE CROCHET PARA JUGAR,DECORAR Y SO\u00d1AR\",\"publisher\":{\"@id\":\"https:\\\/\\\/crochetts.com\\\/fr\\\/#organization\"},\"potentialAction\":[{\"@type\":\"SearchAction\",\"target\":{\"@type\":\"EntryPoint\",\"urlTemplate\":\"https:\\\/\\\/crochetts.com\\\/fr\\\/?s={search_term_string}\"},\"query-input\":{\"@type\":\"PropertyValueSpecification\",\"valueRequired\":true,\"valueName\":\"search_term_string\"}}],\"inLanguage\":\"fr-FR\"},{\"@type\":\"Organization\",\"@id\":\"https:\\\/\\\/crochetts.com\\\/fr\\\/#organization\",\"name\":\"Crochets\",\"url\":\"https:\\\/\\\/crochetts.com\\\/fr\\\/\",\"logo\":{\"@type\":\"ImageObject\",\"inLanguage\":\"fr-FR\",\"@id\":\"https:\\\/\\\/crochetts.com\\\/fr\\\/#\\\/schema\\\/logo\\\/image\\\/\",\"url\":\"https:\\\/\\\/i2.wp.com\\\/crochetts.com\\\/wp-content\\\/uploads\\\/2021\\\/01\\\/Logo-Crochetts.jpg?fit=300%2C137&ssl=1\",\"contentUrl\":\"https:\\\/\\\/i2.wp.com\\\/crochetts.com\\\/wp-content\\\/uploads\\\/2021\\\/01\\\/Logo-Crochetts.jpg?fit=300%2C137&ssl=1\",\"width\":300,\"height\":137,\"caption\":\"Crochets\"},\"image\":{\"@id\":\"https:\\\/\\\/crochetts.com\\\/fr\\\/#\\\/schema\\\/logo\\\/image\\\/\"},\"sameAs\":[\"https:\\\/\\\/www.facebook.com\\\/Crochetts-101964178013493\",\"https:\\\/\\\/www.instagram.com\\\/crochetts_\\\/\"]}]}<\/script>\n<!-- \/ Yoast SEO Premium plugin. -->","yoast_head_json":{"title":"Contactez-nous | Crochetts","robots":{"index":"index","follow":"follow","max-snippet":"max-snippet:-1","max-image-preview":"max-image-preview:large","max-video-preview":"max-video-preview:-1"},"canonical":"https:\/\/crochetts.com\/fr\/contact\/","og_locale":"fr_FR","og_type":"article","og_title":"Contact","og_description":"CONTACT C\/ Mar\u00eda Carmen Perales Alcover 46691 - VALLADA - Valencia - (Espagne) info@crochetts.com Num\u00e9ro de t\u00e9l\u00e9phone de contact :+34 615 600 074+34 962","og_url":"https:\/\/crochetts.com\/fr\/contact\/","og_site_name":"Crochetts","article_publisher":"https:\/\/www.facebook.com\/Crochetts-101964178013493","article_modified_time":"2025-12-26T10:59:13+00:00","twitter_card":"summary_large_image","schema":{"@context":"https:\/\/schema.org","@graph":[{"@type":"WebPage","@id":"https:\/\/crochetts.com\/fr\/contact\/","url":"https:\/\/crochetts.com\/fr\/contact\/","name":"Contactez-nous | Crochetts","isPartOf":{"@id":"https:\/\/crochetts.com\/fr\/#website"},"datePublished":"2025-10-30T15:28:31+00:00","dateModified":"2025-12-26T10:59:13+00:00","breadcrumb":{"@id":"https:\/\/crochetts.com\/fr\/contact\/#breadcrumb"},"inLanguage":"fr-FR","potentialAction":[{"@type":"ReadAction","target":["https:\/\/crochetts.com\/fr\/contact\/"]}]},{"@type":"BreadcrumbList","@id":"https:\/\/crochetts.com\/fr\/contact\/#breadcrumb","itemListElement":[{"@type":"ListItem","position":1,"name":"Portada","item":"https:\/\/crochetts.com\/fr\/accueil\/"},{"@type":"ListItem","position":2,"name":"Contact"}]},{"@type":"WebSite","@id":"https:\/\/crochetts.com\/fr\/#website","url":"https:\/\/crochetts.com\/fr\/","name":"Crochetts","description":"ANIMALES DE CROCHET PARA JUGAR,DECORAR Y SO\u00d1AR","publisher":{"@id":"https:\/\/crochetts.com\/fr\/#organization"},"potentialAction":[{"@type":"SearchAction","target":{"@type":"EntryPoint","urlTemplate":"https:\/\/crochetts.com\/fr\/?s={search_term_string}"},"query-input":{"@type":"PropertyValueSpecification","valueRequired":true,"valueName":"search_term_string"}}],"inLanguage":"fr-FR"},{"@type":"Organization","@id":"https:\/\/crochetts.com\/fr\/#organization","name":"Crochets","url":"https:\/\/crochetts.com\/fr\/","logo":{"@type":"ImageObject","inLanguage":"fr-FR","@id":"https:\/\/crochetts.com\/fr\/#\/schema\/logo\/image\/","url":"https:\/\/i2.wp.com\/crochetts.com\/wp-content\/uploads\/2021\/01\/Logo-Crochetts.jpg?fit=300%2C137&ssl=1","contentUrl":"https:\/\/i2.wp.com\/crochetts.com\/wp-content\/uploads\/2021\/01\/Logo-Crochetts.jpg?fit=300%2C137&ssl=1","width":300,"height":137,"caption":"Crochets"},"image":{"@id":"https:\/\/crochetts.com\/fr\/#\/schema\/logo\/image\/"},"sameAs":["https:\/\/www.facebook.com\/Crochetts-101964178013493","https:\/\/www.instagram.com\/crochetts_\/"]}]}},"_links":{"self":[{"href":"https:\/\/crochetts.com\/fr\/wp-json\/wp\/v2\/pages\/21959","targetHints":{"allow":["GET"]}}],"collection":[{"href":"https:\/\/crochetts.com\/fr\/wp-json\/wp\/v2\/pages"}],"about":[{"href":"https:\/\/crochetts.com\/fr\/wp-json\/wp\/v2\/types\/page"}],"author":[{"embeddable":true,"href":"https:\/\/crochetts.com\/fr\/wp-json\/wp\/v2\/users\/1"}],"replies":[{"embeddable":true,"href":"https:\/\/crochetts.com\/fr\/wp-json\/wp\/v2\/comments?post=21959"}],"version-history":[{"count":2,"href":"https:\/\/crochetts.com\/fr\/wp-json\/wp\/v2\/pages\/21959\/revisions"}],"predecessor-version":[{"id":28757,"href":"https:\/\/crochetts.com\/fr\/wp-json\/wp\/v2\/pages\/21959\/revisions\/28757"}],"wp:attachment":[{"href":"https:\/\/crochetts.com\/fr\/wp-json\/wp\/v2\/media?parent=21959"}],"curies":[{"name":"wp","href":"https:\/\/api.w.org\/{rel}","templated":true}]}}