{"id":21935,"date":"2025-10-30T17:28:31","date_gmt":"2025-10-30T16:28:31","guid":{"rendered":"https:\/\/crochetts.com\/vente-aux-professionnels\/"},"modified":"2025-11-21T10:59:28","modified_gmt":"2025-11-21T09:59:28","slug":"vente-aux-professionnels","status":"publish","type":"page","link":"https:\/\/crochetts.com\/fr\/vente-aux-professionnels\/","title":{"rendered":"Vente aux professionnels"},"content":{"rendered":"\t\t<div data-elementor-type=\"wp-page\" data-elementor-id=\"21935\" class=\"elementor elementor-21935 elementor-38\" data-elementor-post-type=\"page\">\n\t\t\t\t\t\t<section class=\"elementor-section elementor-top-section elementor-element elementor-element-16178c6 elementor-section-boxed elementor-section-height-default elementor-section-height-default\" data-id=\"16178c6\" data-element_type=\"section\">\n\t\t\t\t\t\t<div class=\"elementor-container elementor-column-gap-default\">\n\t\t\t\t\t<div class=\"elementor-column elementor-col-100 elementor-top-column elementor-element elementor-element-821fb47\" data-id=\"821fb47\" data-element_type=\"column\">\n\t\t\t<div class=\"elementor-widget-wrap elementor-element-populated\">\n\t\t\t\t\t\t<div class=\"elementor-element elementor-element-3131284 elementor-widget elementor-widget-text-editor\" data-id=\"3131284\" data-element_type=\"widget\" data-widget_type=\"text-editor.default\">\n\t\t\t\t\t\t\t\t\t<h1>VOULEZ-VOUS \u00caTRE NOTRE DISTRIBUTEUR ?<\/h1>\t\t\t\t\t\t\t\t<\/div>\n\t\t\t\t<div class=\"elementor-element elementor-element-27ba8cb elementor-widget elementor-widget-text-editor\" data-id=\"27ba8cb\" data-element_type=\"widget\" data-widget_type=\"text-editor.default\">\n\t\t\t\t\t\t\t\t\t<p>+ Si vous avez un <strong>MAGASIN DE D\u00c9CORATION OU DES MEUBLES POUR ENFANTS<\/strong>: nos produits sont parfaits comme \u00e9l\u00e9ments d\u00e9coratifs \u00e0 combiner avec d&rsquo;autres meubles ou articles auxiliaires que vous avez dans votre magasin. De plus, si vous les placez bien en vue, ils d\u00e9coreront et cr\u00e9eront l&rsquo;atmosph\u00e8re de votre espace en lui donnant une touche visuelle unique et frappante, en particulier nos grands amigurumis, qui se distinguent par leur design et leur taille. <\/p><p>+ Si vous avez un <strong>MAGASIN DE JOUETS<\/strong>, nos poup\u00e9es au crochet peuvent vous d\u00e9marquer de la concurrence, car vous ne trouverez pas sur le march\u00e9 un produit similaire recouvert de tissu au crochet dans ces dimensions.<\/p><p>+ Si vous \u00eates un professionnel et que vous souhaitez que nos poup\u00e9es <strong>agr\u00e9mentent vos vitrines<\/strong> de v\u00eatements et accessoires pour enfants ou que vous <strong>\u00eates un PHOTOGRAPHE<\/strong> et que vous souhaitez les utiliser dans vos reportages photographiques, n&rsquo;h\u00e9sitez pas \u00e0 nous contacter pour que nous vous fournissions une liste de prix professionnels.<\/p>\t\t\t\t\t\t\t\t<\/div>\n\t\t\t\t<div class=\"elementor-element elementor-element-b423b39 elementor-widget elementor-widget-text-editor\" data-id=\"b423b39\" data-element_type=\"widget\" data-widget_type=\"text-editor.default\">\n\t\t\t\t\t\t\t\t\t<h2>VENTES PROFESSIONNELLES<\/h2>\t\t\t\t\t\t\t\t<\/div>\n\t\t\t\t<div class=\"elementor-element elementor-element-d4c18aa elementor-widget elementor-widget-text-editor\" data-id=\"d4c18aa\" data-element_type=\"widget\" data-widget_type=\"text-editor.default\">\n\t\t\t\t\t\t\t\t\t<p>Vous avez d\u00e9j\u00e0 un compte ? Connectez-vous ici <\/p>\t\t\t\t\t\t\t\t<\/div>\n\t\t\t\t<div class=\"elementor-element elementor-element-8b0642f elementor-align-center elementor-widget elementor-widget-button\" data-id=\"8b0642f\" data-element_type=\"widget\" data-widget_type=\"button.default\">\n\t\t\t\t\t\t\t\t\t\t<a class=\"elementor-button elementor-button-link elementor-size-sm\" href=\"https:\/\/crochetts.com\/mi-cuenta\/\">\n\t\t\t\t\t\t<span class=\"elementor-button-content-wrapper\">\n\t\t\t\t\t\t<span class=\"elementor-button-icon\">\n\t\t\t\t<i aria-hidden=\"true\" class=\"fas fa-key\"><\/i>\t\t\t<\/span>\n\t\t\t\t\t\t\t\t\t<span class=\"elementor-button-text\">Acc\u00e8s<\/span>\n\t\t\t\t\t<\/span>\n\t\t\t\t\t<\/a>\n\t\t\t\t\t\t\t\t<\/div>\n\t\t\t\t\t<\/div>\n\t\t<\/div>\n\t\t\t\t\t<\/div>\n\t\t<\/section>\n\t\t\t\t<section class=\"elementor-section elementor-top-section elementor-element elementor-element-dfb6d2e elementor-section-boxed elementor-section-height-default elementor-section-height-default\" data-id=\"dfb6d2e\" data-element_type=\"section\">\n\t\t\t\t\t\t<div class=\"elementor-container elementor-column-gap-default\">\n\t\t\t\t\t<div class=\"elementor-column elementor-col-100 elementor-top-column elementor-element elementor-element-038d03b\" data-id=\"038d03b\" data-element_type=\"column\">\n\t\t\t<div class=\"elementor-widget-wrap elementor-element-populated\">\n\t\t\t\t\t\t<div class=\"elementor-element elementor-element-a67ee09 elementor-widget elementor-widget-text-editor\" data-id=\"a67ee09\" data-element_type=\"widget\" data-widget_type=\"text-editor.default\">\n\t\t\t\t\t\t\t\t\t<p style=\"text-align: center\">[wpforms id=\u00a0\u00bb9490&Prime;]<\/p>\t\t\t\t\t\t\t\t<\/div>\n\t\t\t\t\t<\/div>\n\t\t<\/div>\n\t\t\t\t\t<\/div>\n\t\t<\/section>\n\t\t\t\t<\/div>\n\t\t","protected":false},"excerpt":{"rendered":"<p>VOULEZ-VOUS \u00caTRE NOTRE DISTRIBUTEUR ? + Si vous avez un MAGASIN DE D\u00c9CORATION OU DES MEUBLES POUR ENFANTS: nos produits sont parfaits comme \u00e9l\u00e9ments d\u00e9coratifs \u00e0 combiner avec d&rsquo;autres meubles ou articles auxiliaires que vous avez dans votre magasin. De plus, si vous les placez bien en vue, ils d\u00e9coreront et cr\u00e9eront l&rsquo;atmosph\u00e8re de votre &hellip; <\/p>\n<p class=\"link-more\"><a href=\"https:\/\/crochetts.com\/fr\/vente-aux-professionnels\/\" class=\"more-link\">Continuer la lecture <span class=\"screen-reader-text\"> \u00ab\u00a0Vente aux professionnels\u00a0\u00bb<\/span><\/a><\/p>\n","protected":false},"author":1,"featured_media":21940,"parent":0,"menu_order":3,"comment_status":"closed","ping_status":"closed","template":"elementor_header_footer","meta":{"_acf_changed":false,"_joinchat":[],"footnotes":""},"class_list":["post-21935","page","type-page","status-publish","has-post-thumbnail","hentry","entry"],"acf":[],"yoast_head":"<!-- This site is optimized with the Yoast SEO Premium plugin v26.1 (Yoast SEO v27.3) - https:\/\/yoast.com\/product\/yoast-seo-premium-wordpress\/ -->\n<title>Vente professionnelle de peluches amigurumi | Crochetts<\/title>\n<meta name=\"description\" content=\"Vente professionnelle de peluches amigurumi en gros pour les magasins. Inscrivez-vous en tant que distributeur et b\u00e9n\u00e9ficiez de tarifs pr\u00e9f\u00e9rentiels.\" \/>\n<meta name=\"robots\" content=\"index, follow, max-snippet:-1, max-image-preview:large, max-video-preview:-1\" \/>\n<link rel=\"canonical\" href=\"https:\/\/crochetts.com\/fr\/vente-aux-professionnels\/\" \/>\n<meta property=\"og:locale\" content=\"fr_FR\" \/>\n<meta property=\"og:type\" content=\"article\" \/>\n<meta property=\"og:title\" content=\"Vente aux professionnels\" \/>\n<meta property=\"og:description\" content=\"VOULEZ-VOUS \u00caTRE NOTRE DISTRIBUTEUR ?+ Si vous avez un MAGASIN DE D\u00c9CORATION OU DES MEUBLES POUR ENFANTS: nos produits sont parfaits comme \u00e9l\u00e9ments\" \/>\n<meta property=\"og:url\" content=\"https:\/\/crochetts.com\/fr\/vente-aux-professionnels\/\" \/>\n<meta property=\"og:site_name\" content=\"Crochetts\" \/>\n<meta property=\"article:publisher\" content=\"https:\/\/www.facebook.com\/Crochetts-101964178013493\" \/>\n<meta property=\"article:modified_time\" content=\"2025-11-21T09:59:28+00:00\" \/>\n<meta property=\"og:image\" content=\"https:\/\/crochetts.com\/wp-content\/uploads\/2020\/03\/Captura_2.PNG\" \/>\n\t<meta property=\"og:image:width\" content=\"134\" \/>\n\t<meta property=\"og:image:height\" content=\"35\" \/>\n\t<meta property=\"og:image:type\" content=\"image\/png\" \/>\n<meta name=\"twitter:card\" content=\"summary_large_image\" \/>\n<meta name=\"twitter:label1\" content=\"Dur\u00e9e de lecture estim\u00e9e\" \/>\n\t<meta name=\"twitter:data1\" content=\"1 minute\" \/>\n<script type=\"application\/ld+json\" class=\"yoast-schema-graph\">{\"@context\":\"https:\\\/\\\/schema.org\",\"@graph\":[{\"@type\":\"WebPage\",\"@id\":\"https:\\\/\\\/crochetts.com\\\/fr\\\/vente-aux-professionnels\\\/\",\"url\":\"https:\\\/\\\/crochetts.com\\\/fr\\\/vente-aux-professionnels\\\/\",\"name\":\"Vente professionnelle de peluches amigurumi | Crochetts\",\"isPartOf\":{\"@id\":\"https:\\\/\\\/crochetts.com\\\/fr\\\/#website\"},\"primaryImageOfPage\":{\"@id\":\"https:\\\/\\\/crochetts.com\\\/fr\\\/vente-aux-professionnels\\\/#primaryimage\"},\"image\":{\"@id\":\"https:\\\/\\\/crochetts.com\\\/fr\\\/vente-aux-professionnels\\\/#primaryimage\"},\"thumbnailUrl\":\"https:\\\/\\\/crochetts.com\\\/wp-content\\\/uploads\\\/2020\\\/03\\\/Captura_2.PNG\",\"datePublished\":\"2025-10-30T16:28:31+00:00\",\"dateModified\":\"2025-11-21T09:59:28+00:00\",\"description\":\"Vente professionnelle de peluches amigurumi en gros pour les magasins. Inscrivez-vous en tant que distributeur et b\u00e9n\u00e9ficiez de tarifs pr\u00e9f\u00e9rentiels.\",\"breadcrumb\":{\"@id\":\"https:\\\/\\\/crochetts.com\\\/fr\\\/vente-aux-professionnels\\\/#breadcrumb\"},\"inLanguage\":\"fr-FR\",\"potentialAction\":[{\"@type\":\"ReadAction\",\"target\":[\"https:\\\/\\\/crochetts.com\\\/fr\\\/vente-aux-professionnels\\\/\"]}]},{\"@type\":\"ImageObject\",\"inLanguage\":\"fr-FR\",\"@id\":\"https:\\\/\\\/crochetts.com\\\/fr\\\/vente-aux-professionnels\\\/#primaryimage\",\"url\":\"https:\\\/\\\/crochetts.com\\\/wp-content\\\/uploads\\\/2020\\\/03\\\/Captura_2.PNG\",\"contentUrl\":\"https:\\\/\\\/crochetts.com\\\/wp-content\\\/uploads\\\/2020\\\/03\\\/Captura_2.PNG\",\"width\":134,\"height\":35},{\"@type\":\"BreadcrumbList\",\"@id\":\"https:\\\/\\\/crochetts.com\\\/fr\\\/vente-aux-professionnels\\\/#breadcrumb\",\"itemListElement\":[{\"@type\":\"ListItem\",\"position\":1,\"name\":\"Portada\",\"item\":\"https:\\\/\\\/crochetts.com\\\/fr\\\/accueil\\\/\"},{\"@type\":\"ListItem\",\"position\":2,\"name\":\"Vente aux professionnels\"}]},{\"@type\":\"WebSite\",\"@id\":\"https:\\\/\\\/crochetts.com\\\/fr\\\/#website\",\"url\":\"https:\\\/\\\/crochetts.com\\\/fr\\\/\",\"name\":\"Crochetts\",\"description\":\"ANIMALES DE CROCHET PARA JUGAR,DECORAR Y SO\u00d1AR\",\"publisher\":{\"@id\":\"https:\\\/\\\/crochetts.com\\\/fr\\\/#organization\"},\"potentialAction\":[{\"@type\":\"SearchAction\",\"target\":{\"@type\":\"EntryPoint\",\"urlTemplate\":\"https:\\\/\\\/crochetts.com\\\/fr\\\/?s={search_term_string}\"},\"query-input\":{\"@type\":\"PropertyValueSpecification\",\"valueRequired\":true,\"valueName\":\"search_term_string\"}}],\"inLanguage\":\"fr-FR\"},{\"@type\":\"Organization\",\"@id\":\"https:\\\/\\\/crochetts.com\\\/fr\\\/#organization\",\"name\":\"Crochets\",\"url\":\"https:\\\/\\\/crochetts.com\\\/fr\\\/\",\"logo\":{\"@type\":\"ImageObject\",\"inLanguage\":\"fr-FR\",\"@id\":\"https:\\\/\\\/crochetts.com\\\/fr\\\/#\\\/schema\\\/logo\\\/image\\\/\",\"url\":\"https:\\\/\\\/i2.wp.com\\\/crochetts.com\\\/wp-content\\\/uploads\\\/2021\\\/01\\\/Logo-Crochetts.jpg?fit=300%2C137&ssl=1\",\"contentUrl\":\"https:\\\/\\\/i2.wp.com\\\/crochetts.com\\\/wp-content\\\/uploads\\\/2021\\\/01\\\/Logo-Crochetts.jpg?fit=300%2C137&ssl=1\",\"width\":300,\"height\":137,\"caption\":\"Crochets\"},\"image\":{\"@id\":\"https:\\\/\\\/crochetts.com\\\/fr\\\/#\\\/schema\\\/logo\\\/image\\\/\"},\"sameAs\":[\"https:\\\/\\\/www.facebook.com\\\/Crochetts-101964178013493\",\"https:\\\/\\\/www.instagram.com\\\/crochetts_\\\/\"]}]}<\/script>\n<!-- \/ Yoast SEO Premium plugin. -->","yoast_head_json":{"title":"Vente professionnelle de peluches amigurumi | Crochetts","description":"Vente professionnelle de peluches amigurumi en gros pour les magasins. Inscrivez-vous en tant que distributeur et b\u00e9n\u00e9ficiez de tarifs pr\u00e9f\u00e9rentiels.","robots":{"index":"index","follow":"follow","max-snippet":"max-snippet:-1","max-image-preview":"max-image-preview:large","max-video-preview":"max-video-preview:-1"},"canonical":"https:\/\/crochetts.com\/fr\/vente-aux-professionnels\/","og_locale":"fr_FR","og_type":"article","og_title":"Vente aux professionnels","og_description":"VOULEZ-VOUS \u00caTRE NOTRE DISTRIBUTEUR ?+ Si vous avez un MAGASIN DE D\u00c9CORATION OU DES MEUBLES POUR ENFANTS: nos produits sont parfaits comme \u00e9l\u00e9ments","og_url":"https:\/\/crochetts.com\/fr\/vente-aux-professionnels\/","og_site_name":"Crochetts","article_publisher":"https:\/\/www.facebook.com\/Crochetts-101964178013493","article_modified_time":"2025-11-21T09:59:28+00:00","og_image":[{"width":134,"height":35,"url":"https:\/\/crochetts.com\/wp-content\/uploads\/2020\/03\/Captura_2.PNG","type":"image\/png"}],"twitter_card":"summary_large_image","twitter_misc":{"Dur\u00e9e de lecture estim\u00e9e":"1 minute"},"schema":{"@context":"https:\/\/schema.org","@graph":[{"@type":"WebPage","@id":"https:\/\/crochetts.com\/fr\/vente-aux-professionnels\/","url":"https:\/\/crochetts.com\/fr\/vente-aux-professionnels\/","name":"Vente professionnelle de peluches amigurumi | Crochetts","isPartOf":{"@id":"https:\/\/crochetts.com\/fr\/#website"},"primaryImageOfPage":{"@id":"https:\/\/crochetts.com\/fr\/vente-aux-professionnels\/#primaryimage"},"image":{"@id":"https:\/\/crochetts.com\/fr\/vente-aux-professionnels\/#primaryimage"},"thumbnailUrl":"https:\/\/crochetts.com\/wp-content\/uploads\/2020\/03\/Captura_2.PNG","datePublished":"2025-10-30T16:28:31+00:00","dateModified":"2025-11-21T09:59:28+00:00","description":"Vente professionnelle de peluches amigurumi en gros pour les magasins. Inscrivez-vous en tant que distributeur et b\u00e9n\u00e9ficiez de tarifs pr\u00e9f\u00e9rentiels.","breadcrumb":{"@id":"https:\/\/crochetts.com\/fr\/vente-aux-professionnels\/#breadcrumb"},"inLanguage":"fr-FR","potentialAction":[{"@type":"ReadAction","target":["https:\/\/crochetts.com\/fr\/vente-aux-professionnels\/"]}]},{"@type":"ImageObject","inLanguage":"fr-FR","@id":"https:\/\/crochetts.com\/fr\/vente-aux-professionnels\/#primaryimage","url":"https:\/\/crochetts.com\/wp-content\/uploads\/2020\/03\/Captura_2.PNG","contentUrl":"https:\/\/crochetts.com\/wp-content\/uploads\/2020\/03\/Captura_2.PNG","width":134,"height":35},{"@type":"BreadcrumbList","@id":"https:\/\/crochetts.com\/fr\/vente-aux-professionnels\/#breadcrumb","itemListElement":[{"@type":"ListItem","position":1,"name":"Portada","item":"https:\/\/crochetts.com\/fr\/accueil\/"},{"@type":"ListItem","position":2,"name":"Vente aux professionnels"}]},{"@type":"WebSite","@id":"https:\/\/crochetts.com\/fr\/#website","url":"https:\/\/crochetts.com\/fr\/","name":"Crochetts","description":"ANIMALES DE CROCHET PARA JUGAR,DECORAR Y SO\u00d1AR","publisher":{"@id":"https:\/\/crochetts.com\/fr\/#organization"},"potentialAction":[{"@type":"SearchAction","target":{"@type":"EntryPoint","urlTemplate":"https:\/\/crochetts.com\/fr\/?s={search_term_string}"},"query-input":{"@type":"PropertyValueSpecification","valueRequired":true,"valueName":"search_term_string"}}],"inLanguage":"fr-FR"},{"@type":"Organization","@id":"https:\/\/crochetts.com\/fr\/#organization","name":"Crochets","url":"https:\/\/crochetts.com\/fr\/","logo":{"@type":"ImageObject","inLanguage":"fr-FR","@id":"https:\/\/crochetts.com\/fr\/#\/schema\/logo\/image\/","url":"https:\/\/i2.wp.com\/crochetts.com\/wp-content\/uploads\/2021\/01\/Logo-Crochetts.jpg?fit=300%2C137&ssl=1","contentUrl":"https:\/\/i2.wp.com\/crochetts.com\/wp-content\/uploads\/2021\/01\/Logo-Crochetts.jpg?fit=300%2C137&ssl=1","width":300,"height":137,"caption":"Crochets"},"image":{"@id":"https:\/\/crochetts.com\/fr\/#\/schema\/logo\/image\/"},"sameAs":["https:\/\/www.facebook.com\/Crochetts-101964178013493","https:\/\/www.instagram.com\/crochetts_\/"]}]}},"_links":{"self":[{"href":"https:\/\/crochetts.com\/fr\/wp-json\/wp\/v2\/pages\/21935","targetHints":{"allow":["GET"]}}],"collection":[{"href":"https:\/\/crochetts.com\/fr\/wp-json\/wp\/v2\/pages"}],"about":[{"href":"https:\/\/crochetts.com\/fr\/wp-json\/wp\/v2\/types\/page"}],"author":[{"embeddable":true,"href":"https:\/\/crochetts.com\/fr\/wp-json\/wp\/v2\/users\/1"}],"replies":[{"embeddable":true,"href":"https:\/\/crochetts.com\/fr\/wp-json\/wp\/v2\/comments?post=21935"}],"version-history":[{"count":1,"href":"https:\/\/crochetts.com\/fr\/wp-json\/wp\/v2\/pages\/21935\/revisions"}],"predecessor-version":[{"id":21943,"href":"https:\/\/crochetts.com\/fr\/wp-json\/wp\/v2\/pages\/21935\/revisions\/21943"}],"wp:featuredmedia":[{"embeddable":true,"href":"https:\/\/crochetts.com\/fr\/wp-json\/wp\/v2\/media\/21940"}],"wp:attachment":[{"href":"https:\/\/crochetts.com\/fr\/wp-json\/wp\/v2\/media?parent=21935"}],"curies":[{"name":"wp","href":"https:\/\/api.w.org\/{rel}","templated":true}]}}