{"id":28969,"date":"2026-01-09T14:14:33","date_gmt":"2026-01-09T12:14:33","guid":{"rendered":"https:\/\/crochetts.com\/tienda\/beigefarbener-teddybaer-doudou\/"},"modified":"2026-01-15T14:53:01","modified_gmt":"2026-01-15T12:53:01","slug":"beigefarbener-teddybaer-doudou","status":"publish","type":"product","link":"https:\/\/crochetts.com\/de\/tienda\/beigefarbener-teddybaer-doudou\/","title":{"rendered":"BEIGEFARBENER TEDDYB\u00c4R DOUDOU"},"content":{"rendered":"<p style=\"text-align: justify;\">Alle unsere <strong>Doudous und Baby-Pl\u00fcschtiere <\/strong>sind f\u00fcr die <strong>j\u00fcngsten<\/strong> Familienmitglieder gedacht.<\/p>\n<p style=\"text-align: justify;\">Sie sind ein <strong>wesentliches<\/strong> Element, um die <strong>Interaktion des Babys<\/strong> zu f\u00f6rdern, w\u00e4hrend es verschiedene <strong>Texturen<\/strong> erkundet und die <strong>Entwicklung der Sinne<\/strong> und <strong>motorischen F\u00e4higkeiten<\/strong> unterst\u00fctzt. Sie sind auch ein gro\u00dfartiger Verb\u00fcndeter in Momenten der <strong>Entspannung<\/strong>, da sie <strong>Ruhe und Sicherheit<\/strong> vermitteln. <\/p>\n<p style=\"text-align: justify;\">Unsere <strong>Babyprodukte<\/strong> sind liebevoll gestaltet, aus <strong>hochwertigen Materialien<\/strong> hergestellt, <strong>unglaublich weich<\/strong> und mit einer <strong>angenehmen Textur<\/strong>, die <strong>Babys zarte Haut<\/strong> respektiert - der <strong>ideale Begleiter<\/strong> f\u00fcr Ihr <strong>Baby<\/strong>! <\/p>\n","protected":false},"excerpt":{"rendered":"<p style=\"text-align: justify;\">Dieses <strong>bezaubernde Doudou<\/strong> besteht aus einer Kombination aus <strong>weichem Baumwollstoff<\/strong> mit <strong>Vichy-Print<\/strong> und einer <strong>flauschigen<\/strong>, <strong>warmen und kuscheligen<\/strong> <strong>Fleeceunterlage<\/strong>. Alle <strong>Materialien<\/strong> sind <strong>weich, langlebig<\/strong> und <strong>f\u00fcr den t\u00e4glichen Gebrauch geeignet<\/strong>. <\/p>\n<p style=\"text-align: justify;\">Dieser <strong>kuschelige Teddyb\u00e4r<\/strong> mit seinen <strong>einfachen<\/strong>, <strong>ausdrucksstarken<\/strong> <strong>Linien<\/strong> besticht durch seinen <strong>minimalistischen<\/strong> und <strong>zarten<\/strong> <strong>Stil<\/strong>. Seine <strong>beige Farbe<\/strong> sorgt f\u00fcr <strong>Gelassenheit<\/strong> und kombiniert sich perfekt mit der <strong>flauschigen Textur<\/strong> der R\u00fcckseite. Die Mischung aus <strong>Stoff und Schaffell<\/strong> schafft ein <strong>attraktives und sinnliches Design<\/strong>, das zum <strong>Anfassen<\/strong> einl\u00e4dt, ideal f\u00fcr <strong>Babys und Kinder<\/strong>, die sich nach <strong>Weichheit und W\u00e4rme<\/strong> sehnen.  <\/p>\n<p style=\"text-align: justify;\">Es eignet sich perfekt als <strong>Beistellspielzeug<\/strong> und begleitet <strong>Ihr Baby<\/strong> bei seinen Routinen: <strong>Schlafen, Entspannen, Spielen oder Reisen<\/strong>. Sein <strong>leichtes und flaches Format<\/strong> macht es f\u00fcr das Kind einfach, <strong>ihn zu umarmen, zu manipulieren und<\/strong> bequem <strong>herumzutragen<\/strong>. <\/p>\n<p style=\"text-align: justify;\">Es ist ein <strong>tr\u00f6stlicher Begleiter<\/strong>, der <strong>emotionale Sicherheit<\/strong> bietet und in den <strong>ersten Lebensmonaten und -jahren<\/strong> ein <strong>Muss ist<\/strong>.<\/p>\n<p>Auch in anderen Farben erh\u00e4ltlich.<\/p>\n","protected":false},"featured_media":28974,"template":"","meta":{"_acf_changed":false,"_joinchat":[]},"product_brand":[],"product_cat":[6595,6683],"product_tag":[6710,7848,6217,6712,6708,6711,7876,7877,6709,7864,7850,7845,7863,7878,6202],"class_list":{"0":"post-28969","1":"product","2":"type-product","3":"status-publish","4":"has-post-thumbnail","6":"product_cat-baby","7":"product_cat-baby-2","8":"product_tag-100-naturliche-baumwolle","9":"product_tag-ansteckspielzeug","10":"product_tag-baby-teddybar","11":"product_tag-baumwolle-baby-teddybar","12":"product_tag-doudou","13":"product_tag-entwicklung-des-babys","14":"product_tag-erster-doudou","15":"product_tag-extra-weicher-doudou","16":"product_tag-hypoallergenes-baumwoll-doodou","17":"product_tag-klassischer-teddybar-3","18":"product_tag-teddy-bandito","19":"product_tag-teddybar","20":"product_tag-teddybar-fur-baby","21":"product_tag-weicher-doudou","22":"product_tag-weicher-teddybar","23":"entry","25":"first","26":"instock","27":"purchasable","28":"product-type-simple"},"acf":[],"yoast_head":"<!-- This site is optimized with the Yoast SEO Premium plugin v26.1 (Yoast SEO v27.3) - https:\/\/yoast.com\/product\/yoast-seo-premium-wordpress\/ -->\n<title>BEIGEFARBENER TEDDYB\u00c4R DOUDOU - Crochetts<\/title>\n<meta name=\"description\" content=\"Entdecken Sie den kuscheligen H\u00e4kelteddyb\u00e4r doudou, hypoallergen und sehr weich im Griff. Das erste Kuscheltier f\u00fcr Ihr Kind. Ideal als Geschenk oder zum Dekorieren.\" \/>\n<meta name=\"robots\" content=\"index, follow, max-snippet:-1, max-image-preview:large, max-video-preview:-1\" \/>\n<link rel=\"canonical\" href=\"https:\/\/crochetts.com\/de\/tienda\/beigefarbener-teddybaer-doudou\/\" \/>\n<meta property=\"og:locale\" content=\"de_DE\" \/>\n<meta property=\"og:type\" content=\"article\" \/>\n<meta property=\"og:title\" content=\"BEIGEFARBENER TEDDYB\u00c4R DOUDOU\" \/>\n<meta property=\"og:description\" content=\"Dieses bezaubernde Doudou besteht aus einer Kombination aus weichem Baumwollstoff mit Vichy-Print und einer flauschigen, warmen und kuscheligen Fleeceunterlage. Alle Materialien sind weich, langlebig und f\u00fcr den t\u00e4glichen Gebrauch geeignet. Dieser kuschelige Teddyb\u00e4r mit seinen einfachen, ausdrucksstarken Linien besticht durch seinen minimalistischen und zarten Stil. Seine beige Farbe sorgt f\u00fcr Gelassenheit und kombiniert sich perfekt mit der flauschigen Textur der R\u00fcckseite. Die Mischung aus Stoff und Schaffell schafft ein attraktives und sinnliches Design, das zum Anfassen einl\u00e4dt, ideal f\u00fcr Babys und Kinder, die sich nach Weichheit und W\u00e4rme sehnen.  Es eignet sich perfekt als Beistellspielzeug und begleitet Ihr Baby bei seinen Routinen: Schlafen, Entspannen, Spielen oder Reisen. Sein leichtes und flaches Format macht es f\u00fcr das Kind einfach, ihn zu umarmen, zu manipulieren und bequem herumzutragen. Es ist ein tr\u00f6stlicher Begleiter, der emotionale Sicherheit bietet und in den ersten Lebensmonaten und -jahren ein Muss ist. Auch in anderen Farben erh\u00e4ltlich.\" \/>\n<meta property=\"og:url\" content=\"https:\/\/crochetts.com\/de\/tienda\/beigefarbener-teddybaer-doudou\/\" \/>\n<meta property=\"og:site_name\" content=\"Crochetts\" \/>\n<meta property=\"article:publisher\" content=\"https:\/\/www.facebook.com\/Crochetts-101964178013493\" \/>\n<meta property=\"article:modified_time\" content=\"2026-01-15T12:53:01+00:00\" \/>\n<meta property=\"og:image\" content=\"https:\/\/crochetts.com\/wp-content\/uploads\/2026\/01\/4031_D-1.jpg\" \/>\n\t<meta property=\"og:image:width\" content=\"800\" \/>\n\t<meta property=\"og:image:height\" content=\"1202\" \/>\n\t<meta property=\"og:image:type\" content=\"image\/jpeg\" \/>\n<meta name=\"twitter:card\" content=\"summary_large_image\" \/>\n<meta name=\"twitter:label1\" content=\"Preis\" \/>\n\t<meta name=\"twitter:data1\" content=\"45,00&nbsp;&euro;\" \/>\n\t<meta name=\"twitter:label2\" content=\"Verf\u00fcgbarkeit\" \/>\n\t<meta name=\"twitter:data2\" content=\"Auf Lager\" \/>\n<script type=\"application\/ld+json\" class=\"yoast-schema-graph\">{\"@context\":\"https:\\\/\\\/schema.org\",\"@graph\":[{\"@type\":\"WebPage\",\"@id\":\"https:\\\/\\\/crochetts.com\\\/de\\\/tienda\\\/beigefarbener-teddybaer-doudou\\\/\",\"url\":\"https:\\\/\\\/crochetts.com\\\/de\\\/tienda\\\/beigefarbener-teddybaer-doudou\\\/\",\"name\":\"BEIGEFARBENER TEDDYB\u00c4R DOUDOU - Crochetts\",\"isPartOf\":{\"@id\":\"https:\\\/\\\/crochetts.com\\\/de\\\/#website\"},\"primaryImageOfPage\":{\"@id\":\"https:\\\/\\\/crochetts.com\\\/de\\\/tienda\\\/beigefarbener-teddybaer-doudou\\\/#primaryimage\"},\"image\":{\"@id\":\"https:\\\/\\\/crochetts.com\\\/de\\\/tienda\\\/beigefarbener-teddybaer-doudou\\\/#primaryimage\"},\"thumbnailUrl\":\"https:\\\/\\\/crochetts.com\\\/wp-content\\\/uploads\\\/2026\\\/01\\\/4031_D-1.jpg\",\"datePublished\":\"2026-01-09T12:14:33+00:00\",\"dateModified\":\"2026-01-15T12:53:01+00:00\",\"description\":\"Entdecken Sie den kuscheligen H\u00e4kelteddyb\u00e4r doudou, hypoallergen und sehr weich im Griff. Das erste Kuscheltier f\u00fcr Ihr Kind. Ideal als Geschenk oder zum Dekorieren.\",\"breadcrumb\":{\"@id\":\"https:\\\/\\\/crochetts.com\\\/de\\\/tienda\\\/beigefarbener-teddybaer-doudou\\\/#breadcrumb\"},\"inLanguage\":\"de\",\"potentialAction\":[{\"@type\":\"ReadAction\",\"target\":[\"https:\\\/\\\/crochetts.com\\\/de\\\/tienda\\\/beigefarbener-teddybaer-doudou\\\/\"]}]},{\"@type\":\"ImageObject\",\"inLanguage\":\"de\",\"@id\":\"https:\\\/\\\/crochetts.com\\\/de\\\/tienda\\\/beigefarbener-teddybaer-doudou\\\/#primaryimage\",\"url\":\"https:\\\/\\\/crochetts.com\\\/wp-content\\\/uploads\\\/2026\\\/01\\\/4031_D-1.jpg\",\"contentUrl\":\"https:\\\/\\\/crochetts.com\\\/wp-content\\\/uploads\\\/2026\\\/01\\\/4031_D-1.jpg\",\"width\":800,\"height\":1202,\"caption\":\"weicher Teddyb\u00e4r doudou\"},{\"@type\":\"BreadcrumbList\",\"@id\":\"https:\\\/\\\/crochetts.com\\\/de\\\/tienda\\\/beigefarbener-teddybaer-doudou\\\/#breadcrumb\",\"itemListElement\":[{\"@type\":\"ListItem\",\"position\":1,\"name\":\"Portada\",\"item\":\"https:\\\/\\\/crochetts.com\\\/de\\\/startseite\\\/\"},{\"@type\":\"ListItem\",\"position\":2,\"name\":\"Shop\",\"item\":\"https:\\\/\\\/crochetts.com\\\/de\\\/shop\\\/\"},{\"@type\":\"ListItem\",\"position\":3,\"name\":\"BEIGEFARBENER TEDDYB\u00c4R DOUDOU\"}]},{\"@type\":\"WebSite\",\"@id\":\"https:\\\/\\\/crochetts.com\\\/de\\\/#website\",\"url\":\"https:\\\/\\\/crochetts.com\\\/de\\\/\",\"name\":\"Crochetts\",\"description\":\"ANIMALES DE CROCHET PARA JUGAR,DECORAR Y SO\u00d1AR\",\"publisher\":{\"@id\":\"https:\\\/\\\/crochetts.com\\\/de\\\/#organization\"},\"potentialAction\":[{\"@type\":\"SearchAction\",\"target\":{\"@type\":\"EntryPoint\",\"urlTemplate\":\"https:\\\/\\\/crochetts.com\\\/de\\\/?s={search_term_string}\"},\"query-input\":{\"@type\":\"PropertyValueSpecification\",\"valueRequired\":true,\"valueName\":\"search_term_string\"}}],\"inLanguage\":\"de\"},{\"@type\":\"Organization\",\"@id\":\"https:\\\/\\\/crochetts.com\\\/de\\\/#organization\",\"name\":\"H\u00e4keln\",\"url\":\"https:\\\/\\\/crochetts.com\\\/de\\\/\",\"logo\":{\"@type\":\"ImageObject\",\"inLanguage\":\"de\",\"@id\":\"https:\\\/\\\/crochetts.com\\\/de\\\/#\\\/schema\\\/logo\\\/image\\\/\",\"url\":\"https:\\\/\\\/i2.wp.com\\\/crochetts.com\\\/wp-content\\\/uploads\\\/2021\\\/01\\\/Logo-Crochetts.jpg?fit=300%2C137&ssl=1\",\"contentUrl\":\"https:\\\/\\\/i2.wp.com\\\/crochetts.com\\\/wp-content\\\/uploads\\\/2021\\\/01\\\/Logo-Crochetts.jpg?fit=300%2C137&ssl=1\",\"width\":300,\"height\":137,\"caption\":\"H\u00e4keln\"},\"image\":{\"@id\":\"https:\\\/\\\/crochetts.com\\\/de\\\/#\\\/schema\\\/logo\\\/image\\\/\"},\"sameAs\":[\"https:\\\/\\\/www.facebook.com\\\/Crochetts-101964178013493\",\"https:\\\/\\\/www.instagram.com\\\/crochetts_\\\/\"]}]}<\/script>\n<meta property=\"product:price:amount\" content=\"45.00\" \/>\n<meta property=\"product:price:currency\" content=\"EUR\" \/>\n<meta property=\"og:availability\" content=\"instock\" \/>\n<meta property=\"product:availability\" content=\"instock\" \/>\n<meta property=\"product:retailer_item_id\" content=\"4031_D\" \/>\n<meta property=\"product:condition\" content=\"new\" \/>\n<!-- \/ Yoast SEO Premium plugin. -->","yoast_head_json":{"title":"BEIGEFARBENER TEDDYB\u00c4R DOUDOU - Crochetts","description":"Entdecken Sie den kuscheligen H\u00e4kelteddyb\u00e4r doudou, hypoallergen und sehr weich im Griff. Das erste Kuscheltier f\u00fcr Ihr Kind. Ideal als Geschenk oder zum Dekorieren.","robots":{"index":"index","follow":"follow","max-snippet":"max-snippet:-1","max-image-preview":"max-image-preview:large","max-video-preview":"max-video-preview:-1"},"canonical":"https:\/\/crochetts.com\/de\/tienda\/beigefarbener-teddybaer-doudou\/","og_locale":"de_DE","og_type":"article","og_title":"BEIGEFARBENER TEDDYB\u00c4R DOUDOU","og_description":"Dieses bezaubernde Doudou besteht aus einer Kombination aus weichem Baumwollstoff mit Vichy-Print und einer flauschigen, warmen und kuscheligen Fleeceunterlage. Alle Materialien sind weich, langlebig und f\u00fcr den t\u00e4glichen Gebrauch geeignet. Dieser kuschelige Teddyb\u00e4r mit seinen einfachen, ausdrucksstarken Linien besticht durch seinen minimalistischen und zarten Stil. Seine beige Farbe sorgt f\u00fcr Gelassenheit und kombiniert sich perfekt mit der flauschigen Textur der R\u00fcckseite. Die Mischung aus Stoff und Schaffell schafft ein attraktives und sinnliches Design, das zum Anfassen einl\u00e4dt, ideal f\u00fcr Babys und Kinder, die sich nach Weichheit und W\u00e4rme sehnen.  Es eignet sich perfekt als Beistellspielzeug und begleitet Ihr Baby bei seinen Routinen: Schlafen, Entspannen, Spielen oder Reisen. Sein leichtes und flaches Format macht es f\u00fcr das Kind einfach, ihn zu umarmen, zu manipulieren und bequem herumzutragen. Es ist ein tr\u00f6stlicher Begleiter, der emotionale Sicherheit bietet und in den ersten Lebensmonaten und -jahren ein Muss ist. Auch in anderen Farben erh\u00e4ltlich.","og_url":"https:\/\/crochetts.com\/de\/tienda\/beigefarbener-teddybaer-doudou\/","og_site_name":"Crochetts","article_publisher":"https:\/\/www.facebook.com\/Crochetts-101964178013493","article_modified_time":"2026-01-15T12:53:01+00:00","og_image":[{"width":800,"height":1202,"url":"https:\/\/crochetts.com\/wp-content\/uploads\/2026\/01\/4031_D-1.jpg","type":"image\/jpeg"}],"twitter_card":"summary_large_image","twitter_misc":{"Preis":"45,00&nbsp;&euro;","Verf\u00fcgbarkeit":"Auf Lager"},"schema":{"@context":"https:\/\/schema.org","@graph":[{"@type":"WebPage","@id":"https:\/\/crochetts.com\/de\/tienda\/beigefarbener-teddybaer-doudou\/","url":"https:\/\/crochetts.com\/de\/tienda\/beigefarbener-teddybaer-doudou\/","name":"BEIGEFARBENER TEDDYB\u00c4R DOUDOU - Crochetts","isPartOf":{"@id":"https:\/\/crochetts.com\/de\/#website"},"primaryImageOfPage":{"@id":"https:\/\/crochetts.com\/de\/tienda\/beigefarbener-teddybaer-doudou\/#primaryimage"},"image":{"@id":"https:\/\/crochetts.com\/de\/tienda\/beigefarbener-teddybaer-doudou\/#primaryimage"},"thumbnailUrl":"https:\/\/crochetts.com\/wp-content\/uploads\/2026\/01\/4031_D-1.jpg","datePublished":"2026-01-09T12:14:33+00:00","dateModified":"2026-01-15T12:53:01+00:00","description":"Entdecken Sie den kuscheligen H\u00e4kelteddyb\u00e4r doudou, hypoallergen und sehr weich im Griff. Das erste Kuscheltier f\u00fcr Ihr Kind. Ideal als Geschenk oder zum Dekorieren.","breadcrumb":{"@id":"https:\/\/crochetts.com\/de\/tienda\/beigefarbener-teddybaer-doudou\/#breadcrumb"},"inLanguage":"de","potentialAction":[{"@type":"ReadAction","target":["https:\/\/crochetts.com\/de\/tienda\/beigefarbener-teddybaer-doudou\/"]}]},{"@type":"ImageObject","inLanguage":"de","@id":"https:\/\/crochetts.com\/de\/tienda\/beigefarbener-teddybaer-doudou\/#primaryimage","url":"https:\/\/crochetts.com\/wp-content\/uploads\/2026\/01\/4031_D-1.jpg","contentUrl":"https:\/\/crochetts.com\/wp-content\/uploads\/2026\/01\/4031_D-1.jpg","width":800,"height":1202,"caption":"weicher Teddyb\u00e4r doudou"},{"@type":"BreadcrumbList","@id":"https:\/\/crochetts.com\/de\/tienda\/beigefarbener-teddybaer-doudou\/#breadcrumb","itemListElement":[{"@type":"ListItem","position":1,"name":"Portada","item":"https:\/\/crochetts.com\/de\/startseite\/"},{"@type":"ListItem","position":2,"name":"Shop","item":"https:\/\/crochetts.com\/de\/shop\/"},{"@type":"ListItem","position":3,"name":"BEIGEFARBENER TEDDYB\u00c4R DOUDOU"}]},{"@type":"WebSite","@id":"https:\/\/crochetts.com\/de\/#website","url":"https:\/\/crochetts.com\/de\/","name":"Crochetts","description":"ANIMALES DE CROCHET PARA JUGAR,DECORAR Y SO\u00d1AR","publisher":{"@id":"https:\/\/crochetts.com\/de\/#organization"},"potentialAction":[{"@type":"SearchAction","target":{"@type":"EntryPoint","urlTemplate":"https:\/\/crochetts.com\/de\/?s={search_term_string}"},"query-input":{"@type":"PropertyValueSpecification","valueRequired":true,"valueName":"search_term_string"}}],"inLanguage":"de"},{"@type":"Organization","@id":"https:\/\/crochetts.com\/de\/#organization","name":"H\u00e4keln","url":"https:\/\/crochetts.com\/de\/","logo":{"@type":"ImageObject","inLanguage":"de","@id":"https:\/\/crochetts.com\/de\/#\/schema\/logo\/image\/","url":"https:\/\/i2.wp.com\/crochetts.com\/wp-content\/uploads\/2021\/01\/Logo-Crochetts.jpg?fit=300%2C137&ssl=1","contentUrl":"https:\/\/i2.wp.com\/crochetts.com\/wp-content\/uploads\/2021\/01\/Logo-Crochetts.jpg?fit=300%2C137&ssl=1","width":300,"height":137,"caption":"H\u00e4keln"},"image":{"@id":"https:\/\/crochetts.com\/de\/#\/schema\/logo\/image\/"},"sameAs":["https:\/\/www.facebook.com\/Crochetts-101964178013493","https:\/\/www.instagram.com\/crochetts_\/"]}]},"product_price_amount":"45.00","product_price_currency":"EUR","og_availability":"instock","product_availability":"instock","product_retailer_item_id":"4031_D","product_condition":"new"},"_links":{"self":[{"href":"https:\/\/crochetts.com\/de\/wp-json\/wp\/v2\/product\/28969","targetHints":{"allow":["GET"]}}],"collection":[{"href":"https:\/\/crochetts.com\/de\/wp-json\/wp\/v2\/product"}],"about":[{"href":"https:\/\/crochetts.com\/de\/wp-json\/wp\/v2\/types\/product"}],"wp:featuredmedia":[{"embeddable":true,"href":"https:\/\/crochetts.com\/de\/wp-json\/wp\/v2\/media\/28974"}],"wp:attachment":[{"href":"https:\/\/crochetts.com\/de\/wp-json\/wp\/v2\/media?parent=28969"}],"wp:term":[{"taxonomy":"product_brand","embeddable":true,"href":"https:\/\/crochetts.com\/de\/wp-json\/wp\/v2\/product_brand?post=28969"},{"taxonomy":"product_cat","embeddable":true,"href":"https:\/\/crochetts.com\/de\/wp-json\/wp\/v2\/product_cat?post=28969"},{"taxonomy":"product_tag","embeddable":true,"href":"https:\/\/crochetts.com\/de\/wp-json\/wp\/v2\/product_tag?post=28969"}],"curies":[{"name":"wp","href":"https:\/\/api.w.org\/{rel}","templated":true}]}}